{"id":33884,"date":"2020-11-20T18:29:46","date_gmt":"2020-11-20T16:29:46","guid":{"rendered":"https:\/\/www.ledizioni.it\/?post_type=product&#038;p=33884"},"modified":"2021-05-14T13:39:15","modified_gmt":"2021-05-14T11:39:15","slug":"rappresentare-la-complessita-delle-politiche-pubbliche","status":"publish","type":"product","link":"https:\/\/www.ledizioni.it\/en\/product\/rappresentare-la-complessita-delle-politiche-pubbliche\/","title":{"rendered":"RAPPRESENTARE LA COMPLESSIT\u00c0 DELLE POLITICHE PUBBLICHE CON LA SIMULAZIONE AD AGENTI"},"content":{"rendered":"<p style=\"text-align: justify;\">Le politiche pubbliche sono processi caratterizzati da un elevato livello di complessit\u00e0 lungo tutto il loro ciclo di vita e la comprensione di questa complessit\u00e0 \u00e8 una sfida posta agli strumenti di costruzione di conoscenza finalizzata al supporto dell\u2019azione della pubblica amministrazione. Da una parte, i pur consolidati metodi quantitativi e qualitativi non sembrano capaci di rappresentarla adeguatamente. Dall\u2019altra, lo scarso dialogo tra la robusta tradizione della policy analysis e gli studiosi complexity-oriented che insistono sul tema non facilita senz\u2019altro la composizione di un quadro concettuale in grado di considerare tutte le implicazioni che da questa complessit\u00e0 derivano in termini di implementazione e di impatto degli interventi. In un mondo in cui l\u2019inter-connessione tra individui, organizzazioni e processi diventa la cifra distintiva di tutti i fenomeni sociali diventa per\u00f2 sempre pi\u00f9 urgente impegnarsi nell\u2019individuazione di strumenti concreti di dialogo tra persone e saperi in grado almeno di rappresentarli. I mdelli basati su agenti (ABM) sembrano un buon candidato per portare avanti questa mediazione sul piano esplicativo (rappresentare la complessit\u00e0), cognitivo (tra diverse sfere semantiche), metodologico (tra diverse tradizioni di ricerca) e teorico (tra diverse prospettive di analisi) rappresentando cos\u00ec un veicolo di dialogo interdisciplinare a supporto della definizione di politiche pubbliche efficaci e sostenibili.<\/p>\n<p>&nbsp;<\/p>\n<p><strong>DATI BIBLIOGRAFICI<\/strong><br \/>\nAutore: Alessandro Sciullo<br \/>\nEditore: Ledizioni<br \/>\nPubblicato nel: novembre 2020<br \/>\nCollana: <a href=\"https:\/\/www.ledizioni.it\/en\/product-category\/sociology\/esplorazioni-urbane\/\">Urban Explorations<\/a><br \/>\nFormato: brossura, 158 p.<br \/>\nISBN: 9788855263665<br \/>\nPrezzo: 18 \u20ac<br \/>\n<a href=\"http:\/\/digital.casalini.it\/9788855263665\"><img decoding=\"async\" class=\"aligncenter wp-image-23912\" src=\"https:\/\/www.ledizioni.it\/stag\/wp-content\/uploads\/2019\/07\/torrossa_web-150x80.jpg\" alt=\"\" width=\"200\" height=\"60\" \/><\/a><\/p>","protected":false},"excerpt":{"rendered":"<p>Le politiche pubbliche sono processi caratterizzati da un elevato livello di complessit\u00e0 lungo tutto il loro ciclo di vita e<\/p>","protected":false},"featured_media":33887,"comment_status":"open","ping_status":"closed","template":"","meta":{"_acf_changed":false},"product_brand":[],"product_cat":[1654],"product_tag":[2512,2492,828],"class_list":{"0":"post-33884","1":"product","2":"type-product","3":"status-publish","4":"has-post-thumbnail","6":"product_cat-esplorazioni-urbane","7":"product_tag-politiche-pubbliche","8":"product_tag-sociologia-del-territorio","9":"product_tag-citta-2","10":"pa_formato-cartaceo","11":"pa_formato-ebook-in-pdf","13":"first","14":"instock","15":"featured","16":"shipping-taxable","17":"purchasable","18":"product-type-simple"},"acf":[],"yoast_head":"<!-- This site is optimized with the Yoast SEO plugin v27.3 - https:\/\/yoast.com\/product\/yoast-seo-wordpress\/ -->\n<title>RAPPRESENTARE LA COMPLESSIT\u00c0 DELLE POLITICHE PUBBLICHE CON LA SIMULAZIONE AD AGENTI -<\/title>\n<meta name=\"description\" content=\"Ledizioni - Innovative Publishing. Casa editrice universitaria. Open Access. eBook, ePub. Creative Commons.\" \/>\n<meta name=\"robots\" content=\"index, follow, max-snippet:-1, max-image-preview:large, max-video-preview:-1\" \/>\n<link rel=\"canonical\" href=\"https:\/\/www.ledizioni.it\/en\/product\/rappresentare-la-complessita-delle-politiche-pubbliche\/\" \/>\n<meta property=\"og:locale\" content=\"en_GB\" \/>\n<meta property=\"og:type\" content=\"article\" \/>\n<meta property=\"og:title\" content=\"RAPPRESENTARE LA COMPLESSIT\u00c0 DELLE POLITICHE PUBBLICHE CON LA SIMULAZIONE AD AGENTI -\" \/>\n<meta property=\"og:description\" content=\"Ledizioni - Innovative Publishing. Casa editrice universitaria. Open Access. eBook, ePub. Creative Commons.\" \/>\n<meta property=\"og:url\" content=\"https:\/\/www.ledizioni.it\/en\/product\/rappresentare-la-complessita-delle-politiche-pubbliche\/\" \/>\n<meta property=\"og:site_name\" content=\"Ledizioni\" \/>\n<meta property=\"article:publisher\" content=\"https:\/\/www.facebook.com\/pages\/Ledizioni-LediPublishing\/109120559173329\" \/>\n<meta property=\"article:modified_time\" content=\"2021-05-14T11:39:15+00:00\" \/>\n<meta property=\"og:image\" content=\"https:\/\/www.ledizioni.it\/stag\/wp-content\/uploads\/2020\/11\/Sciullo_3D.jpg\" \/>\n\t<meta property=\"og:image:width\" content=\"500\" \/>\n\t<meta property=\"og:image:height\" content=\"641\" \/>\n\t<meta property=\"og:image:type\" content=\"image\/jpeg\" \/>\n<meta name=\"twitter:card\" content=\"summary_large_image\" \/>\n<meta name=\"twitter:site\" content=\"@ledizioni\" \/>\n<meta name=\"twitter:label1\" content=\"Estimated reading time\" \/>\n\t<meta name=\"twitter:data1\" content=\"1 minute\" \/>\n<script type=\"application\/ld+json\" class=\"yoast-schema-graph\">{\"@context\":\"https:\\\/\\\/schema.org\",\"@graph\":[{\"@type\":\"WebPage\",\"@id\":\"https:\\\/\\\/www.ledizioni.it\\\/en\\\/product\\\/rappresentare-la-complessita-delle-politiche-pubbliche\\\/\",\"url\":\"https:\\\/\\\/www.ledizioni.it\\\/en\\\/product\\\/rappresentare-la-complessita-delle-politiche-pubbliche\\\/\",\"name\":\"RAPPRESENTARE LA COMPLESSIT\u00c0 DELLE POLITICHE PUBBLICHE CON LA SIMULAZIONE AD AGENTI -\",\"isPartOf\":{\"@id\":\"https:\\\/\\\/www.ledizioni.it\\\/#website\"},\"primaryImageOfPage\":{\"@id\":\"https:\\\/\\\/www.ledizioni.it\\\/en\\\/product\\\/rappresentare-la-complessita-delle-politiche-pubbliche\\\/#primaryimage\"},\"image\":{\"@id\":\"https:\\\/\\\/www.ledizioni.it\\\/en\\\/product\\\/rappresentare-la-complessita-delle-politiche-pubbliche\\\/#primaryimage\"},\"thumbnailUrl\":\"https:\\\/\\\/www.ledizioni.it\\\/stag\\\/wp-content\\\/uploads\\\/2020\\\/11\\\/Sciullo_3D.jpg\",\"datePublished\":\"2020-11-20T16:29:46+00:00\",\"dateModified\":\"2021-05-14T11:39:15+00:00\",\"description\":\"Ledizioni - Innovative Publishing. Casa editrice universitaria. Open Access. eBook, ePub. Creative Commons.\",\"breadcrumb\":{\"@id\":\"https:\\\/\\\/www.ledizioni.it\\\/en\\\/product\\\/rappresentare-la-complessita-delle-politiche-pubbliche\\\/#breadcrumb\"},\"inLanguage\":\"en-GB\",\"potentialAction\":[{\"@type\":\"ReadAction\",\"target\":[\"https:\\\/\\\/www.ledizioni.it\\\/en\\\/product\\\/rappresentare-la-complessita-delle-politiche-pubbliche\\\/\"]}]},{\"@type\":\"ImageObject\",\"inLanguage\":\"en-GB\",\"@id\":\"https:\\\/\\\/www.ledizioni.it\\\/en\\\/product\\\/rappresentare-la-complessita-delle-politiche-pubbliche\\\/#primaryimage\",\"url\":\"https:\\\/\\\/www.ledizioni.it\\\/stag\\\/wp-content\\\/uploads\\\/2020\\\/11\\\/Sciullo_3D.jpg\",\"contentUrl\":\"https:\\\/\\\/www.ledizioni.it\\\/stag\\\/wp-content\\\/uploads\\\/2020\\\/11\\\/Sciullo_3D.jpg\",\"width\":500,\"height\":641},{\"@type\":\"BreadcrumbList\",\"@id\":\"https:\\\/\\\/www.ledizioni.it\\\/en\\\/product\\\/rappresentare-la-complessita-delle-politiche-pubbliche\\\/#breadcrumb\",\"itemListElement\":[{\"@type\":\"ListItem\",\"position\":1,\"name\":\"Shop\",\"item\":\"https:\\\/\\\/www.ledizioni.it\\\/shop-2\\\/\"},{\"@type\":\"ListItem\",\"position\":2,\"name\":\"RAPPRESENTARE LA COMPLESSIT\u00c0 DELLE POLITICHE PUBBLICHE CON LA SIMULAZIONE AD AGENTI\"}]},{\"@type\":\"WebSite\",\"@id\":\"https:\\\/\\\/www.ledizioni.it\\\/#website\",\"url\":\"https:\\\/\\\/www.ledizioni.it\\\/\",\"name\":\"Ledizioni\",\"description\":\"The Innovative LediPublishing Company - Casa Editrice Universitaria\",\"publisher\":{\"@id\":\"https:\\\/\\\/www.ledizioni.it\\\/#organization\"},\"potentialAction\":[{\"@type\":\"SearchAction\",\"target\":{\"@type\":\"EntryPoint\",\"urlTemplate\":\"https:\\\/\\\/www.ledizioni.it\\\/?s={search_term_string}\"},\"query-input\":{\"@type\":\"PropertyValueSpecification\",\"valueRequired\":true,\"valueName\":\"search_term_string\"}}],\"inLanguage\":\"en-GB\"},{\"@type\":\"Organization\",\"@id\":\"https:\\\/\\\/www.ledizioni.it\\\/#organization\",\"name\":\"Ledizioni\",\"url\":\"https:\\\/\\\/www.ledizioni.it\\\/\",\"logo\":{\"@type\":\"ImageObject\",\"inLanguage\":\"en-GB\",\"@id\":\"https:\\\/\\\/www.ledizioni.it\\\/#\\\/schema\\\/logo\\\/image\\\/\",\"url\":\"https:\\\/\\\/www.ledizioni.it\\\/stag\\\/wp-content\\\/uploads\\\/2023\\\/10\\\/newlogoledizioni500x110_2-1.jpg\",\"contentUrl\":\"https:\\\/\\\/www.ledizioni.it\\\/stag\\\/wp-content\\\/uploads\\\/2023\\\/10\\\/newlogoledizioni500x110_2-1.jpg\",\"width\":354,\"height\":87,\"caption\":\"Ledizioni\"},\"image\":{\"@id\":\"https:\\\/\\\/www.ledizioni.it\\\/#\\\/schema\\\/logo\\\/image\\\/\"},\"sameAs\":[\"https:\\\/\\\/www.facebook.com\\\/pages\\\/Ledizioni-LediPublishing\\\/109120559173329\",\"https:\\\/\\\/x.com\\\/ledizioni\"]}]}<\/script>\n<!-- \/ Yoast SEO plugin. -->","yoast_head_json":{"title":"RAPPRESENTARE LA COMPLESSIT\u00c0 DELLE POLITICHE PUBBLICHE CON LA SIMULAZIONE AD AGENTI -","description":"Ledizioni - Innovative Publishing. Casa editrice universitaria. Open Access. eBook, ePub. Creative Commons.","robots":{"index":"index","follow":"follow","max-snippet":"max-snippet:-1","max-image-preview":"max-image-preview:large","max-video-preview":"max-video-preview:-1"},"canonical":"https:\/\/www.ledizioni.it\/en\/product\/rappresentare-la-complessita-delle-politiche-pubbliche\/","og_locale":"en_GB","og_type":"article","og_title":"RAPPRESENTARE LA COMPLESSIT\u00c0 DELLE POLITICHE PUBBLICHE CON LA SIMULAZIONE AD AGENTI -","og_description":"Ledizioni - Innovative Publishing. Casa editrice universitaria. Open Access. eBook, ePub. Creative Commons.","og_url":"https:\/\/www.ledizioni.it\/en\/product\/rappresentare-la-complessita-delle-politiche-pubbliche\/","og_site_name":"Ledizioni","article_publisher":"https:\/\/www.facebook.com\/pages\/Ledizioni-LediPublishing\/109120559173329","article_modified_time":"2021-05-14T11:39:15+00:00","og_image":[{"width":500,"height":641,"url":"https:\/\/www.ledizioni.it\/stag\/wp-content\/uploads\/2020\/11\/Sciullo_3D.jpg","type":"image\/jpeg"}],"twitter_card":"summary_large_image","twitter_site":"@ledizioni","twitter_misc":{"Estimated reading time":"1 minute"},"schema":{"@context":"https:\/\/schema.org","@graph":[{"@type":"WebPage","@id":"https:\/\/www.ledizioni.it\/en\/product\/rappresentare-la-complessita-delle-politiche-pubbliche\/","url":"https:\/\/www.ledizioni.it\/en\/product\/rappresentare-la-complessita-delle-politiche-pubbliche\/","name":"RAPPRESENTARE LA COMPLESSIT\u00c0 DELLE POLITICHE PUBBLICHE CON LA SIMULAZIONE AD AGENTI -","isPartOf":{"@id":"https:\/\/www.ledizioni.it\/#website"},"primaryImageOfPage":{"@id":"https:\/\/www.ledizioni.it\/en\/product\/rappresentare-la-complessita-delle-politiche-pubbliche\/#primaryimage"},"image":{"@id":"https:\/\/www.ledizioni.it\/en\/product\/rappresentare-la-complessita-delle-politiche-pubbliche\/#primaryimage"},"thumbnailUrl":"https:\/\/www.ledizioni.it\/stag\/wp-content\/uploads\/2020\/11\/Sciullo_3D.jpg","datePublished":"2020-11-20T16:29:46+00:00","dateModified":"2021-05-14T11:39:15+00:00","description":"Ledizioni - Innovative Publishing. Casa editrice universitaria. Open Access. eBook, ePub. Creative Commons.","breadcrumb":{"@id":"https:\/\/www.ledizioni.it\/en\/product\/rappresentare-la-complessita-delle-politiche-pubbliche\/#breadcrumb"},"inLanguage":"en-GB","potentialAction":[{"@type":"ReadAction","target":["https:\/\/www.ledizioni.it\/en\/product\/rappresentare-la-complessita-delle-politiche-pubbliche\/"]}]},{"@type":"ImageObject","inLanguage":"en-GB","@id":"https:\/\/www.ledizioni.it\/en\/product\/rappresentare-la-complessita-delle-politiche-pubbliche\/#primaryimage","url":"https:\/\/www.ledizioni.it\/stag\/wp-content\/uploads\/2020\/11\/Sciullo_3D.jpg","contentUrl":"https:\/\/www.ledizioni.it\/stag\/wp-content\/uploads\/2020\/11\/Sciullo_3D.jpg","width":500,"height":641},{"@type":"BreadcrumbList","@id":"https:\/\/www.ledizioni.it\/en\/product\/rappresentare-la-complessita-delle-politiche-pubbliche\/#breadcrumb","itemListElement":[{"@type":"ListItem","position":1,"name":"Shop","item":"https:\/\/www.ledizioni.it\/shop-2\/"},{"@type":"ListItem","position":2,"name":"RAPPRESENTARE LA COMPLESSIT\u00c0 DELLE POLITICHE PUBBLICHE CON LA SIMULAZIONE AD AGENTI"}]},{"@type":"WebSite","@id":"https:\/\/www.ledizioni.it\/#website","url":"https:\/\/www.ledizioni.it\/","name":"Ledizioni","description":"The Innovative LediPublishing Company - Casa Editrice Universitaria","publisher":{"@id":"https:\/\/www.ledizioni.it\/#organization"},"potentialAction":[{"@type":"SearchAction","target":{"@type":"EntryPoint","urlTemplate":"https:\/\/www.ledizioni.it\/?s={search_term_string}"},"query-input":{"@type":"PropertyValueSpecification","valueRequired":true,"valueName":"search_term_string"}}],"inLanguage":"en-GB"},{"@type":"Organization","@id":"https:\/\/www.ledizioni.it\/#organization","name":"Ledizioni","url":"https:\/\/www.ledizioni.it\/","logo":{"@type":"ImageObject","inLanguage":"en-GB","@id":"https:\/\/www.ledizioni.it\/#\/schema\/logo\/image\/","url":"https:\/\/www.ledizioni.it\/stag\/wp-content\/uploads\/2023\/10\/newlogoledizioni500x110_2-1.jpg","contentUrl":"https:\/\/www.ledizioni.it\/stag\/wp-content\/uploads\/2023\/10\/newlogoledizioni500x110_2-1.jpg","width":354,"height":87,"caption":"Ledizioni"},"image":{"@id":"https:\/\/www.ledizioni.it\/#\/schema\/logo\/image\/"},"sameAs":["https:\/\/www.facebook.com\/pages\/Ledizioni-LediPublishing\/109120559173329","https:\/\/x.com\/ledizioni"]}]}},"jetpack_sharing_enabled":true,"_links":{"self":[{"href":"https:\/\/www.ledizioni.it\/en\/wp-json\/wp\/v2\/product\/33884","targetHints":{"allow":["GET"]}}],"collection":[{"href":"https:\/\/www.ledizioni.it\/en\/wp-json\/wp\/v2\/product"}],"about":[{"href":"https:\/\/www.ledizioni.it\/en\/wp-json\/wp\/v2\/types\/product"}],"replies":[{"embeddable":true,"href":"https:\/\/www.ledizioni.it\/en\/wp-json\/wp\/v2\/comments?post=33884"}],"version-history":[{"count":1,"href":"https:\/\/www.ledizioni.it\/en\/wp-json\/wp\/v2\/product\/33884\/revisions"}],"predecessor-version":[{"id":38507,"href":"https:\/\/www.ledizioni.it\/en\/wp-json\/wp\/v2\/product\/33884\/revisions\/38507"}],"wp:featuredmedia":[{"embeddable":true,"href":"https:\/\/www.ledizioni.it\/en\/wp-json\/wp\/v2\/media\/33887"}],"wp:attachment":[{"href":"https:\/\/www.ledizioni.it\/en\/wp-json\/wp\/v2\/media?parent=33884"}],"wp:term":[{"taxonomy":"product_brand","embeddable":true,"href":"https:\/\/www.ledizioni.it\/en\/wp-json\/wp\/v2\/product_brand?post=33884"},{"taxonomy":"product_cat","embeddable":true,"href":"https:\/\/www.ledizioni.it\/en\/wp-json\/wp\/v2\/product_cat?post=33884"},{"taxonomy":"product_tag","embeddable":true,"href":"https:\/\/www.ledizioni.it\/en\/wp-json\/wp\/v2\/product_tag?post=33884"}],"curies":[{"name":"wp","href":"https:\/\/api.w.org\/{rel}","templated":true}]}}