{"id":34115,"date":"2020-12-01T18:05:13","date_gmt":"2020-12-01T16:05:13","guid":{"rendered":"https:\/\/www.ledizioni.it\/?post_type=product&#038;p=34115"},"modified":"2022-06-08T05:06:40","modified_gmt":"2022-06-08T03:06:40","slug":"unframing","status":"publish","type":"product","link":"https:\/\/www.ledizioni.it\/en\/product\/unframing\/","title":{"rendered":"UNFRAMING"},"content":{"rendered":"<p style=\"text-align: justify;\">L&#8217;industria dell\u2019informazione, e pi\u00f9 in generale quella dei contenuti, svolge un ruolo essenziale per la qualit\u00e0 della nostra vita sociale. Essa si trova per\u00f2 costretta a obbedire a un vincolo di business che sta producendo danni irreparabili: la necessit\u00e0 di attrarre i nostri occhi (e liberare i nostri dati) verso la pubblicit\u00e0. Ci\u00f2 condiziona in modo decisivo la scelta dei temi da approfondire e il frame con cui vengono narrati i fatti. Una scelta che &#8211; nonostante la transizione digitale &#8211; \u00e8 ancora nelle mani di poche persone.<br \/>\nPerch\u00e9 giornalisti, comunicatori e le altre figure di intermediazione culturale non rispondono pi\u00f9 alla loro missione pubblica? Come mai queste professioni non riescono a evolvere oltre la necessit\u00e0 industriale di convogliare la nostra attenzione all\u2019interno di \u201ccornici\u201d ben presidiate?<br \/>\nIn &#8220;Unframing&#8221; Antonio Pavolini ci ricorda che occorre individuare nuovi modelli economici per remunerare l\u2019industria dei media, oppure saranno i fruitori di contenuti a dover correre ai ripari, imparando da soli a \u201crompere la cornice\u201d. Vecchi palinsesti e nuovi algoritmi ci stanno sempre pi\u00f9 imprigionando: siamo in una \u201cruota del criceto\u201d e dobbiamo capire tutti insieme, dai decisori ai consumatori, come venirne fuori.<\/p>\n<p><strong>DATI BIBLIOGRAFICI<\/strong><br \/>\nAutore: Antonio Pavolini<br \/>\nEditore: Ledizioni<br \/>\nPubblicato nel: novembre 2020<br \/>\nCollana: <a href=\"https:\/\/www.ledizioni.it\/en\/product-category\/politica\/il-quant\/\">Il Quant<\/a><br \/>\nFormato: brossura, 177 p. &#8211; ePub<br \/>\nISBN cartaceo: 9788855263771<br \/>\nISBN ePub: 9788855263788<br \/>\nPrezzo cartaceo: 14,90 \u20ac<br \/>\nPrezzo ePub: 6,99 \u20ac<\/p>\n<ul>\n<li><a href=\"https:\/\/www.ledizioni.it\/en\/unframing-su-radio1\/\"><em><strong>Ascolta l&#8217;autore a &#8220;Parolacce&#8221; su Radio1<\/strong><\/em><\/a><\/li>\n<li>Ascolta l&#8217;autore in dialogo con Roberto Reale per <a href=\"https:\/\/www.ledizioni.it\/en\/?p=35026&amp;preview=true\">Eutopian<\/a><\/li>\n<li><a href=\"https:\/\/www.conversazionisulfuturo.it\/unframing-di-antonio-pavolini-per-sette-meno-dieci\/\">Conversazioni sul futuro<\/a>, con Antonio Pavolini per &#8220;Sette meno dieci&#8221;<\/li>\n<\/ul>","protected":false},"excerpt":{"rendered":"<p>L&#8217;industria dell\u2019informazione, e pi\u00f9 in generale quella dei contenuti, svolge un ruolo essenziale per la qualit\u00e0 della nostra vita sociale.<\/p>","protected":false},"featured_media":34118,"comment_status":"open","ping_status":"closed","template":"","meta":{"_acf_changed":false},"product_brand":[],"product_cat":[1952],"product_tag":[1335,1838,1707,806,916,2577,853,872],"class_list":{"0":"post-34115","1":"product","2":"type-product","3":"status-publish","4":"has-post-thumbnail","6":"product_cat-il-quant","7":"product_tag-comunicazione","8":"product_tag-giornali","9":"product_tag-informazione","10":"product_tag-media","11":"product_tag-internet","12":"product_tag-scienza-dellinformazione","13":"product_tag-social-media","14":"product_tag-televisione","15":"pa_formato-cartaceo","16":"pa_formato-ebook-in-epub","18":"first","19":"instock","20":"featured","21":"shipping-taxable","22":"purchasable","23":"product-type-variable"},"acf":[],"yoast_head":"<!-- This site is optimized with the Yoast SEO plugin v27.3 - https:\/\/yoast.com\/product\/yoast-seo-wordpress\/ -->\n<title>UNFRAMING -<\/title>\n<meta name=\"description\" content=\"Ledizioni - Innovative Publishing. Casa editrice universitaria. Open Access. eBook, ePub. Creative Commons.\" \/>\n<meta name=\"robots\" content=\"index, follow, max-snippet:-1, max-image-preview:large, max-video-preview:-1\" \/>\n<link rel=\"canonical\" href=\"https:\/\/www.ledizioni.it\/en\/product\/unframing\/\" \/>\n<meta property=\"og:locale\" content=\"en_GB\" \/>\n<meta property=\"og:type\" content=\"article\" \/>\n<meta property=\"og:title\" content=\"UNFRAMING -\" \/>\n<meta property=\"og:description\" content=\"Ledizioni - Innovative Publishing. Casa editrice universitaria. Open Access. eBook, ePub. Creative Commons.\" \/>\n<meta property=\"og:url\" content=\"https:\/\/www.ledizioni.it\/en\/product\/unframing\/\" \/>\n<meta property=\"og:site_name\" content=\"Ledizioni\" \/>\n<meta property=\"article:publisher\" content=\"https:\/\/www.facebook.com\/pages\/Ledizioni-LediPublishing\/109120559173329\" \/>\n<meta property=\"article:modified_time\" content=\"2022-06-08T03:06:40+00:00\" \/>\n<meta property=\"og:image\" content=\"https:\/\/www.ledizioni.it\/stag\/wp-content\/uploads\/2020\/12\/Unframing_3D.jpg\" \/>\n\t<meta property=\"og:image:width\" content=\"500\" \/>\n\t<meta property=\"og:image:height\" content=\"615\" \/>\n\t<meta property=\"og:image:type\" content=\"image\/jpeg\" \/>\n<meta name=\"twitter:card\" content=\"summary_large_image\" \/>\n<meta name=\"twitter:site\" content=\"@ledizioni\" \/>\n<meta name=\"twitter:label1\" content=\"Estimated reading time\" \/>\n\t<meta name=\"twitter:data1\" content=\"1 minute\" \/>\n<script type=\"application\/ld+json\" class=\"yoast-schema-graph\">{\"@context\":\"https:\\\/\\\/schema.org\",\"@graph\":[{\"@type\":\"WebPage\",\"@id\":\"https:\\\/\\\/www.ledizioni.it\\\/prodotto\\\/unframing\\\/\",\"url\":\"https:\\\/\\\/www.ledizioni.it\\\/prodotto\\\/unframing\\\/\",\"name\":\"UNFRAMING -\",\"isPartOf\":{\"@id\":\"https:\\\/\\\/www.ledizioni.it\\\/#website\"},\"primaryImageOfPage\":{\"@id\":\"https:\\\/\\\/www.ledizioni.it\\\/prodotto\\\/unframing\\\/#primaryimage\"},\"image\":{\"@id\":\"https:\\\/\\\/www.ledizioni.it\\\/prodotto\\\/unframing\\\/#primaryimage\"},\"thumbnailUrl\":\"https:\\\/\\\/www.ledizioni.it\\\/stag\\\/wp-content\\\/uploads\\\/2020\\\/12\\\/Unframing_3D.jpg\",\"datePublished\":\"2020-12-01T16:05:13+00:00\",\"dateModified\":\"2022-06-08T03:06:40+00:00\",\"description\":\"Ledizioni - Innovative Publishing. Casa editrice universitaria. Open Access. eBook, ePub. Creative Commons.\",\"breadcrumb\":{\"@id\":\"https:\\\/\\\/www.ledizioni.it\\\/prodotto\\\/unframing\\\/#breadcrumb\"},\"inLanguage\":\"en-GB\",\"potentialAction\":[{\"@type\":\"ReadAction\",\"target\":[\"https:\\\/\\\/www.ledizioni.it\\\/prodotto\\\/unframing\\\/\"]}]},{\"@type\":\"ImageObject\",\"inLanguage\":\"en-GB\",\"@id\":\"https:\\\/\\\/www.ledizioni.it\\\/prodotto\\\/unframing\\\/#primaryimage\",\"url\":\"https:\\\/\\\/www.ledizioni.it\\\/stag\\\/wp-content\\\/uploads\\\/2020\\\/12\\\/Unframing_3D.jpg\",\"contentUrl\":\"https:\\\/\\\/www.ledizioni.it\\\/stag\\\/wp-content\\\/uploads\\\/2020\\\/12\\\/Unframing_3D.jpg\",\"width\":500,\"height\":615},{\"@type\":\"BreadcrumbList\",\"@id\":\"https:\\\/\\\/www.ledizioni.it\\\/prodotto\\\/unframing\\\/#breadcrumb\",\"itemListElement\":[{\"@type\":\"ListItem\",\"position\":1,\"name\":\"Shop\",\"item\":\"https:\\\/\\\/www.ledizioni.it\\\/shop-2\\\/\"},{\"@type\":\"ListItem\",\"position\":2,\"name\":\"UNFRAMING\"}]},{\"@type\":\"WebSite\",\"@id\":\"https:\\\/\\\/www.ledizioni.it\\\/#website\",\"url\":\"https:\\\/\\\/www.ledizioni.it\\\/\",\"name\":\"Ledizioni\",\"description\":\"The Innovative LediPublishing Company - Casa Editrice Universitaria\",\"publisher\":{\"@id\":\"https:\\\/\\\/www.ledizioni.it\\\/#organization\"},\"potentialAction\":[{\"@type\":\"SearchAction\",\"target\":{\"@type\":\"EntryPoint\",\"urlTemplate\":\"https:\\\/\\\/www.ledizioni.it\\\/?s={search_term_string}\"},\"query-input\":{\"@type\":\"PropertyValueSpecification\",\"valueRequired\":true,\"valueName\":\"search_term_string\"}}],\"inLanguage\":\"en-GB\"},{\"@type\":\"Organization\",\"@id\":\"https:\\\/\\\/www.ledizioni.it\\\/#organization\",\"name\":\"Ledizioni\",\"url\":\"https:\\\/\\\/www.ledizioni.it\\\/\",\"logo\":{\"@type\":\"ImageObject\",\"inLanguage\":\"en-GB\",\"@id\":\"https:\\\/\\\/www.ledizioni.it\\\/#\\\/schema\\\/logo\\\/image\\\/\",\"url\":\"https:\\\/\\\/www.ledizioni.it\\\/stag\\\/wp-content\\\/uploads\\\/2023\\\/10\\\/newlogoledizioni500x110_2-1.jpg\",\"contentUrl\":\"https:\\\/\\\/www.ledizioni.it\\\/stag\\\/wp-content\\\/uploads\\\/2023\\\/10\\\/newlogoledizioni500x110_2-1.jpg\",\"width\":354,\"height\":87,\"caption\":\"Ledizioni\"},\"image\":{\"@id\":\"https:\\\/\\\/www.ledizioni.it\\\/#\\\/schema\\\/logo\\\/image\\\/\"},\"sameAs\":[\"https:\\\/\\\/www.facebook.com\\\/pages\\\/Ledizioni-LediPublishing\\\/109120559173329\",\"https:\\\/\\\/x.com\\\/ledizioni\"]}]}<\/script>\n<!-- \/ Yoast SEO plugin. -->","yoast_head_json":{"title":"UNFRAMING -","description":"Ledizioni - Innovative Publishing. Casa editrice universitaria. Open Access. eBook, ePub. Creative Commons.","robots":{"index":"index","follow":"follow","max-snippet":"max-snippet:-1","max-image-preview":"max-image-preview:large","max-video-preview":"max-video-preview:-1"},"canonical":"https:\/\/www.ledizioni.it\/en\/product\/unframing\/","og_locale":"en_GB","og_type":"article","og_title":"UNFRAMING -","og_description":"Ledizioni - Innovative Publishing. Casa editrice universitaria. Open Access. eBook, ePub. Creative Commons.","og_url":"https:\/\/www.ledizioni.it\/en\/product\/unframing\/","og_site_name":"Ledizioni","article_publisher":"https:\/\/www.facebook.com\/pages\/Ledizioni-LediPublishing\/109120559173329","article_modified_time":"2022-06-08T03:06:40+00:00","og_image":[{"width":500,"height":615,"url":"https:\/\/www.ledizioni.it\/stag\/wp-content\/uploads\/2020\/12\/Unframing_3D.jpg","type":"image\/jpeg"}],"twitter_card":"summary_large_image","twitter_site":"@ledizioni","twitter_misc":{"Estimated reading time":"1 minute"},"schema":{"@context":"https:\/\/schema.org","@graph":[{"@type":"WebPage","@id":"https:\/\/www.ledizioni.it\/prodotto\/unframing\/","url":"https:\/\/www.ledizioni.it\/prodotto\/unframing\/","name":"UNFRAMING -","isPartOf":{"@id":"https:\/\/www.ledizioni.it\/#website"},"primaryImageOfPage":{"@id":"https:\/\/www.ledizioni.it\/prodotto\/unframing\/#primaryimage"},"image":{"@id":"https:\/\/www.ledizioni.it\/prodotto\/unframing\/#primaryimage"},"thumbnailUrl":"https:\/\/www.ledizioni.it\/stag\/wp-content\/uploads\/2020\/12\/Unframing_3D.jpg","datePublished":"2020-12-01T16:05:13+00:00","dateModified":"2022-06-08T03:06:40+00:00","description":"Ledizioni - Innovative Publishing. Casa editrice universitaria. Open Access. eBook, ePub. Creative Commons.","breadcrumb":{"@id":"https:\/\/www.ledizioni.it\/prodotto\/unframing\/#breadcrumb"},"inLanguage":"en-GB","potentialAction":[{"@type":"ReadAction","target":["https:\/\/www.ledizioni.it\/prodotto\/unframing\/"]}]},{"@type":"ImageObject","inLanguage":"en-GB","@id":"https:\/\/www.ledizioni.it\/prodotto\/unframing\/#primaryimage","url":"https:\/\/www.ledizioni.it\/stag\/wp-content\/uploads\/2020\/12\/Unframing_3D.jpg","contentUrl":"https:\/\/www.ledizioni.it\/stag\/wp-content\/uploads\/2020\/12\/Unframing_3D.jpg","width":500,"height":615},{"@type":"BreadcrumbList","@id":"https:\/\/www.ledizioni.it\/prodotto\/unframing\/#breadcrumb","itemListElement":[{"@type":"ListItem","position":1,"name":"Shop","item":"https:\/\/www.ledizioni.it\/shop-2\/"},{"@type":"ListItem","position":2,"name":"UNFRAMING"}]},{"@type":"WebSite","@id":"https:\/\/www.ledizioni.it\/#website","url":"https:\/\/www.ledizioni.it\/","name":"Ledizioni","description":"The Innovative LediPublishing Company - Casa Editrice Universitaria","publisher":{"@id":"https:\/\/www.ledizioni.it\/#organization"},"potentialAction":[{"@type":"SearchAction","target":{"@type":"EntryPoint","urlTemplate":"https:\/\/www.ledizioni.it\/?s={search_term_string}"},"query-input":{"@type":"PropertyValueSpecification","valueRequired":true,"valueName":"search_term_string"}}],"inLanguage":"en-GB"},{"@type":"Organization","@id":"https:\/\/www.ledizioni.it\/#organization","name":"Ledizioni","url":"https:\/\/www.ledizioni.it\/","logo":{"@type":"ImageObject","inLanguage":"en-GB","@id":"https:\/\/www.ledizioni.it\/#\/schema\/logo\/image\/","url":"https:\/\/www.ledizioni.it\/stag\/wp-content\/uploads\/2023\/10\/newlogoledizioni500x110_2-1.jpg","contentUrl":"https:\/\/www.ledizioni.it\/stag\/wp-content\/uploads\/2023\/10\/newlogoledizioni500x110_2-1.jpg","width":354,"height":87,"caption":"Ledizioni"},"image":{"@id":"https:\/\/www.ledizioni.it\/#\/schema\/logo\/image\/"},"sameAs":["https:\/\/www.facebook.com\/pages\/Ledizioni-LediPublishing\/109120559173329","https:\/\/x.com\/ledizioni"]}]}},"jetpack_sharing_enabled":true,"_links":{"self":[{"href":"https:\/\/www.ledizioni.it\/en\/wp-json\/wp\/v2\/product\/34115","targetHints":{"allow":["GET"]}}],"collection":[{"href":"https:\/\/www.ledizioni.it\/en\/wp-json\/wp\/v2\/product"}],"about":[{"href":"https:\/\/www.ledizioni.it\/en\/wp-json\/wp\/v2\/types\/product"}],"replies":[{"embeddable":true,"href":"https:\/\/www.ledizioni.it\/en\/wp-json\/wp\/v2\/comments?post=34115"}],"version-history":[{"count":1,"href":"https:\/\/www.ledizioni.it\/en\/wp-json\/wp\/v2\/product\/34115\/revisions"}],"predecessor-version":[{"id":35030,"href":"https:\/\/www.ledizioni.it\/en\/wp-json\/wp\/v2\/product\/34115\/revisions\/35030"}],"wp:featuredmedia":[{"embeddable":true,"href":"https:\/\/www.ledizioni.it\/en\/wp-json\/wp\/v2\/media\/34118"}],"wp:attachment":[{"href":"https:\/\/www.ledizioni.it\/en\/wp-json\/wp\/v2\/media?parent=34115"}],"wp:term":[{"taxonomy":"product_brand","embeddable":true,"href":"https:\/\/www.ledizioni.it\/en\/wp-json\/wp\/v2\/product_brand?post=34115"},{"taxonomy":"product_cat","embeddable":true,"href":"https:\/\/www.ledizioni.it\/en\/wp-json\/wp\/v2\/product_cat?post=34115"},{"taxonomy":"product_tag","embeddable":true,"href":"https:\/\/www.ledizioni.it\/en\/wp-json\/wp\/v2\/product_tag?post=34115"}],"curies":[{"name":"wp","href":"https:\/\/api.w.org\/{rel}","templated":true}]}}