{"id":34785,"date":"2020-12-23T17:42:03","date_gmt":"2020-12-23T15:42:03","guid":{"rendered":"https:\/\/www.ledizioni.it\/?post_type=product&#038;p=34785"},"modified":"2020-12-23T17:48:03","modified_gmt":"2020-12-23T15:48:03","slug":"cuadernos-aispi-n-15-2020-regreso-balance-narrativa-generacion-del-50","status":"publish","type":"product","link":"https:\/\/www.ledizioni.it\/en\/product\/cuadernos-aispi-n-15-2020-regreso-balance-narrativa-generacion-del-50\/","title":{"rendered":"Cuadernos AISPI  n. 15\/2020, REGRESO Y BALANCE DE LA NARRATIVA DE LA GENERACI\u00d3N DEL 50"},"content":{"rendered":"<h3><strong>Cuadernos AISPI: Revista semestral de la Associazione Ispanisti Italiani<br \/>\n<\/strong><\/h3>\n<h3 style=\"text-align: justify;\"><strong>15\/2020. <\/strong>REGRESO Y BALANCE DE LA NARRATIVA DE LA GENERACI\u00d3N DEL 50<\/h3>\n<p style=\"text-align: justify;\"><strong>Editores<\/strong><br \/>\nElide Pittarello<br \/>\nFernando Valls<\/p>\n<p style=\"text-align: justify;\">SECCI\u00d3N MONOGR\u00c1FICA<\/p>\n<ul>\n<li style=\"text-align: justify;\">Genevi\u00e8ve Champeau, <em>Imaginarios y po\u00e9ticas del conflicto en la narrativa de la \u201cgeneraci\u00f3n del 50\u201d<\/em><\/li>\n<li style=\"text-align: justify;\">Carmen Valc\u00e1rcel, <em>La nueva hornada literaria en<\/em> La Hora <em>(1948-1950):<\/em> <em>cuentos y cuentistas del Medio Siglo<\/em><\/li>\n<li style=\"text-align: justify;\">Jos\u00e9 Teruel, <em>El pensamiento narrativo de Carmen Mart\u00edn Gaite. La autoafirmaci\u00f3n de una po\u00e9tica<\/em><\/li>\n<li style=\"text-align: justify;\">Giovanna Fiordaliso, <em>El regreso a la ni\u00f1ez: lo sobrenatural de Francesco Orlando en<\/em> El cuarto de atr\u00e1s <em>de Carmen Mart\u00edn Gaite<\/em><\/li>\n<li style=\"text-align: justify;\">Carmen Mar\u00eda Pujante Segura, <em>La contribuci\u00f3n de Ana Mar\u00eda Matute<\/em><br \/>\n<em>en los a\u00f1os 50: el valor seminal de su novela corta<\/em> La peque\u00f1a vida (o El tiempo)<\/li>\n<li style=\"text-align: justify;\">Carmen Mor\u00e1n Rodr\u00edguez, <em>La mirada infantil en \u201cLas horcas caudinas\u201d de Juan Garc\u00eda Hortelano: estrategias de construcci\u00f3n de un narrador cre\u00edble<\/em><\/li>\n<li style=\"text-align: justify;\">Gonzalo Navajas, <em>Juan Goytisolo y la narraci\u00f3n testimonial contempor\u00e1nea<\/em><\/li>\n<li style=\"text-align: justify;\">Antonio Candeloro,<em> Luis Goytisolo \u201cfabulista\u201d<\/em><\/li>\n<li style=\"text-align: justify;\">Francisco Garc\u00eda Jurado, <em>La m\u00faltiple lectura de Safo en<\/em> La c\u00f3lera de Aquiles<em>, de Luis Goytisolo<\/em><\/li>\n<\/ul>\n<p>SECCI\u00d3N GENERAL<\/p>\n<ul>\n<li style=\"text-align: justify;\">Luca Cerullo, <em>Carmen Laforet y la generaci\u00f3n del 50. La narrativa breve y \u201cLa mujer nueva\u201d<\/em> (1950-1955)<\/li>\n<li style=\"text-align: justify;\">Gennaro Schiano, <em>Las relaciones de desastres naturales entre g\u00e9nero y texto. El caso de la riada de San Policarpo (Salamanca, 1626)<\/em><\/li>\n<\/ul>\n<p style=\"text-align: justify;\">RESE\u00d1AS<\/p>\n<ul>\n<li style=\"text-align: justify;\"><em>Lazarillo de Tormes<\/em>, a cura di Antonio Gargano; <em>Lazarillo de Tormes<\/em>,<br \/>\na cura di Francisco Rico, traduzione di Angelo Valastro Canale (Giulia Poggi)<\/li>\n<li style=\"text-align: justify;\">Pedro Mart\u00edn Ba\u00f1os, <em>La pasi\u00f3n de saber. Vida de Antonio de Nebrija<\/em>, pr\u00f3logo de Francisco Rico (Sandra In\u00e9s Ramos Maldonado)<\/li>\n<li style=\"text-align: justify;\">Nancy De Benedetto, <em>Contro giganti e altri mulini. Le traduzioni italiane del \u201cDon Quijote\u201d<\/em> (Daniela Santonocito)<\/li>\n<li style=\"text-align: justify;\">Marco Ottaiano, <em>El tiempo parado. Palinsesti narrativi e strategie linguistiche in Francisco Umbral (1965-1975)<\/em> (Ivana Calceglia)<\/li>\n<li style=\"text-align: justify;\">Hern\u00e1n Loyola, <em>Los pecados de Neruda<\/em> (Gabriele Morelli)<\/li>\n<li style=\"text-align: justify;\">Antonio Carvajal, <em>Una canzone pi\u00f9 chiara<\/em>, a cura di Lucia Valori (Maria Caterina Ruta)<\/li>\n<\/ul>\n<h3><strong>DATI BIBLIOGRAFICI<\/strong><\/h3>\n<p>Curatori: Elide Pittarello, Fernando Valls<br \/>\nEditore: Ledizioni<br \/>\nCollana: <a href=\"http:\/\/www.ledizioni.it\/en\/collane\/letteratura\/cuadernos-aispi\/\" target=\"_blank\" rel=\"noopener\">Cuadernos AISPI<\/a><br \/>\nFormato: Brossura<br \/>\nPubblicato in: luglio 2020<br \/>\nISSN cartaceo: 2283981X<br \/>\nPrezzo cartaceo: 25.00 \u20ac<\/p>","protected":false},"excerpt":{"rendered":"<p>Cuadernos AISPI: Revista semestral de la Associazione Ispanisti Italiani 15\/2020. REGRESO Y BALANCE DE LA NARRATIVA DE LA GENERACI\u00d3N DEL<\/p>","protected":false},"featured_media":34786,"comment_status":"open","ping_status":"closed","template":"","meta":{"_acf_changed":false},"product_brand":[],"product_cat":[767],"product_tag":[768,1499],"class_list":{"0":"post-34785","1":"product","2":"type-product","3":"status-publish","4":"has-post-thumbnail","6":"product_cat-cuadernos-aispi","7":"product_tag-ispanisti","8":"product_tag-spagnolo","9":"pa_formato-cartaceo","10":"pa_lingua-spagnolo","12":"first","13":"instock","14":"shipping-taxable","15":"purchasable","16":"product-type-simple"},"acf":[],"yoast_head":"<!-- This site is optimized with the Yoast SEO plugin v27.3 - https:\/\/yoast.com\/product\/yoast-seo-wordpress\/ -->\n<title>Cuadernos AISPI n. 15\/2020, REGRESO Y BALANCE DE LA NARRATIVA DE LA GENERACI\u00d3N DEL 50 -<\/title>\n<meta name=\"description\" content=\"Ledizioni - Innovative Publishing. Casa editrice universitaria. Open Access. eBook, ePub. Creative Commons.\" \/>\n<meta name=\"robots\" content=\"index, follow, max-snippet:-1, max-image-preview:large, max-video-preview:-1\" \/>\n<link rel=\"canonical\" href=\"https:\/\/www.ledizioni.it\/en\/product\/cuadernos-aispi-n-15-2020-regreso-balance-narrativa-generacion-del-50\/\" \/>\n<meta property=\"og:locale\" content=\"en_GB\" \/>\n<meta property=\"og:type\" content=\"article\" \/>\n<meta property=\"og:title\" content=\"Cuadernos AISPI n. 15\/2020, REGRESO Y BALANCE DE LA NARRATIVA DE LA GENERACI\u00d3N DEL 50 -\" \/>\n<meta property=\"og:description\" content=\"Ledizioni - Innovative Publishing. Casa editrice universitaria. Open Access. eBook, ePub. Creative Commons.\" \/>\n<meta property=\"og:url\" content=\"https:\/\/www.ledizioni.it\/en\/product\/cuadernos-aispi-n-15-2020-regreso-balance-narrativa-generacion-del-50\/\" \/>\n<meta property=\"og:site_name\" content=\"Ledizioni\" \/>\n<meta property=\"article:publisher\" content=\"https:\/\/www.facebook.com\/pages\/Ledizioni-LediPublishing\/109120559173329\" \/>\n<meta property=\"article:modified_time\" content=\"2020-12-23T15:48:03+00:00\" \/>\n<meta property=\"og:image\" content=\"https:\/\/www.ledizioni.it\/stag\/wp-content\/uploads\/2020\/12\/cuadernosaispi_15_2020_3D.jpg\" \/>\n\t<meta property=\"og:image:width\" content=\"500\" \/>\n\t<meta property=\"og:image:height\" content=\"644\" \/>\n\t<meta property=\"og:image:type\" content=\"image\/jpeg\" \/>\n<meta name=\"twitter:card\" content=\"summary_large_image\" \/>\n<meta name=\"twitter:site\" content=\"@ledizioni\" \/>\n<meta name=\"twitter:label1\" content=\"Estimated reading time\" \/>\n\t<meta name=\"twitter:data1\" content=\"2 minutes\" \/>\n<script type=\"application\/ld+json\" class=\"yoast-schema-graph\">{\"@context\":\"https:\\\/\\\/schema.org\",\"@graph\":[{\"@type\":\"WebPage\",\"@id\":\"https:\\\/\\\/www.ledizioni.it\\\/en\\\/product\\\/cuadernos-aispi-n-15-2020-regreso-balance-narrativa-generacion-del-50\\\/\",\"url\":\"https:\\\/\\\/www.ledizioni.it\\\/en\\\/product\\\/cuadernos-aispi-n-15-2020-regreso-balance-narrativa-generacion-del-50\\\/\",\"name\":\"Cuadernos AISPI n. 15\\\/2020, REGRESO Y BALANCE DE LA NARRATIVA DE LA GENERACI\u00d3N DEL 50 -\",\"isPartOf\":{\"@id\":\"https:\\\/\\\/www.ledizioni.it\\\/#website\"},\"primaryImageOfPage\":{\"@id\":\"https:\\\/\\\/www.ledizioni.it\\\/en\\\/product\\\/cuadernos-aispi-n-15-2020-regreso-balance-narrativa-generacion-del-50\\\/#primaryimage\"},\"image\":{\"@id\":\"https:\\\/\\\/www.ledizioni.it\\\/en\\\/product\\\/cuadernos-aispi-n-15-2020-regreso-balance-narrativa-generacion-del-50\\\/#primaryimage\"},\"thumbnailUrl\":\"https:\\\/\\\/www.ledizioni.it\\\/stag\\\/wp-content\\\/uploads\\\/2020\\\/12\\\/cuadernosaispi_15_2020_3D.jpg\",\"datePublished\":\"2020-12-23T15:42:03+00:00\",\"dateModified\":\"2020-12-23T15:48:03+00:00\",\"description\":\"Ledizioni - Innovative Publishing. Casa editrice universitaria. Open Access. eBook, ePub. Creative Commons.\",\"breadcrumb\":{\"@id\":\"https:\\\/\\\/www.ledizioni.it\\\/en\\\/product\\\/cuadernos-aispi-n-15-2020-regreso-balance-narrativa-generacion-del-50\\\/#breadcrumb\"},\"inLanguage\":\"en-GB\",\"potentialAction\":[{\"@type\":\"ReadAction\",\"target\":[\"https:\\\/\\\/www.ledizioni.it\\\/en\\\/product\\\/cuadernos-aispi-n-15-2020-regreso-balance-narrativa-generacion-del-50\\\/\"]}]},{\"@type\":\"ImageObject\",\"inLanguage\":\"en-GB\",\"@id\":\"https:\\\/\\\/www.ledizioni.it\\\/en\\\/product\\\/cuadernos-aispi-n-15-2020-regreso-balance-narrativa-generacion-del-50\\\/#primaryimage\",\"url\":\"https:\\\/\\\/www.ledizioni.it\\\/stag\\\/wp-content\\\/uploads\\\/2020\\\/12\\\/cuadernosaispi_15_2020_3D.jpg\",\"contentUrl\":\"https:\\\/\\\/www.ledizioni.it\\\/stag\\\/wp-content\\\/uploads\\\/2020\\\/12\\\/cuadernosaispi_15_2020_3D.jpg\",\"width\":500,\"height\":644},{\"@type\":\"BreadcrumbList\",\"@id\":\"https:\\\/\\\/www.ledizioni.it\\\/en\\\/product\\\/cuadernos-aispi-n-15-2020-regreso-balance-narrativa-generacion-del-50\\\/#breadcrumb\",\"itemListElement\":[{\"@type\":\"ListItem\",\"position\":1,\"name\":\"Shop\",\"item\":\"https:\\\/\\\/www.ledizioni.it\\\/shop-2\\\/\"},{\"@type\":\"ListItem\",\"position\":2,\"name\":\"Cuadernos AISPI n. 15\\\/2020, REGRESO Y BALANCE DE LA NARRATIVA DE LA GENERACI\u00d3N DEL 50\"}]},{\"@type\":\"WebSite\",\"@id\":\"https:\\\/\\\/www.ledizioni.it\\\/#website\",\"url\":\"https:\\\/\\\/www.ledizioni.it\\\/\",\"name\":\"Ledizioni\",\"description\":\"The Innovative LediPublishing Company - Casa Editrice Universitaria\",\"publisher\":{\"@id\":\"https:\\\/\\\/www.ledizioni.it\\\/#organization\"},\"potentialAction\":[{\"@type\":\"SearchAction\",\"target\":{\"@type\":\"EntryPoint\",\"urlTemplate\":\"https:\\\/\\\/www.ledizioni.it\\\/?s={search_term_string}\"},\"query-input\":{\"@type\":\"PropertyValueSpecification\",\"valueRequired\":true,\"valueName\":\"search_term_string\"}}],\"inLanguage\":\"en-GB\"},{\"@type\":\"Organization\",\"@id\":\"https:\\\/\\\/www.ledizioni.it\\\/#organization\",\"name\":\"Ledizioni\",\"url\":\"https:\\\/\\\/www.ledizioni.it\\\/\",\"logo\":{\"@type\":\"ImageObject\",\"inLanguage\":\"en-GB\",\"@id\":\"https:\\\/\\\/www.ledizioni.it\\\/#\\\/schema\\\/logo\\\/image\\\/\",\"url\":\"https:\\\/\\\/www.ledizioni.it\\\/stag\\\/wp-content\\\/uploads\\\/2023\\\/10\\\/newlogoledizioni500x110_2-1.jpg\",\"contentUrl\":\"https:\\\/\\\/www.ledizioni.it\\\/stag\\\/wp-content\\\/uploads\\\/2023\\\/10\\\/newlogoledizioni500x110_2-1.jpg\",\"width\":354,\"height\":87,\"caption\":\"Ledizioni\"},\"image\":{\"@id\":\"https:\\\/\\\/www.ledizioni.it\\\/#\\\/schema\\\/logo\\\/image\\\/\"},\"sameAs\":[\"https:\\\/\\\/www.facebook.com\\\/pages\\\/Ledizioni-LediPublishing\\\/109120559173329\",\"https:\\\/\\\/x.com\\\/ledizioni\"]}]}<\/script>\n<!-- \/ Yoast SEO plugin. -->","yoast_head_json":{"title":"Cuadernos AISPI n. 15\/2020, REGRESO Y BALANCE DE LA NARRATIVA DE LA GENERACI\u00d3N DEL 50 -","description":"Ledizioni - Innovative Publishing. Casa editrice universitaria. Open Access. eBook, ePub. Creative Commons.","robots":{"index":"index","follow":"follow","max-snippet":"max-snippet:-1","max-image-preview":"max-image-preview:large","max-video-preview":"max-video-preview:-1"},"canonical":"https:\/\/www.ledizioni.it\/en\/product\/cuadernos-aispi-n-15-2020-regreso-balance-narrativa-generacion-del-50\/","og_locale":"en_GB","og_type":"article","og_title":"Cuadernos AISPI n. 15\/2020, REGRESO Y BALANCE DE LA NARRATIVA DE LA GENERACI\u00d3N DEL 50 -","og_description":"Ledizioni - Innovative Publishing. Casa editrice universitaria. Open Access. eBook, ePub. Creative Commons.","og_url":"https:\/\/www.ledizioni.it\/en\/product\/cuadernos-aispi-n-15-2020-regreso-balance-narrativa-generacion-del-50\/","og_site_name":"Ledizioni","article_publisher":"https:\/\/www.facebook.com\/pages\/Ledizioni-LediPublishing\/109120559173329","article_modified_time":"2020-12-23T15:48:03+00:00","og_image":[{"width":500,"height":644,"url":"https:\/\/www.ledizioni.it\/stag\/wp-content\/uploads\/2020\/12\/cuadernosaispi_15_2020_3D.jpg","type":"image\/jpeg"}],"twitter_card":"summary_large_image","twitter_site":"@ledizioni","twitter_misc":{"Estimated reading time":"2 minutes"},"schema":{"@context":"https:\/\/schema.org","@graph":[{"@type":"WebPage","@id":"https:\/\/www.ledizioni.it\/en\/product\/cuadernos-aispi-n-15-2020-regreso-balance-narrativa-generacion-del-50\/","url":"https:\/\/www.ledizioni.it\/en\/product\/cuadernos-aispi-n-15-2020-regreso-balance-narrativa-generacion-del-50\/","name":"Cuadernos AISPI n. 15\/2020, REGRESO Y BALANCE DE LA NARRATIVA DE LA GENERACI\u00d3N DEL 50 -","isPartOf":{"@id":"https:\/\/www.ledizioni.it\/#website"},"primaryImageOfPage":{"@id":"https:\/\/www.ledizioni.it\/en\/product\/cuadernos-aispi-n-15-2020-regreso-balance-narrativa-generacion-del-50\/#primaryimage"},"image":{"@id":"https:\/\/www.ledizioni.it\/en\/product\/cuadernos-aispi-n-15-2020-regreso-balance-narrativa-generacion-del-50\/#primaryimage"},"thumbnailUrl":"https:\/\/www.ledizioni.it\/stag\/wp-content\/uploads\/2020\/12\/cuadernosaispi_15_2020_3D.jpg","datePublished":"2020-12-23T15:42:03+00:00","dateModified":"2020-12-23T15:48:03+00:00","description":"Ledizioni - Innovative Publishing. Casa editrice universitaria. Open Access. eBook, ePub. Creative Commons.","breadcrumb":{"@id":"https:\/\/www.ledizioni.it\/en\/product\/cuadernos-aispi-n-15-2020-regreso-balance-narrativa-generacion-del-50\/#breadcrumb"},"inLanguage":"en-GB","potentialAction":[{"@type":"ReadAction","target":["https:\/\/www.ledizioni.it\/en\/product\/cuadernos-aispi-n-15-2020-regreso-balance-narrativa-generacion-del-50\/"]}]},{"@type":"ImageObject","inLanguage":"en-GB","@id":"https:\/\/www.ledizioni.it\/en\/product\/cuadernos-aispi-n-15-2020-regreso-balance-narrativa-generacion-del-50\/#primaryimage","url":"https:\/\/www.ledizioni.it\/stag\/wp-content\/uploads\/2020\/12\/cuadernosaispi_15_2020_3D.jpg","contentUrl":"https:\/\/www.ledizioni.it\/stag\/wp-content\/uploads\/2020\/12\/cuadernosaispi_15_2020_3D.jpg","width":500,"height":644},{"@type":"BreadcrumbList","@id":"https:\/\/www.ledizioni.it\/en\/product\/cuadernos-aispi-n-15-2020-regreso-balance-narrativa-generacion-del-50\/#breadcrumb","itemListElement":[{"@type":"ListItem","position":1,"name":"Shop","item":"https:\/\/www.ledizioni.it\/shop-2\/"},{"@type":"ListItem","position":2,"name":"Cuadernos AISPI n. 15\/2020, REGRESO Y BALANCE DE LA NARRATIVA DE LA GENERACI\u00d3N DEL 50"}]},{"@type":"WebSite","@id":"https:\/\/www.ledizioni.it\/#website","url":"https:\/\/www.ledizioni.it\/","name":"Ledizioni","description":"The Innovative LediPublishing Company - Casa Editrice Universitaria","publisher":{"@id":"https:\/\/www.ledizioni.it\/#organization"},"potentialAction":[{"@type":"SearchAction","target":{"@type":"EntryPoint","urlTemplate":"https:\/\/www.ledizioni.it\/?s={search_term_string}"},"query-input":{"@type":"PropertyValueSpecification","valueRequired":true,"valueName":"search_term_string"}}],"inLanguage":"en-GB"},{"@type":"Organization","@id":"https:\/\/www.ledizioni.it\/#organization","name":"Ledizioni","url":"https:\/\/www.ledizioni.it\/","logo":{"@type":"ImageObject","inLanguage":"en-GB","@id":"https:\/\/www.ledizioni.it\/#\/schema\/logo\/image\/","url":"https:\/\/www.ledizioni.it\/stag\/wp-content\/uploads\/2023\/10\/newlogoledizioni500x110_2-1.jpg","contentUrl":"https:\/\/www.ledizioni.it\/stag\/wp-content\/uploads\/2023\/10\/newlogoledizioni500x110_2-1.jpg","width":354,"height":87,"caption":"Ledizioni"},"image":{"@id":"https:\/\/www.ledizioni.it\/#\/schema\/logo\/image\/"},"sameAs":["https:\/\/www.facebook.com\/pages\/Ledizioni-LediPublishing\/109120559173329","https:\/\/x.com\/ledizioni"]}]}},"jetpack_sharing_enabled":true,"_links":{"self":[{"href":"https:\/\/www.ledizioni.it\/en\/wp-json\/wp\/v2\/product\/34785","targetHints":{"allow":["GET"]}}],"collection":[{"href":"https:\/\/www.ledizioni.it\/en\/wp-json\/wp\/v2\/product"}],"about":[{"href":"https:\/\/www.ledizioni.it\/en\/wp-json\/wp\/v2\/types\/product"}],"replies":[{"embeddable":true,"href":"https:\/\/www.ledizioni.it\/en\/wp-json\/wp\/v2\/comments?post=34785"}],"version-history":[{"count":0,"href":"https:\/\/www.ledizioni.it\/en\/wp-json\/wp\/v2\/product\/34785\/revisions"}],"wp:featuredmedia":[{"embeddable":true,"href":"https:\/\/www.ledizioni.it\/en\/wp-json\/wp\/v2\/media\/34786"}],"wp:attachment":[{"href":"https:\/\/www.ledizioni.it\/en\/wp-json\/wp\/v2\/media?parent=34785"}],"wp:term":[{"taxonomy":"product_brand","embeddable":true,"href":"https:\/\/www.ledizioni.it\/en\/wp-json\/wp\/v2\/product_brand?post=34785"},{"taxonomy":"product_cat","embeddable":true,"href":"https:\/\/www.ledizioni.it\/en\/wp-json\/wp\/v2\/product_cat?post=34785"},{"taxonomy":"product_tag","embeddable":true,"href":"https:\/\/www.ledizioni.it\/en\/wp-json\/wp\/v2\/product_tag?post=34785"}],"curies":[{"name":"wp","href":"https:\/\/api.w.org\/{rel}","templated":true}]}}