{"id":36118,"date":"2021-02-26T15:55:11","date_gmt":"2021-02-26T13:55:11","guid":{"rendered":"https:\/\/www.ledizioni.it\/?post_type=product&#038;p=36118"},"modified":"2022-02-24T13:40:52","modified_gmt":"2022-02-24T11:40:52","slug":"epica-marina","status":"publish","type":"product","link":"https:\/\/www.ledizioni.it\/en\/product\/epica-marina\/","title":{"rendered":"EPICA MARINA"},"content":{"rendered":"<p><em><strong>Indice<\/strong><\/em><\/p>\n<ul>\n<li style=\"text-align: justify;\">Premessa<\/li>\n<li style=\"text-align: justify;\">Ronald Blankenborg, <em>The Territory without a Map: the Sea as a Narratological Frame and Compass\u00a0 in the \u201cOdyssey\u201d<\/em><\/li>\n<li style=\"text-align: justify;\">Yukiko Saito, <em>Viewing the Sparkling Scenery of the Sea with \u039c\u03b1\u03c1\u03bc\u03ac\u03c1\u03b5\u03bf\u03c2: Light and Darkness Reflected Reflected upon the Moving\u00a0 Water and its Transformed Role in Homer<\/em><\/li>\n<li style=\"text-align: justify;\">Xavier Lafontaine, <em>Fin\u00a0 des temps, confins des mers et vers sibyllins<\/em><\/li>\n<li style=\"text-align: justify;\">Oriane Demerliac, <em>Ellipse et surgissements des femmes dans la mer h\u00e9ro\u00efque de l\u2019 \u201c\u00c9neide\u201d: de l\u2019h\u00e9ro\u00efsme entre genre litt\u00e9raire et genre sexu\u00e9<\/em><\/li>\n<li style=\"text-align: justify;\">Margherita Lecco, <em>\u00abA grant navie outre la mer\u00bb (v. 2256): la battaglia navale di Wistasse\u00a0 il monaco<\/em><\/li>\n<li style=\"text-align: justify;\">Maria Shakhray, <em>The\u00a0 Myth of Lepanto and Its Literary Representations in European Epic Poetry of\u00a0 the late Cinquecento Cinquecento-early Seicento<\/em><\/li>\n<li style=\"text-align: justify;\">Cristina Montagnani, <em>Viaggiare a occhi chiusi: l\u2019esperienza ulissiade di \u201cMaia\u201d<\/em><\/li>\n<li style=\"text-align: justify;\">Giuseppe Carrara, <em>Un\u2019epica del mare: fra Eliot e Pagliarani<\/em><\/li>\n<li style=\"text-align: justify;\">Elena Traina, <em>Tupaia: Palingenesis of a Polynesian Epic Hero<\/em><\/li>\n<li style=\"text-align: justify;\">Francesco Toniolo, <em>Il vento sulle onde: l\u2019epica dell\u2019esplorazione marittima in \u201cThe Legend of Zelda: the Wind Waker\u201d<\/em><\/li>\n<\/ul>\n<p><strong>DATI BIBLIOGRAFICI<\/strong><br \/>\nEditore: Ledizioni<br \/>\nPubblicato nel: febbraio 2021<br \/>\nCollana: <a href=\"https:\/\/www.ledizioni.it\/en\/collane\/letteratura\/quaderni-di-aoqu\/\">AOQU notebooks<\/a><br \/>\nFormato: brossura, 324 p.<br \/>\nISBN: 9788855264051<br \/>\nPrezzo: 35,00 \u20ac<\/p>\n<p>[button link=&#8221;https:\/\/riviste.unimi.it\/index.php\/aoqu\/issue\/view\/1488\/AOQU%20I%2C%202%20%282020%29&#8243; style=&#8221;download&#8221; color=&#8221;red&#8221;]Scarica il PDF Open Access dal sito di\u00a0<span class=\"s1\">AOQU<\/span>[\/button]<\/p>\n<p><a href=\"https:\/\/www.amazon.it\/Achilles-Orlando-Quixote-Ulysses-Rivista\/dp\/8855264052\/ref=sr_1_1?__mk_it_IT=%C3%85M%C3%85%C5%BD%C3%95%C3%91&amp;crid=VRYA1DFACM86&amp;keywords=9788855264051&amp;qid=1642591021&amp;sprefix=9788855264051%2Caps%2C62&amp;sr=8-1\" target=\"_blank\" rel=\"noopener\"><img decoding=\"async\" class=\"aligncenter size-medium wp-image-23060\" src=\"https:\/\/www.ledizioni.it\/stag\/wp-content\/uploads\/2018\/10\/pulsante-amazon-1-300x104.jpg\" alt=\"\" width=\"150\" height=\"50\" \/><\/a><img decoding=\"async\" style=\"border: none !important; margin: 0px !important;\" src=\"\/\/ir-it.amazon-adsystem.com\/e\/ir?t=ledizioni-21&amp;l=am2&amp;o=29&amp;a=8867057839\" alt=\"\" width=\"1\" height=\"1\" border=\"0\" \/><br \/>\n<a href=\"http:\/\/digital.casalini.it\/4966481\"><img decoding=\"async\" class=\"aligncenter wp-image-23912\" src=\"https:\/\/www.ledizioni.it\/stag\/wp-content\/uploads\/2019\/07\/torrossa_web-150x80.jpg\" alt=\"\" width=\"200\" height=\"60\" \/><\/a><\/p>","protected":false},"excerpt":{"rendered":"<p>Indice Premessa Ronald Blankenborg, The Territory without a Map: the Sea as a Narratological Frame and Compass\u00a0 in the \u201cOdyssey\u201d<\/p>","protected":false},"featured_media":36119,"comment_status":"open","ping_status":"closed","template":"","meta":{"_acf_changed":false},"product_brand":[],"product_cat":[2306],"product_tag":[2307],"class_list":{"0":"post-36118","1":"product","2":"type-product","3":"status-publish","4":"has-post-thumbnail","6":"product_cat-quaderni-di-aoqu","7":"product_tag-epica","9":"first","10":"instock","11":"featured","12":"shipping-taxable","13":"purchasable","14":"product-type-simple"},"acf":[],"yoast_head":"<!-- This site is optimized with the Yoast SEO plugin v27.4 - https:\/\/yoast.com\/product\/yoast-seo-wordpress\/ -->\n<title>EPICA MARINA -<\/title>\n<meta name=\"description\" content=\"Ledizioni - Innovative Publishing. Casa editrice universitaria. Open Access. eBook, ePub. Creative Commons.\" \/>\n<meta name=\"robots\" content=\"index, follow, max-snippet:-1, max-image-preview:large, max-video-preview:-1\" \/>\n<link rel=\"canonical\" href=\"https:\/\/www.ledizioni.it\/en\/product\/epica-marina\/\" \/>\n<meta property=\"og:locale\" content=\"en_GB\" \/>\n<meta property=\"og:type\" content=\"article\" \/>\n<meta property=\"og:title\" content=\"EPICA MARINA -\" \/>\n<meta property=\"og:description\" content=\"Ledizioni - Innovative Publishing. Casa editrice universitaria. Open Access. eBook, ePub. Creative Commons.\" \/>\n<meta property=\"og:url\" content=\"https:\/\/www.ledizioni.it\/en\/product\/epica-marina\/\" \/>\n<meta property=\"og:site_name\" content=\"Ledizioni\" \/>\n<meta property=\"article:publisher\" content=\"https:\/\/www.facebook.com\/pages\/Ledizioni-LediPublishing\/109120559173329\" \/>\n<meta property=\"article:modified_time\" content=\"2022-02-24T11:40:52+00:00\" \/>\n<meta property=\"og:image\" content=\"https:\/\/www.ledizioni.it\/stag\/wp-content\/uploads\/2021\/02\/Epicamarina_3D.jpg\" \/>\n\t<meta property=\"og:image:width\" content=\"500\" \/>\n\t<meta property=\"og:image:height\" content=\"633\" \/>\n\t<meta property=\"og:image:type\" content=\"image\/jpeg\" \/>\n<meta name=\"twitter:card\" content=\"summary_large_image\" \/>\n<meta name=\"twitter:site\" content=\"@ledizioni\" \/>\n<meta name=\"twitter:label1\" content=\"Estimated reading time\" \/>\n\t<meta name=\"twitter:data1\" content=\"1 minute\" \/>\n<script type=\"application\/ld+json\" class=\"yoast-schema-graph\">{\"@context\":\"https:\\\/\\\/schema.org\",\"@graph\":[{\"@type\":\"WebPage\",\"@id\":\"https:\\\/\\\/www.ledizioni.it\\\/prodotto\\\/epica-marina\\\/\",\"url\":\"https:\\\/\\\/www.ledizioni.it\\\/prodotto\\\/epica-marina\\\/\",\"name\":\"EPICA MARINA -\",\"isPartOf\":{\"@id\":\"https:\\\/\\\/www.ledizioni.it\\\/#website\"},\"primaryImageOfPage\":{\"@id\":\"https:\\\/\\\/www.ledizioni.it\\\/prodotto\\\/epica-marina\\\/#primaryimage\"},\"image\":{\"@id\":\"https:\\\/\\\/www.ledizioni.it\\\/prodotto\\\/epica-marina\\\/#primaryimage\"},\"thumbnailUrl\":\"https:\\\/\\\/www.ledizioni.it\\\/stag\\\/wp-content\\\/uploads\\\/2021\\\/02\\\/Epicamarina_3D.jpg\",\"datePublished\":\"2021-02-26T13:55:11+00:00\",\"dateModified\":\"2022-02-24T11:40:52+00:00\",\"description\":\"Ledizioni - Innovative Publishing. Casa editrice universitaria. Open Access. eBook, ePub. Creative Commons.\",\"breadcrumb\":{\"@id\":\"https:\\\/\\\/www.ledizioni.it\\\/prodotto\\\/epica-marina\\\/#breadcrumb\"},\"inLanguage\":\"en-GB\",\"potentialAction\":[{\"@type\":\"ReadAction\",\"target\":[\"https:\\\/\\\/www.ledizioni.it\\\/prodotto\\\/epica-marina\\\/\"]}]},{\"@type\":\"ImageObject\",\"inLanguage\":\"en-GB\",\"@id\":\"https:\\\/\\\/www.ledizioni.it\\\/prodotto\\\/epica-marina\\\/#primaryimage\",\"url\":\"https:\\\/\\\/www.ledizioni.it\\\/stag\\\/wp-content\\\/uploads\\\/2021\\\/02\\\/Epicamarina_3D.jpg\",\"contentUrl\":\"https:\\\/\\\/www.ledizioni.it\\\/stag\\\/wp-content\\\/uploads\\\/2021\\\/02\\\/Epicamarina_3D.jpg\",\"width\":500,\"height\":633},{\"@type\":\"BreadcrumbList\",\"@id\":\"https:\\\/\\\/www.ledizioni.it\\\/prodotto\\\/epica-marina\\\/#breadcrumb\",\"itemListElement\":[{\"@type\":\"ListItem\",\"position\":1,\"name\":\"Shop\",\"item\":\"https:\\\/\\\/www.ledizioni.it\\\/shop-2\\\/\"},{\"@type\":\"ListItem\",\"position\":2,\"name\":\"EPICA MARINA\"}]},{\"@type\":\"WebSite\",\"@id\":\"https:\\\/\\\/www.ledizioni.it\\\/#website\",\"url\":\"https:\\\/\\\/www.ledizioni.it\\\/\",\"name\":\"Ledizioni\",\"description\":\"The Innovative LediPublishing Company - Casa Editrice Universitaria\",\"publisher\":{\"@id\":\"https:\\\/\\\/www.ledizioni.it\\\/#organization\"},\"potentialAction\":[{\"@type\":\"SearchAction\",\"target\":{\"@type\":\"EntryPoint\",\"urlTemplate\":\"https:\\\/\\\/www.ledizioni.it\\\/?s={search_term_string}\"},\"query-input\":{\"@type\":\"PropertyValueSpecification\",\"valueRequired\":true,\"valueName\":\"search_term_string\"}}],\"inLanguage\":\"en-GB\"},{\"@type\":\"Organization\",\"@id\":\"https:\\\/\\\/www.ledizioni.it\\\/#organization\",\"name\":\"Ledizioni\",\"url\":\"https:\\\/\\\/www.ledizioni.it\\\/\",\"logo\":{\"@type\":\"ImageObject\",\"inLanguage\":\"en-GB\",\"@id\":\"https:\\\/\\\/www.ledizioni.it\\\/#\\\/schema\\\/logo\\\/image\\\/\",\"url\":\"https:\\\/\\\/www.ledizioni.it\\\/stag\\\/wp-content\\\/uploads\\\/2023\\\/10\\\/newlogoledizioni500x110_2-1.jpg\",\"contentUrl\":\"https:\\\/\\\/www.ledizioni.it\\\/stag\\\/wp-content\\\/uploads\\\/2023\\\/10\\\/newlogoledizioni500x110_2-1.jpg\",\"width\":354,\"height\":87,\"caption\":\"Ledizioni\"},\"image\":{\"@id\":\"https:\\\/\\\/www.ledizioni.it\\\/#\\\/schema\\\/logo\\\/image\\\/\"},\"sameAs\":[\"https:\\\/\\\/www.facebook.com\\\/pages\\\/Ledizioni-LediPublishing\\\/109120559173329\",\"https:\\\/\\\/x.com\\\/ledizioni\"]}]}<\/script>\n<!-- \/ Yoast SEO plugin. -->","yoast_head_json":{"title":"EPICA MARINA -","description":"Ledizioni - Innovative Publishing. Casa editrice universitaria. Open Access. eBook, ePub. Creative Commons.","robots":{"index":"index","follow":"follow","max-snippet":"max-snippet:-1","max-image-preview":"max-image-preview:large","max-video-preview":"max-video-preview:-1"},"canonical":"https:\/\/www.ledizioni.it\/en\/product\/epica-marina\/","og_locale":"en_GB","og_type":"article","og_title":"EPICA MARINA -","og_description":"Ledizioni - Innovative Publishing. Casa editrice universitaria. Open Access. eBook, ePub. Creative Commons.","og_url":"https:\/\/www.ledizioni.it\/en\/product\/epica-marina\/","og_site_name":"Ledizioni","article_publisher":"https:\/\/www.facebook.com\/pages\/Ledizioni-LediPublishing\/109120559173329","article_modified_time":"2022-02-24T11:40:52+00:00","og_image":[{"width":500,"height":633,"url":"https:\/\/www.ledizioni.it\/stag\/wp-content\/uploads\/2021\/02\/Epicamarina_3D.jpg","type":"image\/jpeg"}],"twitter_card":"summary_large_image","twitter_site":"@ledizioni","twitter_misc":{"Estimated reading time":"1 minute"},"schema":{"@context":"https:\/\/schema.org","@graph":[{"@type":"WebPage","@id":"https:\/\/www.ledizioni.it\/prodotto\/epica-marina\/","url":"https:\/\/www.ledizioni.it\/prodotto\/epica-marina\/","name":"EPICA MARINA -","isPartOf":{"@id":"https:\/\/www.ledizioni.it\/#website"},"primaryImageOfPage":{"@id":"https:\/\/www.ledizioni.it\/prodotto\/epica-marina\/#primaryimage"},"image":{"@id":"https:\/\/www.ledizioni.it\/prodotto\/epica-marina\/#primaryimage"},"thumbnailUrl":"https:\/\/www.ledizioni.it\/stag\/wp-content\/uploads\/2021\/02\/Epicamarina_3D.jpg","datePublished":"2021-02-26T13:55:11+00:00","dateModified":"2022-02-24T11:40:52+00:00","description":"Ledizioni - Innovative Publishing. Casa editrice universitaria. Open Access. eBook, ePub. Creative Commons.","breadcrumb":{"@id":"https:\/\/www.ledizioni.it\/prodotto\/epica-marina\/#breadcrumb"},"inLanguage":"en-GB","potentialAction":[{"@type":"ReadAction","target":["https:\/\/www.ledizioni.it\/prodotto\/epica-marina\/"]}]},{"@type":"ImageObject","inLanguage":"en-GB","@id":"https:\/\/www.ledizioni.it\/prodotto\/epica-marina\/#primaryimage","url":"https:\/\/www.ledizioni.it\/stag\/wp-content\/uploads\/2021\/02\/Epicamarina_3D.jpg","contentUrl":"https:\/\/www.ledizioni.it\/stag\/wp-content\/uploads\/2021\/02\/Epicamarina_3D.jpg","width":500,"height":633},{"@type":"BreadcrumbList","@id":"https:\/\/www.ledizioni.it\/prodotto\/epica-marina\/#breadcrumb","itemListElement":[{"@type":"ListItem","position":1,"name":"Shop","item":"https:\/\/www.ledizioni.it\/shop-2\/"},{"@type":"ListItem","position":2,"name":"EPICA MARINA"}]},{"@type":"WebSite","@id":"https:\/\/www.ledizioni.it\/#website","url":"https:\/\/www.ledizioni.it\/","name":"Ledizioni","description":"The Innovative LediPublishing Company - Casa Editrice Universitaria","publisher":{"@id":"https:\/\/www.ledizioni.it\/#organization"},"potentialAction":[{"@type":"SearchAction","target":{"@type":"EntryPoint","urlTemplate":"https:\/\/www.ledizioni.it\/?s={search_term_string}"},"query-input":{"@type":"PropertyValueSpecification","valueRequired":true,"valueName":"search_term_string"}}],"inLanguage":"en-GB"},{"@type":"Organization","@id":"https:\/\/www.ledizioni.it\/#organization","name":"Ledizioni","url":"https:\/\/www.ledizioni.it\/","logo":{"@type":"ImageObject","inLanguage":"en-GB","@id":"https:\/\/www.ledizioni.it\/#\/schema\/logo\/image\/","url":"https:\/\/www.ledizioni.it\/stag\/wp-content\/uploads\/2023\/10\/newlogoledizioni500x110_2-1.jpg","contentUrl":"https:\/\/www.ledizioni.it\/stag\/wp-content\/uploads\/2023\/10\/newlogoledizioni500x110_2-1.jpg","width":354,"height":87,"caption":"Ledizioni"},"image":{"@id":"https:\/\/www.ledizioni.it\/#\/schema\/logo\/image\/"},"sameAs":["https:\/\/www.facebook.com\/pages\/Ledizioni-LediPublishing\/109120559173329","https:\/\/x.com\/ledizioni"]}]}},"jetpack_sharing_enabled":true,"_links":{"self":[{"href":"https:\/\/www.ledizioni.it\/en\/wp-json\/wp\/v2\/product\/36118","targetHints":{"allow":["GET"]}}],"collection":[{"href":"https:\/\/www.ledizioni.it\/en\/wp-json\/wp\/v2\/product"}],"about":[{"href":"https:\/\/www.ledizioni.it\/en\/wp-json\/wp\/v2\/types\/product"}],"replies":[{"embeddable":true,"href":"https:\/\/www.ledizioni.it\/en\/wp-json\/wp\/v2\/comments?post=36118"}],"version-history":[{"count":1,"href":"https:\/\/www.ledizioni.it\/en\/wp-json\/wp\/v2\/product\/36118\/revisions"}],"predecessor-version":[{"id":36120,"href":"https:\/\/www.ledizioni.it\/en\/wp-json\/wp\/v2\/product\/36118\/revisions\/36120"}],"wp:featuredmedia":[{"embeddable":true,"href":"https:\/\/www.ledizioni.it\/en\/wp-json\/wp\/v2\/media\/36119"}],"wp:attachment":[{"href":"https:\/\/www.ledizioni.it\/en\/wp-json\/wp\/v2\/media?parent=36118"}],"wp:term":[{"taxonomy":"product_brand","embeddable":true,"href":"https:\/\/www.ledizioni.it\/en\/wp-json\/wp\/v2\/product_brand?post=36118"},{"taxonomy":"product_cat","embeddable":true,"href":"https:\/\/www.ledizioni.it\/en\/wp-json\/wp\/v2\/product_cat?post=36118"},{"taxonomy":"product_tag","embeddable":true,"href":"https:\/\/www.ledizioni.it\/en\/wp-json\/wp\/v2\/product_tag?post=36118"}],"curies":[{"name":"wp","href":"https:\/\/api.w.org\/{rel}","templated":true}]}}