{"id":36148,"date":"2021-02-26T17:11:23","date_gmt":"2021-02-26T15:11:23","guid":{"rendered":"https:\/\/www.ledizioni.it\/?post_type=product&#038;p=36148"},"modified":"2021-05-28T16:59:06","modified_gmt":"2021-05-28T14:59:06","slug":"tintas-iii-serie-n-9-2020","status":"publish","type":"product","link":"https:\/\/www.ledizioni.it\/en\/product\/tintas-iii-serie-n-9-2020\/","title":{"rendered":"TINTAS &#8211; III serie, n. 9, 2020"},"content":{"rendered":"<p>ARTICOLI<\/p>\n<ul>\n<li style=\"text-align: justify;\">Ada Milani, <em>La conquista del diritto alla differenza: uno sguardo alla letteratura brasiliana per l\u2019infanzia<\/em><\/li>\n<li style=\"text-align: justify;\">Elisa Alberani, <em>La grammatica della fantasia arriva in Brasile: problemi e difficolt\u00e0 nella prima traduzione in lingua portoghese di Gianni Rodari<\/em><\/li>\n<li style=\"text-align: justify;\">Sheila Mau\u00e9s Autiello, <em>Da casa ao macrobordel: o remanescente colonial da escravid\u00e3o e os (necro)neg\u00f3cios gore do Brasil contempor\u00e2neo, no romance<\/em> pssica<\/li>\n<li style=\"text-align: justify;\">Andrea Mulas, <em>L\u2019America latina di Linda Bimbi e Alberto Manzi<\/em><\/li>\n<li style=\"text-align: justify;\">Javier Barreiro, <em>Los vampiros del pueblo<\/em><\/li>\n<li style=\"text-align: justify;\">Luis Melero Mascare\u00f1as, <em>Historia de la revista<\/em> Litoral:<em> cartas &amp; caligraf\u00edas (II)<\/em><\/li>\n<\/ul>\n<p>TRASBORDI<\/p>\n<ul>\n<li>Jos\u00e9 Enrique Garc\u00eda,<em> Sette poesie (trad. di Marina Bianchi)<\/em><\/li>\n<li>Vicente Cervera Salinas<em>, Quattro poesie (trad. di Tiziano Faustinelli)<\/em><\/li>\n<li>Pere Calders,<em> Cinque testi (trad. di Simone Cattaneo)<\/em><\/li>\n<li>Gonzalo Hidalgo Bayal,<em> Due racconti (trad. di Danilo Manera)<\/em><\/li>\n<li>Vicente Quirarte,<em> Undici poesie (trad. di Giuliana Calabrese)<\/em><\/li>\n<\/ul>\n<p>NOTE<\/p>\n<ul>\n<li style=\"text-align: justify;\">Gaia Biffi, <em>El novelista di Ram\u00f3n G\u00f3mez de la Serna: aspetti metanarrativi<\/em><\/li>\n<li style=\"text-align: justify;\">Federica Zichittella, <em>Repetita iuvant. Una prospettiva diversa sul valore delle ripetizioni<\/em><\/li>\n<li style=\"text-align: justify;\">Jos\u00e9 Luna Borge, <em>Los mirlos de Miguel<\/em><\/li>\n<li style=\"text-align: justify;\">Danilo Manera, <em>El dorado tr\u00f3pico di Carmen de Burgos<\/em><\/li>\n<\/ul>\n<p>RECENSIONI<\/p>\n<ul>\n<li style=\"text-align: justify;\">Luis de G\u00f3ngora, <em>Le ferme intenzioni di Isabella \/ Las firmezas de Isabela<\/em> [Maria Rosso]<\/li>\n<li style=\"text-align: justify;\">Alonso Jer\u00f3nimo de Salas Barbadillo, <em>Correcci\u00f3n de vicios<\/em> [Maria Rosso]<\/li>\n<li style=\"text-align: justify;\">Ricardo Men\u00e9ndez Salm\u00f3n, <em>No entres d\u00f3cilmente en esa noche quieta<\/em> [Simone Cattaneo]<\/li>\n<li style=\"text-align: justify;\">Ana Mart\u00ednez Castillo, <em>Me vestir\u00e1n con cenizas<\/em> [Paula Fern\u00e1ndez Villalobos]<\/li>\n<li style=\"text-align: justify;\">M\u00f3nica Ojeda, <em>La voladoras<\/em> [Giuliana Calabrese]<\/li>\n<li style=\"text-align: justify;\">Francisco Zamora Laboch, <em>La Rep\u00fablica fant\u00e1stica de Annob\u00f3n<\/em> [Danilo Manera]<\/li>\n<\/ul>\n<p><strong>RIFERIMENTI BIBLIOGRAFICI<\/strong><\/p>\n<p>Prezzo cartaceo: 25,00\u00a0\u20ac<\/p>","protected":false},"excerpt":{"rendered":"<p>ARTICOLI Ada Milani, La conquista del diritto alla differenza: uno sguardo alla letteratura brasiliana per l\u2019infanzia Elisa Alberani, La grammatica<\/p>","protected":false},"featured_media":36149,"comment_status":"open","ping_status":"closed","template":"","meta":{"_acf_changed":false},"product_brand":[],"product_cat":[1292],"product_tag":[1296,1295,1294],"class_list":{"0":"post-36148","1":"product","2":"type-product","3":"status-publish","4":"has-post-thumbnail","6":"product_cat-tintas","7":"product_tag-lingue-iberiche","8":"product_tag-portogallo","9":"product_tag-spagna","10":"pa_formato-cartaceo","11":"pa_lingua-spagnolo","13":"first","14":"instock","15":"shipping-taxable","16":"purchasable","17":"product-type-simple"},"acf":[],"yoast_head":"<!-- This site is optimized with the Yoast SEO plugin v27.3 - https:\/\/yoast.com\/product\/yoast-seo-wordpress\/ -->\n<title>TINTAS - III serie, n. 9, 2020 -<\/title>\n<meta name=\"description\" content=\"Ledizioni - Innovative Publishing. Casa editrice universitaria. Open Access. eBook, ePub. Creative Commons.\" \/>\n<meta name=\"robots\" content=\"index, follow, max-snippet:-1, max-image-preview:large, max-video-preview:-1\" \/>\n<link rel=\"canonical\" href=\"https:\/\/www.ledizioni.it\/en\/product\/tintas-iii-serie-n-9-2020\/\" \/>\n<meta property=\"og:locale\" content=\"en_GB\" \/>\n<meta property=\"og:type\" content=\"article\" \/>\n<meta property=\"og:title\" content=\"TINTAS - III serie, n. 9, 2020 -\" \/>\n<meta property=\"og:description\" content=\"Ledizioni - Innovative Publishing. Casa editrice universitaria. Open Access. eBook, ePub. Creative Commons.\" \/>\n<meta property=\"og:url\" content=\"https:\/\/www.ledizioni.it\/en\/product\/tintas-iii-serie-n-9-2020\/\" \/>\n<meta property=\"og:site_name\" content=\"Ledizioni\" \/>\n<meta property=\"article:publisher\" content=\"https:\/\/www.facebook.com\/pages\/Ledizioni-LediPublishing\/109120559173329\" \/>\n<meta property=\"article:modified_time\" content=\"2021-05-28T14:59:06+00:00\" \/>\n<meta property=\"og:image\" content=\"https:\/\/www.ledizioni.it\/stag\/wp-content\/uploads\/2021\/02\/Tintas9_3D.jpg\" \/>\n\t<meta property=\"og:image:width\" content=\"500\" \/>\n\t<meta property=\"og:image:height\" content=\"652\" \/>\n\t<meta property=\"og:image:type\" content=\"image\/jpeg\" \/>\n<meta name=\"twitter:card\" content=\"summary_large_image\" \/>\n<meta name=\"twitter:site\" content=\"@ledizioni\" \/>\n<meta name=\"twitter:label1\" content=\"Estimated reading time\" \/>\n\t<meta name=\"twitter:data1\" content=\"1 minute\" \/>\n<script type=\"application\/ld+json\" class=\"yoast-schema-graph\">{\"@context\":\"https:\\\/\\\/schema.org\",\"@graph\":[{\"@type\":\"WebPage\",\"@id\":\"https:\\\/\\\/www.ledizioni.it\\\/prodotto\\\/tintas-iii-serie-n-9-2020\\\/\",\"url\":\"https:\\\/\\\/www.ledizioni.it\\\/prodotto\\\/tintas-iii-serie-n-9-2020\\\/\",\"name\":\"TINTAS - III serie, n. 9, 2020 -\",\"isPartOf\":{\"@id\":\"https:\\\/\\\/www.ledizioni.it\\\/#website\"},\"primaryImageOfPage\":{\"@id\":\"https:\\\/\\\/www.ledizioni.it\\\/prodotto\\\/tintas-iii-serie-n-9-2020\\\/#primaryimage\"},\"image\":{\"@id\":\"https:\\\/\\\/www.ledizioni.it\\\/prodotto\\\/tintas-iii-serie-n-9-2020\\\/#primaryimage\"},\"thumbnailUrl\":\"https:\\\/\\\/www.ledizioni.it\\\/stag\\\/wp-content\\\/uploads\\\/2021\\\/02\\\/Tintas9_3D.jpg\",\"datePublished\":\"2021-02-26T15:11:23+00:00\",\"dateModified\":\"2021-05-28T14:59:06+00:00\",\"description\":\"Ledizioni - Innovative Publishing. Casa editrice universitaria. Open Access. eBook, ePub. Creative Commons.\",\"breadcrumb\":{\"@id\":\"https:\\\/\\\/www.ledizioni.it\\\/prodotto\\\/tintas-iii-serie-n-9-2020\\\/#breadcrumb\"},\"inLanguage\":\"en-GB\",\"potentialAction\":[{\"@type\":\"ReadAction\",\"target\":[\"https:\\\/\\\/www.ledizioni.it\\\/prodotto\\\/tintas-iii-serie-n-9-2020\\\/\"]}]},{\"@type\":\"ImageObject\",\"inLanguage\":\"en-GB\",\"@id\":\"https:\\\/\\\/www.ledizioni.it\\\/prodotto\\\/tintas-iii-serie-n-9-2020\\\/#primaryimage\",\"url\":\"https:\\\/\\\/www.ledizioni.it\\\/stag\\\/wp-content\\\/uploads\\\/2021\\\/02\\\/Tintas9_3D.jpg\",\"contentUrl\":\"https:\\\/\\\/www.ledizioni.it\\\/stag\\\/wp-content\\\/uploads\\\/2021\\\/02\\\/Tintas9_3D.jpg\",\"width\":500,\"height\":652},{\"@type\":\"BreadcrumbList\",\"@id\":\"https:\\\/\\\/www.ledizioni.it\\\/prodotto\\\/tintas-iii-serie-n-9-2020\\\/#breadcrumb\",\"itemListElement\":[{\"@type\":\"ListItem\",\"position\":1,\"name\":\"Shop\",\"item\":\"https:\\\/\\\/www.ledizioni.it\\\/shop-2\\\/\"},{\"@type\":\"ListItem\",\"position\":2,\"name\":\"TINTAS &#8211; III serie, n. 9, 2020\"}]},{\"@type\":\"WebSite\",\"@id\":\"https:\\\/\\\/www.ledizioni.it\\\/#website\",\"url\":\"https:\\\/\\\/www.ledizioni.it\\\/\",\"name\":\"Ledizioni\",\"description\":\"The Innovative LediPublishing Company - Casa Editrice Universitaria\",\"publisher\":{\"@id\":\"https:\\\/\\\/www.ledizioni.it\\\/#organization\"},\"potentialAction\":[{\"@type\":\"SearchAction\",\"target\":{\"@type\":\"EntryPoint\",\"urlTemplate\":\"https:\\\/\\\/www.ledizioni.it\\\/?s={search_term_string}\"},\"query-input\":{\"@type\":\"PropertyValueSpecification\",\"valueRequired\":true,\"valueName\":\"search_term_string\"}}],\"inLanguage\":\"en-GB\"},{\"@type\":\"Organization\",\"@id\":\"https:\\\/\\\/www.ledizioni.it\\\/#organization\",\"name\":\"Ledizioni\",\"url\":\"https:\\\/\\\/www.ledizioni.it\\\/\",\"logo\":{\"@type\":\"ImageObject\",\"inLanguage\":\"en-GB\",\"@id\":\"https:\\\/\\\/www.ledizioni.it\\\/#\\\/schema\\\/logo\\\/image\\\/\",\"url\":\"https:\\\/\\\/www.ledizioni.it\\\/stag\\\/wp-content\\\/uploads\\\/2023\\\/10\\\/newlogoledizioni500x110_2-1.jpg\",\"contentUrl\":\"https:\\\/\\\/www.ledizioni.it\\\/stag\\\/wp-content\\\/uploads\\\/2023\\\/10\\\/newlogoledizioni500x110_2-1.jpg\",\"width\":354,\"height\":87,\"caption\":\"Ledizioni\"},\"image\":{\"@id\":\"https:\\\/\\\/www.ledizioni.it\\\/#\\\/schema\\\/logo\\\/image\\\/\"},\"sameAs\":[\"https:\\\/\\\/www.facebook.com\\\/pages\\\/Ledizioni-LediPublishing\\\/109120559173329\",\"https:\\\/\\\/x.com\\\/ledizioni\"]}]}<\/script>\n<!-- \/ Yoast SEO plugin. -->","yoast_head_json":{"title":"TINTAS - III serie, n. 9, 2020 -","description":"Ledizioni - Innovative Publishing. Casa editrice universitaria. Open Access. eBook, ePub. Creative Commons.","robots":{"index":"index","follow":"follow","max-snippet":"max-snippet:-1","max-image-preview":"max-image-preview:large","max-video-preview":"max-video-preview:-1"},"canonical":"https:\/\/www.ledizioni.it\/en\/product\/tintas-iii-serie-n-9-2020\/","og_locale":"en_GB","og_type":"article","og_title":"TINTAS - III serie, n. 9, 2020 -","og_description":"Ledizioni - Innovative Publishing. Casa editrice universitaria. Open Access. eBook, ePub. Creative Commons.","og_url":"https:\/\/www.ledizioni.it\/en\/product\/tintas-iii-serie-n-9-2020\/","og_site_name":"Ledizioni","article_publisher":"https:\/\/www.facebook.com\/pages\/Ledizioni-LediPublishing\/109120559173329","article_modified_time":"2021-05-28T14:59:06+00:00","og_image":[{"width":500,"height":652,"url":"https:\/\/www.ledizioni.it\/stag\/wp-content\/uploads\/2021\/02\/Tintas9_3D.jpg","type":"image\/jpeg"}],"twitter_card":"summary_large_image","twitter_site":"@ledizioni","twitter_misc":{"Estimated reading time":"1 minute"},"schema":{"@context":"https:\/\/schema.org","@graph":[{"@type":"WebPage","@id":"https:\/\/www.ledizioni.it\/prodotto\/tintas-iii-serie-n-9-2020\/","url":"https:\/\/www.ledizioni.it\/prodotto\/tintas-iii-serie-n-9-2020\/","name":"TINTAS - III serie, n. 9, 2020 -","isPartOf":{"@id":"https:\/\/www.ledizioni.it\/#website"},"primaryImageOfPage":{"@id":"https:\/\/www.ledizioni.it\/prodotto\/tintas-iii-serie-n-9-2020\/#primaryimage"},"image":{"@id":"https:\/\/www.ledizioni.it\/prodotto\/tintas-iii-serie-n-9-2020\/#primaryimage"},"thumbnailUrl":"https:\/\/www.ledizioni.it\/stag\/wp-content\/uploads\/2021\/02\/Tintas9_3D.jpg","datePublished":"2021-02-26T15:11:23+00:00","dateModified":"2021-05-28T14:59:06+00:00","description":"Ledizioni - Innovative Publishing. Casa editrice universitaria. Open Access. eBook, ePub. Creative Commons.","breadcrumb":{"@id":"https:\/\/www.ledizioni.it\/prodotto\/tintas-iii-serie-n-9-2020\/#breadcrumb"},"inLanguage":"en-GB","potentialAction":[{"@type":"ReadAction","target":["https:\/\/www.ledizioni.it\/prodotto\/tintas-iii-serie-n-9-2020\/"]}]},{"@type":"ImageObject","inLanguage":"en-GB","@id":"https:\/\/www.ledizioni.it\/prodotto\/tintas-iii-serie-n-9-2020\/#primaryimage","url":"https:\/\/www.ledizioni.it\/stag\/wp-content\/uploads\/2021\/02\/Tintas9_3D.jpg","contentUrl":"https:\/\/www.ledizioni.it\/stag\/wp-content\/uploads\/2021\/02\/Tintas9_3D.jpg","width":500,"height":652},{"@type":"BreadcrumbList","@id":"https:\/\/www.ledizioni.it\/prodotto\/tintas-iii-serie-n-9-2020\/#breadcrumb","itemListElement":[{"@type":"ListItem","position":1,"name":"Shop","item":"https:\/\/www.ledizioni.it\/shop-2\/"},{"@type":"ListItem","position":2,"name":"TINTAS &#8211; III serie, n. 9, 2020"}]},{"@type":"WebSite","@id":"https:\/\/www.ledizioni.it\/#website","url":"https:\/\/www.ledizioni.it\/","name":"Ledizioni","description":"The Innovative LediPublishing Company - Casa Editrice Universitaria","publisher":{"@id":"https:\/\/www.ledizioni.it\/#organization"},"potentialAction":[{"@type":"SearchAction","target":{"@type":"EntryPoint","urlTemplate":"https:\/\/www.ledizioni.it\/?s={search_term_string}"},"query-input":{"@type":"PropertyValueSpecification","valueRequired":true,"valueName":"search_term_string"}}],"inLanguage":"en-GB"},{"@type":"Organization","@id":"https:\/\/www.ledizioni.it\/#organization","name":"Ledizioni","url":"https:\/\/www.ledizioni.it\/","logo":{"@type":"ImageObject","inLanguage":"en-GB","@id":"https:\/\/www.ledizioni.it\/#\/schema\/logo\/image\/","url":"https:\/\/www.ledizioni.it\/stag\/wp-content\/uploads\/2023\/10\/newlogoledizioni500x110_2-1.jpg","contentUrl":"https:\/\/www.ledizioni.it\/stag\/wp-content\/uploads\/2023\/10\/newlogoledizioni500x110_2-1.jpg","width":354,"height":87,"caption":"Ledizioni"},"image":{"@id":"https:\/\/www.ledizioni.it\/#\/schema\/logo\/image\/"},"sameAs":["https:\/\/www.facebook.com\/pages\/Ledizioni-LediPublishing\/109120559173329","https:\/\/x.com\/ledizioni"]}]}},"jetpack_sharing_enabled":true,"_links":{"self":[{"href":"https:\/\/www.ledizioni.it\/en\/wp-json\/wp\/v2\/product\/36148","targetHints":{"allow":["GET"]}}],"collection":[{"href":"https:\/\/www.ledizioni.it\/en\/wp-json\/wp\/v2\/product"}],"about":[{"href":"https:\/\/www.ledizioni.it\/en\/wp-json\/wp\/v2\/types\/product"}],"replies":[{"embeddable":true,"href":"https:\/\/www.ledizioni.it\/en\/wp-json\/wp\/v2\/comments?post=36148"}],"version-history":[{"count":0,"href":"https:\/\/www.ledizioni.it\/en\/wp-json\/wp\/v2\/product\/36148\/revisions"}],"wp:featuredmedia":[{"embeddable":true,"href":"https:\/\/www.ledizioni.it\/en\/wp-json\/wp\/v2\/media\/36149"}],"wp:attachment":[{"href":"https:\/\/www.ledizioni.it\/en\/wp-json\/wp\/v2\/media?parent=36148"}],"wp:term":[{"taxonomy":"product_brand","embeddable":true,"href":"https:\/\/www.ledizioni.it\/en\/wp-json\/wp\/v2\/product_brand?post=36148"},{"taxonomy":"product_cat","embeddable":true,"href":"https:\/\/www.ledizioni.it\/en\/wp-json\/wp\/v2\/product_cat?post=36148"},{"taxonomy":"product_tag","embeddable":true,"href":"https:\/\/www.ledizioni.it\/en\/wp-json\/wp\/v2\/product_tag?post=36148"}],"curies":[{"name":"wp","href":"https:\/\/api.w.org\/{rel}","templated":true}]}}