{"id":36426,"date":"2021-03-08T18:07:11","date_gmt":"2021-03-08T16:07:11","guid":{"rendered":"https:\/\/www.ledizioni.it\/?post_type=product&#038;p=36426"},"modified":"2026-01-27T12:27:59","modified_gmt":"2026-01-27T10:27:59","slug":"la-societa-della-mercificazione-e-della-sorveglianza-dalla-persona-ai-dati","status":"publish","type":"product","link":"https:\/\/www.ledizioni.it\/en\/product\/la-societa-della-mercificazione-e-della-sorveglianza-dalla-persona-ai-dati\/","title":{"rendered":"LA SOCIET\u00c0 DELLA MERCIFICAZIONE E DELLA SORVEGLIANZA: DALLA PERSONA AI DATI"},"content":{"rendered":"<div data-elementor-type=\"product-post\" data-elementor-id=\"36426\" class=\"elementor elementor-36426\" data-elementor-post-type=\"product\">\n\t\t\t\t\t\t<section class=\"elementor-section elementor-top-section elementor-element elementor-element-52678832 elementor-section-boxed elementor-section-height-default elementor-section-height-default wd-section-disabled\" data-id=\"52678832\" data-element_type=\"section\" data-e-type=\"section\">\n\t\t\t\t\t\t<div class=\"elementor-container elementor-column-gap-default\">\n\t\t\t\t\t<div class=\"elementor-column elementor-col-100 elementor-top-column elementor-element elementor-element-5b7ea9da\" data-id=\"5b7ea9da\" data-element_type=\"column\" data-e-type=\"column\">\n\t\t\t<div class=\"elementor-widget-wrap elementor-element-populated\">\n\t\t\t\t\t\t<div class=\"elementor-element elementor-element-84ff360 color-scheme-inherit text-left elementor-widget elementor-widget-text-editor\" data-id=\"84ff360\" data-element_type=\"widget\" data-e-type=\"widget\" data-widget_type=\"text-editor.default\">\n\t\t\t\t<div class=\"elementor-widget-container\">\n\t\t\t\t\t\t\t\t\t<p><a href=\"https:\/\/www.youtube.com\/watch?v=ijA7KhbUHyA\"><em><strong>Video presentazione del 6 maggio 2021<\/strong><\/em><\/a><\/p><p style=\"text-align: justify;\">La finalit\u00e0 di questo testo \u00e8 di aiutare gli studenti a maturare, attraverso l\u2019apprendimento basato sul metodo casistico-problematico, una propria riflessione critica sull\u2019evoluzione dei diritti (o del diritto) della personalit\u00e0.<br \/>In una societ\u00e0 in cui la mercificazione e la datificazione si associano alla sorveglianza e quest\u2019ultima diventa pervasiva si moltiplicano le minacce alla persona nelle sue dimensioni individuale e collettiva. In gioco \u00e8 la tenuta delle societ\u00e0 democratiche. In che misura il diritto civile (il diritto dei privati) pu\u00f2 contribuire a contrastare o ad assecondare queste minacce? Alcune risposte parziali dovrebbero emergere nella parte quarta del libro.<\/p><p><strong>DATI BIBLIOGRAFICI<\/strong><br \/>Autore: Roberto Caso<br \/>Editore: Ledizioni<br \/>Pubblicato nel: marzo 2021<br \/>Collana: <a href=\"https:\/\/www.ledizioni.it\/en\/collane\/diritto\/diritto-aperto\/\">Diritto Aperto<\/a><br \/>Formato: brossura, 368 p. &#8211; PDF in Open Access &#8211; ePub<br \/>ISBN cartaceo: 9788855264211<br \/>ISBN ePub: 9788855264228<br \/>ISBN PDF OA: 9788855264389<br \/>Prezzo cartaceo: 18 \u20ac<br \/>Prezzo ePub: 8,99 \u20ac<br \/>Prezzo PDF: 0,00\u00a0<br \/><a href=\"https:\/\/www.amazon.it\/societ%C3%A0-della-mercificazione-sorveglianza-problemi\/dp\/8855264214\/ref=sr_1_1?__mk_it_IT=%C3%85M%C3%85%C5%BD%C3%95%C3%91&amp;crid=RF5ZDOO6AYPA&amp;keywords=9788855264211&amp;qid=1642590337&amp;sprefix=9788855264211%2Caps%2C116&amp;sr=8-1\" target=\"_blank\" rel=\"noopener\"><img decoding=\"async\" class=\"aligncenter size-medium wp-image-23060\" src=\"https:\/\/www.ledizioni.it\/stag\/wp-content\/uploads\/2018\/10\/pulsante-amazon-1-300x104.jpg\" alt=\"\" width=\"150\" height=\"50\" \/><\/a><img decoding=\"async\" style=\"border: none !important; margin: 0px !important;\" src=\"\/\/ir-it.amazon-adsystem.com\/e\/ir?t=ledizioni-21&amp;l=am2&amp;o=29&amp;a=8867057839\" alt=\"\" width=\"1\" height=\"1\" border=\"0\" \/><br \/><a href=\"http:\/\/digital.casalini.it\/9788855264228\"><img decoding=\"async\" class=\"aligncenter wp-image-23912\" src=\"https:\/\/www.ledizioni.it\/stag\/wp-content\/uploads\/2019\/07\/torrossa_web-150x80.jpg\" alt=\"\" width=\"200\" height=\"60\" \/><\/a><\/p><p>\u00a0<\/p>\t\t\t\t\t\t\t\t<\/div>\n\t\t\t\t<\/div>\n\t\t\t\t\t<\/div>\n\t\t<\/div>\n\t\t\t\t\t<\/div>\n\t\t<\/section>\n\t\t\t\t<section class=\"elementor-section elementor-top-section elementor-element elementor-element-5e820a2 elementor-section-boxed elementor-section-height-default elementor-section-height-default wd-section-disabled\" data-id=\"5e820a2\" data-element_type=\"section\" data-e-type=\"section\">\n\t\t\t\t\t\t<div class=\"elementor-container elementor-column-gap-default\">\n\t\t\t\t\t<div class=\"elementor-column elementor-col-100 elementor-top-column elementor-element elementor-element-f526ea4\" data-id=\"f526ea4\" data-element_type=\"column\" data-e-type=\"column\">\n\t\t\t<div class=\"elementor-widget-wrap elementor-element-populated\">\n\t\t\t\t\t\t<div class=\"elementor-element elementor-element-268dbea elementor-button-danger elementor-align-center elementor-widget elementor-widget-button\" data-id=\"268dbea\" data-element_type=\"widget\" data-e-type=\"widget\" data-widget_type=\"button.default\">\n\t\t\t\t<div class=\"elementor-widget-container\">\n\t\t\t\t\t\t\t\t\t<div class=\"elementor-button-wrapper\">\n\t\t\t\t\t<a class=\"elementor-button elementor-button-link elementor-size-sm\" href=\"https:\/\/www.ledizioni.it\/en\/download\/37127\/\">\n\t\t\t\t\t\t<span class=\"elementor-button-content-wrapper\">\n\t\t\t\t\t\t\t\t\t<span class=\"elementor-button-text\">Scarica il PDF Open Access<\/span>\n\t\t\t\t\t<\/span>\n\t\t\t\t\t<\/a>\n\t\t\t\t<\/div>\n\t\t\t\t\t\t\t\t<\/div>\n\t\t\t\t<\/div>\n\t\t\t\t\t<\/div>\n\t\t<\/div>\n\t\t\t\t\t<\/div>\n\t\t<\/section>\n\t\t\t\t<section class=\"elementor-section elementor-top-section elementor-element elementor-element-266ae0f elementor-section-boxed elementor-section-height-default elementor-section-height-default wd-section-disabled\" data-id=\"266ae0f\" data-element_type=\"section\" data-e-type=\"section\">\n\t\t\t\t\t\t<div class=\"elementor-container elementor-column-gap-default\">\n\t\t\t\t\t<div class=\"elementor-column elementor-col-100 elementor-top-column elementor-element elementor-element-fc02df6\" data-id=\"fc02df6\" data-element_type=\"column\" data-e-type=\"column\">\n\t\t\t<div class=\"elementor-widget-wrap elementor-element-populated\">\n\t\t\t\t\t\t<div class=\"elementor-element elementor-element-f415b85 elementor-button-warning elementor-align-center elementor-widget elementor-widget-button\" data-id=\"f415b85\" data-element_type=\"widget\" data-e-type=\"widget\" data-widget_type=\"button.default\">\n\t\t\t\t<div class=\"elementor-widget-container\">\n\t\t\t\t\t\t\t\t\t<div class=\"elementor-button-wrapper\">\n\t\t\t\t\t<a class=\"elementor-button elementor-button-link elementor-size-sm\" href=\"https:\/\/ledibooks.com\/projects\/la-societa-della-mercificazione-e-della-sorveglianza-dalla-persona-ai-dati\" target=\"_blank\">\n\t\t\t\t\t\t<span class=\"elementor-button-content-wrapper\">\n\t\t\t\t\t\t\t\t\t<span class=\"elementor-button-text\">Leggi su LediBooks<\/span>\n\t\t\t\t\t<\/span>\n\t\t\t\t\t<\/a>\n\t\t\t\t<\/div>\n\t\t\t\t\t\t\t\t<\/div>\n\t\t\t\t<\/div>\n\t\t\t\t\t<\/div>\n\t\t<\/div>\n\t\t\t\t\t<\/div>\n\t\t<\/section>\n\t\t\t\t<\/div>","protected":false},"excerpt":{"rendered":"<p>Video presentazione del 6 maggio 2021 La finalit\u00e0 di questo testo \u00e8 di aiutare gli studenti a maturare, attraverso l\u2019apprendimento<\/p>","protected":false},"featured_media":36428,"comment_status":"open","ping_status":"closed","template":"","meta":{"_acf_changed":false},"product_brand":[],"product_cat":[2402],"product_tag":[1666,758,2432,764],"class_list":{"0":"post-36426","1":"product","2":"type-product","3":"status-publish","4":"has-post-thumbnail","6":"product_cat-diritto-aperto","7":"product_tag-diritti-civili","8":"product_tag-diritti-umani","9":"product_tag-diritto-pubblico","10":"product_tag-open-access-2","11":"pa_formato-cartaceo","12":"pa_formato-ebook-in-epub","13":"pa_formato-ebook-in-pdf","15":"first","16":"instock","17":"featured","18":"shipping-taxable","19":"purchasable","20":"product-type-variable"},"acf":[],"yoast_head":"<!-- This site is optimized with the Yoast SEO plugin v27.4 - https:\/\/yoast.com\/product\/yoast-seo-wordpress\/ -->\n<title>LA SOCIET\u00c0 DELLA MERCIFICAZIONE E DELLA SORVEGLIANZA: DALLA PERSONA AI DATI -<\/title>\n<meta name=\"description\" content=\"Ledizioni - Innovative Publishing. Casa editrice universitaria. Open Access. eBook, ePub. Creative Commons.\" \/>\n<meta name=\"robots\" content=\"index, follow, max-snippet:-1, max-image-preview:large, max-video-preview:-1\" \/>\n<link rel=\"canonical\" href=\"https:\/\/www.ledizioni.it\/en\/product\/la-societa-della-mercificazione-e-della-sorveglianza-dalla-persona-ai-dati\/\" \/>\n<meta property=\"og:locale\" content=\"en_GB\" \/>\n<meta property=\"og:type\" content=\"article\" \/>\n<meta property=\"og:title\" content=\"LA SOCIET\u00c0 DELLA MERCIFICAZIONE E DELLA SORVEGLIANZA: DALLA PERSONA AI DATI -\" \/>\n<meta property=\"og:description\" content=\"Ledizioni - Innovative Publishing. Casa editrice universitaria. Open Access. eBook, ePub. Creative Commons.\" \/>\n<meta property=\"og:url\" content=\"https:\/\/www.ledizioni.it\/en\/product\/la-societa-della-mercificazione-e-della-sorveglianza-dalla-persona-ai-dati\/\" \/>\n<meta property=\"og:site_name\" content=\"Ledizioni\" \/>\n<meta property=\"article:publisher\" content=\"https:\/\/www.facebook.com\/pages\/Ledizioni-LediPublishing\/109120559173329\" \/>\n<meta property=\"article:modified_time\" content=\"2026-01-27T10:27:59+00:00\" \/>\n<meta property=\"og:image\" content=\"https:\/\/www.ledizioni.it\/stag\/wp-content\/uploads\/2021\/03\/Mercificaz_3D.jpg\" \/>\n\t<meta property=\"og:image:width\" content=\"500\" \/>\n\t<meta property=\"og:image:height\" content=\"646\" \/>\n\t<meta property=\"og:image:type\" content=\"image\/jpeg\" \/>\n<meta name=\"twitter:card\" content=\"summary_large_image\" \/>\n<meta name=\"twitter:site\" content=\"@ledizioni\" \/>\n<script type=\"application\/ld+json\" class=\"yoast-schema-graph\">{\"@context\":\"https:\\\/\\\/schema.org\",\"@graph\":[{\"@type\":\"WebPage\",\"@id\":\"https:\\\/\\\/www.ledizioni.it\\\/prodotto\\\/la-societa-della-mercificazione-e-della-sorveglianza-dalla-persona-ai-dati\\\/\",\"url\":\"https:\\\/\\\/www.ledizioni.it\\\/prodotto\\\/la-societa-della-mercificazione-e-della-sorveglianza-dalla-persona-ai-dati\\\/\",\"name\":\"LA SOCIET\u00c0 DELLA MERCIFICAZIONE E DELLA SORVEGLIANZA: DALLA PERSONA AI DATI -\",\"isPartOf\":{\"@id\":\"https:\\\/\\\/www.ledizioni.it\\\/#website\"},\"primaryImageOfPage\":{\"@id\":\"https:\\\/\\\/www.ledizioni.it\\\/prodotto\\\/la-societa-della-mercificazione-e-della-sorveglianza-dalla-persona-ai-dati\\\/#primaryimage\"},\"image\":{\"@id\":\"https:\\\/\\\/www.ledizioni.it\\\/prodotto\\\/la-societa-della-mercificazione-e-della-sorveglianza-dalla-persona-ai-dati\\\/#primaryimage\"},\"thumbnailUrl\":\"https:\\\/\\\/www.ledizioni.it\\\/stag\\\/wp-content\\\/uploads\\\/2021\\\/03\\\/Mercificaz_3D.jpg\",\"datePublished\":\"2021-03-08T16:07:11+00:00\",\"dateModified\":\"2026-01-27T10:27:59+00:00\",\"description\":\"Ledizioni - Innovative Publishing. Casa editrice universitaria. Open Access. eBook, ePub. Creative Commons.\",\"breadcrumb\":{\"@id\":\"https:\\\/\\\/www.ledizioni.it\\\/prodotto\\\/la-societa-della-mercificazione-e-della-sorveglianza-dalla-persona-ai-dati\\\/#breadcrumb\"},\"inLanguage\":\"en-GB\",\"potentialAction\":[{\"@type\":\"ReadAction\",\"target\":[\"https:\\\/\\\/www.ledizioni.it\\\/prodotto\\\/la-societa-della-mercificazione-e-della-sorveglianza-dalla-persona-ai-dati\\\/\"]}]},{\"@type\":\"ImageObject\",\"inLanguage\":\"en-GB\",\"@id\":\"https:\\\/\\\/www.ledizioni.it\\\/prodotto\\\/la-societa-della-mercificazione-e-della-sorveglianza-dalla-persona-ai-dati\\\/#primaryimage\",\"url\":\"https:\\\/\\\/www.ledizioni.it\\\/stag\\\/wp-content\\\/uploads\\\/2021\\\/03\\\/Mercificaz_3D.jpg\",\"contentUrl\":\"https:\\\/\\\/www.ledizioni.it\\\/stag\\\/wp-content\\\/uploads\\\/2021\\\/03\\\/Mercificaz_3D.jpg\",\"width\":500,\"height\":646},{\"@type\":\"BreadcrumbList\",\"@id\":\"https:\\\/\\\/www.ledizioni.it\\\/prodotto\\\/la-societa-della-mercificazione-e-della-sorveglianza-dalla-persona-ai-dati\\\/#breadcrumb\",\"itemListElement\":[{\"@type\":\"ListItem\",\"position\":1,\"name\":\"Shop\",\"item\":\"https:\\\/\\\/www.ledizioni.it\\\/shop-2\\\/\"},{\"@type\":\"ListItem\",\"position\":2,\"name\":\"LA SOCIET\u00c0 DELLA MERCIFICAZIONE E DELLA SORVEGLIANZA: DALLA PERSONA AI DATI\"}]},{\"@type\":\"WebSite\",\"@id\":\"https:\\\/\\\/www.ledizioni.it\\\/#website\",\"url\":\"https:\\\/\\\/www.ledizioni.it\\\/\",\"name\":\"Ledizioni\",\"description\":\"The Innovative LediPublishing Company - Casa Editrice Universitaria\",\"publisher\":{\"@id\":\"https:\\\/\\\/www.ledizioni.it\\\/#organization\"},\"potentialAction\":[{\"@type\":\"SearchAction\",\"target\":{\"@type\":\"EntryPoint\",\"urlTemplate\":\"https:\\\/\\\/www.ledizioni.it\\\/?s={search_term_string}\"},\"query-input\":{\"@type\":\"PropertyValueSpecification\",\"valueRequired\":true,\"valueName\":\"search_term_string\"}}],\"inLanguage\":\"en-GB\"},{\"@type\":\"Organization\",\"@id\":\"https:\\\/\\\/www.ledizioni.it\\\/#organization\",\"name\":\"Ledizioni\",\"url\":\"https:\\\/\\\/www.ledizioni.it\\\/\",\"logo\":{\"@type\":\"ImageObject\",\"inLanguage\":\"en-GB\",\"@id\":\"https:\\\/\\\/www.ledizioni.it\\\/#\\\/schema\\\/logo\\\/image\\\/\",\"url\":\"https:\\\/\\\/www.ledizioni.it\\\/stag\\\/wp-content\\\/uploads\\\/2023\\\/10\\\/newlogoledizioni500x110_2-1.jpg\",\"contentUrl\":\"https:\\\/\\\/www.ledizioni.it\\\/stag\\\/wp-content\\\/uploads\\\/2023\\\/10\\\/newlogoledizioni500x110_2-1.jpg\",\"width\":354,\"height\":87,\"caption\":\"Ledizioni\"},\"image\":{\"@id\":\"https:\\\/\\\/www.ledizioni.it\\\/#\\\/schema\\\/logo\\\/image\\\/\"},\"sameAs\":[\"https:\\\/\\\/www.facebook.com\\\/pages\\\/Ledizioni-LediPublishing\\\/109120559173329\",\"https:\\\/\\\/x.com\\\/ledizioni\"]}]}<\/script>\n<!-- \/ Yoast SEO plugin. -->","yoast_head_json":{"title":"LA SOCIET\u00c0 DELLA MERCIFICAZIONE E DELLA SORVEGLIANZA: DALLA PERSONA AI DATI -","description":"Ledizioni - Innovative Publishing. Casa editrice universitaria. Open Access. eBook, ePub. Creative Commons.","robots":{"index":"index","follow":"follow","max-snippet":"max-snippet:-1","max-image-preview":"max-image-preview:large","max-video-preview":"max-video-preview:-1"},"canonical":"https:\/\/www.ledizioni.it\/en\/product\/la-societa-della-mercificazione-e-della-sorveglianza-dalla-persona-ai-dati\/","og_locale":"en_GB","og_type":"article","og_title":"LA SOCIET\u00c0 DELLA MERCIFICAZIONE E DELLA SORVEGLIANZA: DALLA PERSONA AI DATI -","og_description":"Ledizioni - Innovative Publishing. Casa editrice universitaria. Open Access. eBook, ePub. Creative Commons.","og_url":"https:\/\/www.ledizioni.it\/en\/product\/la-societa-della-mercificazione-e-della-sorveglianza-dalla-persona-ai-dati\/","og_site_name":"Ledizioni","article_publisher":"https:\/\/www.facebook.com\/pages\/Ledizioni-LediPublishing\/109120559173329","article_modified_time":"2026-01-27T10:27:59+00:00","og_image":[{"width":500,"height":646,"url":"https:\/\/www.ledizioni.it\/stag\/wp-content\/uploads\/2021\/03\/Mercificaz_3D.jpg","type":"image\/jpeg"}],"twitter_card":"summary_large_image","twitter_site":"@ledizioni","schema":{"@context":"https:\/\/schema.org","@graph":[{"@type":"WebPage","@id":"https:\/\/www.ledizioni.it\/prodotto\/la-societa-della-mercificazione-e-della-sorveglianza-dalla-persona-ai-dati\/","url":"https:\/\/www.ledizioni.it\/prodotto\/la-societa-della-mercificazione-e-della-sorveglianza-dalla-persona-ai-dati\/","name":"LA SOCIET\u00c0 DELLA MERCIFICAZIONE E DELLA SORVEGLIANZA: DALLA PERSONA AI DATI -","isPartOf":{"@id":"https:\/\/www.ledizioni.it\/#website"},"primaryImageOfPage":{"@id":"https:\/\/www.ledizioni.it\/prodotto\/la-societa-della-mercificazione-e-della-sorveglianza-dalla-persona-ai-dati\/#primaryimage"},"image":{"@id":"https:\/\/www.ledizioni.it\/prodotto\/la-societa-della-mercificazione-e-della-sorveglianza-dalla-persona-ai-dati\/#primaryimage"},"thumbnailUrl":"https:\/\/www.ledizioni.it\/stag\/wp-content\/uploads\/2021\/03\/Mercificaz_3D.jpg","datePublished":"2021-03-08T16:07:11+00:00","dateModified":"2026-01-27T10:27:59+00:00","description":"Ledizioni - Innovative Publishing. Casa editrice universitaria. Open Access. eBook, ePub. Creative Commons.","breadcrumb":{"@id":"https:\/\/www.ledizioni.it\/prodotto\/la-societa-della-mercificazione-e-della-sorveglianza-dalla-persona-ai-dati\/#breadcrumb"},"inLanguage":"en-GB","potentialAction":[{"@type":"ReadAction","target":["https:\/\/www.ledizioni.it\/prodotto\/la-societa-della-mercificazione-e-della-sorveglianza-dalla-persona-ai-dati\/"]}]},{"@type":"ImageObject","inLanguage":"en-GB","@id":"https:\/\/www.ledizioni.it\/prodotto\/la-societa-della-mercificazione-e-della-sorveglianza-dalla-persona-ai-dati\/#primaryimage","url":"https:\/\/www.ledizioni.it\/stag\/wp-content\/uploads\/2021\/03\/Mercificaz_3D.jpg","contentUrl":"https:\/\/www.ledizioni.it\/stag\/wp-content\/uploads\/2021\/03\/Mercificaz_3D.jpg","width":500,"height":646},{"@type":"BreadcrumbList","@id":"https:\/\/www.ledizioni.it\/prodotto\/la-societa-della-mercificazione-e-della-sorveglianza-dalla-persona-ai-dati\/#breadcrumb","itemListElement":[{"@type":"ListItem","position":1,"name":"Shop","item":"https:\/\/www.ledizioni.it\/shop-2\/"},{"@type":"ListItem","position":2,"name":"LA SOCIET\u00c0 DELLA MERCIFICAZIONE E DELLA SORVEGLIANZA: DALLA PERSONA AI DATI"}]},{"@type":"WebSite","@id":"https:\/\/www.ledizioni.it\/#website","url":"https:\/\/www.ledizioni.it\/","name":"Ledizioni","description":"The Innovative LediPublishing Company - Casa Editrice Universitaria","publisher":{"@id":"https:\/\/www.ledizioni.it\/#organization"},"potentialAction":[{"@type":"SearchAction","target":{"@type":"EntryPoint","urlTemplate":"https:\/\/www.ledizioni.it\/?s={search_term_string}"},"query-input":{"@type":"PropertyValueSpecification","valueRequired":true,"valueName":"search_term_string"}}],"inLanguage":"en-GB"},{"@type":"Organization","@id":"https:\/\/www.ledizioni.it\/#organization","name":"Ledizioni","url":"https:\/\/www.ledizioni.it\/","logo":{"@type":"ImageObject","inLanguage":"en-GB","@id":"https:\/\/www.ledizioni.it\/#\/schema\/logo\/image\/","url":"https:\/\/www.ledizioni.it\/stag\/wp-content\/uploads\/2023\/10\/newlogoledizioni500x110_2-1.jpg","contentUrl":"https:\/\/www.ledizioni.it\/stag\/wp-content\/uploads\/2023\/10\/newlogoledizioni500x110_2-1.jpg","width":354,"height":87,"caption":"Ledizioni"},"image":{"@id":"https:\/\/www.ledizioni.it\/#\/schema\/logo\/image\/"},"sameAs":["https:\/\/www.facebook.com\/pages\/Ledizioni-LediPublishing\/109120559173329","https:\/\/x.com\/ledizioni"]}]}},"jetpack_sharing_enabled":true,"_links":{"self":[{"href":"https:\/\/www.ledizioni.it\/en\/wp-json\/wp\/v2\/product\/36426","targetHints":{"allow":["GET"]}}],"collection":[{"href":"https:\/\/www.ledizioni.it\/en\/wp-json\/wp\/v2\/product"}],"about":[{"href":"https:\/\/www.ledizioni.it\/en\/wp-json\/wp\/v2\/types\/product"}],"replies":[{"embeddable":true,"href":"https:\/\/www.ledizioni.it\/en\/wp-json\/wp\/v2\/comments?post=36426"}],"version-history":[{"count":4,"href":"https:\/\/www.ledizioni.it\/en\/wp-json\/wp\/v2\/product\/36426\/revisions"}],"predecessor-version":[{"id":91695,"href":"https:\/\/www.ledizioni.it\/en\/wp-json\/wp\/v2\/product\/36426\/revisions\/91695"}],"wp:featuredmedia":[{"embeddable":true,"href":"https:\/\/www.ledizioni.it\/en\/wp-json\/wp\/v2\/media\/36428"}],"wp:attachment":[{"href":"https:\/\/www.ledizioni.it\/en\/wp-json\/wp\/v2\/media?parent=36426"}],"wp:term":[{"taxonomy":"product_brand","embeddable":true,"href":"https:\/\/www.ledizioni.it\/en\/wp-json\/wp\/v2\/product_brand?post=36426"},{"taxonomy":"product_cat","embeddable":true,"href":"https:\/\/www.ledizioni.it\/en\/wp-json\/wp\/v2\/product_cat?post=36426"},{"taxonomy":"product_tag","embeddable":true,"href":"https:\/\/www.ledizioni.it\/en\/wp-json\/wp\/v2\/product_tag?post=36426"}],"curies":[{"name":"wp","href":"https:\/\/api.w.org\/{rel}","templated":true}]}}