{"id":36579,"date":"2021-03-12T10:24:51","date_gmt":"2021-03-12T08:24:51","guid":{"rendered":"https:\/\/www.ledizioni.it\/?post_type=product&#038;p=36579"},"modified":"2022-10-14T10:30:55","modified_gmt":"2022-10-14T08:30:55","slug":"dedicated-to-my-friend-rudolf-nureyev","status":"publish","type":"product","link":"https:\/\/www.ledizioni.it\/en\/product\/dedicated-to-my-friend-rudolf-nureyev\/","title":{"rendered":"DEDICATED TO MY FRIEND RUDOLF NUREYEV"},"content":{"rendered":"<p style=\"text-align: justify;\">In questa opera l\u2019autore esprime tutta la sua vita attraverso testi poetici composti con profondit\u00e0 e intensit\u00e0. Essa \u00e8 dedicata all\u2019amico Rudolf Nureyev con cui il Gardi ha trascorso momenti reali di confronto nella quotidianit\u00e0 e nella vita di tutti i giorni, potendo conoscere a fondo e nella pi\u00f9 totale intimit\u00e0 la vera anima del ballerino di fama mondiale. I testi poetici trasmettono inoltre la storia della vita del Gardi attraverso poesie ricche di emozione, passione, romanticismo e allo stesso tempo di molto dolore e sofferenza. I testi poetici affrontano anche le tematiche dell\u2019amore, della passione e della gioia.<br \/>\nUn\u2019opera che sicuramente sapr\u00e0 entrare nelle menti e nei cuori di tutti i lettori, soprattutto di tutte quelle persone che non hanno avuto una vita semplice e hanno sofferto sia in amore, sia in famiglia.<br \/>\nLa scelta di pubblicare il testo in lingua inglese \u00e8 dovuta al fatto che l\u2019autore vuole raggiungere i lettori di tutti i paesi del Mondo, per diffondere la storia e le emozioni che hanno caratterizzato il sincero e vero rapporto di amicizia tra Sandro Gardi e l\u2019amico eterno Rudolf Nureyev.<\/p>\n<p><strong>DATI BIBLIOGRAFICI<\/strong><br \/>\nAutore: Sandro Gardi<br \/>\nEditore: Ledizioni<br \/>\nPubblicato nel: febbraio 2021<br \/>\nCollana: <a href=\"https:\/\/www.ledizioni.it\/en\/collane\/varia\/poesia\/\">Poetry<\/a><br \/>\nFormato: brossura, 111 p. &#8211; ePub<br \/>\nLingue: versione italiana\/versione inglese<br \/>\nISBN cartaceo (ita): 9788855264662<br \/>\nISBN cartaceo (eng): 9788855264266<br \/>\nISBN ePub (eng): 9788855264273<br \/>\nPrezzo cartaceo: 14,90 \u20ac<br \/>\nPrezzo ePub: 5,99 \u20ac<br \/>\n<a href=\"https:\/\/www.amazon.it\/Dedicato-mio-amico-Rudolf-Nureyev\/dp\/8855264664\/ref=sr_1_1?__mk_it_IT=%C3%85M%C3%85%C5%BD%C3%95%C3%91&#038;crid=2CCXFMR774WEL&#038;keywords=9788855264662&#038;qid=1642587255&#038;sprefix=9788855264662%2Caps%2C84&#038;sr=8-1\" target=\"_blank\" rel=\"noopener\"><img decoding=\"async\" class=\"aligncenter size-medium wp-image-23060\" src=\"https:\/\/www.ledizioni.it\/stag\/wp-content\/uploads\/2018\/10\/pulsante-amazon-1-300x104.jpg\" alt=\"\" width=\"150\" height=\"50\" \/><\/a><img decoding=\"async\" style=\"border: none !important; margin: 0px !important;\" src=\"\/\/ir-it.amazon-adsystem.com\/e\/ir?t=ledizioni-21&amp;l=am2&amp;o=29&amp;a=8867057839\" alt=\"\" width=\"1\" height=\"1\" border=\"0\" \/><\/p>","protected":false},"excerpt":{"rendered":"<p>In questa opera l\u2019autore esprime tutta la sua vita attraverso testi poetici composti con profondit\u00e0 e intensit\u00e0. Essa \u00e8 dedicata<\/p>","protected":false},"featured_media":36580,"comment_status":"open","ping_status":"closed","template":"","meta":{"_acf_changed":false},"product_brand":[],"product_cat":[2424],"product_tag":[1056],"class_list":{"0":"post-36579","1":"product","2":"type-product","3":"status-publish","4":"has-post-thumbnail","6":"product_cat-poesia","7":"product_tag-poesia","8":"pa_formato-cartaceo","9":"pa_formato-ebook-in-epub","10":"pa_lingua-inglese","11":"pa_lingua-italiano","13":"first","14":"instock","15":"featured","16":"shipping-taxable","17":"purchasable","18":"product-type-variable","19":"has-default-attributes"},"acf":[],"yoast_head":"<!-- This site is optimized with the Yoast SEO plugin v27.4 - https:\/\/yoast.com\/product\/yoast-seo-wordpress\/ -->\n<title>DEDICATED TO MY FRIEND RUDOLF NUREYEV -<\/title>\n<meta name=\"description\" content=\"Ledizioni - Innovative Publishing. Casa editrice universitaria. Open Access. eBook, ePub. Creative Commons.\" \/>\n<meta name=\"robots\" content=\"index, follow, max-snippet:-1, max-image-preview:large, max-video-preview:-1\" \/>\n<link rel=\"canonical\" href=\"https:\/\/www.ledizioni.it\/en\/product\/dedicated-to-my-friend-rudolf-nureyev\/\" \/>\n<meta property=\"og:locale\" content=\"en_GB\" \/>\n<meta property=\"og:type\" content=\"article\" \/>\n<meta property=\"og:title\" content=\"DEDICATED TO MY FRIEND RUDOLF NUREYEV -\" \/>\n<meta property=\"og:description\" content=\"Ledizioni - Innovative Publishing. Casa editrice universitaria. Open Access. eBook, ePub. Creative Commons.\" \/>\n<meta property=\"og:url\" content=\"https:\/\/www.ledizioni.it\/en\/product\/dedicated-to-my-friend-rudolf-nureyev\/\" \/>\n<meta property=\"og:site_name\" content=\"Ledizioni\" \/>\n<meta property=\"article:publisher\" content=\"https:\/\/www.facebook.com\/pages\/Ledizioni-LediPublishing\/109120559173329\" \/>\n<meta property=\"article:modified_time\" content=\"2022-10-14T08:30:55+00:00\" \/>\n<meta property=\"og:image\" content=\"https:\/\/www.ledizioni.it\/stag\/wp-content\/uploads\/2021\/03\/Gardi_3D.jpg\" \/>\n\t<meta property=\"og:image:width\" content=\"500\" \/>\n\t<meta property=\"og:image:height\" content=\"610\" \/>\n\t<meta property=\"og:image:type\" content=\"image\/jpeg\" \/>\n<meta name=\"twitter:card\" content=\"summary_large_image\" \/>\n<meta name=\"twitter:site\" content=\"@ledizioni\" \/>\n<meta name=\"twitter:label1\" content=\"Estimated reading time\" \/>\n\t<meta name=\"twitter:data1\" content=\"1 minute\" \/>\n<script type=\"application\/ld+json\" class=\"yoast-schema-graph\">{\"@context\":\"https:\\\/\\\/schema.org\",\"@graph\":[{\"@type\":\"WebPage\",\"@id\":\"https:\\\/\\\/www.ledizioni.it\\\/prodotto\\\/dedicated-to-my-friend-rudolf-nureyev\\\/\",\"url\":\"https:\\\/\\\/www.ledizioni.it\\\/prodotto\\\/dedicated-to-my-friend-rudolf-nureyev\\\/\",\"name\":\"DEDICATED TO MY FRIEND RUDOLF NUREYEV -\",\"isPartOf\":{\"@id\":\"https:\\\/\\\/www.ledizioni.it\\\/#website\"},\"primaryImageOfPage\":{\"@id\":\"https:\\\/\\\/www.ledizioni.it\\\/prodotto\\\/dedicated-to-my-friend-rudolf-nureyev\\\/#primaryimage\"},\"image\":{\"@id\":\"https:\\\/\\\/www.ledizioni.it\\\/prodotto\\\/dedicated-to-my-friend-rudolf-nureyev\\\/#primaryimage\"},\"thumbnailUrl\":\"https:\\\/\\\/www.ledizioni.it\\\/stag\\\/wp-content\\\/uploads\\\/2021\\\/03\\\/Gardi_3D.jpg\",\"datePublished\":\"2021-03-12T08:24:51+00:00\",\"dateModified\":\"2022-10-14T08:30:55+00:00\",\"description\":\"Ledizioni - Innovative Publishing. Casa editrice universitaria. Open Access. eBook, ePub. Creative Commons.\",\"breadcrumb\":{\"@id\":\"https:\\\/\\\/www.ledizioni.it\\\/prodotto\\\/dedicated-to-my-friend-rudolf-nureyev\\\/#breadcrumb\"},\"inLanguage\":\"en-GB\",\"potentialAction\":[{\"@type\":\"ReadAction\",\"target\":[\"https:\\\/\\\/www.ledizioni.it\\\/prodotto\\\/dedicated-to-my-friend-rudolf-nureyev\\\/\"]}]},{\"@type\":\"ImageObject\",\"inLanguage\":\"en-GB\",\"@id\":\"https:\\\/\\\/www.ledizioni.it\\\/prodotto\\\/dedicated-to-my-friend-rudolf-nureyev\\\/#primaryimage\",\"url\":\"https:\\\/\\\/www.ledizioni.it\\\/stag\\\/wp-content\\\/uploads\\\/2021\\\/03\\\/Gardi_3D.jpg\",\"contentUrl\":\"https:\\\/\\\/www.ledizioni.it\\\/stag\\\/wp-content\\\/uploads\\\/2021\\\/03\\\/Gardi_3D.jpg\",\"width\":500,\"height\":610},{\"@type\":\"BreadcrumbList\",\"@id\":\"https:\\\/\\\/www.ledizioni.it\\\/prodotto\\\/dedicated-to-my-friend-rudolf-nureyev\\\/#breadcrumb\",\"itemListElement\":[{\"@type\":\"ListItem\",\"position\":1,\"name\":\"Shop\",\"item\":\"https:\\\/\\\/www.ledizioni.it\\\/shop-2\\\/\"},{\"@type\":\"ListItem\",\"position\":2,\"name\":\"DEDICATED TO MY FRIEND RUDOLF NUREYEV\"}]},{\"@type\":\"WebSite\",\"@id\":\"https:\\\/\\\/www.ledizioni.it\\\/#website\",\"url\":\"https:\\\/\\\/www.ledizioni.it\\\/\",\"name\":\"Ledizioni\",\"description\":\"The Innovative LediPublishing Company - Casa Editrice Universitaria\",\"publisher\":{\"@id\":\"https:\\\/\\\/www.ledizioni.it\\\/#organization\"},\"potentialAction\":[{\"@type\":\"SearchAction\",\"target\":{\"@type\":\"EntryPoint\",\"urlTemplate\":\"https:\\\/\\\/www.ledizioni.it\\\/?s={search_term_string}\"},\"query-input\":{\"@type\":\"PropertyValueSpecification\",\"valueRequired\":true,\"valueName\":\"search_term_string\"}}],\"inLanguage\":\"en-GB\"},{\"@type\":\"Organization\",\"@id\":\"https:\\\/\\\/www.ledizioni.it\\\/#organization\",\"name\":\"Ledizioni\",\"url\":\"https:\\\/\\\/www.ledizioni.it\\\/\",\"logo\":{\"@type\":\"ImageObject\",\"inLanguage\":\"en-GB\",\"@id\":\"https:\\\/\\\/www.ledizioni.it\\\/#\\\/schema\\\/logo\\\/image\\\/\",\"url\":\"https:\\\/\\\/www.ledizioni.it\\\/stag\\\/wp-content\\\/uploads\\\/2023\\\/10\\\/newlogoledizioni500x110_2-1.jpg\",\"contentUrl\":\"https:\\\/\\\/www.ledizioni.it\\\/stag\\\/wp-content\\\/uploads\\\/2023\\\/10\\\/newlogoledizioni500x110_2-1.jpg\",\"width\":354,\"height\":87,\"caption\":\"Ledizioni\"},\"image\":{\"@id\":\"https:\\\/\\\/www.ledizioni.it\\\/#\\\/schema\\\/logo\\\/image\\\/\"},\"sameAs\":[\"https:\\\/\\\/www.facebook.com\\\/pages\\\/Ledizioni-LediPublishing\\\/109120559173329\",\"https:\\\/\\\/x.com\\\/ledizioni\"]}]}<\/script>\n<!-- \/ Yoast SEO plugin. -->","yoast_head_json":{"title":"DEDICATED TO MY FRIEND RUDOLF NUREYEV -","description":"Ledizioni - Innovative Publishing. Casa editrice universitaria. Open Access. eBook, ePub. Creative Commons.","robots":{"index":"index","follow":"follow","max-snippet":"max-snippet:-1","max-image-preview":"max-image-preview:large","max-video-preview":"max-video-preview:-1"},"canonical":"https:\/\/www.ledizioni.it\/en\/product\/dedicated-to-my-friend-rudolf-nureyev\/","og_locale":"en_GB","og_type":"article","og_title":"DEDICATED TO MY FRIEND RUDOLF NUREYEV -","og_description":"Ledizioni - Innovative Publishing. Casa editrice universitaria. Open Access. eBook, ePub. Creative Commons.","og_url":"https:\/\/www.ledizioni.it\/en\/product\/dedicated-to-my-friend-rudolf-nureyev\/","og_site_name":"Ledizioni","article_publisher":"https:\/\/www.facebook.com\/pages\/Ledizioni-LediPublishing\/109120559173329","article_modified_time":"2022-10-14T08:30:55+00:00","og_image":[{"width":500,"height":610,"url":"https:\/\/www.ledizioni.it\/stag\/wp-content\/uploads\/2021\/03\/Gardi_3D.jpg","type":"image\/jpeg"}],"twitter_card":"summary_large_image","twitter_site":"@ledizioni","twitter_misc":{"Estimated reading time":"1 minute"},"schema":{"@context":"https:\/\/schema.org","@graph":[{"@type":"WebPage","@id":"https:\/\/www.ledizioni.it\/prodotto\/dedicated-to-my-friend-rudolf-nureyev\/","url":"https:\/\/www.ledizioni.it\/prodotto\/dedicated-to-my-friend-rudolf-nureyev\/","name":"DEDICATED TO MY FRIEND RUDOLF NUREYEV -","isPartOf":{"@id":"https:\/\/www.ledizioni.it\/#website"},"primaryImageOfPage":{"@id":"https:\/\/www.ledizioni.it\/prodotto\/dedicated-to-my-friend-rudolf-nureyev\/#primaryimage"},"image":{"@id":"https:\/\/www.ledizioni.it\/prodotto\/dedicated-to-my-friend-rudolf-nureyev\/#primaryimage"},"thumbnailUrl":"https:\/\/www.ledizioni.it\/stag\/wp-content\/uploads\/2021\/03\/Gardi_3D.jpg","datePublished":"2021-03-12T08:24:51+00:00","dateModified":"2022-10-14T08:30:55+00:00","description":"Ledizioni - Innovative Publishing. Casa editrice universitaria. Open Access. eBook, ePub. Creative Commons.","breadcrumb":{"@id":"https:\/\/www.ledizioni.it\/prodotto\/dedicated-to-my-friend-rudolf-nureyev\/#breadcrumb"},"inLanguage":"en-GB","potentialAction":[{"@type":"ReadAction","target":["https:\/\/www.ledizioni.it\/prodotto\/dedicated-to-my-friend-rudolf-nureyev\/"]}]},{"@type":"ImageObject","inLanguage":"en-GB","@id":"https:\/\/www.ledizioni.it\/prodotto\/dedicated-to-my-friend-rudolf-nureyev\/#primaryimage","url":"https:\/\/www.ledizioni.it\/stag\/wp-content\/uploads\/2021\/03\/Gardi_3D.jpg","contentUrl":"https:\/\/www.ledizioni.it\/stag\/wp-content\/uploads\/2021\/03\/Gardi_3D.jpg","width":500,"height":610},{"@type":"BreadcrumbList","@id":"https:\/\/www.ledizioni.it\/prodotto\/dedicated-to-my-friend-rudolf-nureyev\/#breadcrumb","itemListElement":[{"@type":"ListItem","position":1,"name":"Shop","item":"https:\/\/www.ledizioni.it\/shop-2\/"},{"@type":"ListItem","position":2,"name":"DEDICATED TO MY FRIEND RUDOLF NUREYEV"}]},{"@type":"WebSite","@id":"https:\/\/www.ledizioni.it\/#website","url":"https:\/\/www.ledizioni.it\/","name":"Ledizioni","description":"The Innovative LediPublishing Company - Casa Editrice Universitaria","publisher":{"@id":"https:\/\/www.ledizioni.it\/#organization"},"potentialAction":[{"@type":"SearchAction","target":{"@type":"EntryPoint","urlTemplate":"https:\/\/www.ledizioni.it\/?s={search_term_string}"},"query-input":{"@type":"PropertyValueSpecification","valueRequired":true,"valueName":"search_term_string"}}],"inLanguage":"en-GB"},{"@type":"Organization","@id":"https:\/\/www.ledizioni.it\/#organization","name":"Ledizioni","url":"https:\/\/www.ledizioni.it\/","logo":{"@type":"ImageObject","inLanguage":"en-GB","@id":"https:\/\/www.ledizioni.it\/#\/schema\/logo\/image\/","url":"https:\/\/www.ledizioni.it\/stag\/wp-content\/uploads\/2023\/10\/newlogoledizioni500x110_2-1.jpg","contentUrl":"https:\/\/www.ledizioni.it\/stag\/wp-content\/uploads\/2023\/10\/newlogoledizioni500x110_2-1.jpg","width":354,"height":87,"caption":"Ledizioni"},"image":{"@id":"https:\/\/www.ledizioni.it\/#\/schema\/logo\/image\/"},"sameAs":["https:\/\/www.facebook.com\/pages\/Ledizioni-LediPublishing\/109120559173329","https:\/\/x.com\/ledizioni"]}]}},"jetpack_sharing_enabled":true,"_links":{"self":[{"href":"https:\/\/www.ledizioni.it\/en\/wp-json\/wp\/v2\/product\/36579","targetHints":{"allow":["GET"]}}],"collection":[{"href":"https:\/\/www.ledizioni.it\/en\/wp-json\/wp\/v2\/product"}],"about":[{"href":"https:\/\/www.ledizioni.it\/en\/wp-json\/wp\/v2\/types\/product"}],"replies":[{"embeddable":true,"href":"https:\/\/www.ledizioni.it\/en\/wp-json\/wp\/v2\/comments?post=36579"}],"version-history":[{"count":2,"href":"https:\/\/www.ledizioni.it\/en\/wp-json\/wp\/v2\/product\/36579\/revisions"}],"predecessor-version":[{"id":39482,"href":"https:\/\/www.ledizioni.it\/en\/wp-json\/wp\/v2\/product\/36579\/revisions\/39482"}],"wp:featuredmedia":[{"embeddable":true,"href":"https:\/\/www.ledizioni.it\/en\/wp-json\/wp\/v2\/media\/36580"}],"wp:attachment":[{"href":"https:\/\/www.ledizioni.it\/en\/wp-json\/wp\/v2\/media?parent=36579"}],"wp:term":[{"taxonomy":"product_brand","embeddable":true,"href":"https:\/\/www.ledizioni.it\/en\/wp-json\/wp\/v2\/product_brand?post=36579"},{"taxonomy":"product_cat","embeddable":true,"href":"https:\/\/www.ledizioni.it\/en\/wp-json\/wp\/v2\/product_cat?post=36579"},{"taxonomy":"product_tag","embeddable":true,"href":"https:\/\/www.ledizioni.it\/en\/wp-json\/wp\/v2\/product_tag?post=36579"}],"curies":[{"name":"wp","href":"https:\/\/api.w.org\/{rel}","templated":true}]}}