{"id":37142,"date":"2021-03-31T16:42:43","date_gmt":"2021-03-31T14:42:43","guid":{"rendered":"https:\/\/www.ledizioni.it\/?post_type=product&#038;p=37142"},"modified":"2021-05-21T16:10:06","modified_gmt":"2021-05-21T14:10:06","slug":"silvae-quaderni-semestrali-di-saggistica-e-didattica-anno-xxi-n-54-2020","status":"publish","type":"product","link":"https:\/\/www.ledizioni.it\/en\/product\/silvae-quaderni-semestrali-di-saggistica-e-didattica-anno-xxi-n-54-2020\/","title":{"rendered":"Silvae &#8211; quaderni semestrali di saggistica e didattica, anno XXI, n. 54, 2020"},"content":{"rendered":"<p style=\"text-align: justify;\"><strong>ISSN 2239-5415<\/strong><\/p>\n<p style=\"text-align: justify;\"><em>Silv\u04d5<\/em> \u00e8 una pubblicazione nata dall&#8217;esperienza di Latina Didaxis, il convegno organizzato annualmente da Silvana Rocca, Professore Ordinario di Didattica del Latino presso l&#8217;universit\u00e0 di Genova. Come Latina Didaxis, <em>Silv\u04d5<\/em> si occupa dell&#8217;elaborazione di nuove tecniche di insegnamento del latino in rapporto all&#8217;evolversi dei metodi di educazione e delle istituzioni scolastiche; evidenzia il nesso che sussiste tra insegnamento e ricerca; recepisce le metodologie avanzate, nel rispetto rigoroso della scientificit\u00e0 filologica. La pubblicazione, che nasce quindi dalla collaborazione tra universit\u00e0 e scuola e non \u00e8 aperta solo agli &#8220;addetti ai lavori&#8221;, ma anche ai giovani, docenti medi o studenti universitari, esce con scadenza quadrimestrale e si articola in quattro settori, i cui titoli, che riecheggiano occorrenze virgiliane, scandiscono gli argomenti in quattro diverse tipologie.<br \/>\n<span style=\"text-decoration: underline;\">1. Per saltus ac lustra<\/span> raccoglie lavori che interessano la lingua e la letteratura latina e greca, ma anche aspetti diversi della cultura e della civilt\u00e0 del mondo antico. Il taglio \u00e8 quello del saggio breve.<br \/>\n<span style=\"text-decoration: underline;\">2. Per culta novalia<\/span> risponde alle esigenze della didattica. Vi sono raccolte proposte innovative, esperienze, materiali che possono essere utilizzati nella pratica scolastica. Gli autori sono prevalentemente docenti di Scuole Superiori, che si basano anche sulle proprie esperienze di insegnamento.<br \/>\n<span style=\"text-decoration: underline;\">3. Per liquidos fontes<\/span> offre notizie e recensioni circa le pubblicazioni che rispondono concretamente all&#8217;indirizzo di Silvae e presentano un carattere chiaramente innovativo. Vengono segnalate anche rappresentazioni teatrali o manifestazioni artistiche in genere che rivestono un interesse didattico.<br \/>\n<span style=\"text-decoration: underline;\">4. Per auras<\/span> contiene notizie di carattere pratico: in primo luogo quelle inerenti i rapporti con &#8220;Euroclassica&#8221; che \u00e8 un&#8217;organizzazione europea che raccoglie le varie associazioni nazionali che si occupano della didattica delle lingue classiche; tra le iniziative di &#8220;Euroclassica&#8221; pi\u00f9 apprezzate stanno senz&#8217;altro i soggiorni-studio organizzati in Grecia per studenti e docenti che desiderano entrare in contatto in modo pi\u00f9 diretto con la cultura e la civilt\u00e0 greca).<\/p>\n<p><strong>SOMMARIO n. 54<\/strong><\/p>\n<ul>\n<li><em>Editoriale<\/em> (di Silvana Rocca)<\/li>\n<li><em>Ovidio esule sul grande schermo. <\/em>Veni, vidi, fugi<em> di R.E. Popa (di <\/em>Dalila D\u2019Alfonso<em>)<\/em><\/li>\n<li><em>Vittorio Alfieri a scuola di comicit\u00e0. Il magistero di Elio Donato (di <\/em>Noemi Corlito<em>)<\/em><\/li>\n<li><em>I Bronzi dorati di Pergola. Una splendida sorpresa (di <\/em>Elisabetta Degl\u2019Innocenti<em>)<\/em><\/li>\n<li><em>Exulis haec vox est: M. Bouchane, P. Khouma e il moderno esilio (di <\/em>Dalila D\u2019Alfonso<em>)<\/em><\/li>\n<li><em>Le origini di Roma tra Mito e Storia. A cena con gli antichi in Didattica Digitale Integrata (di <\/em>Daniela Leuzzi<em>)<\/em><\/li>\n<\/ul>\n<p style=\"text-align: justify;\"><strong>DATI BIBLIOGRAFICI<\/strong><\/p>\n<p style=\"text-align: justify;\">Titolo: Silvae &#8211; quaderni semestrali di saggistica e didattica, anno XXI, n. 54, 2020<br \/>\nEditore: Ledizioni<br \/>\nPubblicato in: marzo 2021<br \/>\nPagine: 136<br \/>\nPrezzo: 25 \u20ac<\/p>","protected":false},"excerpt":{"rendered":"<p>ISSN 2239-5415 Silv\u04d5 \u00e8 una pubblicazione nata dall&#8217;esperienza di Latina Didaxis, il convegno organizzato annualmente da Silvana Rocca, Professore Ordinario<\/p>","protected":false},"featured_media":37143,"comment_status":"open","ping_status":"closed","template":"","meta":{"_acf_changed":false},"product_brand":[],"product_cat":[1348],"product_tag":[2565,948],"class_list":{"0":"post-37142","1":"product","2":"type-product","3":"status-publish","4":"has-post-thumbnail","6":"product_cat-silvae","7":"product_tag-latinisti","8":"product_tag-studi-classici","10":"first","11":"instock","12":"featured","13":"shipping-taxable","14":"purchasable","15":"product-type-simple"},"acf":[],"yoast_head":"<!-- This site is optimized with the Yoast SEO plugin v27.3 - https:\/\/yoast.com\/product\/yoast-seo-wordpress\/ -->\n<title>Silvae - quaderni semestrali di saggistica e didattica, anno XXI, n. 54, 2020 -<\/title>\n<meta name=\"description\" content=\"Ledizioni - Innovative Publishing. Casa editrice universitaria. Open Access. eBook, ePub. Creative Commons.\" \/>\n<meta name=\"robots\" content=\"index, follow, max-snippet:-1, max-image-preview:large, max-video-preview:-1\" \/>\n<link rel=\"canonical\" href=\"https:\/\/www.ledizioni.it\/en\/product\/silvae-quaderni-semestrali-di-saggistica-e-didattica-anno-xxi-n-54-2020\/\" \/>\n<meta property=\"og:locale\" content=\"en_GB\" \/>\n<meta property=\"og:type\" content=\"article\" \/>\n<meta property=\"og:title\" content=\"Silvae - quaderni semestrali di saggistica e didattica, anno XXI, n. 54, 2020 -\" \/>\n<meta property=\"og:description\" content=\"Ledizioni - Innovative Publishing. Casa editrice universitaria. Open Access. eBook, ePub. Creative Commons.\" \/>\n<meta property=\"og:url\" content=\"https:\/\/www.ledizioni.it\/en\/product\/silvae-quaderni-semestrali-di-saggistica-e-didattica-anno-xxi-n-54-2020\/\" \/>\n<meta property=\"og:site_name\" content=\"Ledizioni\" \/>\n<meta property=\"article:publisher\" content=\"https:\/\/www.facebook.com\/pages\/Ledizioni-LediPublishing\/109120559173329\" \/>\n<meta property=\"article:modified_time\" content=\"2021-05-21T14:10:06+00:00\" \/>\n<meta property=\"og:image\" content=\"https:\/\/www.ledizioni.it\/stag\/wp-content\/uploads\/2021\/03\/Copertina_54_3D.jpg\" \/>\n\t<meta property=\"og:image:width\" content=\"500\" \/>\n\t<meta property=\"og:image:height\" content=\"646\" \/>\n\t<meta property=\"og:image:type\" content=\"image\/jpeg\" \/>\n<meta name=\"twitter:card\" content=\"summary_large_image\" \/>\n<meta name=\"twitter:site\" content=\"@ledizioni\" \/>\n<meta name=\"twitter:label1\" content=\"Estimated reading time\" \/>\n\t<meta name=\"twitter:data1\" content=\"2 minutes\" \/>\n<script type=\"application\/ld+json\" class=\"yoast-schema-graph\">{\"@context\":\"https:\\\/\\\/schema.org\",\"@graph\":[{\"@type\":\"WebPage\",\"@id\":\"https:\\\/\\\/www.ledizioni.it\\\/prodotto\\\/silvae-quaderni-semestrali-di-saggistica-e-didattica-anno-xxi-n-54-2020\\\/\",\"url\":\"https:\\\/\\\/www.ledizioni.it\\\/prodotto\\\/silvae-quaderni-semestrali-di-saggistica-e-didattica-anno-xxi-n-54-2020\\\/\",\"name\":\"Silvae - quaderni semestrali di saggistica e didattica, anno XXI, n. 54, 2020 -\",\"isPartOf\":{\"@id\":\"https:\\\/\\\/www.ledizioni.it\\\/#website\"},\"primaryImageOfPage\":{\"@id\":\"https:\\\/\\\/www.ledizioni.it\\\/prodotto\\\/silvae-quaderni-semestrali-di-saggistica-e-didattica-anno-xxi-n-54-2020\\\/#primaryimage\"},\"image\":{\"@id\":\"https:\\\/\\\/www.ledizioni.it\\\/prodotto\\\/silvae-quaderni-semestrali-di-saggistica-e-didattica-anno-xxi-n-54-2020\\\/#primaryimage\"},\"thumbnailUrl\":\"https:\\\/\\\/www.ledizioni.it\\\/stag\\\/wp-content\\\/uploads\\\/2021\\\/03\\\/Copertina_54_3D.jpg\",\"datePublished\":\"2021-03-31T14:42:43+00:00\",\"dateModified\":\"2021-05-21T14:10:06+00:00\",\"description\":\"Ledizioni - Innovative Publishing. Casa editrice universitaria. Open Access. eBook, ePub. Creative Commons.\",\"breadcrumb\":{\"@id\":\"https:\\\/\\\/www.ledizioni.it\\\/prodotto\\\/silvae-quaderni-semestrali-di-saggistica-e-didattica-anno-xxi-n-54-2020\\\/#breadcrumb\"},\"inLanguage\":\"en-GB\",\"potentialAction\":[{\"@type\":\"ReadAction\",\"target\":[\"https:\\\/\\\/www.ledizioni.it\\\/prodotto\\\/silvae-quaderni-semestrali-di-saggistica-e-didattica-anno-xxi-n-54-2020\\\/\"]}]},{\"@type\":\"ImageObject\",\"inLanguage\":\"en-GB\",\"@id\":\"https:\\\/\\\/www.ledizioni.it\\\/prodotto\\\/silvae-quaderni-semestrali-di-saggistica-e-didattica-anno-xxi-n-54-2020\\\/#primaryimage\",\"url\":\"https:\\\/\\\/www.ledizioni.it\\\/stag\\\/wp-content\\\/uploads\\\/2021\\\/03\\\/Copertina_54_3D.jpg\",\"contentUrl\":\"https:\\\/\\\/www.ledizioni.it\\\/stag\\\/wp-content\\\/uploads\\\/2021\\\/03\\\/Copertina_54_3D.jpg\",\"width\":500,\"height\":646},{\"@type\":\"BreadcrumbList\",\"@id\":\"https:\\\/\\\/www.ledizioni.it\\\/prodotto\\\/silvae-quaderni-semestrali-di-saggistica-e-didattica-anno-xxi-n-54-2020\\\/#breadcrumb\",\"itemListElement\":[{\"@type\":\"ListItem\",\"position\":1,\"name\":\"Shop\",\"item\":\"https:\\\/\\\/www.ledizioni.it\\\/shop-2\\\/\"},{\"@type\":\"ListItem\",\"position\":2,\"name\":\"Silvae &#8211; quaderni semestrali di saggistica e didattica, anno XXI, n. 54, 2020\"}]},{\"@type\":\"WebSite\",\"@id\":\"https:\\\/\\\/www.ledizioni.it\\\/#website\",\"url\":\"https:\\\/\\\/www.ledizioni.it\\\/\",\"name\":\"Ledizioni\",\"description\":\"The Innovative LediPublishing Company - Casa Editrice Universitaria\",\"publisher\":{\"@id\":\"https:\\\/\\\/www.ledizioni.it\\\/#organization\"},\"potentialAction\":[{\"@type\":\"SearchAction\",\"target\":{\"@type\":\"EntryPoint\",\"urlTemplate\":\"https:\\\/\\\/www.ledizioni.it\\\/?s={search_term_string}\"},\"query-input\":{\"@type\":\"PropertyValueSpecification\",\"valueRequired\":true,\"valueName\":\"search_term_string\"}}],\"inLanguage\":\"en-GB\"},{\"@type\":\"Organization\",\"@id\":\"https:\\\/\\\/www.ledizioni.it\\\/#organization\",\"name\":\"Ledizioni\",\"url\":\"https:\\\/\\\/www.ledizioni.it\\\/\",\"logo\":{\"@type\":\"ImageObject\",\"inLanguage\":\"en-GB\",\"@id\":\"https:\\\/\\\/www.ledizioni.it\\\/#\\\/schema\\\/logo\\\/image\\\/\",\"url\":\"https:\\\/\\\/www.ledizioni.it\\\/stag\\\/wp-content\\\/uploads\\\/2023\\\/10\\\/newlogoledizioni500x110_2-1.jpg\",\"contentUrl\":\"https:\\\/\\\/www.ledizioni.it\\\/stag\\\/wp-content\\\/uploads\\\/2023\\\/10\\\/newlogoledizioni500x110_2-1.jpg\",\"width\":354,\"height\":87,\"caption\":\"Ledizioni\"},\"image\":{\"@id\":\"https:\\\/\\\/www.ledizioni.it\\\/#\\\/schema\\\/logo\\\/image\\\/\"},\"sameAs\":[\"https:\\\/\\\/www.facebook.com\\\/pages\\\/Ledizioni-LediPublishing\\\/109120559173329\",\"https:\\\/\\\/x.com\\\/ledizioni\"]}]}<\/script>\n<!-- \/ Yoast SEO plugin. -->","yoast_head_json":{"title":"Silvae - quaderni semestrali di saggistica e didattica, anno XXI, n. 54, 2020 -","description":"Ledizioni - Innovative Publishing. Casa editrice universitaria. Open Access. eBook, ePub. Creative Commons.","robots":{"index":"index","follow":"follow","max-snippet":"max-snippet:-1","max-image-preview":"max-image-preview:large","max-video-preview":"max-video-preview:-1"},"canonical":"https:\/\/www.ledizioni.it\/en\/product\/silvae-quaderni-semestrali-di-saggistica-e-didattica-anno-xxi-n-54-2020\/","og_locale":"en_GB","og_type":"article","og_title":"Silvae - quaderni semestrali di saggistica e didattica, anno XXI, n. 54, 2020 -","og_description":"Ledizioni - Innovative Publishing. Casa editrice universitaria. Open Access. eBook, ePub. Creative Commons.","og_url":"https:\/\/www.ledizioni.it\/en\/product\/silvae-quaderni-semestrali-di-saggistica-e-didattica-anno-xxi-n-54-2020\/","og_site_name":"Ledizioni","article_publisher":"https:\/\/www.facebook.com\/pages\/Ledizioni-LediPublishing\/109120559173329","article_modified_time":"2021-05-21T14:10:06+00:00","og_image":[{"width":500,"height":646,"url":"https:\/\/www.ledizioni.it\/stag\/wp-content\/uploads\/2021\/03\/Copertina_54_3D.jpg","type":"image\/jpeg"}],"twitter_card":"summary_large_image","twitter_site":"@ledizioni","twitter_misc":{"Estimated reading time":"2 minutes"},"schema":{"@context":"https:\/\/schema.org","@graph":[{"@type":"WebPage","@id":"https:\/\/www.ledizioni.it\/prodotto\/silvae-quaderni-semestrali-di-saggistica-e-didattica-anno-xxi-n-54-2020\/","url":"https:\/\/www.ledizioni.it\/prodotto\/silvae-quaderni-semestrali-di-saggistica-e-didattica-anno-xxi-n-54-2020\/","name":"Silvae - quaderni semestrali di saggistica e didattica, anno XXI, n. 54, 2020 -","isPartOf":{"@id":"https:\/\/www.ledizioni.it\/#website"},"primaryImageOfPage":{"@id":"https:\/\/www.ledizioni.it\/prodotto\/silvae-quaderni-semestrali-di-saggistica-e-didattica-anno-xxi-n-54-2020\/#primaryimage"},"image":{"@id":"https:\/\/www.ledizioni.it\/prodotto\/silvae-quaderni-semestrali-di-saggistica-e-didattica-anno-xxi-n-54-2020\/#primaryimage"},"thumbnailUrl":"https:\/\/www.ledizioni.it\/stag\/wp-content\/uploads\/2021\/03\/Copertina_54_3D.jpg","datePublished":"2021-03-31T14:42:43+00:00","dateModified":"2021-05-21T14:10:06+00:00","description":"Ledizioni - Innovative Publishing. Casa editrice universitaria. Open Access. eBook, ePub. Creative Commons.","breadcrumb":{"@id":"https:\/\/www.ledizioni.it\/prodotto\/silvae-quaderni-semestrali-di-saggistica-e-didattica-anno-xxi-n-54-2020\/#breadcrumb"},"inLanguage":"en-GB","potentialAction":[{"@type":"ReadAction","target":["https:\/\/www.ledizioni.it\/prodotto\/silvae-quaderni-semestrali-di-saggistica-e-didattica-anno-xxi-n-54-2020\/"]}]},{"@type":"ImageObject","inLanguage":"en-GB","@id":"https:\/\/www.ledizioni.it\/prodotto\/silvae-quaderni-semestrali-di-saggistica-e-didattica-anno-xxi-n-54-2020\/#primaryimage","url":"https:\/\/www.ledizioni.it\/stag\/wp-content\/uploads\/2021\/03\/Copertina_54_3D.jpg","contentUrl":"https:\/\/www.ledizioni.it\/stag\/wp-content\/uploads\/2021\/03\/Copertina_54_3D.jpg","width":500,"height":646},{"@type":"BreadcrumbList","@id":"https:\/\/www.ledizioni.it\/prodotto\/silvae-quaderni-semestrali-di-saggistica-e-didattica-anno-xxi-n-54-2020\/#breadcrumb","itemListElement":[{"@type":"ListItem","position":1,"name":"Shop","item":"https:\/\/www.ledizioni.it\/shop-2\/"},{"@type":"ListItem","position":2,"name":"Silvae &#8211; quaderni semestrali di saggistica e didattica, anno XXI, n. 54, 2020"}]},{"@type":"WebSite","@id":"https:\/\/www.ledizioni.it\/#website","url":"https:\/\/www.ledizioni.it\/","name":"Ledizioni","description":"The Innovative LediPublishing Company - Casa Editrice Universitaria","publisher":{"@id":"https:\/\/www.ledizioni.it\/#organization"},"potentialAction":[{"@type":"SearchAction","target":{"@type":"EntryPoint","urlTemplate":"https:\/\/www.ledizioni.it\/?s={search_term_string}"},"query-input":{"@type":"PropertyValueSpecification","valueRequired":true,"valueName":"search_term_string"}}],"inLanguage":"en-GB"},{"@type":"Organization","@id":"https:\/\/www.ledizioni.it\/#organization","name":"Ledizioni","url":"https:\/\/www.ledizioni.it\/","logo":{"@type":"ImageObject","inLanguage":"en-GB","@id":"https:\/\/www.ledizioni.it\/#\/schema\/logo\/image\/","url":"https:\/\/www.ledizioni.it\/stag\/wp-content\/uploads\/2023\/10\/newlogoledizioni500x110_2-1.jpg","contentUrl":"https:\/\/www.ledizioni.it\/stag\/wp-content\/uploads\/2023\/10\/newlogoledizioni500x110_2-1.jpg","width":354,"height":87,"caption":"Ledizioni"},"image":{"@id":"https:\/\/www.ledizioni.it\/#\/schema\/logo\/image\/"},"sameAs":["https:\/\/www.facebook.com\/pages\/Ledizioni-LediPublishing\/109120559173329","https:\/\/x.com\/ledizioni"]}]}},"jetpack_sharing_enabled":true,"_links":{"self":[{"href":"https:\/\/www.ledizioni.it\/en\/wp-json\/wp\/v2\/product\/37142","targetHints":{"allow":["GET"]}}],"collection":[{"href":"https:\/\/www.ledizioni.it\/en\/wp-json\/wp\/v2\/product"}],"about":[{"href":"https:\/\/www.ledizioni.it\/en\/wp-json\/wp\/v2\/types\/product"}],"replies":[{"embeddable":true,"href":"https:\/\/www.ledizioni.it\/en\/wp-json\/wp\/v2\/comments?post=37142"}],"version-history":[{"count":1,"href":"https:\/\/www.ledizioni.it\/en\/wp-json\/wp\/v2\/product\/37142\/revisions"}],"predecessor-version":[{"id":44387,"href":"https:\/\/www.ledizioni.it\/en\/wp-json\/wp\/v2\/product\/37142\/revisions\/44387"}],"wp:featuredmedia":[{"embeddable":true,"href":"https:\/\/www.ledizioni.it\/en\/wp-json\/wp\/v2\/media\/37143"}],"wp:attachment":[{"href":"https:\/\/www.ledizioni.it\/en\/wp-json\/wp\/v2\/media?parent=37142"}],"wp:term":[{"taxonomy":"product_brand","embeddable":true,"href":"https:\/\/www.ledizioni.it\/en\/wp-json\/wp\/v2\/product_brand?post=37142"},{"taxonomy":"product_cat","embeddable":true,"href":"https:\/\/www.ledizioni.it\/en\/wp-json\/wp\/v2\/product_cat?post=37142"},{"taxonomy":"product_tag","embeddable":true,"href":"https:\/\/www.ledizioni.it\/en\/wp-json\/wp\/v2\/product_tag?post=37142"}],"curies":[{"name":"wp","href":"https:\/\/api.w.org\/{rel}","templated":true}]}}