{"id":39120,"date":"2021-06-17T11:43:05","date_gmt":"2021-06-17T09:43:05","guid":{"rendered":"https:\/\/www.ledizioni.it\/?post_type=product&#038;p=39120"},"modified":"2022-01-17T15:39:01","modified_gmt":"2022-01-17T13:39:01","slug":"qualita-della-vita-nel-quartiere-edilizia-popolare-san-siro-milano","status":"publish","type":"product","link":"https:\/\/www.ledizioni.it\/en\/product\/qualita-della-vita-nel-quartiere-edilizia-popolare-san-siro-milano\/","title":{"rendered":"QUALIT\u00c0 DELLA VITA NEL QUARTIERE DI EDILIZIA POPOLARE A SAN SIRO, MILANO"},"content":{"rendered":"<p style=\"text-align: justify;\">Esiste un legame profondo e biunivoco tra la storia politica, economica e sociale di San Siro per come si \u00e8 sviluppata nel Novecento e la qualit\u00e0 della vita attuale. In altri termini, studiare la qualit\u00e0 della vita a livello di un quartiere periferico e con una specifica connotazione sociale come San Siro non pu\u00f2 prescindere da una ricostruzione delle vicende che lo hanno attraversato, per cogliere come si sono evolute e quali prospettive lasciano intravvedere.<br \/>\nSotto il profilo pi\u00f9 operativo occorre fare riferimento alla definizione teorica del concetto di qualit\u00e0 della vita, ma anche concentrare l\u2019attenzione su alcuni specifiche problematiche e relativi domini che richiamano la peculiarit\u00e0 del quartiere.<br \/>\nA partire dalla selezione e successiva operativizzazione di alcuni specifici domini, \u00e8 stata dunque individuata una serie potenziale di indicatori, alcuni dei quali poi effettivamente costruiti, che ha permesso di agire su due livelli: uno pi\u00f9 quantitativo attraverso la raccolta di dati statistici presso le fonti ufficiali, ed uno di carattere pi\u00f9 qualitativo attraverso interviste in profondit\u00e0 ad abitanti e testimoni privilegiati, focus group, osservazione partecipata e rilievi sul campo.<br \/>\nL\u2019intento del presente lavoro \u00e8 stato infatti duplice: fornire indicazioni esaustive a tutti coloro che intendono realizzare studi sulla qualit\u00e0 della vita in altri quartieri ad edilizia popolare del nostro Paese, sperimentare questo modello per lo studio della qualit\u00e0 della vita a San Siro.<br \/>\nIl presente Report pu\u00f2 dunque essere considerato a pieno titolo un manuale vero e proprio, che altri ricercatori potranno utilizzare.<\/p>\n<p style=\"text-align: justify;\"><strong>DATI BIBLIOGRAFICI<\/strong><br \/>\nCuratori: Giampaolo Nuvolati, Alessandra Terenzi<br \/>\nEditore: Ledizioni<br \/>\nPubblicato in: giugno 2021<br \/>\nFormato: cofanetto contenente due volumi<br \/>\nISBN cartaceo Q1: 9788855264495<br \/>\nISBN cartaceo Q2: <span data-sheets-formula-bar-text-style=\"font-size:13px;color:#000000;font-weight:normal;text-decoration:none;font-family:'Arial';font-style:normal;text-decoration-skip-ink:none;\">9788855264518<br \/>\nPrezzo cofanetto: 70 \u20ac<\/span><\/p>\n<p>[button link=&#8221;https:\/\/www.ledizioni.it\/download\/40122\/&#8221; style=&#8221;download&#8221; color=&#8221;red&#8221;]Scarica estratto[\/button]<\/p>","protected":false},"excerpt":{"rendered":"<p>Esiste un legame profondo e biunivoco tra la storia politica, economica e sociale di San Siro per come si \u00e8<\/p>","protected":false},"featured_media":39847,"comment_status":"open","ping_status":"closed","template":"","meta":{"_acf_changed":false},"product_brand":[],"product_cat":[27],"product_tag":[655,2161,2492,828],"class_list":{"0":"post-39120","1":"product","2":"type-product","3":"status-publish","4":"has-post-thumbnail","6":"product_cat-sociology","7":"product_tag-milano","8":"product_tag-periferie","9":"product_tag-sociologia-del-territorio","10":"product_tag-citta-2","11":"pa_formato-cartaceo","12":"pa_formato-ebook-in-pdf","14":"first","15":"instock","16":"featured","17":"shipping-taxable","18":"purchasable","19":"product-type-simple"},"acf":[],"yoast_head":"<!-- This site is optimized with the Yoast SEO plugin v27.3 - https:\/\/yoast.com\/product\/yoast-seo-wordpress\/ -->\n<title>QUALIT\u00c0 DELLA VITA NEL QUARTIERE DI EDILIZIA POPOLARE A SAN SIRO, MILANO -<\/title>\n<meta name=\"description\" content=\"Ledizioni - Innovative Publishing. Casa editrice universitaria. Open Access. eBook, ePub. Creative Commons.\" \/>\n<meta name=\"robots\" content=\"index, follow, max-snippet:-1, max-image-preview:large, max-video-preview:-1\" \/>\n<link rel=\"canonical\" href=\"https:\/\/www.ledizioni.it\/en\/product\/qualita-della-vita-nel-quartiere-edilizia-popolare-san-siro-milano\/\" \/>\n<meta property=\"og:locale\" content=\"en_GB\" \/>\n<meta property=\"og:type\" content=\"article\" \/>\n<meta property=\"og:title\" content=\"QUALIT\u00c0 DELLA VITA NEL QUARTIERE DI EDILIZIA POPOLARE A SAN SIRO, MILANO -\" \/>\n<meta property=\"og:description\" content=\"Ledizioni - Innovative Publishing. Casa editrice universitaria. Open Access. eBook, ePub. Creative Commons.\" \/>\n<meta property=\"og:url\" content=\"https:\/\/www.ledizioni.it\/en\/product\/qualita-della-vita-nel-quartiere-edilizia-popolare-san-siro-milano\/\" \/>\n<meta property=\"og:site_name\" content=\"Ledizioni\" \/>\n<meta property=\"article:publisher\" content=\"https:\/\/www.facebook.com\/pages\/Ledizioni-LediPublishing\/109120559173329\" \/>\n<meta property=\"article:modified_time\" content=\"2022-01-17T13:39:01+00:00\" \/>\n<meta property=\"og:image\" content=\"https:\/\/www.ledizioni.it\/stag\/wp-content\/uploads\/2021\/06\/Terenzi_cofanetto.jpg\" \/>\n\t<meta property=\"og:image:width\" content=\"500\" \/>\n\t<meta property=\"og:image:height\" content=\"719\" \/>\n\t<meta property=\"og:image:type\" content=\"image\/jpeg\" \/>\n<meta name=\"twitter:card\" content=\"summary_large_image\" \/>\n<meta name=\"twitter:site\" content=\"@ledizioni\" \/>\n<meta name=\"twitter:label1\" content=\"Estimated reading time\" \/>\n\t<meta name=\"twitter:data1\" content=\"1 minute\" \/>\n<script type=\"application\/ld+json\" class=\"yoast-schema-graph\">{\"@context\":\"https:\\\/\\\/schema.org\",\"@graph\":[{\"@type\":\"WebPage\",\"@id\":\"https:\\\/\\\/www.ledizioni.it\\\/en\\\/product\\\/qualita-della-vita-nel-quartiere-edilizia-popolare-san-siro-milano\\\/\",\"url\":\"https:\\\/\\\/www.ledizioni.it\\\/en\\\/product\\\/qualita-della-vita-nel-quartiere-edilizia-popolare-san-siro-milano\\\/\",\"name\":\"QUALIT\u00c0 DELLA VITA NEL QUARTIERE DI EDILIZIA POPOLARE A SAN SIRO, MILANO -\",\"isPartOf\":{\"@id\":\"https:\\\/\\\/www.ledizioni.it\\\/#website\"},\"primaryImageOfPage\":{\"@id\":\"https:\\\/\\\/www.ledizioni.it\\\/en\\\/product\\\/qualita-della-vita-nel-quartiere-edilizia-popolare-san-siro-milano\\\/#primaryimage\"},\"image\":{\"@id\":\"https:\\\/\\\/www.ledizioni.it\\\/en\\\/product\\\/qualita-della-vita-nel-quartiere-edilizia-popolare-san-siro-milano\\\/#primaryimage\"},\"thumbnailUrl\":\"https:\\\/\\\/www.ledizioni.it\\\/stag\\\/wp-content\\\/uploads\\\/2021\\\/06\\\/Terenzi_cofanetto.jpg\",\"datePublished\":\"2021-06-17T09:43:05+00:00\",\"dateModified\":\"2022-01-17T13:39:01+00:00\",\"description\":\"Ledizioni - Innovative Publishing. Casa editrice universitaria. Open Access. eBook, ePub. Creative Commons.\",\"breadcrumb\":{\"@id\":\"https:\\\/\\\/www.ledizioni.it\\\/en\\\/product\\\/qualita-della-vita-nel-quartiere-edilizia-popolare-san-siro-milano\\\/#breadcrumb\"},\"inLanguage\":\"en-GB\",\"potentialAction\":[{\"@type\":\"ReadAction\",\"target\":[\"https:\\\/\\\/www.ledizioni.it\\\/en\\\/product\\\/qualita-della-vita-nel-quartiere-edilizia-popolare-san-siro-milano\\\/\"]}]},{\"@type\":\"ImageObject\",\"inLanguage\":\"en-GB\",\"@id\":\"https:\\\/\\\/www.ledizioni.it\\\/en\\\/product\\\/qualita-della-vita-nel-quartiere-edilizia-popolare-san-siro-milano\\\/#primaryimage\",\"url\":\"https:\\\/\\\/www.ledizioni.it\\\/stag\\\/wp-content\\\/uploads\\\/2021\\\/06\\\/Terenzi_cofanetto.jpg\",\"contentUrl\":\"https:\\\/\\\/www.ledizioni.it\\\/stag\\\/wp-content\\\/uploads\\\/2021\\\/06\\\/Terenzi_cofanetto.jpg\",\"width\":500,\"height\":719},{\"@type\":\"BreadcrumbList\",\"@id\":\"https:\\\/\\\/www.ledizioni.it\\\/en\\\/product\\\/qualita-della-vita-nel-quartiere-edilizia-popolare-san-siro-milano\\\/#breadcrumb\",\"itemListElement\":[{\"@type\":\"ListItem\",\"position\":1,\"name\":\"Shop\",\"item\":\"https:\\\/\\\/www.ledizioni.it\\\/shop-2\\\/\"},{\"@type\":\"ListItem\",\"position\":2,\"name\":\"QUALIT\u00c0 DELLA VITA NEL QUARTIERE DI EDILIZIA POPOLARE A SAN SIRO, MILANO\"}]},{\"@type\":\"WebSite\",\"@id\":\"https:\\\/\\\/www.ledizioni.it\\\/#website\",\"url\":\"https:\\\/\\\/www.ledizioni.it\\\/\",\"name\":\"Ledizioni\",\"description\":\"The Innovative LediPublishing Company - Casa Editrice Universitaria\",\"publisher\":{\"@id\":\"https:\\\/\\\/www.ledizioni.it\\\/#organization\"},\"potentialAction\":[{\"@type\":\"SearchAction\",\"target\":{\"@type\":\"EntryPoint\",\"urlTemplate\":\"https:\\\/\\\/www.ledizioni.it\\\/?s={search_term_string}\"},\"query-input\":{\"@type\":\"PropertyValueSpecification\",\"valueRequired\":true,\"valueName\":\"search_term_string\"}}],\"inLanguage\":\"en-GB\"},{\"@type\":\"Organization\",\"@id\":\"https:\\\/\\\/www.ledizioni.it\\\/#organization\",\"name\":\"Ledizioni\",\"url\":\"https:\\\/\\\/www.ledizioni.it\\\/\",\"logo\":{\"@type\":\"ImageObject\",\"inLanguage\":\"en-GB\",\"@id\":\"https:\\\/\\\/www.ledizioni.it\\\/#\\\/schema\\\/logo\\\/image\\\/\",\"url\":\"https:\\\/\\\/www.ledizioni.it\\\/stag\\\/wp-content\\\/uploads\\\/2023\\\/10\\\/newlogoledizioni500x110_2-1.jpg\",\"contentUrl\":\"https:\\\/\\\/www.ledizioni.it\\\/stag\\\/wp-content\\\/uploads\\\/2023\\\/10\\\/newlogoledizioni500x110_2-1.jpg\",\"width\":354,\"height\":87,\"caption\":\"Ledizioni\"},\"image\":{\"@id\":\"https:\\\/\\\/www.ledizioni.it\\\/#\\\/schema\\\/logo\\\/image\\\/\"},\"sameAs\":[\"https:\\\/\\\/www.facebook.com\\\/pages\\\/Ledizioni-LediPublishing\\\/109120559173329\",\"https:\\\/\\\/x.com\\\/ledizioni\"]}]}<\/script>\n<!-- \/ Yoast SEO plugin. -->","yoast_head_json":{"title":"QUALIT\u00c0 DELLA VITA NEL QUARTIERE DI EDILIZIA POPOLARE A SAN SIRO, MILANO -","description":"Ledizioni - Innovative Publishing. Casa editrice universitaria. Open Access. eBook, ePub. Creative Commons.","robots":{"index":"index","follow":"follow","max-snippet":"max-snippet:-1","max-image-preview":"max-image-preview:large","max-video-preview":"max-video-preview:-1"},"canonical":"https:\/\/www.ledizioni.it\/en\/product\/qualita-della-vita-nel-quartiere-edilizia-popolare-san-siro-milano\/","og_locale":"en_GB","og_type":"article","og_title":"QUALIT\u00c0 DELLA VITA NEL QUARTIERE DI EDILIZIA POPOLARE A SAN SIRO, MILANO -","og_description":"Ledizioni - Innovative Publishing. Casa editrice universitaria. Open Access. eBook, ePub. Creative Commons.","og_url":"https:\/\/www.ledizioni.it\/en\/product\/qualita-della-vita-nel-quartiere-edilizia-popolare-san-siro-milano\/","og_site_name":"Ledizioni","article_publisher":"https:\/\/www.facebook.com\/pages\/Ledizioni-LediPublishing\/109120559173329","article_modified_time":"2022-01-17T13:39:01+00:00","og_image":[{"width":500,"height":719,"url":"https:\/\/www.ledizioni.it\/stag\/wp-content\/uploads\/2021\/06\/Terenzi_cofanetto.jpg","type":"image\/jpeg"}],"twitter_card":"summary_large_image","twitter_site":"@ledizioni","twitter_misc":{"Estimated reading time":"1 minute"},"schema":{"@context":"https:\/\/schema.org","@graph":[{"@type":"WebPage","@id":"https:\/\/www.ledizioni.it\/en\/product\/qualita-della-vita-nel-quartiere-edilizia-popolare-san-siro-milano\/","url":"https:\/\/www.ledizioni.it\/en\/product\/qualita-della-vita-nel-quartiere-edilizia-popolare-san-siro-milano\/","name":"QUALIT\u00c0 DELLA VITA NEL QUARTIERE DI EDILIZIA POPOLARE A SAN SIRO, MILANO -","isPartOf":{"@id":"https:\/\/www.ledizioni.it\/#website"},"primaryImageOfPage":{"@id":"https:\/\/www.ledizioni.it\/en\/product\/qualita-della-vita-nel-quartiere-edilizia-popolare-san-siro-milano\/#primaryimage"},"image":{"@id":"https:\/\/www.ledizioni.it\/en\/product\/qualita-della-vita-nel-quartiere-edilizia-popolare-san-siro-milano\/#primaryimage"},"thumbnailUrl":"https:\/\/www.ledizioni.it\/stag\/wp-content\/uploads\/2021\/06\/Terenzi_cofanetto.jpg","datePublished":"2021-06-17T09:43:05+00:00","dateModified":"2022-01-17T13:39:01+00:00","description":"Ledizioni - Innovative Publishing. Casa editrice universitaria. Open Access. eBook, ePub. Creative Commons.","breadcrumb":{"@id":"https:\/\/www.ledizioni.it\/en\/product\/qualita-della-vita-nel-quartiere-edilizia-popolare-san-siro-milano\/#breadcrumb"},"inLanguage":"en-GB","potentialAction":[{"@type":"ReadAction","target":["https:\/\/www.ledizioni.it\/en\/product\/qualita-della-vita-nel-quartiere-edilizia-popolare-san-siro-milano\/"]}]},{"@type":"ImageObject","inLanguage":"en-GB","@id":"https:\/\/www.ledizioni.it\/en\/product\/qualita-della-vita-nel-quartiere-edilizia-popolare-san-siro-milano\/#primaryimage","url":"https:\/\/www.ledizioni.it\/stag\/wp-content\/uploads\/2021\/06\/Terenzi_cofanetto.jpg","contentUrl":"https:\/\/www.ledizioni.it\/stag\/wp-content\/uploads\/2021\/06\/Terenzi_cofanetto.jpg","width":500,"height":719},{"@type":"BreadcrumbList","@id":"https:\/\/www.ledizioni.it\/en\/product\/qualita-della-vita-nel-quartiere-edilizia-popolare-san-siro-milano\/#breadcrumb","itemListElement":[{"@type":"ListItem","position":1,"name":"Shop","item":"https:\/\/www.ledizioni.it\/shop-2\/"},{"@type":"ListItem","position":2,"name":"QUALIT\u00c0 DELLA VITA NEL QUARTIERE DI EDILIZIA POPOLARE A SAN SIRO, MILANO"}]},{"@type":"WebSite","@id":"https:\/\/www.ledizioni.it\/#website","url":"https:\/\/www.ledizioni.it\/","name":"Ledizioni","description":"The Innovative LediPublishing Company - Casa Editrice Universitaria","publisher":{"@id":"https:\/\/www.ledizioni.it\/#organization"},"potentialAction":[{"@type":"SearchAction","target":{"@type":"EntryPoint","urlTemplate":"https:\/\/www.ledizioni.it\/?s={search_term_string}"},"query-input":{"@type":"PropertyValueSpecification","valueRequired":true,"valueName":"search_term_string"}}],"inLanguage":"en-GB"},{"@type":"Organization","@id":"https:\/\/www.ledizioni.it\/#organization","name":"Ledizioni","url":"https:\/\/www.ledizioni.it\/","logo":{"@type":"ImageObject","inLanguage":"en-GB","@id":"https:\/\/www.ledizioni.it\/#\/schema\/logo\/image\/","url":"https:\/\/www.ledizioni.it\/stag\/wp-content\/uploads\/2023\/10\/newlogoledizioni500x110_2-1.jpg","contentUrl":"https:\/\/www.ledizioni.it\/stag\/wp-content\/uploads\/2023\/10\/newlogoledizioni500x110_2-1.jpg","width":354,"height":87,"caption":"Ledizioni"},"image":{"@id":"https:\/\/www.ledizioni.it\/#\/schema\/logo\/image\/"},"sameAs":["https:\/\/www.facebook.com\/pages\/Ledizioni-LediPublishing\/109120559173329","https:\/\/x.com\/ledizioni"]}]}},"jetpack_sharing_enabled":true,"_links":{"self":[{"href":"https:\/\/www.ledizioni.it\/en\/wp-json\/wp\/v2\/product\/39120","targetHints":{"allow":["GET"]}}],"collection":[{"href":"https:\/\/www.ledizioni.it\/en\/wp-json\/wp\/v2\/product"}],"about":[{"href":"https:\/\/www.ledizioni.it\/en\/wp-json\/wp\/v2\/types\/product"}],"replies":[{"embeddable":true,"href":"https:\/\/www.ledizioni.it\/en\/wp-json\/wp\/v2\/comments?post=39120"}],"version-history":[{"count":0,"href":"https:\/\/www.ledizioni.it\/en\/wp-json\/wp\/v2\/product\/39120\/revisions"}],"wp:featuredmedia":[{"embeddable":true,"href":"https:\/\/www.ledizioni.it\/en\/wp-json\/wp\/v2\/media\/39847"}],"wp:attachment":[{"href":"https:\/\/www.ledizioni.it\/en\/wp-json\/wp\/v2\/media?parent=39120"}],"wp:term":[{"taxonomy":"product_brand","embeddable":true,"href":"https:\/\/www.ledizioni.it\/en\/wp-json\/wp\/v2\/product_brand?post=39120"},{"taxonomy":"product_cat","embeddable":true,"href":"https:\/\/www.ledizioni.it\/en\/wp-json\/wp\/v2\/product_cat?post=39120"},{"taxonomy":"product_tag","embeddable":true,"href":"https:\/\/www.ledizioni.it\/en\/wp-json\/wp\/v2\/product_tag?post=39120"}],"curies":[{"name":"wp","href":"https:\/\/api.w.org\/{rel}","templated":true}]}}