{"id":40165,"date":"2021-07-15T14:36:58","date_gmt":"2021-07-15T12:36:58","guid":{"rendered":"https:\/\/www.ledizioni.it\/?post_type=product&#038;p=40165"},"modified":"2022-01-17T15:22:17","modified_gmt":"2022-01-17T13:22:17","slug":"il-gioco-dell-io","status":"publish","type":"product","link":"https:\/\/www.ledizioni.it\/en\/product\/il-gioco-dell-io\/","title":{"rendered":"IL GIOCO DELL\u2019IO"},"content":{"rendered":"<p style=\"text-align: justify;\">Il ritmo accelerato del cambiamento, la molteplicit\u00e0 dei ruoli, l\u2019eccesso di possibilit\u00e0 e di messaggi dilatano l\u2019esperienza cognitiva ed affettiva degli abitanti di un pianeta divenuto societ\u00e0 globale, in una misura che non ha paragone con nessuna cultura precedente dell\u2019umanit\u00e0. I punti di riferimento su cui individui e gruppo fondavano in passato la continuit\u00e0 della propria esistenza vengono meno. La possibilit\u00e0 di rispondere con sicurezza alla domanda \u201cchi sono io?\u201d si fa labile: la nostra presenza ha bisogno di \u00e0ncore e dubitiamo della nostra biografia. La ricerca di dimora dell\u2019io diventa cos\u00ec vicenda comune e l\u2019individuo deve costituire e ricostruire la propria casa di fronte al mutamento incalzante degli eventi e delle relazioni.<br \/>\nDi questa ricerca il libro segue le tracce nell\u2019esperienza individuale e nei fenomeni collettivi contemporanei, riflettendone potenzialit\u00e0 e dilemmi. Un mondo che scopre la complessit\u00e0 e la differenza non pu\u00f2 sfuggire l\u2019incertezza e chiede agli individui la capacit\u00e0 di mutare forma restando se stessi. L\u2019Io, non pi\u00f9 solidamente imperniato in una identificazione stabile, ha gioco, oscilla e si moltiplica.<br \/>\nLa comprensione di quanto sta accadendo si colloca all\u2019incrocio di diversi saperi. Per accostarsi ad un io molteplice \u00e8 necessario modificare il punto di vista, assumendo uno sguardo capace di cogliere relazioni e apprendere dall\u2019esperienza. Il nostro agire ci appare sempre pi\u00f9 chiaramente come un processo interattivo, continuamente costruito in un campo di possibilit\u00e0 e di limiti. Per questo la responsabilit\u00e0 di abitare la terra \u00e8 consegnata nelle mani di ciascuno. Realt\u00e0 sociale ed esperienza individuale sono dunque i poli di una relazione circolare tra i quali questo libro si muove.<br \/>\nLedizioni ripubblica in formato cartaceo ed ebook questo testo gi\u00e0 edito da Feltrinelli nel 1996.<\/p>\n<h3><strong>DATI BIBLIOGRAFICI<\/strong><\/h3>\n<p>Autori: Alberto Melucci<br \/>\nEditore: Ledizioni<br \/>\nCollana: <a href=\"https:\/\/www.ledizioni.it\/en\/product-category\/reprints\/sociologica-reprints\/\">Sociologica Reprints<\/a><br \/>\nFormato: Brossura, 263 p. &#8211; ePub<br \/>\nPrima edizione Ledizioni: luglio 2021<br \/>\nISBN cartaceo: 9788855264853<br \/>\nISBN ePub: 9788855264860<br \/>\nPrezzo cartaceo: 18,00 \u20ac<br \/>\nPrezzo ePub: 6,99 \u20ac<br \/>\n<a href=\"https:\/\/www.amazon.it\/gioco-dellIo-cambiamento-societ%C3%A0-globale-ebook\/dp\/B099KRMHLV\/ref=sr_1_1?__mk_it_IT=%C3%85M%C3%85%C5%BD%C3%95%C3%91&#038;crid=3T4OT7HQO5321&#038;keywords=9788855264860&#038;qid=1642425685&#038;sprefix=9788855264860%2Caps%2C62&#038;sr=8-1\" target=\"_blank\" rel=\"noopener\"><img decoding=\"async\" class=\"aligncenter size-medium wp-image-23060\" src=\"https:\/\/www.ledizioni.it\/stag\/wp-content\/uploads\/2018\/10\/pulsante-amazon-1-300x104.jpg\" alt=\"\" width=\"150\" height=\"50\" \/><\/a><img decoding=\"async\" style=\"border: none !important; margin: 0px !important;\" src=\"\/\/ir-it.amazon-adsystem.com\/e\/ir?t=ledizioni-21&amp;l=am2&amp;o=29&amp;a=8867057839\" alt=\"\" width=\"1\" height=\"1\" border=\"0\" \/><br \/>\n<a href=\"https:\/\/www.torrossa.com\/it\/resources\/an\/5043850?qt=any_keyword_search&#038;q=9788855264860&#038;rows=20&#038;sort=score+desc%2C+pub_date_sort+desc%2C+title_sort+desc&#038;start=0&#038;page=0&#038;publisher_code=F96725&#038;type=Search&#038;itemnumber=0&#038;rows_original=20&#038;uri_original=%2Fit%2Fsearch%2F9788855264860\"><img decoding=\"async\" class=\"aligncenter wp-image-23912\" src=\"https:\/\/www.ledizioni.it\/stag\/wp-content\/uploads\/2019\/07\/torrossa_web-150x80.jpg\" alt=\"\" width=\"200\" height=\"60\" \/><\/a><\/p>","protected":false},"excerpt":{"rendered":"<p>Il ritmo accelerato del cambiamento, la molteplicit\u00e0 dei ruoli, l\u2019eccesso di possibilit\u00e0 e di messaggi dilatano l\u2019esperienza cognitiva ed affettiva<\/p>","protected":false},"featured_media":40175,"comment_status":"open","ping_status":"closed","template":"","meta":{"_acf_changed":false},"product_brand":[],"product_cat":[569],"product_tag":[796,2623,2293],"class_list":{"0":"post-40165","1":"product","2":"type-product","3":"status-publish","4":"has-post-thumbnail","6":"product_cat-sociologica-reprints","7":"product_tag-classici","8":"product_tag-societa","9":"product_tag-storia-della-sociologia","10":"pa_formato-cartaceo","11":"pa_formato-ebook-in-epub","13":"first","14":"instock","15":"featured","16":"shipping-taxable","17":"purchasable","18":"product-type-variable"},"acf":[],"yoast_head":"<!-- This site is optimized with the Yoast SEO plugin v27.3 - https:\/\/yoast.com\/product\/yoast-seo-wordpress\/ -->\n<title>IL GIOCO DELL\u2019IO -<\/title>\n<meta name=\"description\" content=\"La sociologia e l&#039;educazione. Ledizioni ripubblica, in traduzione italiana, questo saggio del celebre sociologo, la cui prima edizione risale al 1922.\" \/>\n<meta name=\"robots\" content=\"index, follow, max-snippet:-1, max-image-preview:large, max-video-preview:-1\" \/>\n<link rel=\"canonical\" href=\"https:\/\/www.ledizioni.it\/en\/product\/il-gioco-dell-io\/\" \/>\n<meta property=\"og:locale\" content=\"en_GB\" \/>\n<meta property=\"og:type\" content=\"article\" \/>\n<meta property=\"og:title\" content=\"IL GIOCO DELL\u2019IO -\" \/>\n<meta property=\"og:description\" content=\"La sociologia e l&#039;educazione. Ledizioni ripubblica, in traduzione italiana, questo saggio del celebre sociologo, la cui prima edizione risale al 1922.\" \/>\n<meta property=\"og:url\" content=\"https:\/\/www.ledizioni.it\/en\/product\/il-gioco-dell-io\/\" \/>\n<meta property=\"og:site_name\" content=\"Ledizioni\" \/>\n<meta property=\"article:publisher\" content=\"https:\/\/www.facebook.com\/pages\/Ledizioni-LediPublishing\/109120559173329\" \/>\n<meta property=\"article:modified_time\" content=\"2022-01-17T13:22:17+00:00\" \/>\n<meta property=\"og:image\" content=\"https:\/\/www.ledizioni.it\/stag\/wp-content\/uploads\/2021\/07\/Melucci_copertina_blu_3D-1.jpg\" \/>\n\t<meta property=\"og:image:width\" content=\"500\" \/>\n\t<meta property=\"og:image:height\" content=\"643\" \/>\n\t<meta property=\"og:image:type\" content=\"image\/jpeg\" \/>\n<meta name=\"twitter:card\" content=\"summary_large_image\" \/>\n<meta name=\"twitter:site\" content=\"@ledizioni\" \/>\n<meta name=\"twitter:label1\" content=\"Estimated reading time\" \/>\n\t<meta name=\"twitter:data1\" content=\"2 minutes\" \/>\n<script type=\"application\/ld+json\" class=\"yoast-schema-graph\">{\"@context\":\"https:\\\/\\\/schema.org\",\"@graph\":[{\"@type\":\"WebPage\",\"@id\":\"https:\\\/\\\/www.ledizioni.it\\\/prodotto\\\/il-gioco-dell-io\\\/\",\"url\":\"https:\\\/\\\/www.ledizioni.it\\\/prodotto\\\/il-gioco-dell-io\\\/\",\"name\":\"IL GIOCO DELL\u2019IO -\",\"isPartOf\":{\"@id\":\"https:\\\/\\\/www.ledizioni.it\\\/#website\"},\"primaryImageOfPage\":{\"@id\":\"https:\\\/\\\/www.ledizioni.it\\\/prodotto\\\/il-gioco-dell-io\\\/#primaryimage\"},\"image\":{\"@id\":\"https:\\\/\\\/www.ledizioni.it\\\/prodotto\\\/il-gioco-dell-io\\\/#primaryimage\"},\"thumbnailUrl\":\"https:\\\/\\\/www.ledizioni.it\\\/stag\\\/wp-content\\\/uploads\\\/2021\\\/07\\\/Melucci_copertina_blu_3D-1.jpg\",\"datePublished\":\"2021-07-15T12:36:58+00:00\",\"dateModified\":\"2022-01-17T13:22:17+00:00\",\"description\":\"La sociologia e l'educazione. Ledizioni ripubblica, in traduzione italiana, questo saggio del celebre sociologo, la cui prima edizione risale al 1922.\",\"breadcrumb\":{\"@id\":\"https:\\\/\\\/www.ledizioni.it\\\/prodotto\\\/il-gioco-dell-io\\\/#breadcrumb\"},\"inLanguage\":\"en-GB\",\"potentialAction\":[{\"@type\":\"ReadAction\",\"target\":[\"https:\\\/\\\/www.ledizioni.it\\\/prodotto\\\/il-gioco-dell-io\\\/\"]}]},{\"@type\":\"ImageObject\",\"inLanguage\":\"en-GB\",\"@id\":\"https:\\\/\\\/www.ledizioni.it\\\/prodotto\\\/il-gioco-dell-io\\\/#primaryimage\",\"url\":\"https:\\\/\\\/www.ledizioni.it\\\/stag\\\/wp-content\\\/uploads\\\/2021\\\/07\\\/Melucci_copertina_blu_3D-1.jpg\",\"contentUrl\":\"https:\\\/\\\/www.ledizioni.it\\\/stag\\\/wp-content\\\/uploads\\\/2021\\\/07\\\/Melucci_copertina_blu_3D-1.jpg\",\"width\":500,\"height\":643},{\"@type\":\"BreadcrumbList\",\"@id\":\"https:\\\/\\\/www.ledizioni.it\\\/prodotto\\\/il-gioco-dell-io\\\/#breadcrumb\",\"itemListElement\":[{\"@type\":\"ListItem\",\"position\":1,\"name\":\"Shop\",\"item\":\"https:\\\/\\\/www.ledizioni.it\\\/shop-2\\\/\"},{\"@type\":\"ListItem\",\"position\":2,\"name\":\"IL GIOCO DELL\u2019IO\"}]},{\"@type\":\"WebSite\",\"@id\":\"https:\\\/\\\/www.ledizioni.it\\\/#website\",\"url\":\"https:\\\/\\\/www.ledizioni.it\\\/\",\"name\":\"Ledizioni\",\"description\":\"The Innovative LediPublishing Company - Casa Editrice Universitaria\",\"publisher\":{\"@id\":\"https:\\\/\\\/www.ledizioni.it\\\/#organization\"},\"potentialAction\":[{\"@type\":\"SearchAction\",\"target\":{\"@type\":\"EntryPoint\",\"urlTemplate\":\"https:\\\/\\\/www.ledizioni.it\\\/?s={search_term_string}\"},\"query-input\":{\"@type\":\"PropertyValueSpecification\",\"valueRequired\":true,\"valueName\":\"search_term_string\"}}],\"inLanguage\":\"en-GB\"},{\"@type\":\"Organization\",\"@id\":\"https:\\\/\\\/www.ledizioni.it\\\/#organization\",\"name\":\"Ledizioni\",\"url\":\"https:\\\/\\\/www.ledizioni.it\\\/\",\"logo\":{\"@type\":\"ImageObject\",\"inLanguage\":\"en-GB\",\"@id\":\"https:\\\/\\\/www.ledizioni.it\\\/#\\\/schema\\\/logo\\\/image\\\/\",\"url\":\"https:\\\/\\\/www.ledizioni.it\\\/stag\\\/wp-content\\\/uploads\\\/2023\\\/10\\\/newlogoledizioni500x110_2-1.jpg\",\"contentUrl\":\"https:\\\/\\\/www.ledizioni.it\\\/stag\\\/wp-content\\\/uploads\\\/2023\\\/10\\\/newlogoledizioni500x110_2-1.jpg\",\"width\":354,\"height\":87,\"caption\":\"Ledizioni\"},\"image\":{\"@id\":\"https:\\\/\\\/www.ledizioni.it\\\/#\\\/schema\\\/logo\\\/image\\\/\"},\"sameAs\":[\"https:\\\/\\\/www.facebook.com\\\/pages\\\/Ledizioni-LediPublishing\\\/109120559173329\",\"https:\\\/\\\/x.com\\\/ledizioni\"]}]}<\/script>\n<!-- \/ Yoast SEO plugin. -->","yoast_head_json":{"title":"IL GIOCO DELL\u2019IO -","description":"La sociologia e l'educazione. Ledizioni ripubblica, in traduzione italiana, questo saggio del celebre sociologo, la cui prima edizione risale al 1922.","robots":{"index":"index","follow":"follow","max-snippet":"max-snippet:-1","max-image-preview":"max-image-preview:large","max-video-preview":"max-video-preview:-1"},"canonical":"https:\/\/www.ledizioni.it\/en\/product\/il-gioco-dell-io\/","og_locale":"en_GB","og_type":"article","og_title":"IL GIOCO DELL\u2019IO -","og_description":"La sociologia e l'educazione. Ledizioni ripubblica, in traduzione italiana, questo saggio del celebre sociologo, la cui prima edizione risale al 1922.","og_url":"https:\/\/www.ledizioni.it\/en\/product\/il-gioco-dell-io\/","og_site_name":"Ledizioni","article_publisher":"https:\/\/www.facebook.com\/pages\/Ledizioni-LediPublishing\/109120559173329","article_modified_time":"2022-01-17T13:22:17+00:00","og_image":[{"width":500,"height":643,"url":"https:\/\/www.ledizioni.it\/stag\/wp-content\/uploads\/2021\/07\/Melucci_copertina_blu_3D-1.jpg","type":"image\/jpeg"}],"twitter_card":"summary_large_image","twitter_site":"@ledizioni","twitter_misc":{"Estimated reading time":"2 minutes"},"schema":{"@context":"https:\/\/schema.org","@graph":[{"@type":"WebPage","@id":"https:\/\/www.ledizioni.it\/prodotto\/il-gioco-dell-io\/","url":"https:\/\/www.ledizioni.it\/prodotto\/il-gioco-dell-io\/","name":"IL GIOCO DELL\u2019IO -","isPartOf":{"@id":"https:\/\/www.ledizioni.it\/#website"},"primaryImageOfPage":{"@id":"https:\/\/www.ledizioni.it\/prodotto\/il-gioco-dell-io\/#primaryimage"},"image":{"@id":"https:\/\/www.ledizioni.it\/prodotto\/il-gioco-dell-io\/#primaryimage"},"thumbnailUrl":"https:\/\/www.ledizioni.it\/stag\/wp-content\/uploads\/2021\/07\/Melucci_copertina_blu_3D-1.jpg","datePublished":"2021-07-15T12:36:58+00:00","dateModified":"2022-01-17T13:22:17+00:00","description":"La sociologia e l'educazione. Ledizioni ripubblica, in traduzione italiana, questo saggio del celebre sociologo, la cui prima edizione risale al 1922.","breadcrumb":{"@id":"https:\/\/www.ledizioni.it\/prodotto\/il-gioco-dell-io\/#breadcrumb"},"inLanguage":"en-GB","potentialAction":[{"@type":"ReadAction","target":["https:\/\/www.ledizioni.it\/prodotto\/il-gioco-dell-io\/"]}]},{"@type":"ImageObject","inLanguage":"en-GB","@id":"https:\/\/www.ledizioni.it\/prodotto\/il-gioco-dell-io\/#primaryimage","url":"https:\/\/www.ledizioni.it\/stag\/wp-content\/uploads\/2021\/07\/Melucci_copertina_blu_3D-1.jpg","contentUrl":"https:\/\/www.ledizioni.it\/stag\/wp-content\/uploads\/2021\/07\/Melucci_copertina_blu_3D-1.jpg","width":500,"height":643},{"@type":"BreadcrumbList","@id":"https:\/\/www.ledizioni.it\/prodotto\/il-gioco-dell-io\/#breadcrumb","itemListElement":[{"@type":"ListItem","position":1,"name":"Shop","item":"https:\/\/www.ledizioni.it\/shop-2\/"},{"@type":"ListItem","position":2,"name":"IL GIOCO DELL\u2019IO"}]},{"@type":"WebSite","@id":"https:\/\/www.ledizioni.it\/#website","url":"https:\/\/www.ledizioni.it\/","name":"Ledizioni","description":"The Innovative LediPublishing Company - Casa Editrice Universitaria","publisher":{"@id":"https:\/\/www.ledizioni.it\/#organization"},"potentialAction":[{"@type":"SearchAction","target":{"@type":"EntryPoint","urlTemplate":"https:\/\/www.ledizioni.it\/?s={search_term_string}"},"query-input":{"@type":"PropertyValueSpecification","valueRequired":true,"valueName":"search_term_string"}}],"inLanguage":"en-GB"},{"@type":"Organization","@id":"https:\/\/www.ledizioni.it\/#organization","name":"Ledizioni","url":"https:\/\/www.ledizioni.it\/","logo":{"@type":"ImageObject","inLanguage":"en-GB","@id":"https:\/\/www.ledizioni.it\/#\/schema\/logo\/image\/","url":"https:\/\/www.ledizioni.it\/stag\/wp-content\/uploads\/2023\/10\/newlogoledizioni500x110_2-1.jpg","contentUrl":"https:\/\/www.ledizioni.it\/stag\/wp-content\/uploads\/2023\/10\/newlogoledizioni500x110_2-1.jpg","width":354,"height":87,"caption":"Ledizioni"},"image":{"@id":"https:\/\/www.ledizioni.it\/#\/schema\/logo\/image\/"},"sameAs":["https:\/\/www.facebook.com\/pages\/Ledizioni-LediPublishing\/109120559173329","https:\/\/x.com\/ledizioni"]}]}},"jetpack_sharing_enabled":true,"_links":{"self":[{"href":"https:\/\/www.ledizioni.it\/en\/wp-json\/wp\/v2\/product\/40165","targetHints":{"allow":["GET"]}}],"collection":[{"href":"https:\/\/www.ledizioni.it\/en\/wp-json\/wp\/v2\/product"}],"about":[{"href":"https:\/\/www.ledizioni.it\/en\/wp-json\/wp\/v2\/types\/product"}],"replies":[{"embeddable":true,"href":"https:\/\/www.ledizioni.it\/en\/wp-json\/wp\/v2\/comments?post=40165"}],"version-history":[{"count":0,"href":"https:\/\/www.ledizioni.it\/en\/wp-json\/wp\/v2\/product\/40165\/revisions"}],"wp:featuredmedia":[{"embeddable":true,"href":"https:\/\/www.ledizioni.it\/en\/wp-json\/wp\/v2\/media\/40175"}],"wp:attachment":[{"href":"https:\/\/www.ledizioni.it\/en\/wp-json\/wp\/v2\/media?parent=40165"}],"wp:term":[{"taxonomy":"product_brand","embeddable":true,"href":"https:\/\/www.ledizioni.it\/en\/wp-json\/wp\/v2\/product_brand?post=40165"},{"taxonomy":"product_cat","embeddable":true,"href":"https:\/\/www.ledizioni.it\/en\/wp-json\/wp\/v2\/product_cat?post=40165"},{"taxonomy":"product_tag","embeddable":true,"href":"https:\/\/www.ledizioni.it\/en\/wp-json\/wp\/v2\/product_tag?post=40165"}],"curies":[{"name":"wp","href":"https:\/\/api.w.org\/{rel}","templated":true}]}}