{"id":40320,"date":"2021-07-19T12:40:53","date_gmt":"2021-07-19T10:40:53","guid":{"rendered":"https:\/\/www.ledizioni.it\/?post_type=product&#038;p=40320"},"modified":"2022-01-17T15:20:57","modified_gmt":"2022-01-17T13:20:57","slug":"gli-aspetti-multidisciplinari-dellansia-patologica-e-le-tecniche-di-gestione","status":"publish","type":"product","link":"https:\/\/www.ledizioni.it\/en\/product\/gli-aspetti-multidisciplinari-dellansia-patologica-e-le-tecniche-di-gestione\/","title":{"rendered":"GLI ASPETTI MULTIDISCIPLINARI DELL\u2019ANSIA PATOLOGICA E LE TECNICHE DI GESTIONE"},"content":{"rendered":"<p style=\"text-align: justify;\">L\u2019etimologia della parola ansia \u00e8 legata al termine latino \u201cangere\u201d che significa \u201cstringere\u201d e comunica molto bene la sensazione di costrizione, minaccia e tensione vissuta da chi soffre di disturbi legati al suo spettro.<br \/>\nOccorre precisare che esistono due tipi di ansia quella normale o funzionale e quella patologica o disfunzionale che differiscono per intensit\u00e0, modalit\u00e0 di comparsa e durata. L\u2019ansia normale \u00e8 la risposta fisiologica ad un pericolo o ad un stress ed \u00e8 necessaria per indurre nell\u2019organismo una serie di cambiamenti che forniscono l\u2019energia e la forza per affrontare la situazione. L\u2019ansia patologica \u00e8 caratterizzata dall\u2019avere una eccessiva intensit\u00e0 e\/o dal comparire in risposta ad eventi che normalmente vengono ritenuti non pericolosi, in ogni modo, interferisce negativamente con la prestazione che \u00e8 richiesta al soggetto in quel frangente. In caso di ansia disfunzionale il vissuto emotivo spiacevole pu\u00f2 avere un contenuto relativamente stabile, come nelle fobie, o pu\u00f2 essere \u201cfluttuante\u201d nel senso che pu\u00f2, di volta in volta, legarsi a contenuti diversi.<\/p>\n<p><strong>DATI BIBLIOGRAFICI<\/strong><br \/>\nA cura di: Lucilla Castrucci<br \/>\nEditore: Ledizioni<br \/>\nPubblicato nel: luglio 2021<br \/>\nFormato: PDF &#8211; ePub<br \/>\nISBN PDF: 9788855265430<br \/>\nISBN ePub: 9788855265447<br \/>\nPrezzo PDF: 9,99 \u20ac<br \/>\nPrezzo ePub: 9,99 \u20ac<br \/>\n<a href=\"https:\/\/www.amazon.it\/multidisciplinari-dellansia-patologica-tecniche-gestione-ebook\/dp\/B099SB3RJ2\/ref=sr_1_1?__mk_it_IT=%C3%85M%C3%85%C5%BD%C3%95%C3%91&#038;crid=144DRDW1VJQV4&#038;keywords=9788855265447&#038;qid=1642425617&#038;sprefix=9788855265447%2Caps%2C84&#038;sr=8-1\" target=\"_blank\" rel=\"noopener\"><img decoding=\"async\" class=\"aligncenter size-medium wp-image-23060\" src=\"https:\/\/www.ledizioni.it\/stag\/wp-content\/uploads\/2018\/10\/pulsante-amazon-1-300x104.jpg\" alt=\"\" width=\"150\" height=\"50\" \/><\/a><img decoding=\"async\" style=\"border: none !important; margin: 0px !important;\" src=\"\/\/ir-it.amazon-adsystem.com\/e\/ir?t=ledizioni-21&amp;l=am2&amp;o=29&amp;a=8867057839\" alt=\"\" width=\"1\" height=\"1\" border=\"0\" \/><\/p>","protected":false},"excerpt":{"rendered":"<p>L\u2019etimologia della parola ansia \u00e8 legata al termine latino \u201cangere\u201d che significa \u201cstringere\u201d e comunica molto bene la sensazione di<\/p>","protected":false},"featured_media":40321,"comment_status":"open","ping_status":"closed","template":"","meta":{"_acf_changed":false},"product_brand":[],"product_cat":[2537],"product_tag":[2624,1761,1502],"class_list":{"0":"post-40320","1":"product","2":"type-product","3":"status-publish","4":"has-post-thumbnail","6":"product_cat-psico","7":"product_tag-ansia","8":"product_tag-psicologia","9":"product_tag-salute","10":"pa_formato-ebook-in-epub","11":"pa_formato-ebook-in-pdf","13":"first","14":"instock","15":"featured","16":"shipping-taxable","17":"purchasable","18":"product-type-variable"},"acf":[],"yoast_head":"<!-- This site is optimized with the Yoast SEO plugin v27.6 - https:\/\/yoast.com\/product\/yoast-seo-wordpress\/ -->\n<title>GLI ASPETTI MULTIDISCIPLINARI DELL\u2019ANSIA PATOLOGICA E LE TECNICHE DI GESTIONE -<\/title>\n<meta name=\"description\" content=\"Ledizioni - Innovative Publishing. Casa editrice universitaria. Open Access. eBook, ePub. Creative Commons.\" \/>\n<meta name=\"robots\" content=\"index, follow, max-snippet:-1, max-image-preview:large, max-video-preview:-1\" \/>\n<link rel=\"canonical\" href=\"https:\/\/www.ledizioni.it\/en\/product\/gli-aspetti-multidisciplinari-dellansia-patologica-e-le-tecniche-di-gestione\/\" \/>\n<meta property=\"og:locale\" content=\"en_GB\" \/>\n<meta property=\"og:type\" content=\"article\" \/>\n<meta property=\"og:title\" content=\"GLI ASPETTI MULTIDISCIPLINARI DELL\u2019ANSIA PATOLOGICA E LE TECNICHE DI GESTIONE -\" \/>\n<meta property=\"og:description\" content=\"Ledizioni - Innovative Publishing. Casa editrice universitaria. Open Access. eBook, ePub. Creative Commons.\" \/>\n<meta property=\"og:url\" content=\"https:\/\/www.ledizioni.it\/en\/product\/gli-aspetti-multidisciplinari-dellansia-patologica-e-le-tecniche-di-gestione\/\" \/>\n<meta property=\"og:site_name\" content=\"Ledizioni\" \/>\n<meta property=\"article:publisher\" content=\"https:\/\/www.facebook.com\/pages\/Ledizioni-LediPublishing\/109120559173329\" \/>\n<meta property=\"article:modified_time\" content=\"2022-01-17T13:20:57+00:00\" \/>\n<meta property=\"og:image\" content=\"https:\/\/www.ledizioni.it\/stag\/wp-content\/uploads\/2021\/07\/Castrucci3D1.jpg\" \/>\n\t<meta property=\"og:image:width\" content=\"502\" \/>\n\t<meta property=\"og:image:height\" content=\"709\" \/>\n\t<meta property=\"og:image:type\" content=\"image\/jpeg\" \/>\n<meta name=\"twitter:card\" content=\"summary_large_image\" \/>\n<meta name=\"twitter:site\" content=\"@ledizioni\" \/>\n<meta name=\"twitter:label1\" content=\"Estimated reading time\" \/>\n\t<meta name=\"twitter:data1\" content=\"1 minute\" \/>\n<script type=\"application\/ld+json\" class=\"yoast-schema-graph\">{\"@context\":\"https:\\\/\\\/schema.org\",\"@graph\":[{\"@type\":\"WebPage\",\"@id\":\"https:\\\/\\\/www.ledizioni.it\\\/prodotto\\\/gli-aspetti-multidisciplinari-dellansia-patologica-e-le-tecniche-di-gestione\\\/\",\"url\":\"https:\\\/\\\/www.ledizioni.it\\\/prodotto\\\/gli-aspetti-multidisciplinari-dellansia-patologica-e-le-tecniche-di-gestione\\\/\",\"name\":\"GLI ASPETTI MULTIDISCIPLINARI DELL\u2019ANSIA PATOLOGICA E LE TECNICHE DI GESTIONE -\",\"isPartOf\":{\"@id\":\"https:\\\/\\\/www.ledizioni.it\\\/#website\"},\"primaryImageOfPage\":{\"@id\":\"https:\\\/\\\/www.ledizioni.it\\\/prodotto\\\/gli-aspetti-multidisciplinari-dellansia-patologica-e-le-tecniche-di-gestione\\\/#primaryimage\"},\"image\":{\"@id\":\"https:\\\/\\\/www.ledizioni.it\\\/prodotto\\\/gli-aspetti-multidisciplinari-dellansia-patologica-e-le-tecniche-di-gestione\\\/#primaryimage\"},\"thumbnailUrl\":\"https:\\\/\\\/www.ledizioni.it\\\/stag\\\/wp-content\\\/uploads\\\/2021\\\/07\\\/Castrucci3D1.jpg\",\"datePublished\":\"2021-07-19T10:40:53+00:00\",\"dateModified\":\"2022-01-17T13:20:57+00:00\",\"description\":\"Ledizioni - Innovative Publishing. Casa editrice universitaria. Open Access. eBook, ePub. Creative Commons.\",\"breadcrumb\":{\"@id\":\"https:\\\/\\\/www.ledizioni.it\\\/prodotto\\\/gli-aspetti-multidisciplinari-dellansia-patologica-e-le-tecniche-di-gestione\\\/#breadcrumb\"},\"inLanguage\":\"en-GB\",\"potentialAction\":[{\"@type\":\"ReadAction\",\"target\":[\"https:\\\/\\\/www.ledizioni.it\\\/prodotto\\\/gli-aspetti-multidisciplinari-dellansia-patologica-e-le-tecniche-di-gestione\\\/\"]}]},{\"@type\":\"ImageObject\",\"inLanguage\":\"en-GB\",\"@id\":\"https:\\\/\\\/www.ledizioni.it\\\/prodotto\\\/gli-aspetti-multidisciplinari-dellansia-patologica-e-le-tecniche-di-gestione\\\/#primaryimage\",\"url\":\"https:\\\/\\\/www.ledizioni.it\\\/stag\\\/wp-content\\\/uploads\\\/2021\\\/07\\\/Castrucci3D1.jpg\",\"contentUrl\":\"https:\\\/\\\/www.ledizioni.it\\\/stag\\\/wp-content\\\/uploads\\\/2021\\\/07\\\/Castrucci3D1.jpg\",\"width\":502,\"height\":709},{\"@type\":\"BreadcrumbList\",\"@id\":\"https:\\\/\\\/www.ledizioni.it\\\/prodotto\\\/gli-aspetti-multidisciplinari-dellansia-patologica-e-le-tecniche-di-gestione\\\/#breadcrumb\",\"itemListElement\":[{\"@type\":\"ListItem\",\"position\":1,\"name\":\"Shop\",\"item\":\"https:\\\/\\\/www.ledizioni.it\\\/shop-2\\\/\"},{\"@type\":\"ListItem\",\"position\":2,\"name\":\"GLI ASPETTI MULTIDISCIPLINARI DELL\u2019ANSIA PATOLOGICA E LE TECNICHE DI GESTIONE\"}]},{\"@type\":\"WebSite\",\"@id\":\"https:\\\/\\\/www.ledizioni.it\\\/#website\",\"url\":\"https:\\\/\\\/www.ledizioni.it\\\/\",\"name\":\"Ledizioni\",\"description\":\"The Innovative LediPublishing Company - Casa Editrice Universitaria\",\"publisher\":{\"@id\":\"https:\\\/\\\/www.ledizioni.it\\\/#organization\"},\"potentialAction\":[{\"@type\":\"SearchAction\",\"target\":{\"@type\":\"EntryPoint\",\"urlTemplate\":\"https:\\\/\\\/www.ledizioni.it\\\/?s={search_term_string}\"},\"query-input\":{\"@type\":\"PropertyValueSpecification\",\"valueRequired\":true,\"valueName\":\"search_term_string\"}}],\"inLanguage\":\"en-GB\"},{\"@type\":\"Organization\",\"@id\":\"https:\\\/\\\/www.ledizioni.it\\\/#organization\",\"name\":\"Ledizioni\",\"url\":\"https:\\\/\\\/www.ledizioni.it\\\/\",\"logo\":{\"@type\":\"ImageObject\",\"inLanguage\":\"en-GB\",\"@id\":\"https:\\\/\\\/www.ledizioni.it\\\/#\\\/schema\\\/logo\\\/image\\\/\",\"url\":\"https:\\\/\\\/www.ledizioni.it\\\/stag\\\/wp-content\\\/uploads\\\/2023\\\/10\\\/newlogoledizioni500x110_2-1.jpg\",\"contentUrl\":\"https:\\\/\\\/www.ledizioni.it\\\/stag\\\/wp-content\\\/uploads\\\/2023\\\/10\\\/newlogoledizioni500x110_2-1.jpg\",\"width\":354,\"height\":87,\"caption\":\"Ledizioni\"},\"image\":{\"@id\":\"https:\\\/\\\/www.ledizioni.it\\\/#\\\/schema\\\/logo\\\/image\\\/\"},\"sameAs\":[\"https:\\\/\\\/www.facebook.com\\\/pages\\\/Ledizioni-LediPublishing\\\/109120559173329\",\"https:\\\/\\\/x.com\\\/ledizioni\"]}]}<\/script>\n<!-- \/ Yoast SEO plugin. -->","yoast_head_json":{"title":"GLI ASPETTI MULTIDISCIPLINARI DELL\u2019ANSIA PATOLOGICA E LE TECNICHE DI GESTIONE -","description":"Ledizioni - Innovative Publishing. Casa editrice universitaria. Open Access. eBook, ePub. Creative Commons.","robots":{"index":"index","follow":"follow","max-snippet":"max-snippet:-1","max-image-preview":"max-image-preview:large","max-video-preview":"max-video-preview:-1"},"canonical":"https:\/\/www.ledizioni.it\/en\/product\/gli-aspetti-multidisciplinari-dellansia-patologica-e-le-tecniche-di-gestione\/","og_locale":"en_GB","og_type":"article","og_title":"GLI ASPETTI MULTIDISCIPLINARI DELL\u2019ANSIA PATOLOGICA E LE TECNICHE DI GESTIONE -","og_description":"Ledizioni - Innovative Publishing. Casa editrice universitaria. Open Access. eBook, ePub. Creative Commons.","og_url":"https:\/\/www.ledizioni.it\/en\/product\/gli-aspetti-multidisciplinari-dellansia-patologica-e-le-tecniche-di-gestione\/","og_site_name":"Ledizioni","article_publisher":"https:\/\/www.facebook.com\/pages\/Ledizioni-LediPublishing\/109120559173329","article_modified_time":"2022-01-17T13:20:57+00:00","og_image":[{"width":502,"height":709,"url":"https:\/\/www.ledizioni.it\/stag\/wp-content\/uploads\/2021\/07\/Castrucci3D1.jpg","type":"image\/jpeg"}],"twitter_card":"summary_large_image","twitter_site":"@ledizioni","twitter_misc":{"Estimated reading time":"1 minute"},"schema":{"@context":"https:\/\/schema.org","@graph":[{"@type":"WebPage","@id":"https:\/\/www.ledizioni.it\/prodotto\/gli-aspetti-multidisciplinari-dellansia-patologica-e-le-tecniche-di-gestione\/","url":"https:\/\/www.ledizioni.it\/prodotto\/gli-aspetti-multidisciplinari-dellansia-patologica-e-le-tecniche-di-gestione\/","name":"GLI ASPETTI MULTIDISCIPLINARI DELL\u2019ANSIA PATOLOGICA E LE TECNICHE DI GESTIONE -","isPartOf":{"@id":"https:\/\/www.ledizioni.it\/#website"},"primaryImageOfPage":{"@id":"https:\/\/www.ledizioni.it\/prodotto\/gli-aspetti-multidisciplinari-dellansia-patologica-e-le-tecniche-di-gestione\/#primaryimage"},"image":{"@id":"https:\/\/www.ledizioni.it\/prodotto\/gli-aspetti-multidisciplinari-dellansia-patologica-e-le-tecniche-di-gestione\/#primaryimage"},"thumbnailUrl":"https:\/\/www.ledizioni.it\/stag\/wp-content\/uploads\/2021\/07\/Castrucci3D1.jpg","datePublished":"2021-07-19T10:40:53+00:00","dateModified":"2022-01-17T13:20:57+00:00","description":"Ledizioni - Innovative Publishing. Casa editrice universitaria. Open Access. eBook, ePub. Creative Commons.","breadcrumb":{"@id":"https:\/\/www.ledizioni.it\/prodotto\/gli-aspetti-multidisciplinari-dellansia-patologica-e-le-tecniche-di-gestione\/#breadcrumb"},"inLanguage":"en-GB","potentialAction":[{"@type":"ReadAction","target":["https:\/\/www.ledizioni.it\/prodotto\/gli-aspetti-multidisciplinari-dellansia-patologica-e-le-tecniche-di-gestione\/"]}]},{"@type":"ImageObject","inLanguage":"en-GB","@id":"https:\/\/www.ledizioni.it\/prodotto\/gli-aspetti-multidisciplinari-dellansia-patologica-e-le-tecniche-di-gestione\/#primaryimage","url":"https:\/\/www.ledizioni.it\/stag\/wp-content\/uploads\/2021\/07\/Castrucci3D1.jpg","contentUrl":"https:\/\/www.ledizioni.it\/stag\/wp-content\/uploads\/2021\/07\/Castrucci3D1.jpg","width":502,"height":709},{"@type":"BreadcrumbList","@id":"https:\/\/www.ledizioni.it\/prodotto\/gli-aspetti-multidisciplinari-dellansia-patologica-e-le-tecniche-di-gestione\/#breadcrumb","itemListElement":[{"@type":"ListItem","position":1,"name":"Shop","item":"https:\/\/www.ledizioni.it\/shop-2\/"},{"@type":"ListItem","position":2,"name":"GLI ASPETTI MULTIDISCIPLINARI DELL\u2019ANSIA PATOLOGICA E LE TECNICHE DI GESTIONE"}]},{"@type":"WebSite","@id":"https:\/\/www.ledizioni.it\/#website","url":"https:\/\/www.ledizioni.it\/","name":"Ledizioni","description":"The Innovative LediPublishing Company - Casa Editrice Universitaria","publisher":{"@id":"https:\/\/www.ledizioni.it\/#organization"},"potentialAction":[{"@type":"SearchAction","target":{"@type":"EntryPoint","urlTemplate":"https:\/\/www.ledizioni.it\/?s={search_term_string}"},"query-input":{"@type":"PropertyValueSpecification","valueRequired":true,"valueName":"search_term_string"}}],"inLanguage":"en-GB"},{"@type":"Organization","@id":"https:\/\/www.ledizioni.it\/#organization","name":"Ledizioni","url":"https:\/\/www.ledizioni.it\/","logo":{"@type":"ImageObject","inLanguage":"en-GB","@id":"https:\/\/www.ledizioni.it\/#\/schema\/logo\/image\/","url":"https:\/\/www.ledizioni.it\/stag\/wp-content\/uploads\/2023\/10\/newlogoledizioni500x110_2-1.jpg","contentUrl":"https:\/\/www.ledizioni.it\/stag\/wp-content\/uploads\/2023\/10\/newlogoledizioni500x110_2-1.jpg","width":354,"height":87,"caption":"Ledizioni"},"image":{"@id":"https:\/\/www.ledizioni.it\/#\/schema\/logo\/image\/"},"sameAs":["https:\/\/www.facebook.com\/pages\/Ledizioni-LediPublishing\/109120559173329","https:\/\/x.com\/ledizioni"]}]}},"jetpack_sharing_enabled":true,"_links":{"self":[{"href":"https:\/\/www.ledizioni.it\/en\/wp-json\/wp\/v2\/product\/40320","targetHints":{"allow":["GET"]}}],"collection":[{"href":"https:\/\/www.ledizioni.it\/en\/wp-json\/wp\/v2\/product"}],"about":[{"href":"https:\/\/www.ledizioni.it\/en\/wp-json\/wp\/v2\/types\/product"}],"replies":[{"embeddable":true,"href":"https:\/\/www.ledizioni.it\/en\/wp-json\/wp\/v2\/comments?post=40320"}],"version-history":[{"count":0,"href":"https:\/\/www.ledizioni.it\/en\/wp-json\/wp\/v2\/product\/40320\/revisions"}],"wp:featuredmedia":[{"embeddable":true,"href":"https:\/\/www.ledizioni.it\/en\/wp-json\/wp\/v2\/media\/40321"}],"wp:attachment":[{"href":"https:\/\/www.ledizioni.it\/en\/wp-json\/wp\/v2\/media?parent=40320"}],"wp:term":[{"taxonomy":"product_brand","embeddable":true,"href":"https:\/\/www.ledizioni.it\/en\/wp-json\/wp\/v2\/product_brand?post=40320"},{"taxonomy":"product_cat","embeddable":true,"href":"https:\/\/www.ledizioni.it\/en\/wp-json\/wp\/v2\/product_cat?post=40320"},{"taxonomy":"product_tag","embeddable":true,"href":"https:\/\/www.ledizioni.it\/en\/wp-json\/wp\/v2\/product_tag?post=40320"}],"curies":[{"name":"wp","href":"https:\/\/api.w.org\/{rel}","templated":true}]}}