{"id":40797,"date":"2021-08-04T14:54:35","date_gmt":"2021-08-04T12:54:35","guid":{"rendered":"https:\/\/www.ledizioni.it\/?post_type=product&#038;p=40797"},"modified":"2022-02-09T15:56:29","modified_gmt":"2022-02-09T13:56:29","slug":"el-libro-delle-cento-parole-di-ptholommeo","status":"publish","type":"product","link":"https:\/\/www.ledizioni.it\/en\/product\/el-libro-delle-cento-parole-di-ptholommeo\/","title":{"rendered":"EL LIBRO DELLE CENTO PAROLE DI PTHOLOMMEO"},"content":{"rendered":"<p style=\"text-align: justify;\">Il \u039a\u03b1\u03c1\u03c0\u03cc\u03c2 pseudo-tolemaico (<em>Kit\u0101b al-Thamara<\/em> in arabo, <em>Centiloquium<\/em> o <em>Liber fructus<\/em> in latino) \u00e8 una nota raccolta di cento aforismi astrologici le cui origini restano tuttora piuttosto dibattute: le proposte degli studiosi, a questo proposito, si muovono entro un arco cronologico piuttosto ampio che va dal III al X secolo. La fortuna di questa silloge astrologica in et\u00e0 medievale inizia nel XII sec., quando la versione araba del matematico e astrologo egiziano Ab\u016b Ja\u1fbffar A\u1e25mad ibn Y\u016bsuf ibn al-D\u0101ya (X sec.) verr\u00e0 tradotta in latino da alcune delle pi\u00f9 importanti figure di traduttori di opere scientifiche dall\u2019arabo in latino nel Basso Medioevo, ed \u00e8 destinata a crescere ulteriormente nel XIV e XV sec, quando diventer\u00e0 uno dei testi fondamentali all\u2019interno del <em>curriculum<\/em> di studi astronomici in molte universit\u00e0 europee. <em>El Libro delle Cento Parole di Ptholommeo<\/em> \u00e8 tr\u00e0dito all\u2019interno del ms. Pal. 641 della Biblioteca Nazionale Centrale di Firenze, codice pergamenaceo del XV secolo. Nello specifico si tratta di una traduzione in volgare fiorentino della versione latina del <em>Centiloquium<\/em> realizzata dall\u2019astronomo e matematico Platone di Tivoli, attivo a Barcellona tra il 1134 e il 1145, versione attestata da pi\u00f9 di cento mss.<\/p>\n<p style=\"text-align: justify;\"><strong>DATI BIBLIOGRAFICI<\/strong><br \/>\nAutore: Agata Calcagno<br \/>\nEditore: Ledizioni<br \/>\nFormato: brossura, 140 p.<br \/>\nPubblicato nel: Luglio 2021<br \/>\nCollana: <a href=\"http:\/\/www.ledizioni.it\/en\/collane\/letteratura\/biblioteca-carte-romanze\/\">Biblioteca di Carte Romanze &#8211; series minor<\/a><br \/>\nISBN: 9788855261968<br \/>\nPrezzo: 18 \u20ac<\/p>\n<p>[button link=&#8221;<a href=\"https:\/\/www.ledizioni.it\/en\/download\/40801\/\">https:\/\/www.ledizioni.it\/download\/40801\/<\/a>&#8221; style=&#8221;download&#8221; color=&#8221;red&#8221;]Scarica Introduzione[\/button]<\/p>\n<p>&nbsp;<br \/>\n<a href=\"https:\/\/www.amazon.it\/Ptholommeo-volgarizzamento-fiorentino-Centiloquium-pseudo-tolemaico\/dp\/8855261967\/ref=sr_1_1?__mk_it_IT=%C3%85M%C3%85%C5%BD%C3%95%C3%91&#038;crid=3LIMM9D61BMPD&#038;keywords=9788855261968&#038;qid=1642425176&#038;sprefix=9788855261968%2Caps%2C90&#038;sr=8-1\" target=\"_blank\" rel=\"noopener\"><img decoding=\"async\" class=\"aligncenter size-medium wp-image-23060\" src=\"https:\/\/www.ledizioni.it\/stag\/wp-content\/uploads\/2018\/10\/pulsante-amazon-1-300x104.jpg\" alt=\"\" width=\"150\" height=\"50\" \/><\/a><img decoding=\"async\" style=\"border: none !important; margin: 0px !important;\" src=\"\/\/ir-it.amazon-adsystem.com\/e\/ir?t=ledizioni-21&amp;l=am2&amp;o=29&amp;a=8867057839\" alt=\"\" width=\"1\" height=\"1\" border=\"0\" \/><br \/>\n<a href=\"http:\/\/digital.casalini.it\/9788855261968\"><img decoding=\"async\" class=\"aligncenter wp-image-23912\" src=\"https:\/\/www.ledizioni.it\/stag\/wp-content\/uploads\/2019\/07\/torrossa_web-150x80.jpg\" alt=\"\" width=\"200\" height=\"60\" \/><\/a><\/p>","protected":false},"excerpt":{"rendered":"<p>Il \u039a\u03b1\u03c1\u03c0\u03cc\u03c2 pseudo-tolemaico (Kit\u0101b al-Thamara in arabo, Centiloquium o Liber fructus in latino) \u00e8 una nota raccolta di cento aforismi<\/p>","protected":false},"featured_media":40799,"comment_status":"open","ping_status":"closed","template":"","meta":{"_acf_changed":false},"product_brand":[],"product_cat":[705],"product_tag":[2626,2487,2607],"class_list":{"0":"post-40797","1":"product","2":"type-product","3":"status-publish","4":"has-post-thumbnail","6":"product_cat-biblioteca-di-carte-romanze","7":"product_tag-astronomia","8":"product_tag-filologia-romanza","9":"product_tag-letteratura-medievale","10":"pa_formato-cartaceo","11":"pa_formato-ebook-in-pdf","13":"first","14":"instock","15":"featured","16":"shipping-taxable","17":"purchasable","18":"product-type-simple"},"acf":[],"yoast_head":"<!-- This site is optimized with the Yoast SEO plugin v27.4 - https:\/\/yoast.com\/product\/yoast-seo-wordpress\/ -->\n<title>EL LIBRO DELLE CENTO PAROLE DI PTHOLOMMEO -<\/title>\n<meta name=\"description\" content=\"Ledizioni - Innovative Publishing. Casa editrice universitaria. Open Access. eBook, ePub. Creative Commons.\" \/>\n<meta name=\"robots\" content=\"index, follow, max-snippet:-1, max-image-preview:large, max-video-preview:-1\" \/>\n<link rel=\"canonical\" href=\"https:\/\/www.ledizioni.it\/en\/product\/el-libro-delle-cento-parole-di-ptholommeo\/\" \/>\n<meta property=\"og:locale\" content=\"en_GB\" \/>\n<meta property=\"og:type\" content=\"article\" \/>\n<meta property=\"og:title\" content=\"EL LIBRO DELLE CENTO PAROLE DI PTHOLOMMEO -\" \/>\n<meta property=\"og:description\" content=\"Ledizioni - Innovative Publishing. Casa editrice universitaria. Open Access. eBook, ePub. Creative Commons.\" \/>\n<meta property=\"og:url\" content=\"https:\/\/www.ledizioni.it\/en\/product\/el-libro-delle-cento-parole-di-ptholommeo\/\" \/>\n<meta property=\"og:site_name\" content=\"Ledizioni\" \/>\n<meta property=\"article:publisher\" content=\"https:\/\/www.facebook.com\/pages\/Ledizioni-LediPublishing\/109120559173329\" \/>\n<meta property=\"article:modified_time\" content=\"2022-02-09T13:56:29+00:00\" \/>\n<meta property=\"og:image\" content=\"https:\/\/www.ledizioni.it\/stag\/wp-content\/uploads\/2021\/08\/copertina_3d.jpg\" \/>\n\t<meta property=\"og:image:width\" content=\"1521\" \/>\n\t<meta property=\"og:image:height\" content=\"2190\" \/>\n\t<meta property=\"og:image:type\" content=\"image\/jpeg\" \/>\n<meta name=\"twitter:card\" content=\"summary_large_image\" \/>\n<meta name=\"twitter:site\" content=\"@ledizioni\" \/>\n<meta name=\"twitter:label1\" content=\"Estimated reading time\" \/>\n\t<meta name=\"twitter:data1\" content=\"1 minute\" \/>\n<script type=\"application\/ld+json\" class=\"yoast-schema-graph\">{\"@context\":\"https:\\\/\\\/schema.org\",\"@graph\":[{\"@type\":\"WebPage\",\"@id\":\"https:\\\/\\\/www.ledizioni.it\\\/en\\\/product\\\/el-libro-delle-cento-parole-di-ptholommeo\\\/\",\"url\":\"https:\\\/\\\/www.ledizioni.it\\\/en\\\/product\\\/el-libro-delle-cento-parole-di-ptholommeo\\\/\",\"name\":\"EL LIBRO DELLE CENTO PAROLE DI PTHOLOMMEO -\",\"isPartOf\":{\"@id\":\"https:\\\/\\\/www.ledizioni.it\\\/#website\"},\"primaryImageOfPage\":{\"@id\":\"https:\\\/\\\/www.ledizioni.it\\\/en\\\/product\\\/el-libro-delle-cento-parole-di-ptholommeo\\\/#primaryimage\"},\"image\":{\"@id\":\"https:\\\/\\\/www.ledizioni.it\\\/en\\\/product\\\/el-libro-delle-cento-parole-di-ptholommeo\\\/#primaryimage\"},\"thumbnailUrl\":\"https:\\\/\\\/www.ledizioni.it\\\/stag\\\/wp-content\\\/uploads\\\/2021\\\/08\\\/copertina_3d.jpg\",\"datePublished\":\"2021-08-04T12:54:35+00:00\",\"dateModified\":\"2022-02-09T13:56:29+00:00\",\"description\":\"Ledizioni - Innovative Publishing. Casa editrice universitaria. Open Access. eBook, ePub. Creative Commons.\",\"breadcrumb\":{\"@id\":\"https:\\\/\\\/www.ledizioni.it\\\/en\\\/product\\\/el-libro-delle-cento-parole-di-ptholommeo\\\/#breadcrumb\"},\"inLanguage\":\"en-GB\",\"potentialAction\":[{\"@type\":\"ReadAction\",\"target\":[\"https:\\\/\\\/www.ledizioni.it\\\/en\\\/product\\\/el-libro-delle-cento-parole-di-ptholommeo\\\/\"]}]},{\"@type\":\"ImageObject\",\"inLanguage\":\"en-GB\",\"@id\":\"https:\\\/\\\/www.ledizioni.it\\\/en\\\/product\\\/el-libro-delle-cento-parole-di-ptholommeo\\\/#primaryimage\",\"url\":\"https:\\\/\\\/www.ledizioni.it\\\/stag\\\/wp-content\\\/uploads\\\/2021\\\/08\\\/copertina_3d.jpg\",\"contentUrl\":\"https:\\\/\\\/www.ledizioni.it\\\/stag\\\/wp-content\\\/uploads\\\/2021\\\/08\\\/copertina_3d.jpg\",\"width\":1521,\"height\":2190},{\"@type\":\"BreadcrumbList\",\"@id\":\"https:\\\/\\\/www.ledizioni.it\\\/en\\\/product\\\/el-libro-delle-cento-parole-di-ptholommeo\\\/#breadcrumb\",\"itemListElement\":[{\"@type\":\"ListItem\",\"position\":1,\"name\":\"Shop\",\"item\":\"https:\\\/\\\/www.ledizioni.it\\\/shop-2\\\/\"},{\"@type\":\"ListItem\",\"position\":2,\"name\":\"EL LIBRO DELLE CENTO PAROLE DI PTHOLOMMEO\"}]},{\"@type\":\"WebSite\",\"@id\":\"https:\\\/\\\/www.ledizioni.it\\\/#website\",\"url\":\"https:\\\/\\\/www.ledizioni.it\\\/\",\"name\":\"Ledizioni\",\"description\":\"The Innovative LediPublishing Company - Casa Editrice Universitaria\",\"publisher\":{\"@id\":\"https:\\\/\\\/www.ledizioni.it\\\/#organization\"},\"potentialAction\":[{\"@type\":\"SearchAction\",\"target\":{\"@type\":\"EntryPoint\",\"urlTemplate\":\"https:\\\/\\\/www.ledizioni.it\\\/?s={search_term_string}\"},\"query-input\":{\"@type\":\"PropertyValueSpecification\",\"valueRequired\":true,\"valueName\":\"search_term_string\"}}],\"inLanguage\":\"en-GB\"},{\"@type\":\"Organization\",\"@id\":\"https:\\\/\\\/www.ledizioni.it\\\/#organization\",\"name\":\"Ledizioni\",\"url\":\"https:\\\/\\\/www.ledizioni.it\\\/\",\"logo\":{\"@type\":\"ImageObject\",\"inLanguage\":\"en-GB\",\"@id\":\"https:\\\/\\\/www.ledizioni.it\\\/#\\\/schema\\\/logo\\\/image\\\/\",\"url\":\"https:\\\/\\\/www.ledizioni.it\\\/stag\\\/wp-content\\\/uploads\\\/2023\\\/10\\\/newlogoledizioni500x110_2-1.jpg\",\"contentUrl\":\"https:\\\/\\\/www.ledizioni.it\\\/stag\\\/wp-content\\\/uploads\\\/2023\\\/10\\\/newlogoledizioni500x110_2-1.jpg\",\"width\":354,\"height\":87,\"caption\":\"Ledizioni\"},\"image\":{\"@id\":\"https:\\\/\\\/www.ledizioni.it\\\/#\\\/schema\\\/logo\\\/image\\\/\"},\"sameAs\":[\"https:\\\/\\\/www.facebook.com\\\/pages\\\/Ledizioni-LediPublishing\\\/109120559173329\",\"https:\\\/\\\/x.com\\\/ledizioni\"]}]}<\/script>\n<!-- \/ Yoast SEO plugin. -->","yoast_head_json":{"title":"EL LIBRO DELLE CENTO PAROLE DI PTHOLOMMEO -","description":"Ledizioni - Innovative Publishing. Casa editrice universitaria. Open Access. eBook, ePub. Creative Commons.","robots":{"index":"index","follow":"follow","max-snippet":"max-snippet:-1","max-image-preview":"max-image-preview:large","max-video-preview":"max-video-preview:-1"},"canonical":"https:\/\/www.ledizioni.it\/en\/product\/el-libro-delle-cento-parole-di-ptholommeo\/","og_locale":"en_GB","og_type":"article","og_title":"EL LIBRO DELLE CENTO PAROLE DI PTHOLOMMEO -","og_description":"Ledizioni - Innovative Publishing. Casa editrice universitaria. Open Access. eBook, ePub. Creative Commons.","og_url":"https:\/\/www.ledizioni.it\/en\/product\/el-libro-delle-cento-parole-di-ptholommeo\/","og_site_name":"Ledizioni","article_publisher":"https:\/\/www.facebook.com\/pages\/Ledizioni-LediPublishing\/109120559173329","article_modified_time":"2022-02-09T13:56:29+00:00","og_image":[{"width":1521,"height":2190,"url":"https:\/\/www.ledizioni.it\/stag\/wp-content\/uploads\/2021\/08\/copertina_3d.jpg","type":"image\/jpeg"}],"twitter_card":"summary_large_image","twitter_site":"@ledizioni","twitter_misc":{"Estimated reading time":"1 minute"},"schema":{"@context":"https:\/\/schema.org","@graph":[{"@type":"WebPage","@id":"https:\/\/www.ledizioni.it\/en\/product\/el-libro-delle-cento-parole-di-ptholommeo\/","url":"https:\/\/www.ledizioni.it\/en\/product\/el-libro-delle-cento-parole-di-ptholommeo\/","name":"EL LIBRO DELLE CENTO PAROLE DI PTHOLOMMEO -","isPartOf":{"@id":"https:\/\/www.ledizioni.it\/#website"},"primaryImageOfPage":{"@id":"https:\/\/www.ledizioni.it\/en\/product\/el-libro-delle-cento-parole-di-ptholommeo\/#primaryimage"},"image":{"@id":"https:\/\/www.ledizioni.it\/en\/product\/el-libro-delle-cento-parole-di-ptholommeo\/#primaryimage"},"thumbnailUrl":"https:\/\/www.ledizioni.it\/stag\/wp-content\/uploads\/2021\/08\/copertina_3d.jpg","datePublished":"2021-08-04T12:54:35+00:00","dateModified":"2022-02-09T13:56:29+00:00","description":"Ledizioni - Innovative Publishing. Casa editrice universitaria. Open Access. eBook, ePub. Creative Commons.","breadcrumb":{"@id":"https:\/\/www.ledizioni.it\/en\/product\/el-libro-delle-cento-parole-di-ptholommeo\/#breadcrumb"},"inLanguage":"en-GB","potentialAction":[{"@type":"ReadAction","target":["https:\/\/www.ledizioni.it\/en\/product\/el-libro-delle-cento-parole-di-ptholommeo\/"]}]},{"@type":"ImageObject","inLanguage":"en-GB","@id":"https:\/\/www.ledizioni.it\/en\/product\/el-libro-delle-cento-parole-di-ptholommeo\/#primaryimage","url":"https:\/\/www.ledizioni.it\/stag\/wp-content\/uploads\/2021\/08\/copertina_3d.jpg","contentUrl":"https:\/\/www.ledizioni.it\/stag\/wp-content\/uploads\/2021\/08\/copertina_3d.jpg","width":1521,"height":2190},{"@type":"BreadcrumbList","@id":"https:\/\/www.ledizioni.it\/en\/product\/el-libro-delle-cento-parole-di-ptholommeo\/#breadcrumb","itemListElement":[{"@type":"ListItem","position":1,"name":"Shop","item":"https:\/\/www.ledizioni.it\/shop-2\/"},{"@type":"ListItem","position":2,"name":"EL LIBRO DELLE CENTO PAROLE DI PTHOLOMMEO"}]},{"@type":"WebSite","@id":"https:\/\/www.ledizioni.it\/#website","url":"https:\/\/www.ledizioni.it\/","name":"Ledizioni","description":"The Innovative LediPublishing Company - Casa Editrice Universitaria","publisher":{"@id":"https:\/\/www.ledizioni.it\/#organization"},"potentialAction":[{"@type":"SearchAction","target":{"@type":"EntryPoint","urlTemplate":"https:\/\/www.ledizioni.it\/?s={search_term_string}"},"query-input":{"@type":"PropertyValueSpecification","valueRequired":true,"valueName":"search_term_string"}}],"inLanguage":"en-GB"},{"@type":"Organization","@id":"https:\/\/www.ledizioni.it\/#organization","name":"Ledizioni","url":"https:\/\/www.ledizioni.it\/","logo":{"@type":"ImageObject","inLanguage":"en-GB","@id":"https:\/\/www.ledizioni.it\/#\/schema\/logo\/image\/","url":"https:\/\/www.ledizioni.it\/stag\/wp-content\/uploads\/2023\/10\/newlogoledizioni500x110_2-1.jpg","contentUrl":"https:\/\/www.ledizioni.it\/stag\/wp-content\/uploads\/2023\/10\/newlogoledizioni500x110_2-1.jpg","width":354,"height":87,"caption":"Ledizioni"},"image":{"@id":"https:\/\/www.ledizioni.it\/#\/schema\/logo\/image\/"},"sameAs":["https:\/\/www.facebook.com\/pages\/Ledizioni-LediPublishing\/109120559173329","https:\/\/x.com\/ledizioni"]}]}},"jetpack_sharing_enabled":true,"_links":{"self":[{"href":"https:\/\/www.ledizioni.it\/en\/wp-json\/wp\/v2\/product\/40797","targetHints":{"allow":["GET"]}}],"collection":[{"href":"https:\/\/www.ledizioni.it\/en\/wp-json\/wp\/v2\/product"}],"about":[{"href":"https:\/\/www.ledizioni.it\/en\/wp-json\/wp\/v2\/types\/product"}],"replies":[{"embeddable":true,"href":"https:\/\/www.ledizioni.it\/en\/wp-json\/wp\/v2\/comments?post=40797"}],"version-history":[{"count":1,"href":"https:\/\/www.ledizioni.it\/en\/wp-json\/wp\/v2\/product\/40797\/revisions"}],"predecessor-version":[{"id":40804,"href":"https:\/\/www.ledizioni.it\/en\/wp-json\/wp\/v2\/product\/40797\/revisions\/40804"}],"wp:featuredmedia":[{"embeddable":true,"href":"https:\/\/www.ledizioni.it\/en\/wp-json\/wp\/v2\/media\/40799"}],"wp:attachment":[{"href":"https:\/\/www.ledizioni.it\/en\/wp-json\/wp\/v2\/media?parent=40797"}],"wp:term":[{"taxonomy":"product_brand","embeddable":true,"href":"https:\/\/www.ledizioni.it\/en\/wp-json\/wp\/v2\/product_brand?post=40797"},{"taxonomy":"product_cat","embeddable":true,"href":"https:\/\/www.ledizioni.it\/en\/wp-json\/wp\/v2\/product_cat?post=40797"},{"taxonomy":"product_tag","embeddable":true,"href":"https:\/\/www.ledizioni.it\/en\/wp-json\/wp\/v2\/product_tag?post=40797"}],"curies":[{"name":"wp","href":"https:\/\/api.w.org\/{rel}","templated":true}]}}