{"id":41603,"date":"2021-08-30T13:51:35","date_gmt":"2021-08-30T11:51:35","guid":{"rendered":"https:\/\/www.ledizioni.it\/?post_type=product&#038;p=41603"},"modified":"2022-07-11T17:29:30","modified_gmt":"2022-07-11T15:29:30","slug":"universita-che-vorremmo","status":"publish","type":"product","link":"https:\/\/www.ledizioni.it\/en\/product\/universita-che-vorremmo\/","title":{"rendered":"L&#8217;UNIVERSIT\u00c0 CHE VORREMMO"},"content":{"rendered":"<p style=\"text-align: justify;\">Questo libro raccoglie quarantacinque contributi di studenti ed ex studenti della facolt\u00e0 di giurisprudenza dell\u2019universit\u00e0 di Trento, cui \u00e8 stato dato un unico \u201cfaro\u201d, quello del titolo: \u201cL\u2019universit\u00e0 che vorremmo\u201d. In modo personale ognuno di loro ha affrontato un tema che aveva a cuore. I contenuti sono poi stati organizzati in sei sezioni: \u201cUniversit\u00e0 e valori\u201d; \u201cComunit\u00e0\u201d; \u201cUniversit\u00e0 e crescita\u201d; \u201cStudenti\u201d; \u201cUniversit\u00e0 e transizioni\u201d; \u201cRelazioni\u201d.<br \/>\nLeggerlo pu\u00f2 dare uno spaccato dell\u2019universit\u00e0 esistente e dell\u2019universit\u00e0 che potrebbe esistere, visto dagli occhi di chi la vive o l\u2019ha vissuta, mostrando sia conferme che aspettative tradite ed individuando i problemi pi\u00f9 \u201csentiti\u201d. Leggerlo, d\u2019altra parte, pu\u00f2 anche mostrare come l\u2019universit\u00e0 debba recuperare spontaneit\u00e0 e curiosit\u00e0, consultando in modo libero le persone che la frequentano. Ci sono cosa da dire, ci sono persone che sono disponibili a dirle, e lo sanno fare.<br \/>\nIl libro \u00e8 rivolto a studenti, docenti, membri degli organi decisori, ai diversi livelli, e a chi abbia interesse per le tematiche universitarie e per le opinioni di studenti ed ex studenti. Ma \u00e8 rivolto anche a quegli studenti delle scuole superiori che sono curiosi di sapere di pi\u00f9 sull\u2019universit\u00e0 e sulle sue dinamiche, viste da prospettive personali fondate sull\u2019esperienza.<\/p>\n<p><strong>DATI BIBLIOGRAFICI<\/strong><br \/>\nAutore: Nicola Lugaresi<br \/>\nEditore: Ledizioni<br \/>\nPubblicato nel: luglio 2021<br \/>\nCollana: <a href=\"https:\/\/www.ledizioni.it\/en\/product-category\/sociology\/interventions\/\">Interventions<\/a><br \/>\nFormato: brossura, 284 p. &#8211; ePub<br \/>\nISBN cartaceo: 9788855265294<br \/>\nISBN ePub: 9788855265300<br \/>\nPrezzo cartaceo: 18 \u20ac<br \/>\nPrezzo ePub: 9,99 \u20ac<br \/>\n<a href=\"https:\/\/www.amazon.it\/Luniversit%C3%A0-che-vorremmo-riflessioni-Interventi-ebook\/dp\/B09FLYQNTF\/ref=sr_1_1?__mk_it_IT=%C3%85M%C3%85%C5%BD%C3%95%C3%91&#038;crid=36MC8F4K2NS42&#038;keywords=9788855265300&#038;qid=1642425023&#038;sprefix=9788855265300%2Caps%2C63&#038;sr=8-1\" target=\"_blank\" rel=\"noopener\"><img decoding=\"async\" class=\"aligncenter size-medium wp-image-23060\" src=\"https:\/\/www.ledizioni.it\/stag\/wp-content\/uploads\/2018\/10\/pulsante-amazon-1-300x104.jpg\" alt=\"\" width=\"150\" height=\"50\" \/><\/a><img decoding=\"async\" style=\"border: none !important; margin: 0px !important;\" src=\"\/\/ir-it.amazon-adsystem.com\/e\/ir?t=ledizioni-21&amp;l=am2&amp;o=29&amp;a=8867057839\" alt=\"\" width=\"1\" height=\"1\" border=\"0\" \/><br \/>\n<a href=\"https:\/\/www.torrossa.com\/it\/resources\/an\/5042452?qt=any_keyword_search&#038;q=9788855265300&#038;rows=20&#038;sort=score+desc%2C+pub_date_sort+desc%2C+title_sort+desc&#038;start=0&#038;page=0&#038;publisher_code=F96725&#038;type=Search&#038;itemnumber=0&#038;rows_original=20&#038;uri_original=%2Fit%2Fsearch%2F9788855265300\"><img decoding=\"async\" class=\"aligncenter wp-image-23912\" src=\"https:\/\/www.ledizioni.it\/stag\/wp-content\/uploads\/2019\/07\/torrossa_web-150x80.jpg\" alt=\"\" width=\"200\" height=\"60\" \/><\/a><\/p>","protected":false},"excerpt":{"rendered":"<p>Questo libro raccoglie quarantacinque contributi di studenti ed ex studenti della facolt\u00e0 di giurisprudenza dell\u2019universit\u00e0 di Trento, cui \u00e8 stato<\/p>","protected":false},"featured_media":41607,"comment_status":"open","ping_status":"closed","template":"","meta":{"_acf_changed":false},"product_brand":[],"product_cat":[26],"product_tag":[1356,764,2622,2621],"class_list":{"0":"post-41603","1":"product","2":"type-product","3":"status-publish","4":"has-post-thumbnail","6":"product_cat-interventions","7":"product_tag-docenti","8":"product_tag-open-access-2","9":"product_tag-studenti","10":"product_tag-universita","11":"pa_formato-cartaceo","12":"pa_formato-ebook-in-epub","13":"pa_formato-ebook-in-pdf","15":"first","16":"instock","17":"featured","18":"shipping-taxable","19":"purchasable","20":"product-type-variable"},"acf":[],"yoast_head":"<!-- This site is optimized with the Yoast SEO plugin v27.3 - https:\/\/yoast.com\/product\/yoast-seo-wordpress\/ -->\n<title>L&#039;UNIVERSIT\u00c0 CHE VORREMMO -<\/title>\n<meta name=\"description\" content=\"Ledizioni - Innovative Publishing. Casa editrice universitaria. Open Access. eBook, ePub. Creative Commons.\" \/>\n<meta name=\"robots\" content=\"index, follow, max-snippet:-1, max-image-preview:large, max-video-preview:-1\" \/>\n<link rel=\"canonical\" href=\"https:\/\/www.ledizioni.it\/en\/product\/universita-che-vorremmo\/\" \/>\n<meta property=\"og:locale\" content=\"en_GB\" \/>\n<meta property=\"og:type\" content=\"article\" \/>\n<meta property=\"og:title\" content=\"L&#039;UNIVERSIT\u00c0 CHE VORREMMO -\" \/>\n<meta property=\"og:description\" content=\"Ledizioni - Innovative Publishing. Casa editrice universitaria. Open Access. eBook, ePub. Creative Commons.\" \/>\n<meta property=\"og:url\" content=\"https:\/\/www.ledizioni.it\/en\/product\/universita-che-vorremmo\/\" \/>\n<meta property=\"og:site_name\" content=\"Ledizioni\" \/>\n<meta property=\"article:publisher\" content=\"https:\/\/www.facebook.com\/pages\/Ledizioni-LediPublishing\/109120559173329\" \/>\n<meta property=\"article:modified_time\" content=\"2022-07-11T15:29:30+00:00\" \/>\n<meta property=\"og:image\" content=\"https:\/\/www.ledizioni.it\/stag\/wp-content\/uploads\/2021\/08\/Universita_vorremmo_3D.jpg\" \/>\n\t<meta property=\"og:image:width\" content=\"500\" \/>\n\t<meta property=\"og:image:height\" content=\"652\" \/>\n\t<meta property=\"og:image:type\" content=\"image\/jpeg\" \/>\n<meta name=\"twitter:card\" content=\"summary_large_image\" \/>\n<meta name=\"twitter:site\" content=\"@ledizioni\" \/>\n<meta name=\"twitter:label1\" content=\"Estimated reading time\" \/>\n\t<meta name=\"twitter:data1\" content=\"1 minute\" \/>\n<script type=\"application\/ld+json\" class=\"yoast-schema-graph\">{\"@context\":\"https:\\\/\\\/schema.org\",\"@graph\":[{\"@type\":\"WebPage\",\"@id\":\"https:\\\/\\\/www.ledizioni.it\\\/prodotto\\\/universita-che-vorremmo\\\/\",\"url\":\"https:\\\/\\\/www.ledizioni.it\\\/prodotto\\\/universita-che-vorremmo\\\/\",\"name\":\"L'UNIVERSIT\u00c0 CHE VORREMMO -\",\"isPartOf\":{\"@id\":\"https:\\\/\\\/www.ledizioni.it\\\/#website\"},\"primaryImageOfPage\":{\"@id\":\"https:\\\/\\\/www.ledizioni.it\\\/prodotto\\\/universita-che-vorremmo\\\/#primaryimage\"},\"image\":{\"@id\":\"https:\\\/\\\/www.ledizioni.it\\\/prodotto\\\/universita-che-vorremmo\\\/#primaryimage\"},\"thumbnailUrl\":\"https:\\\/\\\/www.ledizioni.it\\\/stag\\\/wp-content\\\/uploads\\\/2021\\\/08\\\/Universita_vorremmo_3D.jpg\",\"datePublished\":\"2021-08-30T11:51:35+00:00\",\"dateModified\":\"2022-07-11T15:29:30+00:00\",\"description\":\"Ledizioni - Innovative Publishing. Casa editrice universitaria. Open Access. eBook, ePub. Creative Commons.\",\"breadcrumb\":{\"@id\":\"https:\\\/\\\/www.ledizioni.it\\\/prodotto\\\/universita-che-vorremmo\\\/#breadcrumb\"},\"inLanguage\":\"en-GB\",\"potentialAction\":[{\"@type\":\"ReadAction\",\"target\":[\"https:\\\/\\\/www.ledizioni.it\\\/prodotto\\\/universita-che-vorremmo\\\/\"]}]},{\"@type\":\"ImageObject\",\"inLanguage\":\"en-GB\",\"@id\":\"https:\\\/\\\/www.ledizioni.it\\\/prodotto\\\/universita-che-vorremmo\\\/#primaryimage\",\"url\":\"https:\\\/\\\/www.ledizioni.it\\\/stag\\\/wp-content\\\/uploads\\\/2021\\\/08\\\/Universita_vorremmo_3D.jpg\",\"contentUrl\":\"https:\\\/\\\/www.ledizioni.it\\\/stag\\\/wp-content\\\/uploads\\\/2021\\\/08\\\/Universita_vorremmo_3D.jpg\",\"width\":500,\"height\":652},{\"@type\":\"BreadcrumbList\",\"@id\":\"https:\\\/\\\/www.ledizioni.it\\\/prodotto\\\/universita-che-vorremmo\\\/#breadcrumb\",\"itemListElement\":[{\"@type\":\"ListItem\",\"position\":1,\"name\":\"Shop\",\"item\":\"https:\\\/\\\/www.ledizioni.it\\\/shop-2\\\/\"},{\"@type\":\"ListItem\",\"position\":2,\"name\":\"L&#8217;UNIVERSIT\u00c0 CHE VORREMMO\"}]},{\"@type\":\"WebSite\",\"@id\":\"https:\\\/\\\/www.ledizioni.it\\\/#website\",\"url\":\"https:\\\/\\\/www.ledizioni.it\\\/\",\"name\":\"Ledizioni\",\"description\":\"The Innovative LediPublishing Company - Casa Editrice Universitaria\",\"publisher\":{\"@id\":\"https:\\\/\\\/www.ledizioni.it\\\/#organization\"},\"potentialAction\":[{\"@type\":\"SearchAction\",\"target\":{\"@type\":\"EntryPoint\",\"urlTemplate\":\"https:\\\/\\\/www.ledizioni.it\\\/?s={search_term_string}\"},\"query-input\":{\"@type\":\"PropertyValueSpecification\",\"valueRequired\":true,\"valueName\":\"search_term_string\"}}],\"inLanguage\":\"en-GB\"},{\"@type\":\"Organization\",\"@id\":\"https:\\\/\\\/www.ledizioni.it\\\/#organization\",\"name\":\"Ledizioni\",\"url\":\"https:\\\/\\\/www.ledizioni.it\\\/\",\"logo\":{\"@type\":\"ImageObject\",\"inLanguage\":\"en-GB\",\"@id\":\"https:\\\/\\\/www.ledizioni.it\\\/#\\\/schema\\\/logo\\\/image\\\/\",\"url\":\"https:\\\/\\\/www.ledizioni.it\\\/stag\\\/wp-content\\\/uploads\\\/2023\\\/10\\\/newlogoledizioni500x110_2-1.jpg\",\"contentUrl\":\"https:\\\/\\\/www.ledizioni.it\\\/stag\\\/wp-content\\\/uploads\\\/2023\\\/10\\\/newlogoledizioni500x110_2-1.jpg\",\"width\":354,\"height\":87,\"caption\":\"Ledizioni\"},\"image\":{\"@id\":\"https:\\\/\\\/www.ledizioni.it\\\/#\\\/schema\\\/logo\\\/image\\\/\"},\"sameAs\":[\"https:\\\/\\\/www.facebook.com\\\/pages\\\/Ledizioni-LediPublishing\\\/109120559173329\",\"https:\\\/\\\/x.com\\\/ledizioni\"]}]}<\/script>\n<!-- \/ Yoast SEO plugin. -->","yoast_head_json":{"title":"L'UNIVERSIT\u00c0 CHE VORREMMO -","description":"Ledizioni - Innovative Publishing. Casa editrice universitaria. Open Access. eBook, ePub. Creative Commons.","robots":{"index":"index","follow":"follow","max-snippet":"max-snippet:-1","max-image-preview":"max-image-preview:large","max-video-preview":"max-video-preview:-1"},"canonical":"https:\/\/www.ledizioni.it\/en\/product\/universita-che-vorremmo\/","og_locale":"en_GB","og_type":"article","og_title":"L'UNIVERSIT\u00c0 CHE VORREMMO -","og_description":"Ledizioni - Innovative Publishing. Casa editrice universitaria. Open Access. eBook, ePub. Creative Commons.","og_url":"https:\/\/www.ledizioni.it\/en\/product\/universita-che-vorremmo\/","og_site_name":"Ledizioni","article_publisher":"https:\/\/www.facebook.com\/pages\/Ledizioni-LediPublishing\/109120559173329","article_modified_time":"2022-07-11T15:29:30+00:00","og_image":[{"width":500,"height":652,"url":"https:\/\/www.ledizioni.it\/stag\/wp-content\/uploads\/2021\/08\/Universita_vorremmo_3D.jpg","type":"image\/jpeg"}],"twitter_card":"summary_large_image","twitter_site":"@ledizioni","twitter_misc":{"Estimated reading time":"1 minute"},"schema":{"@context":"https:\/\/schema.org","@graph":[{"@type":"WebPage","@id":"https:\/\/www.ledizioni.it\/prodotto\/universita-che-vorremmo\/","url":"https:\/\/www.ledizioni.it\/prodotto\/universita-che-vorremmo\/","name":"L'UNIVERSIT\u00c0 CHE VORREMMO -","isPartOf":{"@id":"https:\/\/www.ledizioni.it\/#website"},"primaryImageOfPage":{"@id":"https:\/\/www.ledizioni.it\/prodotto\/universita-che-vorremmo\/#primaryimage"},"image":{"@id":"https:\/\/www.ledizioni.it\/prodotto\/universita-che-vorremmo\/#primaryimage"},"thumbnailUrl":"https:\/\/www.ledizioni.it\/stag\/wp-content\/uploads\/2021\/08\/Universita_vorremmo_3D.jpg","datePublished":"2021-08-30T11:51:35+00:00","dateModified":"2022-07-11T15:29:30+00:00","description":"Ledizioni - Innovative Publishing. Casa editrice universitaria. Open Access. eBook, ePub. Creative Commons.","breadcrumb":{"@id":"https:\/\/www.ledizioni.it\/prodotto\/universita-che-vorremmo\/#breadcrumb"},"inLanguage":"en-GB","potentialAction":[{"@type":"ReadAction","target":["https:\/\/www.ledizioni.it\/prodotto\/universita-che-vorremmo\/"]}]},{"@type":"ImageObject","inLanguage":"en-GB","@id":"https:\/\/www.ledizioni.it\/prodotto\/universita-che-vorremmo\/#primaryimage","url":"https:\/\/www.ledizioni.it\/stag\/wp-content\/uploads\/2021\/08\/Universita_vorremmo_3D.jpg","contentUrl":"https:\/\/www.ledizioni.it\/stag\/wp-content\/uploads\/2021\/08\/Universita_vorremmo_3D.jpg","width":500,"height":652},{"@type":"BreadcrumbList","@id":"https:\/\/www.ledizioni.it\/prodotto\/universita-che-vorremmo\/#breadcrumb","itemListElement":[{"@type":"ListItem","position":1,"name":"Shop","item":"https:\/\/www.ledizioni.it\/shop-2\/"},{"@type":"ListItem","position":2,"name":"L&#8217;UNIVERSIT\u00c0 CHE VORREMMO"}]},{"@type":"WebSite","@id":"https:\/\/www.ledizioni.it\/#website","url":"https:\/\/www.ledizioni.it\/","name":"Ledizioni","description":"The Innovative LediPublishing Company - Casa Editrice Universitaria","publisher":{"@id":"https:\/\/www.ledizioni.it\/#organization"},"potentialAction":[{"@type":"SearchAction","target":{"@type":"EntryPoint","urlTemplate":"https:\/\/www.ledizioni.it\/?s={search_term_string}"},"query-input":{"@type":"PropertyValueSpecification","valueRequired":true,"valueName":"search_term_string"}}],"inLanguage":"en-GB"},{"@type":"Organization","@id":"https:\/\/www.ledizioni.it\/#organization","name":"Ledizioni","url":"https:\/\/www.ledizioni.it\/","logo":{"@type":"ImageObject","inLanguage":"en-GB","@id":"https:\/\/www.ledizioni.it\/#\/schema\/logo\/image\/","url":"https:\/\/www.ledizioni.it\/stag\/wp-content\/uploads\/2023\/10\/newlogoledizioni500x110_2-1.jpg","contentUrl":"https:\/\/www.ledizioni.it\/stag\/wp-content\/uploads\/2023\/10\/newlogoledizioni500x110_2-1.jpg","width":354,"height":87,"caption":"Ledizioni"},"image":{"@id":"https:\/\/www.ledizioni.it\/#\/schema\/logo\/image\/"},"sameAs":["https:\/\/www.facebook.com\/pages\/Ledizioni-LediPublishing\/109120559173329","https:\/\/x.com\/ledizioni"]}]}},"jetpack_sharing_enabled":true,"_links":{"self":[{"href":"https:\/\/www.ledizioni.it\/en\/wp-json\/wp\/v2\/product\/41603","targetHints":{"allow":["GET"]}}],"collection":[{"href":"https:\/\/www.ledizioni.it\/en\/wp-json\/wp\/v2\/product"}],"about":[{"href":"https:\/\/www.ledizioni.it\/en\/wp-json\/wp\/v2\/types\/product"}],"replies":[{"embeddable":true,"href":"https:\/\/www.ledizioni.it\/en\/wp-json\/wp\/v2\/comments?post=41603"}],"version-history":[{"count":1,"href":"https:\/\/www.ledizioni.it\/en\/wp-json\/wp\/v2\/product\/41603\/revisions"}],"predecessor-version":[{"id":42263,"href":"https:\/\/www.ledizioni.it\/en\/wp-json\/wp\/v2\/product\/41603\/revisions\/42263"}],"wp:featuredmedia":[{"embeddable":true,"href":"https:\/\/www.ledizioni.it\/en\/wp-json\/wp\/v2\/media\/41607"}],"wp:attachment":[{"href":"https:\/\/www.ledizioni.it\/en\/wp-json\/wp\/v2\/media?parent=41603"}],"wp:term":[{"taxonomy":"product_brand","embeddable":true,"href":"https:\/\/www.ledizioni.it\/en\/wp-json\/wp\/v2\/product_brand?post=41603"},{"taxonomy":"product_cat","embeddable":true,"href":"https:\/\/www.ledizioni.it\/en\/wp-json\/wp\/v2\/product_cat?post=41603"},{"taxonomy":"product_tag","embeddable":true,"href":"https:\/\/www.ledizioni.it\/en\/wp-json\/wp\/v2\/product_tag?post=41603"}],"curies":[{"name":"wp","href":"https:\/\/api.w.org\/{rel}","templated":true}]}}