{"id":42651,"date":"2021-09-24T11:58:36","date_gmt":"2021-09-24T09:58:36","guid":{"rendered":"https:\/\/www.ledizioni.it\/?post_type=product&#038;p=42651"},"modified":"2022-07-11T17:30:00","modified_gmt":"2022-07-11T15:30:00","slug":"flumen-fiume-rijeka","status":"publish","type":"product","link":"https:\/\/www.ledizioni.it\/en\/product\/flumen-fiume-rijeka\/","title":{"rendered":"FLUMEN FIUME RIJEKA"},"content":{"rendered":"<p style=\"text-align: justify;\">Fiume rappresenta un laboratorio molto interessante per indagare le variabili che animano la coesistenza delle diversit\u00e0, le sfide che essa pone, ma anche le potenzialit\u00e0 che da essa derivano, offrendo spunti preziosi per riflettere, a livello ben pi\u00f9 ampio, sul futuro dell\u2019Europa.<br \/>\nI lavori presentati in questo volume affrontano la realt\u00e0 fiumana da una prospettiva interdisciplinare, non solo storica quindi, ma anche giuridica, linguistica, letteraria e sociologica. I diversi contributi, concentrati su singole prospettive, restituiscono appieno la ricchezza dell\u2019identit\u00e0 di Fiume e confermano la costante capacit\u00e0 della citt\u00e0 di porsi, nel tempo, quale crocevia interculturale d\u2019Europa, in grado di attingere da tutte le sue componenti nazionali, culturali e religiose per forgiare una propria specificit\u00e0 plurale ed aperta.<\/p>\n<p>&nbsp;<\/p>\n<p><strong>DATI BIBLIOGRAFICI<\/strong><br \/>\nCuratori: E. Bianco, P. Bocale, D. Brigadoi Cologna, L. Panzeri<br \/>\nEditore: Ledizioni<br \/>\nPubblicato nel: settembre 2021<br \/>\nCollana: <a href=\"https:\/\/www.ledizioni.it\/en\/product-category\/sociology\/quaderni-del-cerm\/\">CERM Papers<\/a><br \/>\nFormato: brossura, 247 p. &#8211; PDF in Open Access<br \/>\nISBN cartaceo: 9788855265515<br \/>\nPrezzo cartaceo: 18 \u20ac<br \/>\n<a href=\"https:\/\/www.amazon.it\/Flumen-Rijeka-Crocevia-interculturale-dEuropa\/dp\/8855265512\/ref=sr_1_1?__mk_it_IT=%C3%85M%C3%85%C5%BD%C3%95%C3%91&amp;crid=R1J5BCZDGTK3&amp;keywords=9788855265515&amp;qid=1642420649&amp;sprefix=9788855265515%2Caps%2C69&amp;sr=8-1\" target=\"_blank\" rel=\"noopener\"><img decoding=\"async\" class=\"aligncenter size-medium wp-image-23060\" src=\"https:\/\/www.ledizioni.it\/stag\/wp-content\/uploads\/2018\/10\/pulsante-amazon-1-300x104.jpg\" alt=\"\" width=\"150\" height=\"50\" \/><\/a><img decoding=\"async\" style=\"border: none !important; margin: 0px !important;\" src=\"\/\/ir-it.amazon-adsystem.com\/e\/ir?t=ledizioni-21&amp;l=am2&amp;o=29&amp;a=8867057839\" alt=\"\" width=\"1\" height=\"1\" border=\"0\" \/><br \/>\n<a href=\"http:\/\/digital.casalini.it\/9788855265515\"><img decoding=\"async\" class=\"aligncenter wp-image-23912\" src=\"https:\/\/www.ledizioni.it\/stag\/wp-content\/uploads\/2019\/07\/torrossa_web-150x80.jpg\" alt=\"\" width=\"200\" height=\"60\" \/><\/a><\/p>","protected":false},"excerpt":{"rendered":"<p>Fiume rappresenta un laboratorio molto interessante per indagare le variabili che animano la coesistenza delle diversit\u00e0, le sfide che essa<\/p>","protected":false},"featured_media":42654,"comment_status":"open","ping_status":"closed","template":"","meta":{"_acf_changed":false},"product_brand":[],"product_cat":[2188],"product_tag":[2644,2643,858,764],"class_list":{"0":"post-42651","1":"product","2":"type-product","3":"status-publish","4":"has-post-thumbnail","6":"product_cat-quaderni-del-cerm","7":"product_tag-cerm","8":"product_tag-fiume","9":"product_tag-integrazione","10":"product_tag-open-access-2","11":"pa_formato-cartaceo","12":"pa_formato-ebook-in-pdf","14":"first","15":"instock","16":"featured","17":"shipping-taxable","18":"purchasable","19":"product-type-variable"},"acf":[],"yoast_head":"<!-- This site is optimized with the Yoast SEO plugin v27.4 - https:\/\/yoast.com\/product\/yoast-seo-wordpress\/ -->\n<title>FLUMEN FIUME RIJEKA -<\/title>\n<meta name=\"description\" content=\"Ledizioni - Innovative Publishing. Casa editrice universitaria. Open Access. eBook, ePub. Creative Commons.\" \/>\n<meta name=\"robots\" content=\"index, follow, max-snippet:-1, max-image-preview:large, max-video-preview:-1\" \/>\n<link rel=\"canonical\" href=\"https:\/\/www.ledizioni.it\/en\/product\/flumen-fiume-rijeka\/\" \/>\n<meta property=\"og:locale\" content=\"en_GB\" \/>\n<meta property=\"og:type\" content=\"article\" \/>\n<meta property=\"og:title\" content=\"FLUMEN FIUME RIJEKA -\" \/>\n<meta property=\"og:description\" content=\"Ledizioni - Innovative Publishing. Casa editrice universitaria. Open Access. eBook, ePub. Creative Commons.\" \/>\n<meta property=\"og:url\" content=\"https:\/\/www.ledizioni.it\/en\/product\/flumen-fiume-rijeka\/\" \/>\n<meta property=\"og:site_name\" content=\"Ledizioni\" \/>\n<meta property=\"article:publisher\" content=\"https:\/\/www.facebook.com\/pages\/Ledizioni-LediPublishing\/109120559173329\" \/>\n<meta property=\"article:modified_time\" content=\"2022-07-11T15:30:00+00:00\" \/>\n<meta property=\"og:image\" content=\"https:\/\/www.ledizioni.it\/stag\/wp-content\/uploads\/2021\/09\/Fiume_3D.jpg\" \/>\n\t<meta property=\"og:image:width\" content=\"500\" \/>\n\t<meta property=\"og:image:height\" content=\"657\" \/>\n\t<meta property=\"og:image:type\" content=\"image\/jpeg\" \/>\n<meta name=\"twitter:card\" content=\"summary_large_image\" \/>\n<meta name=\"twitter:site\" content=\"@ledizioni\" \/>\n<meta name=\"twitter:label1\" content=\"Estimated reading time\" \/>\n\t<meta name=\"twitter:data1\" content=\"1 minute\" \/>\n<script type=\"application\/ld+json\" class=\"yoast-schema-graph\">{\"@context\":\"https:\\\/\\\/schema.org\",\"@graph\":[{\"@type\":\"WebPage\",\"@id\":\"https:\\\/\\\/www.ledizioni.it\\\/prodotto\\\/flumen-fiume-rijeka\\\/\",\"url\":\"https:\\\/\\\/www.ledizioni.it\\\/prodotto\\\/flumen-fiume-rijeka\\\/\",\"name\":\"FLUMEN FIUME RIJEKA -\",\"isPartOf\":{\"@id\":\"https:\\\/\\\/www.ledizioni.it\\\/#website\"},\"primaryImageOfPage\":{\"@id\":\"https:\\\/\\\/www.ledizioni.it\\\/prodotto\\\/flumen-fiume-rijeka\\\/#primaryimage\"},\"image\":{\"@id\":\"https:\\\/\\\/www.ledizioni.it\\\/prodotto\\\/flumen-fiume-rijeka\\\/#primaryimage\"},\"thumbnailUrl\":\"https:\\\/\\\/www.ledizioni.it\\\/stag\\\/wp-content\\\/uploads\\\/2021\\\/09\\\/Fiume_3D.jpg\",\"datePublished\":\"2021-09-24T09:58:36+00:00\",\"dateModified\":\"2022-07-11T15:30:00+00:00\",\"description\":\"Ledizioni - Innovative Publishing. Casa editrice universitaria. Open Access. eBook, ePub. Creative Commons.\",\"breadcrumb\":{\"@id\":\"https:\\\/\\\/www.ledizioni.it\\\/prodotto\\\/flumen-fiume-rijeka\\\/#breadcrumb\"},\"inLanguage\":\"en-GB\",\"potentialAction\":[{\"@type\":\"ReadAction\",\"target\":[\"https:\\\/\\\/www.ledizioni.it\\\/prodotto\\\/flumen-fiume-rijeka\\\/\"]}]},{\"@type\":\"ImageObject\",\"inLanguage\":\"en-GB\",\"@id\":\"https:\\\/\\\/www.ledizioni.it\\\/prodotto\\\/flumen-fiume-rijeka\\\/#primaryimage\",\"url\":\"https:\\\/\\\/www.ledizioni.it\\\/stag\\\/wp-content\\\/uploads\\\/2021\\\/09\\\/Fiume_3D.jpg\",\"contentUrl\":\"https:\\\/\\\/www.ledizioni.it\\\/stag\\\/wp-content\\\/uploads\\\/2021\\\/09\\\/Fiume_3D.jpg\",\"width\":500,\"height\":657},{\"@type\":\"BreadcrumbList\",\"@id\":\"https:\\\/\\\/www.ledizioni.it\\\/prodotto\\\/flumen-fiume-rijeka\\\/#breadcrumb\",\"itemListElement\":[{\"@type\":\"ListItem\",\"position\":1,\"name\":\"Shop\",\"item\":\"https:\\\/\\\/www.ledizioni.it\\\/shop-2\\\/\"},{\"@type\":\"ListItem\",\"position\":2,\"name\":\"FLUMEN FIUME RIJEKA\"}]},{\"@type\":\"WebSite\",\"@id\":\"https:\\\/\\\/www.ledizioni.it\\\/#website\",\"url\":\"https:\\\/\\\/www.ledizioni.it\\\/\",\"name\":\"Ledizioni\",\"description\":\"The Innovative LediPublishing Company - Casa Editrice Universitaria\",\"publisher\":{\"@id\":\"https:\\\/\\\/www.ledizioni.it\\\/#organization\"},\"potentialAction\":[{\"@type\":\"SearchAction\",\"target\":{\"@type\":\"EntryPoint\",\"urlTemplate\":\"https:\\\/\\\/www.ledizioni.it\\\/?s={search_term_string}\"},\"query-input\":{\"@type\":\"PropertyValueSpecification\",\"valueRequired\":true,\"valueName\":\"search_term_string\"}}],\"inLanguage\":\"en-GB\"},{\"@type\":\"Organization\",\"@id\":\"https:\\\/\\\/www.ledizioni.it\\\/#organization\",\"name\":\"Ledizioni\",\"url\":\"https:\\\/\\\/www.ledizioni.it\\\/\",\"logo\":{\"@type\":\"ImageObject\",\"inLanguage\":\"en-GB\",\"@id\":\"https:\\\/\\\/www.ledizioni.it\\\/#\\\/schema\\\/logo\\\/image\\\/\",\"url\":\"https:\\\/\\\/www.ledizioni.it\\\/stag\\\/wp-content\\\/uploads\\\/2023\\\/10\\\/newlogoledizioni500x110_2-1.jpg\",\"contentUrl\":\"https:\\\/\\\/www.ledizioni.it\\\/stag\\\/wp-content\\\/uploads\\\/2023\\\/10\\\/newlogoledizioni500x110_2-1.jpg\",\"width\":354,\"height\":87,\"caption\":\"Ledizioni\"},\"image\":{\"@id\":\"https:\\\/\\\/www.ledizioni.it\\\/#\\\/schema\\\/logo\\\/image\\\/\"},\"sameAs\":[\"https:\\\/\\\/www.facebook.com\\\/pages\\\/Ledizioni-LediPublishing\\\/109120559173329\",\"https:\\\/\\\/x.com\\\/ledizioni\"]}]}<\/script>\n<!-- \/ Yoast SEO plugin. -->","yoast_head_json":{"title":"FLUMEN FIUME RIJEKA -","description":"Ledizioni - Innovative Publishing. Casa editrice universitaria. Open Access. eBook, ePub. Creative Commons.","robots":{"index":"index","follow":"follow","max-snippet":"max-snippet:-1","max-image-preview":"max-image-preview:large","max-video-preview":"max-video-preview:-1"},"canonical":"https:\/\/www.ledizioni.it\/en\/product\/flumen-fiume-rijeka\/","og_locale":"en_GB","og_type":"article","og_title":"FLUMEN FIUME RIJEKA -","og_description":"Ledizioni - Innovative Publishing. Casa editrice universitaria. Open Access. eBook, ePub. Creative Commons.","og_url":"https:\/\/www.ledizioni.it\/en\/product\/flumen-fiume-rijeka\/","og_site_name":"Ledizioni","article_publisher":"https:\/\/www.facebook.com\/pages\/Ledizioni-LediPublishing\/109120559173329","article_modified_time":"2022-07-11T15:30:00+00:00","og_image":[{"width":500,"height":657,"url":"https:\/\/www.ledizioni.it\/stag\/wp-content\/uploads\/2021\/09\/Fiume_3D.jpg","type":"image\/jpeg"}],"twitter_card":"summary_large_image","twitter_site":"@ledizioni","twitter_misc":{"Estimated reading time":"1 minute"},"schema":{"@context":"https:\/\/schema.org","@graph":[{"@type":"WebPage","@id":"https:\/\/www.ledizioni.it\/prodotto\/flumen-fiume-rijeka\/","url":"https:\/\/www.ledizioni.it\/prodotto\/flumen-fiume-rijeka\/","name":"FLUMEN FIUME RIJEKA -","isPartOf":{"@id":"https:\/\/www.ledizioni.it\/#website"},"primaryImageOfPage":{"@id":"https:\/\/www.ledizioni.it\/prodotto\/flumen-fiume-rijeka\/#primaryimage"},"image":{"@id":"https:\/\/www.ledizioni.it\/prodotto\/flumen-fiume-rijeka\/#primaryimage"},"thumbnailUrl":"https:\/\/www.ledizioni.it\/stag\/wp-content\/uploads\/2021\/09\/Fiume_3D.jpg","datePublished":"2021-09-24T09:58:36+00:00","dateModified":"2022-07-11T15:30:00+00:00","description":"Ledizioni - Innovative Publishing. Casa editrice universitaria. Open Access. eBook, ePub. Creative Commons.","breadcrumb":{"@id":"https:\/\/www.ledizioni.it\/prodotto\/flumen-fiume-rijeka\/#breadcrumb"},"inLanguage":"en-GB","potentialAction":[{"@type":"ReadAction","target":["https:\/\/www.ledizioni.it\/prodotto\/flumen-fiume-rijeka\/"]}]},{"@type":"ImageObject","inLanguage":"en-GB","@id":"https:\/\/www.ledizioni.it\/prodotto\/flumen-fiume-rijeka\/#primaryimage","url":"https:\/\/www.ledizioni.it\/stag\/wp-content\/uploads\/2021\/09\/Fiume_3D.jpg","contentUrl":"https:\/\/www.ledizioni.it\/stag\/wp-content\/uploads\/2021\/09\/Fiume_3D.jpg","width":500,"height":657},{"@type":"BreadcrumbList","@id":"https:\/\/www.ledizioni.it\/prodotto\/flumen-fiume-rijeka\/#breadcrumb","itemListElement":[{"@type":"ListItem","position":1,"name":"Shop","item":"https:\/\/www.ledizioni.it\/shop-2\/"},{"@type":"ListItem","position":2,"name":"FLUMEN FIUME RIJEKA"}]},{"@type":"WebSite","@id":"https:\/\/www.ledizioni.it\/#website","url":"https:\/\/www.ledizioni.it\/","name":"Ledizioni","description":"The Innovative LediPublishing Company - Casa Editrice Universitaria","publisher":{"@id":"https:\/\/www.ledizioni.it\/#organization"},"potentialAction":[{"@type":"SearchAction","target":{"@type":"EntryPoint","urlTemplate":"https:\/\/www.ledizioni.it\/?s={search_term_string}"},"query-input":{"@type":"PropertyValueSpecification","valueRequired":true,"valueName":"search_term_string"}}],"inLanguage":"en-GB"},{"@type":"Organization","@id":"https:\/\/www.ledizioni.it\/#organization","name":"Ledizioni","url":"https:\/\/www.ledizioni.it\/","logo":{"@type":"ImageObject","inLanguage":"en-GB","@id":"https:\/\/www.ledizioni.it\/#\/schema\/logo\/image\/","url":"https:\/\/www.ledizioni.it\/stag\/wp-content\/uploads\/2023\/10\/newlogoledizioni500x110_2-1.jpg","contentUrl":"https:\/\/www.ledizioni.it\/stag\/wp-content\/uploads\/2023\/10\/newlogoledizioni500x110_2-1.jpg","width":354,"height":87,"caption":"Ledizioni"},"image":{"@id":"https:\/\/www.ledizioni.it\/#\/schema\/logo\/image\/"},"sameAs":["https:\/\/www.facebook.com\/pages\/Ledizioni-LediPublishing\/109120559173329","https:\/\/x.com\/ledizioni"]}]}},"jetpack_sharing_enabled":true,"_links":{"self":[{"href":"https:\/\/www.ledizioni.it\/en\/wp-json\/wp\/v2\/product\/42651","targetHints":{"allow":["GET"]}}],"collection":[{"href":"https:\/\/www.ledizioni.it\/en\/wp-json\/wp\/v2\/product"}],"about":[{"href":"https:\/\/www.ledizioni.it\/en\/wp-json\/wp\/v2\/types\/product"}],"replies":[{"embeddable":true,"href":"https:\/\/www.ledizioni.it\/en\/wp-json\/wp\/v2\/comments?post=42651"}],"version-history":[{"count":1,"href":"https:\/\/www.ledizioni.it\/en\/wp-json\/wp\/v2\/product\/42651\/revisions"}],"predecessor-version":[{"id":47222,"href":"https:\/\/www.ledizioni.it\/en\/wp-json\/wp\/v2\/product\/42651\/revisions\/47222"}],"wp:featuredmedia":[{"embeddable":true,"href":"https:\/\/www.ledizioni.it\/en\/wp-json\/wp\/v2\/media\/42654"}],"wp:attachment":[{"href":"https:\/\/www.ledizioni.it\/en\/wp-json\/wp\/v2\/media?parent=42651"}],"wp:term":[{"taxonomy":"product_brand","embeddable":true,"href":"https:\/\/www.ledizioni.it\/en\/wp-json\/wp\/v2\/product_brand?post=42651"},{"taxonomy":"product_cat","embeddable":true,"href":"https:\/\/www.ledizioni.it\/en\/wp-json\/wp\/v2\/product_cat?post=42651"},{"taxonomy":"product_tag","embeddable":true,"href":"https:\/\/www.ledizioni.it\/en\/wp-json\/wp\/v2\/product_tag?post=42651"}],"curies":[{"name":"wp","href":"https:\/\/api.w.org\/{rel}","templated":true}]}}