{"id":44102,"date":"2021-10-27T17:03:30","date_gmt":"2021-10-27T15:03:30","guid":{"rendered":"https:\/\/www.ledizioni.it\/?post_type=product&#038;p=44102"},"modified":"2022-01-17T13:41:18","modified_gmt":"2022-01-17T11:41:18","slug":"santa-pazienza","status":"publish","type":"product","link":"https:\/\/www.ledizioni.it\/en\/product\/santa-pazienza\/","title":{"rendered":"SANTA PAZIENZA"},"content":{"rendered":"<p style=\"text-align: justify;\">\u00ab\u00c8 vero che per secoli la donna \u00e8 stata tenuta esclusa dalla vita civile, dalle professioni, dalla politica. Ma al tempo stesso ha goduto tutti i privilegi che l\u2019amore dell\u2019uomo le dava: ha vissuto l\u2019esperienza straordinaria di essere serva e regina, schiava e angelo. La schiavit\u00f9 non \u00e8 una situazione peggiore della libert\u00e0: pu\u00f2 anzi essere meravigliosa\u00bb. Cos\u00ec la pensava Pier Paolo Pasolini negli anni Sessanta, sgomento di fronte allo sgretolarsi del vecchio mondo femminile.<br \/>\nComincia nel 1945, alla fine della guerra, una singolare e appassionante epopea che si svolge in cucina e in camera da letto, in piazza e in Parlamento, nelle scuole e negli uffici. Le italiane erano taciturne e obbedienti, diventeranno loquaci e indipendenti. Erano oggetti in mani altrui, vorranno essere persone. Erano escluse dal piacere fisico, lo conquisteranno. Morivano di aborto e di parto, sceglieranno la maternit\u00e0 e si batteranno con successo per il diritto di rifiutarla. Venivano picchiate dai mariti con il consenso della legge, potranno divorziare. Erano costrette all\u2019ignoranza, cominceranno a frequentare la scuola, il liceo e l\u2019universit\u00e0. Non potevano accedere alle professioni e ricoprire cariche pubbliche, ci riusciranno: entrano in massa negli ospedali come medici, nelle aule di tribunale come giudici, nelle aziende come dirigenti.<br \/>\nCon il femminismo conquistano anche l\u2019orgoglio di essere quel che sono. Non pi\u00f9 serve n\u00e9 regine. Si \u00e8 chiusa la grande epopea che ha rovesciato l\u2019Italia? Niente affatto. Mai come ora la condizione femminile (e di conseguenza quella maschile) \u00e8 in equilibrio tanto precario.<br \/>\nAttraverso le testimonianze di donne note e meno note, l\u2019analisi dei fatti di cronaca e dei contributi che la radio, la televisione, la pubblicit\u00e0, i fotoromanzi e i rotocalchi hanno dato al formarsi dell\u2019identit\u00e0 femminile, Marta Boneschi ci racconta come per le donne il mondo sia cambiato pi\u00f9 rapidamente che per gli uomini, facendoci rivivere la meno sanguinosa e la pi\u00f9 riuscita rivoluzione del secolo scorso.<\/p>\n<h3 style=\"text-align: justify;\"><strong><span style=\"color: #000000;\">DATI BIBLIOGRAFICI<\/span><\/strong><\/h3>\n<p style=\"text-align: justify;\">Autori: Marta Boneschi<br \/>\nEditore: Ledizioni<br \/>\nCollana: Storia<br \/>\nFormato: brossura, 362 p. &#8211; ePub<br \/>\nPubblicato in: Novembre 2021<br \/>\nISBN cartaceo: 9788855265119<br \/>\nISBN ePub: 9788855265690<br \/>\nPrezzo cartaceo: 19,90 \u20ac<br \/>\nPrezzo ePub: 8,99 \u20ac<\/p>\n<p><a href=\"https:\/\/www.amazon.it\/Santa-pazienza-storia-italiane-dopoguerra\/dp\/8855265113\/ref=sr_1_1?__mk_it_IT=%C3%85M%C3%85%C5%BD%C3%95%C3%91&#038;crid=3TREMR8KYAPZ&#038;keywords=9788855265119&#038;qid=1642419644&#038;sprefix=9788855265119%2Caps%2C70&#038;sr=8-1\" target=\"_blank\" rel=\"noopener\"><img decoding=\"async\" class=\"aligncenter size-medium wp-image-23060\" src=\"https:\/\/www.ledizioni.it\/stag\/wp-content\/uploads\/2018\/10\/pulsante-amazon-1-300x104.jpg\" alt=\"\" width=\"150\" height=\"50\" \/><\/a><img decoding=\"async\" style=\"border: none !important; margin: 0px !important;\" src=\"\/\/ir-it.amazon-adsystem.com\/e\/ir?t=ledizioni-21&amp;l=am2&amp;o=29&amp;a=8867057839\" alt=\"\" width=\"1\" height=\"1\" border=\"0\" \/><\/p>","protected":false},"excerpt":{"rendered":"<p>\u00ab\u00c8 vero che per secoli la donna \u00e8 stata tenuta esclusa dalla vita civile, dalle professioni, dalla politica. Ma al<\/p>","protected":false},"featured_media":44105,"comment_status":"open","ping_status":"closed","template":"","meta":{"_acf_changed":false},"product_brand":[],"product_cat":[384],"product_tag":[554,2284,846],"class_list":{"0":"post-44102","1":"product","2":"type-product","3":"status-publish","4":"has-post-thumbnail","6":"product_cat-history","7":"product_tag-donne","8":"product_tag-storia-delle-donne","9":"product_tag-storia-italiana","10":"pa_formato-cartaceo","11":"pa_formato-ebook-in-epub","13":"first","14":"instock","15":"featured","16":"shipping-taxable","17":"purchasable","18":"product-type-variable"},"acf":[],"yoast_head":"<!-- This site is optimized with the Yoast SEO plugin v27.3 - https:\/\/yoast.com\/product\/yoast-seo-wordpress\/ -->\n<title>Santa pazienza<\/title>\n<meta name=\"description\" content=\"Ledizioni - Innovative Publishing. Casa editrice universitaria. Open Access. eBook, ePub. Creative Commons.\" \/>\n<meta name=\"robots\" content=\"index, follow, max-snippet:-1, max-image-preview:large, max-video-preview:-1\" \/>\n<link rel=\"canonical\" href=\"https:\/\/www.ledizioni.it\/en\/product\/santa-pazienza\/\" \/>\n<meta property=\"og:locale\" content=\"en_GB\" \/>\n<meta property=\"og:type\" content=\"article\" \/>\n<meta property=\"og:title\" content=\"Santa pazienza\" \/>\n<meta property=\"og:description\" content=\"Ledizioni - Innovative Publishing. Casa editrice universitaria. Open Access. eBook, ePub. Creative Commons.\" \/>\n<meta property=\"og:url\" content=\"https:\/\/www.ledizioni.it\/en\/product\/santa-pazienza\/\" \/>\n<meta property=\"og:site_name\" content=\"Ledizioni\" \/>\n<meta property=\"article:publisher\" content=\"https:\/\/www.facebook.com\/pages\/Ledizioni-LediPublishing\/109120559173329\" \/>\n<meta property=\"article:modified_time\" content=\"2022-01-17T11:41:18+00:00\" \/>\n<meta property=\"og:image\" content=\"https:\/\/www.ledizioni.it\/stag\/wp-content\/uploads\/2021\/10\/Santa_pazienza_3D.jpg\" \/>\n\t<meta property=\"og:image:width\" content=\"500\" \/>\n\t<meta property=\"og:image:height\" content=\"654\" \/>\n\t<meta property=\"og:image:type\" content=\"image\/jpeg\" \/>\n<meta name=\"twitter:card\" content=\"summary_large_image\" \/>\n<meta name=\"twitter:site\" content=\"@ledizioni\" \/>\n<meta name=\"twitter:label1\" content=\"Estimated reading time\" \/>\n\t<meta name=\"twitter:data1\" content=\"2 minutes\" \/>\n<script type=\"application\/ld+json\" class=\"yoast-schema-graph\">{\"@context\":\"https:\\\/\\\/schema.org\",\"@graph\":[{\"@type\":\"WebPage\",\"@id\":\"https:\\\/\\\/www.ledizioni.it\\\/prodotto\\\/santa-pazienza\\\/\",\"url\":\"https:\\\/\\\/www.ledizioni.it\\\/prodotto\\\/santa-pazienza\\\/\",\"name\":\"Santa pazienza\",\"isPartOf\":{\"@id\":\"https:\\\/\\\/www.ledizioni.it\\\/#website\"},\"primaryImageOfPage\":{\"@id\":\"https:\\\/\\\/www.ledizioni.it\\\/prodotto\\\/santa-pazienza\\\/#primaryimage\"},\"image\":{\"@id\":\"https:\\\/\\\/www.ledizioni.it\\\/prodotto\\\/santa-pazienza\\\/#primaryimage\"},\"thumbnailUrl\":\"https:\\\/\\\/www.ledizioni.it\\\/stag\\\/wp-content\\\/uploads\\\/2021\\\/10\\\/Santa_pazienza_3D.jpg\",\"datePublished\":\"2021-10-27T15:03:30+00:00\",\"dateModified\":\"2022-01-17T11:41:18+00:00\",\"description\":\"Ledizioni - Innovative Publishing. Casa editrice universitaria. Open Access. eBook, ePub. Creative Commons.\",\"breadcrumb\":{\"@id\":\"https:\\\/\\\/www.ledizioni.it\\\/prodotto\\\/santa-pazienza\\\/#breadcrumb\"},\"inLanguage\":\"en-GB\",\"potentialAction\":[{\"@type\":\"ReadAction\",\"target\":[\"https:\\\/\\\/www.ledizioni.it\\\/prodotto\\\/santa-pazienza\\\/\"]}]},{\"@type\":\"ImageObject\",\"inLanguage\":\"en-GB\",\"@id\":\"https:\\\/\\\/www.ledizioni.it\\\/prodotto\\\/santa-pazienza\\\/#primaryimage\",\"url\":\"https:\\\/\\\/www.ledizioni.it\\\/stag\\\/wp-content\\\/uploads\\\/2021\\\/10\\\/Santa_pazienza_3D.jpg\",\"contentUrl\":\"https:\\\/\\\/www.ledizioni.it\\\/stag\\\/wp-content\\\/uploads\\\/2021\\\/10\\\/Santa_pazienza_3D.jpg\",\"width\":500,\"height\":654},{\"@type\":\"BreadcrumbList\",\"@id\":\"https:\\\/\\\/www.ledizioni.it\\\/prodotto\\\/santa-pazienza\\\/#breadcrumb\",\"itemListElement\":[{\"@type\":\"ListItem\",\"position\":1,\"name\":\"Shop\",\"item\":\"https:\\\/\\\/www.ledizioni.it\\\/shop-2\\\/\"},{\"@type\":\"ListItem\",\"position\":2,\"name\":\"SANTA PAZIENZA\"}]},{\"@type\":\"WebSite\",\"@id\":\"https:\\\/\\\/www.ledizioni.it\\\/#website\",\"url\":\"https:\\\/\\\/www.ledizioni.it\\\/\",\"name\":\"Ledizioni\",\"description\":\"The Innovative LediPublishing Company - Casa Editrice Universitaria\",\"publisher\":{\"@id\":\"https:\\\/\\\/www.ledizioni.it\\\/#organization\"},\"potentialAction\":[{\"@type\":\"SearchAction\",\"target\":{\"@type\":\"EntryPoint\",\"urlTemplate\":\"https:\\\/\\\/www.ledizioni.it\\\/?s={search_term_string}\"},\"query-input\":{\"@type\":\"PropertyValueSpecification\",\"valueRequired\":true,\"valueName\":\"search_term_string\"}}],\"inLanguage\":\"en-GB\"},{\"@type\":\"Organization\",\"@id\":\"https:\\\/\\\/www.ledizioni.it\\\/#organization\",\"name\":\"Ledizioni\",\"url\":\"https:\\\/\\\/www.ledizioni.it\\\/\",\"logo\":{\"@type\":\"ImageObject\",\"inLanguage\":\"en-GB\",\"@id\":\"https:\\\/\\\/www.ledizioni.it\\\/#\\\/schema\\\/logo\\\/image\\\/\",\"url\":\"https:\\\/\\\/www.ledizioni.it\\\/stag\\\/wp-content\\\/uploads\\\/2023\\\/10\\\/newlogoledizioni500x110_2-1.jpg\",\"contentUrl\":\"https:\\\/\\\/www.ledizioni.it\\\/stag\\\/wp-content\\\/uploads\\\/2023\\\/10\\\/newlogoledizioni500x110_2-1.jpg\",\"width\":354,\"height\":87,\"caption\":\"Ledizioni\"},\"image\":{\"@id\":\"https:\\\/\\\/www.ledizioni.it\\\/#\\\/schema\\\/logo\\\/image\\\/\"},\"sameAs\":[\"https:\\\/\\\/www.facebook.com\\\/pages\\\/Ledizioni-LediPublishing\\\/109120559173329\",\"https:\\\/\\\/x.com\\\/ledizioni\"]}]}<\/script>\n<!-- \/ Yoast SEO plugin. -->","yoast_head_json":{"title":"Santa pazienza","description":"Ledizioni - Innovative Publishing. Casa editrice universitaria. Open Access. eBook, ePub. Creative Commons.","robots":{"index":"index","follow":"follow","max-snippet":"max-snippet:-1","max-image-preview":"max-image-preview:large","max-video-preview":"max-video-preview:-1"},"canonical":"https:\/\/www.ledizioni.it\/en\/product\/santa-pazienza\/","og_locale":"en_GB","og_type":"article","og_title":"Santa pazienza","og_description":"Ledizioni - Innovative Publishing. Casa editrice universitaria. Open Access. eBook, ePub. Creative Commons.","og_url":"https:\/\/www.ledizioni.it\/en\/product\/santa-pazienza\/","og_site_name":"Ledizioni","article_publisher":"https:\/\/www.facebook.com\/pages\/Ledizioni-LediPublishing\/109120559173329","article_modified_time":"2022-01-17T11:41:18+00:00","og_image":[{"width":500,"height":654,"url":"https:\/\/www.ledizioni.it\/stag\/wp-content\/uploads\/2021\/10\/Santa_pazienza_3D.jpg","type":"image\/jpeg"}],"twitter_card":"summary_large_image","twitter_site":"@ledizioni","twitter_misc":{"Estimated reading time":"2 minutes"},"schema":{"@context":"https:\/\/schema.org","@graph":[{"@type":"WebPage","@id":"https:\/\/www.ledizioni.it\/prodotto\/santa-pazienza\/","url":"https:\/\/www.ledizioni.it\/prodotto\/santa-pazienza\/","name":"Santa pazienza","isPartOf":{"@id":"https:\/\/www.ledizioni.it\/#website"},"primaryImageOfPage":{"@id":"https:\/\/www.ledizioni.it\/prodotto\/santa-pazienza\/#primaryimage"},"image":{"@id":"https:\/\/www.ledizioni.it\/prodotto\/santa-pazienza\/#primaryimage"},"thumbnailUrl":"https:\/\/www.ledizioni.it\/stag\/wp-content\/uploads\/2021\/10\/Santa_pazienza_3D.jpg","datePublished":"2021-10-27T15:03:30+00:00","dateModified":"2022-01-17T11:41:18+00:00","description":"Ledizioni - Innovative Publishing. Casa editrice universitaria. Open Access. eBook, ePub. Creative Commons.","breadcrumb":{"@id":"https:\/\/www.ledizioni.it\/prodotto\/santa-pazienza\/#breadcrumb"},"inLanguage":"en-GB","potentialAction":[{"@type":"ReadAction","target":["https:\/\/www.ledizioni.it\/prodotto\/santa-pazienza\/"]}]},{"@type":"ImageObject","inLanguage":"en-GB","@id":"https:\/\/www.ledizioni.it\/prodotto\/santa-pazienza\/#primaryimage","url":"https:\/\/www.ledizioni.it\/stag\/wp-content\/uploads\/2021\/10\/Santa_pazienza_3D.jpg","contentUrl":"https:\/\/www.ledizioni.it\/stag\/wp-content\/uploads\/2021\/10\/Santa_pazienza_3D.jpg","width":500,"height":654},{"@type":"BreadcrumbList","@id":"https:\/\/www.ledizioni.it\/prodotto\/santa-pazienza\/#breadcrumb","itemListElement":[{"@type":"ListItem","position":1,"name":"Shop","item":"https:\/\/www.ledizioni.it\/shop-2\/"},{"@type":"ListItem","position":2,"name":"SANTA PAZIENZA"}]},{"@type":"WebSite","@id":"https:\/\/www.ledizioni.it\/#website","url":"https:\/\/www.ledizioni.it\/","name":"Ledizioni","description":"The Innovative LediPublishing Company - Casa Editrice Universitaria","publisher":{"@id":"https:\/\/www.ledizioni.it\/#organization"},"potentialAction":[{"@type":"SearchAction","target":{"@type":"EntryPoint","urlTemplate":"https:\/\/www.ledizioni.it\/?s={search_term_string}"},"query-input":{"@type":"PropertyValueSpecification","valueRequired":true,"valueName":"search_term_string"}}],"inLanguage":"en-GB"},{"@type":"Organization","@id":"https:\/\/www.ledizioni.it\/#organization","name":"Ledizioni","url":"https:\/\/www.ledizioni.it\/","logo":{"@type":"ImageObject","inLanguage":"en-GB","@id":"https:\/\/www.ledizioni.it\/#\/schema\/logo\/image\/","url":"https:\/\/www.ledizioni.it\/stag\/wp-content\/uploads\/2023\/10\/newlogoledizioni500x110_2-1.jpg","contentUrl":"https:\/\/www.ledizioni.it\/stag\/wp-content\/uploads\/2023\/10\/newlogoledizioni500x110_2-1.jpg","width":354,"height":87,"caption":"Ledizioni"},"image":{"@id":"https:\/\/www.ledizioni.it\/#\/schema\/logo\/image\/"},"sameAs":["https:\/\/www.facebook.com\/pages\/Ledizioni-LediPublishing\/109120559173329","https:\/\/x.com\/ledizioni"]}]}},"jetpack_sharing_enabled":true,"_links":{"self":[{"href":"https:\/\/www.ledizioni.it\/en\/wp-json\/wp\/v2\/product\/44102","targetHints":{"allow":["GET"]}}],"collection":[{"href":"https:\/\/www.ledizioni.it\/en\/wp-json\/wp\/v2\/product"}],"about":[{"href":"https:\/\/www.ledizioni.it\/en\/wp-json\/wp\/v2\/types\/product"}],"replies":[{"embeddable":true,"href":"https:\/\/www.ledizioni.it\/en\/wp-json\/wp\/v2\/comments?post=44102"}],"version-history":[{"count":1,"href":"https:\/\/www.ledizioni.it\/en\/wp-json\/wp\/v2\/product\/44102\/revisions"}],"predecessor-version":[{"id":44106,"href":"https:\/\/www.ledizioni.it\/en\/wp-json\/wp\/v2\/product\/44102\/revisions\/44106"}],"wp:featuredmedia":[{"embeddable":true,"href":"https:\/\/www.ledizioni.it\/en\/wp-json\/wp\/v2\/media\/44105"}],"wp:attachment":[{"href":"https:\/\/www.ledizioni.it\/en\/wp-json\/wp\/v2\/media?parent=44102"}],"wp:term":[{"taxonomy":"product_brand","embeddable":true,"href":"https:\/\/www.ledizioni.it\/en\/wp-json\/wp\/v2\/product_brand?post=44102"},{"taxonomy":"product_cat","embeddable":true,"href":"https:\/\/www.ledizioni.it\/en\/wp-json\/wp\/v2\/product_cat?post=44102"},{"taxonomy":"product_tag","embeddable":true,"href":"https:\/\/www.ledizioni.it\/en\/wp-json\/wp\/v2\/product_tag?post=44102"}],"curies":[{"name":"wp","href":"https:\/\/api.w.org\/{rel}","templated":true}]}}