{"id":44756,"date":"2021-11-12T17:57:17","date_gmt":"2021-11-12T15:57:17","guid":{"rendered":"https:\/\/www.ledizioni.it\/?post_type=product&#038;p=44756"},"modified":"2022-01-17T13:31:43","modified_gmt":"2022-01-17T11:31:43","slug":"tre-amici-un-pallone-e-un-povero-diavolo","status":"publish","type":"product","link":"https:\/\/www.ledizioni.it\/en\/product\/tre-amici-un-pallone-e-un-povero-diavolo\/","title":{"rendered":"TRE AMICI, UN PALLONE E UN POVERO DIAVOLO"},"content":{"rendered":"<p style=\"text-align: justify;\">Quattro ragazzini, il loro sogno, un povero Diavolo, uno scambio sciagurato e una serie di battaglie per tentare di recuperare l\u2019innocenza. Un viaggio nel quale i nostri eroi, un po\u2019 troppo innamorati del calcio e del desiderio di diventare calciatori professionisti, dovranno fare i conti con professionisti imbroglioni, politicanti da quattro soldi e giornalisti pennivendoli, in una serie di ostacoli da superare per portare a termine la propria impresa.<br \/>\nIl loro viaggio e la ricerca saranno anche l\u2019occasione per riscoprire la voglia di vivere in un mondo pi\u00f9 autentico, fatto di contenuti, di sentimenti, di reciproco aiuto e condivisione, nonch\u00e9 di un vero impegno verso il bene comune, senza anteporre al benessere della collettivit\u00e0 il proprio tornaconto personale.<\/p>\n<p style=\"text-align: justify;\"><em>Tutto il ricavato dalla vendita di questo libro verr\u00e0 devoluto all&#8217;associazione \u201c<a href=\"https:\/\/www.insiemeperfily.it\/\" target=\"_blank\" rel=\"noopener\">Insieme per Fily<\/a>\u201d ONLUS, che opera nel settore sociale svolgendo attivit\u00e0 primarie come la beneficenza e l\u2019assistenza sociale e socio-sanitaria, in particolare verso i bambini affetti da tumore e da altre gravi patologie.<\/em><\/p>\n<p><strong>DATI BIBLIOGRAFICI<\/strong><br \/>\nAutore: <a href=\"https:\/\/www.ledizioni.it\/en\/autori\/piero-marchelli\/\">Piero Marchelli<\/a><br \/>\nEditore: Ledizioni<br \/>\nPubblicato nel: Novembre 2021<br \/>\nFormato: brossura, 292 p.<br \/>\nISBN cartaceo: 9788855265966<br \/>\nPrezzo cartaceo: 18,90 \u20ac<br \/>\n<a href=\"https:\/\/www.amazon.it\/Tre-amici-pallone-povero-diavolo\/dp\/8855265962\/ref=sr_1_1?__mk_it_IT=%C3%85M%C3%85%C5%BD%C3%95%C3%91&#038;crid=PK7NRX8FU4L3&#038;keywords=9788855265966&#038;qid=1642419059&#038;sprefix=9788855265966%2Caps%2C61&#038;sr=8-1\" target=\"_blank\" rel=\"noopener\"><img decoding=\"async\" class=\"aligncenter size-medium wp-image-23060\" src=\"https:\/\/www.ledizioni.it\/stag\/wp-content\/uploads\/2018\/10\/pulsante-amazon-1-300x104.jpg\" alt=\"\" width=\"150\" height=\"50\" \/><\/a><img decoding=\"async\" style=\"border: none !important; margin: 0px !important;\" src=\"\/\/ir-it.amazon-adsystem.com\/e\/ir?t=ledizioni-21&amp;l=am2&amp;o=29&amp;a=8867057839\" alt=\"\" width=\"1\" height=\"1\" border=\"0\" \/><\/p>","protected":false},"excerpt":{"rendered":"<p>Quattro ragazzini, il loro sogno, un povero Diavolo, uno scambio sciagurato e una serie di battaglie per tentare di recuperare<\/p>","protected":false},"featured_media":44762,"comment_status":"open","ping_status":"closed","template":"","meta":{"_acf_changed":false},"product_brand":[],"product_cat":[1037],"product_tag":[1658,756],"class_list":{"0":"post-44756","1":"product","2":"type-product","3":"status-publish","4":"has-post-thumbnail","6":"product_cat-varia","7":"product_tag-calcio","8":"product_tag-romanzo-2","10":"first","11":"instock","12":"featured","13":"shipping-taxable","14":"purchasable","15":"product-type-simple"},"acf":[],"yoast_head":"<!-- This site is optimized with the Yoast SEO plugin v27.3 - https:\/\/yoast.com\/product\/yoast-seo-wordpress\/ -->\n<title>TRE AMICI, UN PALLONE E UN POVERO DIAVOLO -<\/title>\n<meta name=\"description\" content=\"Ledizioni - Innovative Publishing. Casa editrice universitaria. Open Access. eBook, ePub. Creative Commons.\" \/>\n<meta name=\"robots\" content=\"index, follow, max-snippet:-1, max-image-preview:large, max-video-preview:-1\" \/>\n<link rel=\"canonical\" href=\"https:\/\/www.ledizioni.it\/en\/product\/tre-amici-un-pallone-e-un-povero-diavolo\/\" \/>\n<meta property=\"og:locale\" content=\"en_GB\" \/>\n<meta property=\"og:type\" content=\"article\" \/>\n<meta property=\"og:title\" content=\"TRE AMICI, UN PALLONE E UN POVERO DIAVOLO -\" \/>\n<meta property=\"og:description\" content=\"Ledizioni - Innovative Publishing. Casa editrice universitaria. Open Access. eBook, ePub. Creative Commons.\" \/>\n<meta property=\"og:url\" content=\"https:\/\/www.ledizioni.it\/en\/product\/tre-amici-un-pallone-e-un-povero-diavolo\/\" \/>\n<meta property=\"og:site_name\" content=\"Ledizioni\" \/>\n<meta property=\"article:publisher\" content=\"https:\/\/www.facebook.com\/pages\/Ledizioni-LediPublishing\/109120559173329\" \/>\n<meta property=\"article:modified_time\" content=\"2022-01-17T11:31:43+00:00\" \/>\n<meta property=\"og:image\" content=\"https:\/\/www.ledizioni.it\/stag\/wp-content\/uploads\/2021\/11\/img_compertina_sito_3d.jpg\" \/>\n\t<meta property=\"og:image:width\" content=\"1467\" \/>\n\t<meta property=\"og:image:height\" content=\"2020\" \/>\n\t<meta property=\"og:image:type\" content=\"image\/jpeg\" \/>\n<meta name=\"twitter:card\" content=\"summary_large_image\" \/>\n<meta name=\"twitter:site\" content=\"@ledizioni\" \/>\n<meta name=\"twitter:label1\" content=\"Estimated reading time\" \/>\n\t<meta name=\"twitter:data1\" content=\"1 minute\" \/>\n<script type=\"application\/ld+json\" class=\"yoast-schema-graph\">{\"@context\":\"https:\\\/\\\/schema.org\",\"@graph\":[{\"@type\":\"WebPage\",\"@id\":\"https:\\\/\\\/www.ledizioni.it\\\/prodotto\\\/tre-amici-un-pallone-e-un-povero-diavolo\\\/\",\"url\":\"https:\\\/\\\/www.ledizioni.it\\\/prodotto\\\/tre-amici-un-pallone-e-un-povero-diavolo\\\/\",\"name\":\"TRE AMICI, UN PALLONE E UN POVERO DIAVOLO -\",\"isPartOf\":{\"@id\":\"https:\\\/\\\/www.ledizioni.it\\\/#website\"},\"primaryImageOfPage\":{\"@id\":\"https:\\\/\\\/www.ledizioni.it\\\/prodotto\\\/tre-amici-un-pallone-e-un-povero-diavolo\\\/#primaryimage\"},\"image\":{\"@id\":\"https:\\\/\\\/www.ledizioni.it\\\/prodotto\\\/tre-amici-un-pallone-e-un-povero-diavolo\\\/#primaryimage\"},\"thumbnailUrl\":\"https:\\\/\\\/www.ledizioni.it\\\/stag\\\/wp-content\\\/uploads\\\/2021\\\/11\\\/img_compertina_sito_3d.jpg\",\"datePublished\":\"2021-11-12T15:57:17+00:00\",\"dateModified\":\"2022-01-17T11:31:43+00:00\",\"description\":\"Ledizioni - Innovative Publishing. Casa editrice universitaria. Open Access. eBook, ePub. Creative Commons.\",\"breadcrumb\":{\"@id\":\"https:\\\/\\\/www.ledizioni.it\\\/prodotto\\\/tre-amici-un-pallone-e-un-povero-diavolo\\\/#breadcrumb\"},\"inLanguage\":\"en-GB\",\"potentialAction\":[{\"@type\":\"ReadAction\",\"target\":[\"https:\\\/\\\/www.ledizioni.it\\\/prodotto\\\/tre-amici-un-pallone-e-un-povero-diavolo\\\/\"]}]},{\"@type\":\"ImageObject\",\"inLanguage\":\"en-GB\",\"@id\":\"https:\\\/\\\/www.ledizioni.it\\\/prodotto\\\/tre-amici-un-pallone-e-un-povero-diavolo\\\/#primaryimage\",\"url\":\"https:\\\/\\\/www.ledizioni.it\\\/stag\\\/wp-content\\\/uploads\\\/2021\\\/11\\\/img_compertina_sito_3d.jpg\",\"contentUrl\":\"https:\\\/\\\/www.ledizioni.it\\\/stag\\\/wp-content\\\/uploads\\\/2021\\\/11\\\/img_compertina_sito_3d.jpg\",\"width\":1467,\"height\":2020},{\"@type\":\"BreadcrumbList\",\"@id\":\"https:\\\/\\\/www.ledizioni.it\\\/prodotto\\\/tre-amici-un-pallone-e-un-povero-diavolo\\\/#breadcrumb\",\"itemListElement\":[{\"@type\":\"ListItem\",\"position\":1,\"name\":\"Shop\",\"item\":\"https:\\\/\\\/www.ledizioni.it\\\/shop-2\\\/\"},{\"@type\":\"ListItem\",\"position\":2,\"name\":\"TRE AMICI, UN PALLONE E UN POVERO DIAVOLO\"}]},{\"@type\":\"WebSite\",\"@id\":\"https:\\\/\\\/www.ledizioni.it\\\/#website\",\"url\":\"https:\\\/\\\/www.ledizioni.it\\\/\",\"name\":\"Ledizioni\",\"description\":\"The Innovative LediPublishing Company - Casa Editrice Universitaria\",\"publisher\":{\"@id\":\"https:\\\/\\\/www.ledizioni.it\\\/#organization\"},\"potentialAction\":[{\"@type\":\"SearchAction\",\"target\":{\"@type\":\"EntryPoint\",\"urlTemplate\":\"https:\\\/\\\/www.ledizioni.it\\\/?s={search_term_string}\"},\"query-input\":{\"@type\":\"PropertyValueSpecification\",\"valueRequired\":true,\"valueName\":\"search_term_string\"}}],\"inLanguage\":\"en-GB\"},{\"@type\":\"Organization\",\"@id\":\"https:\\\/\\\/www.ledizioni.it\\\/#organization\",\"name\":\"Ledizioni\",\"url\":\"https:\\\/\\\/www.ledizioni.it\\\/\",\"logo\":{\"@type\":\"ImageObject\",\"inLanguage\":\"en-GB\",\"@id\":\"https:\\\/\\\/www.ledizioni.it\\\/#\\\/schema\\\/logo\\\/image\\\/\",\"url\":\"https:\\\/\\\/www.ledizioni.it\\\/stag\\\/wp-content\\\/uploads\\\/2023\\\/10\\\/newlogoledizioni500x110_2-1.jpg\",\"contentUrl\":\"https:\\\/\\\/www.ledizioni.it\\\/stag\\\/wp-content\\\/uploads\\\/2023\\\/10\\\/newlogoledizioni500x110_2-1.jpg\",\"width\":354,\"height\":87,\"caption\":\"Ledizioni\"},\"image\":{\"@id\":\"https:\\\/\\\/www.ledizioni.it\\\/#\\\/schema\\\/logo\\\/image\\\/\"},\"sameAs\":[\"https:\\\/\\\/www.facebook.com\\\/pages\\\/Ledizioni-LediPublishing\\\/109120559173329\",\"https:\\\/\\\/x.com\\\/ledizioni\"]}]}<\/script>\n<!-- \/ Yoast SEO plugin. -->","yoast_head_json":{"title":"TRE AMICI, UN PALLONE E UN POVERO DIAVOLO -","description":"Ledizioni - Innovative Publishing. Casa editrice universitaria. Open Access. eBook, ePub. Creative Commons.","robots":{"index":"index","follow":"follow","max-snippet":"max-snippet:-1","max-image-preview":"max-image-preview:large","max-video-preview":"max-video-preview:-1"},"canonical":"https:\/\/www.ledizioni.it\/en\/product\/tre-amici-un-pallone-e-un-povero-diavolo\/","og_locale":"en_GB","og_type":"article","og_title":"TRE AMICI, UN PALLONE E UN POVERO DIAVOLO -","og_description":"Ledizioni - Innovative Publishing. Casa editrice universitaria. Open Access. eBook, ePub. Creative Commons.","og_url":"https:\/\/www.ledizioni.it\/en\/product\/tre-amici-un-pallone-e-un-povero-diavolo\/","og_site_name":"Ledizioni","article_publisher":"https:\/\/www.facebook.com\/pages\/Ledizioni-LediPublishing\/109120559173329","article_modified_time":"2022-01-17T11:31:43+00:00","og_image":[{"width":1467,"height":2020,"url":"https:\/\/www.ledizioni.it\/stag\/wp-content\/uploads\/2021\/11\/img_compertina_sito_3d.jpg","type":"image\/jpeg"}],"twitter_card":"summary_large_image","twitter_site":"@ledizioni","twitter_misc":{"Estimated reading time":"1 minute"},"schema":{"@context":"https:\/\/schema.org","@graph":[{"@type":"WebPage","@id":"https:\/\/www.ledizioni.it\/prodotto\/tre-amici-un-pallone-e-un-povero-diavolo\/","url":"https:\/\/www.ledizioni.it\/prodotto\/tre-amici-un-pallone-e-un-povero-diavolo\/","name":"TRE AMICI, UN PALLONE E UN POVERO DIAVOLO -","isPartOf":{"@id":"https:\/\/www.ledizioni.it\/#website"},"primaryImageOfPage":{"@id":"https:\/\/www.ledizioni.it\/prodotto\/tre-amici-un-pallone-e-un-povero-diavolo\/#primaryimage"},"image":{"@id":"https:\/\/www.ledizioni.it\/prodotto\/tre-amici-un-pallone-e-un-povero-diavolo\/#primaryimage"},"thumbnailUrl":"https:\/\/www.ledizioni.it\/stag\/wp-content\/uploads\/2021\/11\/img_compertina_sito_3d.jpg","datePublished":"2021-11-12T15:57:17+00:00","dateModified":"2022-01-17T11:31:43+00:00","description":"Ledizioni - Innovative Publishing. Casa editrice universitaria. Open Access. eBook, ePub. Creative Commons.","breadcrumb":{"@id":"https:\/\/www.ledizioni.it\/prodotto\/tre-amici-un-pallone-e-un-povero-diavolo\/#breadcrumb"},"inLanguage":"en-GB","potentialAction":[{"@type":"ReadAction","target":["https:\/\/www.ledizioni.it\/prodotto\/tre-amici-un-pallone-e-un-povero-diavolo\/"]}]},{"@type":"ImageObject","inLanguage":"en-GB","@id":"https:\/\/www.ledizioni.it\/prodotto\/tre-amici-un-pallone-e-un-povero-diavolo\/#primaryimage","url":"https:\/\/www.ledizioni.it\/stag\/wp-content\/uploads\/2021\/11\/img_compertina_sito_3d.jpg","contentUrl":"https:\/\/www.ledizioni.it\/stag\/wp-content\/uploads\/2021\/11\/img_compertina_sito_3d.jpg","width":1467,"height":2020},{"@type":"BreadcrumbList","@id":"https:\/\/www.ledizioni.it\/prodotto\/tre-amici-un-pallone-e-un-povero-diavolo\/#breadcrumb","itemListElement":[{"@type":"ListItem","position":1,"name":"Shop","item":"https:\/\/www.ledizioni.it\/shop-2\/"},{"@type":"ListItem","position":2,"name":"TRE AMICI, UN PALLONE E UN POVERO DIAVOLO"}]},{"@type":"WebSite","@id":"https:\/\/www.ledizioni.it\/#website","url":"https:\/\/www.ledizioni.it\/","name":"Ledizioni","description":"The Innovative LediPublishing Company - Casa Editrice Universitaria","publisher":{"@id":"https:\/\/www.ledizioni.it\/#organization"},"potentialAction":[{"@type":"SearchAction","target":{"@type":"EntryPoint","urlTemplate":"https:\/\/www.ledizioni.it\/?s={search_term_string}"},"query-input":{"@type":"PropertyValueSpecification","valueRequired":true,"valueName":"search_term_string"}}],"inLanguage":"en-GB"},{"@type":"Organization","@id":"https:\/\/www.ledizioni.it\/#organization","name":"Ledizioni","url":"https:\/\/www.ledizioni.it\/","logo":{"@type":"ImageObject","inLanguage":"en-GB","@id":"https:\/\/www.ledizioni.it\/#\/schema\/logo\/image\/","url":"https:\/\/www.ledizioni.it\/stag\/wp-content\/uploads\/2023\/10\/newlogoledizioni500x110_2-1.jpg","contentUrl":"https:\/\/www.ledizioni.it\/stag\/wp-content\/uploads\/2023\/10\/newlogoledizioni500x110_2-1.jpg","width":354,"height":87,"caption":"Ledizioni"},"image":{"@id":"https:\/\/www.ledizioni.it\/#\/schema\/logo\/image\/"},"sameAs":["https:\/\/www.facebook.com\/pages\/Ledizioni-LediPublishing\/109120559173329","https:\/\/x.com\/ledizioni"]}]}},"jetpack_sharing_enabled":true,"_links":{"self":[{"href":"https:\/\/www.ledizioni.it\/en\/wp-json\/wp\/v2\/product\/44756","targetHints":{"allow":["GET"]}}],"collection":[{"href":"https:\/\/www.ledizioni.it\/en\/wp-json\/wp\/v2\/product"}],"about":[{"href":"https:\/\/www.ledizioni.it\/en\/wp-json\/wp\/v2\/types\/product"}],"replies":[{"embeddable":true,"href":"https:\/\/www.ledizioni.it\/en\/wp-json\/wp\/v2\/comments?post=44756"}],"version-history":[{"count":1,"href":"https:\/\/www.ledizioni.it\/en\/wp-json\/wp\/v2\/product\/44756\/revisions"}],"predecessor-version":[{"id":44766,"href":"https:\/\/www.ledizioni.it\/en\/wp-json\/wp\/v2\/product\/44756\/revisions\/44766"}],"wp:featuredmedia":[{"embeddable":true,"href":"https:\/\/www.ledizioni.it\/en\/wp-json\/wp\/v2\/media\/44762"}],"wp:attachment":[{"href":"https:\/\/www.ledizioni.it\/en\/wp-json\/wp\/v2\/media?parent=44756"}],"wp:term":[{"taxonomy":"product_brand","embeddable":true,"href":"https:\/\/www.ledizioni.it\/en\/wp-json\/wp\/v2\/product_brand?post=44756"},{"taxonomy":"product_cat","embeddable":true,"href":"https:\/\/www.ledizioni.it\/en\/wp-json\/wp\/v2\/product_cat?post=44756"},{"taxonomy":"product_tag","embeddable":true,"href":"https:\/\/www.ledizioni.it\/en\/wp-json\/wp\/v2\/product_tag?post=44756"}],"curies":[{"name":"wp","href":"https:\/\/api.w.org\/{rel}","templated":true}]}}