{"id":47107,"date":"2021-12-31T22:25:11","date_gmt":"2021-12-31T20:25:11","guid":{"rendered":"https:\/\/www.ledizioni.it\/?post_type=product&#038;p=47107"},"modified":"2022-07-11T17:31:35","modified_gmt":"2022-07-11T15:31:35","slug":"ecriture-epistolaire-entre-renaissance-et-age-baroque","status":"publish","type":"product","link":"https:\/\/www.ledizioni.it\/en\/product\/ecriture-epistolaire-entre-renaissance-et-age-baroque\/","title":{"rendered":"L\u2019\u00c9CRITURE \u00c9PISTOLAIRE ENTRE RENAISSANCE ET \u00c2GE BAROQUE"},"content":{"rendered":"<p style=\"text-align: justify;\">Questo volume propone un gruppo di saggi sulla scrittura epistolare d\u2019Ancien R\u00e9gime, svolti in un\u2019ottica franco-italiana. Esso \u00e8 il risultato di un convegno internazionale organizzato dal CIRRI &#8211; Centre Interuniversitaire de Recherche sur la Renaissance Italienne (Universit\u00e9 Sorbonne Nouvelle), in collaborazione con la Biblioth\u00e8que Mazarine di Parigi. Gli argomenti affrontati permettono di disegnare nuove prospettiva di ricerca: il rapporto tra la dimensione pubblica e quella privata degli scambi epistolari (Guicciardini, Ruscelli), lo stretto legame tra lo scambio per lettera e i circuiti artistici e letterari (Vasari, Marino, Mancini), la circolazione dei documenti autografi e il ruolo delle raccolte a stampa. Uno spazio importante \u00e8 stato riservato ad alcuni progetti digitali dedicati ai corpora epistolari, tra i quali Archilet e EpistolART.<br \/>\nChiude il volume il catalogo di una mostra bibliografica tenutasi alla Biblioth\u00e8que Mazarine, consacrata ai \u00ablibri di lettere\u00bb tra Quattro e Seicento: vi si presentano tra l\u2019altro numerosi esemplari provenienti dalla collezione del cardinale Mazarino e da quella di Jeannine Basso.<\/p>\n<p><strong>DATI BIBLIOGRAFICI<\/strong><br \/>\nA cura di: Carlo Alberto Girotto<br \/>\nMarchio editoriale: Archilet<br \/>\nPubblicato nel: dicembre 2021<br \/>\nCollana: <a href=\"https:\/\/www.ledizioni.it\/en\/product-category\/italianistica\/edizioni-di-archilet\/\">Archilet Publications<\/a><br \/>\nFormato: brossura con alette, 400 p. &#8211; PDF in Open Access<br \/>\nISBN: 978-88-99614-02-7<br \/>\nPrezzo: 40,00 \u20ac<br \/>\n<a href=\"http:\/\/digital.casalini.it\/9788899614027\"><img decoding=\"async\" class=\"aligncenter wp-image-23912\" src=\"https:\/\/www.ledizioni.it\/stag\/wp-content\/uploads\/2019\/07\/torrossa_web-150x80.jpg\" alt=\"\" width=\"200\" height=\"60\" \/><\/a><\/p>","protected":false},"excerpt":{"rendered":"<p>Questo volume propone un gruppo di saggi sulla scrittura epistolare d\u2019Ancien R\u00e9gime, svolti in un\u2019ottica franco-italiana. Esso \u00e8 il risultato<\/p>","protected":false},"featured_media":47111,"comment_status":"open","ping_status":"closed","template":"","meta":{"_acf_changed":false},"product_brand":[],"product_cat":[1944],"product_tag":[1092,817,2669,764],"class_list":{"0":"post-47107","1":"product","2":"type-product","3":"status-publish","4":"has-post-thumbnail","6":"product_cat-edizioni-di-archilet","7":"product_tag-critica-letteraria","8":"product_tag-epistolari","9":"product_tag-francia","10":"product_tag-open-access-2","11":"pa_formato-cartaceo","12":"pa_formato-ebook-in-pdf","14":"first","15":"instock","16":"featured","17":"shipping-taxable","18":"purchasable","19":"product-type-variable"},"acf":[],"yoast_head":"<!-- This site is optimized with the Yoast SEO plugin v27.3 - https:\/\/yoast.com\/product\/yoast-seo-wordpress\/ -->\n<title>L\u2019\u00c9CRITURE \u00c9PISTOLAIRE ENTRE RENAISSANCE ET \u00c2GE BAROQUE -<\/title>\n<meta name=\"description\" content=\"Ledizioni - Innovative Publishing. Casa editrice universitaria. Open Access. eBook, ePub. Creative Commons.\" \/>\n<meta name=\"robots\" content=\"index, follow, max-snippet:-1, max-image-preview:large, max-video-preview:-1\" \/>\n<link rel=\"canonical\" href=\"https:\/\/www.ledizioni.it\/en\/product\/ecriture-epistolaire-entre-renaissance-et-age-baroque\/\" \/>\n<meta property=\"og:locale\" content=\"en_GB\" \/>\n<meta property=\"og:type\" content=\"article\" \/>\n<meta property=\"og:title\" content=\"L\u2019\u00c9CRITURE \u00c9PISTOLAIRE ENTRE RENAISSANCE ET \u00c2GE BAROQUE -\" \/>\n<meta property=\"og:description\" content=\"Ledizioni - Innovative Publishing. Casa editrice universitaria. Open Access. eBook, ePub. Creative Commons.\" \/>\n<meta property=\"og:url\" content=\"https:\/\/www.ledizioni.it\/en\/product\/ecriture-epistolaire-entre-renaissance-et-age-baroque\/\" \/>\n<meta property=\"og:site_name\" content=\"Ledizioni\" \/>\n<meta property=\"article:publisher\" content=\"https:\/\/www.facebook.com\/pages\/Ledizioni-LediPublishing\/109120559173329\" \/>\n<meta property=\"article:modified_time\" content=\"2022-07-11T15:31:35+00:00\" \/>\n<meta property=\"og:image\" content=\"https:\/\/www.ledizioni.it\/stag\/wp-content\/uploads\/2022\/01\/Copertina-girotto_3D.jpg\" \/>\n\t<meta property=\"og:image:width\" content=\"500\" \/>\n\t<meta property=\"og:image:height\" content=\"627\" \/>\n\t<meta property=\"og:image:type\" content=\"image\/jpeg\" \/>\n<meta name=\"twitter:card\" content=\"summary_large_image\" \/>\n<meta name=\"twitter:site\" content=\"@ledizioni\" \/>\n<meta name=\"twitter:label1\" content=\"Estimated reading time\" \/>\n\t<meta name=\"twitter:data1\" content=\"1 minute\" \/>\n<script type=\"application\/ld+json\" class=\"yoast-schema-graph\">{\"@context\":\"https:\\\/\\\/schema.org\",\"@graph\":[{\"@type\":\"WebPage\",\"@id\":\"https:\\\/\\\/www.ledizioni.it\\\/prodotto\\\/ecriture-epistolaire-entre-renaissance-et-age-baroque\\\/\",\"url\":\"https:\\\/\\\/www.ledizioni.it\\\/prodotto\\\/ecriture-epistolaire-entre-renaissance-et-age-baroque\\\/\",\"name\":\"L\u2019\u00c9CRITURE \u00c9PISTOLAIRE ENTRE RENAISSANCE ET \u00c2GE BAROQUE -\",\"isPartOf\":{\"@id\":\"https:\\\/\\\/www.ledizioni.it\\\/#website\"},\"primaryImageOfPage\":{\"@id\":\"https:\\\/\\\/www.ledizioni.it\\\/prodotto\\\/ecriture-epistolaire-entre-renaissance-et-age-baroque\\\/#primaryimage\"},\"image\":{\"@id\":\"https:\\\/\\\/www.ledizioni.it\\\/prodotto\\\/ecriture-epistolaire-entre-renaissance-et-age-baroque\\\/#primaryimage\"},\"thumbnailUrl\":\"https:\\\/\\\/www.ledizioni.it\\\/stag\\\/wp-content\\\/uploads\\\/2022\\\/01\\\/Copertina-girotto_3D.jpg\",\"datePublished\":\"2021-12-31T20:25:11+00:00\",\"dateModified\":\"2022-07-11T15:31:35+00:00\",\"description\":\"Ledizioni - Innovative Publishing. Casa editrice universitaria. Open Access. eBook, ePub. Creative Commons.\",\"breadcrumb\":{\"@id\":\"https:\\\/\\\/www.ledizioni.it\\\/prodotto\\\/ecriture-epistolaire-entre-renaissance-et-age-baroque\\\/#breadcrumb\"},\"inLanguage\":\"en-GB\",\"potentialAction\":[{\"@type\":\"ReadAction\",\"target\":[\"https:\\\/\\\/www.ledizioni.it\\\/prodotto\\\/ecriture-epistolaire-entre-renaissance-et-age-baroque\\\/\"]}]},{\"@type\":\"ImageObject\",\"inLanguage\":\"en-GB\",\"@id\":\"https:\\\/\\\/www.ledizioni.it\\\/prodotto\\\/ecriture-epistolaire-entre-renaissance-et-age-baroque\\\/#primaryimage\",\"url\":\"https:\\\/\\\/www.ledizioni.it\\\/stag\\\/wp-content\\\/uploads\\\/2022\\\/01\\\/Copertina-girotto_3D.jpg\",\"contentUrl\":\"https:\\\/\\\/www.ledizioni.it\\\/stag\\\/wp-content\\\/uploads\\\/2022\\\/01\\\/Copertina-girotto_3D.jpg\",\"width\":500,\"height\":627},{\"@type\":\"BreadcrumbList\",\"@id\":\"https:\\\/\\\/www.ledizioni.it\\\/prodotto\\\/ecriture-epistolaire-entre-renaissance-et-age-baroque\\\/#breadcrumb\",\"itemListElement\":[{\"@type\":\"ListItem\",\"position\":1,\"name\":\"Shop\",\"item\":\"https:\\\/\\\/www.ledizioni.it\\\/shop-2\\\/\"},{\"@type\":\"ListItem\",\"position\":2,\"name\":\"L\u2019\u00c9CRITURE \u00c9PISTOLAIRE ENTRE RENAISSANCE ET \u00c2GE BAROQUE\"}]},{\"@type\":\"WebSite\",\"@id\":\"https:\\\/\\\/www.ledizioni.it\\\/#website\",\"url\":\"https:\\\/\\\/www.ledizioni.it\\\/\",\"name\":\"Ledizioni\",\"description\":\"The Innovative LediPublishing Company - Casa Editrice Universitaria\",\"publisher\":{\"@id\":\"https:\\\/\\\/www.ledizioni.it\\\/#organization\"},\"potentialAction\":[{\"@type\":\"SearchAction\",\"target\":{\"@type\":\"EntryPoint\",\"urlTemplate\":\"https:\\\/\\\/www.ledizioni.it\\\/?s={search_term_string}\"},\"query-input\":{\"@type\":\"PropertyValueSpecification\",\"valueRequired\":true,\"valueName\":\"search_term_string\"}}],\"inLanguage\":\"en-GB\"},{\"@type\":\"Organization\",\"@id\":\"https:\\\/\\\/www.ledizioni.it\\\/#organization\",\"name\":\"Ledizioni\",\"url\":\"https:\\\/\\\/www.ledizioni.it\\\/\",\"logo\":{\"@type\":\"ImageObject\",\"inLanguage\":\"en-GB\",\"@id\":\"https:\\\/\\\/www.ledizioni.it\\\/#\\\/schema\\\/logo\\\/image\\\/\",\"url\":\"https:\\\/\\\/www.ledizioni.it\\\/stag\\\/wp-content\\\/uploads\\\/2023\\\/10\\\/newlogoledizioni500x110_2-1.jpg\",\"contentUrl\":\"https:\\\/\\\/www.ledizioni.it\\\/stag\\\/wp-content\\\/uploads\\\/2023\\\/10\\\/newlogoledizioni500x110_2-1.jpg\",\"width\":354,\"height\":87,\"caption\":\"Ledizioni\"},\"image\":{\"@id\":\"https:\\\/\\\/www.ledizioni.it\\\/#\\\/schema\\\/logo\\\/image\\\/\"},\"sameAs\":[\"https:\\\/\\\/www.facebook.com\\\/pages\\\/Ledizioni-LediPublishing\\\/109120559173329\",\"https:\\\/\\\/x.com\\\/ledizioni\"]}]}<\/script>\n<!-- \/ Yoast SEO plugin. -->","yoast_head_json":{"title":"L\u2019\u00c9CRITURE \u00c9PISTOLAIRE ENTRE RENAISSANCE ET \u00c2GE BAROQUE -","description":"Ledizioni - Innovative Publishing. Casa editrice universitaria. Open Access. eBook, ePub. Creative Commons.","robots":{"index":"index","follow":"follow","max-snippet":"max-snippet:-1","max-image-preview":"max-image-preview:large","max-video-preview":"max-video-preview:-1"},"canonical":"https:\/\/www.ledizioni.it\/en\/product\/ecriture-epistolaire-entre-renaissance-et-age-baroque\/","og_locale":"en_GB","og_type":"article","og_title":"L\u2019\u00c9CRITURE \u00c9PISTOLAIRE ENTRE RENAISSANCE ET \u00c2GE BAROQUE -","og_description":"Ledizioni - Innovative Publishing. Casa editrice universitaria. Open Access. eBook, ePub. Creative Commons.","og_url":"https:\/\/www.ledizioni.it\/en\/product\/ecriture-epistolaire-entre-renaissance-et-age-baroque\/","og_site_name":"Ledizioni","article_publisher":"https:\/\/www.facebook.com\/pages\/Ledizioni-LediPublishing\/109120559173329","article_modified_time":"2022-07-11T15:31:35+00:00","og_image":[{"width":500,"height":627,"url":"https:\/\/www.ledizioni.it\/stag\/wp-content\/uploads\/2022\/01\/Copertina-girotto_3D.jpg","type":"image\/jpeg"}],"twitter_card":"summary_large_image","twitter_site":"@ledizioni","twitter_misc":{"Estimated reading time":"1 minute"},"schema":{"@context":"https:\/\/schema.org","@graph":[{"@type":"WebPage","@id":"https:\/\/www.ledizioni.it\/prodotto\/ecriture-epistolaire-entre-renaissance-et-age-baroque\/","url":"https:\/\/www.ledizioni.it\/prodotto\/ecriture-epistolaire-entre-renaissance-et-age-baroque\/","name":"L\u2019\u00c9CRITURE \u00c9PISTOLAIRE ENTRE RENAISSANCE ET \u00c2GE BAROQUE -","isPartOf":{"@id":"https:\/\/www.ledizioni.it\/#website"},"primaryImageOfPage":{"@id":"https:\/\/www.ledizioni.it\/prodotto\/ecriture-epistolaire-entre-renaissance-et-age-baroque\/#primaryimage"},"image":{"@id":"https:\/\/www.ledizioni.it\/prodotto\/ecriture-epistolaire-entre-renaissance-et-age-baroque\/#primaryimage"},"thumbnailUrl":"https:\/\/www.ledizioni.it\/stag\/wp-content\/uploads\/2022\/01\/Copertina-girotto_3D.jpg","datePublished":"2021-12-31T20:25:11+00:00","dateModified":"2022-07-11T15:31:35+00:00","description":"Ledizioni - Innovative Publishing. Casa editrice universitaria. Open Access. eBook, ePub. Creative Commons.","breadcrumb":{"@id":"https:\/\/www.ledizioni.it\/prodotto\/ecriture-epistolaire-entre-renaissance-et-age-baroque\/#breadcrumb"},"inLanguage":"en-GB","potentialAction":[{"@type":"ReadAction","target":["https:\/\/www.ledizioni.it\/prodotto\/ecriture-epistolaire-entre-renaissance-et-age-baroque\/"]}]},{"@type":"ImageObject","inLanguage":"en-GB","@id":"https:\/\/www.ledizioni.it\/prodotto\/ecriture-epistolaire-entre-renaissance-et-age-baroque\/#primaryimage","url":"https:\/\/www.ledizioni.it\/stag\/wp-content\/uploads\/2022\/01\/Copertina-girotto_3D.jpg","contentUrl":"https:\/\/www.ledizioni.it\/stag\/wp-content\/uploads\/2022\/01\/Copertina-girotto_3D.jpg","width":500,"height":627},{"@type":"BreadcrumbList","@id":"https:\/\/www.ledizioni.it\/prodotto\/ecriture-epistolaire-entre-renaissance-et-age-baroque\/#breadcrumb","itemListElement":[{"@type":"ListItem","position":1,"name":"Shop","item":"https:\/\/www.ledizioni.it\/shop-2\/"},{"@type":"ListItem","position":2,"name":"L\u2019\u00c9CRITURE \u00c9PISTOLAIRE ENTRE RENAISSANCE ET \u00c2GE BAROQUE"}]},{"@type":"WebSite","@id":"https:\/\/www.ledizioni.it\/#website","url":"https:\/\/www.ledizioni.it\/","name":"Ledizioni","description":"The Innovative LediPublishing Company - Casa Editrice Universitaria","publisher":{"@id":"https:\/\/www.ledizioni.it\/#organization"},"potentialAction":[{"@type":"SearchAction","target":{"@type":"EntryPoint","urlTemplate":"https:\/\/www.ledizioni.it\/?s={search_term_string}"},"query-input":{"@type":"PropertyValueSpecification","valueRequired":true,"valueName":"search_term_string"}}],"inLanguage":"en-GB"},{"@type":"Organization","@id":"https:\/\/www.ledizioni.it\/#organization","name":"Ledizioni","url":"https:\/\/www.ledizioni.it\/","logo":{"@type":"ImageObject","inLanguage":"en-GB","@id":"https:\/\/www.ledizioni.it\/#\/schema\/logo\/image\/","url":"https:\/\/www.ledizioni.it\/stag\/wp-content\/uploads\/2023\/10\/newlogoledizioni500x110_2-1.jpg","contentUrl":"https:\/\/www.ledizioni.it\/stag\/wp-content\/uploads\/2023\/10\/newlogoledizioni500x110_2-1.jpg","width":354,"height":87,"caption":"Ledizioni"},"image":{"@id":"https:\/\/www.ledizioni.it\/#\/schema\/logo\/image\/"},"sameAs":["https:\/\/www.facebook.com\/pages\/Ledizioni-LediPublishing\/109120559173329","https:\/\/x.com\/ledizioni"]}]}},"jetpack_sharing_enabled":true,"_links":{"self":[{"href":"https:\/\/www.ledizioni.it\/en\/wp-json\/wp\/v2\/product\/47107","targetHints":{"allow":["GET"]}}],"collection":[{"href":"https:\/\/www.ledizioni.it\/en\/wp-json\/wp\/v2\/product"}],"about":[{"href":"https:\/\/www.ledizioni.it\/en\/wp-json\/wp\/v2\/types\/product"}],"replies":[{"embeddable":true,"href":"https:\/\/www.ledizioni.it\/en\/wp-json\/wp\/v2\/comments?post=47107"}],"version-history":[{"count":0,"href":"https:\/\/www.ledizioni.it\/en\/wp-json\/wp\/v2\/product\/47107\/revisions"}],"wp:featuredmedia":[{"embeddable":true,"href":"https:\/\/www.ledizioni.it\/en\/wp-json\/wp\/v2\/media\/47111"}],"wp:attachment":[{"href":"https:\/\/www.ledizioni.it\/en\/wp-json\/wp\/v2\/media?parent=47107"}],"wp:term":[{"taxonomy":"product_brand","embeddable":true,"href":"https:\/\/www.ledizioni.it\/en\/wp-json\/wp\/v2\/product_brand?post=47107"},{"taxonomy":"product_cat","embeddable":true,"href":"https:\/\/www.ledizioni.it\/en\/wp-json\/wp\/v2\/product_cat?post=47107"},{"taxonomy":"product_tag","embeddable":true,"href":"https:\/\/www.ledizioni.it\/en\/wp-json\/wp\/v2\/product_tag?post=47107"}],"curies":[{"name":"wp","href":"https:\/\/api.w.org\/{rel}","templated":true}]}}