{"id":47282,"date":"2021-12-31T17:23:02","date_gmt":"2021-12-31T15:23:02","guid":{"rendered":"https:\/\/www.ledizioni.it\/?post_type=product&#038;p=47282"},"modified":"2022-07-11T17:31:45","modified_gmt":"2022-07-11T15:31:45","slug":"lettore-per-amico","status":"publish","type":"product","link":"https:\/\/www.ledizioni.it\/en\/product\/lettore-per-amico\/","title":{"rendered":"IL LETTORE PER AMICO"},"content":{"rendered":"<p style=\"text-align: justify;\">Alimentando un filone di ricerca inaugurato qualche anno fa nell\u2019ambito dei Seminari Balmas, e che intende esplorare pratiche ed effetti della lettura dei testi letterari, i saggi presentati in questo volume scelgono di collocarsi nel campo d\u2019azione dello scrittore, per osservare le strategie con cui egli attira il lettore in un legame di empatia assai pi\u00f9 stringente di una semplice affinit\u00e0 intellettuale. Che sia il complice che sostiene e legittima un\u2019impresa trasgressiva, lo spirito eletto che risponde all\u2019appello di una comunit\u00e0 ideale, o l\u2019essere sensibile che allevia la sofferenza d\u2019un\u2019anima che gli si offre senza reticenze, il lettore amico \u00e8 il sogno segreto d\u2019ogni scrittore, anche il pi\u00f9 elitario e sprezzante, o il pi\u00f9 disperatamente chiuso in s\u00e9. Incontrare lo sguardo di qualcuno che accoglie, comprende, condivide \u00e8 fare l\u2019esperienza del perfetto amore: ed \u00e8 paradossalmente l\u2019atto di lettura \u2013 il meno tangibile dei congiungimenti \u2013 che pu\u00f2 realizzare quest\u2019utopia. Per inseguirla gli autori utilizzano, ciascuno a suo modo \u2013 al mutare dei contesti storicoculturali, e dei sostrati biografici in cui la creazione prende forma \u2013 gli espedienti di cui \u00e8 provvista la loro arte: dalle scintillanti seduzioni dello stile alle allusioni nascoste, agli enigmi, ai messaggi criptati; dalle pi\u00f9 sofisticate formulazioni retoriche all\u2019invettiva, al grido, all\u2019impudica esposizione di s\u00e9 stessi.<br \/>\n<em>Gli autori<\/em>: Monica Barsi, Maurizio Busca, Roberta Capotorti, Alessia Della Rocca, Vincenzo De Santis, Alexandre Gefen, Catherine Mariette, Romain Menini, Marco Modenesi, Liana Nissim, Alessandra Preda, Eleonora Sparvoli, Giorgia Testa.<\/p>\n<h3 id=\"tw-target-text\" class=\"tw-data-text vk_txt tw-ta tw-text-medium\" dir=\"ltr\" data-placeholder=\"Traduzione\"><strong><br \/>\nDATI BIBLIOGRAFICI<\/strong><\/h3>\n<p style=\"text-align: justify;\">A cura di: Alessandra Preda, Eleonora Sparvoli<br \/>\nEditore: Ledizioni<br \/>\nCollana: <a title=\"Di\/Segni\" href=\"http:\/\/www.ledizioni.it\/en\/collane\/letteratura\/disegni\/\">Di\/Segni<\/a><br \/>\nFormato: Brossura, 229 p. &#8211; PDF in Open Access<br \/>\nPubblicato in: dicembre 2021<br \/>\nISBN cartaceo: 9788855265911<br \/>\nPrezzo cartaceo: 28,00 \u20ac<\/p>\n<p><a href=\"https:\/\/www.amazon.it\/lettore-Strategie-complicit%C3%A0-scrittura-finzione\/dp\/8855265911\/ref=sr_1_1?__mk_it_IT=%C3%85M%C3%85%C5%BD%C3%95%C3%91&#038;crid=142CCXL5Y9EF5&#038;keywords=9788855265911&#038;qid=1644414672&#038;sprefix=9788855265911%2Caps%2C63&#038;sr=8-1\" target=\"_blank\" rel=\"noopener\"><img decoding=\"async\" class=\"aligncenter size-medium wp-image-23060\" src=\"https:\/\/www.ledizioni.it\/stag\/wp-content\/uploads\/2018\/10\/pulsante-amazon-1-300x104.jpg\" alt=\"\" width=\"150\" height=\"50\" \/><\/a><img decoding=\"async\" style=\"border: none !important; margin: 0px !important;\" src=\"\/\/ir-it.amazon-adsystem.com\/e\/ir?t=ledizioni-21&amp;l=am2&amp;o=29&amp;a=8867057839\" alt=\"\" width=\"1\" height=\"1\" border=\"0\" \/><br \/>\n<a href=\"http:\/\/digital.casalini.it\/9788855265911\"><img decoding=\"async\" class=\"aligncenter wp-image-23912\" src=\"https:\/\/www.ledizioni.it\/stag\/wp-content\/uploads\/2019\/07\/torrossa_web-150x80.jpg\" alt=\"\" width=\"200\" height=\"60\" \/><\/a><\/p>","protected":false},"excerpt":{"rendered":"<p>Alimentando un filone di ricerca inaugurato qualche anno fa nell\u2019ambito dei Seminari Balmas, e che intende esplorare pratiche ed effetti<\/p>","protected":false},"featured_media":47286,"comment_status":"open","ping_status":"closed","template":"","meta":{"_acf_changed":false},"product_brand":[],"product_cat":[1080],"product_tag":[2672,2635,764,2671],"class_list":{"0":"post-47282","1":"product","2":"type-product","3":"status-publish","4":"has-post-thumbnail","6":"product_cat-disegni","7":"product_tag-francese","8":"product_tag-letteratura","9":"product_tag-open-access-2","10":"product_tag-seminari-balmas","11":"pa_formato-cartaceo","12":"pa_formato-ebook-in-pdf","14":"first","15":"instock","16":"featured","17":"shipping-taxable","18":"purchasable","19":"product-type-variable"},"acf":[],"yoast_head":"<!-- This site is optimized with the Yoast SEO plugin v27.4 - https:\/\/yoast.com\/product\/yoast-seo-wordpress\/ -->\n<title>Il lettore per amico<\/title>\n<meta name=\"description\" content=\"Ledizioni - Innovative Publishing. Casa editrice universitaria. Open Access. eBook, ePub. Creative Commons.\" \/>\n<meta name=\"robots\" content=\"index, follow, max-snippet:-1, max-image-preview:large, max-video-preview:-1\" \/>\n<link rel=\"canonical\" href=\"https:\/\/www.ledizioni.it\/en\/product\/lettore-per-amico\/\" \/>\n<meta property=\"og:locale\" content=\"en_GB\" \/>\n<meta property=\"og:type\" content=\"article\" \/>\n<meta property=\"og:title\" content=\"Il lettore per amico\" \/>\n<meta property=\"og:description\" content=\"Ledizioni - Innovative Publishing. Casa editrice universitaria. Open Access. eBook, ePub. Creative Commons.\" \/>\n<meta property=\"og:url\" content=\"https:\/\/www.ledizioni.it\/en\/product\/lettore-per-amico\/\" \/>\n<meta property=\"og:site_name\" content=\"Ledizioni\" \/>\n<meta property=\"article:publisher\" content=\"https:\/\/www.facebook.com\/pages\/Ledizioni-LediPublishing\/109120559173329\" \/>\n<meta property=\"article:modified_time\" content=\"2022-07-11T15:31:45+00:00\" \/>\n<meta property=\"og:image\" content=\"https:\/\/www.ledizioni.it\/stag\/wp-content\/uploads\/2022\/01\/Lettore-per-amico_3D.jpg\" \/>\n\t<meta property=\"og:image:width\" content=\"500\" \/>\n\t<meta property=\"og:image:height\" content=\"647\" \/>\n\t<meta property=\"og:image:type\" content=\"image\/jpeg\" \/>\n<meta name=\"twitter:card\" content=\"summary_large_image\" \/>\n<meta name=\"twitter:site\" content=\"@ledizioni\" \/>\n<meta name=\"twitter:label1\" content=\"Estimated reading time\" \/>\n\t<meta name=\"twitter:data1\" content=\"1 minute\" \/>\n<script type=\"application\/ld+json\" class=\"yoast-schema-graph\">{\"@context\":\"https:\\\/\\\/schema.org\",\"@graph\":[{\"@type\":\"WebPage\",\"@id\":\"https:\\\/\\\/www.ledizioni.it\\\/prodotto\\\/lettore-per-amico\\\/\",\"url\":\"https:\\\/\\\/www.ledizioni.it\\\/prodotto\\\/lettore-per-amico\\\/\",\"name\":\"Il lettore per amico\",\"isPartOf\":{\"@id\":\"https:\\\/\\\/www.ledizioni.it\\\/#website\"},\"primaryImageOfPage\":{\"@id\":\"https:\\\/\\\/www.ledizioni.it\\\/prodotto\\\/lettore-per-amico\\\/#primaryimage\"},\"image\":{\"@id\":\"https:\\\/\\\/www.ledizioni.it\\\/prodotto\\\/lettore-per-amico\\\/#primaryimage\"},\"thumbnailUrl\":\"https:\\\/\\\/www.ledizioni.it\\\/stag\\\/wp-content\\\/uploads\\\/2022\\\/01\\\/Lettore-per-amico_3D.jpg\",\"datePublished\":\"2021-12-31T15:23:02+00:00\",\"dateModified\":\"2022-07-11T15:31:45+00:00\",\"description\":\"Ledizioni - Innovative Publishing. Casa editrice universitaria. Open Access. eBook, ePub. Creative Commons.\",\"breadcrumb\":{\"@id\":\"https:\\\/\\\/www.ledizioni.it\\\/prodotto\\\/lettore-per-amico\\\/#breadcrumb\"},\"inLanguage\":\"en-GB\",\"potentialAction\":[{\"@type\":\"ReadAction\",\"target\":[\"https:\\\/\\\/www.ledizioni.it\\\/prodotto\\\/lettore-per-amico\\\/\"]}]},{\"@type\":\"ImageObject\",\"inLanguage\":\"en-GB\",\"@id\":\"https:\\\/\\\/www.ledizioni.it\\\/prodotto\\\/lettore-per-amico\\\/#primaryimage\",\"url\":\"https:\\\/\\\/www.ledizioni.it\\\/stag\\\/wp-content\\\/uploads\\\/2022\\\/01\\\/Lettore-per-amico_3D.jpg\",\"contentUrl\":\"https:\\\/\\\/www.ledizioni.it\\\/stag\\\/wp-content\\\/uploads\\\/2022\\\/01\\\/Lettore-per-amico_3D.jpg\",\"width\":500,\"height\":647},{\"@type\":\"BreadcrumbList\",\"@id\":\"https:\\\/\\\/www.ledizioni.it\\\/prodotto\\\/lettore-per-amico\\\/#breadcrumb\",\"itemListElement\":[{\"@type\":\"ListItem\",\"position\":1,\"name\":\"Shop\",\"item\":\"https:\\\/\\\/www.ledizioni.it\\\/shop-2\\\/\"},{\"@type\":\"ListItem\",\"position\":2,\"name\":\"IL LETTORE PER AMICO\"}]},{\"@type\":\"WebSite\",\"@id\":\"https:\\\/\\\/www.ledizioni.it\\\/#website\",\"url\":\"https:\\\/\\\/www.ledizioni.it\\\/\",\"name\":\"Ledizioni\",\"description\":\"The Innovative LediPublishing Company - Casa Editrice Universitaria\",\"publisher\":{\"@id\":\"https:\\\/\\\/www.ledizioni.it\\\/#organization\"},\"potentialAction\":[{\"@type\":\"SearchAction\",\"target\":{\"@type\":\"EntryPoint\",\"urlTemplate\":\"https:\\\/\\\/www.ledizioni.it\\\/?s={search_term_string}\"},\"query-input\":{\"@type\":\"PropertyValueSpecification\",\"valueRequired\":true,\"valueName\":\"search_term_string\"}}],\"inLanguage\":\"en-GB\"},{\"@type\":\"Organization\",\"@id\":\"https:\\\/\\\/www.ledizioni.it\\\/#organization\",\"name\":\"Ledizioni\",\"url\":\"https:\\\/\\\/www.ledizioni.it\\\/\",\"logo\":{\"@type\":\"ImageObject\",\"inLanguage\":\"en-GB\",\"@id\":\"https:\\\/\\\/www.ledizioni.it\\\/#\\\/schema\\\/logo\\\/image\\\/\",\"url\":\"https:\\\/\\\/www.ledizioni.it\\\/stag\\\/wp-content\\\/uploads\\\/2023\\\/10\\\/newlogoledizioni500x110_2-1.jpg\",\"contentUrl\":\"https:\\\/\\\/www.ledizioni.it\\\/stag\\\/wp-content\\\/uploads\\\/2023\\\/10\\\/newlogoledizioni500x110_2-1.jpg\",\"width\":354,\"height\":87,\"caption\":\"Ledizioni\"},\"image\":{\"@id\":\"https:\\\/\\\/www.ledizioni.it\\\/#\\\/schema\\\/logo\\\/image\\\/\"},\"sameAs\":[\"https:\\\/\\\/www.facebook.com\\\/pages\\\/Ledizioni-LediPublishing\\\/109120559173329\",\"https:\\\/\\\/x.com\\\/ledizioni\"]}]}<\/script>\n<!-- \/ Yoast SEO plugin. -->","yoast_head_json":{"title":"Il lettore per amico","description":"Ledizioni - Innovative Publishing. Casa editrice universitaria. Open Access. eBook, ePub. Creative Commons.","robots":{"index":"index","follow":"follow","max-snippet":"max-snippet:-1","max-image-preview":"max-image-preview:large","max-video-preview":"max-video-preview:-1"},"canonical":"https:\/\/www.ledizioni.it\/en\/product\/lettore-per-amico\/","og_locale":"en_GB","og_type":"article","og_title":"Il lettore per amico","og_description":"Ledizioni - Innovative Publishing. Casa editrice universitaria. Open Access. eBook, ePub. Creative Commons.","og_url":"https:\/\/www.ledizioni.it\/en\/product\/lettore-per-amico\/","og_site_name":"Ledizioni","article_publisher":"https:\/\/www.facebook.com\/pages\/Ledizioni-LediPublishing\/109120559173329","article_modified_time":"2022-07-11T15:31:45+00:00","og_image":[{"width":500,"height":647,"url":"https:\/\/www.ledizioni.it\/stag\/wp-content\/uploads\/2022\/01\/Lettore-per-amico_3D.jpg","type":"image\/jpeg"}],"twitter_card":"summary_large_image","twitter_site":"@ledizioni","twitter_misc":{"Estimated reading time":"1 minute"},"schema":{"@context":"https:\/\/schema.org","@graph":[{"@type":"WebPage","@id":"https:\/\/www.ledizioni.it\/prodotto\/lettore-per-amico\/","url":"https:\/\/www.ledizioni.it\/prodotto\/lettore-per-amico\/","name":"Il lettore per amico","isPartOf":{"@id":"https:\/\/www.ledizioni.it\/#website"},"primaryImageOfPage":{"@id":"https:\/\/www.ledizioni.it\/prodotto\/lettore-per-amico\/#primaryimage"},"image":{"@id":"https:\/\/www.ledizioni.it\/prodotto\/lettore-per-amico\/#primaryimage"},"thumbnailUrl":"https:\/\/www.ledizioni.it\/stag\/wp-content\/uploads\/2022\/01\/Lettore-per-amico_3D.jpg","datePublished":"2021-12-31T15:23:02+00:00","dateModified":"2022-07-11T15:31:45+00:00","description":"Ledizioni - Innovative Publishing. Casa editrice universitaria. Open Access. eBook, ePub. Creative Commons.","breadcrumb":{"@id":"https:\/\/www.ledizioni.it\/prodotto\/lettore-per-amico\/#breadcrumb"},"inLanguage":"en-GB","potentialAction":[{"@type":"ReadAction","target":["https:\/\/www.ledizioni.it\/prodotto\/lettore-per-amico\/"]}]},{"@type":"ImageObject","inLanguage":"en-GB","@id":"https:\/\/www.ledizioni.it\/prodotto\/lettore-per-amico\/#primaryimage","url":"https:\/\/www.ledizioni.it\/stag\/wp-content\/uploads\/2022\/01\/Lettore-per-amico_3D.jpg","contentUrl":"https:\/\/www.ledizioni.it\/stag\/wp-content\/uploads\/2022\/01\/Lettore-per-amico_3D.jpg","width":500,"height":647},{"@type":"BreadcrumbList","@id":"https:\/\/www.ledizioni.it\/prodotto\/lettore-per-amico\/#breadcrumb","itemListElement":[{"@type":"ListItem","position":1,"name":"Shop","item":"https:\/\/www.ledizioni.it\/shop-2\/"},{"@type":"ListItem","position":2,"name":"IL LETTORE PER AMICO"}]},{"@type":"WebSite","@id":"https:\/\/www.ledizioni.it\/#website","url":"https:\/\/www.ledizioni.it\/","name":"Ledizioni","description":"The Innovative LediPublishing Company - Casa Editrice Universitaria","publisher":{"@id":"https:\/\/www.ledizioni.it\/#organization"},"potentialAction":[{"@type":"SearchAction","target":{"@type":"EntryPoint","urlTemplate":"https:\/\/www.ledizioni.it\/?s={search_term_string}"},"query-input":{"@type":"PropertyValueSpecification","valueRequired":true,"valueName":"search_term_string"}}],"inLanguage":"en-GB"},{"@type":"Organization","@id":"https:\/\/www.ledizioni.it\/#organization","name":"Ledizioni","url":"https:\/\/www.ledizioni.it\/","logo":{"@type":"ImageObject","inLanguage":"en-GB","@id":"https:\/\/www.ledizioni.it\/#\/schema\/logo\/image\/","url":"https:\/\/www.ledizioni.it\/stag\/wp-content\/uploads\/2023\/10\/newlogoledizioni500x110_2-1.jpg","contentUrl":"https:\/\/www.ledizioni.it\/stag\/wp-content\/uploads\/2023\/10\/newlogoledizioni500x110_2-1.jpg","width":354,"height":87,"caption":"Ledizioni"},"image":{"@id":"https:\/\/www.ledizioni.it\/#\/schema\/logo\/image\/"},"sameAs":["https:\/\/www.facebook.com\/pages\/Ledizioni-LediPublishing\/109120559173329","https:\/\/x.com\/ledizioni"]}]}},"jetpack_sharing_enabled":true,"_links":{"self":[{"href":"https:\/\/www.ledizioni.it\/en\/wp-json\/wp\/v2\/product\/47282","targetHints":{"allow":["GET"]}}],"collection":[{"href":"https:\/\/www.ledizioni.it\/en\/wp-json\/wp\/v2\/product"}],"about":[{"href":"https:\/\/www.ledizioni.it\/en\/wp-json\/wp\/v2\/types\/product"}],"replies":[{"embeddable":true,"href":"https:\/\/www.ledizioni.it\/en\/wp-json\/wp\/v2\/comments?post=47282"}],"version-history":[{"count":0,"href":"https:\/\/www.ledizioni.it\/en\/wp-json\/wp\/v2\/product\/47282\/revisions"}],"wp:featuredmedia":[{"embeddable":true,"href":"https:\/\/www.ledizioni.it\/en\/wp-json\/wp\/v2\/media\/47286"}],"wp:attachment":[{"href":"https:\/\/www.ledizioni.it\/en\/wp-json\/wp\/v2\/media?parent=47282"}],"wp:term":[{"taxonomy":"product_brand","embeddable":true,"href":"https:\/\/www.ledizioni.it\/en\/wp-json\/wp\/v2\/product_brand?post=47282"},{"taxonomy":"product_cat","embeddable":true,"href":"https:\/\/www.ledizioni.it\/en\/wp-json\/wp\/v2\/product_cat?post=47282"},{"taxonomy":"product_tag","embeddable":true,"href":"https:\/\/www.ledizioni.it\/en\/wp-json\/wp\/v2\/product_tag?post=47282"}],"curies":[{"name":"wp","href":"https:\/\/api.w.org\/{rel}","templated":true}]}}