{"id":47291,"date":"2022-01-18T17:56:33","date_gmt":"2022-01-18T15:56:33","guid":{"rendered":"https:\/\/www.ledizioni.it\/?post_type=product&#038;p=47291"},"modified":"2022-01-18T18:15:26","modified_gmt":"2022-01-18T16:15:26","slug":"rivista-italiana-di-paleontologia-e-stratigrafia-vol-127-n-2-july-2021","status":"publish","type":"product","link":"https:\/\/www.ledizioni.it\/en\/product\/rivista-italiana-di-paleontologia-e-stratigrafia-vol-127-n-2-july-2021\/","title":{"rendered":"Rivista Italiana di Paleontologia e Stratigrafia, vol. 127, N. 2 &#8211; July 2021"},"content":{"rendered":"<p style=\"text-align: justify;\"><strong>CONTENTS<\/strong><\/p>\n<ul>\n<li style=\"text-align: justify;\">Mazaheri-Johari M., Kustatscher E., Roghi G., Ghasemi-nejad E. &amp; Gianolla P. &#8211; <em>A monotypic stand of Neocalamites iranensis n. sp. from the Carnian Pluvial Episode (Late Triassic) of the Aghdarband area, NE Iran (Turan Plate)<\/em><\/li>\n<li style=\"text-align: justify;\">Pazinato P.G., Haug C., Rohn R., Adami-Rodrigues K., Pirani Ghilardi R., Cardoso Langer M. &amp; Haug J.T. &#8211; <em>The long trail: a chimera-like fossil crustacean interpreted as Decapoda, Stomatopoda, Amphipoda and finally Isopoda<\/em><\/li>\n<li style=\"text-align: justify;\">Bisconti M. &amp; Bosselaers M. &#8211; <em>On Plesiocetus Van Beneden, 1859 (Mammalia, Cetacea, Mysticeti)<\/em><\/li>\n<li style=\"text-align: justify;\">Azzar\u00e0 B., Boschian G., Brochu C.A., Delfino M., Dawid A., Iurino D.A., Kimambo J.S., Manzi G., Masao F.T., Menconero S., Njau J.K. &amp; Cherin M. &#8211; <em>A new cranium of Crocodylus anthropophagus from Olduvai Gorge, northern Tanzania<\/em><\/li>\n<li style=\"text-align: justify;\">Villa A., Carnevale G., Pavia M., Rook l., Sami M., Szyndlar Z. &amp; Delfino M. &#8211; <em>An overview of the late Miocene vertebrates from the fissure fillings of Monticino Quarry (Brisighella, Italy), with new data on non-mammalian taxa<\/em><\/li>\n<li style=\"text-align: justify;\">Mecozzi B., Bellucci l., Giustini F., Iannucci A., Iurino D.A., Mazzini I., Strani F. &amp; Sardella R. &#8211; <em>A reappraisal of the Pleistocene mammals from the karst infilling deposits of the Maglie Area (Lecce, Apulia, Southern Italy)<\/em><\/li>\n<li style=\"text-align: justify;\">Candela Y., Marion J.-M., Servais T., Wang W., Wolvers M. &amp; Mottequin B. &#8211; <em>New linguliformean brachiopods from the lower Tremadocian (Ordovician) of the Brabant Massif, Belgium, with comments on contemporaneous faunas from the Stavelot\u2013Venn Massif<\/em><\/li>\n<li style=\"text-align: justify;\">Sabatini F., Pandeli E. &amp; Kustatscher E. &#8211; <em>Carboniferous plant fossils from the San Lorenzo Schists (Pisani Mountains, Tuscany, Italy): a preliminary study of the palaeobotanical collection of the Museo Naturalistico Archeologico dell\u2019Appennino Pistoiese<\/em><\/li>\n<li style=\"text-align: justify;\">Dalla Vecchia F.M. (2021) &#8211; <em>A revision of the anatomy of the Triassic pterosaur Austriadraco dallavecchiai Kellner, 2015 and of its diagnosis<\/em><\/li>\n<li style=\"text-align: justify;\">N\u00fa\u00f1ez-lahuerta C., Gal\u00e1n J., Cuenca-Besc\u00f3s G. &amp; Huguet R. &#8211; <em>Birds from Sima del Elefante, Atapuerca, Spain: palaeoecological implications in the oldest human bearing levels of the Iberian Peninsula<\/em><\/li>\n<\/ul>","protected":false},"excerpt":{"rendered":"<p>CONTENTS Mazaheri-Johari M., Kustatscher E., Roghi G., Ghasemi-nejad E. &amp; Gianolla P. &#8211; A monotypic stand of Neocalamites iranensis n.<\/p>","protected":false},"featured_media":47292,"comment_status":"open","ping_status":"closed","template":"","meta":{"_acf_changed":false},"product_brand":[],"product_cat":[1274],"product_tag":[1275],"class_list":{"0":"post-47291","1":"product","2":"type-product","3":"status-publish","4":"has-post-thumbnail","6":"product_cat-rivista-italiana-di-paleontologia-e-stratigrafia","7":"product_tag-terra","8":"pa_formato-cartaceo","9":"pa_formato-ebook-in-pdf","10":"pa_lingua-inglese","12":"first","13":"instock","14":"shipping-taxable","15":"purchasable","16":"product-type-simple"},"acf":[],"yoast_head":"<!-- This site is optimized with the Yoast SEO plugin v27.4 - https:\/\/yoast.com\/product\/yoast-seo-wordpress\/ -->\n<title>Rivista Italiana di Paleontologia e Stratigrafia, vol. 127, N. 2 - July 2021 -<\/title>\n<meta name=\"description\" content=\"Ledizioni - Innovative Publishing. Casa editrice universitaria. Open Access. eBook, ePub. Creative Commons.\" \/>\n<meta name=\"robots\" content=\"index, follow, max-snippet:-1, max-image-preview:large, max-video-preview:-1\" \/>\n<link rel=\"canonical\" href=\"https:\/\/www.ledizioni.it\/en\/product\/rivista-italiana-di-paleontologia-e-stratigrafia-vol-127-n-2-july-2021\/\" \/>\n<meta property=\"og:locale\" content=\"en_GB\" \/>\n<meta property=\"og:type\" content=\"article\" \/>\n<meta property=\"og:title\" content=\"Rivista Italiana di Paleontologia e Stratigrafia, vol. 127, N. 2 - July 2021 -\" \/>\n<meta property=\"og:description\" content=\"Ledizioni - Innovative Publishing. Casa editrice universitaria. Open Access. eBook, ePub. Creative Commons.\" \/>\n<meta property=\"og:url\" content=\"https:\/\/www.ledizioni.it\/en\/product\/rivista-italiana-di-paleontologia-e-stratigrafia-vol-127-n-2-july-2021\/\" \/>\n<meta property=\"og:site_name\" content=\"Ledizioni\" \/>\n<meta property=\"article:publisher\" content=\"https:\/\/www.facebook.com\/pages\/Ledizioni-LediPublishing\/109120559173329\" \/>\n<meta property=\"article:modified_time\" content=\"2022-01-18T16:15:26+00:00\" \/>\n<meta property=\"og:image\" content=\"https:\/\/www.ledizioni.it\/stag\/wp-content\/uploads\/2022\/01\/RIPS_2_21_3D.jpg\" \/>\n\t<meta property=\"og:image:width\" content=\"500\" \/>\n\t<meta property=\"og:image:height\" content=\"642\" \/>\n\t<meta property=\"og:image:type\" content=\"image\/jpeg\" \/>\n<meta name=\"twitter:card\" content=\"summary_large_image\" \/>\n<meta name=\"twitter:site\" content=\"@ledizioni\" \/>\n<meta name=\"twitter:label1\" content=\"Estimated reading time\" \/>\n\t<meta name=\"twitter:data1\" content=\"2 minutes\" \/>\n<script type=\"application\/ld+json\" class=\"yoast-schema-graph\">{\"@context\":\"https:\\\/\\\/schema.org\",\"@graph\":[{\"@type\":\"WebPage\",\"@id\":\"https:\\\/\\\/www.ledizioni.it\\\/prodotto\\\/rivista-italiana-di-paleontologia-e-stratigrafia-vol-127-n-2-july-2021\\\/\",\"url\":\"https:\\\/\\\/www.ledizioni.it\\\/prodotto\\\/rivista-italiana-di-paleontologia-e-stratigrafia-vol-127-n-2-july-2021\\\/\",\"name\":\"Rivista Italiana di Paleontologia e Stratigrafia, vol. 127, N. 2 - July 2021 -\",\"isPartOf\":{\"@id\":\"https:\\\/\\\/www.ledizioni.it\\\/#website\"},\"primaryImageOfPage\":{\"@id\":\"https:\\\/\\\/www.ledizioni.it\\\/prodotto\\\/rivista-italiana-di-paleontologia-e-stratigrafia-vol-127-n-2-july-2021\\\/#primaryimage\"},\"image\":{\"@id\":\"https:\\\/\\\/www.ledizioni.it\\\/prodotto\\\/rivista-italiana-di-paleontologia-e-stratigrafia-vol-127-n-2-july-2021\\\/#primaryimage\"},\"thumbnailUrl\":\"https:\\\/\\\/www.ledizioni.it\\\/stag\\\/wp-content\\\/uploads\\\/2022\\\/01\\\/RIPS_2_21_3D.jpg\",\"datePublished\":\"2022-01-18T15:56:33+00:00\",\"dateModified\":\"2022-01-18T16:15:26+00:00\",\"description\":\"Ledizioni - Innovative Publishing. Casa editrice universitaria. Open Access. eBook, ePub. Creative Commons.\",\"breadcrumb\":{\"@id\":\"https:\\\/\\\/www.ledizioni.it\\\/prodotto\\\/rivista-italiana-di-paleontologia-e-stratigrafia-vol-127-n-2-july-2021\\\/#breadcrumb\"},\"inLanguage\":\"en-GB\",\"potentialAction\":[{\"@type\":\"ReadAction\",\"target\":[\"https:\\\/\\\/www.ledizioni.it\\\/prodotto\\\/rivista-italiana-di-paleontologia-e-stratigrafia-vol-127-n-2-july-2021\\\/\"]}]},{\"@type\":\"ImageObject\",\"inLanguage\":\"en-GB\",\"@id\":\"https:\\\/\\\/www.ledizioni.it\\\/prodotto\\\/rivista-italiana-di-paleontologia-e-stratigrafia-vol-127-n-2-july-2021\\\/#primaryimage\",\"url\":\"https:\\\/\\\/www.ledizioni.it\\\/stag\\\/wp-content\\\/uploads\\\/2022\\\/01\\\/RIPS_2_21_3D.jpg\",\"contentUrl\":\"https:\\\/\\\/www.ledizioni.it\\\/stag\\\/wp-content\\\/uploads\\\/2022\\\/01\\\/RIPS_2_21_3D.jpg\",\"width\":500,\"height\":642},{\"@type\":\"BreadcrumbList\",\"@id\":\"https:\\\/\\\/www.ledizioni.it\\\/prodotto\\\/rivista-italiana-di-paleontologia-e-stratigrafia-vol-127-n-2-july-2021\\\/#breadcrumb\",\"itemListElement\":[{\"@type\":\"ListItem\",\"position\":1,\"name\":\"Shop\",\"item\":\"https:\\\/\\\/www.ledizioni.it\\\/shop-2\\\/\"},{\"@type\":\"ListItem\",\"position\":2,\"name\":\"Rivista Italiana di Paleontologia e Stratigrafia, vol. 127, N. 2 &#8211; July 2021\"}]},{\"@type\":\"WebSite\",\"@id\":\"https:\\\/\\\/www.ledizioni.it\\\/#website\",\"url\":\"https:\\\/\\\/www.ledizioni.it\\\/\",\"name\":\"Ledizioni\",\"description\":\"The Innovative LediPublishing Company - Casa Editrice Universitaria\",\"publisher\":{\"@id\":\"https:\\\/\\\/www.ledizioni.it\\\/#organization\"},\"potentialAction\":[{\"@type\":\"SearchAction\",\"target\":{\"@type\":\"EntryPoint\",\"urlTemplate\":\"https:\\\/\\\/www.ledizioni.it\\\/?s={search_term_string}\"},\"query-input\":{\"@type\":\"PropertyValueSpecification\",\"valueRequired\":true,\"valueName\":\"search_term_string\"}}],\"inLanguage\":\"en-GB\"},{\"@type\":\"Organization\",\"@id\":\"https:\\\/\\\/www.ledizioni.it\\\/#organization\",\"name\":\"Ledizioni\",\"url\":\"https:\\\/\\\/www.ledizioni.it\\\/\",\"logo\":{\"@type\":\"ImageObject\",\"inLanguage\":\"en-GB\",\"@id\":\"https:\\\/\\\/www.ledizioni.it\\\/#\\\/schema\\\/logo\\\/image\\\/\",\"url\":\"https:\\\/\\\/www.ledizioni.it\\\/stag\\\/wp-content\\\/uploads\\\/2023\\\/10\\\/newlogoledizioni500x110_2-1.jpg\",\"contentUrl\":\"https:\\\/\\\/www.ledizioni.it\\\/stag\\\/wp-content\\\/uploads\\\/2023\\\/10\\\/newlogoledizioni500x110_2-1.jpg\",\"width\":354,\"height\":87,\"caption\":\"Ledizioni\"},\"image\":{\"@id\":\"https:\\\/\\\/www.ledizioni.it\\\/#\\\/schema\\\/logo\\\/image\\\/\"},\"sameAs\":[\"https:\\\/\\\/www.facebook.com\\\/pages\\\/Ledizioni-LediPublishing\\\/109120559173329\",\"https:\\\/\\\/x.com\\\/ledizioni\"]}]}<\/script>\n<!-- \/ Yoast SEO plugin. -->","yoast_head_json":{"title":"Rivista Italiana di Paleontologia e Stratigrafia, vol. 127, N. 2 - July 2021 -","description":"Ledizioni - Innovative Publishing. Casa editrice universitaria. Open Access. eBook, ePub. Creative Commons.","robots":{"index":"index","follow":"follow","max-snippet":"max-snippet:-1","max-image-preview":"max-image-preview:large","max-video-preview":"max-video-preview:-1"},"canonical":"https:\/\/www.ledizioni.it\/en\/product\/rivista-italiana-di-paleontologia-e-stratigrafia-vol-127-n-2-july-2021\/","og_locale":"en_GB","og_type":"article","og_title":"Rivista Italiana di Paleontologia e Stratigrafia, vol. 127, N. 2 - July 2021 -","og_description":"Ledizioni - Innovative Publishing. Casa editrice universitaria. Open Access. eBook, ePub. Creative Commons.","og_url":"https:\/\/www.ledizioni.it\/en\/product\/rivista-italiana-di-paleontologia-e-stratigrafia-vol-127-n-2-july-2021\/","og_site_name":"Ledizioni","article_publisher":"https:\/\/www.facebook.com\/pages\/Ledizioni-LediPublishing\/109120559173329","article_modified_time":"2022-01-18T16:15:26+00:00","og_image":[{"width":500,"height":642,"url":"https:\/\/www.ledizioni.it\/stag\/wp-content\/uploads\/2022\/01\/RIPS_2_21_3D.jpg","type":"image\/jpeg"}],"twitter_card":"summary_large_image","twitter_site":"@ledizioni","twitter_misc":{"Estimated reading time":"2 minutes"},"schema":{"@context":"https:\/\/schema.org","@graph":[{"@type":"WebPage","@id":"https:\/\/www.ledizioni.it\/prodotto\/rivista-italiana-di-paleontologia-e-stratigrafia-vol-127-n-2-july-2021\/","url":"https:\/\/www.ledizioni.it\/prodotto\/rivista-italiana-di-paleontologia-e-stratigrafia-vol-127-n-2-july-2021\/","name":"Rivista Italiana di Paleontologia e Stratigrafia, vol. 127, N. 2 - July 2021 -","isPartOf":{"@id":"https:\/\/www.ledizioni.it\/#website"},"primaryImageOfPage":{"@id":"https:\/\/www.ledizioni.it\/prodotto\/rivista-italiana-di-paleontologia-e-stratigrafia-vol-127-n-2-july-2021\/#primaryimage"},"image":{"@id":"https:\/\/www.ledizioni.it\/prodotto\/rivista-italiana-di-paleontologia-e-stratigrafia-vol-127-n-2-july-2021\/#primaryimage"},"thumbnailUrl":"https:\/\/www.ledizioni.it\/stag\/wp-content\/uploads\/2022\/01\/RIPS_2_21_3D.jpg","datePublished":"2022-01-18T15:56:33+00:00","dateModified":"2022-01-18T16:15:26+00:00","description":"Ledizioni - Innovative Publishing. Casa editrice universitaria. Open Access. eBook, ePub. Creative Commons.","breadcrumb":{"@id":"https:\/\/www.ledizioni.it\/prodotto\/rivista-italiana-di-paleontologia-e-stratigrafia-vol-127-n-2-july-2021\/#breadcrumb"},"inLanguage":"en-GB","potentialAction":[{"@type":"ReadAction","target":["https:\/\/www.ledizioni.it\/prodotto\/rivista-italiana-di-paleontologia-e-stratigrafia-vol-127-n-2-july-2021\/"]}]},{"@type":"ImageObject","inLanguage":"en-GB","@id":"https:\/\/www.ledizioni.it\/prodotto\/rivista-italiana-di-paleontologia-e-stratigrafia-vol-127-n-2-july-2021\/#primaryimage","url":"https:\/\/www.ledizioni.it\/stag\/wp-content\/uploads\/2022\/01\/RIPS_2_21_3D.jpg","contentUrl":"https:\/\/www.ledizioni.it\/stag\/wp-content\/uploads\/2022\/01\/RIPS_2_21_3D.jpg","width":500,"height":642},{"@type":"BreadcrumbList","@id":"https:\/\/www.ledizioni.it\/prodotto\/rivista-italiana-di-paleontologia-e-stratigrafia-vol-127-n-2-july-2021\/#breadcrumb","itemListElement":[{"@type":"ListItem","position":1,"name":"Shop","item":"https:\/\/www.ledizioni.it\/shop-2\/"},{"@type":"ListItem","position":2,"name":"Rivista Italiana di Paleontologia e Stratigrafia, vol. 127, N. 2 &#8211; July 2021"}]},{"@type":"WebSite","@id":"https:\/\/www.ledizioni.it\/#website","url":"https:\/\/www.ledizioni.it\/","name":"Ledizioni","description":"The Innovative LediPublishing Company - Casa Editrice Universitaria","publisher":{"@id":"https:\/\/www.ledizioni.it\/#organization"},"potentialAction":[{"@type":"SearchAction","target":{"@type":"EntryPoint","urlTemplate":"https:\/\/www.ledizioni.it\/?s={search_term_string}"},"query-input":{"@type":"PropertyValueSpecification","valueRequired":true,"valueName":"search_term_string"}}],"inLanguage":"en-GB"},{"@type":"Organization","@id":"https:\/\/www.ledizioni.it\/#organization","name":"Ledizioni","url":"https:\/\/www.ledizioni.it\/","logo":{"@type":"ImageObject","inLanguage":"en-GB","@id":"https:\/\/www.ledizioni.it\/#\/schema\/logo\/image\/","url":"https:\/\/www.ledizioni.it\/stag\/wp-content\/uploads\/2023\/10\/newlogoledizioni500x110_2-1.jpg","contentUrl":"https:\/\/www.ledizioni.it\/stag\/wp-content\/uploads\/2023\/10\/newlogoledizioni500x110_2-1.jpg","width":354,"height":87,"caption":"Ledizioni"},"image":{"@id":"https:\/\/www.ledizioni.it\/#\/schema\/logo\/image\/"},"sameAs":["https:\/\/www.facebook.com\/pages\/Ledizioni-LediPublishing\/109120559173329","https:\/\/x.com\/ledizioni"]}]}},"jetpack_sharing_enabled":true,"_links":{"self":[{"href":"https:\/\/www.ledizioni.it\/en\/wp-json\/wp\/v2\/product\/47291","targetHints":{"allow":["GET"]}}],"collection":[{"href":"https:\/\/www.ledizioni.it\/en\/wp-json\/wp\/v2\/product"}],"about":[{"href":"https:\/\/www.ledizioni.it\/en\/wp-json\/wp\/v2\/types\/product"}],"replies":[{"embeddable":true,"href":"https:\/\/www.ledizioni.it\/en\/wp-json\/wp\/v2\/comments?post=47291"}],"version-history":[{"count":0,"href":"https:\/\/www.ledizioni.it\/en\/wp-json\/wp\/v2\/product\/47291\/revisions"}],"wp:featuredmedia":[{"embeddable":true,"href":"https:\/\/www.ledizioni.it\/en\/wp-json\/wp\/v2\/media\/47292"}],"wp:attachment":[{"href":"https:\/\/www.ledizioni.it\/en\/wp-json\/wp\/v2\/media?parent=47291"}],"wp:term":[{"taxonomy":"product_brand","embeddable":true,"href":"https:\/\/www.ledizioni.it\/en\/wp-json\/wp\/v2\/product_brand?post=47291"},{"taxonomy":"product_cat","embeddable":true,"href":"https:\/\/www.ledizioni.it\/en\/wp-json\/wp\/v2\/product_cat?post=47291"},{"taxonomy":"product_tag","embeddable":true,"href":"https:\/\/www.ledizioni.it\/en\/wp-json\/wp\/v2\/product_tag?post=47291"}],"curies":[{"name":"wp","href":"https:\/\/api.w.org\/{rel}","templated":true}]}}