{"id":48140,"date":"2022-02-09T18:03:10","date_gmt":"2022-02-09T16:03:10","guid":{"rendered":"https:\/\/www.ledizioni.it\/?post_type=product&#038;p=48140"},"modified":"2022-09-05T11:35:12","modified_gmt":"2022-09-05T09:35:12","slug":"socialita-benessere-universo-bambini","status":"publish","type":"product","link":"https:\/\/www.ledizioni.it\/en\/product\/socialita-benessere-universo-bambini\/","title":{"rendered":"SOCIALIT\u00c0 E BENESSERE NELL\u2019UNIVERSO DEI BAMBINI"},"content":{"rendered":"<p style=\"text-align: justify;\">Nel mondo globale, la libera circolazione non riguarda solo mezzi, cose e persone: cos\u00ec, in modo quasi immediato, quel virus che avevamo associato al lontano Oriente si \u00e8 diffuso a livello mondiale. L\u2019epidemia da Covid19 si \u00e8 trasformata in pandemia sconvolgendo profondamente i vissuti dei singoli, incidendo su tutti, ma in modo differente rispetto alle generazioni.<br \/>\nQuesto testo \u00e8 il risultato di un rapporto con la vita quotidiana di alcuni bambini, resa stra-ordinaria dall\u2019emergenza sanitaria e dai suoi inevitabili effetti sulla sfera privata e sociale, narrata dalle loro maestre, mamme e rappresentata dai loro personali disegni.<br \/>\nLa metodologia del drawing e delle fotografie ha permesso di cogliere le infinite sfumature con le quali i pi\u00f9 piccoli hanno provato a rappresentare la proiezione, nella quotidianit\u00e0, di quanto \u00e8 accaduto nel loro mondo interiore. Nel loro percorso emotivo, complicato da un \u2018mostro\u2019 invisibile e potente che ha, a lungo, confinato la popolazione mondiale nelle strette mura domestiche, i bambini hanno incontrato, affrontato e razionalizzato rabbia e paura, tristezza e solitudine. Con una pazienza tendenzialmente estranea alla loro giovane et\u00e0 hanno imparato che dietro la maschera indossata dal mondo pu\u00f2 nascondersi un sorriso e che la consapevolezza del rischio e la personalizzazione delle norme possono riaccendere i colori di quell\u2019arcobaleno comparso ai balconi di milioni di case, in uno dei periodi pi\u00f9 bui della nostra storia.<\/p>\n<p><strong>DATI BIBLIOGRAFICI<\/strong><br \/>\nAutrici: Giuseppina Cersosimo, Lucia Landolfi, Patrizia Marra<br \/>\nEditore: Ledizioni<br \/>\nPubblicato nel: febbraio 2022<br \/>\nCollana: <a href=\"https:\/\/www.ledizioni.it\/en\/product-category\/sociology\/interventions\/\">Interventions<\/a><br \/>\nFormato: brossura, 144 p. &#8211; ePub<br \/>\nISBN cartaceo: 9788855265850<br \/>\nISBN ePub: 9788855266390<br \/>\nPrezzo cartaceo: 24,00 \u20ac<br \/>\nPrezzo ePub: 9,99 \u20ac<br \/>\n<a href=\"http:\/\/digital.casalini.it\/9788855265850\"><img decoding=\"async\" class=\"aligncenter wp-image-23912\" src=\"https:\/\/www.ledizioni.it\/stag\/wp-content\/uploads\/2019\/07\/torrossa_web-150x80.jpg\" alt=\"\" width=\"200\" height=\"60\" \/><\/a><br \/>\n<a href=\"https:\/\/www.amazon.it\/Socialit%C3%A0-benessere-nelluniverso-Frammenti-quotidiana\/dp\/8855265857\/ref=sr_1_1?__mk_it_IT=%C3%85M%C3%85%C5%BD%C3%95%C3%91&#038;crid=3R8GHX2GJLOB&#038;keywords=socialit%C3%A0+e+benessere+nell%27universo&#038;qid=1662370486&#038;sprefix=socialit%C3%A0+e+benessere+nell+universo%2Caps%2C98&#038;sr=8-1\" target=\"_blank\" rel=\"noopener\"><img decoding=\"async\" class=\"aligncenter size-medium wp-image-23060\" src=\"https:\/\/www.ledizioni.it\/stag\/wp-content\/uploads\/2018\/10\/pulsante-amazon-1-300x104.jpg\" alt=\"\" width=\"150\" height=\"50\" \/><\/a><img decoding=\"async\" style=\"border: none !important; margin: 0px !important;\" src=\"\/\/ir-it.amazon-adsystem.com\/e\/ir?t=ledizioni-21&amp;l=am2&amp;o=29&amp;a=8867057839\" alt=\"\" width=\"1\" height=\"1\" border=\"0\" \/><\/p>","protected":false},"excerpt":{"rendered":"<p>Nel mondo globale, la libera circolazione non riguarda solo mezzi, cose e persone: cos\u00ec, in modo quasi immediato, quel virus<\/p>","protected":false},"featured_media":48144,"comment_status":"open","ping_status":"closed","template":"","meta":{"_acf_changed":false},"product_brand":[],"product_cat":[26],"product_tag":[2678,2677,1019,2437],"class_list":{"0":"post-48140","1":"product","2":"type-product","3":"status-publish","4":"has-post-thumbnail","6":"product_cat-interventions","7":"product_tag-bambini","8":"product_tag-covid19","9":"product_tag-educazione","10":"product_tag-ricerca-sociologica","11":"pa_formato-cartaceo","12":"pa_formato-ebook-in-epub","14":"first","15":"instock","16":"featured","17":"shipping-taxable","18":"purchasable","19":"product-type-variable"},"acf":[],"yoast_head":"<!-- This site is optimized with the Yoast SEO plugin v27.3 - https:\/\/yoast.com\/product\/yoast-seo-wordpress\/ -->\n<title>SOCIALIT\u00c0 E BENESSERE NELL\u2019UNIVERSO DEI BAMBINI -<\/title>\n<meta name=\"description\" content=\"Ledizioni - Innovative Publishing. Casa editrice universitaria. Open Access. eBook, ePub. Creative Commons.\" \/>\n<meta name=\"robots\" content=\"index, follow, max-snippet:-1, max-image-preview:large, max-video-preview:-1\" \/>\n<link rel=\"canonical\" href=\"https:\/\/www.ledizioni.it\/en\/product\/socialita-benessere-universo-bambini\/\" \/>\n<meta property=\"og:locale\" content=\"en_GB\" \/>\n<meta property=\"og:type\" content=\"article\" \/>\n<meta property=\"og:title\" content=\"SOCIALIT\u00c0 E BENESSERE NELL\u2019UNIVERSO DEI BAMBINI -\" \/>\n<meta property=\"og:description\" content=\"Ledizioni - Innovative Publishing. Casa editrice universitaria. Open Access. eBook, ePub. Creative Commons.\" \/>\n<meta property=\"og:url\" content=\"https:\/\/www.ledizioni.it\/en\/product\/socialita-benessere-universo-bambini\/\" \/>\n<meta property=\"og:site_name\" content=\"Ledizioni\" \/>\n<meta property=\"article:publisher\" content=\"https:\/\/www.facebook.com\/pages\/Ledizioni-LediPublishing\/109120559173329\" \/>\n<meta property=\"article:modified_time\" content=\"2022-09-05T09:35:12+00:00\" \/>\n<meta property=\"og:image\" content=\"https:\/\/www.ledizioni.it\/stag\/wp-content\/uploads\/2022\/02\/Cover_Cersosimo_3D.jpg\" \/>\n\t<meta property=\"og:image:width\" content=\"500\" \/>\n\t<meta property=\"og:image:height\" content=\"623\" \/>\n\t<meta property=\"og:image:type\" content=\"image\/jpeg\" \/>\n<meta name=\"twitter:card\" content=\"summary_large_image\" \/>\n<meta name=\"twitter:site\" content=\"@ledizioni\" \/>\n<meta name=\"twitter:label1\" content=\"Estimated reading time\" \/>\n\t<meta name=\"twitter:data1\" content=\"1 minute\" \/>\n<script type=\"application\/ld+json\" class=\"yoast-schema-graph\">{\"@context\":\"https:\\\/\\\/schema.org\",\"@graph\":[{\"@type\":\"WebPage\",\"@id\":\"https:\\\/\\\/www.ledizioni.it\\\/prodotto\\\/socialita-benessere-universo-bambini\\\/\",\"url\":\"https:\\\/\\\/www.ledizioni.it\\\/prodotto\\\/socialita-benessere-universo-bambini\\\/\",\"name\":\"SOCIALIT\u00c0 E BENESSERE NELL\u2019UNIVERSO DEI BAMBINI -\",\"isPartOf\":{\"@id\":\"https:\\\/\\\/www.ledizioni.it\\\/#website\"},\"primaryImageOfPage\":{\"@id\":\"https:\\\/\\\/www.ledizioni.it\\\/prodotto\\\/socialita-benessere-universo-bambini\\\/#primaryimage\"},\"image\":{\"@id\":\"https:\\\/\\\/www.ledizioni.it\\\/prodotto\\\/socialita-benessere-universo-bambini\\\/#primaryimage\"},\"thumbnailUrl\":\"https:\\\/\\\/www.ledizioni.it\\\/stag\\\/wp-content\\\/uploads\\\/2022\\\/02\\\/Cover_Cersosimo_3D.jpg\",\"datePublished\":\"2022-02-09T16:03:10+00:00\",\"dateModified\":\"2022-09-05T09:35:12+00:00\",\"description\":\"Ledizioni - Innovative Publishing. Casa editrice universitaria. Open Access. eBook, ePub. Creative Commons.\",\"breadcrumb\":{\"@id\":\"https:\\\/\\\/www.ledizioni.it\\\/prodotto\\\/socialita-benessere-universo-bambini\\\/#breadcrumb\"},\"inLanguage\":\"en-GB\",\"potentialAction\":[{\"@type\":\"ReadAction\",\"target\":[\"https:\\\/\\\/www.ledizioni.it\\\/prodotto\\\/socialita-benessere-universo-bambini\\\/\"]}]},{\"@type\":\"ImageObject\",\"inLanguage\":\"en-GB\",\"@id\":\"https:\\\/\\\/www.ledizioni.it\\\/prodotto\\\/socialita-benessere-universo-bambini\\\/#primaryimage\",\"url\":\"https:\\\/\\\/www.ledizioni.it\\\/stag\\\/wp-content\\\/uploads\\\/2022\\\/02\\\/Cover_Cersosimo_3D.jpg\",\"contentUrl\":\"https:\\\/\\\/www.ledizioni.it\\\/stag\\\/wp-content\\\/uploads\\\/2022\\\/02\\\/Cover_Cersosimo_3D.jpg\",\"width\":500,\"height\":623},{\"@type\":\"BreadcrumbList\",\"@id\":\"https:\\\/\\\/www.ledizioni.it\\\/prodotto\\\/socialita-benessere-universo-bambini\\\/#breadcrumb\",\"itemListElement\":[{\"@type\":\"ListItem\",\"position\":1,\"name\":\"Shop\",\"item\":\"https:\\\/\\\/www.ledizioni.it\\\/shop-2\\\/\"},{\"@type\":\"ListItem\",\"position\":2,\"name\":\"SOCIALIT\u00c0 E BENESSERE NELL\u2019UNIVERSO DEI BAMBINI\"}]},{\"@type\":\"WebSite\",\"@id\":\"https:\\\/\\\/www.ledizioni.it\\\/#website\",\"url\":\"https:\\\/\\\/www.ledizioni.it\\\/\",\"name\":\"Ledizioni\",\"description\":\"The Innovative LediPublishing Company - Casa Editrice Universitaria\",\"publisher\":{\"@id\":\"https:\\\/\\\/www.ledizioni.it\\\/#organization\"},\"potentialAction\":[{\"@type\":\"SearchAction\",\"target\":{\"@type\":\"EntryPoint\",\"urlTemplate\":\"https:\\\/\\\/www.ledizioni.it\\\/?s={search_term_string}\"},\"query-input\":{\"@type\":\"PropertyValueSpecification\",\"valueRequired\":true,\"valueName\":\"search_term_string\"}}],\"inLanguage\":\"en-GB\"},{\"@type\":\"Organization\",\"@id\":\"https:\\\/\\\/www.ledizioni.it\\\/#organization\",\"name\":\"Ledizioni\",\"url\":\"https:\\\/\\\/www.ledizioni.it\\\/\",\"logo\":{\"@type\":\"ImageObject\",\"inLanguage\":\"en-GB\",\"@id\":\"https:\\\/\\\/www.ledizioni.it\\\/#\\\/schema\\\/logo\\\/image\\\/\",\"url\":\"https:\\\/\\\/www.ledizioni.it\\\/stag\\\/wp-content\\\/uploads\\\/2023\\\/10\\\/newlogoledizioni500x110_2-1.jpg\",\"contentUrl\":\"https:\\\/\\\/www.ledizioni.it\\\/stag\\\/wp-content\\\/uploads\\\/2023\\\/10\\\/newlogoledizioni500x110_2-1.jpg\",\"width\":354,\"height\":87,\"caption\":\"Ledizioni\"},\"image\":{\"@id\":\"https:\\\/\\\/www.ledizioni.it\\\/#\\\/schema\\\/logo\\\/image\\\/\"},\"sameAs\":[\"https:\\\/\\\/www.facebook.com\\\/pages\\\/Ledizioni-LediPublishing\\\/109120559173329\",\"https:\\\/\\\/x.com\\\/ledizioni\"]}]}<\/script>\n<!-- \/ Yoast SEO plugin. -->","yoast_head_json":{"title":"SOCIALIT\u00c0 E BENESSERE NELL\u2019UNIVERSO DEI BAMBINI -","description":"Ledizioni - Innovative Publishing. Casa editrice universitaria. Open Access. eBook, ePub. Creative Commons.","robots":{"index":"index","follow":"follow","max-snippet":"max-snippet:-1","max-image-preview":"max-image-preview:large","max-video-preview":"max-video-preview:-1"},"canonical":"https:\/\/www.ledizioni.it\/en\/product\/socialita-benessere-universo-bambini\/","og_locale":"en_GB","og_type":"article","og_title":"SOCIALIT\u00c0 E BENESSERE NELL\u2019UNIVERSO DEI BAMBINI -","og_description":"Ledizioni - Innovative Publishing. Casa editrice universitaria. Open Access. eBook, ePub. Creative Commons.","og_url":"https:\/\/www.ledizioni.it\/en\/product\/socialita-benessere-universo-bambini\/","og_site_name":"Ledizioni","article_publisher":"https:\/\/www.facebook.com\/pages\/Ledizioni-LediPublishing\/109120559173329","article_modified_time":"2022-09-05T09:35:12+00:00","og_image":[{"width":500,"height":623,"url":"https:\/\/www.ledizioni.it\/stag\/wp-content\/uploads\/2022\/02\/Cover_Cersosimo_3D.jpg","type":"image\/jpeg"}],"twitter_card":"summary_large_image","twitter_site":"@ledizioni","twitter_misc":{"Estimated reading time":"1 minute"},"schema":{"@context":"https:\/\/schema.org","@graph":[{"@type":"WebPage","@id":"https:\/\/www.ledizioni.it\/prodotto\/socialita-benessere-universo-bambini\/","url":"https:\/\/www.ledizioni.it\/prodotto\/socialita-benessere-universo-bambini\/","name":"SOCIALIT\u00c0 E BENESSERE NELL\u2019UNIVERSO DEI BAMBINI -","isPartOf":{"@id":"https:\/\/www.ledizioni.it\/#website"},"primaryImageOfPage":{"@id":"https:\/\/www.ledizioni.it\/prodotto\/socialita-benessere-universo-bambini\/#primaryimage"},"image":{"@id":"https:\/\/www.ledizioni.it\/prodotto\/socialita-benessere-universo-bambini\/#primaryimage"},"thumbnailUrl":"https:\/\/www.ledizioni.it\/stag\/wp-content\/uploads\/2022\/02\/Cover_Cersosimo_3D.jpg","datePublished":"2022-02-09T16:03:10+00:00","dateModified":"2022-09-05T09:35:12+00:00","description":"Ledizioni - Innovative Publishing. Casa editrice universitaria. Open Access. eBook, ePub. Creative Commons.","breadcrumb":{"@id":"https:\/\/www.ledizioni.it\/prodotto\/socialita-benessere-universo-bambini\/#breadcrumb"},"inLanguage":"en-GB","potentialAction":[{"@type":"ReadAction","target":["https:\/\/www.ledizioni.it\/prodotto\/socialita-benessere-universo-bambini\/"]}]},{"@type":"ImageObject","inLanguage":"en-GB","@id":"https:\/\/www.ledizioni.it\/prodotto\/socialita-benessere-universo-bambini\/#primaryimage","url":"https:\/\/www.ledizioni.it\/stag\/wp-content\/uploads\/2022\/02\/Cover_Cersosimo_3D.jpg","contentUrl":"https:\/\/www.ledizioni.it\/stag\/wp-content\/uploads\/2022\/02\/Cover_Cersosimo_3D.jpg","width":500,"height":623},{"@type":"BreadcrumbList","@id":"https:\/\/www.ledizioni.it\/prodotto\/socialita-benessere-universo-bambini\/#breadcrumb","itemListElement":[{"@type":"ListItem","position":1,"name":"Shop","item":"https:\/\/www.ledizioni.it\/shop-2\/"},{"@type":"ListItem","position":2,"name":"SOCIALIT\u00c0 E BENESSERE NELL\u2019UNIVERSO DEI BAMBINI"}]},{"@type":"WebSite","@id":"https:\/\/www.ledizioni.it\/#website","url":"https:\/\/www.ledizioni.it\/","name":"Ledizioni","description":"The Innovative LediPublishing Company - Casa Editrice Universitaria","publisher":{"@id":"https:\/\/www.ledizioni.it\/#organization"},"potentialAction":[{"@type":"SearchAction","target":{"@type":"EntryPoint","urlTemplate":"https:\/\/www.ledizioni.it\/?s={search_term_string}"},"query-input":{"@type":"PropertyValueSpecification","valueRequired":true,"valueName":"search_term_string"}}],"inLanguage":"en-GB"},{"@type":"Organization","@id":"https:\/\/www.ledizioni.it\/#organization","name":"Ledizioni","url":"https:\/\/www.ledizioni.it\/","logo":{"@type":"ImageObject","inLanguage":"en-GB","@id":"https:\/\/www.ledizioni.it\/#\/schema\/logo\/image\/","url":"https:\/\/www.ledizioni.it\/stag\/wp-content\/uploads\/2023\/10\/newlogoledizioni500x110_2-1.jpg","contentUrl":"https:\/\/www.ledizioni.it\/stag\/wp-content\/uploads\/2023\/10\/newlogoledizioni500x110_2-1.jpg","width":354,"height":87,"caption":"Ledizioni"},"image":{"@id":"https:\/\/www.ledizioni.it\/#\/schema\/logo\/image\/"},"sameAs":["https:\/\/www.facebook.com\/pages\/Ledizioni-LediPublishing\/109120559173329","https:\/\/x.com\/ledizioni"]}]}},"jetpack_sharing_enabled":true,"_links":{"self":[{"href":"https:\/\/www.ledizioni.it\/en\/wp-json\/wp\/v2\/product\/48140","targetHints":{"allow":["GET"]}}],"collection":[{"href":"https:\/\/www.ledizioni.it\/en\/wp-json\/wp\/v2\/product"}],"about":[{"href":"https:\/\/www.ledizioni.it\/en\/wp-json\/wp\/v2\/types\/product"}],"replies":[{"embeddable":true,"href":"https:\/\/www.ledizioni.it\/en\/wp-json\/wp\/v2\/comments?post=48140"}],"version-history":[{"count":1,"href":"https:\/\/www.ledizioni.it\/en\/wp-json\/wp\/v2\/product\/48140\/revisions"}],"predecessor-version":[{"id":52763,"href":"https:\/\/www.ledizioni.it\/en\/wp-json\/wp\/v2\/product\/48140\/revisions\/52763"}],"wp:featuredmedia":[{"embeddable":true,"href":"https:\/\/www.ledizioni.it\/en\/wp-json\/wp\/v2\/media\/48144"}],"wp:attachment":[{"href":"https:\/\/www.ledizioni.it\/en\/wp-json\/wp\/v2\/media?parent=48140"}],"wp:term":[{"taxonomy":"product_brand","embeddable":true,"href":"https:\/\/www.ledizioni.it\/en\/wp-json\/wp\/v2\/product_brand?post=48140"},{"taxonomy":"product_cat","embeddable":true,"href":"https:\/\/www.ledizioni.it\/en\/wp-json\/wp\/v2\/product_cat?post=48140"},{"taxonomy":"product_tag","embeddable":true,"href":"https:\/\/www.ledizioni.it\/en\/wp-json\/wp\/v2\/product_tag?post=48140"}],"curies":[{"name":"wp","href":"https:\/\/api.w.org\/{rel}","templated":true}]}}