{"id":48497,"date":"2022-02-18T11:36:19","date_gmt":"2022-02-18T09:36:19","guid":{"rendered":"https:\/\/www.ledizioni.it\/?post_type=product&#038;p=48497"},"modified":"2022-09-05T11:45:23","modified_gmt":"2022-09-05T09:45:23","slug":"filosofia-filologia-scienza-eta-ellenistica","status":"publish","type":"product","link":"https:\/\/www.ledizioni.it\/en\/product\/filosofia-filologia-scienza-eta-ellenistica\/","title":{"rendered":"FILOSOFIA, FILOLOGIA E SCIENZA IN ET\u00c0 ELLENISTICA"},"content":{"rendered":"<p style=\"text-align: justify;\">Gli studi raccolti in questo volume puntano a mettere in luce la relazione strutturale e lo scambio reciproco tra diversi campi del sapere nella cultura di et\u00e0 ellenistica. Se oggi si va affermando uno specialismo settoriale sempre pi\u00f9 rigido, nello spazio culturale che nacque dalle conquiste di Alessandro Magno e influenz\u00f2 il mondo romano discipline come la filosofia, la filologia e le diverse scienze non conoscevano confini definiti ma vivevano di uno scambio ininterrotto e fecondo, che la ricerca stenta ancora a valorizzare. I saggi ospitati in questo volume, a cui hanno contribuito sia studiosi affermati sia giovani ricercatori, analizzano casi esemplari di questo fenomeno. Figure poliedriche di scienziati e filosofi come Eratostene di Cirene e Diogene di Babilonia vengono qui accostate a riflessioni sulla nascita della filologia, sulla trasmissione e il commento dei testi filosofici e sul delicato statuto di ambiti di ricerca come la meccanica. Oltre a valorizzare gli sforzi critici sinora compiuti per affermare una visione complessiva dei saperi in gioco, ci si interroga anche sulla causa della fine, pi\u00f9 o meno traumatica, del modello culturale ellenistico.<\/p>\n<p>&nbsp;<\/p>\n<p style=\"text-align: justify;\"><strong>DATI\u00a0 BIBLIOGRAFICI<\/strong><\/p>\n<p style=\"text-align: justify;\">Curatori: Max Bergamo, Raffaele Tondini<br \/>\nEditore: Ledizioni<br \/>\nPubblicato nel: febbraio 2022<br \/>\nCollana: <a href=\"http:\/\/www.ledizioni.it\/en\/collane\/societa\/lippogrifo\/\">L&#8217;Ippogrifo<\/a><br \/>\nFormato: brossura, 201 p. &#8211; PDF Open Access<br \/>\nISBN cartaceo: 9788855266406<br \/>\nPrezzo cartaceo: 19,90\u20ac<\/p>\n<p><a href=\"http:\/\/digital.casalini.it\/9788855266406\"><img decoding=\"async\" class=\"aligncenter wp-image-23912\" src=\"https:\/\/www.ledizioni.it\/stag\/wp-content\/uploads\/2019\/07\/torrossa_web-150x80.jpg\" alt=\"\" width=\"200\" height=\"60\" \/><\/a><br \/>\n<a href=\"https:\/\/www.amazon.it\/Filosofia-filologia-scienza-eta-ellenistica\/dp\/8855266403\/ref=sr_1_1?__mk_it_IT=%C3%85M%C3%85%C5%BD%C3%95%C3%91&#038;crid=3O21PFIUNA63P&#038;keywords=filosofia+filologia+e+scienza+et%C3%A0+ellenistica&#038;qid=1662371106&#038;sprefix=filosofia+filologia+e+scienza+et%C3%A0+ellenistica%2Caps%2C100&#038;sr=8-1\" target=\"_blank\" rel=\"noopener\"><img decoding=\"async\" class=\"aligncenter size-medium wp-image-23060\" src=\"https:\/\/www.ledizioni.it\/stag\/wp-content\/uploads\/2018\/10\/pulsante-amazon-1-300x104.jpg\" alt=\"\" width=\"150\" height=\"50\" \/><\/a><img decoding=\"async\" style=\"border: none !important; margin: 0px !important;\" src=\"\/\/ir-it.amazon-adsystem.com\/e\/ir?t=ledizioni-21&amp;l=am2&amp;o=29&amp;a=8867057839\" alt=\"\" width=\"1\" height=\"1\" border=\"0\" \/><\/p>","protected":false},"excerpt":{"rendered":"<p>Gli studi raccolti in questo volume puntano a mettere in luce la relazione strutturale e lo scambio reciproco tra diversi<\/p>","protected":false},"featured_media":48501,"comment_status":"open","ping_status":"closed","template":"","meta":{"_acf_changed":false},"product_brand":[],"product_cat":[1420],"product_tag":[796,2682,2636,764,1422],"class_list":{"0":"post-48497","1":"product","2":"type-product","3":"status-publish","4":"has-post-thumbnail","6":"product_cat-lippogrifo","7":"product_tag-classici","8":"product_tag-eta-ellenistica","9":"product_tag-filosofia","10":"product_tag-open-access-2","11":"product_tag-scuola-galileiana","12":"pa_formato-cartaceo","13":"pa_formato-ebook-in-pdf","15":"first","16":"instock","17":"featured","18":"shipping-taxable","19":"purchasable","20":"product-type-variable"},"acf":[],"yoast_head":"<!-- This site is optimized with the Yoast SEO plugin v27.3 - https:\/\/yoast.com\/product\/yoast-seo-wordpress\/ -->\n<title>FILOSOFIA, FILOLOGIA E SCIENZA IN ET\u00c0 ELLENISTICA -<\/title>\n<meta name=\"description\" content=\"Ledizioni - Innovative Publishing. Casa editrice universitaria. Open Access. eBook, ePub. Creative Commons.\" \/>\n<meta name=\"robots\" content=\"index, follow, max-snippet:-1, max-image-preview:large, max-video-preview:-1\" \/>\n<link rel=\"canonical\" href=\"https:\/\/www.ledizioni.it\/en\/product\/filosofia-filologia-scienza-eta-ellenistica\/\" \/>\n<meta property=\"og:locale\" content=\"en_GB\" \/>\n<meta property=\"og:type\" content=\"article\" \/>\n<meta property=\"og:title\" content=\"FILOSOFIA, FILOLOGIA E SCIENZA IN ET\u00c0 ELLENISTICA -\" \/>\n<meta property=\"og:description\" content=\"Ledizioni - Innovative Publishing. Casa editrice universitaria. Open Access. eBook, ePub. Creative Commons.\" \/>\n<meta property=\"og:url\" content=\"https:\/\/www.ledizioni.it\/en\/product\/filosofia-filologia-scienza-eta-ellenistica\/\" \/>\n<meta property=\"og:site_name\" content=\"Ledizioni\" \/>\n<meta property=\"article:publisher\" content=\"https:\/\/www.facebook.com\/pages\/Ledizioni-LediPublishing\/109120559173329\" \/>\n<meta property=\"article:modified_time\" content=\"2022-09-05T09:45:23+00:00\" \/>\n<meta property=\"og:image\" content=\"https:\/\/www.ledizioni.it\/stag\/wp-content\/uploads\/2022\/02\/Tondini_3D.jpg\" \/>\n\t<meta property=\"og:image:width\" content=\"500\" \/>\n\t<meta property=\"og:image:height\" content=\"648\" \/>\n\t<meta property=\"og:image:type\" content=\"image\/jpeg\" \/>\n<meta name=\"twitter:card\" content=\"summary_large_image\" \/>\n<meta name=\"twitter:site\" content=\"@ledizioni\" \/>\n<meta name=\"twitter:label1\" content=\"Estimated reading time\" \/>\n\t<meta name=\"twitter:data1\" content=\"1 minute\" \/>\n<script type=\"application\/ld+json\" class=\"yoast-schema-graph\">{\"@context\":\"https:\\\/\\\/schema.org\",\"@graph\":[{\"@type\":\"WebPage\",\"@id\":\"https:\\\/\\\/www.ledizioni.it\\\/prodotto\\\/filosofia-filologia-scienza-eta-ellenistica\\\/\",\"url\":\"https:\\\/\\\/www.ledizioni.it\\\/prodotto\\\/filosofia-filologia-scienza-eta-ellenistica\\\/\",\"name\":\"FILOSOFIA, FILOLOGIA E SCIENZA IN ET\u00c0 ELLENISTICA -\",\"isPartOf\":{\"@id\":\"https:\\\/\\\/www.ledizioni.it\\\/#website\"},\"primaryImageOfPage\":{\"@id\":\"https:\\\/\\\/www.ledizioni.it\\\/prodotto\\\/filosofia-filologia-scienza-eta-ellenistica\\\/#primaryimage\"},\"image\":{\"@id\":\"https:\\\/\\\/www.ledizioni.it\\\/prodotto\\\/filosofia-filologia-scienza-eta-ellenistica\\\/#primaryimage\"},\"thumbnailUrl\":\"https:\\\/\\\/www.ledizioni.it\\\/stag\\\/wp-content\\\/uploads\\\/2022\\\/02\\\/Tondini_3D.jpg\",\"datePublished\":\"2022-02-18T09:36:19+00:00\",\"dateModified\":\"2022-09-05T09:45:23+00:00\",\"description\":\"Ledizioni - Innovative Publishing. Casa editrice universitaria. Open Access. eBook, ePub. Creative Commons.\",\"breadcrumb\":{\"@id\":\"https:\\\/\\\/www.ledizioni.it\\\/prodotto\\\/filosofia-filologia-scienza-eta-ellenistica\\\/#breadcrumb\"},\"inLanguage\":\"en-GB\",\"potentialAction\":[{\"@type\":\"ReadAction\",\"target\":[\"https:\\\/\\\/www.ledizioni.it\\\/prodotto\\\/filosofia-filologia-scienza-eta-ellenistica\\\/\"]}]},{\"@type\":\"ImageObject\",\"inLanguage\":\"en-GB\",\"@id\":\"https:\\\/\\\/www.ledizioni.it\\\/prodotto\\\/filosofia-filologia-scienza-eta-ellenistica\\\/#primaryimage\",\"url\":\"https:\\\/\\\/www.ledizioni.it\\\/stag\\\/wp-content\\\/uploads\\\/2022\\\/02\\\/Tondini_3D.jpg\",\"contentUrl\":\"https:\\\/\\\/www.ledizioni.it\\\/stag\\\/wp-content\\\/uploads\\\/2022\\\/02\\\/Tondini_3D.jpg\",\"width\":500,\"height\":648},{\"@type\":\"BreadcrumbList\",\"@id\":\"https:\\\/\\\/www.ledizioni.it\\\/prodotto\\\/filosofia-filologia-scienza-eta-ellenistica\\\/#breadcrumb\",\"itemListElement\":[{\"@type\":\"ListItem\",\"position\":1,\"name\":\"Shop\",\"item\":\"https:\\\/\\\/www.ledizioni.it\\\/shop-2\\\/\"},{\"@type\":\"ListItem\",\"position\":2,\"name\":\"FILOSOFIA, FILOLOGIA E SCIENZA IN ET\u00c0 ELLENISTICA\"}]},{\"@type\":\"WebSite\",\"@id\":\"https:\\\/\\\/www.ledizioni.it\\\/#website\",\"url\":\"https:\\\/\\\/www.ledizioni.it\\\/\",\"name\":\"Ledizioni\",\"description\":\"The Innovative LediPublishing Company - Casa Editrice Universitaria\",\"publisher\":{\"@id\":\"https:\\\/\\\/www.ledizioni.it\\\/#organization\"},\"potentialAction\":[{\"@type\":\"SearchAction\",\"target\":{\"@type\":\"EntryPoint\",\"urlTemplate\":\"https:\\\/\\\/www.ledizioni.it\\\/?s={search_term_string}\"},\"query-input\":{\"@type\":\"PropertyValueSpecification\",\"valueRequired\":true,\"valueName\":\"search_term_string\"}}],\"inLanguage\":\"en-GB\"},{\"@type\":\"Organization\",\"@id\":\"https:\\\/\\\/www.ledizioni.it\\\/#organization\",\"name\":\"Ledizioni\",\"url\":\"https:\\\/\\\/www.ledizioni.it\\\/\",\"logo\":{\"@type\":\"ImageObject\",\"inLanguage\":\"en-GB\",\"@id\":\"https:\\\/\\\/www.ledizioni.it\\\/#\\\/schema\\\/logo\\\/image\\\/\",\"url\":\"https:\\\/\\\/www.ledizioni.it\\\/stag\\\/wp-content\\\/uploads\\\/2023\\\/10\\\/newlogoledizioni500x110_2-1.jpg\",\"contentUrl\":\"https:\\\/\\\/www.ledizioni.it\\\/stag\\\/wp-content\\\/uploads\\\/2023\\\/10\\\/newlogoledizioni500x110_2-1.jpg\",\"width\":354,\"height\":87,\"caption\":\"Ledizioni\"},\"image\":{\"@id\":\"https:\\\/\\\/www.ledizioni.it\\\/#\\\/schema\\\/logo\\\/image\\\/\"},\"sameAs\":[\"https:\\\/\\\/www.facebook.com\\\/pages\\\/Ledizioni-LediPublishing\\\/109120559173329\",\"https:\\\/\\\/x.com\\\/ledizioni\"]}]}<\/script>\n<!-- \/ Yoast SEO plugin. -->","yoast_head_json":{"title":"FILOSOFIA, FILOLOGIA E SCIENZA IN ET\u00c0 ELLENISTICA -","description":"Ledizioni - Innovative Publishing. Casa editrice universitaria. Open Access. eBook, ePub. Creative Commons.","robots":{"index":"index","follow":"follow","max-snippet":"max-snippet:-1","max-image-preview":"max-image-preview:large","max-video-preview":"max-video-preview:-1"},"canonical":"https:\/\/www.ledizioni.it\/en\/product\/filosofia-filologia-scienza-eta-ellenistica\/","og_locale":"en_GB","og_type":"article","og_title":"FILOSOFIA, FILOLOGIA E SCIENZA IN ET\u00c0 ELLENISTICA -","og_description":"Ledizioni - Innovative Publishing. Casa editrice universitaria. Open Access. eBook, ePub. Creative Commons.","og_url":"https:\/\/www.ledizioni.it\/en\/product\/filosofia-filologia-scienza-eta-ellenistica\/","og_site_name":"Ledizioni","article_publisher":"https:\/\/www.facebook.com\/pages\/Ledizioni-LediPublishing\/109120559173329","article_modified_time":"2022-09-05T09:45:23+00:00","og_image":[{"width":500,"height":648,"url":"https:\/\/www.ledizioni.it\/stag\/wp-content\/uploads\/2022\/02\/Tondini_3D.jpg","type":"image\/jpeg"}],"twitter_card":"summary_large_image","twitter_site":"@ledizioni","twitter_misc":{"Estimated reading time":"1 minute"},"schema":{"@context":"https:\/\/schema.org","@graph":[{"@type":"WebPage","@id":"https:\/\/www.ledizioni.it\/prodotto\/filosofia-filologia-scienza-eta-ellenistica\/","url":"https:\/\/www.ledizioni.it\/prodotto\/filosofia-filologia-scienza-eta-ellenistica\/","name":"FILOSOFIA, FILOLOGIA E SCIENZA IN ET\u00c0 ELLENISTICA -","isPartOf":{"@id":"https:\/\/www.ledizioni.it\/#website"},"primaryImageOfPage":{"@id":"https:\/\/www.ledizioni.it\/prodotto\/filosofia-filologia-scienza-eta-ellenistica\/#primaryimage"},"image":{"@id":"https:\/\/www.ledizioni.it\/prodotto\/filosofia-filologia-scienza-eta-ellenistica\/#primaryimage"},"thumbnailUrl":"https:\/\/www.ledizioni.it\/stag\/wp-content\/uploads\/2022\/02\/Tondini_3D.jpg","datePublished":"2022-02-18T09:36:19+00:00","dateModified":"2022-09-05T09:45:23+00:00","description":"Ledizioni - Innovative Publishing. Casa editrice universitaria. Open Access. eBook, ePub. Creative Commons.","breadcrumb":{"@id":"https:\/\/www.ledizioni.it\/prodotto\/filosofia-filologia-scienza-eta-ellenistica\/#breadcrumb"},"inLanguage":"en-GB","potentialAction":[{"@type":"ReadAction","target":["https:\/\/www.ledizioni.it\/prodotto\/filosofia-filologia-scienza-eta-ellenistica\/"]}]},{"@type":"ImageObject","inLanguage":"en-GB","@id":"https:\/\/www.ledizioni.it\/prodotto\/filosofia-filologia-scienza-eta-ellenistica\/#primaryimage","url":"https:\/\/www.ledizioni.it\/stag\/wp-content\/uploads\/2022\/02\/Tondini_3D.jpg","contentUrl":"https:\/\/www.ledizioni.it\/stag\/wp-content\/uploads\/2022\/02\/Tondini_3D.jpg","width":500,"height":648},{"@type":"BreadcrumbList","@id":"https:\/\/www.ledizioni.it\/prodotto\/filosofia-filologia-scienza-eta-ellenistica\/#breadcrumb","itemListElement":[{"@type":"ListItem","position":1,"name":"Shop","item":"https:\/\/www.ledizioni.it\/shop-2\/"},{"@type":"ListItem","position":2,"name":"FILOSOFIA, FILOLOGIA E SCIENZA IN ET\u00c0 ELLENISTICA"}]},{"@type":"WebSite","@id":"https:\/\/www.ledizioni.it\/#website","url":"https:\/\/www.ledizioni.it\/","name":"Ledizioni","description":"The Innovative LediPublishing Company - Casa Editrice Universitaria","publisher":{"@id":"https:\/\/www.ledizioni.it\/#organization"},"potentialAction":[{"@type":"SearchAction","target":{"@type":"EntryPoint","urlTemplate":"https:\/\/www.ledizioni.it\/?s={search_term_string}"},"query-input":{"@type":"PropertyValueSpecification","valueRequired":true,"valueName":"search_term_string"}}],"inLanguage":"en-GB"},{"@type":"Organization","@id":"https:\/\/www.ledizioni.it\/#organization","name":"Ledizioni","url":"https:\/\/www.ledizioni.it\/","logo":{"@type":"ImageObject","inLanguage":"en-GB","@id":"https:\/\/www.ledizioni.it\/#\/schema\/logo\/image\/","url":"https:\/\/www.ledizioni.it\/stag\/wp-content\/uploads\/2023\/10\/newlogoledizioni500x110_2-1.jpg","contentUrl":"https:\/\/www.ledizioni.it\/stag\/wp-content\/uploads\/2023\/10\/newlogoledizioni500x110_2-1.jpg","width":354,"height":87,"caption":"Ledizioni"},"image":{"@id":"https:\/\/www.ledizioni.it\/#\/schema\/logo\/image\/"},"sameAs":["https:\/\/www.facebook.com\/pages\/Ledizioni-LediPublishing\/109120559173329","https:\/\/x.com\/ledizioni"]}]}},"jetpack_sharing_enabled":true,"_links":{"self":[{"href":"https:\/\/www.ledizioni.it\/en\/wp-json\/wp\/v2\/product\/48497","targetHints":{"allow":["GET"]}}],"collection":[{"href":"https:\/\/www.ledizioni.it\/en\/wp-json\/wp\/v2\/product"}],"about":[{"href":"https:\/\/www.ledizioni.it\/en\/wp-json\/wp\/v2\/types\/product"}],"replies":[{"embeddable":true,"href":"https:\/\/www.ledizioni.it\/en\/wp-json\/wp\/v2\/comments?post=48497"}],"version-history":[{"count":1,"href":"https:\/\/www.ledizioni.it\/en\/wp-json\/wp\/v2\/product\/48497\/revisions"}],"predecessor-version":[{"id":48502,"href":"https:\/\/www.ledizioni.it\/en\/wp-json\/wp\/v2\/product\/48497\/revisions\/48502"}],"wp:featuredmedia":[{"embeddable":true,"href":"https:\/\/www.ledizioni.it\/en\/wp-json\/wp\/v2\/media\/48501"}],"wp:attachment":[{"href":"https:\/\/www.ledizioni.it\/en\/wp-json\/wp\/v2\/media?parent=48497"}],"wp:term":[{"taxonomy":"product_brand","embeddable":true,"href":"https:\/\/www.ledizioni.it\/en\/wp-json\/wp\/v2\/product_brand?post=48497"},{"taxonomy":"product_cat","embeddable":true,"href":"https:\/\/www.ledizioni.it\/en\/wp-json\/wp\/v2\/product_cat?post=48497"},{"taxonomy":"product_tag","embeddable":true,"href":"https:\/\/www.ledizioni.it\/en\/wp-json\/wp\/v2\/product_tag?post=48497"}],"curies":[{"name":"wp","href":"https:\/\/api.w.org\/{rel}","templated":true}]}}