{"id":48662,"date":"2022-02-22T12:47:10","date_gmt":"2022-02-22T10:47:10","guid":{"rendered":"https:\/\/www.ledizioni.it\/?post_type=product&#038;p=48662"},"modified":"2023-01-05T14:29:07","modified_gmt":"2023-01-05T12:29:07","slug":"da-clausewitz-a-putin-la-guerra-nel-xxi-secolo","status":"publish","type":"product","link":"https:\/\/www.ledizioni.it\/en\/product\/da-clausewitz-a-putin-la-guerra-nel-xxi-secolo\/","title":{"rendered":"DA CLAUSEWITZ A PUTIN: LA GUERRA NEL XXI SECOLO"},"content":{"rendered":"<p style=\"text-align: justify;\">Dalle Torri Gemelle alle insurrezioni in Irak e in Afganistan, dalle proxy wars nel Levante e nel Golfo Persico al ruolo della Wagner in Nord Africa e nel Sahel, dalle sfide nello spazio cibernetico alla nuova corsa per la conquista dello spazio e, infine, dal programma navale della Repubblica Popolare Cinese ai T-72 russi schierati alla frontiera dell\u2019Ucraina. Il filo conduttore che unisce questo mosaico, pur nella diversit\u00e0 delle forme e delle rappresentazioni, \u00e8 sempre lo stesso: imporre con la forza la propria volont\u00e0 all\u2019avversario.<br \/>\n\u00c8 la logica della violenza organizzata, della guerra che si \u00e8 ripresentata alle porte di casa nostra. Mai come in questo momento il mondo \u00e8 apparso cos\u00ec insicuro. \u00c8 quindi necessario conoscere, per comprendere e per difendersi. Questo libro, attraverso il contributo di alcuni tra i pi\u00f9 qualificati studiosi italiani della materia, ha l\u2019ambizione di spiegare l\u2019evoluzione della guerra moderna dalla teoria alla pratica, dalle idee di Clausewitz e di Sun Tzu ai cingoli di Putin e alle navi di Xi Jinping.<\/p>\n<p style=\"text-align: justify;\"><strong>DATI BIBLIOGRAFICI<\/strong><br \/>\nA cura di: Matteo Bressan e Giorgio Cuzzelli<br \/>\nEditore: Ledizioni<br \/>\nPubblicato nel: Marzo 2022<br \/>\nLingua: italiano<br \/>\nCollana: <a href=\"https:\/\/www.ledizioni.it\/en\/product-category\/politica\/studi-strategici-e-intelligence\/\" target=\"_blank\" rel=\"noopener\">Studi strategici e di intelligence<\/a><br \/>\nFormato: brossura, 190 p.<br \/>\nISBN cartaceo: 9788855266468<br \/>\nISBN ePub: 9788855266475<br \/>\nPrezzo: 19,90 \u20ac &#8211; 8,99 \u20ac<\/p>\n<p>[button link=&#8221;https:\/\/www.ledizioni.it\/download\/48817\/&#8221; style=&#8221;download&#8221; color=&#8221;red&#8221;]Scarica l&#8217;indice del volume[\/button]<br \/>\n<a href=\"http:\/\/digital.casalini.it\/9788855266468\"><img decoding=\"async\" class=\"aligncenter wp-image-23912\" src=\"https:\/\/www.ledizioni.it\/stag\/wp-content\/uploads\/2019\/07\/torrossa_web-150x80.jpg\" alt=\"\" width=\"200\" height=\"60\" \/><\/a><br \/>\n<a href=\"https:\/\/www.amazon.it\/Clausewitz-Putin-Riflessioni-conflitti-contemporaneo-ebook\/dp\/B09VLJ58L2\/ref=sr_1_1?crid=2TETDY1O8UK81&amp;keywords=da+clausewitz+a+putin+la+guerra+nel+xxi+secolo&amp;qid=1662372957&amp;sprefix=clausewitz+a+puti%2Caps%2C100&amp;sr=8-1\" target=\"_blank\" rel=\"noopener\"><img decoding=\"async\" class=\"aligncenter size-medium wp-image-23060\" src=\"https:\/\/www.ledizioni.it\/stag\/wp-content\/uploads\/2018\/10\/pulsante-amazon-1-300x104.jpg\" alt=\"\" width=\"150\" height=\"50\" \/><\/a><img decoding=\"async\" style=\"border: none !important; margin: 0px !important;\" src=\"\/\/ir-it.amazon-adsystem.com\/e\/ir?t=ledizioni-21&amp;l=am2&amp;o=29&amp;a=8867057839\" alt=\"\" width=\"1\" height=\"1\" border=\"0\" \/><\/p>","protected":false},"excerpt":{"rendered":"<p>Dalle Torri Gemelle alle insurrezioni in Irak e in Afganistan, dalle proxy wars nel Levante e nel Golfo Persico al<\/p>","protected":false},"featured_media":48661,"comment_status":"open","ping_status":"closed","template":"","meta":{"_acf_changed":false},"product_brand":[],"product_cat":[2628],"product_tag":[1615,702,1772,1066,2684],"class_list":{"0":"post-48662","1":"product","2":"type-product","3":"status-publish","4":"has-post-thumbnail","6":"product_cat-studi-strategici-e-intelligence","7":"product_tag-cina","8":"product_tag-guerra","9":"product_tag-medio-oriente","10":"product_tag-russia","11":"product_tag-ucraina","12":"pa_formato-cartaceo","13":"pa_formato-ebook-in-epub","15":"first","16":"instock","17":"featured","18":"shipping-taxable","19":"purchasable","20":"product-type-variable"},"acf":[],"yoast_head":"<!-- This site is optimized with the Yoast SEO plugin v27.3 - https:\/\/yoast.com\/product\/yoast-seo-wordpress\/ -->\n<title>DA CLAUSEWITZ A PUTIN: LA GUERRA NEL XXI SECOLO -<\/title>\n<meta name=\"description\" content=\"Ledizioni - Innovative Publishing. Casa editrice universitaria. Open Access. eBook, ePub. Creative Commons.\" \/>\n<meta name=\"robots\" content=\"index, follow, max-snippet:-1, max-image-preview:large, max-video-preview:-1\" \/>\n<link rel=\"canonical\" href=\"https:\/\/www.ledizioni.it\/en\/product\/da-clausewitz-a-putin-la-guerra-nel-xxi-secolo\/\" \/>\n<meta property=\"og:locale\" content=\"en_GB\" \/>\n<meta property=\"og:type\" content=\"article\" \/>\n<meta property=\"og:title\" content=\"DA CLAUSEWITZ A PUTIN: LA GUERRA NEL XXI SECOLO -\" \/>\n<meta property=\"og:description\" content=\"Ledizioni - Innovative Publishing. Casa editrice universitaria. Open Access. eBook, ePub. Creative Commons.\" \/>\n<meta property=\"og:url\" content=\"https:\/\/www.ledizioni.it\/en\/product\/da-clausewitz-a-putin-la-guerra-nel-xxi-secolo\/\" \/>\n<meta property=\"og:site_name\" content=\"Ledizioni\" \/>\n<meta property=\"article:publisher\" content=\"https:\/\/www.facebook.com\/pages\/Ledizioni-LediPublishing\/109120559173329\" \/>\n<meta property=\"article:modified_time\" content=\"2023-01-05T12:29:07+00:00\" \/>\n<meta property=\"og:image\" content=\"https:\/\/www.ledizioni.it\/stag\/wp-content\/uploads\/2022\/02\/Bressan_3D.jpg\" \/>\n\t<meta property=\"og:image:width\" content=\"1528\" \/>\n\t<meta property=\"og:image:height\" content=\"1950\" \/>\n\t<meta property=\"og:image:type\" content=\"image\/jpeg\" \/>\n<meta name=\"twitter:card\" content=\"summary_large_image\" \/>\n<meta name=\"twitter:site\" content=\"@ledizioni\" \/>\n<meta name=\"twitter:label1\" content=\"Estimated reading time\" \/>\n\t<meta name=\"twitter:data1\" content=\"2 minutes\" \/>\n<script type=\"application\/ld+json\" class=\"yoast-schema-graph\">{\"@context\":\"https:\\\/\\\/schema.org\",\"@graph\":[{\"@type\":\"WebPage\",\"@id\":\"https:\\\/\\\/www.ledizioni.it\\\/prodotto\\\/da-clausewitz-a-putin-la-guerra-nel-xxi-secolo\\\/\",\"url\":\"https:\\\/\\\/www.ledizioni.it\\\/prodotto\\\/da-clausewitz-a-putin-la-guerra-nel-xxi-secolo\\\/\",\"name\":\"DA CLAUSEWITZ A PUTIN: LA GUERRA NEL XXI SECOLO -\",\"isPartOf\":{\"@id\":\"https:\\\/\\\/www.ledizioni.it\\\/#website\"},\"primaryImageOfPage\":{\"@id\":\"https:\\\/\\\/www.ledizioni.it\\\/prodotto\\\/da-clausewitz-a-putin-la-guerra-nel-xxi-secolo\\\/#primaryimage\"},\"image\":{\"@id\":\"https:\\\/\\\/www.ledizioni.it\\\/prodotto\\\/da-clausewitz-a-putin-la-guerra-nel-xxi-secolo\\\/#primaryimage\"},\"thumbnailUrl\":\"https:\\\/\\\/www.ledizioni.it\\\/stag\\\/wp-content\\\/uploads\\\/2022\\\/02\\\/Bressan_3D.jpg\",\"datePublished\":\"2022-02-22T10:47:10+00:00\",\"dateModified\":\"2023-01-05T12:29:07+00:00\",\"description\":\"Ledizioni - Innovative Publishing. Casa editrice universitaria. Open Access. eBook, ePub. Creative Commons.\",\"breadcrumb\":{\"@id\":\"https:\\\/\\\/www.ledizioni.it\\\/prodotto\\\/da-clausewitz-a-putin-la-guerra-nel-xxi-secolo\\\/#breadcrumb\"},\"inLanguage\":\"en-GB\",\"potentialAction\":[{\"@type\":\"ReadAction\",\"target\":[\"https:\\\/\\\/www.ledizioni.it\\\/prodotto\\\/da-clausewitz-a-putin-la-guerra-nel-xxi-secolo\\\/\"]}]},{\"@type\":\"ImageObject\",\"inLanguage\":\"en-GB\",\"@id\":\"https:\\\/\\\/www.ledizioni.it\\\/prodotto\\\/da-clausewitz-a-putin-la-guerra-nel-xxi-secolo\\\/#primaryimage\",\"url\":\"https:\\\/\\\/www.ledizioni.it\\\/stag\\\/wp-content\\\/uploads\\\/2022\\\/02\\\/Bressan_3D.jpg\",\"contentUrl\":\"https:\\\/\\\/www.ledizioni.it\\\/stag\\\/wp-content\\\/uploads\\\/2022\\\/02\\\/Bressan_3D.jpg\",\"width\":1528,\"height\":1950},{\"@type\":\"BreadcrumbList\",\"@id\":\"https:\\\/\\\/www.ledizioni.it\\\/prodotto\\\/da-clausewitz-a-putin-la-guerra-nel-xxi-secolo\\\/#breadcrumb\",\"itemListElement\":[{\"@type\":\"ListItem\",\"position\":1,\"name\":\"Shop\",\"item\":\"https:\\\/\\\/www.ledizioni.it\\\/shop-2\\\/\"},{\"@type\":\"ListItem\",\"position\":2,\"name\":\"DA CLAUSEWITZ A PUTIN: LA GUERRA NEL XXI SECOLO\"}]},{\"@type\":\"WebSite\",\"@id\":\"https:\\\/\\\/www.ledizioni.it\\\/#website\",\"url\":\"https:\\\/\\\/www.ledizioni.it\\\/\",\"name\":\"Ledizioni\",\"description\":\"The Innovative LediPublishing Company - Casa Editrice Universitaria\",\"publisher\":{\"@id\":\"https:\\\/\\\/www.ledizioni.it\\\/#organization\"},\"potentialAction\":[{\"@type\":\"SearchAction\",\"target\":{\"@type\":\"EntryPoint\",\"urlTemplate\":\"https:\\\/\\\/www.ledizioni.it\\\/?s={search_term_string}\"},\"query-input\":{\"@type\":\"PropertyValueSpecification\",\"valueRequired\":true,\"valueName\":\"search_term_string\"}}],\"inLanguage\":\"en-GB\"},{\"@type\":\"Organization\",\"@id\":\"https:\\\/\\\/www.ledizioni.it\\\/#organization\",\"name\":\"Ledizioni\",\"url\":\"https:\\\/\\\/www.ledizioni.it\\\/\",\"logo\":{\"@type\":\"ImageObject\",\"inLanguage\":\"en-GB\",\"@id\":\"https:\\\/\\\/www.ledizioni.it\\\/#\\\/schema\\\/logo\\\/image\\\/\",\"url\":\"https:\\\/\\\/www.ledizioni.it\\\/stag\\\/wp-content\\\/uploads\\\/2023\\\/10\\\/newlogoledizioni500x110_2-1.jpg\",\"contentUrl\":\"https:\\\/\\\/www.ledizioni.it\\\/stag\\\/wp-content\\\/uploads\\\/2023\\\/10\\\/newlogoledizioni500x110_2-1.jpg\",\"width\":354,\"height\":87,\"caption\":\"Ledizioni\"},\"image\":{\"@id\":\"https:\\\/\\\/www.ledizioni.it\\\/#\\\/schema\\\/logo\\\/image\\\/\"},\"sameAs\":[\"https:\\\/\\\/www.facebook.com\\\/pages\\\/Ledizioni-LediPublishing\\\/109120559173329\",\"https:\\\/\\\/x.com\\\/ledizioni\"]}]}<\/script>\n<!-- \/ Yoast SEO plugin. -->","yoast_head_json":{"title":"DA CLAUSEWITZ A PUTIN: LA GUERRA NEL XXI SECOLO -","description":"Ledizioni - Innovative Publishing. Casa editrice universitaria. Open Access. eBook, ePub. Creative Commons.","robots":{"index":"index","follow":"follow","max-snippet":"max-snippet:-1","max-image-preview":"max-image-preview:large","max-video-preview":"max-video-preview:-1"},"canonical":"https:\/\/www.ledizioni.it\/en\/product\/da-clausewitz-a-putin-la-guerra-nel-xxi-secolo\/","og_locale":"en_GB","og_type":"article","og_title":"DA CLAUSEWITZ A PUTIN: LA GUERRA NEL XXI SECOLO -","og_description":"Ledizioni - Innovative Publishing. Casa editrice universitaria. Open Access. eBook, ePub. Creative Commons.","og_url":"https:\/\/www.ledizioni.it\/en\/product\/da-clausewitz-a-putin-la-guerra-nel-xxi-secolo\/","og_site_name":"Ledizioni","article_publisher":"https:\/\/www.facebook.com\/pages\/Ledizioni-LediPublishing\/109120559173329","article_modified_time":"2023-01-05T12:29:07+00:00","og_image":[{"width":1528,"height":1950,"url":"https:\/\/www.ledizioni.it\/stag\/wp-content\/uploads\/2022\/02\/Bressan_3D.jpg","type":"image\/jpeg"}],"twitter_card":"summary_large_image","twitter_site":"@ledizioni","twitter_misc":{"Estimated reading time":"2 minutes"},"schema":{"@context":"https:\/\/schema.org","@graph":[{"@type":"WebPage","@id":"https:\/\/www.ledizioni.it\/prodotto\/da-clausewitz-a-putin-la-guerra-nel-xxi-secolo\/","url":"https:\/\/www.ledizioni.it\/prodotto\/da-clausewitz-a-putin-la-guerra-nel-xxi-secolo\/","name":"DA CLAUSEWITZ A PUTIN: LA GUERRA NEL XXI SECOLO -","isPartOf":{"@id":"https:\/\/www.ledizioni.it\/#website"},"primaryImageOfPage":{"@id":"https:\/\/www.ledizioni.it\/prodotto\/da-clausewitz-a-putin-la-guerra-nel-xxi-secolo\/#primaryimage"},"image":{"@id":"https:\/\/www.ledizioni.it\/prodotto\/da-clausewitz-a-putin-la-guerra-nel-xxi-secolo\/#primaryimage"},"thumbnailUrl":"https:\/\/www.ledizioni.it\/stag\/wp-content\/uploads\/2022\/02\/Bressan_3D.jpg","datePublished":"2022-02-22T10:47:10+00:00","dateModified":"2023-01-05T12:29:07+00:00","description":"Ledizioni - Innovative Publishing. Casa editrice universitaria. Open Access. eBook, ePub. Creative Commons.","breadcrumb":{"@id":"https:\/\/www.ledizioni.it\/prodotto\/da-clausewitz-a-putin-la-guerra-nel-xxi-secolo\/#breadcrumb"},"inLanguage":"en-GB","potentialAction":[{"@type":"ReadAction","target":["https:\/\/www.ledizioni.it\/prodotto\/da-clausewitz-a-putin-la-guerra-nel-xxi-secolo\/"]}]},{"@type":"ImageObject","inLanguage":"en-GB","@id":"https:\/\/www.ledizioni.it\/prodotto\/da-clausewitz-a-putin-la-guerra-nel-xxi-secolo\/#primaryimage","url":"https:\/\/www.ledizioni.it\/stag\/wp-content\/uploads\/2022\/02\/Bressan_3D.jpg","contentUrl":"https:\/\/www.ledizioni.it\/stag\/wp-content\/uploads\/2022\/02\/Bressan_3D.jpg","width":1528,"height":1950},{"@type":"BreadcrumbList","@id":"https:\/\/www.ledizioni.it\/prodotto\/da-clausewitz-a-putin-la-guerra-nel-xxi-secolo\/#breadcrumb","itemListElement":[{"@type":"ListItem","position":1,"name":"Shop","item":"https:\/\/www.ledizioni.it\/shop-2\/"},{"@type":"ListItem","position":2,"name":"DA CLAUSEWITZ A PUTIN: LA GUERRA NEL XXI SECOLO"}]},{"@type":"WebSite","@id":"https:\/\/www.ledizioni.it\/#website","url":"https:\/\/www.ledizioni.it\/","name":"Ledizioni","description":"The Innovative LediPublishing Company - Casa Editrice Universitaria","publisher":{"@id":"https:\/\/www.ledizioni.it\/#organization"},"potentialAction":[{"@type":"SearchAction","target":{"@type":"EntryPoint","urlTemplate":"https:\/\/www.ledizioni.it\/?s={search_term_string}"},"query-input":{"@type":"PropertyValueSpecification","valueRequired":true,"valueName":"search_term_string"}}],"inLanguage":"en-GB"},{"@type":"Organization","@id":"https:\/\/www.ledizioni.it\/#organization","name":"Ledizioni","url":"https:\/\/www.ledizioni.it\/","logo":{"@type":"ImageObject","inLanguage":"en-GB","@id":"https:\/\/www.ledizioni.it\/#\/schema\/logo\/image\/","url":"https:\/\/www.ledizioni.it\/stag\/wp-content\/uploads\/2023\/10\/newlogoledizioni500x110_2-1.jpg","contentUrl":"https:\/\/www.ledizioni.it\/stag\/wp-content\/uploads\/2023\/10\/newlogoledizioni500x110_2-1.jpg","width":354,"height":87,"caption":"Ledizioni"},"image":{"@id":"https:\/\/www.ledizioni.it\/#\/schema\/logo\/image\/"},"sameAs":["https:\/\/www.facebook.com\/pages\/Ledizioni-LediPublishing\/109120559173329","https:\/\/x.com\/ledizioni"]}]}},"jetpack_sharing_enabled":true,"_links":{"self":[{"href":"https:\/\/www.ledizioni.it\/en\/wp-json\/wp\/v2\/product\/48662","targetHints":{"allow":["GET"]}}],"collection":[{"href":"https:\/\/www.ledizioni.it\/en\/wp-json\/wp\/v2\/product"}],"about":[{"href":"https:\/\/www.ledizioni.it\/en\/wp-json\/wp\/v2\/types\/product"}],"replies":[{"embeddable":true,"href":"https:\/\/www.ledizioni.it\/en\/wp-json\/wp\/v2\/comments?post=48662"}],"version-history":[{"count":0,"href":"https:\/\/www.ledizioni.it\/en\/wp-json\/wp\/v2\/product\/48662\/revisions"}],"wp:featuredmedia":[{"embeddable":true,"href":"https:\/\/www.ledizioni.it\/en\/wp-json\/wp\/v2\/media\/48661"}],"wp:attachment":[{"href":"https:\/\/www.ledizioni.it\/en\/wp-json\/wp\/v2\/media?parent=48662"}],"wp:term":[{"taxonomy":"product_brand","embeddable":true,"href":"https:\/\/www.ledizioni.it\/en\/wp-json\/wp\/v2\/product_brand?post=48662"},{"taxonomy":"product_cat","embeddable":true,"href":"https:\/\/www.ledizioni.it\/en\/wp-json\/wp\/v2\/product_cat?post=48662"},{"taxonomy":"product_tag","embeddable":true,"href":"https:\/\/www.ledizioni.it\/en\/wp-json\/wp\/v2\/product_tag?post=48662"}],"curies":[{"name":"wp","href":"https:\/\/api.w.org\/{rel}","templated":true}]}}