{"id":49144,"date":"2022-03-04T15:54:29","date_gmt":"2022-03-04T13:54:29","guid":{"rendered":"https:\/\/www.ledizioni.it\/?post_type=product&#038;p=49144"},"modified":"2022-09-05T11:32:49","modified_gmt":"2022-09-05T09:32:49","slug":"la-expresion-poetica-de-shirley-campbell-barr-y-mayra-santos-febres","status":"publish","type":"product","link":"https:\/\/www.ledizioni.it\/en\/product\/la-expresion-poetica-de-shirley-campbell-barr-y-mayra-santos-febres\/","title":{"rendered":"LA EXPRESI\u00d3N PO\u00c9TICA DE SHIRLEY CAMPBELL BARR Y MAYRA SANTOS FEBRES"},"content":{"rendered":"<p style=\"text-align: justify;\">Esta monograf\u00eda se plantea el an\u00e1lisis de los patrones tem\u00e1ticos y po\u00e9ticos que definen la poes\u00eda de Shirley Campbell Barr y Mayra Santos Febres. Los resultados de la investigaci\u00f3n permiten destacar los puntos de contacto entre la producci\u00f3n de ambas autoras, pero tambi\u00e9n delinean los v\u00ednculos que la producci\u00f3n de las dos poetas mantiene con la producci\u00f3n literaria del marco afrodescendiente. Al mismo tiempo, el estudio aclara los elementos por los cuales su poes\u00eda puede ser incluida en la reciente categor\u00eda anal\u00edtica de \u2018literatura de la afrodescendencia\u2019.<\/p>\n<p><strong>DATI BIBLIOGRAFICI<\/strong><br \/>\nAutore: Sara Carini<br \/>\nEditore: Ledizioni<br \/>\nPubblicato nel: marzo 2022<br \/>\nFormato: brossura, 255 p. &#8211; PDF in Open Access &#8211; ePub<br \/>\nISBN cartaceo: 9788855266543<br \/>\nISBN ePub: 9788855266550<br \/>\nPrezzo cartaceo: 28,00 \u20ac<br \/>\nPrezzo ePub: 9,99 \u20ac<br \/>\n<a href=\"http:\/\/digital.casalini.it\/9788855266543\"><img decoding=\"async\" class=\"aligncenter wp-image-23912\" src=\"https:\/\/www.ledizioni.it\/stag\/wp-content\/uploads\/2019\/07\/torrossa_web-150x80.jpg\" alt=\"\" width=\"200\" height=\"60\" \/><\/a><br \/>\n<a href=\"https:\/\/www.amazon.it\/expresi%C3%B3n-po%C3%A9tica-Shirley-Campbell-Santos\/dp\/8855266543\/ref=sr_1_1?__mk_it_IT=%C3%85M%C3%85%C5%BD%C3%95%C3%91&#038;crid=2XBMKH9POIT6F&#038;keywords=La+expresi%C3%B3n+po%C3%A9tica+de+Shirley+Campbell+Barr+y+Mayra+Santos+Febres+%2F+Sara+Carini&#038;qid=1662370337&#038;sprefix=la+expresi%C3%B3n+po%C3%A9tica+de+shirley+campbell+barr+y+mayra+santos+febres+%2F+sara+carini%2Caps%2C94&#038;sr=8-1\" target=\"_blank\" rel=\"noopener\"><img decoding=\"async\" class=\"aligncenter size-medium wp-image-23060\" src=\"https:\/\/www.ledizioni.it\/stag\/wp-content\/uploads\/2018\/10\/pulsante-amazon-1-300x104.jpg\" alt=\"\" width=\"150\" height=\"50\" \/><\/a><img decoding=\"async\" style=\"border: none !important; margin: 0px !important;\" src=\"\/\/ir-it.amazon-adsystem.com\/e\/ir?t=ledizioni-21&amp;l=am2&amp;o=29&amp;a=8867057839\" alt=\"\" width=\"1\" height=\"1\" border=\"0\" \/><\/p>","protected":false},"excerpt":{"rendered":"<p>Esta monograf\u00eda se plantea el an\u00e1lisis de los patrones tem\u00e1ticos y po\u00e9ticos que definen la poes\u00eda de Shirley Campbell Barr<\/p>","protected":false},"featured_media":49146,"comment_status":"open","ping_status":"closed","template":"","meta":{"_acf_changed":false},"product_brand":[],"product_cat":[1032],"product_tag":[2689,2635,1499,764,1056],"class_list":{"0":"post-49144","1":"product","2":"type-product","3":"status-publish","4":"has-post-thumbnail","6":"product_cat-letteratura","7":"product_tag-espanol","8":"product_tag-letteratura","9":"product_tag-spagnolo","10":"product_tag-open-access-2","11":"product_tag-poesia","12":"pa_formato-cartaceo","13":"pa_formato-ebook-in-epub","14":"pa_formato-ebook-in-pdf","16":"first","17":"instock","18":"featured","19":"shipping-taxable","20":"purchasable","21":"product-type-variable"},"acf":[],"yoast_head":"<!-- This site is optimized with the Yoast SEO plugin v27.4 - https:\/\/yoast.com\/product\/yoast-seo-wordpress\/ -->\n<title>LA EXPRESI\u00d3N PO\u00c9TICA DE SHIRLEY CAMPBELL BARR Y MAYRA SANTOS FEBRES -<\/title>\n<meta name=\"description\" content=\"Ledizioni - Innovative Publishing. Casa editrice universitaria. Open Access. eBook, ePub. Creative Commons.\" \/>\n<meta name=\"robots\" content=\"index, follow, max-snippet:-1, max-image-preview:large, max-video-preview:-1\" \/>\n<link rel=\"canonical\" href=\"https:\/\/www.ledizioni.it\/en\/product\/la-expresion-poetica-de-shirley-campbell-barr-y-mayra-santos-febres\/\" \/>\n<meta property=\"og:locale\" content=\"en_GB\" \/>\n<meta property=\"og:type\" content=\"article\" \/>\n<meta property=\"og:title\" content=\"LA EXPRESI\u00d3N PO\u00c9TICA DE SHIRLEY CAMPBELL BARR Y MAYRA SANTOS FEBRES -\" \/>\n<meta property=\"og:description\" content=\"Ledizioni - Innovative Publishing. Casa editrice universitaria. Open Access. eBook, ePub. Creative Commons.\" \/>\n<meta property=\"og:url\" content=\"https:\/\/www.ledizioni.it\/en\/product\/la-expresion-poetica-de-shirley-campbell-barr-y-mayra-santos-febres\/\" \/>\n<meta property=\"og:site_name\" content=\"Ledizioni\" \/>\n<meta property=\"article:publisher\" content=\"https:\/\/www.facebook.com\/pages\/Ledizioni-LediPublishing\/109120559173329\" \/>\n<meta property=\"article:modified_time\" content=\"2022-09-05T09:32:49+00:00\" \/>\n<meta property=\"og:image\" content=\"https:\/\/www.ledizioni.it\/stag\/wp-content\/uploads\/2022\/03\/Carini_3D.jpg\" \/>\n\t<meta property=\"og:image:width\" content=\"500\" \/>\n\t<meta property=\"og:image:height\" content=\"652\" \/>\n\t<meta property=\"og:image:type\" content=\"image\/jpeg\" \/>\n<meta name=\"twitter:card\" content=\"summary_large_image\" \/>\n<meta name=\"twitter:site\" content=\"@ledizioni\" \/>\n<meta name=\"twitter:label1\" content=\"Estimated reading time\" \/>\n\t<meta name=\"twitter:data1\" content=\"1 minute\" \/>\n<script type=\"application\/ld+json\" class=\"yoast-schema-graph\">{\"@context\":\"https:\\\/\\\/schema.org\",\"@graph\":[{\"@type\":\"WebPage\",\"@id\":\"https:\\\/\\\/www.ledizioni.it\\\/en\\\/product\\\/la-expresion-poetica-de-shirley-campbell-barr-y-mayra-santos-febres\\\/\",\"url\":\"https:\\\/\\\/www.ledizioni.it\\\/en\\\/product\\\/la-expresion-poetica-de-shirley-campbell-barr-y-mayra-santos-febres\\\/\",\"name\":\"LA EXPRESI\u00d3N PO\u00c9TICA DE SHIRLEY CAMPBELL BARR Y MAYRA SANTOS FEBRES -\",\"isPartOf\":{\"@id\":\"https:\\\/\\\/www.ledizioni.it\\\/#website\"},\"primaryImageOfPage\":{\"@id\":\"https:\\\/\\\/www.ledizioni.it\\\/en\\\/product\\\/la-expresion-poetica-de-shirley-campbell-barr-y-mayra-santos-febres\\\/#primaryimage\"},\"image\":{\"@id\":\"https:\\\/\\\/www.ledizioni.it\\\/en\\\/product\\\/la-expresion-poetica-de-shirley-campbell-barr-y-mayra-santos-febres\\\/#primaryimage\"},\"thumbnailUrl\":\"https:\\\/\\\/www.ledizioni.it\\\/stag\\\/wp-content\\\/uploads\\\/2022\\\/03\\\/Carini_3D.jpg\",\"datePublished\":\"2022-03-04T13:54:29+00:00\",\"dateModified\":\"2022-09-05T09:32:49+00:00\",\"description\":\"Ledizioni - Innovative Publishing. Casa editrice universitaria. Open Access. eBook, ePub. Creative Commons.\",\"breadcrumb\":{\"@id\":\"https:\\\/\\\/www.ledizioni.it\\\/en\\\/product\\\/la-expresion-poetica-de-shirley-campbell-barr-y-mayra-santos-febres\\\/#breadcrumb\"},\"inLanguage\":\"en-GB\",\"potentialAction\":[{\"@type\":\"ReadAction\",\"target\":[\"https:\\\/\\\/www.ledizioni.it\\\/en\\\/product\\\/la-expresion-poetica-de-shirley-campbell-barr-y-mayra-santos-febres\\\/\"]}]},{\"@type\":\"ImageObject\",\"inLanguage\":\"en-GB\",\"@id\":\"https:\\\/\\\/www.ledizioni.it\\\/en\\\/product\\\/la-expresion-poetica-de-shirley-campbell-barr-y-mayra-santos-febres\\\/#primaryimage\",\"url\":\"https:\\\/\\\/www.ledizioni.it\\\/stag\\\/wp-content\\\/uploads\\\/2022\\\/03\\\/Carini_3D.jpg\",\"contentUrl\":\"https:\\\/\\\/www.ledizioni.it\\\/stag\\\/wp-content\\\/uploads\\\/2022\\\/03\\\/Carini_3D.jpg\",\"width\":500,\"height\":652},{\"@type\":\"BreadcrumbList\",\"@id\":\"https:\\\/\\\/www.ledizioni.it\\\/en\\\/product\\\/la-expresion-poetica-de-shirley-campbell-barr-y-mayra-santos-febres\\\/#breadcrumb\",\"itemListElement\":[{\"@type\":\"ListItem\",\"position\":1,\"name\":\"Shop\",\"item\":\"https:\\\/\\\/www.ledizioni.it\\\/shop-2\\\/\"},{\"@type\":\"ListItem\",\"position\":2,\"name\":\"LA EXPRESI\u00d3N PO\u00c9TICA DE SHIRLEY CAMPBELL BARR Y MAYRA SANTOS FEBRES\"}]},{\"@type\":\"WebSite\",\"@id\":\"https:\\\/\\\/www.ledizioni.it\\\/#website\",\"url\":\"https:\\\/\\\/www.ledizioni.it\\\/\",\"name\":\"Ledizioni\",\"description\":\"The Innovative LediPublishing Company - Casa Editrice Universitaria\",\"publisher\":{\"@id\":\"https:\\\/\\\/www.ledizioni.it\\\/#organization\"},\"potentialAction\":[{\"@type\":\"SearchAction\",\"target\":{\"@type\":\"EntryPoint\",\"urlTemplate\":\"https:\\\/\\\/www.ledizioni.it\\\/?s={search_term_string}\"},\"query-input\":{\"@type\":\"PropertyValueSpecification\",\"valueRequired\":true,\"valueName\":\"search_term_string\"}}],\"inLanguage\":\"en-GB\"},{\"@type\":\"Organization\",\"@id\":\"https:\\\/\\\/www.ledizioni.it\\\/#organization\",\"name\":\"Ledizioni\",\"url\":\"https:\\\/\\\/www.ledizioni.it\\\/\",\"logo\":{\"@type\":\"ImageObject\",\"inLanguage\":\"en-GB\",\"@id\":\"https:\\\/\\\/www.ledizioni.it\\\/#\\\/schema\\\/logo\\\/image\\\/\",\"url\":\"https:\\\/\\\/www.ledizioni.it\\\/stag\\\/wp-content\\\/uploads\\\/2023\\\/10\\\/newlogoledizioni500x110_2-1.jpg\",\"contentUrl\":\"https:\\\/\\\/www.ledizioni.it\\\/stag\\\/wp-content\\\/uploads\\\/2023\\\/10\\\/newlogoledizioni500x110_2-1.jpg\",\"width\":354,\"height\":87,\"caption\":\"Ledizioni\"},\"image\":{\"@id\":\"https:\\\/\\\/www.ledizioni.it\\\/#\\\/schema\\\/logo\\\/image\\\/\"},\"sameAs\":[\"https:\\\/\\\/www.facebook.com\\\/pages\\\/Ledizioni-LediPublishing\\\/109120559173329\",\"https:\\\/\\\/x.com\\\/ledizioni\"]}]}<\/script>\n<!-- \/ Yoast SEO plugin. -->","yoast_head_json":{"title":"LA EXPRESI\u00d3N PO\u00c9TICA DE SHIRLEY CAMPBELL BARR Y MAYRA SANTOS FEBRES -","description":"Ledizioni - Innovative Publishing. Casa editrice universitaria. Open Access. eBook, ePub. Creative Commons.","robots":{"index":"index","follow":"follow","max-snippet":"max-snippet:-1","max-image-preview":"max-image-preview:large","max-video-preview":"max-video-preview:-1"},"canonical":"https:\/\/www.ledizioni.it\/en\/product\/la-expresion-poetica-de-shirley-campbell-barr-y-mayra-santos-febres\/","og_locale":"en_GB","og_type":"article","og_title":"LA EXPRESI\u00d3N PO\u00c9TICA DE SHIRLEY CAMPBELL BARR Y MAYRA SANTOS FEBRES -","og_description":"Ledizioni - Innovative Publishing. Casa editrice universitaria. Open Access. eBook, ePub. Creative Commons.","og_url":"https:\/\/www.ledizioni.it\/en\/product\/la-expresion-poetica-de-shirley-campbell-barr-y-mayra-santos-febres\/","og_site_name":"Ledizioni","article_publisher":"https:\/\/www.facebook.com\/pages\/Ledizioni-LediPublishing\/109120559173329","article_modified_time":"2022-09-05T09:32:49+00:00","og_image":[{"width":500,"height":652,"url":"https:\/\/www.ledizioni.it\/stag\/wp-content\/uploads\/2022\/03\/Carini_3D.jpg","type":"image\/jpeg"}],"twitter_card":"summary_large_image","twitter_site":"@ledizioni","twitter_misc":{"Estimated reading time":"1 minute"},"schema":{"@context":"https:\/\/schema.org","@graph":[{"@type":"WebPage","@id":"https:\/\/www.ledizioni.it\/en\/product\/la-expresion-poetica-de-shirley-campbell-barr-y-mayra-santos-febres\/","url":"https:\/\/www.ledizioni.it\/en\/product\/la-expresion-poetica-de-shirley-campbell-barr-y-mayra-santos-febres\/","name":"LA EXPRESI\u00d3N PO\u00c9TICA DE SHIRLEY CAMPBELL BARR Y MAYRA SANTOS FEBRES -","isPartOf":{"@id":"https:\/\/www.ledizioni.it\/#website"},"primaryImageOfPage":{"@id":"https:\/\/www.ledizioni.it\/en\/product\/la-expresion-poetica-de-shirley-campbell-barr-y-mayra-santos-febres\/#primaryimage"},"image":{"@id":"https:\/\/www.ledizioni.it\/en\/product\/la-expresion-poetica-de-shirley-campbell-barr-y-mayra-santos-febres\/#primaryimage"},"thumbnailUrl":"https:\/\/www.ledizioni.it\/stag\/wp-content\/uploads\/2022\/03\/Carini_3D.jpg","datePublished":"2022-03-04T13:54:29+00:00","dateModified":"2022-09-05T09:32:49+00:00","description":"Ledizioni - Innovative Publishing. Casa editrice universitaria. Open Access. eBook, ePub. Creative Commons.","breadcrumb":{"@id":"https:\/\/www.ledizioni.it\/en\/product\/la-expresion-poetica-de-shirley-campbell-barr-y-mayra-santos-febres\/#breadcrumb"},"inLanguage":"en-GB","potentialAction":[{"@type":"ReadAction","target":["https:\/\/www.ledizioni.it\/en\/product\/la-expresion-poetica-de-shirley-campbell-barr-y-mayra-santos-febres\/"]}]},{"@type":"ImageObject","inLanguage":"en-GB","@id":"https:\/\/www.ledizioni.it\/en\/product\/la-expresion-poetica-de-shirley-campbell-barr-y-mayra-santos-febres\/#primaryimage","url":"https:\/\/www.ledizioni.it\/stag\/wp-content\/uploads\/2022\/03\/Carini_3D.jpg","contentUrl":"https:\/\/www.ledizioni.it\/stag\/wp-content\/uploads\/2022\/03\/Carini_3D.jpg","width":500,"height":652},{"@type":"BreadcrumbList","@id":"https:\/\/www.ledizioni.it\/en\/product\/la-expresion-poetica-de-shirley-campbell-barr-y-mayra-santos-febres\/#breadcrumb","itemListElement":[{"@type":"ListItem","position":1,"name":"Shop","item":"https:\/\/www.ledizioni.it\/shop-2\/"},{"@type":"ListItem","position":2,"name":"LA EXPRESI\u00d3N PO\u00c9TICA DE SHIRLEY CAMPBELL BARR Y MAYRA SANTOS FEBRES"}]},{"@type":"WebSite","@id":"https:\/\/www.ledizioni.it\/#website","url":"https:\/\/www.ledizioni.it\/","name":"Ledizioni","description":"The Innovative LediPublishing Company - Casa Editrice Universitaria","publisher":{"@id":"https:\/\/www.ledizioni.it\/#organization"},"potentialAction":[{"@type":"SearchAction","target":{"@type":"EntryPoint","urlTemplate":"https:\/\/www.ledizioni.it\/?s={search_term_string}"},"query-input":{"@type":"PropertyValueSpecification","valueRequired":true,"valueName":"search_term_string"}}],"inLanguage":"en-GB"},{"@type":"Organization","@id":"https:\/\/www.ledizioni.it\/#organization","name":"Ledizioni","url":"https:\/\/www.ledizioni.it\/","logo":{"@type":"ImageObject","inLanguage":"en-GB","@id":"https:\/\/www.ledizioni.it\/#\/schema\/logo\/image\/","url":"https:\/\/www.ledizioni.it\/stag\/wp-content\/uploads\/2023\/10\/newlogoledizioni500x110_2-1.jpg","contentUrl":"https:\/\/www.ledizioni.it\/stag\/wp-content\/uploads\/2023\/10\/newlogoledizioni500x110_2-1.jpg","width":354,"height":87,"caption":"Ledizioni"},"image":{"@id":"https:\/\/www.ledizioni.it\/#\/schema\/logo\/image\/"},"sameAs":["https:\/\/www.facebook.com\/pages\/Ledizioni-LediPublishing\/109120559173329","https:\/\/x.com\/ledizioni"]}]}},"jetpack_sharing_enabled":true,"_links":{"self":[{"href":"https:\/\/www.ledizioni.it\/en\/wp-json\/wp\/v2\/product\/49144","targetHints":{"allow":["GET"]}}],"collection":[{"href":"https:\/\/www.ledizioni.it\/en\/wp-json\/wp\/v2\/product"}],"about":[{"href":"https:\/\/www.ledizioni.it\/en\/wp-json\/wp\/v2\/types\/product"}],"replies":[{"embeddable":true,"href":"https:\/\/www.ledizioni.it\/en\/wp-json\/wp\/v2\/comments?post=49144"}],"version-history":[{"count":1,"href":"https:\/\/www.ledizioni.it\/en\/wp-json\/wp\/v2\/product\/49144\/revisions"}],"predecessor-version":[{"id":49886,"href":"https:\/\/www.ledizioni.it\/en\/wp-json\/wp\/v2\/product\/49144\/revisions\/49886"}],"wp:featuredmedia":[{"embeddable":true,"href":"https:\/\/www.ledizioni.it\/en\/wp-json\/wp\/v2\/media\/49146"}],"wp:attachment":[{"href":"https:\/\/www.ledizioni.it\/en\/wp-json\/wp\/v2\/media?parent=49144"}],"wp:term":[{"taxonomy":"product_brand","embeddable":true,"href":"https:\/\/www.ledizioni.it\/en\/wp-json\/wp\/v2\/product_brand?post=49144"},{"taxonomy":"product_cat","embeddable":true,"href":"https:\/\/www.ledizioni.it\/en\/wp-json\/wp\/v2\/product_cat?post=49144"},{"taxonomy":"product_tag","embeddable":true,"href":"https:\/\/www.ledizioni.it\/en\/wp-json\/wp\/v2\/product_tag?post=49144"}],"curies":[{"name":"wp","href":"https:\/\/api.w.org\/{rel}","templated":true}]}}