{"id":49782,"date":"2024-05-10T08:36:55","date_gmt":"2024-05-10T06:36:55","guid":{"rendered":"https:\/\/www.ledizioni.it\/?post_type=product&#038;p=49782"},"modified":"2024-05-10T11:26:06","modified_gmt":"2024-05-10T09:26:06","slug":"per-una-storia-dellautobiografia-araba","status":"publish","type":"product","link":"https:\/\/www.ledizioni.it\/en\/product\/per-una-storia-dellautobiografia-araba\/","title":{"rendered":"PER UNA STORIA DELL\u2019AUTOBIOGRAFIA ARABA"},"content":{"rendered":"<p style=\"text-align: justify;\">Il testo si propone di trattare l&#8217;evolversi del genere autobiografico nella letteratura araba moderna, concentrandosi sulla peculiarit\u00e0 del caso egiziano, il paese dell&#8217;opera autobiografica canone per eccellenza, al-Ayy\u0101m di \u1e6c\u0101h\u0101 \u1e24usayn, dove con l&#8217;arrivo della spedizione francese di Napoleone Bonaparte nel 1798 gli egiziani e con loro tutto il mondo arabo vissero un nuovo scontro\/incontro cruciale con l&#8217;Occidente, l&#8217;Altro per antonomasia. A partire da quella data, vari intellettuali egiziani, anche nei loro testi auto-biografici avviarono un lungo percorso di riscoperta del s\u00e9 nello specchio e in luce della scoperta dell&#8217;altro, prima in Egitto come nel caso di \u02bfAbd al-Ra\u1e25m\u0101n al-\u01e6abart\u012b (1753-1825), e poi a Parigi come nel caso di Rif\u0101\u02bfa R\u0101fi\u02bf al-\u1e6cah\u1e6d\u0101w\u012b (1801-1873), nel suo Ta\u1e2bl\u012b\u1e63 al-ibr\u012bz f\u012b tal\u1e2b\u012b\u1e63 B\u0101r\u012bz del 1834. Questa relazione complicata di amore e odio tra gli intellettuali egiziani e l\u2019Occidente continu\u00f2 anche dopo la morte di Mu\u1e25ammad \u02bfAl\u012b e la distruzione del suo progetto di modernizzazione, specialmente con l\u2019arrivo di Ism\u0101\u02bf\u012bl Pasci\u00e0 (1830-1895). In questa prospettiva si pu\u00f2 leggere l\u2019opera autobiografica di \u2018Al\u012b Mub\u0101rak (1824\u20131893), sia quella tradizionale nel suo al-\u1e2ai\u1e6da\u1e6d al-Tawf\u012bqiyya, che quella romanzata in \u2018Alam al-D\u012bn (1882). Ultimo, ma non meno interessante ed importante, merita maggiore approfondimento l\u2019autobiografia di Mu\u1e25ammad \u2018Abduh (1849-1905). Il tutto in base ad un approccio analitico storico-comparatistico che s\u2019impegna a leggere le varie forme di scrittura auto-biografica nel suo contesto storico, e in quanto un ponte tra il mondo delle idee e delle teorie e quello intimo e pi\u00f9 vicino ai sentimenti e alle emozioni di una intellighenzia che con il suo impegno ha spianato la strada alla nah\u1e0dah, e alla generazione di \u1e6c\u0101h\u0101 \u1e24usayn ed i suoi compagni.<\/p>\n<p><strong>DATI BIBLIOGRAFICI<\/strong><br \/>\nAutore: Muhammad AbdelKader Kenawi<br \/>\nPrefazione: Isabella Camera D\u2019Afflitto<br \/>\nEditore: Ledizioni<br \/>\nPubblicato nel: maggio 2024<br \/>\nFormato: brossura, 154 p. &#8211; PDF<br \/>\nISBN cartaceo: 9791256001231<br \/>\nISBN PDF: 9788855266727<br \/>\nPrezzo cartaceo: 18,00 \u20ac<br \/>\nPrezzo PDF: 9,90 \u20ac<br \/>\n<a href=\"http:\/\/digital.casalini.it\/9788855266727\"><img decoding=\"async\" class=\"aligncenter wp-image-23912\" src=\"https:\/\/www.ledizioni.it\/stag\/wp-content\/uploads\/2019\/07\/torrossa_web-150x80.jpg\" alt=\"\" width=\"200\" height=\"60\" \/><\/a><\/p>","protected":false},"excerpt":{"rendered":"<p>Il testo si propone di trattare l&#8217;evolversi del genere autobiografico nella letteratura araba moderna, concentrandosi sulla peculiarit\u00e0 del caso egiziano,<\/p>","protected":false},"featured_media":65030,"comment_status":"open","ping_status":"closed","template":"","meta":{"_acf_changed":false},"product_brand":[],"product_cat":[1032],"product_tag":[852,2635,2695,832],"class_list":{"0":"post-49782","1":"product","2":"type-product","3":"status-publish","4":"has-post-thumbnail","6":"product_cat-letteratura","7":"product_tag-autobiografia","8":"product_tag-letteratura","9":"product_tag-lingua-araba","10":"product_tag-traduzione","11":"pa_formato-cartaceo","12":"pa_formato-ebook-in-pdf","14":"first","15":"instock","16":"featured","17":"shipping-taxable","18":"purchasable","19":"product-type-variable"},"acf":[],"yoast_head":"<!-- This site is optimized with the Yoast SEO plugin v27.5 - https:\/\/yoast.com\/product\/yoast-seo-wordpress\/ -->\n<title>PER UNA STORIA DELL\u2019AUTOBIOGRAFIA ARABA -<\/title>\n<meta name=\"description\" content=\"Ledizioni - Innovative Publishing. Casa editrice universitaria. Open Access. eBook, ePub. Creative Commons.\" \/>\n<meta name=\"robots\" content=\"index, follow, max-snippet:-1, max-image-preview:large, max-video-preview:-1\" \/>\n<link rel=\"canonical\" href=\"https:\/\/www.ledizioni.it\/en\/product\/per-una-storia-dellautobiografia-araba\/\" \/>\n<meta property=\"og:locale\" content=\"en_GB\" \/>\n<meta property=\"og:type\" content=\"article\" \/>\n<meta property=\"og:title\" content=\"PER UNA STORIA DELL\u2019AUTOBIOGRAFIA ARABA -\" \/>\n<meta property=\"og:description\" content=\"Ledizioni - Innovative Publishing. Casa editrice universitaria. Open Access. eBook, ePub. Creative Commons.\" \/>\n<meta property=\"og:url\" content=\"https:\/\/www.ledizioni.it\/en\/product\/per-una-storia-dellautobiografia-araba\/\" \/>\n<meta property=\"og:site_name\" content=\"Ledizioni\" \/>\n<meta property=\"article:publisher\" content=\"https:\/\/www.facebook.com\/pages\/Ledizioni-LediPublishing\/109120559173329\" \/>\n<meta property=\"article:modified_time\" content=\"2024-05-10T09:26:06+00:00\" \/>\n<meta property=\"og:image\" content=\"https:\/\/www.ledizioni.it\/stag\/wp-content\/uploads\/2022\/03\/Kenawi-cover-3D.jpg\" \/>\n\t<meta property=\"og:image:width\" content=\"1522\" \/>\n\t<meta property=\"og:image:height\" content=\"1986\" \/>\n\t<meta property=\"og:image:type\" content=\"image\/jpeg\" \/>\n<meta name=\"twitter:card\" content=\"summary_large_image\" \/>\n<meta name=\"twitter:site\" content=\"@ledizioni\" \/>\n<meta name=\"twitter:label1\" content=\"Estimated reading time\" \/>\n\t<meta name=\"twitter:data1\" content=\"3 minutes\" \/>\n<script type=\"application\/ld+json\" class=\"yoast-schema-graph\">{\"@context\":\"https:\\\/\\\/schema.org\",\"@graph\":[{\"@type\":\"WebPage\",\"@id\":\"https:\\\/\\\/www.ledizioni.it\\\/prodotto\\\/per-una-storia-dellautobiografia-araba\\\/\",\"url\":\"https:\\\/\\\/www.ledizioni.it\\\/prodotto\\\/per-una-storia-dellautobiografia-araba\\\/\",\"name\":\"PER UNA STORIA DELL\u2019AUTOBIOGRAFIA ARABA -\",\"isPartOf\":{\"@id\":\"https:\\\/\\\/www.ledizioni.it\\\/#website\"},\"primaryImageOfPage\":{\"@id\":\"https:\\\/\\\/www.ledizioni.it\\\/prodotto\\\/per-una-storia-dellautobiografia-araba\\\/#primaryimage\"},\"image\":{\"@id\":\"https:\\\/\\\/www.ledizioni.it\\\/prodotto\\\/per-una-storia-dellautobiografia-araba\\\/#primaryimage\"},\"thumbnailUrl\":\"https:\\\/\\\/www.ledizioni.it\\\/stag\\\/wp-content\\\/uploads\\\/2022\\\/03\\\/Kenawi-cover-3D.jpg\",\"datePublished\":\"2024-05-10T06:36:55+00:00\",\"dateModified\":\"2024-05-10T09:26:06+00:00\",\"description\":\"Ledizioni - Innovative Publishing. Casa editrice universitaria. Open Access. eBook, ePub. Creative Commons.\",\"breadcrumb\":{\"@id\":\"https:\\\/\\\/www.ledizioni.it\\\/prodotto\\\/per-una-storia-dellautobiografia-araba\\\/#breadcrumb\"},\"inLanguage\":\"en-GB\",\"potentialAction\":[{\"@type\":\"ReadAction\",\"target\":[\"https:\\\/\\\/www.ledizioni.it\\\/prodotto\\\/per-una-storia-dellautobiografia-araba\\\/\"]}]},{\"@type\":\"ImageObject\",\"inLanguage\":\"en-GB\",\"@id\":\"https:\\\/\\\/www.ledizioni.it\\\/prodotto\\\/per-una-storia-dellautobiografia-araba\\\/#primaryimage\",\"url\":\"https:\\\/\\\/www.ledizioni.it\\\/stag\\\/wp-content\\\/uploads\\\/2022\\\/03\\\/Kenawi-cover-3D.jpg\",\"contentUrl\":\"https:\\\/\\\/www.ledizioni.it\\\/stag\\\/wp-content\\\/uploads\\\/2022\\\/03\\\/Kenawi-cover-3D.jpg\",\"width\":1522,\"height\":1986},{\"@type\":\"BreadcrumbList\",\"@id\":\"https:\\\/\\\/www.ledizioni.it\\\/prodotto\\\/per-una-storia-dellautobiografia-araba\\\/#breadcrumb\",\"itemListElement\":[{\"@type\":\"ListItem\",\"position\":1,\"name\":\"Shop\",\"item\":\"https:\\\/\\\/www.ledizioni.it\\\/shop-2\\\/\"},{\"@type\":\"ListItem\",\"position\":2,\"name\":\"PER UNA STORIA DELL\u2019AUTOBIOGRAFIA ARABA\"}]},{\"@type\":\"WebSite\",\"@id\":\"https:\\\/\\\/www.ledizioni.it\\\/#website\",\"url\":\"https:\\\/\\\/www.ledizioni.it\\\/\",\"name\":\"Ledizioni\",\"description\":\"The Innovative LediPublishing Company - Casa Editrice Universitaria\",\"publisher\":{\"@id\":\"https:\\\/\\\/www.ledizioni.it\\\/#organization\"},\"potentialAction\":[{\"@type\":\"SearchAction\",\"target\":{\"@type\":\"EntryPoint\",\"urlTemplate\":\"https:\\\/\\\/www.ledizioni.it\\\/?s={search_term_string}\"},\"query-input\":{\"@type\":\"PropertyValueSpecification\",\"valueRequired\":true,\"valueName\":\"search_term_string\"}}],\"inLanguage\":\"en-GB\"},{\"@type\":\"Organization\",\"@id\":\"https:\\\/\\\/www.ledizioni.it\\\/#organization\",\"name\":\"Ledizioni\",\"url\":\"https:\\\/\\\/www.ledizioni.it\\\/\",\"logo\":{\"@type\":\"ImageObject\",\"inLanguage\":\"en-GB\",\"@id\":\"https:\\\/\\\/www.ledizioni.it\\\/#\\\/schema\\\/logo\\\/image\\\/\",\"url\":\"https:\\\/\\\/www.ledizioni.it\\\/stag\\\/wp-content\\\/uploads\\\/2023\\\/10\\\/newlogoledizioni500x110_2-1.jpg\",\"contentUrl\":\"https:\\\/\\\/www.ledizioni.it\\\/stag\\\/wp-content\\\/uploads\\\/2023\\\/10\\\/newlogoledizioni500x110_2-1.jpg\",\"width\":354,\"height\":87,\"caption\":\"Ledizioni\"},\"image\":{\"@id\":\"https:\\\/\\\/www.ledizioni.it\\\/#\\\/schema\\\/logo\\\/image\\\/\"},\"sameAs\":[\"https:\\\/\\\/www.facebook.com\\\/pages\\\/Ledizioni-LediPublishing\\\/109120559173329\",\"https:\\\/\\\/x.com\\\/ledizioni\"]}]}<\/script>\n<!-- \/ Yoast SEO plugin. -->","yoast_head_json":{"title":"PER UNA STORIA DELL\u2019AUTOBIOGRAFIA ARABA -","description":"Ledizioni - Innovative Publishing. Casa editrice universitaria. Open Access. eBook, ePub. Creative Commons.","robots":{"index":"index","follow":"follow","max-snippet":"max-snippet:-1","max-image-preview":"max-image-preview:large","max-video-preview":"max-video-preview:-1"},"canonical":"https:\/\/www.ledizioni.it\/en\/product\/per-una-storia-dellautobiografia-araba\/","og_locale":"en_GB","og_type":"article","og_title":"PER UNA STORIA DELL\u2019AUTOBIOGRAFIA ARABA -","og_description":"Ledizioni - Innovative Publishing. Casa editrice universitaria. Open Access. eBook, ePub. Creative Commons.","og_url":"https:\/\/www.ledizioni.it\/en\/product\/per-una-storia-dellautobiografia-araba\/","og_site_name":"Ledizioni","article_publisher":"https:\/\/www.facebook.com\/pages\/Ledizioni-LediPublishing\/109120559173329","article_modified_time":"2024-05-10T09:26:06+00:00","og_image":[{"width":1522,"height":1986,"url":"https:\/\/www.ledizioni.it\/stag\/wp-content\/uploads\/2022\/03\/Kenawi-cover-3D.jpg","type":"image\/jpeg"}],"twitter_card":"summary_large_image","twitter_site":"@ledizioni","twitter_misc":{"Estimated reading time":"3 minutes"},"schema":{"@context":"https:\/\/schema.org","@graph":[{"@type":"WebPage","@id":"https:\/\/www.ledizioni.it\/prodotto\/per-una-storia-dellautobiografia-araba\/","url":"https:\/\/www.ledizioni.it\/prodotto\/per-una-storia-dellautobiografia-araba\/","name":"PER UNA STORIA DELL\u2019AUTOBIOGRAFIA ARABA -","isPartOf":{"@id":"https:\/\/www.ledizioni.it\/#website"},"primaryImageOfPage":{"@id":"https:\/\/www.ledizioni.it\/prodotto\/per-una-storia-dellautobiografia-araba\/#primaryimage"},"image":{"@id":"https:\/\/www.ledizioni.it\/prodotto\/per-una-storia-dellautobiografia-araba\/#primaryimage"},"thumbnailUrl":"https:\/\/www.ledizioni.it\/stag\/wp-content\/uploads\/2022\/03\/Kenawi-cover-3D.jpg","datePublished":"2024-05-10T06:36:55+00:00","dateModified":"2024-05-10T09:26:06+00:00","description":"Ledizioni - Innovative Publishing. Casa editrice universitaria. Open Access. eBook, ePub. Creative Commons.","breadcrumb":{"@id":"https:\/\/www.ledizioni.it\/prodotto\/per-una-storia-dellautobiografia-araba\/#breadcrumb"},"inLanguage":"en-GB","potentialAction":[{"@type":"ReadAction","target":["https:\/\/www.ledizioni.it\/prodotto\/per-una-storia-dellautobiografia-araba\/"]}]},{"@type":"ImageObject","inLanguage":"en-GB","@id":"https:\/\/www.ledizioni.it\/prodotto\/per-una-storia-dellautobiografia-araba\/#primaryimage","url":"https:\/\/www.ledizioni.it\/stag\/wp-content\/uploads\/2022\/03\/Kenawi-cover-3D.jpg","contentUrl":"https:\/\/www.ledizioni.it\/stag\/wp-content\/uploads\/2022\/03\/Kenawi-cover-3D.jpg","width":1522,"height":1986},{"@type":"BreadcrumbList","@id":"https:\/\/www.ledizioni.it\/prodotto\/per-una-storia-dellautobiografia-araba\/#breadcrumb","itemListElement":[{"@type":"ListItem","position":1,"name":"Shop","item":"https:\/\/www.ledizioni.it\/shop-2\/"},{"@type":"ListItem","position":2,"name":"PER UNA STORIA DELL\u2019AUTOBIOGRAFIA ARABA"}]},{"@type":"WebSite","@id":"https:\/\/www.ledizioni.it\/#website","url":"https:\/\/www.ledizioni.it\/","name":"Ledizioni","description":"The Innovative LediPublishing Company - Casa Editrice Universitaria","publisher":{"@id":"https:\/\/www.ledizioni.it\/#organization"},"potentialAction":[{"@type":"SearchAction","target":{"@type":"EntryPoint","urlTemplate":"https:\/\/www.ledizioni.it\/?s={search_term_string}"},"query-input":{"@type":"PropertyValueSpecification","valueRequired":true,"valueName":"search_term_string"}}],"inLanguage":"en-GB"},{"@type":"Organization","@id":"https:\/\/www.ledizioni.it\/#organization","name":"Ledizioni","url":"https:\/\/www.ledizioni.it\/","logo":{"@type":"ImageObject","inLanguage":"en-GB","@id":"https:\/\/www.ledizioni.it\/#\/schema\/logo\/image\/","url":"https:\/\/www.ledizioni.it\/stag\/wp-content\/uploads\/2023\/10\/newlogoledizioni500x110_2-1.jpg","contentUrl":"https:\/\/www.ledizioni.it\/stag\/wp-content\/uploads\/2023\/10\/newlogoledizioni500x110_2-1.jpg","width":354,"height":87,"caption":"Ledizioni"},"image":{"@id":"https:\/\/www.ledizioni.it\/#\/schema\/logo\/image\/"},"sameAs":["https:\/\/www.facebook.com\/pages\/Ledizioni-LediPublishing\/109120559173329","https:\/\/x.com\/ledizioni"]}]}},"jetpack_sharing_enabled":true,"_links":{"self":[{"href":"https:\/\/www.ledizioni.it\/en\/wp-json\/wp\/v2\/product\/49782","targetHints":{"allow":["GET"]}}],"collection":[{"href":"https:\/\/www.ledizioni.it\/en\/wp-json\/wp\/v2\/product"}],"about":[{"href":"https:\/\/www.ledizioni.it\/en\/wp-json\/wp\/v2\/types\/product"}],"replies":[{"embeddable":true,"href":"https:\/\/www.ledizioni.it\/en\/wp-json\/wp\/v2\/comments?post=49782"}],"version-history":[{"count":3,"href":"https:\/\/www.ledizioni.it\/en\/wp-json\/wp\/v2\/product\/49782\/revisions"}],"predecessor-version":[{"id":65035,"href":"https:\/\/www.ledizioni.it\/en\/wp-json\/wp\/v2\/product\/49782\/revisions\/65035"}],"wp:featuredmedia":[{"embeddable":true,"href":"https:\/\/www.ledizioni.it\/en\/wp-json\/wp\/v2\/media\/65030"}],"wp:attachment":[{"href":"https:\/\/www.ledizioni.it\/en\/wp-json\/wp\/v2\/media?parent=49782"}],"wp:term":[{"taxonomy":"product_brand","embeddable":true,"href":"https:\/\/www.ledizioni.it\/en\/wp-json\/wp\/v2\/product_brand?post=49782"},{"taxonomy":"product_cat","embeddable":true,"href":"https:\/\/www.ledizioni.it\/en\/wp-json\/wp\/v2\/product_cat?post=49782"},{"taxonomy":"product_tag","embeddable":true,"href":"https:\/\/www.ledizioni.it\/en\/wp-json\/wp\/v2\/product_tag?post=49782"}],"curies":[{"name":"wp","href":"https:\/\/api.w.org\/{rel}","templated":true}]}}