{"id":50181,"date":"2022-03-28T17:08:48","date_gmt":"2022-03-28T15:08:48","guid":{"rendered":"https:\/\/www.ledizioni.it\/?post_type=product&#038;p=50181"},"modified":"2022-09-05T11:30:32","modified_gmt":"2022-09-05T09:30:32","slug":"didattica-della-storia-e-consapevolezza-di-cittadinanza","status":"publish","type":"product","link":"https:\/\/www.ledizioni.it\/en\/product\/didattica-della-storia-e-consapevolezza-di-cittadinanza\/","title":{"rendered":"DIDATTICA DELLA STORIA E CONSAPEVOLEZZA DI CITTADINANZA"},"content":{"rendered":"<p style=\"text-align: justify;\">La riflessione sulla didattica che sta coinvolgendo in modo consapevole e crescente la scuola italiana non poteva non riguardare l\u2019insegnamento della Storia.<br \/>\nStoria come disciplina, storia come oggetto di studio: domini diversi che nella didattica e nell\u2019insegnamento si intersecano particolarmente, convinti come siamo che la scuola \u00e8 oggi tenuta a offrire competenze abilitanti, oltre che nozioni e cognizioni, a interagire con i significati, pi\u00f9 che a riproporre staticamente il gi\u00e0 dato.<br \/>\nLa didattica della storia, in questi termini, si presenta come un banco di prova di grande interesse per il rinnovamento dell\u2019insegnamento. Una rinnovata e pi\u00f9 rigorosa, sistematica e consapevole riflessione su di essa si impone come necessaria e opportuna.<br \/>\nIn un percorso tra il formativo e l\u2019esplorativo, il Tavolo tecnico-scientifico della didattica della storia di USR Lombardia, con un ampio gruppo di docenti delle scuole lombarde, negli anni scolastici 2016-2019 ha inteso \u2018fare il punto\u2019 sulla pratica dell\u2019insegnamento della storia per un rilancio della riflessione metodologica.<br \/>\nGli esiti sono in questa pubblicazione, consegnata ai docenti della disciplina e a quanti considerano irrinunciabile il valore della memoria storica per lo sviluppo delle competenze di cittadinanza e di educazione civica dei nostri giovani.<\/p>\n<p><strong>DATI BIBLIOGRAFICI<\/strong><br \/>\nA cura di: Tavolo tecnico-scientifico della didattica della storia USR Lombardia<br \/>\nEditore: Ledizioni<br \/>\nPubblicato nel: marzo 2022<br \/>\nISBN: 9788855266284<br \/>\nFormato: PDF in Open Access<br \/>\n<a href=\"http:\/\/digital.casalini.it\/9788855266284\"><img decoding=\"async\" class=\"aligncenter wp-image-23912\" src=\"https:\/\/www.ledizioni.it\/stag\/wp-content\/uploads\/2019\/07\/torrossa_web-150x80.jpg\" alt=\"\" width=\"200\" height=\"60\" \/><\/a><br \/>\n<a href=\"https:\/\/www.amazon.it\/Didattica-della-storia-consapevolezza-cittadinanza-ebook\/dp\/B09Z73ZWBM\/ref=sr_1_1?__mk_it_IT=%C3%85M%C3%85%C5%BD%C3%95%C3%91&#038;crid=1T68IE9DC659E&#038;keywords=didattica+della+storia+e+consapevolezza+di+cittadinanza&#038;qid=1662370149&#038;sprefix=didattica+della+storia+e+consapevolezza+di+cittadinanza%2Caps%2C106&#038;sr=8-1\" target=\"_blank\" rel=\"noopener\"><img decoding=\"async\" class=\"aligncenter size-medium wp-image-23060\" src=\"https:\/\/www.ledizioni.it\/stag\/wp-content\/uploads\/2018\/10\/pulsante-amazon-1-300x104.jpg\" alt=\"\" width=\"150\" height=\"50\" \/><\/a><img decoding=\"async\" style=\"border: none !important; margin: 0px !important;\" src=\"\/\/ir-it.amazon-adsystem.com\/e\/ir?t=ledizioni-21&amp;l=am2&amp;o=29&amp;a=8867057839\" alt=\"\" width=\"1\" height=\"1\" border=\"0\" \/><\/p>","protected":false},"excerpt":{"rendered":"<p>La riflessione sulla didattica che sta coinvolgendo in modo consapevole e crescente la scuola italiana non poteva non riguardare l\u2019insegnamento<\/p>","protected":false},"featured_media":50182,"comment_status":"open","ping_status":"closed","template":"","meta":{"_acf_changed":false},"product_brand":[],"product_cat":[763],"product_tag":[735,2698,764,926],"class_list":{"0":"post-50181","1":"product","2":"type-product","3":"status-publish","4":"has-post-thumbnail","6":"product_cat-didattica-scienze-umane-2","7":"product_tag-didattica-2","8":"product_tag-istruzione","9":"product_tag-open-access-2","10":"product_tag-scuola","12":"first","13":"instock","14":"featured","15":"downloadable","16":"virtual","17":"purchasable","18":"product-type-simple"},"acf":[],"yoast_head":"<!-- This site is optimized with the Yoast SEO plugin v27.3 - https:\/\/yoast.com\/product\/yoast-seo-wordpress\/ -->\n<title>DIDATTICA DELLA STORIA E CONSAPEVOLEZZA DI CITTADINANZA -<\/title>\n<meta name=\"description\" content=\"Ledizioni - Innovative Publishing. Casa editrice universitaria. Open Access. eBook, ePub. Creative Commons.\" \/>\n<meta name=\"robots\" content=\"index, follow, max-snippet:-1, max-image-preview:large, max-video-preview:-1\" \/>\n<link rel=\"canonical\" href=\"https:\/\/www.ledizioni.it\/en\/product\/didattica-della-storia-e-consapevolezza-di-cittadinanza\/\" \/>\n<meta property=\"og:locale\" content=\"en_GB\" \/>\n<meta property=\"og:type\" content=\"article\" \/>\n<meta property=\"og:title\" content=\"DIDATTICA DELLA STORIA E CONSAPEVOLEZZA DI CITTADINANZA -\" \/>\n<meta property=\"og:description\" content=\"Ledizioni - Innovative Publishing. Casa editrice universitaria. Open Access. eBook, ePub. Creative Commons.\" \/>\n<meta property=\"og:url\" content=\"https:\/\/www.ledizioni.it\/en\/product\/didattica-della-storia-e-consapevolezza-di-cittadinanza\/\" \/>\n<meta property=\"og:site_name\" content=\"Ledizioni\" \/>\n<meta property=\"article:publisher\" content=\"https:\/\/www.facebook.com\/pages\/Ledizioni-LediPublishing\/109120559173329\" \/>\n<meta property=\"article:modified_time\" content=\"2022-09-05T09:30:32+00:00\" \/>\n<meta property=\"og:image\" content=\"https:\/\/www.ledizioni.it\/stag\/wp-content\/uploads\/2022\/03\/CoverCapuzzo_3D.jpg\" \/>\n\t<meta property=\"og:image:width\" content=\"571\" \/>\n\t<meta property=\"og:image:height\" content=\"709\" \/>\n\t<meta property=\"og:image:type\" content=\"image\/jpeg\" \/>\n<meta name=\"twitter:card\" content=\"summary_large_image\" \/>\n<meta name=\"twitter:site\" content=\"@ledizioni\" \/>\n<meta name=\"twitter:label1\" content=\"Estimated reading time\" \/>\n\t<meta name=\"twitter:data1\" content=\"1 minute\" \/>\n<script type=\"application\/ld+json\" class=\"yoast-schema-graph\">{\"@context\":\"https:\\\/\\\/schema.org\",\"@graph\":[{\"@type\":\"WebPage\",\"@id\":\"https:\\\/\\\/www.ledizioni.it\\\/prodotto\\\/didattica-della-storia-e-consapevolezza-di-cittadinanza\\\/\",\"url\":\"https:\\\/\\\/www.ledizioni.it\\\/prodotto\\\/didattica-della-storia-e-consapevolezza-di-cittadinanza\\\/\",\"name\":\"DIDATTICA DELLA STORIA E CONSAPEVOLEZZA DI CITTADINANZA -\",\"isPartOf\":{\"@id\":\"https:\\\/\\\/www.ledizioni.it\\\/#website\"},\"primaryImageOfPage\":{\"@id\":\"https:\\\/\\\/www.ledizioni.it\\\/prodotto\\\/didattica-della-storia-e-consapevolezza-di-cittadinanza\\\/#primaryimage\"},\"image\":{\"@id\":\"https:\\\/\\\/www.ledizioni.it\\\/prodotto\\\/didattica-della-storia-e-consapevolezza-di-cittadinanza\\\/#primaryimage\"},\"thumbnailUrl\":\"https:\\\/\\\/www.ledizioni.it\\\/stag\\\/wp-content\\\/uploads\\\/2022\\\/03\\\/CoverCapuzzo_3D.jpg\",\"datePublished\":\"2022-03-28T15:08:48+00:00\",\"dateModified\":\"2022-09-05T09:30:32+00:00\",\"description\":\"Ledizioni - Innovative Publishing. Casa editrice universitaria. Open Access. eBook, ePub. Creative Commons.\",\"breadcrumb\":{\"@id\":\"https:\\\/\\\/www.ledizioni.it\\\/prodotto\\\/didattica-della-storia-e-consapevolezza-di-cittadinanza\\\/#breadcrumb\"},\"inLanguage\":\"en-GB\",\"potentialAction\":[{\"@type\":\"ReadAction\",\"target\":[\"https:\\\/\\\/www.ledizioni.it\\\/prodotto\\\/didattica-della-storia-e-consapevolezza-di-cittadinanza\\\/\"]}]},{\"@type\":\"ImageObject\",\"inLanguage\":\"en-GB\",\"@id\":\"https:\\\/\\\/www.ledizioni.it\\\/prodotto\\\/didattica-della-storia-e-consapevolezza-di-cittadinanza\\\/#primaryimage\",\"url\":\"https:\\\/\\\/www.ledizioni.it\\\/stag\\\/wp-content\\\/uploads\\\/2022\\\/03\\\/CoverCapuzzo_3D.jpg\",\"contentUrl\":\"https:\\\/\\\/www.ledizioni.it\\\/stag\\\/wp-content\\\/uploads\\\/2022\\\/03\\\/CoverCapuzzo_3D.jpg\",\"width\":571,\"height\":709},{\"@type\":\"BreadcrumbList\",\"@id\":\"https:\\\/\\\/www.ledizioni.it\\\/prodotto\\\/didattica-della-storia-e-consapevolezza-di-cittadinanza\\\/#breadcrumb\",\"itemListElement\":[{\"@type\":\"ListItem\",\"position\":1,\"name\":\"Shop\",\"item\":\"https:\\\/\\\/www.ledizioni.it\\\/shop-2\\\/\"},{\"@type\":\"ListItem\",\"position\":2,\"name\":\"DIDATTICA DELLA STORIA E CONSAPEVOLEZZA DI CITTADINANZA\"}]},{\"@type\":\"WebSite\",\"@id\":\"https:\\\/\\\/www.ledizioni.it\\\/#website\",\"url\":\"https:\\\/\\\/www.ledizioni.it\\\/\",\"name\":\"Ledizioni\",\"description\":\"The Innovative LediPublishing Company - Casa Editrice Universitaria\",\"publisher\":{\"@id\":\"https:\\\/\\\/www.ledizioni.it\\\/#organization\"},\"potentialAction\":[{\"@type\":\"SearchAction\",\"target\":{\"@type\":\"EntryPoint\",\"urlTemplate\":\"https:\\\/\\\/www.ledizioni.it\\\/?s={search_term_string}\"},\"query-input\":{\"@type\":\"PropertyValueSpecification\",\"valueRequired\":true,\"valueName\":\"search_term_string\"}}],\"inLanguage\":\"en-GB\"},{\"@type\":\"Organization\",\"@id\":\"https:\\\/\\\/www.ledizioni.it\\\/#organization\",\"name\":\"Ledizioni\",\"url\":\"https:\\\/\\\/www.ledizioni.it\\\/\",\"logo\":{\"@type\":\"ImageObject\",\"inLanguage\":\"en-GB\",\"@id\":\"https:\\\/\\\/www.ledizioni.it\\\/#\\\/schema\\\/logo\\\/image\\\/\",\"url\":\"https:\\\/\\\/www.ledizioni.it\\\/stag\\\/wp-content\\\/uploads\\\/2023\\\/10\\\/newlogoledizioni500x110_2-1.jpg\",\"contentUrl\":\"https:\\\/\\\/www.ledizioni.it\\\/stag\\\/wp-content\\\/uploads\\\/2023\\\/10\\\/newlogoledizioni500x110_2-1.jpg\",\"width\":354,\"height\":87,\"caption\":\"Ledizioni\"},\"image\":{\"@id\":\"https:\\\/\\\/www.ledizioni.it\\\/#\\\/schema\\\/logo\\\/image\\\/\"},\"sameAs\":[\"https:\\\/\\\/www.facebook.com\\\/pages\\\/Ledizioni-LediPublishing\\\/109120559173329\",\"https:\\\/\\\/x.com\\\/ledizioni\"]}]}<\/script>\n<!-- \/ Yoast SEO plugin. -->","yoast_head_json":{"title":"DIDATTICA DELLA STORIA E CONSAPEVOLEZZA DI CITTADINANZA -","description":"Ledizioni - Innovative Publishing. Casa editrice universitaria. Open Access. eBook, ePub. Creative Commons.","robots":{"index":"index","follow":"follow","max-snippet":"max-snippet:-1","max-image-preview":"max-image-preview:large","max-video-preview":"max-video-preview:-1"},"canonical":"https:\/\/www.ledizioni.it\/en\/product\/didattica-della-storia-e-consapevolezza-di-cittadinanza\/","og_locale":"en_GB","og_type":"article","og_title":"DIDATTICA DELLA STORIA E CONSAPEVOLEZZA DI CITTADINANZA -","og_description":"Ledizioni - Innovative Publishing. Casa editrice universitaria. Open Access. eBook, ePub. Creative Commons.","og_url":"https:\/\/www.ledizioni.it\/en\/product\/didattica-della-storia-e-consapevolezza-di-cittadinanza\/","og_site_name":"Ledizioni","article_publisher":"https:\/\/www.facebook.com\/pages\/Ledizioni-LediPublishing\/109120559173329","article_modified_time":"2022-09-05T09:30:32+00:00","og_image":[{"width":571,"height":709,"url":"https:\/\/www.ledizioni.it\/stag\/wp-content\/uploads\/2022\/03\/CoverCapuzzo_3D.jpg","type":"image\/jpeg"}],"twitter_card":"summary_large_image","twitter_site":"@ledizioni","twitter_misc":{"Estimated reading time":"1 minute"},"schema":{"@context":"https:\/\/schema.org","@graph":[{"@type":"WebPage","@id":"https:\/\/www.ledizioni.it\/prodotto\/didattica-della-storia-e-consapevolezza-di-cittadinanza\/","url":"https:\/\/www.ledizioni.it\/prodotto\/didattica-della-storia-e-consapevolezza-di-cittadinanza\/","name":"DIDATTICA DELLA STORIA E CONSAPEVOLEZZA DI CITTADINANZA -","isPartOf":{"@id":"https:\/\/www.ledizioni.it\/#website"},"primaryImageOfPage":{"@id":"https:\/\/www.ledizioni.it\/prodotto\/didattica-della-storia-e-consapevolezza-di-cittadinanza\/#primaryimage"},"image":{"@id":"https:\/\/www.ledizioni.it\/prodotto\/didattica-della-storia-e-consapevolezza-di-cittadinanza\/#primaryimage"},"thumbnailUrl":"https:\/\/www.ledizioni.it\/stag\/wp-content\/uploads\/2022\/03\/CoverCapuzzo_3D.jpg","datePublished":"2022-03-28T15:08:48+00:00","dateModified":"2022-09-05T09:30:32+00:00","description":"Ledizioni - Innovative Publishing. Casa editrice universitaria. Open Access. eBook, ePub. Creative Commons.","breadcrumb":{"@id":"https:\/\/www.ledizioni.it\/prodotto\/didattica-della-storia-e-consapevolezza-di-cittadinanza\/#breadcrumb"},"inLanguage":"en-GB","potentialAction":[{"@type":"ReadAction","target":["https:\/\/www.ledizioni.it\/prodotto\/didattica-della-storia-e-consapevolezza-di-cittadinanza\/"]}]},{"@type":"ImageObject","inLanguage":"en-GB","@id":"https:\/\/www.ledizioni.it\/prodotto\/didattica-della-storia-e-consapevolezza-di-cittadinanza\/#primaryimage","url":"https:\/\/www.ledizioni.it\/stag\/wp-content\/uploads\/2022\/03\/CoverCapuzzo_3D.jpg","contentUrl":"https:\/\/www.ledizioni.it\/stag\/wp-content\/uploads\/2022\/03\/CoverCapuzzo_3D.jpg","width":571,"height":709},{"@type":"BreadcrumbList","@id":"https:\/\/www.ledizioni.it\/prodotto\/didattica-della-storia-e-consapevolezza-di-cittadinanza\/#breadcrumb","itemListElement":[{"@type":"ListItem","position":1,"name":"Shop","item":"https:\/\/www.ledizioni.it\/shop-2\/"},{"@type":"ListItem","position":2,"name":"DIDATTICA DELLA STORIA E CONSAPEVOLEZZA DI CITTADINANZA"}]},{"@type":"WebSite","@id":"https:\/\/www.ledizioni.it\/#website","url":"https:\/\/www.ledizioni.it\/","name":"Ledizioni","description":"The Innovative LediPublishing Company - Casa Editrice Universitaria","publisher":{"@id":"https:\/\/www.ledizioni.it\/#organization"},"potentialAction":[{"@type":"SearchAction","target":{"@type":"EntryPoint","urlTemplate":"https:\/\/www.ledizioni.it\/?s={search_term_string}"},"query-input":{"@type":"PropertyValueSpecification","valueRequired":true,"valueName":"search_term_string"}}],"inLanguage":"en-GB"},{"@type":"Organization","@id":"https:\/\/www.ledizioni.it\/#organization","name":"Ledizioni","url":"https:\/\/www.ledizioni.it\/","logo":{"@type":"ImageObject","inLanguage":"en-GB","@id":"https:\/\/www.ledizioni.it\/#\/schema\/logo\/image\/","url":"https:\/\/www.ledizioni.it\/stag\/wp-content\/uploads\/2023\/10\/newlogoledizioni500x110_2-1.jpg","contentUrl":"https:\/\/www.ledizioni.it\/stag\/wp-content\/uploads\/2023\/10\/newlogoledizioni500x110_2-1.jpg","width":354,"height":87,"caption":"Ledizioni"},"image":{"@id":"https:\/\/www.ledizioni.it\/#\/schema\/logo\/image\/"},"sameAs":["https:\/\/www.facebook.com\/pages\/Ledizioni-LediPublishing\/109120559173329","https:\/\/x.com\/ledizioni"]}]}},"jetpack_sharing_enabled":true,"_links":{"self":[{"href":"https:\/\/www.ledizioni.it\/en\/wp-json\/wp\/v2\/product\/50181","targetHints":{"allow":["GET"]}}],"collection":[{"href":"https:\/\/www.ledizioni.it\/en\/wp-json\/wp\/v2\/product"}],"about":[{"href":"https:\/\/www.ledizioni.it\/en\/wp-json\/wp\/v2\/types\/product"}],"replies":[{"embeddable":true,"href":"https:\/\/www.ledizioni.it\/en\/wp-json\/wp\/v2\/comments?post=50181"}],"version-history":[{"count":0,"href":"https:\/\/www.ledizioni.it\/en\/wp-json\/wp\/v2\/product\/50181\/revisions"}],"wp:featuredmedia":[{"embeddable":true,"href":"https:\/\/www.ledizioni.it\/en\/wp-json\/wp\/v2\/media\/50182"}],"wp:attachment":[{"href":"https:\/\/www.ledizioni.it\/en\/wp-json\/wp\/v2\/media?parent=50181"}],"wp:term":[{"taxonomy":"product_brand","embeddable":true,"href":"https:\/\/www.ledizioni.it\/en\/wp-json\/wp\/v2\/product_brand?post=50181"},{"taxonomy":"product_cat","embeddable":true,"href":"https:\/\/www.ledizioni.it\/en\/wp-json\/wp\/v2\/product_cat?post=50181"},{"taxonomy":"product_tag","embeddable":true,"href":"https:\/\/www.ledizioni.it\/en\/wp-json\/wp\/v2\/product_tag?post=50181"}],"curies":[{"name":"wp","href":"https:\/\/api.w.org\/{rel}","templated":true}]}}