{"id":52326,"date":"2022-06-21T11:47:47","date_gmt":"2022-06-21T09:47:47","guid":{"rendered":"https:\/\/www.ledizioni.it\/?post_type=product&#038;p=52326"},"modified":"2022-06-21T11:53:19","modified_gmt":"2022-06-21T09:53:19","slug":"silvae-quaderni-semestrali-di-saggistica-e-didattica-anno-xxii-n-56-57-2021","status":"publish","type":"product","link":"https:\/\/www.ledizioni.it\/en\/product\/silvae-quaderni-semestrali-di-saggistica-e-didattica-anno-xxii-n-56-57-2021\/","title":{"rendered":"Silvae &#8211; quaderni semestrali di saggistica e didattica, anno XXII, n. 56\/57, 2021"},"content":{"rendered":"<p style=\"text-align: justify;\"><strong>ISSN 2239-5415<\/strong><\/p>\n<p style=\"text-align: justify;\"><em>Silv\u04d5<\/em> \u00e8 una pubblicazione nata dall&#8217;esperienza di Latina Didaxis, il convegno organizzato annualmente da Silvana Rocca, Professore Ordinario di Didattica del Latino presso l&#8217;universit\u00e0 di Genova. Come Latina Didaxis, <em>Silv\u04d5<\/em> si occupa dell&#8217;elaborazione di nuove tecniche di insegnamento del latino in rapporto all&#8217;evolversi dei metodi di educazione e delle istituzioni scolastiche; evidenzia il nesso che sussiste tra insegnamento e ricerca; recepisce le metodologie avanzate, nel rispetto rigoroso della scientificit\u00e0 filologica. La pubblicazione, che nasce quindi dalla collaborazione tra universit\u00e0 e scuola e non \u00e8 aperta solo agli &#8220;addetti ai lavori&#8221;, ma anche ai giovani, docenti medi o studenti universitari, esce con scadenza quadrimestrale e si articola in quattro settori, i cui titoli, che riecheggiano occorrenze virgiliane, scandiscono gli argomenti in quattro diverse tipologie.<br \/>\n<span style=\"text-decoration: underline;\">1. Per saltus ac lustra<\/span> raccoglie lavori che interessano la lingua e la letteratura latina e greca, ma anche aspetti diversi della cultura e della civilt\u00e0 del mondo antico. Il taglio \u00e8 quello del saggio breve.<br \/>\n<span style=\"text-decoration: underline;\">2. Per culta novalia<\/span> risponde alle esigenze della didattica. Vi sono raccolte proposte innovative, esperienze, materiali che possono essere utilizzati nella pratica scolastica. Gli autori sono prevalentemente docenti di Scuole Superiori, che si basano anche sulle proprie esperienze di insegnamento.<br \/>\n<span style=\"text-decoration: underline;\">3. Per liquidos fontes<\/span> offre notizie e recensioni circa le pubblicazioni che rispondono concretamente all&#8217;indirizzo di Silvae e presentano un carattere chiaramente innovativo. Vengono segnalate anche rappresentazioni teatrali o manifestazioni artistiche in genere che rivestono un interesse didattico.<br \/>\n<span style=\"text-decoration: underline;\">4. Per auras<\/span> contiene notizie di carattere pratico: in primo luogo quelle inerenti i rapporti con &#8220;Euroclassica&#8221; che \u00e8 un&#8217;organizzazione europea che raccoglie le varie associazioni nazionali che si occupano della didattica delle lingue classiche; tra le iniziative di &#8220;Euroclassica&#8221; pi\u00f9 apprezzate stanno senz&#8217;altro i soggiorni-studio organizzati in Grecia per studenti e docenti che desiderano entrare in contatto in modo pi\u00f9 diretto con la cultura e la civilt\u00e0 greca).<\/p>\n<p><strong>SOMMARIO n. 56\/57<\/strong><\/p>\n<ul>\n<li><em>Unus amicorum animus (di Silvana Rocca)<\/em><\/li>\n<li>Ai posteri l\u2019ardua sentenza. Un\u02bceco di Virgilio (Aen. VI 822) nel <em>Cinque Maggio <\/em>manzoniano (vv. 31-32)<em> (di Sergio Audano)<\/em><\/li>\n<li>L\u2019infinita vitalit\u00e0 del mondo classico: variegate presenze nella musica pop contemporanea<em> (di Claudio Bevegni)<\/em><\/li>\n<li>Il Lucrezio di Mario Ramous<em> (di Francesco Citti)<\/em><\/li>\n<li>A proposito di aviditas fra grammatica, lessico e civilt\u00e0<em> (di Noemi Corlito)<\/em><\/li>\n<li>Virgilio todav\u00eda. Sus reescrituras en un poemario espa\u00f1ol contempor\u00e1neo<em> (di Vicente Crist\u00f3bal)<\/em><\/li>\n<li><em>Qui mi scopro sorprendentemente autentico: <\/em>Marin Mincu e la \u201cconversione\u201d di Ovidio tra i Geti<em> (di Dalila D\u2019Alfonso)<\/em><\/li>\n<li><em>Multa diuque tuli <\/em>(am. III,11,1): l\u2019addio ovidiano all\u2019amore <em>(di Rosalba Dimundo)<\/em><\/li>\n<li><em>Divisos terris alligat unus amor (di Clara Fossati)<\/em><\/li>\n<li>La fenice come Didone. Una possibile memoria virgiliana nel <em>De ave phoenice (di Fabio Gasti)<\/em><\/li>\n<li>Le capucin Franc-Comtois Dunod, de Moirans, contre l\u2019esclavage<em> (di Jean-Yves Guillaumin)<\/em><\/li>\n<li>L\u2019uomo giusto <em>non sub formula sed ex aequo et bono<\/em> (Clem. 2,7,3) per una \u2018sana\u2019 ideologia del potere<em><br \/>\n(di Rosanna Marino)<\/em><\/li>\n<li><em>\u201cMoriemur inultae, sed moriamur<\/em>\u201d: parola di Didone moritura<em> (di Grazia Maria Masselli)<\/em><\/li>\n<li>La ricezione dell\u2019antichit\u00e0 classica nella grammatica generativa<em> (di Renato Oniga)<\/em><\/li>\n<li>La libraria tra<em> libra <\/em>e libro<em> (di Luigi Piacente)<\/em><\/li>\n<li>Web Mythology <em>(di Tiziana Ragno)<\/em><\/li>\n<li>La costruzione retorica dello straniero in Giovenale<em> (di Alessandro Re)<\/em><\/li>\n<li>Rodolfo Tortario e Pietro il Venerabile: una \u201cantica\u201d amicizia? <em>(di Francesca Sivo)<\/em><\/li>\n<li>Il \u201csogno\u201d di Baia tra Tardo Antico e Alto Medioevo<em> (di Marisa Squillante)<\/em><\/li>\n<li>Cicerone e la teatralizzazione del sacro<em> (di Antonella Tedeschi)<\/em><\/li>\n<li>Giovanni Cipriani e Latina Didaxis: una lunga amicizia<em> (di Mariella Tixi)<\/em><\/li>\n<li>Vedere e leggere, oggi: un problema emergente nella didattica contemporanea<em> (di Rossana Valenti)<\/em><\/li>\n<\/ul>\n<p style=\"text-align: justify;\"><strong>DATI BIBLIOGRAFICI<\/strong><\/p>\n<p style=\"text-align: justify;\">Titolo: Silvae &#8211; quaderni semestrali di saggistica e didattica, anno XXII, n. 56\/57, 2021<br \/>\nEditore: Ledizioni<br \/>\nPubblicato in: giugno 2022<br \/>\nPagine: 322<br \/>\nPrezzo: 80,00 \u20ac<\/p>","protected":false},"excerpt":{"rendered":"<p>ISSN 2239-5415 Silv\u04d5 \u00e8 una pubblicazione nata dall&#8217;esperienza di Latina Didaxis, il convegno organizzato annualmente da Silvana Rocca, Professore Ordinario<\/p>","protected":false},"featured_media":52327,"comment_status":"open","ping_status":"closed","template":"","meta":{"_acf_changed":false},"product_brand":[],"product_cat":[1348],"product_tag":[2565,948],"class_list":{"0":"post-52326","1":"product","2":"type-product","3":"status-publish","4":"has-post-thumbnail","6":"product_cat-silvae","7":"product_tag-latinisti","8":"product_tag-studi-classici","10":"first","11":"instock","12":"featured","13":"shipping-taxable","14":"purchasable","15":"product-type-simple"},"acf":[],"yoast_head":"<!-- This site is optimized with the Yoast SEO plugin v27.3 - https:\/\/yoast.com\/product\/yoast-seo-wordpress\/ -->\n<title>Silvae - quaderni semestrali di saggistica e didattica, anno XXII, n. 56\/57, 2021 -<\/title>\n<meta name=\"description\" content=\"Ledizioni - Innovative Publishing. Casa editrice universitaria. Open Access. eBook, ePub. Creative Commons.\" \/>\n<meta name=\"robots\" content=\"index, follow, max-snippet:-1, max-image-preview:large, max-video-preview:-1\" \/>\n<link rel=\"canonical\" href=\"https:\/\/www.ledizioni.it\/en\/product\/silvae-quaderni-semestrali-di-saggistica-e-didattica-anno-xxii-n-56-57-2021\/\" \/>\n<meta property=\"og:locale\" content=\"en_GB\" \/>\n<meta property=\"og:type\" content=\"article\" \/>\n<meta property=\"og:title\" content=\"Silvae - quaderni semestrali di saggistica e didattica, anno XXII, n. 56\/57, 2021 -\" \/>\n<meta property=\"og:description\" content=\"Ledizioni - Innovative Publishing. Casa editrice universitaria. Open Access. eBook, ePub. Creative Commons.\" \/>\n<meta property=\"og:url\" content=\"https:\/\/www.ledizioni.it\/en\/product\/silvae-quaderni-semestrali-di-saggistica-e-didattica-anno-xxii-n-56-57-2021\/\" \/>\n<meta property=\"og:site_name\" content=\"Ledizioni\" \/>\n<meta property=\"article:publisher\" content=\"https:\/\/www.facebook.com\/pages\/Ledizioni-LediPublishing\/109120559173329\" \/>\n<meta property=\"article:modified_time\" content=\"2022-06-21T09:53:19+00:00\" \/>\n<meta property=\"og:image\" content=\"https:\/\/www.ledizioni.it\/stag\/wp-content\/uploads\/2022\/06\/Cover_Silvae_56_57_3D.jpg\" \/>\n\t<meta property=\"og:image:width\" content=\"1468\" \/>\n\t<meta property=\"og:image:height\" content=\"1962\" \/>\n\t<meta property=\"og:image:type\" content=\"image\/jpeg\" \/>\n<meta name=\"twitter:card\" content=\"summary_large_image\" \/>\n<meta name=\"twitter:site\" content=\"@ledizioni\" \/>\n<meta name=\"twitter:label1\" content=\"Estimated reading time\" \/>\n\t<meta name=\"twitter:data1\" content=\"3 minutes\" \/>\n<script type=\"application\/ld+json\" class=\"yoast-schema-graph\">{\"@context\":\"https:\\\/\\\/schema.org\",\"@graph\":[{\"@type\":\"WebPage\",\"@id\":\"https:\\\/\\\/www.ledizioni.it\\\/prodotto\\\/silvae-quaderni-semestrali-di-saggistica-e-didattica-anno-xxii-n-56-57-2021\\\/\",\"url\":\"https:\\\/\\\/www.ledizioni.it\\\/prodotto\\\/silvae-quaderni-semestrali-di-saggistica-e-didattica-anno-xxii-n-56-57-2021\\\/\",\"name\":\"Silvae - quaderni semestrali di saggistica e didattica, anno XXII, n. 56\\\/57, 2021 -\",\"isPartOf\":{\"@id\":\"https:\\\/\\\/www.ledizioni.it\\\/#website\"},\"primaryImageOfPage\":{\"@id\":\"https:\\\/\\\/www.ledizioni.it\\\/prodotto\\\/silvae-quaderni-semestrali-di-saggistica-e-didattica-anno-xxii-n-56-57-2021\\\/#primaryimage\"},\"image\":{\"@id\":\"https:\\\/\\\/www.ledizioni.it\\\/prodotto\\\/silvae-quaderni-semestrali-di-saggistica-e-didattica-anno-xxii-n-56-57-2021\\\/#primaryimage\"},\"thumbnailUrl\":\"https:\\\/\\\/www.ledizioni.it\\\/stag\\\/wp-content\\\/uploads\\\/2022\\\/06\\\/Cover_Silvae_56_57_3D.jpg\",\"datePublished\":\"2022-06-21T09:47:47+00:00\",\"dateModified\":\"2022-06-21T09:53:19+00:00\",\"description\":\"Ledizioni - Innovative Publishing. Casa editrice universitaria. Open Access. eBook, ePub. Creative Commons.\",\"breadcrumb\":{\"@id\":\"https:\\\/\\\/www.ledizioni.it\\\/prodotto\\\/silvae-quaderni-semestrali-di-saggistica-e-didattica-anno-xxii-n-56-57-2021\\\/#breadcrumb\"},\"inLanguage\":\"en-GB\",\"potentialAction\":[{\"@type\":\"ReadAction\",\"target\":[\"https:\\\/\\\/www.ledizioni.it\\\/prodotto\\\/silvae-quaderni-semestrali-di-saggistica-e-didattica-anno-xxii-n-56-57-2021\\\/\"]}]},{\"@type\":\"ImageObject\",\"inLanguage\":\"en-GB\",\"@id\":\"https:\\\/\\\/www.ledizioni.it\\\/prodotto\\\/silvae-quaderni-semestrali-di-saggistica-e-didattica-anno-xxii-n-56-57-2021\\\/#primaryimage\",\"url\":\"https:\\\/\\\/www.ledizioni.it\\\/stag\\\/wp-content\\\/uploads\\\/2022\\\/06\\\/Cover_Silvae_56_57_3D.jpg\",\"contentUrl\":\"https:\\\/\\\/www.ledizioni.it\\\/stag\\\/wp-content\\\/uploads\\\/2022\\\/06\\\/Cover_Silvae_56_57_3D.jpg\",\"width\":1468,\"height\":1962},{\"@type\":\"BreadcrumbList\",\"@id\":\"https:\\\/\\\/www.ledizioni.it\\\/prodotto\\\/silvae-quaderni-semestrali-di-saggistica-e-didattica-anno-xxii-n-56-57-2021\\\/#breadcrumb\",\"itemListElement\":[{\"@type\":\"ListItem\",\"position\":1,\"name\":\"Shop\",\"item\":\"https:\\\/\\\/www.ledizioni.it\\\/shop-2\\\/\"},{\"@type\":\"ListItem\",\"position\":2,\"name\":\"Silvae &#8211; quaderni semestrali di saggistica e didattica, anno XXII, n. 56\\\/57, 2021\"}]},{\"@type\":\"WebSite\",\"@id\":\"https:\\\/\\\/www.ledizioni.it\\\/#website\",\"url\":\"https:\\\/\\\/www.ledizioni.it\\\/\",\"name\":\"Ledizioni\",\"description\":\"The Innovative LediPublishing Company - Casa Editrice Universitaria\",\"publisher\":{\"@id\":\"https:\\\/\\\/www.ledizioni.it\\\/#organization\"},\"potentialAction\":[{\"@type\":\"SearchAction\",\"target\":{\"@type\":\"EntryPoint\",\"urlTemplate\":\"https:\\\/\\\/www.ledizioni.it\\\/?s={search_term_string}\"},\"query-input\":{\"@type\":\"PropertyValueSpecification\",\"valueRequired\":true,\"valueName\":\"search_term_string\"}}],\"inLanguage\":\"en-GB\"},{\"@type\":\"Organization\",\"@id\":\"https:\\\/\\\/www.ledizioni.it\\\/#organization\",\"name\":\"Ledizioni\",\"url\":\"https:\\\/\\\/www.ledizioni.it\\\/\",\"logo\":{\"@type\":\"ImageObject\",\"inLanguage\":\"en-GB\",\"@id\":\"https:\\\/\\\/www.ledizioni.it\\\/#\\\/schema\\\/logo\\\/image\\\/\",\"url\":\"https:\\\/\\\/www.ledizioni.it\\\/stag\\\/wp-content\\\/uploads\\\/2023\\\/10\\\/newlogoledizioni500x110_2-1.jpg\",\"contentUrl\":\"https:\\\/\\\/www.ledizioni.it\\\/stag\\\/wp-content\\\/uploads\\\/2023\\\/10\\\/newlogoledizioni500x110_2-1.jpg\",\"width\":354,\"height\":87,\"caption\":\"Ledizioni\"},\"image\":{\"@id\":\"https:\\\/\\\/www.ledizioni.it\\\/#\\\/schema\\\/logo\\\/image\\\/\"},\"sameAs\":[\"https:\\\/\\\/www.facebook.com\\\/pages\\\/Ledizioni-LediPublishing\\\/109120559173329\",\"https:\\\/\\\/x.com\\\/ledizioni\"]}]}<\/script>\n<!-- \/ Yoast SEO plugin. -->","yoast_head_json":{"title":"Silvae - quaderni semestrali di saggistica e didattica, anno XXII, n. 56\/57, 2021 -","description":"Ledizioni - Innovative Publishing. Casa editrice universitaria. Open Access. eBook, ePub. Creative Commons.","robots":{"index":"index","follow":"follow","max-snippet":"max-snippet:-1","max-image-preview":"max-image-preview:large","max-video-preview":"max-video-preview:-1"},"canonical":"https:\/\/www.ledizioni.it\/en\/product\/silvae-quaderni-semestrali-di-saggistica-e-didattica-anno-xxii-n-56-57-2021\/","og_locale":"en_GB","og_type":"article","og_title":"Silvae - quaderni semestrali di saggistica e didattica, anno XXII, n. 56\/57, 2021 -","og_description":"Ledizioni - Innovative Publishing. Casa editrice universitaria. Open Access. eBook, ePub. Creative Commons.","og_url":"https:\/\/www.ledizioni.it\/en\/product\/silvae-quaderni-semestrali-di-saggistica-e-didattica-anno-xxii-n-56-57-2021\/","og_site_name":"Ledizioni","article_publisher":"https:\/\/www.facebook.com\/pages\/Ledizioni-LediPublishing\/109120559173329","article_modified_time":"2022-06-21T09:53:19+00:00","og_image":[{"width":1468,"height":1962,"url":"https:\/\/www.ledizioni.it\/stag\/wp-content\/uploads\/2022\/06\/Cover_Silvae_56_57_3D.jpg","type":"image\/jpeg"}],"twitter_card":"summary_large_image","twitter_site":"@ledizioni","twitter_misc":{"Estimated reading time":"3 minutes"},"schema":{"@context":"https:\/\/schema.org","@graph":[{"@type":"WebPage","@id":"https:\/\/www.ledizioni.it\/prodotto\/silvae-quaderni-semestrali-di-saggistica-e-didattica-anno-xxii-n-56-57-2021\/","url":"https:\/\/www.ledizioni.it\/prodotto\/silvae-quaderni-semestrali-di-saggistica-e-didattica-anno-xxii-n-56-57-2021\/","name":"Silvae - quaderni semestrali di saggistica e didattica, anno XXII, n. 56\/57, 2021 -","isPartOf":{"@id":"https:\/\/www.ledizioni.it\/#website"},"primaryImageOfPage":{"@id":"https:\/\/www.ledizioni.it\/prodotto\/silvae-quaderni-semestrali-di-saggistica-e-didattica-anno-xxii-n-56-57-2021\/#primaryimage"},"image":{"@id":"https:\/\/www.ledizioni.it\/prodotto\/silvae-quaderni-semestrali-di-saggistica-e-didattica-anno-xxii-n-56-57-2021\/#primaryimage"},"thumbnailUrl":"https:\/\/www.ledizioni.it\/stag\/wp-content\/uploads\/2022\/06\/Cover_Silvae_56_57_3D.jpg","datePublished":"2022-06-21T09:47:47+00:00","dateModified":"2022-06-21T09:53:19+00:00","description":"Ledizioni - Innovative Publishing. Casa editrice universitaria. Open Access. eBook, ePub. Creative Commons.","breadcrumb":{"@id":"https:\/\/www.ledizioni.it\/prodotto\/silvae-quaderni-semestrali-di-saggistica-e-didattica-anno-xxii-n-56-57-2021\/#breadcrumb"},"inLanguage":"en-GB","potentialAction":[{"@type":"ReadAction","target":["https:\/\/www.ledizioni.it\/prodotto\/silvae-quaderni-semestrali-di-saggistica-e-didattica-anno-xxii-n-56-57-2021\/"]}]},{"@type":"ImageObject","inLanguage":"en-GB","@id":"https:\/\/www.ledizioni.it\/prodotto\/silvae-quaderni-semestrali-di-saggistica-e-didattica-anno-xxii-n-56-57-2021\/#primaryimage","url":"https:\/\/www.ledizioni.it\/stag\/wp-content\/uploads\/2022\/06\/Cover_Silvae_56_57_3D.jpg","contentUrl":"https:\/\/www.ledizioni.it\/stag\/wp-content\/uploads\/2022\/06\/Cover_Silvae_56_57_3D.jpg","width":1468,"height":1962},{"@type":"BreadcrumbList","@id":"https:\/\/www.ledizioni.it\/prodotto\/silvae-quaderni-semestrali-di-saggistica-e-didattica-anno-xxii-n-56-57-2021\/#breadcrumb","itemListElement":[{"@type":"ListItem","position":1,"name":"Shop","item":"https:\/\/www.ledizioni.it\/shop-2\/"},{"@type":"ListItem","position":2,"name":"Silvae &#8211; quaderni semestrali di saggistica e didattica, anno XXII, n. 56\/57, 2021"}]},{"@type":"WebSite","@id":"https:\/\/www.ledizioni.it\/#website","url":"https:\/\/www.ledizioni.it\/","name":"Ledizioni","description":"The Innovative LediPublishing Company - Casa Editrice Universitaria","publisher":{"@id":"https:\/\/www.ledizioni.it\/#organization"},"potentialAction":[{"@type":"SearchAction","target":{"@type":"EntryPoint","urlTemplate":"https:\/\/www.ledizioni.it\/?s={search_term_string}"},"query-input":{"@type":"PropertyValueSpecification","valueRequired":true,"valueName":"search_term_string"}}],"inLanguage":"en-GB"},{"@type":"Organization","@id":"https:\/\/www.ledizioni.it\/#organization","name":"Ledizioni","url":"https:\/\/www.ledizioni.it\/","logo":{"@type":"ImageObject","inLanguage":"en-GB","@id":"https:\/\/www.ledizioni.it\/#\/schema\/logo\/image\/","url":"https:\/\/www.ledizioni.it\/stag\/wp-content\/uploads\/2023\/10\/newlogoledizioni500x110_2-1.jpg","contentUrl":"https:\/\/www.ledizioni.it\/stag\/wp-content\/uploads\/2023\/10\/newlogoledizioni500x110_2-1.jpg","width":354,"height":87,"caption":"Ledizioni"},"image":{"@id":"https:\/\/www.ledizioni.it\/#\/schema\/logo\/image\/"},"sameAs":["https:\/\/www.facebook.com\/pages\/Ledizioni-LediPublishing\/109120559173329","https:\/\/x.com\/ledizioni"]}]}},"jetpack_sharing_enabled":true,"_links":{"self":[{"href":"https:\/\/www.ledizioni.it\/en\/wp-json\/wp\/v2\/product\/52326","targetHints":{"allow":["GET"]}}],"collection":[{"href":"https:\/\/www.ledizioni.it\/en\/wp-json\/wp\/v2\/product"}],"about":[{"href":"https:\/\/www.ledizioni.it\/en\/wp-json\/wp\/v2\/types\/product"}],"replies":[{"embeddable":true,"href":"https:\/\/www.ledizioni.it\/en\/wp-json\/wp\/v2\/comments?post=52326"}],"version-history":[{"count":1,"href":"https:\/\/www.ledizioni.it\/en\/wp-json\/wp\/v2\/product\/52326\/revisions"}],"predecessor-version":[{"id":57313,"href":"https:\/\/www.ledizioni.it\/en\/wp-json\/wp\/v2\/product\/52326\/revisions\/57313"}],"wp:featuredmedia":[{"embeddable":true,"href":"https:\/\/www.ledizioni.it\/en\/wp-json\/wp\/v2\/media\/52327"}],"wp:attachment":[{"href":"https:\/\/www.ledizioni.it\/en\/wp-json\/wp\/v2\/media?parent=52326"}],"wp:term":[{"taxonomy":"product_brand","embeddable":true,"href":"https:\/\/www.ledizioni.it\/en\/wp-json\/wp\/v2\/product_brand?post=52326"},{"taxonomy":"product_cat","embeddable":true,"href":"https:\/\/www.ledizioni.it\/en\/wp-json\/wp\/v2\/product_cat?post=52326"},{"taxonomy":"product_tag","embeddable":true,"href":"https:\/\/www.ledizioni.it\/en\/wp-json\/wp\/v2\/product_tag?post=52326"}],"curies":[{"name":"wp","href":"https:\/\/api.w.org\/{rel}","templated":true}]}}