{"id":52463,"date":"2022-07-11T14:38:35","date_gmt":"2022-07-11T12:38:35","guid":{"rendered":"https:\/\/www.ledizioni.it\/?post_type=product&#038;p=52463"},"modified":"2022-09-16T09:27:20","modified_gmt":"2022-09-16T07:27:20","slug":"antigonas-america-latina","status":"publish","type":"product","link":"https:\/\/www.ledizioni.it\/en\/product\/antigonas-america-latina\/","title":{"rendered":"ANT\u00cdGONAS DE AM\u00c9RICA LATINA"},"content":{"rendered":"<p style=\"text-align: justify;\">\u201cEra mi hermano y para m\u00ed eso basta\u201d, dice la Ant\u00edgona de S\u00f3focles, y no necesita m\u00e1s justificaci\u00f3n para desafiar la orden de Creonte. Miles y miles de asesinadas y asesinados han dado nacimiento a miles y miles de Ant\u00edgonas latinoamericanas. Y no hay orden que pueda obligarlas a renunciar a la b\u00fasqueda; no hay orden que pueda obligarlas a dejar el cuerpo de Polinices a la intemperie, obligarlas a olvidar.<br \/>\n\u00c9sta es una de las primeras responsabilidades \u00e9ticas que hoy deben asumir \u2013como las mujeres de Tebas\u2013 las y los creadores, las y los pensadores: cuidar los cuerpos queridos, proteger la identidad y la memoria de los muertos ante su conversi\u00f3n en simples n\u00fameros dentro de los discursos oficiales, no dejarlos jam\u00e1s \u201cal azar de las aves y los perros\u201d.<br \/>\nA trav\u00e9s de trabajos de an\u00e1lisis y cr\u00edtica, y de varias de las nuevas obras esc\u00e9nicas sobre el tema (algunas hasta ahora in\u00e9ditas), el presente libro busca dar cuenta de las nuevas \u201cest\u00e9ticas disidentes\u201d que surgen a partir de este compromiso \u00e9tico-pol\u00edtico.<br \/>\n***<br \/>\n<em>Art\u00edculos<\/em>: Karina Bidaseca, Daniela C\u00e1pona, Kar\u00edn Chirinos Bravo, B\u00e1rbara Colio, Jorge Dubatti, Yamila Grandi, Liliana L\u00f3pez, Sandra Lorenzano, \u00c1ngela Mesa, Giovanna Minardi, Teresa Ralli, Susana Reisz, Carlos Satiz\u00e1bal, Laura Yusem.<br \/>\n<em>Ant\u00edgonas<\/em>: Patrizia Ariza, Hebe Campanella, Daniela C\u00e1pona, B\u00e1rbara Colio, Colectivo Tramaluna, Perla De la Rosa, Yamila Grandi, Olga Harmony, Ana L\u00f3pez Montaner, \u00c1ngela Mesa, Rogelio Orizondo, Sara Uribe, Gabriela Yncl\u00e1n.<\/p>\n<h3 id=\"tw-target-text\" class=\"tw-data-text vk_txt tw-ta tw-text-medium\" dir=\"ltr\" data-placeholder=\"Traduzione\"><strong><br \/>\nDATI BIBLIOGRAFICI<\/strong><\/h3>\n<p style=\"text-align: justify;\">A cura di: Sandra Lorenzano y Kar\u00edn Chirinos Bravo<br \/>\nEditore: Ledizioni<br \/>\nCollana: <a href=\"https:\/\/www.ledizioni.it\/en\/product-category\/letteratura\/disegni\/\">Di\/Segni<\/a><br \/>\nFormato: Brossura, 486 p. &#8211; PDF in Open Access<br \/>\nLingua: spagnolo<br \/>\nPubblicato in: giugno 2022<br \/>\nISBN cartaceo: 9788855266376<br \/>\nPrezzo cartaceo: 40,00 \u20ac<\/p>\n<p><a href=\"https:\/\/www.amazon.it\/Ant%C3%ADgonas-Am%C3%A9rica-latina-pol%C3%ADticas-di%C3%A1logo\/dp\/8855266373\/ref=sr_1_1?__mk_it_IT=%C3%85M%C3%85%C5%BD%C3%95%C3%91&#038;crid=3BHJBXCO390WI&#038;keywords=antigonas+de+america+latina&#038;qid=1662369632&#038;sprefix=antigonas+de+america+latina%2Caps%2C131&#038;sr=8-1\" target=\"_blank\" rel=\"noopener\"><img decoding=\"async\" class=\"aligncenter size-medium wp-image-23060\" src=\"https:\/\/www.ledizioni.it\/stag\/wp-content\/uploads\/2018\/10\/pulsante-amazon-1-300x104.jpg\" alt=\"\" width=\"150\" height=\"50\" \/><\/a><img decoding=\"async\" style=\"border: none !important; margin: 0px !important;\" src=\"\/\/ir-it.amazon-adsystem.com\/e\/ir?t=ledizioni-21&amp;l=am2&amp;o=29&amp;a=8867057839\" alt=\"\" width=\"1\" height=\"1\" border=\"0\" \/><br \/>\n<a href=\"http:\/\/digital.casalini.it\/9788855266376\"><img decoding=\"async\" class=\"aligncenter wp-image-23912\" src=\"https:\/\/www.ledizioni.it\/stag\/wp-content\/uploads\/2019\/07\/torrossa_web-150x80.jpg\" alt=\"\" width=\"200\" height=\"60\" \/><\/a><\/p>\n<p>[button link=&#8221;https:\/\/www.ledizioni.it\/download\/52940\/&#8221;]Scarica estratto[\/button]<\/p>","protected":false},"excerpt":{"rendered":"<p>\u201cEra mi hermano y para m\u00ed eso basta\u201d, dice la Ant\u00edgona de S\u00f3focles, y no necesita m\u00e1s justificaci\u00f3n para desafiar<\/p>","protected":false},"featured_media":52468,"comment_status":"open","ping_status":"closed","template":"","meta":{"_acf_changed":false},"product_brand":[],"product_cat":[1080],"product_tag":[742,2712,764],"class_list":{"0":"post-52463","1":"product","2":"type-product","3":"status-publish","4":"has-post-thumbnail","6":"product_cat-disegni","7":"product_tag-femminismo","8":"product_tag-letteratura-spagnola","9":"product_tag-open-access-2","10":"pa_formato-cartaceo","11":"pa_formato-ebook-in-pdf","13":"first","14":"instock","15":"featured","16":"shipping-taxable","17":"purchasable","18":"product-type-variable"},"acf":[],"yoast_head":"<!-- This site is optimized with the Yoast SEO plugin v27.3 - https:\/\/yoast.com\/product\/yoast-seo-wordpress\/ -->\n<title>Antigonas de America Latina<\/title>\n<meta name=\"description\" content=\"Ledizioni - Innovative Publishing. Casa editrice universitaria. Open Access. eBook, ePub. Creative Commons.\" \/>\n<meta name=\"robots\" content=\"index, follow, max-snippet:-1, max-image-preview:large, max-video-preview:-1\" \/>\n<link rel=\"canonical\" href=\"https:\/\/www.ledizioni.it\/en\/product\/antigonas-america-latina\/\" \/>\n<meta property=\"og:locale\" content=\"en_GB\" \/>\n<meta property=\"og:type\" content=\"article\" \/>\n<meta property=\"og:title\" content=\"Antigonas de America Latina\" \/>\n<meta property=\"og:description\" content=\"Ledizioni - Innovative Publishing. Casa editrice universitaria. Open Access. eBook, ePub. Creative Commons.\" \/>\n<meta property=\"og:url\" content=\"https:\/\/www.ledizioni.it\/en\/product\/antigonas-america-latina\/\" \/>\n<meta property=\"og:site_name\" content=\"Ledizioni\" \/>\n<meta property=\"article:publisher\" content=\"https:\/\/www.facebook.com\/pages\/Ledizioni-LediPublishing\/109120559173329\" \/>\n<meta property=\"article:modified_time\" content=\"2022-09-16T07:27:20+00:00\" \/>\n<meta property=\"og:image\" content=\"https:\/\/www.ledizioni.it\/stag\/wp-content\/uploads\/2022\/07\/cover_Lorenzano3D.jpg\" \/>\n\t<meta property=\"og:image:width\" content=\"1462\" \/>\n\t<meta property=\"og:image:height\" content=\"1962\" \/>\n\t<meta property=\"og:image:type\" content=\"image\/jpeg\" \/>\n<meta name=\"twitter:card\" content=\"summary_large_image\" \/>\n<meta name=\"twitter:site\" content=\"@ledizioni\" \/>\n<meta name=\"twitter:label1\" content=\"Estimated reading time\" \/>\n\t<meta name=\"twitter:data1\" content=\"2 minutes\" \/>\n<script type=\"application\/ld+json\" class=\"yoast-schema-graph\">{\"@context\":\"https:\\\/\\\/schema.org\",\"@graph\":[{\"@type\":\"WebPage\",\"@id\":\"https:\\\/\\\/www.ledizioni.it\\\/en\\\/product\\\/antigonas-america-latina\\\/\",\"url\":\"https:\\\/\\\/www.ledizioni.it\\\/en\\\/product\\\/antigonas-america-latina\\\/\",\"name\":\"Antigonas de America Latina\",\"isPartOf\":{\"@id\":\"https:\\\/\\\/www.ledizioni.it\\\/#website\"},\"primaryImageOfPage\":{\"@id\":\"https:\\\/\\\/www.ledizioni.it\\\/en\\\/product\\\/antigonas-america-latina\\\/#primaryimage\"},\"image\":{\"@id\":\"https:\\\/\\\/www.ledizioni.it\\\/en\\\/product\\\/antigonas-america-latina\\\/#primaryimage\"},\"thumbnailUrl\":\"https:\\\/\\\/www.ledizioni.it\\\/stag\\\/wp-content\\\/uploads\\\/2022\\\/07\\\/cover_Lorenzano3D.jpg\",\"datePublished\":\"2022-07-11T12:38:35+00:00\",\"dateModified\":\"2022-09-16T07:27:20+00:00\",\"description\":\"Ledizioni - Innovative Publishing. Casa editrice universitaria. Open Access. eBook, ePub. Creative Commons.\",\"breadcrumb\":{\"@id\":\"https:\\\/\\\/www.ledizioni.it\\\/en\\\/product\\\/antigonas-america-latina\\\/#breadcrumb\"},\"inLanguage\":\"en-GB\",\"potentialAction\":[{\"@type\":\"ReadAction\",\"target\":[\"https:\\\/\\\/www.ledizioni.it\\\/en\\\/product\\\/antigonas-america-latina\\\/\"]}]},{\"@type\":\"ImageObject\",\"inLanguage\":\"en-GB\",\"@id\":\"https:\\\/\\\/www.ledizioni.it\\\/en\\\/product\\\/antigonas-america-latina\\\/#primaryimage\",\"url\":\"https:\\\/\\\/www.ledizioni.it\\\/stag\\\/wp-content\\\/uploads\\\/2022\\\/07\\\/cover_Lorenzano3D.jpg\",\"contentUrl\":\"https:\\\/\\\/www.ledizioni.it\\\/stag\\\/wp-content\\\/uploads\\\/2022\\\/07\\\/cover_Lorenzano3D.jpg\",\"width\":1462,\"height\":1962},{\"@type\":\"BreadcrumbList\",\"@id\":\"https:\\\/\\\/www.ledizioni.it\\\/en\\\/product\\\/antigonas-america-latina\\\/#breadcrumb\",\"itemListElement\":[{\"@type\":\"ListItem\",\"position\":1,\"name\":\"Shop\",\"item\":\"https:\\\/\\\/www.ledizioni.it\\\/shop-2\\\/\"},{\"@type\":\"ListItem\",\"position\":2,\"name\":\"ANT\u00cdGONAS DE AM\u00c9RICA LATINA\"}]},{\"@type\":\"WebSite\",\"@id\":\"https:\\\/\\\/www.ledizioni.it\\\/#website\",\"url\":\"https:\\\/\\\/www.ledizioni.it\\\/\",\"name\":\"Ledizioni\",\"description\":\"The Innovative LediPublishing Company - Casa Editrice Universitaria\",\"publisher\":{\"@id\":\"https:\\\/\\\/www.ledizioni.it\\\/#organization\"},\"potentialAction\":[{\"@type\":\"SearchAction\",\"target\":{\"@type\":\"EntryPoint\",\"urlTemplate\":\"https:\\\/\\\/www.ledizioni.it\\\/?s={search_term_string}\"},\"query-input\":{\"@type\":\"PropertyValueSpecification\",\"valueRequired\":true,\"valueName\":\"search_term_string\"}}],\"inLanguage\":\"en-GB\"},{\"@type\":\"Organization\",\"@id\":\"https:\\\/\\\/www.ledizioni.it\\\/#organization\",\"name\":\"Ledizioni\",\"url\":\"https:\\\/\\\/www.ledizioni.it\\\/\",\"logo\":{\"@type\":\"ImageObject\",\"inLanguage\":\"en-GB\",\"@id\":\"https:\\\/\\\/www.ledizioni.it\\\/#\\\/schema\\\/logo\\\/image\\\/\",\"url\":\"https:\\\/\\\/www.ledizioni.it\\\/stag\\\/wp-content\\\/uploads\\\/2023\\\/10\\\/newlogoledizioni500x110_2-1.jpg\",\"contentUrl\":\"https:\\\/\\\/www.ledizioni.it\\\/stag\\\/wp-content\\\/uploads\\\/2023\\\/10\\\/newlogoledizioni500x110_2-1.jpg\",\"width\":354,\"height\":87,\"caption\":\"Ledizioni\"},\"image\":{\"@id\":\"https:\\\/\\\/www.ledizioni.it\\\/#\\\/schema\\\/logo\\\/image\\\/\"},\"sameAs\":[\"https:\\\/\\\/www.facebook.com\\\/pages\\\/Ledizioni-LediPublishing\\\/109120559173329\",\"https:\\\/\\\/x.com\\\/ledizioni\"]}]}<\/script>\n<!-- \/ Yoast SEO plugin. -->","yoast_head_json":{"title":"Antigonas de America Latina","description":"Ledizioni - Innovative Publishing. Casa editrice universitaria. Open Access. eBook, ePub. Creative Commons.","robots":{"index":"index","follow":"follow","max-snippet":"max-snippet:-1","max-image-preview":"max-image-preview:large","max-video-preview":"max-video-preview:-1"},"canonical":"https:\/\/www.ledizioni.it\/en\/product\/antigonas-america-latina\/","og_locale":"en_GB","og_type":"article","og_title":"Antigonas de America Latina","og_description":"Ledizioni - Innovative Publishing. Casa editrice universitaria. Open Access. eBook, ePub. Creative Commons.","og_url":"https:\/\/www.ledizioni.it\/en\/product\/antigonas-america-latina\/","og_site_name":"Ledizioni","article_publisher":"https:\/\/www.facebook.com\/pages\/Ledizioni-LediPublishing\/109120559173329","article_modified_time":"2022-09-16T07:27:20+00:00","og_image":[{"width":1462,"height":1962,"url":"https:\/\/www.ledizioni.it\/stag\/wp-content\/uploads\/2022\/07\/cover_Lorenzano3D.jpg","type":"image\/jpeg"}],"twitter_card":"summary_large_image","twitter_site":"@ledizioni","twitter_misc":{"Estimated reading time":"2 minutes"},"schema":{"@context":"https:\/\/schema.org","@graph":[{"@type":"WebPage","@id":"https:\/\/www.ledizioni.it\/en\/product\/antigonas-america-latina\/","url":"https:\/\/www.ledizioni.it\/en\/product\/antigonas-america-latina\/","name":"Antigonas de America Latina","isPartOf":{"@id":"https:\/\/www.ledizioni.it\/#website"},"primaryImageOfPage":{"@id":"https:\/\/www.ledizioni.it\/en\/product\/antigonas-america-latina\/#primaryimage"},"image":{"@id":"https:\/\/www.ledizioni.it\/en\/product\/antigonas-america-latina\/#primaryimage"},"thumbnailUrl":"https:\/\/www.ledizioni.it\/stag\/wp-content\/uploads\/2022\/07\/cover_Lorenzano3D.jpg","datePublished":"2022-07-11T12:38:35+00:00","dateModified":"2022-09-16T07:27:20+00:00","description":"Ledizioni - Innovative Publishing. Casa editrice universitaria. Open Access. eBook, ePub. Creative Commons.","breadcrumb":{"@id":"https:\/\/www.ledizioni.it\/en\/product\/antigonas-america-latina\/#breadcrumb"},"inLanguage":"en-GB","potentialAction":[{"@type":"ReadAction","target":["https:\/\/www.ledizioni.it\/en\/product\/antigonas-america-latina\/"]}]},{"@type":"ImageObject","inLanguage":"en-GB","@id":"https:\/\/www.ledizioni.it\/en\/product\/antigonas-america-latina\/#primaryimage","url":"https:\/\/www.ledizioni.it\/stag\/wp-content\/uploads\/2022\/07\/cover_Lorenzano3D.jpg","contentUrl":"https:\/\/www.ledizioni.it\/stag\/wp-content\/uploads\/2022\/07\/cover_Lorenzano3D.jpg","width":1462,"height":1962},{"@type":"BreadcrumbList","@id":"https:\/\/www.ledizioni.it\/en\/product\/antigonas-america-latina\/#breadcrumb","itemListElement":[{"@type":"ListItem","position":1,"name":"Shop","item":"https:\/\/www.ledizioni.it\/shop-2\/"},{"@type":"ListItem","position":2,"name":"ANT\u00cdGONAS DE AM\u00c9RICA LATINA"}]},{"@type":"WebSite","@id":"https:\/\/www.ledizioni.it\/#website","url":"https:\/\/www.ledizioni.it\/","name":"Ledizioni","description":"The Innovative LediPublishing Company - Casa Editrice Universitaria","publisher":{"@id":"https:\/\/www.ledizioni.it\/#organization"},"potentialAction":[{"@type":"SearchAction","target":{"@type":"EntryPoint","urlTemplate":"https:\/\/www.ledizioni.it\/?s={search_term_string}"},"query-input":{"@type":"PropertyValueSpecification","valueRequired":true,"valueName":"search_term_string"}}],"inLanguage":"en-GB"},{"@type":"Organization","@id":"https:\/\/www.ledizioni.it\/#organization","name":"Ledizioni","url":"https:\/\/www.ledizioni.it\/","logo":{"@type":"ImageObject","inLanguage":"en-GB","@id":"https:\/\/www.ledizioni.it\/#\/schema\/logo\/image\/","url":"https:\/\/www.ledizioni.it\/stag\/wp-content\/uploads\/2023\/10\/newlogoledizioni500x110_2-1.jpg","contentUrl":"https:\/\/www.ledizioni.it\/stag\/wp-content\/uploads\/2023\/10\/newlogoledizioni500x110_2-1.jpg","width":354,"height":87,"caption":"Ledizioni"},"image":{"@id":"https:\/\/www.ledizioni.it\/#\/schema\/logo\/image\/"},"sameAs":["https:\/\/www.facebook.com\/pages\/Ledizioni-LediPublishing\/109120559173329","https:\/\/x.com\/ledizioni"]}]}},"jetpack_sharing_enabled":true,"_links":{"self":[{"href":"https:\/\/www.ledizioni.it\/en\/wp-json\/wp\/v2\/product\/52463","targetHints":{"allow":["GET"]}}],"collection":[{"href":"https:\/\/www.ledizioni.it\/en\/wp-json\/wp\/v2\/product"}],"about":[{"href":"https:\/\/www.ledizioni.it\/en\/wp-json\/wp\/v2\/types\/product"}],"replies":[{"embeddable":true,"href":"https:\/\/www.ledizioni.it\/en\/wp-json\/wp\/v2\/comments?post=52463"}],"version-history":[{"count":1,"href":"https:\/\/www.ledizioni.it\/en\/wp-json\/wp\/v2\/product\/52463\/revisions"}],"predecessor-version":[{"id":52772,"href":"https:\/\/www.ledizioni.it\/en\/wp-json\/wp\/v2\/product\/52463\/revisions\/52772"}],"wp:featuredmedia":[{"embeddable":true,"href":"https:\/\/www.ledizioni.it\/en\/wp-json\/wp\/v2\/media\/52468"}],"wp:attachment":[{"href":"https:\/\/www.ledizioni.it\/en\/wp-json\/wp\/v2\/media?parent=52463"}],"wp:term":[{"taxonomy":"product_brand","embeddable":true,"href":"https:\/\/www.ledizioni.it\/en\/wp-json\/wp\/v2\/product_brand?post=52463"},{"taxonomy":"product_cat","embeddable":true,"href":"https:\/\/www.ledizioni.it\/en\/wp-json\/wp\/v2\/product_cat?post=52463"},{"taxonomy":"product_tag","embeddable":true,"href":"https:\/\/www.ledizioni.it\/en\/wp-json\/wp\/v2\/product_tag?post=52463"}],"curies":[{"name":"wp","href":"https:\/\/api.w.org\/{rel}","templated":true}]}}