{"id":52550,"date":"2021-06-19T12:30:23","date_gmt":"2021-06-19T10:30:23","guid":{"rendered":"https:\/\/www.ledizioni.it\/?post_type=product&#038;p=52550"},"modified":"2022-07-19T12:35:47","modified_gmt":"2022-07-19T10:35:47","slug":"cuadernos-aispi-n-17-2021-homenaje-galdos-centenario","status":"publish","type":"product","link":"https:\/\/www.ledizioni.it\/en\/product\/cuadernos-aispi-n-17-2021-homenaje-galdos-centenario\/","title":{"rendered":"Cuadernos AISPI  n. 17\/2021, HOMENAJE A GALD\u00d3S EN EL CENTENARIO DE SU MUERTE"},"content":{"rendered":"<h3><strong>Cuadernos AISPI: Revista semestral de la Associazione Ispanisti Italiani<br \/>\n<\/strong><\/h3>\n<h3 style=\"text-align: justify;\"><strong>17\/2021. <\/strong>HOMENAJE A GALD\u00d3S EN EL CENTENARIO DE SU MUERTE<\/h3>\n<p style=\"text-align: justify;\"><strong>Editores<\/strong><br \/>\nAssunta Polizzi<br \/>\nYolanda Arencibia<\/p>\n<p style=\"text-align: justify;\">SECCI\u00d3N MONOGR\u00c1FICA<\/p>\n<ul>\n<li>Introducci\u00f3n<\/li>\n<li style=\"text-align: justify;\">Ivana Calceglia, <em>Los Episodios Nacionales para ni\u00f1os de Benito P\u00e9rez Gald\u00f3s. La reescritura \u201cinfantil\u201d de Trafalgar<\/em><\/li>\n<li style=\"text-align: justify;\">Maria Carreras i Goicoechea, <em>El elemento ling\u00fc\u00edstico popular de Fortunata y Jacinta en las traducciones italianas de S. Baccani Giani (1927) y A. Rocco (2000)<\/em><\/li>\n<li style=\"text-align: justify;\">Marco Cipolloni y Valerio Nardoni, <em>El Autor en su obra: P\u00e9rez Gald\u00f3s y dos de sus amigos mansos, entre persona y personaje<\/em><\/li>\n<li style=\"text-align: justify;\">Toni Dorca,<em> Ciudadan\u00eda y mujer en la segunda serie de los Episodios nacionales: del absolutismo a la naci\u00f3n liberal<\/em><\/li>\n<li style=\"text-align: justify;\">Edoardo Franchi,<em> Gald\u00f3s en Italia en el siglo XXI. Un panorama editorial<\/em><\/li>\n<li style=\"text-align: justify;\">Magdalena Jim\u00e9nez Naharro, <em>Las producciones on\u00edricas de los personajes galdosianos<\/em><\/li>\n<li style=\"text-align: justify;\">Alberto Maffini, <em>Isidora Rufete en el alba y ocaso de las Novelas contempor\u00e1neas<\/em><\/li>\n<li style=\"text-align: justify;\">Carlotta Orlandi, <em>Un siglo y medio de Gald\u00f3s en Italia. Las traducciones 1874-2000 (y una \u201cpen\u00ecnsula\u201d al nuevo milenio)<\/em><\/li>\n<li style=\"text-align: justify;\">Assunta Scotto di Carlo, <em>Personajes recurrentes en la obra de Gald\u00f3s: la familia \u201cdel evaporado fil\u00f3sofo\u201d Jos\u00e9 Ido del Sagrario<\/em><\/li>\n<\/ul>\n<p>COLOF\u00d3N<\/p>\n<p style=\"text-align: justify;\">John H. Sinnigen y Claudia Medina Ram\u00edrez, <em>Gald\u00f3s para una pandemia: Festival virtual de cine mexicano y argentino<\/em><\/p>\n<p style=\"text-align: justify;\">RESE\u00d1AS<\/p>\n<ul>\n<li style=\"text-align: justify;\"><em>Luis de G\u00f3ngora Le ferme intenzioni di Isabella, a cura di Giulia Poggi<\/em> (Laura Dolfi)<\/li>\n<li style=\"text-align: justify;\"><em>Ida Grasso Lirica e destino. Il libro di poesia nella Spagna del Novecento<\/em> (Matteo Lef\u00e8vre)<\/li>\n<li style=\"text-align: justify;\"><em>Carmen Mar\u00eda Pujante Segura La novela corta contempor\u00e1nea (desde mediados del siglo XX hasta hoy a trav\u00e9s de Ayala, Vila-Matas y Barba) <\/em>(Angela Moro)<\/li>\n<li style=\"text-align: justify;\"><em>Mireia Aldom\u00e0 (ed.) Primera parte de las Cien Novelas de Giraldo Cinthio, introducci\u00f3n de Mireia Aldom\u00e0 y pr\u00f3logo de Mar\u00eda Luisa Cerr\u00f3n-Puga, <\/em>(Elena Carpi)<\/li>\n<\/ul>\n<h3><strong>DATI BIBLIOGRAFICI<\/strong><\/h3>\n<p>Curatori: Assunta Polizzi, Yolanda Arencibia<br \/>\nEditore: Ledizioni<br \/>\nCollana: <a href=\"https:\/\/www.ledizioni.it\/en\/product-category\/riviste\/cuadernos-aispi\/\">Cuadernos AISPI<\/a><br \/>\nFormato: Brossura<br \/>\nPubblicato in: luglio 2021<br \/>\nISSN cartaceo: 2283981X<br \/>\nPrezzo cartaceo: 25.00 \u20ac<\/p>","protected":false},"excerpt":{"rendered":"<p>Cuadernos AISPI: Revista semestral de la Associazione Ispanisti Italiani 17\/2021. HOMENAJE A GALD\u00d3S EN EL CENTENARIO DE SU MUERTE Editores<\/p>","protected":false},"featured_media":52551,"comment_status":"open","ping_status":"closed","template":"","meta":{"_acf_changed":false},"product_brand":[],"product_cat":[767],"product_tag":[768,1499],"class_list":{"0":"post-52550","1":"product","2":"type-product","3":"status-publish","4":"has-post-thumbnail","6":"product_cat-cuadernos-aispi","7":"product_tag-ispanisti","8":"product_tag-spagnolo","9":"pa_formato-cartaceo","10":"pa_lingua-spagnolo","12":"first","13":"instock","14":"shipping-taxable","15":"purchasable","16":"product-type-simple"},"acf":[],"yoast_head":"<!-- This site is optimized with the Yoast SEO plugin v27.4 - https:\/\/yoast.com\/product\/yoast-seo-wordpress\/ -->\n<title>Cuadernos AISPI n. 17\/2021, HOMENAJE A GALD\u00d3S EN EL CENTENARIO DE SU MUERTE -<\/title>\n<meta name=\"description\" content=\"Ledizioni - Innovative Publishing. Casa editrice universitaria. Open Access. eBook, ePub. Creative Commons.\" \/>\n<meta name=\"robots\" content=\"index, follow, max-snippet:-1, max-image-preview:large, max-video-preview:-1\" \/>\n<link rel=\"canonical\" href=\"https:\/\/www.ledizioni.it\/en\/product\/cuadernos-aispi-n-17-2021-homenaje-galdos-centenario\/\" \/>\n<meta property=\"og:locale\" content=\"en_GB\" \/>\n<meta property=\"og:type\" content=\"article\" \/>\n<meta property=\"og:title\" content=\"Cuadernos AISPI n. 17\/2021, HOMENAJE A GALD\u00d3S EN EL CENTENARIO DE SU MUERTE -\" \/>\n<meta property=\"og:description\" content=\"Ledizioni - Innovative Publishing. Casa editrice universitaria. Open Access. eBook, ePub. Creative Commons.\" \/>\n<meta property=\"og:url\" content=\"https:\/\/www.ledizioni.it\/en\/product\/cuadernos-aispi-n-17-2021-homenaje-galdos-centenario\/\" \/>\n<meta property=\"og:site_name\" content=\"Ledizioni\" \/>\n<meta property=\"article:publisher\" content=\"https:\/\/www.facebook.com\/pages\/Ledizioni-LediPublishing\/109120559173329\" \/>\n<meta property=\"article:modified_time\" content=\"2022-07-19T10:35:47+00:00\" \/>\n<meta property=\"og:image\" content=\"https:\/\/www.ledizioni.it\/stag\/wp-content\/uploads\/2022\/07\/CUADERNOS_COVER-17_2021_3D.jpg\" \/>\n\t<meta property=\"og:image:width\" content=\"1516\" \/>\n\t<meta property=\"og:image:height\" content=\"1962\" \/>\n\t<meta property=\"og:image:type\" content=\"image\/jpeg\" \/>\n<meta name=\"twitter:card\" content=\"summary_large_image\" \/>\n<meta name=\"twitter:site\" content=\"@ledizioni\" \/>\n<meta name=\"twitter:label1\" content=\"Estimated reading time\" \/>\n\t<meta name=\"twitter:data1\" content=\"2 minutes\" \/>\n<script type=\"application\/ld+json\" class=\"yoast-schema-graph\">{\"@context\":\"https:\\\/\\\/schema.org\",\"@graph\":[{\"@type\":\"WebPage\",\"@id\":\"https:\\\/\\\/www.ledizioni.it\\\/prodotto\\\/cuadernos-aispi-n-17-2021-homenaje-galdos-centenario\\\/\",\"url\":\"https:\\\/\\\/www.ledizioni.it\\\/prodotto\\\/cuadernos-aispi-n-17-2021-homenaje-galdos-centenario\\\/\",\"name\":\"Cuadernos AISPI n. 17\\\/2021, HOMENAJE A GALD\u00d3S EN EL CENTENARIO DE SU MUERTE -\",\"isPartOf\":{\"@id\":\"https:\\\/\\\/www.ledizioni.it\\\/#website\"},\"primaryImageOfPage\":{\"@id\":\"https:\\\/\\\/www.ledizioni.it\\\/prodotto\\\/cuadernos-aispi-n-17-2021-homenaje-galdos-centenario\\\/#primaryimage\"},\"image\":{\"@id\":\"https:\\\/\\\/www.ledizioni.it\\\/prodotto\\\/cuadernos-aispi-n-17-2021-homenaje-galdos-centenario\\\/#primaryimage\"},\"thumbnailUrl\":\"https:\\\/\\\/www.ledizioni.it\\\/stag\\\/wp-content\\\/uploads\\\/2022\\\/07\\\/CUADERNOS_COVER-17_2021_3D.jpg\",\"datePublished\":\"2021-06-19T10:30:23+00:00\",\"dateModified\":\"2022-07-19T10:35:47+00:00\",\"description\":\"Ledizioni - Innovative Publishing. Casa editrice universitaria. Open Access. eBook, ePub. Creative Commons.\",\"breadcrumb\":{\"@id\":\"https:\\\/\\\/www.ledizioni.it\\\/prodotto\\\/cuadernos-aispi-n-17-2021-homenaje-galdos-centenario\\\/#breadcrumb\"},\"inLanguage\":\"en-GB\",\"potentialAction\":[{\"@type\":\"ReadAction\",\"target\":[\"https:\\\/\\\/www.ledizioni.it\\\/prodotto\\\/cuadernos-aispi-n-17-2021-homenaje-galdos-centenario\\\/\"]}]},{\"@type\":\"ImageObject\",\"inLanguage\":\"en-GB\",\"@id\":\"https:\\\/\\\/www.ledizioni.it\\\/prodotto\\\/cuadernos-aispi-n-17-2021-homenaje-galdos-centenario\\\/#primaryimage\",\"url\":\"https:\\\/\\\/www.ledizioni.it\\\/stag\\\/wp-content\\\/uploads\\\/2022\\\/07\\\/CUADERNOS_COVER-17_2021_3D.jpg\",\"contentUrl\":\"https:\\\/\\\/www.ledizioni.it\\\/stag\\\/wp-content\\\/uploads\\\/2022\\\/07\\\/CUADERNOS_COVER-17_2021_3D.jpg\",\"width\":1516,\"height\":1962},{\"@type\":\"BreadcrumbList\",\"@id\":\"https:\\\/\\\/www.ledizioni.it\\\/prodotto\\\/cuadernos-aispi-n-17-2021-homenaje-galdos-centenario\\\/#breadcrumb\",\"itemListElement\":[{\"@type\":\"ListItem\",\"position\":1,\"name\":\"Shop\",\"item\":\"https:\\\/\\\/www.ledizioni.it\\\/shop-2\\\/\"},{\"@type\":\"ListItem\",\"position\":2,\"name\":\"Cuadernos AISPI n. 17\\\/2021, HOMENAJE A GALD\u00d3S EN EL CENTENARIO DE SU MUERTE\"}]},{\"@type\":\"WebSite\",\"@id\":\"https:\\\/\\\/www.ledizioni.it\\\/#website\",\"url\":\"https:\\\/\\\/www.ledizioni.it\\\/\",\"name\":\"Ledizioni\",\"description\":\"The Innovative LediPublishing Company - Casa Editrice Universitaria\",\"publisher\":{\"@id\":\"https:\\\/\\\/www.ledizioni.it\\\/#organization\"},\"potentialAction\":[{\"@type\":\"SearchAction\",\"target\":{\"@type\":\"EntryPoint\",\"urlTemplate\":\"https:\\\/\\\/www.ledizioni.it\\\/?s={search_term_string}\"},\"query-input\":{\"@type\":\"PropertyValueSpecification\",\"valueRequired\":true,\"valueName\":\"search_term_string\"}}],\"inLanguage\":\"en-GB\"},{\"@type\":\"Organization\",\"@id\":\"https:\\\/\\\/www.ledizioni.it\\\/#organization\",\"name\":\"Ledizioni\",\"url\":\"https:\\\/\\\/www.ledizioni.it\\\/\",\"logo\":{\"@type\":\"ImageObject\",\"inLanguage\":\"en-GB\",\"@id\":\"https:\\\/\\\/www.ledizioni.it\\\/#\\\/schema\\\/logo\\\/image\\\/\",\"url\":\"https:\\\/\\\/www.ledizioni.it\\\/stag\\\/wp-content\\\/uploads\\\/2023\\\/10\\\/newlogoledizioni500x110_2-1.jpg\",\"contentUrl\":\"https:\\\/\\\/www.ledizioni.it\\\/stag\\\/wp-content\\\/uploads\\\/2023\\\/10\\\/newlogoledizioni500x110_2-1.jpg\",\"width\":354,\"height\":87,\"caption\":\"Ledizioni\"},\"image\":{\"@id\":\"https:\\\/\\\/www.ledizioni.it\\\/#\\\/schema\\\/logo\\\/image\\\/\"},\"sameAs\":[\"https:\\\/\\\/www.facebook.com\\\/pages\\\/Ledizioni-LediPublishing\\\/109120559173329\",\"https:\\\/\\\/x.com\\\/ledizioni\"]}]}<\/script>\n<!-- \/ Yoast SEO plugin. -->","yoast_head_json":{"title":"Cuadernos AISPI n. 17\/2021, HOMENAJE A GALD\u00d3S EN EL CENTENARIO DE SU MUERTE -","description":"Ledizioni - Innovative Publishing. Casa editrice universitaria. Open Access. eBook, ePub. Creative Commons.","robots":{"index":"index","follow":"follow","max-snippet":"max-snippet:-1","max-image-preview":"max-image-preview:large","max-video-preview":"max-video-preview:-1"},"canonical":"https:\/\/www.ledizioni.it\/en\/product\/cuadernos-aispi-n-17-2021-homenaje-galdos-centenario\/","og_locale":"en_GB","og_type":"article","og_title":"Cuadernos AISPI n. 17\/2021, HOMENAJE A GALD\u00d3S EN EL CENTENARIO DE SU MUERTE -","og_description":"Ledizioni - Innovative Publishing. Casa editrice universitaria. Open Access. eBook, ePub. Creative Commons.","og_url":"https:\/\/www.ledizioni.it\/en\/product\/cuadernos-aispi-n-17-2021-homenaje-galdos-centenario\/","og_site_name":"Ledizioni","article_publisher":"https:\/\/www.facebook.com\/pages\/Ledizioni-LediPublishing\/109120559173329","article_modified_time":"2022-07-19T10:35:47+00:00","og_image":[{"width":1516,"height":1962,"url":"https:\/\/www.ledizioni.it\/stag\/wp-content\/uploads\/2022\/07\/CUADERNOS_COVER-17_2021_3D.jpg","type":"image\/jpeg"}],"twitter_card":"summary_large_image","twitter_site":"@ledizioni","twitter_misc":{"Estimated reading time":"2 minutes"},"schema":{"@context":"https:\/\/schema.org","@graph":[{"@type":"WebPage","@id":"https:\/\/www.ledizioni.it\/prodotto\/cuadernos-aispi-n-17-2021-homenaje-galdos-centenario\/","url":"https:\/\/www.ledizioni.it\/prodotto\/cuadernos-aispi-n-17-2021-homenaje-galdos-centenario\/","name":"Cuadernos AISPI n. 17\/2021, HOMENAJE A GALD\u00d3S EN EL CENTENARIO DE SU MUERTE -","isPartOf":{"@id":"https:\/\/www.ledizioni.it\/#website"},"primaryImageOfPage":{"@id":"https:\/\/www.ledizioni.it\/prodotto\/cuadernos-aispi-n-17-2021-homenaje-galdos-centenario\/#primaryimage"},"image":{"@id":"https:\/\/www.ledizioni.it\/prodotto\/cuadernos-aispi-n-17-2021-homenaje-galdos-centenario\/#primaryimage"},"thumbnailUrl":"https:\/\/www.ledizioni.it\/stag\/wp-content\/uploads\/2022\/07\/CUADERNOS_COVER-17_2021_3D.jpg","datePublished":"2021-06-19T10:30:23+00:00","dateModified":"2022-07-19T10:35:47+00:00","description":"Ledizioni - Innovative Publishing. Casa editrice universitaria. Open Access. eBook, ePub. Creative Commons.","breadcrumb":{"@id":"https:\/\/www.ledizioni.it\/prodotto\/cuadernos-aispi-n-17-2021-homenaje-galdos-centenario\/#breadcrumb"},"inLanguage":"en-GB","potentialAction":[{"@type":"ReadAction","target":["https:\/\/www.ledizioni.it\/prodotto\/cuadernos-aispi-n-17-2021-homenaje-galdos-centenario\/"]}]},{"@type":"ImageObject","inLanguage":"en-GB","@id":"https:\/\/www.ledizioni.it\/prodotto\/cuadernos-aispi-n-17-2021-homenaje-galdos-centenario\/#primaryimage","url":"https:\/\/www.ledizioni.it\/stag\/wp-content\/uploads\/2022\/07\/CUADERNOS_COVER-17_2021_3D.jpg","contentUrl":"https:\/\/www.ledizioni.it\/stag\/wp-content\/uploads\/2022\/07\/CUADERNOS_COVER-17_2021_3D.jpg","width":1516,"height":1962},{"@type":"BreadcrumbList","@id":"https:\/\/www.ledizioni.it\/prodotto\/cuadernos-aispi-n-17-2021-homenaje-galdos-centenario\/#breadcrumb","itemListElement":[{"@type":"ListItem","position":1,"name":"Shop","item":"https:\/\/www.ledizioni.it\/shop-2\/"},{"@type":"ListItem","position":2,"name":"Cuadernos AISPI n. 17\/2021, HOMENAJE A GALD\u00d3S EN EL CENTENARIO DE SU MUERTE"}]},{"@type":"WebSite","@id":"https:\/\/www.ledizioni.it\/#website","url":"https:\/\/www.ledizioni.it\/","name":"Ledizioni","description":"The Innovative LediPublishing Company - Casa Editrice Universitaria","publisher":{"@id":"https:\/\/www.ledizioni.it\/#organization"},"potentialAction":[{"@type":"SearchAction","target":{"@type":"EntryPoint","urlTemplate":"https:\/\/www.ledizioni.it\/?s={search_term_string}"},"query-input":{"@type":"PropertyValueSpecification","valueRequired":true,"valueName":"search_term_string"}}],"inLanguage":"en-GB"},{"@type":"Organization","@id":"https:\/\/www.ledizioni.it\/#organization","name":"Ledizioni","url":"https:\/\/www.ledizioni.it\/","logo":{"@type":"ImageObject","inLanguage":"en-GB","@id":"https:\/\/www.ledizioni.it\/#\/schema\/logo\/image\/","url":"https:\/\/www.ledizioni.it\/stag\/wp-content\/uploads\/2023\/10\/newlogoledizioni500x110_2-1.jpg","contentUrl":"https:\/\/www.ledizioni.it\/stag\/wp-content\/uploads\/2023\/10\/newlogoledizioni500x110_2-1.jpg","width":354,"height":87,"caption":"Ledizioni"},"image":{"@id":"https:\/\/www.ledizioni.it\/#\/schema\/logo\/image\/"},"sameAs":["https:\/\/www.facebook.com\/pages\/Ledizioni-LediPublishing\/109120559173329","https:\/\/x.com\/ledizioni"]}]}},"jetpack_sharing_enabled":true,"_links":{"self":[{"href":"https:\/\/www.ledizioni.it\/en\/wp-json\/wp\/v2\/product\/52550","targetHints":{"allow":["GET"]}}],"collection":[{"href":"https:\/\/www.ledizioni.it\/en\/wp-json\/wp\/v2\/product"}],"about":[{"href":"https:\/\/www.ledizioni.it\/en\/wp-json\/wp\/v2\/types\/product"}],"replies":[{"embeddable":true,"href":"https:\/\/www.ledizioni.it\/en\/wp-json\/wp\/v2\/comments?post=52550"}],"version-history":[{"count":1,"href":"https:\/\/www.ledizioni.it\/en\/wp-json\/wp\/v2\/product\/52550\/revisions"}],"predecessor-version":[{"id":52552,"href":"https:\/\/www.ledizioni.it\/en\/wp-json\/wp\/v2\/product\/52550\/revisions\/52552"}],"wp:featuredmedia":[{"embeddable":true,"href":"https:\/\/www.ledizioni.it\/en\/wp-json\/wp\/v2\/media\/52551"}],"wp:attachment":[{"href":"https:\/\/www.ledizioni.it\/en\/wp-json\/wp\/v2\/media?parent=52550"}],"wp:term":[{"taxonomy":"product_brand","embeddable":true,"href":"https:\/\/www.ledizioni.it\/en\/wp-json\/wp\/v2\/product_brand?post=52550"},{"taxonomy":"product_cat","embeddable":true,"href":"https:\/\/www.ledizioni.it\/en\/wp-json\/wp\/v2\/product_cat?post=52550"},{"taxonomy":"product_tag","embeddable":true,"href":"https:\/\/www.ledizioni.it\/en\/wp-json\/wp\/v2\/product_tag?post=52550"}],"curies":[{"name":"wp","href":"https:\/\/api.w.org\/{rel}","templated":true}]}}