{"id":52623,"date":"2022-07-29T12:52:20","date_gmt":"2022-07-29T10:52:20","guid":{"rendered":"https:\/\/www.ledizioni.it\/?post_type=product&#038;p=52623"},"modified":"2022-08-24T17:34:12","modified_gmt":"2022-08-24T15:34:12","slug":"migrazione-in-prospettiva","status":"publish","type":"product","link":"https:\/\/www.ledizioni.it\/en\/product\/migrazione-in-prospettiva\/","title":{"rendered":"LA MIGRAZIONE IN PROSPETTIVA"},"content":{"rendered":"<p style=\"text-align: justify;\">Nel 2017, una ricerca preliminare condotta nella regione senegalese di Kolda e guineense di Gabu dall\u2019Universit\u00e0 di Milano-Bicocca, in collaborazione con l\u2019ONG italiana Fondazione ACRA, ha permesso di comprendere le modalit\u00e0 con cui le comunit\u00e0 di Diaob\u00e9-Kabendou, e quelle nei dintorni di Kounkan\u00e9, Kandiaye e Sare Coly Salle (sul versante senegalese, dipartimento di V\u00e9lingara) e della citt\u00e0 di Gabu (sul versante guineense) avevano accesso ai canali migratori internazionali. Questa mobilit\u00e0 coinvolgeva giovani uomini con poca o nessuna istruzione che, per le loro origini rurali, avevano familiarit\u00e0 con il lavoro agricolo e pastorale. I tentativi di raggiungere l\u2019Europa senza visto d\u2019ingresso, cos\u00ec da eventualmente regolarizzare la loro posizione attraverso il meccanismo legale di richiesta d\u2019asilo per motivi politici o umanitari, sono divenuti pi\u00f9 frequenti a partire dagli anni 2000.<br \/>\nLe conseguenze sui contesti locali di questa mobilit\u00e0, popolarmente conosciuta come <em>lawol ley<\/em> (la strada in basso, in Pulaar) o <em>koma siloo<\/em> (la strada laterale, in Mandinka), \u00e8 incomparabile a quello delle precedenti migrazioni internazionali: il numero di giovani coinvolti, il rapido miglioramento delle condizioni di vita delle famiglie i cui membri sono riusciti a entrare nello spazio europeo, la tragedia dei fallimenti e, dal 2017 in poi, i ritorni volontari o forzati dalla rotta mediterranea1 centrale hanno aperto una fase storica in cui la migrazione, la sua legittimit\u00e0 e il suo significato \u00e8 dibattuto a tutti i livelli della societ\u00e0. Mentre le organizzazioni internazionali, il governo senegalese e la societ\u00e0 civile tentano di gestire i flussi e incoraggiare il rimpatrio, le comunit\u00e0 locali e le reti familiari devono affrontare quotidianamente i costi sociali e umani della lawol ley\/koma siloo.<\/p>\n<p><strong>DATI BIBLIOGRAFICI<\/strong><br \/>\nAutrice: Alice Bellagamba<br \/>\nEditore: Ledizioni<br \/>\nPubblicato nel: giugno 2022<br \/>\nFormato: PDF in Open Access<br \/>\nISBN: 9788855267229<br \/>\nDOI: doi.org\/10.14672\/55267229<\/p>","protected":false},"excerpt":{"rendered":"<p>Nel 2017, una ricerca preliminare condotta nella regione senegalese di Kolda e guineense di Gabu dall\u2019Universit\u00e0 di Milano-Bicocca, in collaborazione<\/p>","protected":false},"featured_media":52624,"comment_status":"open","ping_status":"closed","template":"","meta":{"_acf_changed":false},"product_brand":[],"product_cat":[15],"product_tag":[2645,2648,858,764],"class_list":{"0":"post-52623","1":"product","2":"type-product","3":"status-publish","4":"has-post-thumbnail","6":"product_cat-antropologia","7":"product_tag-antropologia","8":"product_tag-immigrazione","9":"product_tag-integrazione","10":"product_tag-open-access-2","12":"first","13":"instock","14":"featured","15":"downloadable","16":"virtual","17":"purchasable","18":"product-type-simple"},"acf":[],"yoast_head":"<!-- This site is optimized with the Yoast SEO plugin v27.4 - https:\/\/yoast.com\/product\/yoast-seo-wordpress\/ -->\n<title>LA MIGRAZIONE IN PROSPETTIVA -<\/title>\n<meta name=\"description\" content=\"Ledizioni - Innovative Publishing. Casa editrice universitaria. Open Access. eBook, ePub. Creative Commons.\" \/>\n<meta name=\"robots\" content=\"index, follow, max-snippet:-1, max-image-preview:large, max-video-preview:-1\" \/>\n<link rel=\"canonical\" href=\"https:\/\/www.ledizioni.it\/en\/product\/migrazione-in-prospettiva\/\" \/>\n<meta property=\"og:locale\" content=\"en_GB\" \/>\n<meta property=\"og:type\" content=\"article\" \/>\n<meta property=\"og:title\" content=\"LA MIGRAZIONE IN PROSPETTIVA -\" \/>\n<meta property=\"og:description\" content=\"Ledizioni - Innovative Publishing. Casa editrice universitaria. Open Access. eBook, ePub. Creative Commons.\" \/>\n<meta property=\"og:url\" content=\"https:\/\/www.ledizioni.it\/en\/product\/migrazione-in-prospettiva\/\" \/>\n<meta property=\"og:site_name\" content=\"Ledizioni\" \/>\n<meta property=\"article:publisher\" content=\"https:\/\/www.facebook.com\/pages\/Ledizioni-LediPublishing\/109120559173329\" \/>\n<meta property=\"article:modified_time\" content=\"2022-08-24T15:34:12+00:00\" \/>\n<meta property=\"og:image\" content=\"https:\/\/www.ledizioni.it\/stag\/wp-content\/uploads\/2022\/07\/bellagamba-3D.jpg\" \/>\n\t<meta property=\"og:image:width\" content=\"579\" \/>\n\t<meta property=\"og:image:height\" content=\"703\" \/>\n\t<meta property=\"og:image:type\" content=\"image\/jpeg\" \/>\n<meta name=\"twitter:card\" content=\"summary_large_image\" \/>\n<meta name=\"twitter:site\" content=\"@ledizioni\" \/>\n<meta name=\"twitter:label1\" content=\"Estimated reading time\" \/>\n\t<meta name=\"twitter:data1\" content=\"1 minute\" \/>\n<script type=\"application\/ld+json\" class=\"yoast-schema-graph\">{\"@context\":\"https:\\\/\\\/schema.org\",\"@graph\":[{\"@type\":\"WebPage\",\"@id\":\"https:\\\/\\\/www.ledizioni.it\\\/en\\\/product\\\/migrazione-in-prospettiva\\\/\",\"url\":\"https:\\\/\\\/www.ledizioni.it\\\/en\\\/product\\\/migrazione-in-prospettiva\\\/\",\"name\":\"LA MIGRAZIONE IN PROSPETTIVA -\",\"isPartOf\":{\"@id\":\"https:\\\/\\\/www.ledizioni.it\\\/#website\"},\"primaryImageOfPage\":{\"@id\":\"https:\\\/\\\/www.ledizioni.it\\\/en\\\/product\\\/migrazione-in-prospettiva\\\/#primaryimage\"},\"image\":{\"@id\":\"https:\\\/\\\/www.ledizioni.it\\\/en\\\/product\\\/migrazione-in-prospettiva\\\/#primaryimage\"},\"thumbnailUrl\":\"https:\\\/\\\/www.ledizioni.it\\\/stag\\\/wp-content\\\/uploads\\\/2022\\\/07\\\/bellagamba-3D.jpg\",\"datePublished\":\"2022-07-29T10:52:20+00:00\",\"dateModified\":\"2022-08-24T15:34:12+00:00\",\"description\":\"Ledizioni - Innovative Publishing. Casa editrice universitaria. Open Access. eBook, ePub. Creative Commons.\",\"breadcrumb\":{\"@id\":\"https:\\\/\\\/www.ledizioni.it\\\/en\\\/product\\\/migrazione-in-prospettiva\\\/#breadcrumb\"},\"inLanguage\":\"en-GB\",\"potentialAction\":[{\"@type\":\"ReadAction\",\"target\":[\"https:\\\/\\\/www.ledizioni.it\\\/en\\\/product\\\/migrazione-in-prospettiva\\\/\"]}]},{\"@type\":\"ImageObject\",\"inLanguage\":\"en-GB\",\"@id\":\"https:\\\/\\\/www.ledizioni.it\\\/en\\\/product\\\/migrazione-in-prospettiva\\\/#primaryimage\",\"url\":\"https:\\\/\\\/www.ledizioni.it\\\/stag\\\/wp-content\\\/uploads\\\/2022\\\/07\\\/bellagamba-3D.jpg\",\"contentUrl\":\"https:\\\/\\\/www.ledizioni.it\\\/stag\\\/wp-content\\\/uploads\\\/2022\\\/07\\\/bellagamba-3D.jpg\",\"width\":579,\"height\":703},{\"@type\":\"BreadcrumbList\",\"@id\":\"https:\\\/\\\/www.ledizioni.it\\\/en\\\/product\\\/migrazione-in-prospettiva\\\/#breadcrumb\",\"itemListElement\":[{\"@type\":\"ListItem\",\"position\":1,\"name\":\"Shop\",\"item\":\"https:\\\/\\\/www.ledizioni.it\\\/shop-2\\\/\"},{\"@type\":\"ListItem\",\"position\":2,\"name\":\"LA MIGRAZIONE IN PROSPETTIVA\"}]},{\"@type\":\"WebSite\",\"@id\":\"https:\\\/\\\/www.ledizioni.it\\\/#website\",\"url\":\"https:\\\/\\\/www.ledizioni.it\\\/\",\"name\":\"Ledizioni\",\"description\":\"The Innovative LediPublishing Company - Casa Editrice Universitaria\",\"publisher\":{\"@id\":\"https:\\\/\\\/www.ledizioni.it\\\/#organization\"},\"potentialAction\":[{\"@type\":\"SearchAction\",\"target\":{\"@type\":\"EntryPoint\",\"urlTemplate\":\"https:\\\/\\\/www.ledizioni.it\\\/?s={search_term_string}\"},\"query-input\":{\"@type\":\"PropertyValueSpecification\",\"valueRequired\":true,\"valueName\":\"search_term_string\"}}],\"inLanguage\":\"en-GB\"},{\"@type\":\"Organization\",\"@id\":\"https:\\\/\\\/www.ledizioni.it\\\/#organization\",\"name\":\"Ledizioni\",\"url\":\"https:\\\/\\\/www.ledizioni.it\\\/\",\"logo\":{\"@type\":\"ImageObject\",\"inLanguage\":\"en-GB\",\"@id\":\"https:\\\/\\\/www.ledizioni.it\\\/#\\\/schema\\\/logo\\\/image\\\/\",\"url\":\"https:\\\/\\\/www.ledizioni.it\\\/stag\\\/wp-content\\\/uploads\\\/2023\\\/10\\\/newlogoledizioni500x110_2-1.jpg\",\"contentUrl\":\"https:\\\/\\\/www.ledizioni.it\\\/stag\\\/wp-content\\\/uploads\\\/2023\\\/10\\\/newlogoledizioni500x110_2-1.jpg\",\"width\":354,\"height\":87,\"caption\":\"Ledizioni\"},\"image\":{\"@id\":\"https:\\\/\\\/www.ledizioni.it\\\/#\\\/schema\\\/logo\\\/image\\\/\"},\"sameAs\":[\"https:\\\/\\\/www.facebook.com\\\/pages\\\/Ledizioni-LediPublishing\\\/109120559173329\",\"https:\\\/\\\/x.com\\\/ledizioni\"]}]}<\/script>\n<!-- \/ Yoast SEO plugin. -->","yoast_head_json":{"title":"LA MIGRAZIONE IN PROSPETTIVA -","description":"Ledizioni - Innovative Publishing. Casa editrice universitaria. Open Access. eBook, ePub. Creative Commons.","robots":{"index":"index","follow":"follow","max-snippet":"max-snippet:-1","max-image-preview":"max-image-preview:large","max-video-preview":"max-video-preview:-1"},"canonical":"https:\/\/www.ledizioni.it\/en\/product\/migrazione-in-prospettiva\/","og_locale":"en_GB","og_type":"article","og_title":"LA MIGRAZIONE IN PROSPETTIVA -","og_description":"Ledizioni - Innovative Publishing. Casa editrice universitaria. Open Access. eBook, ePub. Creative Commons.","og_url":"https:\/\/www.ledizioni.it\/en\/product\/migrazione-in-prospettiva\/","og_site_name":"Ledizioni","article_publisher":"https:\/\/www.facebook.com\/pages\/Ledizioni-LediPublishing\/109120559173329","article_modified_time":"2022-08-24T15:34:12+00:00","og_image":[{"width":579,"height":703,"url":"https:\/\/www.ledizioni.it\/stag\/wp-content\/uploads\/2022\/07\/bellagamba-3D.jpg","type":"image\/jpeg"}],"twitter_card":"summary_large_image","twitter_site":"@ledizioni","twitter_misc":{"Estimated reading time":"1 minute"},"schema":{"@context":"https:\/\/schema.org","@graph":[{"@type":"WebPage","@id":"https:\/\/www.ledizioni.it\/en\/product\/migrazione-in-prospettiva\/","url":"https:\/\/www.ledizioni.it\/en\/product\/migrazione-in-prospettiva\/","name":"LA MIGRAZIONE IN PROSPETTIVA -","isPartOf":{"@id":"https:\/\/www.ledizioni.it\/#website"},"primaryImageOfPage":{"@id":"https:\/\/www.ledizioni.it\/en\/product\/migrazione-in-prospettiva\/#primaryimage"},"image":{"@id":"https:\/\/www.ledizioni.it\/en\/product\/migrazione-in-prospettiva\/#primaryimage"},"thumbnailUrl":"https:\/\/www.ledizioni.it\/stag\/wp-content\/uploads\/2022\/07\/bellagamba-3D.jpg","datePublished":"2022-07-29T10:52:20+00:00","dateModified":"2022-08-24T15:34:12+00:00","description":"Ledizioni - Innovative Publishing. Casa editrice universitaria. Open Access. eBook, ePub. Creative Commons.","breadcrumb":{"@id":"https:\/\/www.ledizioni.it\/en\/product\/migrazione-in-prospettiva\/#breadcrumb"},"inLanguage":"en-GB","potentialAction":[{"@type":"ReadAction","target":["https:\/\/www.ledizioni.it\/en\/product\/migrazione-in-prospettiva\/"]}]},{"@type":"ImageObject","inLanguage":"en-GB","@id":"https:\/\/www.ledizioni.it\/en\/product\/migrazione-in-prospettiva\/#primaryimage","url":"https:\/\/www.ledizioni.it\/stag\/wp-content\/uploads\/2022\/07\/bellagamba-3D.jpg","contentUrl":"https:\/\/www.ledizioni.it\/stag\/wp-content\/uploads\/2022\/07\/bellagamba-3D.jpg","width":579,"height":703},{"@type":"BreadcrumbList","@id":"https:\/\/www.ledizioni.it\/en\/product\/migrazione-in-prospettiva\/#breadcrumb","itemListElement":[{"@type":"ListItem","position":1,"name":"Shop","item":"https:\/\/www.ledizioni.it\/shop-2\/"},{"@type":"ListItem","position":2,"name":"LA MIGRAZIONE IN PROSPETTIVA"}]},{"@type":"WebSite","@id":"https:\/\/www.ledizioni.it\/#website","url":"https:\/\/www.ledizioni.it\/","name":"Ledizioni","description":"The Innovative LediPublishing Company - Casa Editrice Universitaria","publisher":{"@id":"https:\/\/www.ledizioni.it\/#organization"},"potentialAction":[{"@type":"SearchAction","target":{"@type":"EntryPoint","urlTemplate":"https:\/\/www.ledizioni.it\/?s={search_term_string}"},"query-input":{"@type":"PropertyValueSpecification","valueRequired":true,"valueName":"search_term_string"}}],"inLanguage":"en-GB"},{"@type":"Organization","@id":"https:\/\/www.ledizioni.it\/#organization","name":"Ledizioni","url":"https:\/\/www.ledizioni.it\/","logo":{"@type":"ImageObject","inLanguage":"en-GB","@id":"https:\/\/www.ledizioni.it\/#\/schema\/logo\/image\/","url":"https:\/\/www.ledizioni.it\/stag\/wp-content\/uploads\/2023\/10\/newlogoledizioni500x110_2-1.jpg","contentUrl":"https:\/\/www.ledizioni.it\/stag\/wp-content\/uploads\/2023\/10\/newlogoledizioni500x110_2-1.jpg","width":354,"height":87,"caption":"Ledizioni"},"image":{"@id":"https:\/\/www.ledizioni.it\/#\/schema\/logo\/image\/"},"sameAs":["https:\/\/www.facebook.com\/pages\/Ledizioni-LediPublishing\/109120559173329","https:\/\/x.com\/ledizioni"]}]}},"jetpack_sharing_enabled":true,"_links":{"self":[{"href":"https:\/\/www.ledizioni.it\/en\/wp-json\/wp\/v2\/product\/52623","targetHints":{"allow":["GET"]}}],"collection":[{"href":"https:\/\/www.ledizioni.it\/en\/wp-json\/wp\/v2\/product"}],"about":[{"href":"https:\/\/www.ledizioni.it\/en\/wp-json\/wp\/v2\/types\/product"}],"replies":[{"embeddable":true,"href":"https:\/\/www.ledizioni.it\/en\/wp-json\/wp\/v2\/comments?post=52623"}],"version-history":[{"count":1,"href":"https:\/\/www.ledizioni.it\/en\/wp-json\/wp\/v2\/product\/52623\/revisions"}],"predecessor-version":[{"id":52626,"href":"https:\/\/www.ledizioni.it\/en\/wp-json\/wp\/v2\/product\/52623\/revisions\/52626"}],"wp:featuredmedia":[{"embeddable":true,"href":"https:\/\/www.ledizioni.it\/en\/wp-json\/wp\/v2\/media\/52624"}],"wp:attachment":[{"href":"https:\/\/www.ledizioni.it\/en\/wp-json\/wp\/v2\/media?parent=52623"}],"wp:term":[{"taxonomy":"product_brand","embeddable":true,"href":"https:\/\/www.ledizioni.it\/en\/wp-json\/wp\/v2\/product_brand?post=52623"},{"taxonomy":"product_cat","embeddable":true,"href":"https:\/\/www.ledizioni.it\/en\/wp-json\/wp\/v2\/product_cat?post=52623"},{"taxonomy":"product_tag","embeddable":true,"href":"https:\/\/www.ledizioni.it\/en\/wp-json\/wp\/v2\/product_tag?post=52623"}],"curies":[{"name":"wp","href":"https:\/\/api.w.org\/{rel}","templated":true}]}}