{"id":52716,"date":"2022-08-29T15:09:38","date_gmt":"2022-08-29T13:09:38","guid":{"rendered":"https:\/\/www.ledizioni.it\/?post_type=product&#038;p=52716"},"modified":"2024-02-29T12:32:15","modified_gmt":"2024-02-29T10:32:15","slug":"i-diritti-umani-tra-aspetti-giuridici-e-rappresentazioni","status":"publish","type":"product","link":"https:\/\/www.ledizioni.it\/en\/product\/i-diritti-umani-tra-aspetti-giuridici-e-rappresentazioni\/","title":{"rendered":"I DIRITTI UMANI TRA ASPETTI GIURIDICI E RAPPRESENTAZIONI"},"content":{"rendered":"<div data-elementor-type=\"product-post\" data-elementor-id=\"52716\" class=\"elementor elementor-52716\" data-elementor-post-type=\"product\">\n\t\t\t\t\t\t<section class=\"elementor-section elementor-top-section elementor-element elementor-element-1f203ded elementor-section-boxed elementor-section-height-default elementor-section-height-default wd-section-disabled\" data-id=\"1f203ded\" data-element_type=\"section\" data-e-type=\"section\">\n\t\t\t\t\t\t<div class=\"elementor-container elementor-column-gap-default\">\n\t\t\t\t\t<div class=\"elementor-column elementor-col-100 elementor-top-column elementor-element elementor-element-11e33117\" data-id=\"11e33117\" data-element_type=\"column\" data-e-type=\"column\">\n\t\t\t<div class=\"elementor-widget-wrap elementor-element-populated\">\n\t\t\t\t\t\t<div class=\"elementor-element elementor-element-4469524d color-scheme-inherit text-left elementor-widget elementor-widget-text-editor\" data-id=\"4469524d\" data-element_type=\"widget\" data-e-type=\"widget\" data-widget_type=\"text-editor.default\">\n\t\t\t\t<div class=\"elementor-widget-container\">\n\t\t\t\t\t\t\t\t\t<p style=\"text-align: justify;\">I diritti umani, poco rispettati nel mondo sia quando il Diritto dei singoli Stati tende a proteggerli, sia quando esso non \u00e8 formulato e applicato in modo da tutelarli, sono anche alla base di tante espressioni artistiche. La letteratura, le arti visive, la musica, il teatro e il cinema (indicando queste come forme artistiche che in vario modo ne racchiudono altre) parlano al cuore, oltre che alla mente, e sono fondamentali nella vita individuale e sociale anche per la loro capacit\u00e0 di muovere alla riflessione e, a seconda della ricettivit\u00e0 dello spettatore, all\u2019azione, innescando meccanismi di empatia e solidariet\u00e0; rivestono inoltre un ruolo importante nella formazione dell\u2019immaginario collettivo e della memoria storica.<br \/>In questo volume, ideato e curato da Valentina Ripa, autrici e autori di diverse esperienze e ambiti scientifico-disciplinari approfondiscono ciascuno un argomento sulla base delle proprie competenze, apportando importanti contributi di conoscenza e di riflessione e interagendo anche sulla base di spunti non strettamente legati alle materie di riferimento (che sono giuridiche, linguistico-letterarie, storiche\u2026).<br \/>Partecipano con un contributo autori e autrici che vivono e lavorano tra l\u2019Italia e le Americhe: Liliana Bellone, Giovanni Carbone, Sylva D\u2019Amato, Laura Mariateresa Durante, Tullio Fenucci, Rosa Maria Grillo, Alessandro Guida, Antonio Guti\u00e9rrez, Luigi Kalb, Sandra Lorenzano, Ilaria Magnani, Rino Malinconico, Mar\u00eda In\u00e9s Palleiro, Fernando Reati, Valentina Ripa, Francesco Schiaffo, Irene Theiner, Hern\u00e1n Rodr\u00edguez Vargas, Virginia Zambrano.<\/p><p><strong>DATI BIBLIOGRAFICI<\/strong><br \/>A cura di: Valentina Ripa<br \/>Editore: Ledizioni<br \/>Pubblicato nel: luglio 2022<br \/>Formato: brossura, 318 p. &#8211; ePub &#8211; PDF in OA<br \/>ISBN cartaceo: 978-88-5526-626-0<br \/>ISBN ePub: 978-88-5526-758-8<br \/>Prezzo cartaceo: 28,00 \u20ac<br \/>Prezzo ePub: 12,99 \u20ac<\/p><p><a href=\"http:\/\/digital.casalini.it\/9788855267588\"><img decoding=\"async\" class=\"aligncenter wp-image-23912\" src=\"https:\/\/www.ledizioni.it\/stag\/wp-content\/uploads\/2019\/07\/torrossa_web-150x80.jpg\" alt=\"\" width=\"200\" height=\"60\" \/><\/a><\/p><p><img decoding=\"async\" style=\"border: none !important; margin: 0px !important;\" src=\"\/\/ir-it.amazon-adsystem.com\/e\/ir?t=ledizioni-21&amp;l=am2&amp;o=29&amp;a=8867057839\" alt=\"\" width=\"1\" height=\"1\" border=\"0\" \/><\/p>\t\t\t\t\t\t\t\t<\/div>\n\t\t\t\t<\/div>\n\t\t\t\t\t<\/div>\n\t\t<\/div>\n\t\t\t\t\t<\/div>\n\t\t<\/section>\n\t\t\t\t<section class=\"elementor-section elementor-top-section elementor-element elementor-element-20a6328 elementor-section-boxed elementor-section-height-default elementor-section-height-default wd-section-disabled\" data-id=\"20a6328\" data-element_type=\"section\" data-e-type=\"section\">\n\t\t\t\t\t\t<div class=\"elementor-container elementor-column-gap-default\">\n\t\t\t\t\t<div class=\"elementor-column elementor-col-100 elementor-top-column elementor-element elementor-element-a0d4d3d\" data-id=\"a0d4d3d\" data-element_type=\"column\" data-e-type=\"column\">\n\t\t\t<div class=\"elementor-widget-wrap elementor-element-populated\">\n\t\t\t\t\t\t<div class=\"elementor-element elementor-element-ea6c6bd elementor-button-danger elementor-align-center elementor-widget elementor-widget-button\" data-id=\"ea6c6bd\" data-element_type=\"widget\" data-e-type=\"widget\" data-widget_type=\"button.default\">\n\t\t\t\t<div class=\"elementor-widget-container\">\n\t\t\t\t\t\t\t\t\t<div class=\"elementor-button-wrapper\">\n\t\t\t\t\t<a class=\"elementor-button elementor-button-link elementor-size-sm\" href=\"https:\/\/www.ledizioni.it\/en\/download\/52968\/\" target=\"_blank\">\n\t\t\t\t\t\t<span class=\"elementor-button-content-wrapper\">\n\t\t\t\t\t\t\t\t\t<span class=\"elementor-button-text\">Scarica estratto<\/span>\n\t\t\t\t\t<\/span>\n\t\t\t\t\t<\/a>\n\t\t\t\t<\/div>\n\t\t\t\t\t\t\t\t<\/div>\n\t\t\t\t<\/div>\n\t\t\t\t\t<\/div>\n\t\t<\/div>\n\t\t\t\t\t<\/div>\n\t\t<\/section>\n\t\t\t\t<\/div>","protected":false},"excerpt":{"rendered":"<p>I diritti umani, poco rispettati nel mondo sia quando il Diritto dei singoli Stati tende a proteggerli, sia quando esso<\/p>","protected":false},"featured_media":52717,"comment_status":"open","ping_status":"closed","template":"","meta":{"_acf_changed":false},"product_brand":[],"product_cat":[566,2995],"product_tag":[758,2632],"class_list":{"0":"post-52716","1":"product","2":"type-product","3":"status-publish","4":"has-post-thumbnail","6":"product_cat-diritto-2","7":"product_cat-universita-degli-studi-di-salerno","8":"product_tag-diritti-umani","9":"product_tag-diritto","10":"pa_formato-cartaceo","11":"pa_formato-ebook-in-epub","12":"pa_formato-ebook-in-pdf","14":"first","15":"instock","16":"featured","17":"shipping-taxable","18":"purchasable","19":"product-type-variable"},"acf":[],"yoast_head":"<!-- This site is optimized with the Yoast SEO plugin v27.4 - https:\/\/yoast.com\/product\/yoast-seo-wordpress\/ -->\n<title>I DIRITTI UMANI TRA ASPETTI GIURIDICI E RAPPRESENTAZIONI -<\/title>\n<meta name=\"description\" content=\"Ledizioni - Innovative Publishing. Casa editrice universitaria. Open Access. eBook, ePub. Creative Commons.\" \/>\n<meta name=\"robots\" content=\"index, follow, max-snippet:-1, max-image-preview:large, max-video-preview:-1\" \/>\n<link rel=\"canonical\" href=\"https:\/\/www.ledizioni.it\/en\/product\/i-diritti-umani-tra-aspetti-giuridici-e-rappresentazioni\/\" \/>\n<meta property=\"og:locale\" content=\"en_GB\" \/>\n<meta property=\"og:type\" content=\"article\" \/>\n<meta property=\"og:title\" content=\"I DIRITTI UMANI TRA ASPETTI GIURIDICI E RAPPRESENTAZIONI -\" \/>\n<meta property=\"og:description\" content=\"Ledizioni - Innovative Publishing. Casa editrice universitaria. Open Access. eBook, ePub. Creative Commons.\" \/>\n<meta property=\"og:url\" content=\"https:\/\/www.ledizioni.it\/en\/product\/i-diritti-umani-tra-aspetti-giuridici-e-rappresentazioni\/\" \/>\n<meta property=\"og:site_name\" content=\"Ledizioni\" \/>\n<meta property=\"article:publisher\" content=\"https:\/\/www.facebook.com\/pages\/Ledizioni-LediPublishing\/109120559173329\" \/>\n<meta property=\"article:modified_time\" content=\"2024-02-29T10:32:15+00:00\" \/>\n<meta property=\"og:image\" content=\"https:\/\/www.ledizioni.it\/stag\/wp-content\/uploads\/2022\/08\/Copertina-Ripa_3D.jpg\" \/>\n\t<meta property=\"og:image:width\" content=\"1504\" \/>\n\t<meta property=\"og:image:height\" content=\"1956\" \/>\n\t<meta property=\"og:image:type\" content=\"image\/jpeg\" \/>\n<meta name=\"twitter:card\" content=\"summary_large_image\" \/>\n<meta name=\"twitter:site\" content=\"@ledizioni\" \/>\n<meta name=\"twitter:label1\" content=\"Estimated reading time\" \/>\n\t<meta name=\"twitter:data1\" content=\"2 minutes\" \/>\n<script type=\"application\/ld+json\" class=\"yoast-schema-graph\">{\"@context\":\"https:\\\/\\\/schema.org\",\"@graph\":[{\"@type\":\"WebPage\",\"@id\":\"https:\\\/\\\/www.ledizioni.it\\\/prodotto\\\/i-diritti-umani-tra-aspetti-giuridici-e-rappresentazioni\\\/\",\"url\":\"https:\\\/\\\/www.ledizioni.it\\\/prodotto\\\/i-diritti-umani-tra-aspetti-giuridici-e-rappresentazioni\\\/\",\"name\":\"I DIRITTI UMANI TRA ASPETTI GIURIDICI E RAPPRESENTAZIONI -\",\"isPartOf\":{\"@id\":\"https:\\\/\\\/www.ledizioni.it\\\/#website\"},\"primaryImageOfPage\":{\"@id\":\"https:\\\/\\\/www.ledizioni.it\\\/prodotto\\\/i-diritti-umani-tra-aspetti-giuridici-e-rappresentazioni\\\/#primaryimage\"},\"image\":{\"@id\":\"https:\\\/\\\/www.ledizioni.it\\\/prodotto\\\/i-diritti-umani-tra-aspetti-giuridici-e-rappresentazioni\\\/#primaryimage\"},\"thumbnailUrl\":\"https:\\\/\\\/www.ledizioni.it\\\/stag\\\/wp-content\\\/uploads\\\/2022\\\/08\\\/Copertina-Ripa_3D.jpg\",\"datePublished\":\"2022-08-29T13:09:38+00:00\",\"dateModified\":\"2024-02-29T10:32:15+00:00\",\"description\":\"Ledizioni - Innovative Publishing. Casa editrice universitaria. Open Access. eBook, ePub. Creative Commons.\",\"breadcrumb\":{\"@id\":\"https:\\\/\\\/www.ledizioni.it\\\/prodotto\\\/i-diritti-umani-tra-aspetti-giuridici-e-rappresentazioni\\\/#breadcrumb\"},\"inLanguage\":\"en-GB\",\"potentialAction\":[{\"@type\":\"ReadAction\",\"target\":[\"https:\\\/\\\/www.ledizioni.it\\\/prodotto\\\/i-diritti-umani-tra-aspetti-giuridici-e-rappresentazioni\\\/\"]}]},{\"@type\":\"ImageObject\",\"inLanguage\":\"en-GB\",\"@id\":\"https:\\\/\\\/www.ledizioni.it\\\/prodotto\\\/i-diritti-umani-tra-aspetti-giuridici-e-rappresentazioni\\\/#primaryimage\",\"url\":\"https:\\\/\\\/www.ledizioni.it\\\/stag\\\/wp-content\\\/uploads\\\/2022\\\/08\\\/Copertina-Ripa_3D.jpg\",\"contentUrl\":\"https:\\\/\\\/www.ledizioni.it\\\/stag\\\/wp-content\\\/uploads\\\/2022\\\/08\\\/Copertina-Ripa_3D.jpg\",\"width\":1504,\"height\":1956},{\"@type\":\"BreadcrumbList\",\"@id\":\"https:\\\/\\\/www.ledizioni.it\\\/prodotto\\\/i-diritti-umani-tra-aspetti-giuridici-e-rappresentazioni\\\/#breadcrumb\",\"itemListElement\":[{\"@type\":\"ListItem\",\"position\":1,\"name\":\"Shop\",\"item\":\"https:\\\/\\\/www.ledizioni.it\\\/shop-2\\\/\"},{\"@type\":\"ListItem\",\"position\":2,\"name\":\"I DIRITTI UMANI TRA ASPETTI GIURIDICI E RAPPRESENTAZIONI\"}]},{\"@type\":\"WebSite\",\"@id\":\"https:\\\/\\\/www.ledizioni.it\\\/#website\",\"url\":\"https:\\\/\\\/www.ledizioni.it\\\/\",\"name\":\"Ledizioni\",\"description\":\"The Innovative LediPublishing Company - Casa Editrice Universitaria\",\"publisher\":{\"@id\":\"https:\\\/\\\/www.ledizioni.it\\\/#organization\"},\"potentialAction\":[{\"@type\":\"SearchAction\",\"target\":{\"@type\":\"EntryPoint\",\"urlTemplate\":\"https:\\\/\\\/www.ledizioni.it\\\/?s={search_term_string}\"},\"query-input\":{\"@type\":\"PropertyValueSpecification\",\"valueRequired\":true,\"valueName\":\"search_term_string\"}}],\"inLanguage\":\"en-GB\"},{\"@type\":\"Organization\",\"@id\":\"https:\\\/\\\/www.ledizioni.it\\\/#organization\",\"name\":\"Ledizioni\",\"url\":\"https:\\\/\\\/www.ledizioni.it\\\/\",\"logo\":{\"@type\":\"ImageObject\",\"inLanguage\":\"en-GB\",\"@id\":\"https:\\\/\\\/www.ledizioni.it\\\/#\\\/schema\\\/logo\\\/image\\\/\",\"url\":\"https:\\\/\\\/www.ledizioni.it\\\/stag\\\/wp-content\\\/uploads\\\/2023\\\/10\\\/newlogoledizioni500x110_2-1.jpg\",\"contentUrl\":\"https:\\\/\\\/www.ledizioni.it\\\/stag\\\/wp-content\\\/uploads\\\/2023\\\/10\\\/newlogoledizioni500x110_2-1.jpg\",\"width\":354,\"height\":87,\"caption\":\"Ledizioni\"},\"image\":{\"@id\":\"https:\\\/\\\/www.ledizioni.it\\\/#\\\/schema\\\/logo\\\/image\\\/\"},\"sameAs\":[\"https:\\\/\\\/www.facebook.com\\\/pages\\\/Ledizioni-LediPublishing\\\/109120559173329\",\"https:\\\/\\\/x.com\\\/ledizioni\"]}]}<\/script>\n<!-- \/ Yoast SEO plugin. -->","yoast_head_json":{"title":"I DIRITTI UMANI TRA ASPETTI GIURIDICI E RAPPRESENTAZIONI -","description":"Ledizioni - Innovative Publishing. Casa editrice universitaria. Open Access. eBook, ePub. Creative Commons.","robots":{"index":"index","follow":"follow","max-snippet":"max-snippet:-1","max-image-preview":"max-image-preview:large","max-video-preview":"max-video-preview:-1"},"canonical":"https:\/\/www.ledizioni.it\/en\/product\/i-diritti-umani-tra-aspetti-giuridici-e-rappresentazioni\/","og_locale":"en_GB","og_type":"article","og_title":"I DIRITTI UMANI TRA ASPETTI GIURIDICI E RAPPRESENTAZIONI -","og_description":"Ledizioni - Innovative Publishing. Casa editrice universitaria. Open Access. eBook, ePub. Creative Commons.","og_url":"https:\/\/www.ledizioni.it\/en\/product\/i-diritti-umani-tra-aspetti-giuridici-e-rappresentazioni\/","og_site_name":"Ledizioni","article_publisher":"https:\/\/www.facebook.com\/pages\/Ledizioni-LediPublishing\/109120559173329","article_modified_time":"2024-02-29T10:32:15+00:00","og_image":[{"width":1504,"height":1956,"url":"https:\/\/www.ledizioni.it\/stag\/wp-content\/uploads\/2022\/08\/Copertina-Ripa_3D.jpg","type":"image\/jpeg"}],"twitter_card":"summary_large_image","twitter_site":"@ledizioni","twitter_misc":{"Estimated reading time":"2 minutes"},"schema":{"@context":"https:\/\/schema.org","@graph":[{"@type":"WebPage","@id":"https:\/\/www.ledizioni.it\/prodotto\/i-diritti-umani-tra-aspetti-giuridici-e-rappresentazioni\/","url":"https:\/\/www.ledizioni.it\/prodotto\/i-diritti-umani-tra-aspetti-giuridici-e-rappresentazioni\/","name":"I DIRITTI UMANI TRA ASPETTI GIURIDICI E RAPPRESENTAZIONI -","isPartOf":{"@id":"https:\/\/www.ledizioni.it\/#website"},"primaryImageOfPage":{"@id":"https:\/\/www.ledizioni.it\/prodotto\/i-diritti-umani-tra-aspetti-giuridici-e-rappresentazioni\/#primaryimage"},"image":{"@id":"https:\/\/www.ledizioni.it\/prodotto\/i-diritti-umani-tra-aspetti-giuridici-e-rappresentazioni\/#primaryimage"},"thumbnailUrl":"https:\/\/www.ledizioni.it\/stag\/wp-content\/uploads\/2022\/08\/Copertina-Ripa_3D.jpg","datePublished":"2022-08-29T13:09:38+00:00","dateModified":"2024-02-29T10:32:15+00:00","description":"Ledizioni - Innovative Publishing. Casa editrice universitaria. Open Access. eBook, ePub. Creative Commons.","breadcrumb":{"@id":"https:\/\/www.ledizioni.it\/prodotto\/i-diritti-umani-tra-aspetti-giuridici-e-rappresentazioni\/#breadcrumb"},"inLanguage":"en-GB","potentialAction":[{"@type":"ReadAction","target":["https:\/\/www.ledizioni.it\/prodotto\/i-diritti-umani-tra-aspetti-giuridici-e-rappresentazioni\/"]}]},{"@type":"ImageObject","inLanguage":"en-GB","@id":"https:\/\/www.ledizioni.it\/prodotto\/i-diritti-umani-tra-aspetti-giuridici-e-rappresentazioni\/#primaryimage","url":"https:\/\/www.ledizioni.it\/stag\/wp-content\/uploads\/2022\/08\/Copertina-Ripa_3D.jpg","contentUrl":"https:\/\/www.ledizioni.it\/stag\/wp-content\/uploads\/2022\/08\/Copertina-Ripa_3D.jpg","width":1504,"height":1956},{"@type":"BreadcrumbList","@id":"https:\/\/www.ledizioni.it\/prodotto\/i-diritti-umani-tra-aspetti-giuridici-e-rappresentazioni\/#breadcrumb","itemListElement":[{"@type":"ListItem","position":1,"name":"Shop","item":"https:\/\/www.ledizioni.it\/shop-2\/"},{"@type":"ListItem","position":2,"name":"I DIRITTI UMANI TRA ASPETTI GIURIDICI E RAPPRESENTAZIONI"}]},{"@type":"WebSite","@id":"https:\/\/www.ledizioni.it\/#website","url":"https:\/\/www.ledizioni.it\/","name":"Ledizioni","description":"The Innovative LediPublishing Company - Casa Editrice Universitaria","publisher":{"@id":"https:\/\/www.ledizioni.it\/#organization"},"potentialAction":[{"@type":"SearchAction","target":{"@type":"EntryPoint","urlTemplate":"https:\/\/www.ledizioni.it\/?s={search_term_string}"},"query-input":{"@type":"PropertyValueSpecification","valueRequired":true,"valueName":"search_term_string"}}],"inLanguage":"en-GB"},{"@type":"Organization","@id":"https:\/\/www.ledizioni.it\/#organization","name":"Ledizioni","url":"https:\/\/www.ledizioni.it\/","logo":{"@type":"ImageObject","inLanguage":"en-GB","@id":"https:\/\/www.ledizioni.it\/#\/schema\/logo\/image\/","url":"https:\/\/www.ledizioni.it\/stag\/wp-content\/uploads\/2023\/10\/newlogoledizioni500x110_2-1.jpg","contentUrl":"https:\/\/www.ledizioni.it\/stag\/wp-content\/uploads\/2023\/10\/newlogoledizioni500x110_2-1.jpg","width":354,"height":87,"caption":"Ledizioni"},"image":{"@id":"https:\/\/www.ledizioni.it\/#\/schema\/logo\/image\/"},"sameAs":["https:\/\/www.facebook.com\/pages\/Ledizioni-LediPublishing\/109120559173329","https:\/\/x.com\/ledizioni"]}]}},"jetpack_sharing_enabled":true,"_links":{"self":[{"href":"https:\/\/www.ledizioni.it\/en\/wp-json\/wp\/v2\/product\/52716","targetHints":{"allow":["GET"]}}],"collection":[{"href":"https:\/\/www.ledizioni.it\/en\/wp-json\/wp\/v2\/product"}],"about":[{"href":"https:\/\/www.ledizioni.it\/en\/wp-json\/wp\/v2\/types\/product"}],"replies":[{"embeddable":true,"href":"https:\/\/www.ledizioni.it\/en\/wp-json\/wp\/v2\/comments?post=52716"}],"version-history":[{"count":4,"href":"https:\/\/www.ledizioni.it\/en\/wp-json\/wp\/v2\/product\/52716\/revisions"}],"predecessor-version":[{"id":63302,"href":"https:\/\/www.ledizioni.it\/en\/wp-json\/wp\/v2\/product\/52716\/revisions\/63302"}],"wp:featuredmedia":[{"embeddable":true,"href":"https:\/\/www.ledizioni.it\/en\/wp-json\/wp\/v2\/media\/52717"}],"wp:attachment":[{"href":"https:\/\/www.ledizioni.it\/en\/wp-json\/wp\/v2\/media?parent=52716"}],"wp:term":[{"taxonomy":"product_brand","embeddable":true,"href":"https:\/\/www.ledizioni.it\/en\/wp-json\/wp\/v2\/product_brand?post=52716"},{"taxonomy":"product_cat","embeddable":true,"href":"https:\/\/www.ledizioni.it\/en\/wp-json\/wp\/v2\/product_cat?post=52716"},{"taxonomy":"product_tag","embeddable":true,"href":"https:\/\/www.ledizioni.it\/en\/wp-json\/wp\/v2\/product_tag?post=52716"}],"curies":[{"name":"wp","href":"https:\/\/api.w.org\/{rel}","templated":true}]}}