{"id":52719,"date":"2022-08-29T15:19:38","date_gmt":"2022-08-29T13:19:38","guid":{"rendered":"https:\/\/www.ledizioni.it\/?post_type=product&#038;p=52719"},"modified":"2022-12-12T11:50:32","modified_gmt":"2022-12-12T09:50:32","slug":"letteratura-verso-hiroshima","status":"publish","type":"product","link":"https:\/\/www.ledizioni.it\/en\/product\/letteratura-verso-hiroshima\/","title":{"rendered":"LA LETTERATURA VERSO HIROSHIMA"},"content":{"rendered":"<p style=\"text-align: justify;\">Verso quale Hiroshima o distruzione totale sarebbe oggi avviata la letteratura e in che modo potrebbe evitarla? La risposta, implicita nei saggi centrali di questo libro, \u00e8 che la letteratura, come ogni altra forma di espressione scritta o audiovisiva, subisce oggi gli effetti di quell\u2019\u00abinquinamento da informazione\u00bb che deriva dalla gestione industriale e ideologico-burocratica della cultura e dall\u2019uso indiscriminato delle nuove tecniche di riproduzione, trasmissione, diffusione e manipolazione dei prodotti del lavoro intellettuale; e il solo modo in cui i diretti interessati (gli scrittori, ma anche tutti coloro che operano nei vari campi dell\u2019informazione) possono opporsi a questa tendenza negativa deve ricercarsi al livello del comportamento pratico-politico.<br \/>\nIn una prospettiva di cultura tradizionale potrebbe sembrare quanto meno inconsueto che ad affrontare simile temi sia proprio un poeta come Giovanni Giudici e che, raccogliendo per la prima volta in volume una scelta di scritti datati nell\u2019arco di quasi un ventennio, egli si comprometta su una variet\u00e0 di argomenti che potrebbe scandalizzare gli zelatori dello specialismo a tutti i costi: da Frantz Fanon a don Lorenzo Milani, da alcuni aspetti della sociologia neocapitalistica ai problemi della cultura popolare, dalle polemiche culturali degli anni Sessanta ai rapporti fra intellettuali e potere. Ma \u00e8 proprio in ci\u00f2 uno dei pi\u00f9 forti punti d\u2019attrazione del libro, che \u00e8 in parte anche il documento di un continuo esame di coscienza, l\u2019appassionata reazione che, interrogandosi a volte sulla plausibilit\u00e0 stessa della propria scrittura, il poeta Giudici oppone alle sollecitazioni culturale del suo e nostro tempo. Completa il volume una serie di occasionali ritratti critici di poeti e scrittori: da Noventa a Saba, da Palazzeschi a Montale, da Jahier a Marin, da Sol\u017eenicyn a Volponi; per finire con una singolare \u00abintervista\u00bb a Francesco Petrarca.<\/p>\n<p><strong>DATI BIBLIOGRAFICI<\/strong><br \/>\nCuratore: Massimiliano Cappello<br \/>\nEditore: Ledizioni<br \/>\nPubblicato nel: luglio 2022<br \/>\nCollana: <a href=\"https:\/\/www.ledizioni.it\/en\/product-category\/umanistici\/testi-e-testimonianze-di-critica-letteraria\/testi\/\">Texts<\/a><br \/>\nFormato: brossura con alette, 439 p.<br \/>\nISBN: 9788855267236<br \/>\nPrezzo: 19,90 \u20ac<\/p>\n<p>[button link=&#8221;https:\/\/www.ledizioni.it\/download\/52973\/&#8221;]Scarica estratto[\/button]<\/p>\n<p><a href=\"http:\/\/digital.casalini.it\/9788855267236\"><img decoding=\"async\" class=\"aligncenter wp-image-23912\" src=\"https:\/\/www.ledizioni.it\/stag\/wp-content\/uploads\/2019\/07\/torrossa_web-150x80.jpg\" alt=\"\" width=\"200\" height=\"60\" \/><\/a><\/p>\n<p><a href=\"https:\/\/www.amazon.it\/letteratura-verso-Hiroshima-scritti-1959-1975\/dp\/885526723X\/ref=sr_1_1?crid=3V54XLTGTSQSA&amp;keywords=giovanni+giudici+la+letteratura+verso+hiroshima&amp;qid=1667904273&amp;qu=eyJxc2MiOiIwLjc0IiwicXNhIjoiMC4wMCIsInFzcCI6IjAuMDAifQ%3D%3D&amp;sprefix=LA+LETTERATURA+VERSO+HIROSHIMA%2Caps%2C102&amp;sr=8-1\"><img decoding=\"async\" class=\"aligncenter size-medium wp-image-23060\" src=\"https:\/\/www.ledizioni.it\/stag\/wp-content\/uploads\/2018\/10\/pulsante-amazon-1-300x104.jpg\" alt=\"\" width=\"150\" height=\"50\" \/><\/a><img decoding=\"async\" style=\"border: none !important; margin: 0px !important;\" src=\"\/\/ir-it.amazon-adsystem.com\/e\/ir?t=ledizioni-21&amp;l=am2&amp;o=29&amp;a=8867057839\" alt=\"\" width=\"1\" height=\"1\" border=\"0\" \/><\/p>","protected":false},"excerpt":{"rendered":"<p>Verso quale Hiroshima o distruzione totale sarebbe oggi avviata la letteratura e in che modo potrebbe evitarla? La risposta, implicita<\/p>","protected":false},"featured_media":52720,"comment_status":"open","ping_status":"closed","template":"","meta":{"_acf_changed":false},"product_brand":[],"product_cat":[1956],"product_tag":[1424,1041],"class_list":{"0":"post-52719","1":"product","2":"type-product","3":"status-publish","4":"has-post-thumbnail","6":"product_cat-testi","7":"product_tag-giudici","8":"product_tag-teatro","10":"first","11":"instock","12":"featured","13":"shipping-taxable","14":"purchasable","15":"product-type-simple"},"acf":[],"yoast_head":"<!-- This site is optimized with the Yoast SEO plugin v27.3 - https:\/\/yoast.com\/product\/yoast-seo-wordpress\/ -->\n<title>LA LETTERATURA VERSO HIROSHIMA -<\/title>\n<meta name=\"description\" content=\"Ledizioni - Innovative Publishing. Casa editrice universitaria. Open Access. eBook, ePub. Creative Commons.\" \/>\n<meta name=\"robots\" content=\"index, follow, max-snippet:-1, max-image-preview:large, max-video-preview:-1\" \/>\n<link rel=\"canonical\" href=\"https:\/\/www.ledizioni.it\/en\/product\/letteratura-verso-hiroshima\/\" \/>\n<meta property=\"og:locale\" content=\"en_GB\" \/>\n<meta property=\"og:type\" content=\"article\" \/>\n<meta property=\"og:title\" content=\"LA LETTERATURA VERSO HIROSHIMA -\" \/>\n<meta property=\"og:description\" content=\"Ledizioni - Innovative Publishing. Casa editrice universitaria. Open Access. eBook, ePub. Creative Commons.\" \/>\n<meta property=\"og:url\" content=\"https:\/\/www.ledizioni.it\/en\/product\/letteratura-verso-hiroshima\/\" \/>\n<meta property=\"og:site_name\" content=\"Ledizioni\" \/>\n<meta property=\"article:publisher\" content=\"https:\/\/www.facebook.com\/pages\/Ledizioni-LediPublishing\/109120559173329\" \/>\n<meta property=\"article:modified_time\" content=\"2022-12-12T09:50:32+00:00\" \/>\n<meta property=\"og:image\" content=\"https:\/\/www.ledizioni.it\/stag\/wp-content\/uploads\/2022\/08\/Cover-giudici-hiroshima_3D.jpg\" \/>\n\t<meta property=\"og:image:width\" content=\"1516\" \/>\n\t<meta property=\"og:image:height\" content=\"1938\" \/>\n\t<meta property=\"og:image:type\" content=\"image\/jpeg\" \/>\n<meta name=\"twitter:card\" content=\"summary_large_image\" \/>\n<meta name=\"twitter:site\" content=\"@ledizioni\" \/>\n<meta name=\"twitter:label1\" content=\"Estimated reading time\" \/>\n\t<meta name=\"twitter:data1\" content=\"2 minutes\" \/>\n<script type=\"application\/ld+json\" class=\"yoast-schema-graph\">{\"@context\":\"https:\\\/\\\/schema.org\",\"@graph\":[{\"@type\":\"WebPage\",\"@id\":\"https:\\\/\\\/www.ledizioni.it\\\/prodotto\\\/letteratura-verso-hiroshima\\\/\",\"url\":\"https:\\\/\\\/www.ledizioni.it\\\/prodotto\\\/letteratura-verso-hiroshima\\\/\",\"name\":\"LA LETTERATURA VERSO HIROSHIMA -\",\"isPartOf\":{\"@id\":\"https:\\\/\\\/www.ledizioni.it\\\/#website\"},\"primaryImageOfPage\":{\"@id\":\"https:\\\/\\\/www.ledizioni.it\\\/prodotto\\\/letteratura-verso-hiroshima\\\/#primaryimage\"},\"image\":{\"@id\":\"https:\\\/\\\/www.ledizioni.it\\\/prodotto\\\/letteratura-verso-hiroshima\\\/#primaryimage\"},\"thumbnailUrl\":\"https:\\\/\\\/www.ledizioni.it\\\/stag\\\/wp-content\\\/uploads\\\/2022\\\/08\\\/Cover-giudici-hiroshima_3D.jpg\",\"datePublished\":\"2022-08-29T13:19:38+00:00\",\"dateModified\":\"2022-12-12T09:50:32+00:00\",\"description\":\"Ledizioni - Innovative Publishing. Casa editrice universitaria. Open Access. eBook, ePub. Creative Commons.\",\"breadcrumb\":{\"@id\":\"https:\\\/\\\/www.ledizioni.it\\\/prodotto\\\/letteratura-verso-hiroshima\\\/#breadcrumb\"},\"inLanguage\":\"en-GB\",\"potentialAction\":[{\"@type\":\"ReadAction\",\"target\":[\"https:\\\/\\\/www.ledizioni.it\\\/prodotto\\\/letteratura-verso-hiroshima\\\/\"]}]},{\"@type\":\"ImageObject\",\"inLanguage\":\"en-GB\",\"@id\":\"https:\\\/\\\/www.ledizioni.it\\\/prodotto\\\/letteratura-verso-hiroshima\\\/#primaryimage\",\"url\":\"https:\\\/\\\/www.ledizioni.it\\\/stag\\\/wp-content\\\/uploads\\\/2022\\\/08\\\/Cover-giudici-hiroshima_3D.jpg\",\"contentUrl\":\"https:\\\/\\\/www.ledizioni.it\\\/stag\\\/wp-content\\\/uploads\\\/2022\\\/08\\\/Cover-giudici-hiroshima_3D.jpg\",\"width\":1516,\"height\":1938},{\"@type\":\"BreadcrumbList\",\"@id\":\"https:\\\/\\\/www.ledizioni.it\\\/prodotto\\\/letteratura-verso-hiroshima\\\/#breadcrumb\",\"itemListElement\":[{\"@type\":\"ListItem\",\"position\":1,\"name\":\"Shop\",\"item\":\"https:\\\/\\\/www.ledizioni.it\\\/shop-2\\\/\"},{\"@type\":\"ListItem\",\"position\":2,\"name\":\"LA LETTERATURA VERSO HIROSHIMA\"}]},{\"@type\":\"WebSite\",\"@id\":\"https:\\\/\\\/www.ledizioni.it\\\/#website\",\"url\":\"https:\\\/\\\/www.ledizioni.it\\\/\",\"name\":\"Ledizioni\",\"description\":\"The Innovative LediPublishing Company - Casa Editrice Universitaria\",\"publisher\":{\"@id\":\"https:\\\/\\\/www.ledizioni.it\\\/#organization\"},\"potentialAction\":[{\"@type\":\"SearchAction\",\"target\":{\"@type\":\"EntryPoint\",\"urlTemplate\":\"https:\\\/\\\/www.ledizioni.it\\\/?s={search_term_string}\"},\"query-input\":{\"@type\":\"PropertyValueSpecification\",\"valueRequired\":true,\"valueName\":\"search_term_string\"}}],\"inLanguage\":\"en-GB\"},{\"@type\":\"Organization\",\"@id\":\"https:\\\/\\\/www.ledizioni.it\\\/#organization\",\"name\":\"Ledizioni\",\"url\":\"https:\\\/\\\/www.ledizioni.it\\\/\",\"logo\":{\"@type\":\"ImageObject\",\"inLanguage\":\"en-GB\",\"@id\":\"https:\\\/\\\/www.ledizioni.it\\\/#\\\/schema\\\/logo\\\/image\\\/\",\"url\":\"https:\\\/\\\/www.ledizioni.it\\\/stag\\\/wp-content\\\/uploads\\\/2023\\\/10\\\/newlogoledizioni500x110_2-1.jpg\",\"contentUrl\":\"https:\\\/\\\/www.ledizioni.it\\\/stag\\\/wp-content\\\/uploads\\\/2023\\\/10\\\/newlogoledizioni500x110_2-1.jpg\",\"width\":354,\"height\":87,\"caption\":\"Ledizioni\"},\"image\":{\"@id\":\"https:\\\/\\\/www.ledizioni.it\\\/#\\\/schema\\\/logo\\\/image\\\/\"},\"sameAs\":[\"https:\\\/\\\/www.facebook.com\\\/pages\\\/Ledizioni-LediPublishing\\\/109120559173329\",\"https:\\\/\\\/x.com\\\/ledizioni\"]}]}<\/script>\n<!-- \/ Yoast SEO plugin. -->","yoast_head_json":{"title":"LA LETTERATURA VERSO HIROSHIMA -","description":"Ledizioni - Innovative Publishing. Casa editrice universitaria. Open Access. eBook, ePub. Creative Commons.","robots":{"index":"index","follow":"follow","max-snippet":"max-snippet:-1","max-image-preview":"max-image-preview:large","max-video-preview":"max-video-preview:-1"},"canonical":"https:\/\/www.ledizioni.it\/en\/product\/letteratura-verso-hiroshima\/","og_locale":"en_GB","og_type":"article","og_title":"LA LETTERATURA VERSO HIROSHIMA -","og_description":"Ledizioni - Innovative Publishing. Casa editrice universitaria. Open Access. eBook, ePub. Creative Commons.","og_url":"https:\/\/www.ledizioni.it\/en\/product\/letteratura-verso-hiroshima\/","og_site_name":"Ledizioni","article_publisher":"https:\/\/www.facebook.com\/pages\/Ledizioni-LediPublishing\/109120559173329","article_modified_time":"2022-12-12T09:50:32+00:00","og_image":[{"width":1516,"height":1938,"url":"https:\/\/www.ledizioni.it\/stag\/wp-content\/uploads\/2022\/08\/Cover-giudici-hiroshima_3D.jpg","type":"image\/jpeg"}],"twitter_card":"summary_large_image","twitter_site":"@ledizioni","twitter_misc":{"Estimated reading time":"2 minutes"},"schema":{"@context":"https:\/\/schema.org","@graph":[{"@type":"WebPage","@id":"https:\/\/www.ledizioni.it\/prodotto\/letteratura-verso-hiroshima\/","url":"https:\/\/www.ledizioni.it\/prodotto\/letteratura-verso-hiroshima\/","name":"LA LETTERATURA VERSO HIROSHIMA -","isPartOf":{"@id":"https:\/\/www.ledizioni.it\/#website"},"primaryImageOfPage":{"@id":"https:\/\/www.ledizioni.it\/prodotto\/letteratura-verso-hiroshima\/#primaryimage"},"image":{"@id":"https:\/\/www.ledizioni.it\/prodotto\/letteratura-verso-hiroshima\/#primaryimage"},"thumbnailUrl":"https:\/\/www.ledizioni.it\/stag\/wp-content\/uploads\/2022\/08\/Cover-giudici-hiroshima_3D.jpg","datePublished":"2022-08-29T13:19:38+00:00","dateModified":"2022-12-12T09:50:32+00:00","description":"Ledizioni - Innovative Publishing. Casa editrice universitaria. Open Access. eBook, ePub. Creative Commons.","breadcrumb":{"@id":"https:\/\/www.ledizioni.it\/prodotto\/letteratura-verso-hiroshima\/#breadcrumb"},"inLanguage":"en-GB","potentialAction":[{"@type":"ReadAction","target":["https:\/\/www.ledizioni.it\/prodotto\/letteratura-verso-hiroshima\/"]}]},{"@type":"ImageObject","inLanguage":"en-GB","@id":"https:\/\/www.ledizioni.it\/prodotto\/letteratura-verso-hiroshima\/#primaryimage","url":"https:\/\/www.ledizioni.it\/stag\/wp-content\/uploads\/2022\/08\/Cover-giudici-hiroshima_3D.jpg","contentUrl":"https:\/\/www.ledizioni.it\/stag\/wp-content\/uploads\/2022\/08\/Cover-giudici-hiroshima_3D.jpg","width":1516,"height":1938},{"@type":"BreadcrumbList","@id":"https:\/\/www.ledizioni.it\/prodotto\/letteratura-verso-hiroshima\/#breadcrumb","itemListElement":[{"@type":"ListItem","position":1,"name":"Shop","item":"https:\/\/www.ledizioni.it\/shop-2\/"},{"@type":"ListItem","position":2,"name":"LA LETTERATURA VERSO HIROSHIMA"}]},{"@type":"WebSite","@id":"https:\/\/www.ledizioni.it\/#website","url":"https:\/\/www.ledizioni.it\/","name":"Ledizioni","description":"The Innovative LediPublishing Company - Casa Editrice Universitaria","publisher":{"@id":"https:\/\/www.ledizioni.it\/#organization"},"potentialAction":[{"@type":"SearchAction","target":{"@type":"EntryPoint","urlTemplate":"https:\/\/www.ledizioni.it\/?s={search_term_string}"},"query-input":{"@type":"PropertyValueSpecification","valueRequired":true,"valueName":"search_term_string"}}],"inLanguage":"en-GB"},{"@type":"Organization","@id":"https:\/\/www.ledizioni.it\/#organization","name":"Ledizioni","url":"https:\/\/www.ledizioni.it\/","logo":{"@type":"ImageObject","inLanguage":"en-GB","@id":"https:\/\/www.ledizioni.it\/#\/schema\/logo\/image\/","url":"https:\/\/www.ledizioni.it\/stag\/wp-content\/uploads\/2023\/10\/newlogoledizioni500x110_2-1.jpg","contentUrl":"https:\/\/www.ledizioni.it\/stag\/wp-content\/uploads\/2023\/10\/newlogoledizioni500x110_2-1.jpg","width":354,"height":87,"caption":"Ledizioni"},"image":{"@id":"https:\/\/www.ledizioni.it\/#\/schema\/logo\/image\/"},"sameAs":["https:\/\/www.facebook.com\/pages\/Ledizioni-LediPublishing\/109120559173329","https:\/\/x.com\/ledizioni"]}]}},"jetpack_sharing_enabled":true,"_links":{"self":[{"href":"https:\/\/www.ledizioni.it\/en\/wp-json\/wp\/v2\/product\/52719","targetHints":{"allow":["GET"]}}],"collection":[{"href":"https:\/\/www.ledizioni.it\/en\/wp-json\/wp\/v2\/product"}],"about":[{"href":"https:\/\/www.ledizioni.it\/en\/wp-json\/wp\/v2\/types\/product"}],"replies":[{"embeddable":true,"href":"https:\/\/www.ledizioni.it\/en\/wp-json\/wp\/v2\/comments?post=52719"}],"version-history":[{"count":1,"href":"https:\/\/www.ledizioni.it\/en\/wp-json\/wp\/v2\/product\/52719\/revisions"}],"predecessor-version":[{"id":53671,"href":"https:\/\/www.ledizioni.it\/en\/wp-json\/wp\/v2\/product\/52719\/revisions\/53671"}],"wp:featuredmedia":[{"embeddable":true,"href":"https:\/\/www.ledizioni.it\/en\/wp-json\/wp\/v2\/media\/52720"}],"wp:attachment":[{"href":"https:\/\/www.ledizioni.it\/en\/wp-json\/wp\/v2\/media?parent=52719"}],"wp:term":[{"taxonomy":"product_brand","embeddable":true,"href":"https:\/\/www.ledizioni.it\/en\/wp-json\/wp\/v2\/product_brand?post=52719"},{"taxonomy":"product_cat","embeddable":true,"href":"https:\/\/www.ledizioni.it\/en\/wp-json\/wp\/v2\/product_cat?post=52719"},{"taxonomy":"product_tag","embeddable":true,"href":"https:\/\/www.ledizioni.it\/en\/wp-json\/wp\/v2\/product_tag?post=52719"}],"curies":[{"name":"wp","href":"https:\/\/api.w.org\/{rel}","templated":true}]}}