{"id":53263,"date":"2022-10-03T16:50:57","date_gmt":"2022-10-03T14:50:57","guid":{"rendered":"https:\/\/www.ledizioni.it\/?post_type=product&#038;p=53263"},"modified":"2022-11-08T13:40:29","modified_gmt":"2022-11-08T11:40:29","slug":"postcards-from-italian-museums","status":"publish","type":"product","link":"https:\/\/www.ledizioni.it\/en\/product\/postcards-from-italian-museums\/","title":{"rendered":"POSTCARDS FROM ITALIAN MUSEUMS"},"content":{"rendered":"<p style=\"text-align: justify;\"><span class=\"VIiyi\" lang=\"it\"><span class=\"JLqJ4b ChMk0b\"><span class=\"Q4iAWc\">Questa \u00e8 una raccolta di cartoline con alcuni dei pi\u00f9 noti<\/span><\/span> <span class=\"JLqJ4b ChMk0b\"><span class=\"Q4iAWc\">e pi\u00f9 prestigiosi dipinti esposti nei musei pubblici italiani.<\/span><\/span> <span class=\"JLqJ4b ChMk0b\"><span class=\"Q4iAWc\">La legge italiana (artt. 107 e 108 del d.lgs. n. 42<\/span><\/span> <span class=\"JLqJ4b ChMk0b\"><span class=\"Q4iAWc\">del 2004) stabilisce dei vincoli alla riproduzione dei beni culturali<\/span><\/span><span class=\"JLqJ4b ChMk0b\"><span class=\"Q4iAWc\">.<\/span><\/span> <span class=\"JLqJ4b ChMk0b\"><span class=\"Q4iAWc\">Secondo queste regole, chiunque voglia utilizzare <\/span><\/span><span class=\"JLqJ4b ChMk0b\"><span class=\"Q4iAWc\">a fini commerciali immagini o video di carattere pittorico, scultoreo o<\/span><\/span> <span class=\"JLqJ4b ChMk0b\"><span class=\"Q4iAWc\">opere architettoniche classificate come \u201cbeni culturali\u201d da<\/span><\/span>ll<span class=\"JLqJ4b ChMk0b\"><span class=\"Q4iAWc\">&#8216;ordinamento italiano deve richiedere un&#8217;autorizzazione formale e<\/span><\/span> <span class=\"JLqJ4b ChMk0b\"><span class=\"Q4iAWc\">deve versare un contributo economico (\u00abcanone\u00bb) all&#8217;ente pubblico<\/span><\/span> <span class=\"JLqJ4b ChMk0b\"><span class=\"Q4iAWc\">che custodisce l&#8217;esemplare originale dell&#8217;opera d&#8217;arte.<\/span><\/span> Ci\u00f2 <span class=\"JLqJ4b ChMk0b\"><span class=\"Q4iAWc\">ovviamente<\/span><\/span> <span class=\"JLqJ4b ChMk0b\"><span class=\"Q4iAWc\">entra in conflitto con il concetto di<\/span><\/span> <span class=\"JLqJ4b ChMk0b\"><span class=\"Q4iAWc\">pubblico dominio e limita la libera riproduzione delle immagini.<br \/>\nFortunatamente, la Direttiva UE 790\/2019 all&#8217;art. 14 stabilisce un principio che si applica in tutti i paesi dell&#8217;Unione Europea (inclusa l&#8217;Italia): \u00abgli Stati membri provvedono a che, alla scadenza della durata di protezione di un\u2019opera delle arti visive, il materiale derivante da un atto di riproduzione di tale opera non sia soggetto al diritto d\u2019autore o a diritti connessi, a meno che il materiale risultante da tale atto di riproduzione sia originale nel senso che costituisce una creazione intellettuale propria dell\u2019autore.\u00bb Le immagini mostrate in questo libro sono quindi di pubblico dominio, liberamente riproducibili da chiunque senza necessit\u00e0 di autorizzazione o compenso grazie al citato art. 14 della direttiva.<br \/>\n<\/span><\/span><\/span><\/p>\n<p><strong>DATI BIBLIOGRAFICI<\/strong><br \/>\nAutore: Simone Aliprandi<br \/>\nEditore: Ledizioni<br \/>\nPubblicato nel: ottobre 2022<br \/>\nFormato: brossura, 48 p.<br \/>\nISBN: 978-88-5526-760-1<br \/>\nPrezzo: 71,00 \u20ac<\/p>\n<p>[button link=&#8221;https:\/\/www.ledizioni.it\/download\/53706\/&#8221;]Scarica estratto[\/button]<\/p>","protected":false},"excerpt":{"rendered":"<p>Questa \u00e8 una raccolta di cartoline con alcuni dei pi\u00f9 noti e pi\u00f9 prestigiosi dipinti esposti nei musei pubblici italiani.<\/p>","protected":false},"featured_media":53264,"comment_status":"open","ping_status":"closed","template":"","meta":{"_acf_changed":false},"product_brand":[],"product_cat":[1037],"product_tag":[1035,2762,1030,2761],"class_list":{"0":"post-53263","1":"product","2":"type-product","3":"status-publish","4":"has-post-thumbnail","6":"product_cat-varia","7":"product_tag-arte","8":"product_tag-beni-culturali","9":"product_tag-copyright","10":"product_tag-direttive-ue","12":"first","13":"instock","14":"featured","15":"shipping-taxable","16":"purchasable","17":"product-type-simple"},"acf":[],"yoast_head":"<!-- This site is optimized with the Yoast SEO plugin v27.3 - https:\/\/yoast.com\/product\/yoast-seo-wordpress\/ -->\n<title>POSTCARDS FROM ITALIAN MUSEUMS -<\/title>\n<meta name=\"description\" content=\"Ledizioni - Innovative Publishing. Casa editrice universitaria. Open Access. eBook, ePub. Creative Commons.\" \/>\n<meta name=\"robots\" content=\"index, follow, max-snippet:-1, max-image-preview:large, max-video-preview:-1\" \/>\n<link rel=\"canonical\" href=\"https:\/\/www.ledizioni.it\/en\/product\/postcards-from-italian-museums\/\" \/>\n<meta property=\"og:locale\" content=\"en_GB\" \/>\n<meta property=\"og:type\" content=\"article\" \/>\n<meta property=\"og:title\" content=\"POSTCARDS FROM ITALIAN MUSEUMS -\" \/>\n<meta property=\"og:description\" content=\"Ledizioni - Innovative Publishing. Casa editrice universitaria. Open Access. eBook, ePub. Creative Commons.\" \/>\n<meta property=\"og:url\" content=\"https:\/\/www.ledizioni.it\/en\/product\/postcards-from-italian-museums\/\" \/>\n<meta property=\"og:site_name\" content=\"Ledizioni\" \/>\n<meta property=\"article:publisher\" content=\"https:\/\/www.facebook.com\/pages\/Ledizioni-LediPublishing\/109120559173329\" \/>\n<meta property=\"article:modified_time\" content=\"2022-11-08T11:40:29+00:00\" \/>\n<meta property=\"og:image\" content=\"https:\/\/www.ledizioni.it\/stag\/wp-content\/uploads\/2022\/10\/cover_alipr_3D.jpg\" \/>\n\t<meta property=\"og:image:width\" content=\"1504\" \/>\n\t<meta property=\"og:image:height\" content=\"1962\" \/>\n\t<meta property=\"og:image:type\" content=\"image\/jpeg\" \/>\n<meta name=\"twitter:card\" content=\"summary_large_image\" \/>\n<meta name=\"twitter:site\" content=\"@ledizioni\" \/>\n<meta name=\"twitter:label1\" content=\"Estimated reading time\" \/>\n\t<meta name=\"twitter:data1\" content=\"1 minute\" \/>\n<script type=\"application\/ld+json\" class=\"yoast-schema-graph\">{\"@context\":\"https:\\\/\\\/schema.org\",\"@graph\":[{\"@type\":\"WebPage\",\"@id\":\"https:\\\/\\\/www.ledizioni.it\\\/prodotto\\\/postcards-from-italian-museums\\\/\",\"url\":\"https:\\\/\\\/www.ledizioni.it\\\/prodotto\\\/postcards-from-italian-museums\\\/\",\"name\":\"POSTCARDS FROM ITALIAN MUSEUMS -\",\"isPartOf\":{\"@id\":\"https:\\\/\\\/www.ledizioni.it\\\/#website\"},\"primaryImageOfPage\":{\"@id\":\"https:\\\/\\\/www.ledizioni.it\\\/prodotto\\\/postcards-from-italian-museums\\\/#primaryimage\"},\"image\":{\"@id\":\"https:\\\/\\\/www.ledizioni.it\\\/prodotto\\\/postcards-from-italian-museums\\\/#primaryimage\"},\"thumbnailUrl\":\"https:\\\/\\\/www.ledizioni.it\\\/stag\\\/wp-content\\\/uploads\\\/2022\\\/10\\\/cover_alipr_3D.jpg\",\"datePublished\":\"2022-10-03T14:50:57+00:00\",\"dateModified\":\"2022-11-08T11:40:29+00:00\",\"description\":\"Ledizioni - Innovative Publishing. Casa editrice universitaria. Open Access. eBook, ePub. Creative Commons.\",\"breadcrumb\":{\"@id\":\"https:\\\/\\\/www.ledizioni.it\\\/prodotto\\\/postcards-from-italian-museums\\\/#breadcrumb\"},\"inLanguage\":\"en-GB\",\"potentialAction\":[{\"@type\":\"ReadAction\",\"target\":[\"https:\\\/\\\/www.ledizioni.it\\\/prodotto\\\/postcards-from-italian-museums\\\/\"]}]},{\"@type\":\"ImageObject\",\"inLanguage\":\"en-GB\",\"@id\":\"https:\\\/\\\/www.ledizioni.it\\\/prodotto\\\/postcards-from-italian-museums\\\/#primaryimage\",\"url\":\"https:\\\/\\\/www.ledizioni.it\\\/stag\\\/wp-content\\\/uploads\\\/2022\\\/10\\\/cover_alipr_3D.jpg\",\"contentUrl\":\"https:\\\/\\\/www.ledizioni.it\\\/stag\\\/wp-content\\\/uploads\\\/2022\\\/10\\\/cover_alipr_3D.jpg\",\"width\":1504,\"height\":1962},{\"@type\":\"BreadcrumbList\",\"@id\":\"https:\\\/\\\/www.ledizioni.it\\\/prodotto\\\/postcards-from-italian-museums\\\/#breadcrumb\",\"itemListElement\":[{\"@type\":\"ListItem\",\"position\":1,\"name\":\"Shop\",\"item\":\"https:\\\/\\\/www.ledizioni.it\\\/shop-2\\\/\"},{\"@type\":\"ListItem\",\"position\":2,\"name\":\"POSTCARDS FROM ITALIAN MUSEUMS\"}]},{\"@type\":\"WebSite\",\"@id\":\"https:\\\/\\\/www.ledizioni.it\\\/#website\",\"url\":\"https:\\\/\\\/www.ledizioni.it\\\/\",\"name\":\"Ledizioni\",\"description\":\"The Innovative LediPublishing Company - Casa Editrice Universitaria\",\"publisher\":{\"@id\":\"https:\\\/\\\/www.ledizioni.it\\\/#organization\"},\"potentialAction\":[{\"@type\":\"SearchAction\",\"target\":{\"@type\":\"EntryPoint\",\"urlTemplate\":\"https:\\\/\\\/www.ledizioni.it\\\/?s={search_term_string}\"},\"query-input\":{\"@type\":\"PropertyValueSpecification\",\"valueRequired\":true,\"valueName\":\"search_term_string\"}}],\"inLanguage\":\"en-GB\"},{\"@type\":\"Organization\",\"@id\":\"https:\\\/\\\/www.ledizioni.it\\\/#organization\",\"name\":\"Ledizioni\",\"url\":\"https:\\\/\\\/www.ledizioni.it\\\/\",\"logo\":{\"@type\":\"ImageObject\",\"inLanguage\":\"en-GB\",\"@id\":\"https:\\\/\\\/www.ledizioni.it\\\/#\\\/schema\\\/logo\\\/image\\\/\",\"url\":\"https:\\\/\\\/www.ledizioni.it\\\/stag\\\/wp-content\\\/uploads\\\/2023\\\/10\\\/newlogoledizioni500x110_2-1.jpg\",\"contentUrl\":\"https:\\\/\\\/www.ledizioni.it\\\/stag\\\/wp-content\\\/uploads\\\/2023\\\/10\\\/newlogoledizioni500x110_2-1.jpg\",\"width\":354,\"height\":87,\"caption\":\"Ledizioni\"},\"image\":{\"@id\":\"https:\\\/\\\/www.ledizioni.it\\\/#\\\/schema\\\/logo\\\/image\\\/\"},\"sameAs\":[\"https:\\\/\\\/www.facebook.com\\\/pages\\\/Ledizioni-LediPublishing\\\/109120559173329\",\"https:\\\/\\\/x.com\\\/ledizioni\"]}]}<\/script>\n<!-- \/ Yoast SEO plugin. -->","yoast_head_json":{"title":"POSTCARDS FROM ITALIAN MUSEUMS -","description":"Ledizioni - Innovative Publishing. Casa editrice universitaria. Open Access. eBook, ePub. Creative Commons.","robots":{"index":"index","follow":"follow","max-snippet":"max-snippet:-1","max-image-preview":"max-image-preview:large","max-video-preview":"max-video-preview:-1"},"canonical":"https:\/\/www.ledizioni.it\/en\/product\/postcards-from-italian-museums\/","og_locale":"en_GB","og_type":"article","og_title":"POSTCARDS FROM ITALIAN MUSEUMS -","og_description":"Ledizioni - Innovative Publishing. Casa editrice universitaria. Open Access. eBook, ePub. Creative Commons.","og_url":"https:\/\/www.ledizioni.it\/en\/product\/postcards-from-italian-museums\/","og_site_name":"Ledizioni","article_publisher":"https:\/\/www.facebook.com\/pages\/Ledizioni-LediPublishing\/109120559173329","article_modified_time":"2022-11-08T11:40:29+00:00","og_image":[{"width":1504,"height":1962,"url":"https:\/\/www.ledizioni.it\/stag\/wp-content\/uploads\/2022\/10\/cover_alipr_3D.jpg","type":"image\/jpeg"}],"twitter_card":"summary_large_image","twitter_site":"@ledizioni","twitter_misc":{"Estimated reading time":"1 minute"},"schema":{"@context":"https:\/\/schema.org","@graph":[{"@type":"WebPage","@id":"https:\/\/www.ledizioni.it\/prodotto\/postcards-from-italian-museums\/","url":"https:\/\/www.ledizioni.it\/prodotto\/postcards-from-italian-museums\/","name":"POSTCARDS FROM ITALIAN MUSEUMS -","isPartOf":{"@id":"https:\/\/www.ledizioni.it\/#website"},"primaryImageOfPage":{"@id":"https:\/\/www.ledizioni.it\/prodotto\/postcards-from-italian-museums\/#primaryimage"},"image":{"@id":"https:\/\/www.ledizioni.it\/prodotto\/postcards-from-italian-museums\/#primaryimage"},"thumbnailUrl":"https:\/\/www.ledizioni.it\/stag\/wp-content\/uploads\/2022\/10\/cover_alipr_3D.jpg","datePublished":"2022-10-03T14:50:57+00:00","dateModified":"2022-11-08T11:40:29+00:00","description":"Ledizioni - Innovative Publishing. Casa editrice universitaria. Open Access. eBook, ePub. Creative Commons.","breadcrumb":{"@id":"https:\/\/www.ledizioni.it\/prodotto\/postcards-from-italian-museums\/#breadcrumb"},"inLanguage":"en-GB","potentialAction":[{"@type":"ReadAction","target":["https:\/\/www.ledizioni.it\/prodotto\/postcards-from-italian-museums\/"]}]},{"@type":"ImageObject","inLanguage":"en-GB","@id":"https:\/\/www.ledizioni.it\/prodotto\/postcards-from-italian-museums\/#primaryimage","url":"https:\/\/www.ledizioni.it\/stag\/wp-content\/uploads\/2022\/10\/cover_alipr_3D.jpg","contentUrl":"https:\/\/www.ledizioni.it\/stag\/wp-content\/uploads\/2022\/10\/cover_alipr_3D.jpg","width":1504,"height":1962},{"@type":"BreadcrumbList","@id":"https:\/\/www.ledizioni.it\/prodotto\/postcards-from-italian-museums\/#breadcrumb","itemListElement":[{"@type":"ListItem","position":1,"name":"Shop","item":"https:\/\/www.ledizioni.it\/shop-2\/"},{"@type":"ListItem","position":2,"name":"POSTCARDS FROM ITALIAN MUSEUMS"}]},{"@type":"WebSite","@id":"https:\/\/www.ledizioni.it\/#website","url":"https:\/\/www.ledizioni.it\/","name":"Ledizioni","description":"The Innovative LediPublishing Company - Casa Editrice Universitaria","publisher":{"@id":"https:\/\/www.ledizioni.it\/#organization"},"potentialAction":[{"@type":"SearchAction","target":{"@type":"EntryPoint","urlTemplate":"https:\/\/www.ledizioni.it\/?s={search_term_string}"},"query-input":{"@type":"PropertyValueSpecification","valueRequired":true,"valueName":"search_term_string"}}],"inLanguage":"en-GB"},{"@type":"Organization","@id":"https:\/\/www.ledizioni.it\/#organization","name":"Ledizioni","url":"https:\/\/www.ledizioni.it\/","logo":{"@type":"ImageObject","inLanguage":"en-GB","@id":"https:\/\/www.ledizioni.it\/#\/schema\/logo\/image\/","url":"https:\/\/www.ledizioni.it\/stag\/wp-content\/uploads\/2023\/10\/newlogoledizioni500x110_2-1.jpg","contentUrl":"https:\/\/www.ledizioni.it\/stag\/wp-content\/uploads\/2023\/10\/newlogoledizioni500x110_2-1.jpg","width":354,"height":87,"caption":"Ledizioni"},"image":{"@id":"https:\/\/www.ledizioni.it\/#\/schema\/logo\/image\/"},"sameAs":["https:\/\/www.facebook.com\/pages\/Ledizioni-LediPublishing\/109120559173329","https:\/\/x.com\/ledizioni"]}]}},"jetpack_sharing_enabled":true,"_links":{"self":[{"href":"https:\/\/www.ledizioni.it\/en\/wp-json\/wp\/v2\/product\/53263","targetHints":{"allow":["GET"]}}],"collection":[{"href":"https:\/\/www.ledizioni.it\/en\/wp-json\/wp\/v2\/product"}],"about":[{"href":"https:\/\/www.ledizioni.it\/en\/wp-json\/wp\/v2\/types\/product"}],"replies":[{"embeddable":true,"href":"https:\/\/www.ledizioni.it\/en\/wp-json\/wp\/v2\/comments?post=53263"}],"version-history":[{"count":0,"href":"https:\/\/www.ledizioni.it\/en\/wp-json\/wp\/v2\/product\/53263\/revisions"}],"wp:featuredmedia":[{"embeddable":true,"href":"https:\/\/www.ledizioni.it\/en\/wp-json\/wp\/v2\/media\/53264"}],"wp:attachment":[{"href":"https:\/\/www.ledizioni.it\/en\/wp-json\/wp\/v2\/media?parent=53263"}],"wp:term":[{"taxonomy":"product_brand","embeddable":true,"href":"https:\/\/www.ledizioni.it\/en\/wp-json\/wp\/v2\/product_brand?post=53263"},{"taxonomy":"product_cat","embeddable":true,"href":"https:\/\/www.ledizioni.it\/en\/wp-json\/wp\/v2\/product_cat?post=53263"},{"taxonomy":"product_tag","embeddable":true,"href":"https:\/\/www.ledizioni.it\/en\/wp-json\/wp\/v2\/product_tag?post=53263"}],"curies":[{"name":"wp","href":"https:\/\/api.w.org\/{rel}","templated":true}]}}