{"id":53457,"date":"2022-10-17T16:22:15","date_gmt":"2022-10-17T14:22:15","guid":{"rendered":"https:\/\/www.ledizioni.it\/?post_type=product&#038;p=53457"},"modified":"2022-10-17T16:27:16","modified_gmt":"2022-10-17T14:27:16","slug":"cuadernos-aispi-n-19-2022-universo-narrativo-de-juan-marse","status":"publish","type":"product","link":"https:\/\/www.ledizioni.it\/en\/product\/cuadernos-aispi-n-19-2022-universo-narrativo-de-juan-marse\/","title":{"rendered":"Cuadernos AISPI  n. 19\/2022, EL UNIVERSO NARRATIVO DE JUAN MARS\u00c9"},"content":{"rendered":"<h3><strong>Cuadernos AISPI: Revista semestral de la Associazione Ispanisti Italiani<br \/>\n<\/strong><\/h3>\n<h3 style=\"text-align: justify;\"><strong>19\/2022. EL UNIVERSO NARRATIVO DE JUAN MARS\u00c9<\/strong><\/h3>\n<p style=\"text-align: justify;\"><strong>Editores<\/strong><br \/>\nLuigi Contadini<br \/>\nJos\u00e9 Mart\u00ednez Rubio<\/p>\n<p style=\"text-align: justify;\">SECCI\u00d3N MONOGR\u00c1FICA<\/p>\n<ul>\n<li>Introducci\u00f3n<\/li>\n<li style=\"text-align: justify;\">Simone Cattaneo, <em>\u201cMi casa en sus espejos\u201d: refracciones de Carlos Barral y su botiga de Calafell en<\/em> La muchacha de las bragas de oro <em>de Juan Mars\u00e9<\/em><\/li>\n<li style=\"text-align: justify;\">Corinne Cristini, <em>Cuerpo erotizado, cuerpo herido, cuerpo-memoria: variaciones en torno al tema del cuerpo en dos novelas de Juan Mars\u00e9,<\/em> El amante biling\u00fce (1990) <em>y<\/em> Esa puta tan distinguida (2016)<\/li>\n<li style=\"text-align: justify;\">\u00c1ngela Mart\u00ednez Fern\u00e1ndez, <em>Frecuencias universales: un estudio panor\u00e1mico de la obra de Juan Mars\u00e9<\/em><\/li>\n<li style=\"text-align: justify;\">Germana Volpe, <em>La trans(i\/ac)ci\u00f3n espa\u00f1ola en<\/em> La muchacha de las bragas de oro<em> de Juan Mars\u00e9<\/em><\/li>\n<li style=\"text-align: justify;\">Maria Alessandra Giovannini, <em>Creaci\u00f3n literaria, cr\u00edtica social y censura bajo el franquismo: el caso de<\/em> \u00daltimas tardes con Teresa <em>de Juan Mars\u00e9<\/em><\/li>\n<li style=\"text-align: justify;\">Caroline Mena, <em>La oscura historia de la prima Montse de Mars\u00e9: una po\u00e9tica del narrar al servicio del retrato social<\/em><\/li>\n<\/ul>\n<p>SECCI\u00d3N GENERAL<\/p>\n<ul>\n<li style=\"text-align: justify;\">Francesca Coppola, <em>Sulle versioni italiane della poesia di Rafael Alberti: appunti per una ricognizione e prassi traduttive a confronto<\/em><\/li>\n<\/ul>\n<p style=\"text-align: justify;\">RESE\u00d1AS<\/p>\n<ul>\n<li style=\"text-align: justify;\"><em>Antonio Gargano, La ley universal de la vida. Desorden y modernidad en La Celestina de Fernando de Rojas <\/em>(Silvia Monti)<\/li>\n<li style=\"text-align: justify;\"><em>Alejandro Higashi y Mario Garvin, El Cancionero de romances de Mart\u00edn Nucio. Edici\u00f3n cr\u00edtica<\/em> (Antonietta Molinaro)<\/li>\n<li style=\"text-align: justify;\"><em>Gennaro Schiano, Relatar la cat\u00e1strofe en el Siglo de Oro. Entre noticia y narraci\u00f3n <\/em>(Paolo Caboni)<\/li>\n<li style=\"text-align: justify;\"><em>Emilia Pardo Baz\u00e1n, Villa Ulloa, traduzione e cura di Nino Russo <\/em>(Maria Caterina Ruta)<\/li>\n<li style=\"text-align: justify;\"><em>Manuel Moyano, Teatro di cenere, studio e traduzione di Antonio Candeloro <\/em>(Barbara Greco)<\/li>\n<\/ul>\n<h3><strong>DATI BIBLIOGRAFICI<\/strong><\/h3>\n<p>Curatori: Luigi Contadini, Jos\u00e9 Mart\u00ednez Rubio<br \/>\nEditore: Ledizioni<br \/>\nCollana: <a href=\"https:\/\/www.ledizioni.it\/en\/product-category\/riviste\/cuadernos-aispi\/\">Cuadernos AISPI<\/a><br \/>\nFormato: Brossura<br \/>\nPubblicato in: settembre 2022<br \/>\nISSN cartaceo: 2283981X<br \/>\nPrezzo cartaceo: 25.00 \u20ac<\/p>","protected":false},"excerpt":{"rendered":"<p>Cuadernos AISPI: Revista semestral de la Associazione Ispanisti Italiani 19\/2022. EL UNIVERSO NARRATIVO DE JUAN MARS\u00c9 Editores Luigi Contadini Jos\u00e9<\/p>","protected":false},"featured_media":53458,"comment_status":"open","ping_status":"closed","template":"","meta":{"_acf_changed":false},"product_brand":[],"product_cat":[767],"product_tag":[768,1499],"class_list":{"0":"post-53457","1":"product","2":"type-product","3":"status-publish","4":"has-post-thumbnail","6":"product_cat-cuadernos-aispi","7":"product_tag-ispanisti","8":"product_tag-spagnolo","9":"pa_formato-cartaceo","10":"pa_lingua-spagnolo","12":"first","13":"instock","14":"shipping-taxable","15":"purchasable","16":"product-type-simple"},"acf":[],"yoast_head":"<!-- This site is optimized with the Yoast SEO plugin v27.5 - https:\/\/yoast.com\/product\/yoast-seo-wordpress\/ -->\n<title>Cuadernos AISPI n. 19\/2022, EL UNIVERSO NARRATIVO DE JUAN MARS\u00c9 -<\/title>\n<meta name=\"description\" content=\"Ledizioni - Innovative Publishing. Casa editrice universitaria. Open Access. eBook, ePub. Creative Commons.\" \/>\n<meta name=\"robots\" content=\"index, follow, max-snippet:-1, max-image-preview:large, max-video-preview:-1\" \/>\n<link rel=\"canonical\" href=\"https:\/\/www.ledizioni.it\/en\/product\/cuadernos-aispi-n-19-2022-universo-narrativo-de-juan-marse\/\" \/>\n<meta property=\"og:locale\" content=\"en_GB\" \/>\n<meta property=\"og:type\" content=\"article\" \/>\n<meta property=\"og:title\" content=\"Cuadernos AISPI n. 19\/2022, EL UNIVERSO NARRATIVO DE JUAN MARS\u00c9 -\" \/>\n<meta property=\"og:description\" content=\"Ledizioni - Innovative Publishing. Casa editrice universitaria. Open Access. eBook, ePub. Creative Commons.\" \/>\n<meta property=\"og:url\" content=\"https:\/\/www.ledizioni.it\/en\/product\/cuadernos-aispi-n-19-2022-universo-narrativo-de-juan-marse\/\" \/>\n<meta property=\"og:site_name\" content=\"Ledizioni\" \/>\n<meta property=\"article:publisher\" content=\"https:\/\/www.facebook.com\/pages\/Ledizioni-LediPublishing\/109120559173329\" \/>\n<meta property=\"article:modified_time\" content=\"2022-10-17T14:27:16+00:00\" \/>\n<meta property=\"og:image\" content=\"https:\/\/www.ledizioni.it\/stag\/wp-content\/uploads\/2022\/10\/CUADERNOS-COVER-19-2022_3D.jpg\" \/>\n\t<meta property=\"og:image:width\" content=\"1504\" \/>\n\t<meta property=\"og:image:height\" content=\"1992\" \/>\n\t<meta property=\"og:image:type\" content=\"image\/jpeg\" \/>\n<meta name=\"twitter:card\" content=\"summary_large_image\" \/>\n<meta name=\"twitter:site\" content=\"@ledizioni\" \/>\n<meta name=\"twitter:label1\" content=\"Estimated reading time\" \/>\n\t<meta name=\"twitter:data1\" content=\"2 minutes\" \/>\n<script type=\"application\/ld+json\" class=\"yoast-schema-graph\">{\"@context\":\"https:\\\/\\\/schema.org\",\"@graph\":[{\"@type\":\"WebPage\",\"@id\":\"https:\\\/\\\/www.ledizioni.it\\\/prodotto\\\/cuadernos-aispi-n-19-2022-universo-narrativo-de-juan-marse\\\/\",\"url\":\"https:\\\/\\\/www.ledizioni.it\\\/prodotto\\\/cuadernos-aispi-n-19-2022-universo-narrativo-de-juan-marse\\\/\",\"name\":\"Cuadernos AISPI n. 19\\\/2022, EL UNIVERSO NARRATIVO DE JUAN MARS\u00c9 -\",\"isPartOf\":{\"@id\":\"https:\\\/\\\/www.ledizioni.it\\\/#website\"},\"primaryImageOfPage\":{\"@id\":\"https:\\\/\\\/www.ledizioni.it\\\/prodotto\\\/cuadernos-aispi-n-19-2022-universo-narrativo-de-juan-marse\\\/#primaryimage\"},\"image\":{\"@id\":\"https:\\\/\\\/www.ledizioni.it\\\/prodotto\\\/cuadernos-aispi-n-19-2022-universo-narrativo-de-juan-marse\\\/#primaryimage\"},\"thumbnailUrl\":\"https:\\\/\\\/www.ledizioni.it\\\/stag\\\/wp-content\\\/uploads\\\/2022\\\/10\\\/CUADERNOS-COVER-19-2022_3D.jpg\",\"datePublished\":\"2022-10-17T14:22:15+00:00\",\"dateModified\":\"2022-10-17T14:27:16+00:00\",\"description\":\"Ledizioni - Innovative Publishing. Casa editrice universitaria. Open Access. eBook, ePub. Creative Commons.\",\"breadcrumb\":{\"@id\":\"https:\\\/\\\/www.ledizioni.it\\\/prodotto\\\/cuadernos-aispi-n-19-2022-universo-narrativo-de-juan-marse\\\/#breadcrumb\"},\"inLanguage\":\"en-GB\",\"potentialAction\":[{\"@type\":\"ReadAction\",\"target\":[\"https:\\\/\\\/www.ledizioni.it\\\/prodotto\\\/cuadernos-aispi-n-19-2022-universo-narrativo-de-juan-marse\\\/\"]}]},{\"@type\":\"ImageObject\",\"inLanguage\":\"en-GB\",\"@id\":\"https:\\\/\\\/www.ledizioni.it\\\/prodotto\\\/cuadernos-aispi-n-19-2022-universo-narrativo-de-juan-marse\\\/#primaryimage\",\"url\":\"https:\\\/\\\/www.ledizioni.it\\\/stag\\\/wp-content\\\/uploads\\\/2022\\\/10\\\/CUADERNOS-COVER-19-2022_3D.jpg\",\"contentUrl\":\"https:\\\/\\\/www.ledizioni.it\\\/stag\\\/wp-content\\\/uploads\\\/2022\\\/10\\\/CUADERNOS-COVER-19-2022_3D.jpg\",\"width\":1504,\"height\":1992},{\"@type\":\"BreadcrumbList\",\"@id\":\"https:\\\/\\\/www.ledizioni.it\\\/prodotto\\\/cuadernos-aispi-n-19-2022-universo-narrativo-de-juan-marse\\\/#breadcrumb\",\"itemListElement\":[{\"@type\":\"ListItem\",\"position\":1,\"name\":\"Shop\",\"item\":\"https:\\\/\\\/www.ledizioni.it\\\/shop-2\\\/\"},{\"@type\":\"ListItem\",\"position\":2,\"name\":\"Cuadernos AISPI n. 19\\\/2022, EL UNIVERSO NARRATIVO DE JUAN MARS\u00c9\"}]},{\"@type\":\"WebSite\",\"@id\":\"https:\\\/\\\/www.ledizioni.it\\\/#website\",\"url\":\"https:\\\/\\\/www.ledizioni.it\\\/\",\"name\":\"Ledizioni\",\"description\":\"The Innovative LediPublishing Company - Casa Editrice Universitaria\",\"publisher\":{\"@id\":\"https:\\\/\\\/www.ledizioni.it\\\/#organization\"},\"potentialAction\":[{\"@type\":\"SearchAction\",\"target\":{\"@type\":\"EntryPoint\",\"urlTemplate\":\"https:\\\/\\\/www.ledizioni.it\\\/?s={search_term_string}\"},\"query-input\":{\"@type\":\"PropertyValueSpecification\",\"valueRequired\":true,\"valueName\":\"search_term_string\"}}],\"inLanguage\":\"en-GB\"},{\"@type\":\"Organization\",\"@id\":\"https:\\\/\\\/www.ledizioni.it\\\/#organization\",\"name\":\"Ledizioni\",\"url\":\"https:\\\/\\\/www.ledizioni.it\\\/\",\"logo\":{\"@type\":\"ImageObject\",\"inLanguage\":\"en-GB\",\"@id\":\"https:\\\/\\\/www.ledizioni.it\\\/#\\\/schema\\\/logo\\\/image\\\/\",\"url\":\"https:\\\/\\\/www.ledizioni.it\\\/stag\\\/wp-content\\\/uploads\\\/2023\\\/10\\\/newlogoledizioni500x110_2-1.jpg\",\"contentUrl\":\"https:\\\/\\\/www.ledizioni.it\\\/stag\\\/wp-content\\\/uploads\\\/2023\\\/10\\\/newlogoledizioni500x110_2-1.jpg\",\"width\":354,\"height\":87,\"caption\":\"Ledizioni\"},\"image\":{\"@id\":\"https:\\\/\\\/www.ledizioni.it\\\/#\\\/schema\\\/logo\\\/image\\\/\"},\"sameAs\":[\"https:\\\/\\\/www.facebook.com\\\/pages\\\/Ledizioni-LediPublishing\\\/109120559173329\",\"https:\\\/\\\/x.com\\\/ledizioni\"]}]}<\/script>\n<!-- \/ Yoast SEO plugin. -->","yoast_head_json":{"title":"Cuadernos AISPI n. 19\/2022, EL UNIVERSO NARRATIVO DE JUAN MARS\u00c9 -","description":"Ledizioni - Innovative Publishing. Casa editrice universitaria. Open Access. eBook, ePub. Creative Commons.","robots":{"index":"index","follow":"follow","max-snippet":"max-snippet:-1","max-image-preview":"max-image-preview:large","max-video-preview":"max-video-preview:-1"},"canonical":"https:\/\/www.ledizioni.it\/en\/product\/cuadernos-aispi-n-19-2022-universo-narrativo-de-juan-marse\/","og_locale":"en_GB","og_type":"article","og_title":"Cuadernos AISPI n. 19\/2022, EL UNIVERSO NARRATIVO DE JUAN MARS\u00c9 -","og_description":"Ledizioni - Innovative Publishing. Casa editrice universitaria. Open Access. eBook, ePub. Creative Commons.","og_url":"https:\/\/www.ledizioni.it\/en\/product\/cuadernos-aispi-n-19-2022-universo-narrativo-de-juan-marse\/","og_site_name":"Ledizioni","article_publisher":"https:\/\/www.facebook.com\/pages\/Ledizioni-LediPublishing\/109120559173329","article_modified_time":"2022-10-17T14:27:16+00:00","og_image":[{"width":1504,"height":1992,"url":"https:\/\/www.ledizioni.it\/stag\/wp-content\/uploads\/2022\/10\/CUADERNOS-COVER-19-2022_3D.jpg","type":"image\/jpeg"}],"twitter_card":"summary_large_image","twitter_site":"@ledizioni","twitter_misc":{"Estimated reading time":"2 minutes"},"schema":{"@context":"https:\/\/schema.org","@graph":[{"@type":"WebPage","@id":"https:\/\/www.ledizioni.it\/prodotto\/cuadernos-aispi-n-19-2022-universo-narrativo-de-juan-marse\/","url":"https:\/\/www.ledizioni.it\/prodotto\/cuadernos-aispi-n-19-2022-universo-narrativo-de-juan-marse\/","name":"Cuadernos AISPI n. 19\/2022, EL UNIVERSO NARRATIVO DE JUAN MARS\u00c9 -","isPartOf":{"@id":"https:\/\/www.ledizioni.it\/#website"},"primaryImageOfPage":{"@id":"https:\/\/www.ledizioni.it\/prodotto\/cuadernos-aispi-n-19-2022-universo-narrativo-de-juan-marse\/#primaryimage"},"image":{"@id":"https:\/\/www.ledizioni.it\/prodotto\/cuadernos-aispi-n-19-2022-universo-narrativo-de-juan-marse\/#primaryimage"},"thumbnailUrl":"https:\/\/www.ledizioni.it\/stag\/wp-content\/uploads\/2022\/10\/CUADERNOS-COVER-19-2022_3D.jpg","datePublished":"2022-10-17T14:22:15+00:00","dateModified":"2022-10-17T14:27:16+00:00","description":"Ledizioni - Innovative Publishing. Casa editrice universitaria. Open Access. eBook, ePub. Creative Commons.","breadcrumb":{"@id":"https:\/\/www.ledizioni.it\/prodotto\/cuadernos-aispi-n-19-2022-universo-narrativo-de-juan-marse\/#breadcrumb"},"inLanguage":"en-GB","potentialAction":[{"@type":"ReadAction","target":["https:\/\/www.ledizioni.it\/prodotto\/cuadernos-aispi-n-19-2022-universo-narrativo-de-juan-marse\/"]}]},{"@type":"ImageObject","inLanguage":"en-GB","@id":"https:\/\/www.ledizioni.it\/prodotto\/cuadernos-aispi-n-19-2022-universo-narrativo-de-juan-marse\/#primaryimage","url":"https:\/\/www.ledizioni.it\/stag\/wp-content\/uploads\/2022\/10\/CUADERNOS-COVER-19-2022_3D.jpg","contentUrl":"https:\/\/www.ledizioni.it\/stag\/wp-content\/uploads\/2022\/10\/CUADERNOS-COVER-19-2022_3D.jpg","width":1504,"height":1992},{"@type":"BreadcrumbList","@id":"https:\/\/www.ledizioni.it\/prodotto\/cuadernos-aispi-n-19-2022-universo-narrativo-de-juan-marse\/#breadcrumb","itemListElement":[{"@type":"ListItem","position":1,"name":"Shop","item":"https:\/\/www.ledizioni.it\/shop-2\/"},{"@type":"ListItem","position":2,"name":"Cuadernos AISPI n. 19\/2022, EL UNIVERSO NARRATIVO DE JUAN MARS\u00c9"}]},{"@type":"WebSite","@id":"https:\/\/www.ledizioni.it\/#website","url":"https:\/\/www.ledizioni.it\/","name":"Ledizioni","description":"The Innovative LediPublishing Company - Casa Editrice Universitaria","publisher":{"@id":"https:\/\/www.ledizioni.it\/#organization"},"potentialAction":[{"@type":"SearchAction","target":{"@type":"EntryPoint","urlTemplate":"https:\/\/www.ledizioni.it\/?s={search_term_string}"},"query-input":{"@type":"PropertyValueSpecification","valueRequired":true,"valueName":"search_term_string"}}],"inLanguage":"en-GB"},{"@type":"Organization","@id":"https:\/\/www.ledizioni.it\/#organization","name":"Ledizioni","url":"https:\/\/www.ledizioni.it\/","logo":{"@type":"ImageObject","inLanguage":"en-GB","@id":"https:\/\/www.ledizioni.it\/#\/schema\/logo\/image\/","url":"https:\/\/www.ledizioni.it\/stag\/wp-content\/uploads\/2023\/10\/newlogoledizioni500x110_2-1.jpg","contentUrl":"https:\/\/www.ledizioni.it\/stag\/wp-content\/uploads\/2023\/10\/newlogoledizioni500x110_2-1.jpg","width":354,"height":87,"caption":"Ledizioni"},"image":{"@id":"https:\/\/www.ledizioni.it\/#\/schema\/logo\/image\/"},"sameAs":["https:\/\/www.facebook.com\/pages\/Ledizioni-LediPublishing\/109120559173329","https:\/\/x.com\/ledizioni"]}]}},"jetpack_sharing_enabled":true,"_links":{"self":[{"href":"https:\/\/www.ledizioni.it\/en\/wp-json\/wp\/v2\/product\/53457","targetHints":{"allow":["GET"]}}],"collection":[{"href":"https:\/\/www.ledizioni.it\/en\/wp-json\/wp\/v2\/product"}],"about":[{"href":"https:\/\/www.ledizioni.it\/en\/wp-json\/wp\/v2\/types\/product"}],"replies":[{"embeddable":true,"href":"https:\/\/www.ledizioni.it\/en\/wp-json\/wp\/v2\/comments?post=53457"}],"version-history":[{"count":0,"href":"https:\/\/www.ledizioni.it\/en\/wp-json\/wp\/v2\/product\/53457\/revisions"}],"wp:featuredmedia":[{"embeddable":true,"href":"https:\/\/www.ledizioni.it\/en\/wp-json\/wp\/v2\/media\/53458"}],"wp:attachment":[{"href":"https:\/\/www.ledizioni.it\/en\/wp-json\/wp\/v2\/media?parent=53457"}],"wp:term":[{"taxonomy":"product_brand","embeddable":true,"href":"https:\/\/www.ledizioni.it\/en\/wp-json\/wp\/v2\/product_brand?post=53457"},{"taxonomy":"product_cat","embeddable":true,"href":"https:\/\/www.ledizioni.it\/en\/wp-json\/wp\/v2\/product_cat?post=53457"},{"taxonomy":"product_tag","embeddable":true,"href":"https:\/\/www.ledizioni.it\/en\/wp-json\/wp\/v2\/product_tag?post=53457"}],"curies":[{"name":"wp","href":"https:\/\/api.w.org\/{rel}","templated":true}]}}