{"id":53920,"date":"2022-11-22T16:55:09","date_gmt":"2022-11-22T14:55:09","guid":{"rendered":"https:\/\/www.ledizioni.it\/?post_type=product&#038;p=53920"},"modified":"2023-04-04T17:45:26","modified_gmt":"2023-04-04T15:45:26","slug":"il-cooperative-learning-nelle-scuole-italiane","status":"publish","type":"product","link":"https:\/\/www.ledizioni.it\/en\/product\/il-cooperative-learning-nelle-scuole-italiane\/","title":{"rendered":"IL COOPERATIVE LEARNING NELLE SCUOLE ITALIANE"},"content":{"rendered":"<p style=\"text-align: justify;\">La scuola \u00e8 tradizionalmente percepita come luogo in cui si scambiano informazioni, si insegna, si impara. Ma la scuola \u00e8 innanzitutto il luogo in cui si intrecciano relazioni interpersonali fra colleghi, fra studenti, fra insegnanti e allievi; ed \u00e8 fondamentale riconoscere, di queste relazioni, i meccanismi pi\u00f9 tipici per saperli gestire. Il Progetto \u201cCooperative Learning: apprendimento e democrazia\u201d si sofferma in particolare sull\u2019analisi delle dinamiche che coinvolgono la figura del docente, chiarendo i motivi della sua talora scarsa partecipazione alla vita di classe e proponendo un nuovo modello professionale: con l\u2019approccio Cooperative Learning potr\u00e0 formarsi una nuova generazione di insegnanti, pi\u00f9 aperta risolvere il sempre maggiore bisogno di partecipazione e collaborazione fra colleghi per raggiungere pi\u00f9 ambiziosi obiettivi didattici. Nella nuova scuola partecipativa, in cui i docenti collaboreranno fra loro professionalmente per la programmazione didattica e organizzativa, potranno finalmente venire esaltate quelle abilit\u00e0 sociali neglette e mai valorizzate nella scuola tradizionale e fra esse, in particolare, le capacit\u00e0 di Leadership e di Risoluzione del conflitto.<br \/>\nQuesto volume riporta il testo originale italiano del Rapporto di Ricerca commissionato dalla Provincia Autonoma di Trento al Dipartimento di Sociologia e Ricerca Sociale dell\u2019Universit\u00e0 di Trento nel 1999 e pubblicato nel 2003 come n. 30 dei Quaderni del Dipartimento di Sociologia e Ricerca Sociale. \u00c8 un importante esempio di Ricerca\/Azione condotto in un vasto gruppo di scuole (32), classi (98), e allievi (2644) di vari livelli coinvolti nel Progetto \u201cCooperative Learning: apprendimento e democrazia\u201d, sottoposti a valutazione secondo un disegno degli esperimenti \u2018solo dopo\u2019 attraverso misure di Input\/contesto, Processo e Risultato.<\/p>\n<p><strong>DATI BIBLIOGRAFICI<\/strong><br \/>\nAutore: Giorgio Chiari<br \/>\nEditore: Ledizioni<br \/>\nPubblicato nel: novembre 2022<br \/>\nCollana: <a href=\"https:\/\/www.ledizioni.it\/en\/product-category\/didattica-scienze-umane-2\/educazione-innovativa\/\">Educazione innovativa<\/a><br \/>\nFormato: brossura, 120 p.<br \/>\nISBN: 978-88-5526-680-2<br \/>\nPrezzo: 18,00 \u20ac<\/p>\n<p><a href=\"https:\/\/www.ledizioni.it\/en\/product\/cooperative-learning-in-italian-schools\/\"><strong>English version<\/strong><\/a><br \/>\n<a href=\"http:\/\/digital.casalini.it\/9788855266802\" target=\"_blank\" rel=\"noopener\"><img decoding=\"async\" class=\"aligncenter wp-image-23912\" src=\"https:\/\/www.ledizioni.it\/stag\/wp-content\/uploads\/2019\/07\/torrossa_web-150x80.jpg\" alt=\"\" width=\"200\" height=\"60\" \/><\/a><\/p>","protected":false},"excerpt":{"rendered":"<p>La scuola \u00e8 tradizionalmente percepita come luogo in cui si scambiano informazioni, si insegna, si impara. Ma la scuola \u00e8<\/p>","protected":false},"featured_media":53921,"comment_status":"open","ping_status":"closed","template":"","meta":{"_acf_changed":false},"product_brand":[],"product_cat":[2793],"product_tag":[2794,735,2795,926],"class_list":{"0":"post-53920","1":"product","2":"type-product","3":"status-publish","4":"has-post-thumbnail","6":"product_cat-educazione-innovativa","7":"product_tag-cooperative-learning","8":"product_tag-didattica-2","9":"product_tag-insegnamento","10":"product_tag-scuola","12":"first","13":"instock","14":"featured","15":"shipping-taxable","16":"purchasable","17":"product-type-simple"},"acf":[],"yoast_head":"<!-- This site is optimized with the Yoast SEO plugin v27.3 - https:\/\/yoast.com\/product\/yoast-seo-wordpress\/ -->\n<title>IL COOPERATIVE LEARNING NELLE SCUOLE ITALIANE -<\/title>\n<meta name=\"description\" content=\"Ledizioni - Innovative Publishing. Casa editrice universitaria. Open Access. eBook, ePub. Creative Commons.\" \/>\n<meta name=\"robots\" content=\"index, follow, max-snippet:-1, max-image-preview:large, max-video-preview:-1\" \/>\n<link rel=\"canonical\" href=\"https:\/\/www.ledizioni.it\/en\/product\/il-cooperative-learning-nelle-scuole-italiane\/\" \/>\n<meta property=\"og:locale\" content=\"en_GB\" \/>\n<meta property=\"og:type\" content=\"article\" \/>\n<meta property=\"og:title\" content=\"IL COOPERATIVE LEARNING NELLE SCUOLE ITALIANE -\" \/>\n<meta property=\"og:description\" content=\"Ledizioni - Innovative Publishing. Casa editrice universitaria. Open Access. eBook, ePub. Creative Commons.\" \/>\n<meta property=\"og:url\" content=\"https:\/\/www.ledizioni.it\/en\/product\/il-cooperative-learning-nelle-scuole-italiane\/\" \/>\n<meta property=\"og:site_name\" content=\"Ledizioni\" \/>\n<meta property=\"article:publisher\" content=\"https:\/\/www.facebook.com\/pages\/Ledizioni-LediPublishing\/109120559173329\" \/>\n<meta property=\"article:modified_time\" content=\"2023-04-04T15:45:26+00:00\" \/>\n<meta property=\"og:image\" content=\"https:\/\/www.ledizioni.it\/stag\/wp-content\/uploads\/2022\/11\/COVER_Cooperative-learning_ita_3D.jpg\" \/>\n\t<meta property=\"og:image:width\" content=\"1480\" \/>\n\t<meta property=\"og:image:height\" content=\"2016\" \/>\n\t<meta property=\"og:image:type\" content=\"image\/jpeg\" \/>\n<meta name=\"twitter:card\" content=\"summary_large_image\" \/>\n<meta name=\"twitter:site\" content=\"@ledizioni\" \/>\n<meta name=\"twitter:label1\" content=\"Estimated reading time\" \/>\n\t<meta name=\"twitter:data1\" content=\"2 minutes\" \/>\n<script type=\"application\/ld+json\" class=\"yoast-schema-graph\">{\"@context\":\"https:\\\/\\\/schema.org\",\"@graph\":[{\"@type\":\"WebPage\",\"@id\":\"https:\\\/\\\/www.ledizioni.it\\\/prodotto\\\/il-cooperative-learning-nelle-scuole-italiane\\\/\",\"url\":\"https:\\\/\\\/www.ledizioni.it\\\/prodotto\\\/il-cooperative-learning-nelle-scuole-italiane\\\/\",\"name\":\"IL COOPERATIVE LEARNING NELLE SCUOLE ITALIANE -\",\"isPartOf\":{\"@id\":\"https:\\\/\\\/www.ledizioni.it\\\/#website\"},\"primaryImageOfPage\":{\"@id\":\"https:\\\/\\\/www.ledizioni.it\\\/prodotto\\\/il-cooperative-learning-nelle-scuole-italiane\\\/#primaryimage\"},\"image\":{\"@id\":\"https:\\\/\\\/www.ledizioni.it\\\/prodotto\\\/il-cooperative-learning-nelle-scuole-italiane\\\/#primaryimage\"},\"thumbnailUrl\":\"https:\\\/\\\/www.ledizioni.it\\\/stag\\\/wp-content\\\/uploads\\\/2022\\\/11\\\/COVER_Cooperative-learning_ita_3D.jpg\",\"datePublished\":\"2022-11-22T14:55:09+00:00\",\"dateModified\":\"2023-04-04T15:45:26+00:00\",\"description\":\"Ledizioni - Innovative Publishing. Casa editrice universitaria. Open Access. eBook, ePub. Creative Commons.\",\"breadcrumb\":{\"@id\":\"https:\\\/\\\/www.ledizioni.it\\\/prodotto\\\/il-cooperative-learning-nelle-scuole-italiane\\\/#breadcrumb\"},\"inLanguage\":\"en-GB\",\"potentialAction\":[{\"@type\":\"ReadAction\",\"target\":[\"https:\\\/\\\/www.ledizioni.it\\\/prodotto\\\/il-cooperative-learning-nelle-scuole-italiane\\\/\"]}]},{\"@type\":\"ImageObject\",\"inLanguage\":\"en-GB\",\"@id\":\"https:\\\/\\\/www.ledizioni.it\\\/prodotto\\\/il-cooperative-learning-nelle-scuole-italiane\\\/#primaryimage\",\"url\":\"https:\\\/\\\/www.ledizioni.it\\\/stag\\\/wp-content\\\/uploads\\\/2022\\\/11\\\/COVER_Cooperative-learning_ita_3D.jpg\",\"contentUrl\":\"https:\\\/\\\/www.ledizioni.it\\\/stag\\\/wp-content\\\/uploads\\\/2022\\\/11\\\/COVER_Cooperative-learning_ita_3D.jpg\",\"width\":1480,\"height\":2016},{\"@type\":\"BreadcrumbList\",\"@id\":\"https:\\\/\\\/www.ledizioni.it\\\/prodotto\\\/il-cooperative-learning-nelle-scuole-italiane\\\/#breadcrumb\",\"itemListElement\":[{\"@type\":\"ListItem\",\"position\":1,\"name\":\"Shop\",\"item\":\"https:\\\/\\\/www.ledizioni.it\\\/shop-2\\\/\"},{\"@type\":\"ListItem\",\"position\":2,\"name\":\"IL COOPERATIVE LEARNING NELLE SCUOLE ITALIANE\"}]},{\"@type\":\"WebSite\",\"@id\":\"https:\\\/\\\/www.ledizioni.it\\\/#website\",\"url\":\"https:\\\/\\\/www.ledizioni.it\\\/\",\"name\":\"Ledizioni\",\"description\":\"The Innovative LediPublishing Company - Casa Editrice Universitaria\",\"publisher\":{\"@id\":\"https:\\\/\\\/www.ledizioni.it\\\/#organization\"},\"potentialAction\":[{\"@type\":\"SearchAction\",\"target\":{\"@type\":\"EntryPoint\",\"urlTemplate\":\"https:\\\/\\\/www.ledizioni.it\\\/?s={search_term_string}\"},\"query-input\":{\"@type\":\"PropertyValueSpecification\",\"valueRequired\":true,\"valueName\":\"search_term_string\"}}],\"inLanguage\":\"en-GB\"},{\"@type\":\"Organization\",\"@id\":\"https:\\\/\\\/www.ledizioni.it\\\/#organization\",\"name\":\"Ledizioni\",\"url\":\"https:\\\/\\\/www.ledizioni.it\\\/\",\"logo\":{\"@type\":\"ImageObject\",\"inLanguage\":\"en-GB\",\"@id\":\"https:\\\/\\\/www.ledizioni.it\\\/#\\\/schema\\\/logo\\\/image\\\/\",\"url\":\"https:\\\/\\\/www.ledizioni.it\\\/stag\\\/wp-content\\\/uploads\\\/2023\\\/10\\\/newlogoledizioni500x110_2-1.jpg\",\"contentUrl\":\"https:\\\/\\\/www.ledizioni.it\\\/stag\\\/wp-content\\\/uploads\\\/2023\\\/10\\\/newlogoledizioni500x110_2-1.jpg\",\"width\":354,\"height\":87,\"caption\":\"Ledizioni\"},\"image\":{\"@id\":\"https:\\\/\\\/www.ledizioni.it\\\/#\\\/schema\\\/logo\\\/image\\\/\"},\"sameAs\":[\"https:\\\/\\\/www.facebook.com\\\/pages\\\/Ledizioni-LediPublishing\\\/109120559173329\",\"https:\\\/\\\/x.com\\\/ledizioni\"]}]}<\/script>\n<!-- \/ Yoast SEO plugin. -->","yoast_head_json":{"title":"IL COOPERATIVE LEARNING NELLE SCUOLE ITALIANE -","description":"Ledizioni - Innovative Publishing. Casa editrice universitaria. Open Access. eBook, ePub. Creative Commons.","robots":{"index":"index","follow":"follow","max-snippet":"max-snippet:-1","max-image-preview":"max-image-preview:large","max-video-preview":"max-video-preview:-1"},"canonical":"https:\/\/www.ledizioni.it\/en\/product\/il-cooperative-learning-nelle-scuole-italiane\/","og_locale":"en_GB","og_type":"article","og_title":"IL COOPERATIVE LEARNING NELLE SCUOLE ITALIANE -","og_description":"Ledizioni - Innovative Publishing. Casa editrice universitaria. Open Access. eBook, ePub. Creative Commons.","og_url":"https:\/\/www.ledizioni.it\/en\/product\/il-cooperative-learning-nelle-scuole-italiane\/","og_site_name":"Ledizioni","article_publisher":"https:\/\/www.facebook.com\/pages\/Ledizioni-LediPublishing\/109120559173329","article_modified_time":"2023-04-04T15:45:26+00:00","og_image":[{"width":1480,"height":2016,"url":"https:\/\/www.ledizioni.it\/stag\/wp-content\/uploads\/2022\/11\/COVER_Cooperative-learning_ita_3D.jpg","type":"image\/jpeg"}],"twitter_card":"summary_large_image","twitter_site":"@ledizioni","twitter_misc":{"Estimated reading time":"2 minutes"},"schema":{"@context":"https:\/\/schema.org","@graph":[{"@type":"WebPage","@id":"https:\/\/www.ledizioni.it\/prodotto\/il-cooperative-learning-nelle-scuole-italiane\/","url":"https:\/\/www.ledizioni.it\/prodotto\/il-cooperative-learning-nelle-scuole-italiane\/","name":"IL COOPERATIVE LEARNING NELLE SCUOLE ITALIANE -","isPartOf":{"@id":"https:\/\/www.ledizioni.it\/#website"},"primaryImageOfPage":{"@id":"https:\/\/www.ledizioni.it\/prodotto\/il-cooperative-learning-nelle-scuole-italiane\/#primaryimage"},"image":{"@id":"https:\/\/www.ledizioni.it\/prodotto\/il-cooperative-learning-nelle-scuole-italiane\/#primaryimage"},"thumbnailUrl":"https:\/\/www.ledizioni.it\/stag\/wp-content\/uploads\/2022\/11\/COVER_Cooperative-learning_ita_3D.jpg","datePublished":"2022-11-22T14:55:09+00:00","dateModified":"2023-04-04T15:45:26+00:00","description":"Ledizioni - Innovative Publishing. Casa editrice universitaria. Open Access. eBook, ePub. Creative Commons.","breadcrumb":{"@id":"https:\/\/www.ledizioni.it\/prodotto\/il-cooperative-learning-nelle-scuole-italiane\/#breadcrumb"},"inLanguage":"en-GB","potentialAction":[{"@type":"ReadAction","target":["https:\/\/www.ledizioni.it\/prodotto\/il-cooperative-learning-nelle-scuole-italiane\/"]}]},{"@type":"ImageObject","inLanguage":"en-GB","@id":"https:\/\/www.ledizioni.it\/prodotto\/il-cooperative-learning-nelle-scuole-italiane\/#primaryimage","url":"https:\/\/www.ledizioni.it\/stag\/wp-content\/uploads\/2022\/11\/COVER_Cooperative-learning_ita_3D.jpg","contentUrl":"https:\/\/www.ledizioni.it\/stag\/wp-content\/uploads\/2022\/11\/COVER_Cooperative-learning_ita_3D.jpg","width":1480,"height":2016},{"@type":"BreadcrumbList","@id":"https:\/\/www.ledizioni.it\/prodotto\/il-cooperative-learning-nelle-scuole-italiane\/#breadcrumb","itemListElement":[{"@type":"ListItem","position":1,"name":"Shop","item":"https:\/\/www.ledizioni.it\/shop-2\/"},{"@type":"ListItem","position":2,"name":"IL COOPERATIVE LEARNING NELLE SCUOLE ITALIANE"}]},{"@type":"WebSite","@id":"https:\/\/www.ledizioni.it\/#website","url":"https:\/\/www.ledizioni.it\/","name":"Ledizioni","description":"The Innovative LediPublishing Company - Casa Editrice Universitaria","publisher":{"@id":"https:\/\/www.ledizioni.it\/#organization"},"potentialAction":[{"@type":"SearchAction","target":{"@type":"EntryPoint","urlTemplate":"https:\/\/www.ledizioni.it\/?s={search_term_string}"},"query-input":{"@type":"PropertyValueSpecification","valueRequired":true,"valueName":"search_term_string"}}],"inLanguage":"en-GB"},{"@type":"Organization","@id":"https:\/\/www.ledizioni.it\/#organization","name":"Ledizioni","url":"https:\/\/www.ledizioni.it\/","logo":{"@type":"ImageObject","inLanguage":"en-GB","@id":"https:\/\/www.ledizioni.it\/#\/schema\/logo\/image\/","url":"https:\/\/www.ledizioni.it\/stag\/wp-content\/uploads\/2023\/10\/newlogoledizioni500x110_2-1.jpg","contentUrl":"https:\/\/www.ledizioni.it\/stag\/wp-content\/uploads\/2023\/10\/newlogoledizioni500x110_2-1.jpg","width":354,"height":87,"caption":"Ledizioni"},"image":{"@id":"https:\/\/www.ledizioni.it\/#\/schema\/logo\/image\/"},"sameAs":["https:\/\/www.facebook.com\/pages\/Ledizioni-LediPublishing\/109120559173329","https:\/\/x.com\/ledizioni"]}]}},"jetpack_sharing_enabled":true,"_links":{"self":[{"href":"https:\/\/www.ledizioni.it\/en\/wp-json\/wp\/v2\/product\/53920","targetHints":{"allow":["GET"]}}],"collection":[{"href":"https:\/\/www.ledizioni.it\/en\/wp-json\/wp\/v2\/product"}],"about":[{"href":"https:\/\/www.ledizioni.it\/en\/wp-json\/wp\/v2\/types\/product"}],"replies":[{"embeddable":true,"href":"https:\/\/www.ledizioni.it\/en\/wp-json\/wp\/v2\/comments?post=53920"}],"version-history":[{"count":0,"href":"https:\/\/www.ledizioni.it\/en\/wp-json\/wp\/v2\/product\/53920\/revisions"}],"wp:featuredmedia":[{"embeddable":true,"href":"https:\/\/www.ledizioni.it\/en\/wp-json\/wp\/v2\/media\/53921"}],"wp:attachment":[{"href":"https:\/\/www.ledizioni.it\/en\/wp-json\/wp\/v2\/media?parent=53920"}],"wp:term":[{"taxonomy":"product_brand","embeddable":true,"href":"https:\/\/www.ledizioni.it\/en\/wp-json\/wp\/v2\/product_brand?post=53920"},{"taxonomy":"product_cat","embeddable":true,"href":"https:\/\/www.ledizioni.it\/en\/wp-json\/wp\/v2\/product_cat?post=53920"},{"taxonomy":"product_tag","embeddable":true,"href":"https:\/\/www.ledizioni.it\/en\/wp-json\/wp\/v2\/product_tag?post=53920"}],"curies":[{"name":"wp","href":"https:\/\/api.w.org\/{rel}","templated":true}]}}