{"id":53932,"date":"2022-11-22T17:30:48","date_gmt":"2022-11-22T15:30:48","guid":{"rendered":"https:\/\/www.ledizioni.it\/?post_type=product&#038;p=53932"},"modified":"2023-04-04T17:36:26","modified_gmt":"2023-04-04T15:36:26","slug":"con-i-buoni-sentimenti-si-fanno-brutti-libri","status":"publish","type":"product","link":"https:\/\/www.ledizioni.it\/en\/product\/con-i-buoni-sentimenti-si-fanno-brutti-libri\/","title":{"rendered":"CON I BUONI SENTIMENTI SI FANNO BRUTTI LIBRI?"},"content":{"rendered":"<p style=\"text-align: justify;\">La celebre battuta di Gide che apre questo volume si propone di indagare il complesso rapporto fra etica, estetica e rappresentazione, ma riformulando l\u2019aforisma in forma interrogativa: \u201cCon i buoni sentimenti si fanno brutti libri?\u201d.<br \/>\n\u00c8 proprio cos\u00ec? \u00c8 ancora cos\u00ec? Ma \u00e8, in fin dei conti, davvero sempre stato cos\u00ec? Cercare di rispondere a questa domanda vuol dire riflettere non solo sul valore estetico delle opere, ma anche sulla liceit\u00e0 o sulla pericolosit\u00e0 delle rappresentazioni; significa chiedersi se la cosa di cui si parla conta e qual \u00e8 il significato etico del come \u00e8 condotta la rappresentazione, \u00e8 organizzata la forma; significa anche riflettere su alcune complesse problematiche che sempre pi\u00f9 spesso sono al centro dei dibattiti contemporanei: la relazione fra autorialit\u00e0 e opera, fra scrittura e mercato, il canone, la visibilit\u00e0, il ruolo pedagogico della letteratura, la funzione delle istituzioni, della censura fino ai dibattiti sulla cancel culture, sul politicamente corretto, sulla cultura woke, sull\u2019appropriazione culturale, su un certo moralismo di ritorno, sul ruolo ideologicamente orientato del culturalismo, le relazioni fra la voce letteraria di una soggettivit\u00e0 subalterna e i criteri di attribuzione del valore estetico.<\/p>\n<p><strong>DATI BIBLIOGRAFICI<\/strong><br \/>\nA cura di: Giuseppe Carrara e Laura Neri<br \/>\nPubblicato nel: novembre 2022<br \/>\nCollana: <a href=\"https:\/\/www.ledizioni.it\/en\/product-category\/umanistici\/testi-e-testimonianze-di-critica-letteraria\/\">Testi e testimonianze di critica letteraria<\/a><br \/>\nFormato: brossura, 652 p.<br \/>\nISBN: 9788855267540<br \/>\nPrezzo: 39,00 \u20ac<\/p>\n<p>&nbsp;<br \/>\n<a href=\"http:\/\/digital.casalini.it\/9788855267540\" target=\"_blank\" rel=\"noopener\"><img decoding=\"async\" class=\"aligncenter wp-image-23912\" src=\"https:\/\/www.ledizioni.it\/stag\/wp-content\/uploads\/2019\/07\/torrossa_web-150x80.jpg\" alt=\"\" width=\"200\" height=\"60\" \/><\/a><\/p>","protected":false},"excerpt":{"rendered":"<p>La celebre battuta di Gide che apre questo volume si propone di indagare il complesso rapporto fra etica, estetica e<\/p>","protected":false},"featured_media":53933,"comment_status":"open","ping_status":"closed","template":"","meta":{"_acf_changed":false},"product_brand":[],"product_cat":[875],"product_tag":[1092,2635,764,2765],"class_list":{"0":"post-53932","1":"product","2":"type-product","3":"status-publish","4":"has-post-thumbnail","6":"product_cat-testi-e-testimonianze-di-critica-letteraria","7":"product_tag-critica-letteraria","8":"product_tag-letteratura","9":"product_tag-open-access-2","10":"product_tag-unimi","11":"pa_accesso-open-access","12":"pa_accesso-pagamento","13":"pa_formato-cartaceo","14":"pa_formato-ebook-in-pdf","16":"first","17":"instock","18":"featured","19":"shipping-taxable","20":"purchasable","21":"product-type-variable"},"acf":[],"yoast_head":"<!-- This site is optimized with the Yoast SEO plugin v27.3 - https:\/\/yoast.com\/product\/yoast-seo-wordpress\/ -->\n<title>CON I BUONI SENTIMENTI SI FANNO BRUTTI LIBRI? -<\/title>\n<meta name=\"description\" content=\"Ledizioni - Innovative Publishing. Casa editrice universitaria. Open Access. eBook, ePub. Creative Commons.\" \/>\n<meta name=\"robots\" content=\"index, follow, max-snippet:-1, max-image-preview:large, max-video-preview:-1\" \/>\n<link rel=\"canonical\" href=\"https:\/\/www.ledizioni.it\/en\/product\/con-i-buoni-sentimenti-si-fanno-brutti-libri\/\" \/>\n<meta property=\"og:locale\" content=\"en_GB\" \/>\n<meta property=\"og:type\" content=\"article\" \/>\n<meta property=\"og:title\" content=\"CON I BUONI SENTIMENTI SI FANNO BRUTTI LIBRI? -\" \/>\n<meta property=\"og:description\" content=\"Ledizioni - Innovative Publishing. Casa editrice universitaria. Open Access. eBook, ePub. Creative Commons.\" \/>\n<meta property=\"og:url\" content=\"https:\/\/www.ledizioni.it\/en\/product\/con-i-buoni-sentimenti-si-fanno-brutti-libri\/\" \/>\n<meta property=\"og:site_name\" content=\"Ledizioni\" \/>\n<meta property=\"article:publisher\" content=\"https:\/\/www.facebook.com\/pages\/Ledizioni-LediPublishing\/109120559173329\" \/>\n<meta property=\"article:modified_time\" content=\"2023-04-04T15:36:26+00:00\" \/>\n<meta property=\"og:image\" content=\"https:\/\/www.ledizioni.it\/stag\/wp-content\/uploads\/2022\/11\/Copertina_Neri-Carrara-3D.jpg\" \/>\n\t<meta property=\"og:image:width\" content=\"1492\" \/>\n\t<meta property=\"og:image:height\" content=\"1956\" \/>\n\t<meta property=\"og:image:type\" content=\"image\/jpeg\" \/>\n<meta name=\"twitter:card\" content=\"summary_large_image\" \/>\n<meta name=\"twitter:site\" content=\"@ledizioni\" \/>\n<meta name=\"twitter:label1\" content=\"Estimated reading time\" \/>\n\t<meta name=\"twitter:data1\" content=\"2 minutes\" \/>\n<script type=\"application\/ld+json\" class=\"yoast-schema-graph\">{\"@context\":\"https:\\\/\\\/schema.org\",\"@graph\":[{\"@type\":\"WebPage\",\"@id\":\"https:\\\/\\\/www.ledizioni.it\\\/prodotto\\\/con-i-buoni-sentimenti-si-fanno-brutti-libri\\\/\",\"url\":\"https:\\\/\\\/www.ledizioni.it\\\/prodotto\\\/con-i-buoni-sentimenti-si-fanno-brutti-libri\\\/\",\"name\":\"CON I BUONI SENTIMENTI SI FANNO BRUTTI LIBRI? -\",\"isPartOf\":{\"@id\":\"https:\\\/\\\/www.ledizioni.it\\\/#website\"},\"primaryImageOfPage\":{\"@id\":\"https:\\\/\\\/www.ledizioni.it\\\/prodotto\\\/con-i-buoni-sentimenti-si-fanno-brutti-libri\\\/#primaryimage\"},\"image\":{\"@id\":\"https:\\\/\\\/www.ledizioni.it\\\/prodotto\\\/con-i-buoni-sentimenti-si-fanno-brutti-libri\\\/#primaryimage\"},\"thumbnailUrl\":\"https:\\\/\\\/www.ledizioni.it\\\/stag\\\/wp-content\\\/uploads\\\/2022\\\/11\\\/Copertina_Neri-Carrara-3D.jpg\",\"datePublished\":\"2022-11-22T15:30:48+00:00\",\"dateModified\":\"2023-04-04T15:36:26+00:00\",\"description\":\"Ledizioni - Innovative Publishing. Casa editrice universitaria. Open Access. eBook, ePub. Creative Commons.\",\"breadcrumb\":{\"@id\":\"https:\\\/\\\/www.ledizioni.it\\\/prodotto\\\/con-i-buoni-sentimenti-si-fanno-brutti-libri\\\/#breadcrumb\"},\"inLanguage\":\"en-GB\",\"potentialAction\":[{\"@type\":\"ReadAction\",\"target\":[\"https:\\\/\\\/www.ledizioni.it\\\/prodotto\\\/con-i-buoni-sentimenti-si-fanno-brutti-libri\\\/\"]}]},{\"@type\":\"ImageObject\",\"inLanguage\":\"en-GB\",\"@id\":\"https:\\\/\\\/www.ledizioni.it\\\/prodotto\\\/con-i-buoni-sentimenti-si-fanno-brutti-libri\\\/#primaryimage\",\"url\":\"https:\\\/\\\/www.ledizioni.it\\\/stag\\\/wp-content\\\/uploads\\\/2022\\\/11\\\/Copertina_Neri-Carrara-3D.jpg\",\"contentUrl\":\"https:\\\/\\\/www.ledizioni.it\\\/stag\\\/wp-content\\\/uploads\\\/2022\\\/11\\\/Copertina_Neri-Carrara-3D.jpg\",\"width\":1492,\"height\":1956},{\"@type\":\"BreadcrumbList\",\"@id\":\"https:\\\/\\\/www.ledizioni.it\\\/prodotto\\\/con-i-buoni-sentimenti-si-fanno-brutti-libri\\\/#breadcrumb\",\"itemListElement\":[{\"@type\":\"ListItem\",\"position\":1,\"name\":\"Shop\",\"item\":\"https:\\\/\\\/www.ledizioni.it\\\/shop-2\\\/\"},{\"@type\":\"ListItem\",\"position\":2,\"name\":\"CON I BUONI SENTIMENTI SI FANNO BRUTTI LIBRI?\"}]},{\"@type\":\"WebSite\",\"@id\":\"https:\\\/\\\/www.ledizioni.it\\\/#website\",\"url\":\"https:\\\/\\\/www.ledizioni.it\\\/\",\"name\":\"Ledizioni\",\"description\":\"The Innovative LediPublishing Company - Casa Editrice Universitaria\",\"publisher\":{\"@id\":\"https:\\\/\\\/www.ledizioni.it\\\/#organization\"},\"potentialAction\":[{\"@type\":\"SearchAction\",\"target\":{\"@type\":\"EntryPoint\",\"urlTemplate\":\"https:\\\/\\\/www.ledizioni.it\\\/?s={search_term_string}\"},\"query-input\":{\"@type\":\"PropertyValueSpecification\",\"valueRequired\":true,\"valueName\":\"search_term_string\"}}],\"inLanguage\":\"en-GB\"},{\"@type\":\"Organization\",\"@id\":\"https:\\\/\\\/www.ledizioni.it\\\/#organization\",\"name\":\"Ledizioni\",\"url\":\"https:\\\/\\\/www.ledizioni.it\\\/\",\"logo\":{\"@type\":\"ImageObject\",\"inLanguage\":\"en-GB\",\"@id\":\"https:\\\/\\\/www.ledizioni.it\\\/#\\\/schema\\\/logo\\\/image\\\/\",\"url\":\"https:\\\/\\\/www.ledizioni.it\\\/stag\\\/wp-content\\\/uploads\\\/2023\\\/10\\\/newlogoledizioni500x110_2-1.jpg\",\"contentUrl\":\"https:\\\/\\\/www.ledizioni.it\\\/stag\\\/wp-content\\\/uploads\\\/2023\\\/10\\\/newlogoledizioni500x110_2-1.jpg\",\"width\":354,\"height\":87,\"caption\":\"Ledizioni\"},\"image\":{\"@id\":\"https:\\\/\\\/www.ledizioni.it\\\/#\\\/schema\\\/logo\\\/image\\\/\"},\"sameAs\":[\"https:\\\/\\\/www.facebook.com\\\/pages\\\/Ledizioni-LediPublishing\\\/109120559173329\",\"https:\\\/\\\/x.com\\\/ledizioni\"]}]}<\/script>\n<!-- \/ Yoast SEO plugin. -->","yoast_head_json":{"title":"CON I BUONI SENTIMENTI SI FANNO BRUTTI LIBRI? -","description":"Ledizioni - Innovative Publishing. Casa editrice universitaria. Open Access. eBook, ePub. Creative Commons.","robots":{"index":"index","follow":"follow","max-snippet":"max-snippet:-1","max-image-preview":"max-image-preview:large","max-video-preview":"max-video-preview:-1"},"canonical":"https:\/\/www.ledizioni.it\/en\/product\/con-i-buoni-sentimenti-si-fanno-brutti-libri\/","og_locale":"en_GB","og_type":"article","og_title":"CON I BUONI SENTIMENTI SI FANNO BRUTTI LIBRI? -","og_description":"Ledizioni - Innovative Publishing. Casa editrice universitaria. Open Access. eBook, ePub. Creative Commons.","og_url":"https:\/\/www.ledizioni.it\/en\/product\/con-i-buoni-sentimenti-si-fanno-brutti-libri\/","og_site_name":"Ledizioni","article_publisher":"https:\/\/www.facebook.com\/pages\/Ledizioni-LediPublishing\/109120559173329","article_modified_time":"2023-04-04T15:36:26+00:00","og_image":[{"width":1492,"height":1956,"url":"https:\/\/www.ledizioni.it\/stag\/wp-content\/uploads\/2022\/11\/Copertina_Neri-Carrara-3D.jpg","type":"image\/jpeg"}],"twitter_card":"summary_large_image","twitter_site":"@ledizioni","twitter_misc":{"Estimated reading time":"2 minutes"},"schema":{"@context":"https:\/\/schema.org","@graph":[{"@type":"WebPage","@id":"https:\/\/www.ledizioni.it\/prodotto\/con-i-buoni-sentimenti-si-fanno-brutti-libri\/","url":"https:\/\/www.ledizioni.it\/prodotto\/con-i-buoni-sentimenti-si-fanno-brutti-libri\/","name":"CON I BUONI SENTIMENTI SI FANNO BRUTTI LIBRI? -","isPartOf":{"@id":"https:\/\/www.ledizioni.it\/#website"},"primaryImageOfPage":{"@id":"https:\/\/www.ledizioni.it\/prodotto\/con-i-buoni-sentimenti-si-fanno-brutti-libri\/#primaryimage"},"image":{"@id":"https:\/\/www.ledizioni.it\/prodotto\/con-i-buoni-sentimenti-si-fanno-brutti-libri\/#primaryimage"},"thumbnailUrl":"https:\/\/www.ledizioni.it\/stag\/wp-content\/uploads\/2022\/11\/Copertina_Neri-Carrara-3D.jpg","datePublished":"2022-11-22T15:30:48+00:00","dateModified":"2023-04-04T15:36:26+00:00","description":"Ledizioni - Innovative Publishing. Casa editrice universitaria. Open Access. eBook, ePub. Creative Commons.","breadcrumb":{"@id":"https:\/\/www.ledizioni.it\/prodotto\/con-i-buoni-sentimenti-si-fanno-brutti-libri\/#breadcrumb"},"inLanguage":"en-GB","potentialAction":[{"@type":"ReadAction","target":["https:\/\/www.ledizioni.it\/prodotto\/con-i-buoni-sentimenti-si-fanno-brutti-libri\/"]}]},{"@type":"ImageObject","inLanguage":"en-GB","@id":"https:\/\/www.ledizioni.it\/prodotto\/con-i-buoni-sentimenti-si-fanno-brutti-libri\/#primaryimage","url":"https:\/\/www.ledizioni.it\/stag\/wp-content\/uploads\/2022\/11\/Copertina_Neri-Carrara-3D.jpg","contentUrl":"https:\/\/www.ledizioni.it\/stag\/wp-content\/uploads\/2022\/11\/Copertina_Neri-Carrara-3D.jpg","width":1492,"height":1956},{"@type":"BreadcrumbList","@id":"https:\/\/www.ledizioni.it\/prodotto\/con-i-buoni-sentimenti-si-fanno-brutti-libri\/#breadcrumb","itemListElement":[{"@type":"ListItem","position":1,"name":"Shop","item":"https:\/\/www.ledizioni.it\/shop-2\/"},{"@type":"ListItem","position":2,"name":"CON I BUONI SENTIMENTI SI FANNO BRUTTI LIBRI?"}]},{"@type":"WebSite","@id":"https:\/\/www.ledizioni.it\/#website","url":"https:\/\/www.ledizioni.it\/","name":"Ledizioni","description":"The Innovative LediPublishing Company - Casa Editrice Universitaria","publisher":{"@id":"https:\/\/www.ledizioni.it\/#organization"},"potentialAction":[{"@type":"SearchAction","target":{"@type":"EntryPoint","urlTemplate":"https:\/\/www.ledizioni.it\/?s={search_term_string}"},"query-input":{"@type":"PropertyValueSpecification","valueRequired":true,"valueName":"search_term_string"}}],"inLanguage":"en-GB"},{"@type":"Organization","@id":"https:\/\/www.ledizioni.it\/#organization","name":"Ledizioni","url":"https:\/\/www.ledizioni.it\/","logo":{"@type":"ImageObject","inLanguage":"en-GB","@id":"https:\/\/www.ledizioni.it\/#\/schema\/logo\/image\/","url":"https:\/\/www.ledizioni.it\/stag\/wp-content\/uploads\/2023\/10\/newlogoledizioni500x110_2-1.jpg","contentUrl":"https:\/\/www.ledizioni.it\/stag\/wp-content\/uploads\/2023\/10\/newlogoledizioni500x110_2-1.jpg","width":354,"height":87,"caption":"Ledizioni"},"image":{"@id":"https:\/\/www.ledizioni.it\/#\/schema\/logo\/image\/"},"sameAs":["https:\/\/www.facebook.com\/pages\/Ledizioni-LediPublishing\/109120559173329","https:\/\/x.com\/ledizioni"]}]}},"jetpack_sharing_enabled":true,"_links":{"self":[{"href":"https:\/\/www.ledizioni.it\/en\/wp-json\/wp\/v2\/product\/53932","targetHints":{"allow":["GET"]}}],"collection":[{"href":"https:\/\/www.ledizioni.it\/en\/wp-json\/wp\/v2\/product"}],"about":[{"href":"https:\/\/www.ledizioni.it\/en\/wp-json\/wp\/v2\/types\/product"}],"replies":[{"embeddable":true,"href":"https:\/\/www.ledizioni.it\/en\/wp-json\/wp\/v2\/comments?post=53932"}],"version-history":[{"count":1,"href":"https:\/\/www.ledizioni.it\/en\/wp-json\/wp\/v2\/product\/53932\/revisions"}],"predecessor-version":[{"id":53955,"href":"https:\/\/www.ledizioni.it\/en\/wp-json\/wp\/v2\/product\/53932\/revisions\/53955"}],"wp:featuredmedia":[{"embeddable":true,"href":"https:\/\/www.ledizioni.it\/en\/wp-json\/wp\/v2\/media\/53933"}],"wp:attachment":[{"href":"https:\/\/www.ledizioni.it\/en\/wp-json\/wp\/v2\/media?parent=53932"}],"wp:term":[{"taxonomy":"product_brand","embeddable":true,"href":"https:\/\/www.ledizioni.it\/en\/wp-json\/wp\/v2\/product_brand?post=53932"},{"taxonomy":"product_cat","embeddable":true,"href":"https:\/\/www.ledizioni.it\/en\/wp-json\/wp\/v2\/product_cat?post=53932"},{"taxonomy":"product_tag","embeddable":true,"href":"https:\/\/www.ledizioni.it\/en\/wp-json\/wp\/v2\/product_tag?post=53932"}],"curies":[{"name":"wp","href":"https:\/\/api.w.org\/{rel}","templated":true}]}}