{"id":54407,"date":"2022-12-22T17:57:49","date_gmt":"2022-12-22T15:57:49","guid":{"rendered":"https:\/\/www.ledizioni.it\/?post_type=product&#038;p=54407"},"modified":"2023-12-15T17:48:56","modified_gmt":"2023-12-15T15:48:56","slug":"lo-spazio-del-ruolo","status":"publish","type":"product","link":"https:\/\/www.ledizioni.it\/en\/product\/lo-spazio-del-ruolo\/","title":{"rendered":"LO SPAZIO DEL RUOLO"},"content":{"rendered":"<div data-elementor-type=\"product-post\" data-elementor-id=\"54407\" class=\"elementor elementor-54407\" data-elementor-post-type=\"product\">\n\t\t\t\t\t\t<section class=\"elementor-section elementor-top-section elementor-element elementor-element-31586e3b elementor-section-boxed elementor-section-height-default elementor-section-height-default wd-section-disabled\" data-id=\"31586e3b\" data-element_type=\"section\" data-e-type=\"section\">\n\t\t\t\t\t\t<div class=\"elementor-container elementor-column-gap-default\">\n\t\t\t\t\t<div class=\"elementor-column elementor-col-100 elementor-top-column elementor-element elementor-element-489387e2\" data-id=\"489387e2\" data-element_type=\"column\" data-e-type=\"column\">\n\t\t\t<div class=\"elementor-widget-wrap elementor-element-populated\">\n\t\t\t\t\t\t<div class=\"elementor-element elementor-element-99979b5 color-scheme-inherit text-left elementor-widget elementor-widget-text-editor\" data-id=\"99979b5\" data-element_type=\"widget\" data-e-type=\"widget\" data-widget_type=\"text-editor.default\">\n\t\t\t\t<div class=\"elementor-widget-container\">\n\t\t\t\t\t\t\t\t\t<p style=\"text-align: justify;\">Il volume \u00e8 un contributo alla discussione sulla didattica innovativa e sulla gestione dei ruoli nell\u2019Universit\u00e0. Si rivolge ai docenti e alle docenti, ma anche alla componente studentesca. Basato sulla personale esperienza dell\u2019autrice, dischiude altri mondi possibili. Centrale \u00e8 il tema della consapevolezza del ruolo, ovvero la capacit\u00e0 di riconoscere lo spazio del ruolo come un luogo che \u00e8 necessario riempire e, se di altri, rispettare. In una tale prospettiva, orientata ad accompagnare l\u2019aula, non solo nell\u2019apprendimento della disciplina ma anche nella trasmissione delle competenze, l\u2019autrice si interroga sul come una formazione di carattere esperienziale di impostazione sistemico-relazionale possa influire in senso trasformativo e migliorativo della metodologia didattica, con un approccio che mira a spostare il focus dall\u2019insegnare all\u2019apprendere. Nel diritto internazionale, per esempio, il tema dello spazio del ruolo si rispecchia in quello dell\u2019estensione della sovranit\u00e0 nelle relazioni fra Stati e dei caratteri di interdipendenza, necessaria appartenenza, originariet\u00e0 e parit\u00e0 della e nella Comunit\u00e0 internazionale. Le relazioni interindividuali e le relazioni internazionali sembrano cos\u00ec ricondotte ad un unico sistema.<\/p>\n<p style=\"text-align: justify;\"><strong>DATI BIBLIOGRAFICI<\/strong><br>Autore: Angela M. G. Lupone<br>Editore: <a href=\"https:\/\/www.ledizioni.it\/en\/product-category\/milanoup\/\">Milano University Press<\/a><br>Pubblicato nel: dicembre 2022<br>Formato: brossura, 92 p.<br>ISBN: 979-12-5510-008-9<br>Prezzo: 16,00 \u20ac<\/p>\t\t\t\t\t\t\t\t<\/div>\n\t\t\t\t<\/div>\n\t\t\t\t\t<\/div>\n\t\t<\/div>\n\t\t\t\t\t<\/div>\n\t\t<\/section>\n\t\t\t\t<section class=\"elementor-section elementor-top-section elementor-element elementor-element-682ee83 elementor-section-boxed elementor-section-height-default elementor-section-height-default wd-section-disabled\" data-id=\"682ee83\" data-element_type=\"section\" data-e-type=\"section\">\n\t\t\t\t\t\t<div class=\"elementor-container elementor-column-gap-default\">\n\t\t\t\t\t<div class=\"elementor-column elementor-col-100 elementor-top-column elementor-element elementor-element-47b9399\" data-id=\"47b9399\" data-element_type=\"column\" data-e-type=\"column\">\n\t\t\t<div class=\"elementor-widget-wrap elementor-element-populated\">\n\t\t\t\t\t\t<div class=\"elementor-element elementor-element-413b4cc elementor-button-danger elementor-align-center elementor-widget elementor-widget-button\" data-id=\"413b4cc\" data-element_type=\"widget\" data-e-type=\"widget\" data-widget_type=\"button.default\">\n\t\t\t\t<div class=\"elementor-widget-container\">\n\t\t\t\t\t\t\t\t\t<div class=\"elementor-button-wrapper\">\n\t\t\t\t\t<a class=\"elementor-button elementor-button-link elementor-size-sm\" href=\"https:\/\/libri.unimi.it\/index.php\/milanoup\/catalog\/book\/104\" target=\"_blank\">\n\t\t\t\t\t\t<span class=\"elementor-button-content-wrapper\">\n\t\t\t\t\t\t\t\t\t<span class=\"elementor-button-text\">Scarica in Open Access dal sito Milano University Press<\/span>\n\t\t\t\t\t<\/span>\n\t\t\t\t\t<\/a>\n\t\t\t\t<\/div>\n\t\t\t\t\t\t\t\t<\/div>\n\t\t\t\t<\/div>\n\t\t\t\t\t<\/div>\n\t\t<\/div>\n\t\t\t\t\t<\/div>\n\t\t<\/section>\n\t\t\t\t<\/div>","protected":false},"excerpt":{"rendered":"<p>Il volume \u00e8 un contributo alla discussione sulla didattica innovativa e sulla gestione dei ruoli nell\u2019Universit\u00e0. Si rivolge ai docenti<\/p>","protected":false},"featured_media":54409,"comment_status":"open","ping_status":"closed","template":"","meta":{"_acf_changed":false},"product_brand":[],"product_cat":[2336],"product_tag":[2632,2343,764],"class_list":{"0":"post-54407","1":"product","2":"type-product","3":"status-publish","4":"has-post-thumbnail","6":"product_cat-milanoup","7":"product_tag-diritto","8":"product_tag-milano-university-press","9":"product_tag-open-access-2","11":"first","12":"instock","13":"featured","14":"shipping-taxable","15":"purchasable","16":"product-type-simple"},"acf":[],"yoast_head":"<!-- This site is optimized with the Yoast SEO plugin v27.3 - https:\/\/yoast.com\/product\/yoast-seo-wordpress\/ -->\n<title>LO SPAZIO DEL RUOLO -<\/title>\n<meta name=\"description\" content=\"Ledizioni - Innovative Publishing. Casa editrice universitaria. Open Access. eBook, ePub. Creative Commons.\" \/>\n<meta name=\"robots\" content=\"index, follow, max-snippet:-1, max-image-preview:large, max-video-preview:-1\" \/>\n<link rel=\"canonical\" href=\"https:\/\/www.ledizioni.it\/en\/product\/lo-spazio-del-ruolo\/\" \/>\n<meta property=\"og:locale\" content=\"en_GB\" \/>\n<meta property=\"og:type\" content=\"article\" \/>\n<meta property=\"og:title\" content=\"LO SPAZIO DEL RUOLO -\" \/>\n<meta property=\"og:description\" content=\"Ledizioni - Innovative Publishing. Casa editrice universitaria. Open Access. eBook, ePub. Creative Commons.\" \/>\n<meta property=\"og:url\" content=\"https:\/\/www.ledizioni.it\/en\/product\/lo-spazio-del-ruolo\/\" \/>\n<meta property=\"og:site_name\" content=\"Ledizioni\" \/>\n<meta property=\"article:publisher\" content=\"https:\/\/www.facebook.com\/pages\/Ledizioni-LediPublishing\/109120559173329\" \/>\n<meta property=\"article:modified_time\" content=\"2023-12-15T15:48:56+00:00\" \/>\n<meta property=\"og:image\" content=\"https:\/\/www.ledizioni.it\/stag\/wp-content\/uploads\/2022\/12\/Lupone-Cover3D.jpg\" \/>\n\t<meta property=\"og:image:width\" content=\"1578\" \/>\n\t<meta property=\"og:image:height\" content=\"2124\" \/>\n\t<meta property=\"og:image:type\" content=\"image\/jpeg\" \/>\n<meta name=\"twitter:card\" content=\"summary_large_image\" \/>\n<meta name=\"twitter:site\" content=\"@ledizioni\" \/>\n<script type=\"application\/ld+json\" class=\"yoast-schema-graph\">{\"@context\":\"https:\\\/\\\/schema.org\",\"@graph\":[{\"@type\":\"WebPage\",\"@id\":\"https:\\\/\\\/www.ledizioni.it\\\/en\\\/product\\\/lo-spazio-del-ruolo\\\/\",\"url\":\"https:\\\/\\\/www.ledizioni.it\\\/en\\\/product\\\/lo-spazio-del-ruolo\\\/\",\"name\":\"LO SPAZIO DEL RUOLO -\",\"isPartOf\":{\"@id\":\"https:\\\/\\\/www.ledizioni.it\\\/#website\"},\"primaryImageOfPage\":{\"@id\":\"https:\\\/\\\/www.ledizioni.it\\\/en\\\/product\\\/lo-spazio-del-ruolo\\\/#primaryimage\"},\"image\":{\"@id\":\"https:\\\/\\\/www.ledizioni.it\\\/en\\\/product\\\/lo-spazio-del-ruolo\\\/#primaryimage\"},\"thumbnailUrl\":\"https:\\\/\\\/www.ledizioni.it\\\/stag\\\/wp-content\\\/uploads\\\/2022\\\/12\\\/Lupone-Cover3D.jpg\",\"datePublished\":\"2022-12-22T15:57:49+00:00\",\"dateModified\":\"2023-12-15T15:48:56+00:00\",\"description\":\"Ledizioni - Innovative Publishing. Casa editrice universitaria. Open Access. eBook, ePub. Creative Commons.\",\"breadcrumb\":{\"@id\":\"https:\\\/\\\/www.ledizioni.it\\\/en\\\/product\\\/lo-spazio-del-ruolo\\\/#breadcrumb\"},\"inLanguage\":\"en-GB\",\"potentialAction\":[{\"@type\":\"ReadAction\",\"target\":[\"https:\\\/\\\/www.ledizioni.it\\\/en\\\/product\\\/lo-spazio-del-ruolo\\\/\"]}]},{\"@type\":\"ImageObject\",\"inLanguage\":\"en-GB\",\"@id\":\"https:\\\/\\\/www.ledizioni.it\\\/en\\\/product\\\/lo-spazio-del-ruolo\\\/#primaryimage\",\"url\":\"https:\\\/\\\/www.ledizioni.it\\\/stag\\\/wp-content\\\/uploads\\\/2022\\\/12\\\/Lupone-Cover3D.jpg\",\"contentUrl\":\"https:\\\/\\\/www.ledizioni.it\\\/stag\\\/wp-content\\\/uploads\\\/2022\\\/12\\\/Lupone-Cover3D.jpg\",\"width\":1578,\"height\":2124},{\"@type\":\"BreadcrumbList\",\"@id\":\"https:\\\/\\\/www.ledizioni.it\\\/en\\\/product\\\/lo-spazio-del-ruolo\\\/#breadcrumb\",\"itemListElement\":[{\"@type\":\"ListItem\",\"position\":1,\"name\":\"Shop\",\"item\":\"https:\\\/\\\/www.ledizioni.it\\\/shop-2\\\/\"},{\"@type\":\"ListItem\",\"position\":2,\"name\":\"LO SPAZIO DEL RUOLO\"}]},{\"@type\":\"WebSite\",\"@id\":\"https:\\\/\\\/www.ledizioni.it\\\/#website\",\"url\":\"https:\\\/\\\/www.ledizioni.it\\\/\",\"name\":\"Ledizioni\",\"description\":\"The Innovative LediPublishing Company - Casa Editrice Universitaria\",\"publisher\":{\"@id\":\"https:\\\/\\\/www.ledizioni.it\\\/#organization\"},\"potentialAction\":[{\"@type\":\"SearchAction\",\"target\":{\"@type\":\"EntryPoint\",\"urlTemplate\":\"https:\\\/\\\/www.ledizioni.it\\\/?s={search_term_string}\"},\"query-input\":{\"@type\":\"PropertyValueSpecification\",\"valueRequired\":true,\"valueName\":\"search_term_string\"}}],\"inLanguage\":\"en-GB\"},{\"@type\":\"Organization\",\"@id\":\"https:\\\/\\\/www.ledizioni.it\\\/#organization\",\"name\":\"Ledizioni\",\"url\":\"https:\\\/\\\/www.ledizioni.it\\\/\",\"logo\":{\"@type\":\"ImageObject\",\"inLanguage\":\"en-GB\",\"@id\":\"https:\\\/\\\/www.ledizioni.it\\\/#\\\/schema\\\/logo\\\/image\\\/\",\"url\":\"https:\\\/\\\/www.ledizioni.it\\\/stag\\\/wp-content\\\/uploads\\\/2023\\\/10\\\/newlogoledizioni500x110_2-1.jpg\",\"contentUrl\":\"https:\\\/\\\/www.ledizioni.it\\\/stag\\\/wp-content\\\/uploads\\\/2023\\\/10\\\/newlogoledizioni500x110_2-1.jpg\",\"width\":354,\"height\":87,\"caption\":\"Ledizioni\"},\"image\":{\"@id\":\"https:\\\/\\\/www.ledizioni.it\\\/#\\\/schema\\\/logo\\\/image\\\/\"},\"sameAs\":[\"https:\\\/\\\/www.facebook.com\\\/pages\\\/Ledizioni-LediPublishing\\\/109120559173329\",\"https:\\\/\\\/x.com\\\/ledizioni\"]}]}<\/script>\n<!-- \/ Yoast SEO plugin. -->","yoast_head_json":{"title":"LO SPAZIO DEL RUOLO -","description":"Ledizioni - Innovative Publishing. Casa editrice universitaria. Open Access. eBook, ePub. Creative Commons.","robots":{"index":"index","follow":"follow","max-snippet":"max-snippet:-1","max-image-preview":"max-image-preview:large","max-video-preview":"max-video-preview:-1"},"canonical":"https:\/\/www.ledizioni.it\/en\/product\/lo-spazio-del-ruolo\/","og_locale":"en_GB","og_type":"article","og_title":"LO SPAZIO DEL RUOLO -","og_description":"Ledizioni - Innovative Publishing. Casa editrice universitaria. Open Access. eBook, ePub. Creative Commons.","og_url":"https:\/\/www.ledizioni.it\/en\/product\/lo-spazio-del-ruolo\/","og_site_name":"Ledizioni","article_publisher":"https:\/\/www.facebook.com\/pages\/Ledizioni-LediPublishing\/109120559173329","article_modified_time":"2023-12-15T15:48:56+00:00","og_image":[{"width":1578,"height":2124,"url":"https:\/\/www.ledizioni.it\/stag\/wp-content\/uploads\/2022\/12\/Lupone-Cover3D.jpg","type":"image\/jpeg"}],"twitter_card":"summary_large_image","twitter_site":"@ledizioni","schema":{"@context":"https:\/\/schema.org","@graph":[{"@type":"WebPage","@id":"https:\/\/www.ledizioni.it\/en\/product\/lo-spazio-del-ruolo\/","url":"https:\/\/www.ledizioni.it\/en\/product\/lo-spazio-del-ruolo\/","name":"LO SPAZIO DEL RUOLO -","isPartOf":{"@id":"https:\/\/www.ledizioni.it\/#website"},"primaryImageOfPage":{"@id":"https:\/\/www.ledizioni.it\/en\/product\/lo-spazio-del-ruolo\/#primaryimage"},"image":{"@id":"https:\/\/www.ledizioni.it\/en\/product\/lo-spazio-del-ruolo\/#primaryimage"},"thumbnailUrl":"https:\/\/www.ledizioni.it\/stag\/wp-content\/uploads\/2022\/12\/Lupone-Cover3D.jpg","datePublished":"2022-12-22T15:57:49+00:00","dateModified":"2023-12-15T15:48:56+00:00","description":"Ledizioni - Innovative Publishing. Casa editrice universitaria. Open Access. eBook, ePub. Creative Commons.","breadcrumb":{"@id":"https:\/\/www.ledizioni.it\/en\/product\/lo-spazio-del-ruolo\/#breadcrumb"},"inLanguage":"en-GB","potentialAction":[{"@type":"ReadAction","target":["https:\/\/www.ledizioni.it\/en\/product\/lo-spazio-del-ruolo\/"]}]},{"@type":"ImageObject","inLanguage":"en-GB","@id":"https:\/\/www.ledizioni.it\/en\/product\/lo-spazio-del-ruolo\/#primaryimage","url":"https:\/\/www.ledizioni.it\/stag\/wp-content\/uploads\/2022\/12\/Lupone-Cover3D.jpg","contentUrl":"https:\/\/www.ledizioni.it\/stag\/wp-content\/uploads\/2022\/12\/Lupone-Cover3D.jpg","width":1578,"height":2124},{"@type":"BreadcrumbList","@id":"https:\/\/www.ledizioni.it\/en\/product\/lo-spazio-del-ruolo\/#breadcrumb","itemListElement":[{"@type":"ListItem","position":1,"name":"Shop","item":"https:\/\/www.ledizioni.it\/shop-2\/"},{"@type":"ListItem","position":2,"name":"LO SPAZIO DEL RUOLO"}]},{"@type":"WebSite","@id":"https:\/\/www.ledizioni.it\/#website","url":"https:\/\/www.ledizioni.it\/","name":"Ledizioni","description":"The Innovative LediPublishing Company - Casa Editrice Universitaria","publisher":{"@id":"https:\/\/www.ledizioni.it\/#organization"},"potentialAction":[{"@type":"SearchAction","target":{"@type":"EntryPoint","urlTemplate":"https:\/\/www.ledizioni.it\/?s={search_term_string}"},"query-input":{"@type":"PropertyValueSpecification","valueRequired":true,"valueName":"search_term_string"}}],"inLanguage":"en-GB"},{"@type":"Organization","@id":"https:\/\/www.ledizioni.it\/#organization","name":"Ledizioni","url":"https:\/\/www.ledizioni.it\/","logo":{"@type":"ImageObject","inLanguage":"en-GB","@id":"https:\/\/www.ledizioni.it\/#\/schema\/logo\/image\/","url":"https:\/\/www.ledizioni.it\/stag\/wp-content\/uploads\/2023\/10\/newlogoledizioni500x110_2-1.jpg","contentUrl":"https:\/\/www.ledizioni.it\/stag\/wp-content\/uploads\/2023\/10\/newlogoledizioni500x110_2-1.jpg","width":354,"height":87,"caption":"Ledizioni"},"image":{"@id":"https:\/\/www.ledizioni.it\/#\/schema\/logo\/image\/"},"sameAs":["https:\/\/www.facebook.com\/pages\/Ledizioni-LediPublishing\/109120559173329","https:\/\/x.com\/ledizioni"]}]}},"jetpack_sharing_enabled":true,"_links":{"self":[{"href":"https:\/\/www.ledizioni.it\/en\/wp-json\/wp\/v2\/product\/54407","targetHints":{"allow":["GET"]}}],"collection":[{"href":"https:\/\/www.ledizioni.it\/en\/wp-json\/wp\/v2\/product"}],"about":[{"href":"https:\/\/www.ledizioni.it\/en\/wp-json\/wp\/v2\/types\/product"}],"replies":[{"embeddable":true,"href":"https:\/\/www.ledizioni.it\/en\/wp-json\/wp\/v2\/comments?post=54407"}],"version-history":[{"count":6,"href":"https:\/\/www.ledizioni.it\/en\/wp-json\/wp\/v2\/product\/54407\/revisions"}],"predecessor-version":[{"id":61802,"href":"https:\/\/www.ledizioni.it\/en\/wp-json\/wp\/v2\/product\/54407\/revisions\/61802"}],"wp:featuredmedia":[{"embeddable":true,"href":"https:\/\/www.ledizioni.it\/en\/wp-json\/wp\/v2\/media\/54409"}],"wp:attachment":[{"href":"https:\/\/www.ledizioni.it\/en\/wp-json\/wp\/v2\/media?parent=54407"}],"wp:term":[{"taxonomy":"product_brand","embeddable":true,"href":"https:\/\/www.ledizioni.it\/en\/wp-json\/wp\/v2\/product_brand?post=54407"},{"taxonomy":"product_cat","embeddable":true,"href":"https:\/\/www.ledizioni.it\/en\/wp-json\/wp\/v2\/product_cat?post=54407"},{"taxonomy":"product_tag","embeddable":true,"href":"https:\/\/www.ledizioni.it\/en\/wp-json\/wp\/v2\/product_tag?post=54407"}],"curies":[{"name":"wp","href":"https:\/\/api.w.org\/{rel}","templated":true}]}}