{"id":54888,"date":"2023-02-07T11:32:00","date_gmt":"2023-02-07T09:32:00","guid":{"rendered":"https:\/\/www.ledizioni.it\/?post_type=product&#038;p=54888"},"modified":"2024-07-22T17:13:36","modified_gmt":"2024-07-22T15:13:36","slug":"dalla-pirateria-dei-libri-alleditoria-predatoria","status":"publish","type":"product","link":"https:\/\/www.ledizioni.it\/en\/product\/dalla-pirateria-dei-libri-alleditoria-predatoria\/","title":{"rendered":"DALLA PIRATERIA DEI LIBRI ALL\u2019EDITORIA PREDATORIA"},"content":{"rendered":"<p style=\"text-align: justify;\">\u00c8 opinione diffusa che alcune delle problematiche che caratterizzano l\u2019odierna comunicazione scientifica abbiano radici recenti. Non di rado si considerano questioni quali l\u2019editoria predatoria o gli episodi di violazione di etica e integrit\u00e0 della ricerca, come conseguenza della diffusione dell\u2019editoria digitale, soprattutto ad accesso aperto. In realt\u00e0, sebbene l\u2019open access possa in certe condizioni aumentare il rischio di incorrere in comportamenti illeciti o eticamente scorretti, rendere accessibili liberamente i risultati della ricerca accresce la visibilit\u00e0 e la circolazione delle pubblicazioni. Non solo, si agevola anche il rilevamento dei casi di distorsione che altrimenti sarebbero pi\u00f9 difficili da individuare. Fenomeni quali le riviste e le conferenze predatorie, i paper mills che fabbricano articoli scientifici, gli zombie papers che risorgono dalle ceneri della malascienza, e le molte altre criticit\u00e0 relative all\u2019etica e all\u2019integrit\u00e0 della ricerca scientifica sono in aumento, ma al contempo sono divenute pi\u00f9 evidenti grazie alle potenzialit\u00e0 delle tecnologie.<br \/>\nIl libro traccia e descrive le pratiche dannose nella comunicazione scientifica che oggi ne minano la credibilit\u00e0, ma getta anche lo sguardo indietro per mettere in luce le linee di continuit\u00e0 con quanto accaduto nei secoli passati. L\u2019intreccio tra le vicende di storia della stampa, le sollecitazioni della pirateria libraria e il dibattito sulla libert\u00e0 intellettuale, che condusse alla nascita della prima legge sul copyright e infervor\u00f2 gli illuministi, torna ad essere cruciale ai nostri giorni, configurandosi come un probabile stato di transizione verso un nuovo paradigma.<\/p>\n<p><strong>DATI BIBLIOGRAFICI<\/strong><br \/>\nAutore: Rossana Morriello<br \/>\nEditore: Ledizioni<br \/>\nPubblicato nel: dicembre 2022<br \/>\nCollana: <a href=\"https:\/\/www.ledizioni.it\/en\/product-category\/libri-e-biblioteche\/editoria\/\">Publishing: past, present and future<\/a><br \/>\nFormato: brossura, 158 p. &#8211; ePub &#8211; PDF in OA<br \/>\nISBN cartaceo: 978-88-5526-804-2<br \/>\nISBN ePub: 978-88-5526-805-9<br \/>\nPrezzo cartaceo: 24,00 \u20ac<br \/>\nPrezzo ePub: 11,99 \u20ac<br \/>\n<a href=\"http:\/\/digital.casalini.it\/9788855268042\" target=\"_blank\" rel=\"noopener\"><img decoding=\"async\" class=\"aligncenter wp-image-23912\" src=\"https:\/\/www.ledizioni.it\/stag\/wp-content\/uploads\/2019\/07\/torrossa_web-150x80.jpg\" alt=\"\" width=\"200\" height=\"60\" \/><\/a><\/p>","protected":false},"excerpt":{"rendered":"<p>\u00c8 opinione diffusa che alcune delle problematiche che caratterizzano l\u2019odierna comunicazione scientifica abbiano radici recenti. Non di rado si considerano<\/p>","protected":false},"featured_media":54889,"comment_status":"open","ping_status":"closed","template":"","meta":{"_acf_changed":false},"product_brand":[],"product_cat":[1040],"product_tag":[2821,2730,764,1574],"class_list":{"0":"post-54888","1":"product","2":"type-product","3":"status-publish","4":"has-post-thumbnail","6":"product_cat-editoria","7":"product_tag-comunicazione-scientifica","8":"product_tag-editoria","9":"product_tag-open-access-2","10":"product_tag-scienza","11":"pa_formato-cartaceo","12":"pa_formato-ebook-in-epub","13":"pa_formato-ebook-in-pdf","15":"first","16":"instock","17":"featured","18":"shipping-taxable","19":"purchasable","20":"product-type-variable"},"acf":[],"yoast_head":"<!-- This site is optimized with the Yoast SEO plugin v27.3 - https:\/\/yoast.com\/product\/yoast-seo-wordpress\/ -->\n<title>DALLA PIRATERIA DEI LIBRI ALL\u2019EDITORIA PREDATORIA -<\/title>\n<meta name=\"description\" content=\"Ledizioni - Innovative Publishing. Casa editrice universitaria. Open Access. eBook, ePub. Creative Commons.\" \/>\n<meta name=\"robots\" content=\"index, follow, max-snippet:-1, max-image-preview:large, max-video-preview:-1\" \/>\n<link rel=\"canonical\" href=\"https:\/\/www.ledizioni.it\/en\/product\/dalla-pirateria-dei-libri-alleditoria-predatoria\/\" \/>\n<meta property=\"og:locale\" content=\"en_GB\" \/>\n<meta property=\"og:type\" content=\"article\" \/>\n<meta property=\"og:title\" content=\"DALLA PIRATERIA DEI LIBRI ALL\u2019EDITORIA PREDATORIA -\" \/>\n<meta property=\"og:description\" content=\"Ledizioni - Innovative Publishing. Casa editrice universitaria. Open Access. eBook, ePub. Creative Commons.\" \/>\n<meta property=\"og:url\" content=\"https:\/\/www.ledizioni.it\/en\/product\/dalla-pirateria-dei-libri-alleditoria-predatoria\/\" \/>\n<meta property=\"og:site_name\" content=\"Ledizioni\" \/>\n<meta property=\"article:publisher\" content=\"https:\/\/www.facebook.com\/pages\/Ledizioni-LediPublishing\/109120559173329\" \/>\n<meta property=\"article:modified_time\" content=\"2024-07-22T15:13:36+00:00\" \/>\n<meta property=\"og:image\" content=\"https:\/\/www.ledizioni.it\/stag\/wp-content\/uploads\/2023\/02\/Morriello-cover3D.jpg\" \/>\n\t<meta property=\"og:image:width\" content=\"1578\" \/>\n\t<meta property=\"og:image:height\" content=\"1986\" \/>\n\t<meta property=\"og:image:type\" content=\"image\/jpeg\" \/>\n<meta name=\"twitter:card\" content=\"summary_large_image\" \/>\n<meta name=\"twitter:site\" content=\"@ledizioni\" \/>\n<meta name=\"twitter:label1\" content=\"Estimated reading time\" \/>\n\t<meta name=\"twitter:data1\" content=\"2 minutes\" \/>\n<script type=\"application\/ld+json\" class=\"yoast-schema-graph\">{\"@context\":\"https:\\\/\\\/schema.org\",\"@graph\":[{\"@type\":\"WebPage\",\"@id\":\"https:\\\/\\\/www.ledizioni.it\\\/prodotto\\\/dalla-pirateria-dei-libri-alleditoria-predatoria\\\/\",\"url\":\"https:\\\/\\\/www.ledizioni.it\\\/prodotto\\\/dalla-pirateria-dei-libri-alleditoria-predatoria\\\/\",\"name\":\"DALLA PIRATERIA DEI LIBRI ALL\u2019EDITORIA PREDATORIA -\",\"isPartOf\":{\"@id\":\"https:\\\/\\\/www.ledizioni.it\\\/#website\"},\"primaryImageOfPage\":{\"@id\":\"https:\\\/\\\/www.ledizioni.it\\\/prodotto\\\/dalla-pirateria-dei-libri-alleditoria-predatoria\\\/#primaryimage\"},\"image\":{\"@id\":\"https:\\\/\\\/www.ledizioni.it\\\/prodotto\\\/dalla-pirateria-dei-libri-alleditoria-predatoria\\\/#primaryimage\"},\"thumbnailUrl\":\"https:\\\/\\\/www.ledizioni.it\\\/stag\\\/wp-content\\\/uploads\\\/2023\\\/02\\\/Morriello-cover3D.jpg\",\"datePublished\":\"2023-02-07T09:32:00+00:00\",\"dateModified\":\"2024-07-22T15:13:36+00:00\",\"description\":\"Ledizioni - Innovative Publishing. Casa editrice universitaria. Open Access. eBook, ePub. Creative Commons.\",\"breadcrumb\":{\"@id\":\"https:\\\/\\\/www.ledizioni.it\\\/prodotto\\\/dalla-pirateria-dei-libri-alleditoria-predatoria\\\/#breadcrumb\"},\"inLanguage\":\"en-GB\",\"potentialAction\":[{\"@type\":\"ReadAction\",\"target\":[\"https:\\\/\\\/www.ledizioni.it\\\/prodotto\\\/dalla-pirateria-dei-libri-alleditoria-predatoria\\\/\"]}]},{\"@type\":\"ImageObject\",\"inLanguage\":\"en-GB\",\"@id\":\"https:\\\/\\\/www.ledizioni.it\\\/prodotto\\\/dalla-pirateria-dei-libri-alleditoria-predatoria\\\/#primaryimage\",\"url\":\"https:\\\/\\\/www.ledizioni.it\\\/stag\\\/wp-content\\\/uploads\\\/2023\\\/02\\\/Morriello-cover3D.jpg\",\"contentUrl\":\"https:\\\/\\\/www.ledizioni.it\\\/stag\\\/wp-content\\\/uploads\\\/2023\\\/02\\\/Morriello-cover3D.jpg\",\"width\":1578,\"height\":1986},{\"@type\":\"BreadcrumbList\",\"@id\":\"https:\\\/\\\/www.ledizioni.it\\\/prodotto\\\/dalla-pirateria-dei-libri-alleditoria-predatoria\\\/#breadcrumb\",\"itemListElement\":[{\"@type\":\"ListItem\",\"position\":1,\"name\":\"Shop\",\"item\":\"https:\\\/\\\/www.ledizioni.it\\\/shop-2\\\/\"},{\"@type\":\"ListItem\",\"position\":2,\"name\":\"DALLA PIRATERIA DEI LIBRI ALL\u2019EDITORIA PREDATORIA\"}]},{\"@type\":\"WebSite\",\"@id\":\"https:\\\/\\\/www.ledizioni.it\\\/#website\",\"url\":\"https:\\\/\\\/www.ledizioni.it\\\/\",\"name\":\"Ledizioni\",\"description\":\"The Innovative LediPublishing Company - Casa Editrice Universitaria\",\"publisher\":{\"@id\":\"https:\\\/\\\/www.ledizioni.it\\\/#organization\"},\"potentialAction\":[{\"@type\":\"SearchAction\",\"target\":{\"@type\":\"EntryPoint\",\"urlTemplate\":\"https:\\\/\\\/www.ledizioni.it\\\/?s={search_term_string}\"},\"query-input\":{\"@type\":\"PropertyValueSpecification\",\"valueRequired\":true,\"valueName\":\"search_term_string\"}}],\"inLanguage\":\"en-GB\"},{\"@type\":\"Organization\",\"@id\":\"https:\\\/\\\/www.ledizioni.it\\\/#organization\",\"name\":\"Ledizioni\",\"url\":\"https:\\\/\\\/www.ledizioni.it\\\/\",\"logo\":{\"@type\":\"ImageObject\",\"inLanguage\":\"en-GB\",\"@id\":\"https:\\\/\\\/www.ledizioni.it\\\/#\\\/schema\\\/logo\\\/image\\\/\",\"url\":\"https:\\\/\\\/www.ledizioni.it\\\/stag\\\/wp-content\\\/uploads\\\/2023\\\/10\\\/newlogoledizioni500x110_2-1.jpg\",\"contentUrl\":\"https:\\\/\\\/www.ledizioni.it\\\/stag\\\/wp-content\\\/uploads\\\/2023\\\/10\\\/newlogoledizioni500x110_2-1.jpg\",\"width\":354,\"height\":87,\"caption\":\"Ledizioni\"},\"image\":{\"@id\":\"https:\\\/\\\/www.ledizioni.it\\\/#\\\/schema\\\/logo\\\/image\\\/\"},\"sameAs\":[\"https:\\\/\\\/www.facebook.com\\\/pages\\\/Ledizioni-LediPublishing\\\/109120559173329\",\"https:\\\/\\\/x.com\\\/ledizioni\"]}]}<\/script>\n<!-- \/ Yoast SEO plugin. -->","yoast_head_json":{"title":"DALLA PIRATERIA DEI LIBRI ALL\u2019EDITORIA PREDATORIA -","description":"Ledizioni - Innovative Publishing. Casa editrice universitaria. Open Access. eBook, ePub. Creative Commons.","robots":{"index":"index","follow":"follow","max-snippet":"max-snippet:-1","max-image-preview":"max-image-preview:large","max-video-preview":"max-video-preview:-1"},"canonical":"https:\/\/www.ledizioni.it\/en\/product\/dalla-pirateria-dei-libri-alleditoria-predatoria\/","og_locale":"en_GB","og_type":"article","og_title":"DALLA PIRATERIA DEI LIBRI ALL\u2019EDITORIA PREDATORIA -","og_description":"Ledizioni - Innovative Publishing. Casa editrice universitaria. Open Access. eBook, ePub. Creative Commons.","og_url":"https:\/\/www.ledizioni.it\/en\/product\/dalla-pirateria-dei-libri-alleditoria-predatoria\/","og_site_name":"Ledizioni","article_publisher":"https:\/\/www.facebook.com\/pages\/Ledizioni-LediPublishing\/109120559173329","article_modified_time":"2024-07-22T15:13:36+00:00","og_image":[{"width":1578,"height":1986,"url":"https:\/\/www.ledizioni.it\/stag\/wp-content\/uploads\/2023\/02\/Morriello-cover3D.jpg","type":"image\/jpeg"}],"twitter_card":"summary_large_image","twitter_site":"@ledizioni","twitter_misc":{"Estimated reading time":"2 minutes"},"schema":{"@context":"https:\/\/schema.org","@graph":[{"@type":"WebPage","@id":"https:\/\/www.ledizioni.it\/prodotto\/dalla-pirateria-dei-libri-alleditoria-predatoria\/","url":"https:\/\/www.ledizioni.it\/prodotto\/dalla-pirateria-dei-libri-alleditoria-predatoria\/","name":"DALLA PIRATERIA DEI LIBRI ALL\u2019EDITORIA PREDATORIA -","isPartOf":{"@id":"https:\/\/www.ledizioni.it\/#website"},"primaryImageOfPage":{"@id":"https:\/\/www.ledizioni.it\/prodotto\/dalla-pirateria-dei-libri-alleditoria-predatoria\/#primaryimage"},"image":{"@id":"https:\/\/www.ledizioni.it\/prodotto\/dalla-pirateria-dei-libri-alleditoria-predatoria\/#primaryimage"},"thumbnailUrl":"https:\/\/www.ledizioni.it\/stag\/wp-content\/uploads\/2023\/02\/Morriello-cover3D.jpg","datePublished":"2023-02-07T09:32:00+00:00","dateModified":"2024-07-22T15:13:36+00:00","description":"Ledizioni - Innovative Publishing. Casa editrice universitaria. Open Access. eBook, ePub. Creative Commons.","breadcrumb":{"@id":"https:\/\/www.ledizioni.it\/prodotto\/dalla-pirateria-dei-libri-alleditoria-predatoria\/#breadcrumb"},"inLanguage":"en-GB","potentialAction":[{"@type":"ReadAction","target":["https:\/\/www.ledizioni.it\/prodotto\/dalla-pirateria-dei-libri-alleditoria-predatoria\/"]}]},{"@type":"ImageObject","inLanguage":"en-GB","@id":"https:\/\/www.ledizioni.it\/prodotto\/dalla-pirateria-dei-libri-alleditoria-predatoria\/#primaryimage","url":"https:\/\/www.ledizioni.it\/stag\/wp-content\/uploads\/2023\/02\/Morriello-cover3D.jpg","contentUrl":"https:\/\/www.ledizioni.it\/stag\/wp-content\/uploads\/2023\/02\/Morriello-cover3D.jpg","width":1578,"height":1986},{"@type":"BreadcrumbList","@id":"https:\/\/www.ledizioni.it\/prodotto\/dalla-pirateria-dei-libri-alleditoria-predatoria\/#breadcrumb","itemListElement":[{"@type":"ListItem","position":1,"name":"Shop","item":"https:\/\/www.ledizioni.it\/shop-2\/"},{"@type":"ListItem","position":2,"name":"DALLA PIRATERIA DEI LIBRI ALL\u2019EDITORIA PREDATORIA"}]},{"@type":"WebSite","@id":"https:\/\/www.ledizioni.it\/#website","url":"https:\/\/www.ledizioni.it\/","name":"Ledizioni","description":"The Innovative LediPublishing Company - Casa Editrice Universitaria","publisher":{"@id":"https:\/\/www.ledizioni.it\/#organization"},"potentialAction":[{"@type":"SearchAction","target":{"@type":"EntryPoint","urlTemplate":"https:\/\/www.ledizioni.it\/?s={search_term_string}"},"query-input":{"@type":"PropertyValueSpecification","valueRequired":true,"valueName":"search_term_string"}}],"inLanguage":"en-GB"},{"@type":"Organization","@id":"https:\/\/www.ledizioni.it\/#organization","name":"Ledizioni","url":"https:\/\/www.ledizioni.it\/","logo":{"@type":"ImageObject","inLanguage":"en-GB","@id":"https:\/\/www.ledizioni.it\/#\/schema\/logo\/image\/","url":"https:\/\/www.ledizioni.it\/stag\/wp-content\/uploads\/2023\/10\/newlogoledizioni500x110_2-1.jpg","contentUrl":"https:\/\/www.ledizioni.it\/stag\/wp-content\/uploads\/2023\/10\/newlogoledizioni500x110_2-1.jpg","width":354,"height":87,"caption":"Ledizioni"},"image":{"@id":"https:\/\/www.ledizioni.it\/#\/schema\/logo\/image\/"},"sameAs":["https:\/\/www.facebook.com\/pages\/Ledizioni-LediPublishing\/109120559173329","https:\/\/x.com\/ledizioni"]}]}},"jetpack_sharing_enabled":true,"_links":{"self":[{"href":"https:\/\/www.ledizioni.it\/en\/wp-json\/wp\/v2\/product\/54888","targetHints":{"allow":["GET"]}}],"collection":[{"href":"https:\/\/www.ledizioni.it\/en\/wp-json\/wp\/v2\/product"}],"about":[{"href":"https:\/\/www.ledizioni.it\/en\/wp-json\/wp\/v2\/types\/product"}],"replies":[{"embeddable":true,"href":"https:\/\/www.ledizioni.it\/en\/wp-json\/wp\/v2\/comments?post=54888"}],"version-history":[{"count":1,"href":"https:\/\/www.ledizioni.it\/en\/wp-json\/wp\/v2\/product\/54888\/revisions"}],"predecessor-version":[{"id":66669,"href":"https:\/\/www.ledizioni.it\/en\/wp-json\/wp\/v2\/product\/54888\/revisions\/66669"}],"wp:featuredmedia":[{"embeddable":true,"href":"https:\/\/www.ledizioni.it\/en\/wp-json\/wp\/v2\/media\/54889"}],"wp:attachment":[{"href":"https:\/\/www.ledizioni.it\/en\/wp-json\/wp\/v2\/media?parent=54888"}],"wp:term":[{"taxonomy":"product_brand","embeddable":true,"href":"https:\/\/www.ledizioni.it\/en\/wp-json\/wp\/v2\/product_brand?post=54888"},{"taxonomy":"product_cat","embeddable":true,"href":"https:\/\/www.ledizioni.it\/en\/wp-json\/wp\/v2\/product_cat?post=54888"},{"taxonomy":"product_tag","embeddable":true,"href":"https:\/\/www.ledizioni.it\/en\/wp-json\/wp\/v2\/product_tag?post=54888"}],"curies":[{"name":"wp","href":"https:\/\/api.w.org\/{rel}","templated":true}]}}