{"id":55181,"date":"2023-03-06T15:08:54","date_gmt":"2023-03-06T13:08:54","guid":{"rendered":"https:\/\/www.ledizioni.it\/?post_type=product&#038;p=55181"},"modified":"2023-03-06T15:13:59","modified_gmt":"2023-03-06T13:13:59","slug":"cuadernos-aispi-n-20-2022-illustracion-tecnica","status":"publish","type":"product","link":"https:\/\/www.ledizioni.it\/en\/product\/cuadernos-aispi-n-20-2022-illustracion-tecnica\/","title":{"rendered":"Cuadernos AISPI  n. 20\/2022, LA ILUSTRACI\u00d3N T\u00c9CNICA: EL DISCURSO DE ESPECIALIDAD EN EL SIGLO XVIII"},"content":{"rendered":"<h3><strong>Cuadernos AISPI: Revista semestral de la Associazione Ispanisti Italiani<br \/>\n<\/strong><\/h3>\n<h3 style=\"text-align: justify;\"><strong>20\/2022. LA ILUSTRACI\u00d3N T\u00c9CNICA: EL DISCURSO DE ESPECIALIDAD EN EL SIGLO XVIII<br \/>\n<\/strong><\/h3>\n<p style=\"text-align: justify;\"><strong><br \/>\nEditores<\/strong><br \/>\nElena Carpi<br \/>\nFrancisco M. Carriscondo Esquivel<\/p>\n<p style=\"text-align: justify;\">SECCI\u00d3N MONOGR\u00c1FICA<\/p>\n<ul>\n<li>Elena Almeda Molina, El l\u00e9xico del vestido femenino en los diccionarios del siglo XVIII. Una aproximaci\u00f3n a la terminolog\u00eda indumentaria<\/li>\n<li>Ivo Buzek, Nuevas voces de german\u00eda en la segunda edici\u00f3n del Diccionario de autoridades (Una investigaci\u00f3n en progreso)<\/li>\n<li style=\"text-align: justify;\">Alberto Hernando Garc\u00eda-Cervig\u00f3n, <em>La formulaci\u00f3n del discurso gramatical en los diccionarios de la Real Academia Espa\u00f1ola (1726-1829)<\/em><\/li>\n<li style=\"text-align: justify;\">Mario Salvatore Corveddu, <em>En torno al manual t\u00e9cnico en la Espa\u00f1a del siglo XVIII: el<\/em> Arte de Curtir \u00f3 Instruccion General de Curtidos <em>de Cayetano Migu\u00e9lez (1805)<\/em><\/li>\n<li style=\"text-align: justify;\">Francesca Dalle Pezze, Matteo De Beni, Elisa Sartor, <em>El Arte de reposter\u00eda (1747) de Juan de la Mata: aspectos discursivos y l\u00e9xico gastron\u00f3mico del siglo XVIII espa\u00f1ol<\/em><\/li>\n<li style=\"text-align: justify;\">Marta Torres Mart\u00ednez, <em>L\u00e9xico culinario en el<\/em> Libro de cuentas de cocina y reposter\u00eda<em> de la Casa de Arcos (1750)<\/em><\/li>\n<li style=\"text-align: justify;\">Jos\u00e9 Luis Ram\u00edrez Luengo, <em>La met\u00e1fora en la conformaci\u00f3n del l\u00e9xico m\u00e9dico de la Guatemala ilustrada: algunos ejemplos de la Instrucci\u00f3n sobre el modo de practicar la inoculaci\u00f3n de la viruelas de Jos\u00e9 Felipe Flores <\/em><\/li>\n<li style=\"text-align: justify;\">Daniel M. S\u00e1ez Rivera, <em>La difusi\u00f3n de la terminolog\u00eda f\u00edsico astron\u00f3mica en espa\u00f1ol: el caso de los turbillones de Descartes a partir de la traducci\u00f3n de las<\/em> Conversaciones de la pluralidad de los mundos<em> de Fontenelle<\/em><\/li>\n<\/ul>\n<p>SECCI\u00d3N GENERAL<\/p>\n<ul>\n<li style=\"text-align: justify;\">Laura Nadal Sanchis, <em>Por un lado, por otro: ordenaci\u00f3n del discurso, estructura informativa y argumentaci\u00f3n<\/em><\/li>\n<li style=\"text-align: justify;\">Mar\u00eda Luc\u00eda Carrillo Exp\u00f3sito, <em>Ideolog\u00eda y terminolog\u00eda: estrategias discursivas en la prensa espa\u00f1ola en torno a la representaci\u00f3n de la transfobia<\/em><\/li>\n<li style=\"text-align: justify;\">Florencia Ferrante, <em>La obra de Lodovico Antonio Muratori en Hispanoam\u00e9rica: observaciones sobre la traducci\u00f3n bogotana de<\/em> Della forza della fantasia umana <em>(1745) y sobre su traductor, Francisco Mart\u00ednez (1736-1794)<\/em><\/li>\n<\/ul>\n<p style=\"text-align: justify;\">RESE\u00d1AS<\/p>\n<ul>\n<li style=\"text-align: justify;\"><em>Mar\u00eda Luc\u00eda Carrillo Exp\u00f3sito, Lo pol\u00edticamente correcto y la imagen social del peri\u00f3dico. La (des)cortes\u00eda en la representaci\u00f3n discursiva de la mujer pol\u00edtica en la prensa digital espa\u00f1ola<\/em> (Sara Longobardi)<\/li>\n<li style=\"text-align: justify;\"><em>Andr\u00e9s Ortega Garrido, Estrategias discursivas en la entrevista period\u00edstica espa\u00f1ola. Salvados de Jordi \u00c9vole desde la \u00f3ptica de la ling\u00fc\u00edstica de corpus <\/em>(Luisa Chierichetti)<\/li>\n<\/ul>\n<h3><strong>DATI BIBLIOGRAFICI<\/strong><\/h3>\n<p>Curatori: Elena Carpi, Francisco M. Carriscondo Esquivel<br \/>\nEditore: Ledizioni<br \/>\nCollana: <a href=\"https:\/\/www.ledizioni.it\/en\/product-category\/riviste\/cuadernos-aispi\/\">Cuadernos AISPI<\/a><br \/>\nFormato: Brossura<br \/>\nPubblicato in: marzo 2023<br \/>\nISSN cartaceo: 2283981X<br \/>\nPrezzo cartaceo: 25.00 \u20ac<\/p>","protected":false},"excerpt":{"rendered":"<p>Cuadernos AISPI: Revista semestral de la Associazione Ispanisti Italiani 20\/2022. LA ILUSTRACI\u00d3N T\u00c9CNICA: EL DISCURSO DE ESPECIALIDAD EN EL SIGLO<\/p>","protected":false},"featured_media":55182,"comment_status":"open","ping_status":"closed","template":"","meta":{"_acf_changed":false},"product_brand":[],"product_cat":[767],"product_tag":[768,1499],"class_list":{"0":"post-55181","1":"product","2":"type-product","3":"status-publish","4":"has-post-thumbnail","6":"product_cat-cuadernos-aispi","7":"product_tag-ispanisti","8":"product_tag-spagnolo","9":"pa_formato-cartaceo","10":"pa_lingua-spagnolo","12":"first","13":"instock","14":"featured","15":"shipping-taxable","16":"purchasable","17":"product-type-simple"},"acf":[],"yoast_head":"<!-- This site is optimized with the Yoast SEO plugin v27.4 - https:\/\/yoast.com\/product\/yoast-seo-wordpress\/ -->\n<title>Cuadernos AISPI n. 20\/2022, LA ILUSTRACI\u00d3N T\u00c9CNICA: EL DISCURSO DE ESPECIALIDAD EN EL SIGLO XVIII -<\/title>\n<meta name=\"description\" content=\"Ledizioni - Innovative Publishing. Casa editrice universitaria. Open Access. eBook, ePub. Creative Commons.\" \/>\n<meta name=\"robots\" content=\"index, follow, max-snippet:-1, max-image-preview:large, max-video-preview:-1\" \/>\n<link rel=\"canonical\" href=\"https:\/\/www.ledizioni.it\/en\/product\/cuadernos-aispi-n-20-2022-illustracion-tecnica\/\" \/>\n<meta property=\"og:locale\" content=\"en_GB\" \/>\n<meta property=\"og:type\" content=\"article\" \/>\n<meta property=\"og:title\" content=\"Cuadernos AISPI n. 20\/2022, LA ILUSTRACI\u00d3N T\u00c9CNICA: EL DISCURSO DE ESPECIALIDAD EN EL SIGLO XVIII -\" \/>\n<meta property=\"og:description\" content=\"Ledizioni - Innovative Publishing. Casa editrice universitaria. Open Access. eBook, ePub. Creative Commons.\" \/>\n<meta property=\"og:url\" content=\"https:\/\/www.ledizioni.it\/en\/product\/cuadernos-aispi-n-20-2022-illustracion-tecnica\/\" \/>\n<meta property=\"og:site_name\" content=\"Ledizioni\" \/>\n<meta property=\"article:publisher\" content=\"https:\/\/www.facebook.com\/pages\/Ledizioni-LediPublishing\/109120559173329\" \/>\n<meta property=\"article:modified_time\" content=\"2023-03-06T13:13:59+00:00\" \/>\n<meta property=\"og:image\" content=\"https:\/\/www.ledizioni.it\/stag\/wp-content\/uploads\/2023\/03\/CUADERNOS-COVER-20-2022-3D.jpg\" \/>\n\t<meta property=\"og:image:width\" content=\"1504\" \/>\n\t<meta property=\"og:image:height\" content=\"1986\" \/>\n\t<meta property=\"og:image:type\" content=\"image\/jpeg\" \/>\n<meta name=\"twitter:card\" content=\"summary_large_image\" \/>\n<meta name=\"twitter:site\" content=\"@ledizioni\" \/>\n<meta name=\"twitter:label1\" content=\"Estimated reading time\" \/>\n\t<meta name=\"twitter:data1\" content=\"3 minutes\" \/>\n<script type=\"application\/ld+json\" class=\"yoast-schema-graph\">{\"@context\":\"https:\\\/\\\/schema.org\",\"@graph\":[{\"@type\":\"WebPage\",\"@id\":\"https:\\\/\\\/www.ledizioni.it\\\/prodotto\\\/cuadernos-aispi-n-20-2022-illustracion-tecnica\\\/\",\"url\":\"https:\\\/\\\/www.ledizioni.it\\\/prodotto\\\/cuadernos-aispi-n-20-2022-illustracion-tecnica\\\/\",\"name\":\"Cuadernos AISPI n. 20\\\/2022, LA ILUSTRACI\u00d3N T\u00c9CNICA: EL DISCURSO DE ESPECIALIDAD EN EL SIGLO XVIII -\",\"isPartOf\":{\"@id\":\"https:\\\/\\\/www.ledizioni.it\\\/#website\"},\"primaryImageOfPage\":{\"@id\":\"https:\\\/\\\/www.ledizioni.it\\\/prodotto\\\/cuadernos-aispi-n-20-2022-illustracion-tecnica\\\/#primaryimage\"},\"image\":{\"@id\":\"https:\\\/\\\/www.ledizioni.it\\\/prodotto\\\/cuadernos-aispi-n-20-2022-illustracion-tecnica\\\/#primaryimage\"},\"thumbnailUrl\":\"https:\\\/\\\/www.ledizioni.it\\\/stag\\\/wp-content\\\/uploads\\\/2023\\\/03\\\/CUADERNOS-COVER-20-2022-3D.jpg\",\"datePublished\":\"2023-03-06T13:08:54+00:00\",\"dateModified\":\"2023-03-06T13:13:59+00:00\",\"description\":\"Ledizioni - Innovative Publishing. Casa editrice universitaria. Open Access. eBook, ePub. Creative Commons.\",\"breadcrumb\":{\"@id\":\"https:\\\/\\\/www.ledizioni.it\\\/prodotto\\\/cuadernos-aispi-n-20-2022-illustracion-tecnica\\\/#breadcrumb\"},\"inLanguage\":\"en-GB\",\"potentialAction\":[{\"@type\":\"ReadAction\",\"target\":[\"https:\\\/\\\/www.ledizioni.it\\\/prodotto\\\/cuadernos-aispi-n-20-2022-illustracion-tecnica\\\/\"]}]},{\"@type\":\"ImageObject\",\"inLanguage\":\"en-GB\",\"@id\":\"https:\\\/\\\/www.ledizioni.it\\\/prodotto\\\/cuadernos-aispi-n-20-2022-illustracion-tecnica\\\/#primaryimage\",\"url\":\"https:\\\/\\\/www.ledizioni.it\\\/stag\\\/wp-content\\\/uploads\\\/2023\\\/03\\\/CUADERNOS-COVER-20-2022-3D.jpg\",\"contentUrl\":\"https:\\\/\\\/www.ledizioni.it\\\/stag\\\/wp-content\\\/uploads\\\/2023\\\/03\\\/CUADERNOS-COVER-20-2022-3D.jpg\",\"width\":1504,\"height\":1986},{\"@type\":\"BreadcrumbList\",\"@id\":\"https:\\\/\\\/www.ledizioni.it\\\/prodotto\\\/cuadernos-aispi-n-20-2022-illustracion-tecnica\\\/#breadcrumb\",\"itemListElement\":[{\"@type\":\"ListItem\",\"position\":1,\"name\":\"Shop\",\"item\":\"https:\\\/\\\/www.ledizioni.it\\\/shop-2\\\/\"},{\"@type\":\"ListItem\",\"position\":2,\"name\":\"Cuadernos AISPI n. 20\\\/2022, LA ILUSTRACI\u00d3N T\u00c9CNICA: EL DISCURSO DE ESPECIALIDAD EN EL SIGLO XVIII\"}]},{\"@type\":\"WebSite\",\"@id\":\"https:\\\/\\\/www.ledizioni.it\\\/#website\",\"url\":\"https:\\\/\\\/www.ledizioni.it\\\/\",\"name\":\"Ledizioni\",\"description\":\"The Innovative LediPublishing Company - Casa Editrice Universitaria\",\"publisher\":{\"@id\":\"https:\\\/\\\/www.ledizioni.it\\\/#organization\"},\"potentialAction\":[{\"@type\":\"SearchAction\",\"target\":{\"@type\":\"EntryPoint\",\"urlTemplate\":\"https:\\\/\\\/www.ledizioni.it\\\/?s={search_term_string}\"},\"query-input\":{\"@type\":\"PropertyValueSpecification\",\"valueRequired\":true,\"valueName\":\"search_term_string\"}}],\"inLanguage\":\"en-GB\"},{\"@type\":\"Organization\",\"@id\":\"https:\\\/\\\/www.ledizioni.it\\\/#organization\",\"name\":\"Ledizioni\",\"url\":\"https:\\\/\\\/www.ledizioni.it\\\/\",\"logo\":{\"@type\":\"ImageObject\",\"inLanguage\":\"en-GB\",\"@id\":\"https:\\\/\\\/www.ledizioni.it\\\/#\\\/schema\\\/logo\\\/image\\\/\",\"url\":\"https:\\\/\\\/www.ledizioni.it\\\/stag\\\/wp-content\\\/uploads\\\/2023\\\/10\\\/newlogoledizioni500x110_2-1.jpg\",\"contentUrl\":\"https:\\\/\\\/www.ledizioni.it\\\/stag\\\/wp-content\\\/uploads\\\/2023\\\/10\\\/newlogoledizioni500x110_2-1.jpg\",\"width\":354,\"height\":87,\"caption\":\"Ledizioni\"},\"image\":{\"@id\":\"https:\\\/\\\/www.ledizioni.it\\\/#\\\/schema\\\/logo\\\/image\\\/\"},\"sameAs\":[\"https:\\\/\\\/www.facebook.com\\\/pages\\\/Ledizioni-LediPublishing\\\/109120559173329\",\"https:\\\/\\\/x.com\\\/ledizioni\"]}]}<\/script>\n<!-- \/ Yoast SEO plugin. -->","yoast_head_json":{"title":"Cuadernos AISPI n. 20\/2022, LA ILUSTRACI\u00d3N T\u00c9CNICA: EL DISCURSO DE ESPECIALIDAD EN EL SIGLO XVIII -","description":"Ledizioni - Innovative Publishing. Casa editrice universitaria. Open Access. eBook, ePub. Creative Commons.","robots":{"index":"index","follow":"follow","max-snippet":"max-snippet:-1","max-image-preview":"max-image-preview:large","max-video-preview":"max-video-preview:-1"},"canonical":"https:\/\/www.ledizioni.it\/en\/product\/cuadernos-aispi-n-20-2022-illustracion-tecnica\/","og_locale":"en_GB","og_type":"article","og_title":"Cuadernos AISPI n. 20\/2022, LA ILUSTRACI\u00d3N T\u00c9CNICA: EL DISCURSO DE ESPECIALIDAD EN EL SIGLO XVIII -","og_description":"Ledizioni - Innovative Publishing. Casa editrice universitaria. Open Access. eBook, ePub. Creative Commons.","og_url":"https:\/\/www.ledizioni.it\/en\/product\/cuadernos-aispi-n-20-2022-illustracion-tecnica\/","og_site_name":"Ledizioni","article_publisher":"https:\/\/www.facebook.com\/pages\/Ledizioni-LediPublishing\/109120559173329","article_modified_time":"2023-03-06T13:13:59+00:00","og_image":[{"width":1504,"height":1986,"url":"https:\/\/www.ledizioni.it\/stag\/wp-content\/uploads\/2023\/03\/CUADERNOS-COVER-20-2022-3D.jpg","type":"image\/jpeg"}],"twitter_card":"summary_large_image","twitter_site":"@ledizioni","twitter_misc":{"Estimated reading time":"3 minutes"},"schema":{"@context":"https:\/\/schema.org","@graph":[{"@type":"WebPage","@id":"https:\/\/www.ledizioni.it\/prodotto\/cuadernos-aispi-n-20-2022-illustracion-tecnica\/","url":"https:\/\/www.ledizioni.it\/prodotto\/cuadernos-aispi-n-20-2022-illustracion-tecnica\/","name":"Cuadernos AISPI n. 20\/2022, LA ILUSTRACI\u00d3N T\u00c9CNICA: EL DISCURSO DE ESPECIALIDAD EN EL SIGLO XVIII -","isPartOf":{"@id":"https:\/\/www.ledizioni.it\/#website"},"primaryImageOfPage":{"@id":"https:\/\/www.ledizioni.it\/prodotto\/cuadernos-aispi-n-20-2022-illustracion-tecnica\/#primaryimage"},"image":{"@id":"https:\/\/www.ledizioni.it\/prodotto\/cuadernos-aispi-n-20-2022-illustracion-tecnica\/#primaryimage"},"thumbnailUrl":"https:\/\/www.ledizioni.it\/stag\/wp-content\/uploads\/2023\/03\/CUADERNOS-COVER-20-2022-3D.jpg","datePublished":"2023-03-06T13:08:54+00:00","dateModified":"2023-03-06T13:13:59+00:00","description":"Ledizioni - Innovative Publishing. Casa editrice universitaria. Open Access. eBook, ePub. Creative Commons.","breadcrumb":{"@id":"https:\/\/www.ledizioni.it\/prodotto\/cuadernos-aispi-n-20-2022-illustracion-tecnica\/#breadcrumb"},"inLanguage":"en-GB","potentialAction":[{"@type":"ReadAction","target":["https:\/\/www.ledizioni.it\/prodotto\/cuadernos-aispi-n-20-2022-illustracion-tecnica\/"]}]},{"@type":"ImageObject","inLanguage":"en-GB","@id":"https:\/\/www.ledizioni.it\/prodotto\/cuadernos-aispi-n-20-2022-illustracion-tecnica\/#primaryimage","url":"https:\/\/www.ledizioni.it\/stag\/wp-content\/uploads\/2023\/03\/CUADERNOS-COVER-20-2022-3D.jpg","contentUrl":"https:\/\/www.ledizioni.it\/stag\/wp-content\/uploads\/2023\/03\/CUADERNOS-COVER-20-2022-3D.jpg","width":1504,"height":1986},{"@type":"BreadcrumbList","@id":"https:\/\/www.ledizioni.it\/prodotto\/cuadernos-aispi-n-20-2022-illustracion-tecnica\/#breadcrumb","itemListElement":[{"@type":"ListItem","position":1,"name":"Shop","item":"https:\/\/www.ledizioni.it\/shop-2\/"},{"@type":"ListItem","position":2,"name":"Cuadernos AISPI n. 20\/2022, LA ILUSTRACI\u00d3N T\u00c9CNICA: EL DISCURSO DE ESPECIALIDAD EN EL SIGLO XVIII"}]},{"@type":"WebSite","@id":"https:\/\/www.ledizioni.it\/#website","url":"https:\/\/www.ledizioni.it\/","name":"Ledizioni","description":"The Innovative LediPublishing Company - Casa Editrice Universitaria","publisher":{"@id":"https:\/\/www.ledizioni.it\/#organization"},"potentialAction":[{"@type":"SearchAction","target":{"@type":"EntryPoint","urlTemplate":"https:\/\/www.ledizioni.it\/?s={search_term_string}"},"query-input":{"@type":"PropertyValueSpecification","valueRequired":true,"valueName":"search_term_string"}}],"inLanguage":"en-GB"},{"@type":"Organization","@id":"https:\/\/www.ledizioni.it\/#organization","name":"Ledizioni","url":"https:\/\/www.ledizioni.it\/","logo":{"@type":"ImageObject","inLanguage":"en-GB","@id":"https:\/\/www.ledizioni.it\/#\/schema\/logo\/image\/","url":"https:\/\/www.ledizioni.it\/stag\/wp-content\/uploads\/2023\/10\/newlogoledizioni500x110_2-1.jpg","contentUrl":"https:\/\/www.ledizioni.it\/stag\/wp-content\/uploads\/2023\/10\/newlogoledizioni500x110_2-1.jpg","width":354,"height":87,"caption":"Ledizioni"},"image":{"@id":"https:\/\/www.ledizioni.it\/#\/schema\/logo\/image\/"},"sameAs":["https:\/\/www.facebook.com\/pages\/Ledizioni-LediPublishing\/109120559173329","https:\/\/x.com\/ledizioni"]}]}},"jetpack_sharing_enabled":true,"_links":{"self":[{"href":"https:\/\/www.ledizioni.it\/en\/wp-json\/wp\/v2\/product\/55181","targetHints":{"allow":["GET"]}}],"collection":[{"href":"https:\/\/www.ledizioni.it\/en\/wp-json\/wp\/v2\/product"}],"about":[{"href":"https:\/\/www.ledizioni.it\/en\/wp-json\/wp\/v2\/types\/product"}],"replies":[{"embeddable":true,"href":"https:\/\/www.ledizioni.it\/en\/wp-json\/wp\/v2\/comments?post=55181"}],"version-history":[{"count":1,"href":"https:\/\/www.ledizioni.it\/en\/wp-json\/wp\/v2\/product\/55181\/revisions"}],"predecessor-version":[{"id":55183,"href":"https:\/\/www.ledizioni.it\/en\/wp-json\/wp\/v2\/product\/55181\/revisions\/55183"}],"wp:featuredmedia":[{"embeddable":true,"href":"https:\/\/www.ledizioni.it\/en\/wp-json\/wp\/v2\/media\/55182"}],"wp:attachment":[{"href":"https:\/\/www.ledizioni.it\/en\/wp-json\/wp\/v2\/media?parent=55181"}],"wp:term":[{"taxonomy":"product_brand","embeddable":true,"href":"https:\/\/www.ledizioni.it\/en\/wp-json\/wp\/v2\/product_brand?post=55181"},{"taxonomy":"product_cat","embeddable":true,"href":"https:\/\/www.ledizioni.it\/en\/wp-json\/wp\/v2\/product_cat?post=55181"},{"taxonomy":"product_tag","embeddable":true,"href":"https:\/\/www.ledizioni.it\/en\/wp-json\/wp\/v2\/product_tag?post=55181"}],"curies":[{"name":"wp","href":"https:\/\/api.w.org\/{rel}","templated":true}]}}