{"id":55222,"date":"2021-12-31T12:59:05","date_gmt":"2021-12-31T10:59:05","guid":{"rendered":"https:\/\/www.ledizioni.it\/?post_type=product&#038;p=55222"},"modified":"2023-03-10T13:01:57","modified_gmt":"2023-03-10T11:01:57","slug":"tintas-iii-serie-n-10-2021","status":"publish","type":"product","link":"https:\/\/www.ledizioni.it\/en\/product\/tintas-iii-serie-n-10-2021\/","title":{"rendered":"TINTAS &#8211; III serie, n. 10, 2021"},"content":{"rendered":"<p>ARTICOLI<\/p>\n<ul>\n<li style=\"text-align: justify;\">Bego\u00f1a Souviron L\u00f3pez, La Universidad de amor y escuelas del inter\u00e9s. Jacinto Polo de Medina y Claude Le Petit<\/li>\n<li style=\"text-align: justify;\">E. Helena Houvenaghel, Revisi\u00f3n del mito de la sororidad en reescrituras hispanoamericanas del siglo XX: Las hermanas Ag\u00fcero (1997) de Cristina Garc\u00eda<\/li>\n<li style=\"text-align: justify;\">Mar\u00eda Teresa Navarrete, Hermandad y reescritura del mito de Isis y Osiris en la literatura espa\u00f1ola contempor\u00e1nea<\/li>\n<li style=\"text-align: justify;\">Lieve Behiels, Ant\u00edgona y sus hermanos. Sobre La tumba de Ant\u00edgona de Mar\u00eda Zambrano<\/li>\n<li style=\"text-align: justify;\">Droh Joel Arnauld Keffa, Lengua y cultura locales bajo el peso de la dependencia poscolonial: africanizaci\u00f3n de Recuerdos del abuelo Bayeb\u00e9 y otros relatos bubis de Justo Bolekia Bolek\u00e1<\/li>\n<\/ul>\n<p>TRASBORDI<\/p>\n<ul>\n<li>Leopoldo Alas \u201cClar\u00edn\u201d, Due sapienti (trad. di Sara Pezzini)<br \/>\nGuillermo Arr\u00f3niz L\u00f3pez, La ricerca di Santiago (trad. di Giuseppina Notaro)<br \/>\nRafael Ballesteros, Cinque poesie (trad. di Francesca Comella)<br \/>\nMilena Rodr\u00edguez, Quattro poesie (trad. di Alessandra Abbate, Silvia Baiettini, Giulia Bertazzoni, Alessandra Bolis, Filippo Antonio Ferri, Sara Induni ed Erica Lacanna)<\/li>\n<li>Basilio Belliard, Sei poesie in prosa (trad. di Danilo Manera)<br \/>\nMiquel Mart\u00ed i Pol, Sette poesie (trad. di Simone Cattaneo)<\/li>\n<\/ul>\n<p>NOTE<\/p>\n<ul>\n<li style=\"text-align: justify;\">Alejandro Cardozo Uzc\u00e1tegui, Antonio Spinetti Dini, un poeta cisatl\u00e1ntico<\/li>\n<li style=\"text-align: justify;\">Maria Sofia, Miguel de Cervantes in El ministerio del tiempo: analisi linguistica e comportamentale<\/li>\n<li style=\"text-align: justify;\">Danilo Manera, Las literaturas hispanoafricanas y la obra de Inongo-vi-Makom\u00e8<\/li>\n<li style=\"text-align: justify;\">Juan Carlos Abril, Algo m\u00e1s que una invitaci\u00f3n a la lectura. En defensa de una posmodernidad progresista<\/li>\n<\/ul>\n<p>RECENSIONI<\/p>\n<ul>\n<li style=\"text-align: justify;\">Elide Pittarello, Poes\u00eda e imagen [Loretta Frattale]<\/li>\n<li style=\"text-align: justify;\">\u00c1ngel Guerra, La Lapa y otros relatos seleccionados [Danilo Manera]<\/li>\n<li style=\"text-align: justify;\">Vicente Luis Mora, Centroeuropa [Simone Cattaneo]<\/li>\n<li style=\"text-align: justify;\">Nora Strejilevich, Una sola muerte numerosa [Alejandra Leonor Parra]<\/li>\n<li style=\"text-align: justify;\">Guillermo Fern\u00e1ndez Rojano, Hijos de la piedra [Juan Carlos Abril]<\/li>\n<li style=\"text-align: justify;\">Luigi Contadini, La causa di Soledad Luque Delgado [Danilo Manera]<\/li>\n<\/ul>\n<p><strong>RIFERIMENTI BIBLIOGRAFICI<\/strong><\/p>\n<p>Prezzo cartaceo: 25,00\u00a0\u20ac<\/p>","protected":false},"excerpt":{"rendered":"<p>ARTICOLI Bego\u00f1a Souviron L\u00f3pez, La Universidad de amor y escuelas del inter\u00e9s. Jacinto Polo de Medina y Claude Le Petit<\/p>","protected":false},"featured_media":55223,"comment_status":"open","ping_status":"closed","template":"","meta":{"_acf_changed":false},"product_brand":[],"product_cat":[1292],"product_tag":[1296,1295,1294],"class_list":{"0":"post-55222","1":"product","2":"type-product","3":"status-publish","4":"has-post-thumbnail","6":"product_cat-tintas","7":"product_tag-lingue-iberiche","8":"product_tag-portogallo","9":"product_tag-spagna","10":"pa_formato-cartaceo","11":"pa_lingua-spagnolo","13":"first","14":"instock","15":"shipping-taxable","16":"purchasable","17":"product-type-simple"},"acf":[],"yoast_head":"<!-- This site is optimized with the Yoast SEO plugin v27.3 - https:\/\/yoast.com\/product\/yoast-seo-wordpress\/ -->\n<title>TINTAS - III serie, n. 10, 2021 -<\/title>\n<meta name=\"description\" content=\"Ledizioni - Innovative Publishing. Casa editrice universitaria. Open Access. eBook, ePub. Creative Commons.\" \/>\n<meta name=\"robots\" content=\"index, follow, max-snippet:-1, max-image-preview:large, max-video-preview:-1\" \/>\n<link rel=\"canonical\" href=\"https:\/\/www.ledizioni.it\/en\/product\/tintas-iii-serie-n-10-2021\/\" \/>\n<meta property=\"og:locale\" content=\"en_GB\" \/>\n<meta property=\"og:type\" content=\"article\" \/>\n<meta property=\"og:title\" content=\"TINTAS - III serie, n. 10, 2021 -\" \/>\n<meta property=\"og:description\" content=\"Ledizioni - Innovative Publishing. Casa editrice universitaria. Open Access. eBook, ePub. Creative Commons.\" \/>\n<meta property=\"og:url\" content=\"https:\/\/www.ledizioni.it\/en\/product\/tintas-iii-serie-n-10-2021\/\" \/>\n<meta property=\"og:site_name\" content=\"Ledizioni\" \/>\n<meta property=\"article:publisher\" content=\"https:\/\/www.facebook.com\/pages\/Ledizioni-LediPublishing\/109120559173329\" \/>\n<meta property=\"article:modified_time\" content=\"2023-03-10T11:01:57+00:00\" \/>\n<meta property=\"og:image\" content=\"https:\/\/www.ledizioni.it\/stag\/wp-content\/uploads\/2023\/03\/Tintas-10_3d.jpg\" \/>\n\t<meta property=\"og:image:width\" content=\"1474\" \/>\n\t<meta property=\"og:image:height\" content=\"1998\" \/>\n\t<meta property=\"og:image:type\" content=\"image\/jpeg\" \/>\n<meta name=\"twitter:card\" content=\"summary_large_image\" \/>\n<meta name=\"twitter:site\" content=\"@ledizioni\" \/>\n<meta name=\"twitter:label1\" content=\"Estimated reading time\" \/>\n\t<meta name=\"twitter:data1\" content=\"2 minutes\" \/>\n<script type=\"application\/ld+json\" class=\"yoast-schema-graph\">{\"@context\":\"https:\\\/\\\/schema.org\",\"@graph\":[{\"@type\":\"WebPage\",\"@id\":\"https:\\\/\\\/www.ledizioni.it\\\/prodotto\\\/tintas-iii-serie-n-10-2021\\\/\",\"url\":\"https:\\\/\\\/www.ledizioni.it\\\/prodotto\\\/tintas-iii-serie-n-10-2021\\\/\",\"name\":\"TINTAS - III serie, n. 10, 2021 -\",\"isPartOf\":{\"@id\":\"https:\\\/\\\/www.ledizioni.it\\\/#website\"},\"primaryImageOfPage\":{\"@id\":\"https:\\\/\\\/www.ledizioni.it\\\/prodotto\\\/tintas-iii-serie-n-10-2021\\\/#primaryimage\"},\"image\":{\"@id\":\"https:\\\/\\\/www.ledizioni.it\\\/prodotto\\\/tintas-iii-serie-n-10-2021\\\/#primaryimage\"},\"thumbnailUrl\":\"https:\\\/\\\/www.ledizioni.it\\\/stag\\\/wp-content\\\/uploads\\\/2023\\\/03\\\/Tintas-10_3d.jpg\",\"datePublished\":\"2021-12-31T10:59:05+00:00\",\"dateModified\":\"2023-03-10T11:01:57+00:00\",\"description\":\"Ledizioni - Innovative Publishing. Casa editrice universitaria. Open Access. eBook, ePub. Creative Commons.\",\"breadcrumb\":{\"@id\":\"https:\\\/\\\/www.ledizioni.it\\\/prodotto\\\/tintas-iii-serie-n-10-2021\\\/#breadcrumb\"},\"inLanguage\":\"en-GB\",\"potentialAction\":[{\"@type\":\"ReadAction\",\"target\":[\"https:\\\/\\\/www.ledizioni.it\\\/prodotto\\\/tintas-iii-serie-n-10-2021\\\/\"]}]},{\"@type\":\"ImageObject\",\"inLanguage\":\"en-GB\",\"@id\":\"https:\\\/\\\/www.ledizioni.it\\\/prodotto\\\/tintas-iii-serie-n-10-2021\\\/#primaryimage\",\"url\":\"https:\\\/\\\/www.ledizioni.it\\\/stag\\\/wp-content\\\/uploads\\\/2023\\\/03\\\/Tintas-10_3d.jpg\",\"contentUrl\":\"https:\\\/\\\/www.ledizioni.it\\\/stag\\\/wp-content\\\/uploads\\\/2023\\\/03\\\/Tintas-10_3d.jpg\",\"width\":1474,\"height\":1998},{\"@type\":\"BreadcrumbList\",\"@id\":\"https:\\\/\\\/www.ledizioni.it\\\/prodotto\\\/tintas-iii-serie-n-10-2021\\\/#breadcrumb\",\"itemListElement\":[{\"@type\":\"ListItem\",\"position\":1,\"name\":\"Shop\",\"item\":\"https:\\\/\\\/www.ledizioni.it\\\/shop-2\\\/\"},{\"@type\":\"ListItem\",\"position\":2,\"name\":\"TINTAS &#8211; III serie, n. 10, 2021\"}]},{\"@type\":\"WebSite\",\"@id\":\"https:\\\/\\\/www.ledizioni.it\\\/#website\",\"url\":\"https:\\\/\\\/www.ledizioni.it\\\/\",\"name\":\"Ledizioni\",\"description\":\"The Innovative LediPublishing Company - Casa Editrice Universitaria\",\"publisher\":{\"@id\":\"https:\\\/\\\/www.ledizioni.it\\\/#organization\"},\"potentialAction\":[{\"@type\":\"SearchAction\",\"target\":{\"@type\":\"EntryPoint\",\"urlTemplate\":\"https:\\\/\\\/www.ledizioni.it\\\/?s={search_term_string}\"},\"query-input\":{\"@type\":\"PropertyValueSpecification\",\"valueRequired\":true,\"valueName\":\"search_term_string\"}}],\"inLanguage\":\"en-GB\"},{\"@type\":\"Organization\",\"@id\":\"https:\\\/\\\/www.ledizioni.it\\\/#organization\",\"name\":\"Ledizioni\",\"url\":\"https:\\\/\\\/www.ledizioni.it\\\/\",\"logo\":{\"@type\":\"ImageObject\",\"inLanguage\":\"en-GB\",\"@id\":\"https:\\\/\\\/www.ledizioni.it\\\/#\\\/schema\\\/logo\\\/image\\\/\",\"url\":\"https:\\\/\\\/www.ledizioni.it\\\/stag\\\/wp-content\\\/uploads\\\/2023\\\/10\\\/newlogoledizioni500x110_2-1.jpg\",\"contentUrl\":\"https:\\\/\\\/www.ledizioni.it\\\/stag\\\/wp-content\\\/uploads\\\/2023\\\/10\\\/newlogoledizioni500x110_2-1.jpg\",\"width\":354,\"height\":87,\"caption\":\"Ledizioni\"},\"image\":{\"@id\":\"https:\\\/\\\/www.ledizioni.it\\\/#\\\/schema\\\/logo\\\/image\\\/\"},\"sameAs\":[\"https:\\\/\\\/www.facebook.com\\\/pages\\\/Ledizioni-LediPublishing\\\/109120559173329\",\"https:\\\/\\\/x.com\\\/ledizioni\"]}]}<\/script>\n<!-- \/ Yoast SEO plugin. -->","yoast_head_json":{"title":"TINTAS - III serie, n. 10, 2021 -","description":"Ledizioni - Innovative Publishing. Casa editrice universitaria. Open Access. eBook, ePub. Creative Commons.","robots":{"index":"index","follow":"follow","max-snippet":"max-snippet:-1","max-image-preview":"max-image-preview:large","max-video-preview":"max-video-preview:-1"},"canonical":"https:\/\/www.ledizioni.it\/en\/product\/tintas-iii-serie-n-10-2021\/","og_locale":"en_GB","og_type":"article","og_title":"TINTAS - III serie, n. 10, 2021 -","og_description":"Ledizioni - Innovative Publishing. Casa editrice universitaria. Open Access. eBook, ePub. Creative Commons.","og_url":"https:\/\/www.ledizioni.it\/en\/product\/tintas-iii-serie-n-10-2021\/","og_site_name":"Ledizioni","article_publisher":"https:\/\/www.facebook.com\/pages\/Ledizioni-LediPublishing\/109120559173329","article_modified_time":"2023-03-10T11:01:57+00:00","og_image":[{"width":1474,"height":1998,"url":"https:\/\/www.ledizioni.it\/stag\/wp-content\/uploads\/2023\/03\/Tintas-10_3d.jpg","type":"image\/jpeg"}],"twitter_card":"summary_large_image","twitter_site":"@ledizioni","twitter_misc":{"Estimated reading time":"2 minutes"},"schema":{"@context":"https:\/\/schema.org","@graph":[{"@type":"WebPage","@id":"https:\/\/www.ledizioni.it\/prodotto\/tintas-iii-serie-n-10-2021\/","url":"https:\/\/www.ledizioni.it\/prodotto\/tintas-iii-serie-n-10-2021\/","name":"TINTAS - III serie, n. 10, 2021 -","isPartOf":{"@id":"https:\/\/www.ledizioni.it\/#website"},"primaryImageOfPage":{"@id":"https:\/\/www.ledizioni.it\/prodotto\/tintas-iii-serie-n-10-2021\/#primaryimage"},"image":{"@id":"https:\/\/www.ledizioni.it\/prodotto\/tintas-iii-serie-n-10-2021\/#primaryimage"},"thumbnailUrl":"https:\/\/www.ledizioni.it\/stag\/wp-content\/uploads\/2023\/03\/Tintas-10_3d.jpg","datePublished":"2021-12-31T10:59:05+00:00","dateModified":"2023-03-10T11:01:57+00:00","description":"Ledizioni - Innovative Publishing. Casa editrice universitaria. Open Access. eBook, ePub. Creative Commons.","breadcrumb":{"@id":"https:\/\/www.ledizioni.it\/prodotto\/tintas-iii-serie-n-10-2021\/#breadcrumb"},"inLanguage":"en-GB","potentialAction":[{"@type":"ReadAction","target":["https:\/\/www.ledizioni.it\/prodotto\/tintas-iii-serie-n-10-2021\/"]}]},{"@type":"ImageObject","inLanguage":"en-GB","@id":"https:\/\/www.ledizioni.it\/prodotto\/tintas-iii-serie-n-10-2021\/#primaryimage","url":"https:\/\/www.ledizioni.it\/stag\/wp-content\/uploads\/2023\/03\/Tintas-10_3d.jpg","contentUrl":"https:\/\/www.ledizioni.it\/stag\/wp-content\/uploads\/2023\/03\/Tintas-10_3d.jpg","width":1474,"height":1998},{"@type":"BreadcrumbList","@id":"https:\/\/www.ledizioni.it\/prodotto\/tintas-iii-serie-n-10-2021\/#breadcrumb","itemListElement":[{"@type":"ListItem","position":1,"name":"Shop","item":"https:\/\/www.ledizioni.it\/shop-2\/"},{"@type":"ListItem","position":2,"name":"TINTAS &#8211; III serie, n. 10, 2021"}]},{"@type":"WebSite","@id":"https:\/\/www.ledizioni.it\/#website","url":"https:\/\/www.ledizioni.it\/","name":"Ledizioni","description":"The Innovative LediPublishing Company - Casa Editrice Universitaria","publisher":{"@id":"https:\/\/www.ledizioni.it\/#organization"},"potentialAction":[{"@type":"SearchAction","target":{"@type":"EntryPoint","urlTemplate":"https:\/\/www.ledizioni.it\/?s={search_term_string}"},"query-input":{"@type":"PropertyValueSpecification","valueRequired":true,"valueName":"search_term_string"}}],"inLanguage":"en-GB"},{"@type":"Organization","@id":"https:\/\/www.ledizioni.it\/#organization","name":"Ledizioni","url":"https:\/\/www.ledizioni.it\/","logo":{"@type":"ImageObject","inLanguage":"en-GB","@id":"https:\/\/www.ledizioni.it\/#\/schema\/logo\/image\/","url":"https:\/\/www.ledizioni.it\/stag\/wp-content\/uploads\/2023\/10\/newlogoledizioni500x110_2-1.jpg","contentUrl":"https:\/\/www.ledizioni.it\/stag\/wp-content\/uploads\/2023\/10\/newlogoledizioni500x110_2-1.jpg","width":354,"height":87,"caption":"Ledizioni"},"image":{"@id":"https:\/\/www.ledizioni.it\/#\/schema\/logo\/image\/"},"sameAs":["https:\/\/www.facebook.com\/pages\/Ledizioni-LediPublishing\/109120559173329","https:\/\/x.com\/ledizioni"]}]}},"jetpack_sharing_enabled":true,"_links":{"self":[{"href":"https:\/\/www.ledizioni.it\/en\/wp-json\/wp\/v2\/product\/55222","targetHints":{"allow":["GET"]}}],"collection":[{"href":"https:\/\/www.ledizioni.it\/en\/wp-json\/wp\/v2\/product"}],"about":[{"href":"https:\/\/www.ledizioni.it\/en\/wp-json\/wp\/v2\/types\/product"}],"replies":[{"embeddable":true,"href":"https:\/\/www.ledizioni.it\/en\/wp-json\/wp\/v2\/comments?post=55222"}],"version-history":[{"count":0,"href":"https:\/\/www.ledizioni.it\/en\/wp-json\/wp\/v2\/product\/55222\/revisions"}],"wp:featuredmedia":[{"embeddable":true,"href":"https:\/\/www.ledizioni.it\/en\/wp-json\/wp\/v2\/media\/55223"}],"wp:attachment":[{"href":"https:\/\/www.ledizioni.it\/en\/wp-json\/wp\/v2\/media?parent=55222"}],"wp:term":[{"taxonomy":"product_brand","embeddable":true,"href":"https:\/\/www.ledizioni.it\/en\/wp-json\/wp\/v2\/product_brand?post=55222"},{"taxonomy":"product_cat","embeddable":true,"href":"https:\/\/www.ledizioni.it\/en\/wp-json\/wp\/v2\/product_cat?post=55222"},{"taxonomy":"product_tag","embeddable":true,"href":"https:\/\/www.ledizioni.it\/en\/wp-json\/wp\/v2\/product_tag?post=55222"}],"curies":[{"name":"wp","href":"https:\/\/api.w.org\/{rel}","templated":true}]}}