{"id":55224,"date":"2023-03-10T13:02:26","date_gmt":"2023-03-10T11:02:26","guid":{"rendered":"https:\/\/www.ledizioni.it\/?post_type=product&#038;p=55224"},"modified":"2023-03-10T13:06:02","modified_gmt":"2023-03-10T11:06:02","slug":"tintas-iii-serie-n-11-2022","status":"publish","type":"product","link":"https:\/\/www.ledizioni.it\/en\/product\/tintas-iii-serie-n-11-2022\/","title":{"rendered":"TINTAS &#8211; III serie, n. 11, 2022"},"content":{"rendered":"<p>ARTICOLI<\/p>\n<ul>\n<li style=\"text-align: justify;\">Alessandro Cassol, Le linee del tempo, dello spazio e dell\u2019amore. Una lettura di <em>La geometr\u00eda del trigo<\/em> di Alberto Conejero<\/li>\n<li style=\"text-align: justify;\">Simone Cattaneo, \u00abYa no hacemos historia. Hacemos sangr\u00eda\u00bb: cuatro calas literarias en Benidorm entre turismo, simulacros, cutrez y vanguardia arquitect\u00f3nica<\/li>\n<li style=\"text-align: justify;\">Jo\u00ebl Keffa, Personalidad, enfermedad y estrategias de sanaci\u00f3n del enfermo a trav\u00e9s de <em>A flor de agua<\/em> de Luis Miguel Iruela<\/li>\n<\/ul>\n<p>TRASBORDI<\/p>\n<ul>\n<li>Elsa L\u00f3pez, Tredici poesie (trad. di Danilo Manera)<\/li>\n<li>Anelio Rodr\u00edguez Concepci\u00f3n, Cinque poesie (trad. di Danilo Manera)<\/li>\n<li>Nicol\u00e1s Melini, La vetta e i ragazzi (trad. di Danilo Manera)<\/li>\n<li>Graciela Perosio, Tredici poesie (trad. di Danilo Manera)<\/li>\n<li>Luis M. Iruela, Tredici poesie (trad. di Danilo Manera)<\/li>\n<li>Tania Pleitez, Undici poesie (trad. di Roc\u00edo Bola\u00f1os)<\/li>\n<li>Tony Raful, Sei poesie (trad. di Marina Bianchi)<\/li>\n<li>Joan Fuster, Undici poesie (trad. di Simone Cattaneo)<\/li>\n<\/ul>\n<p>NOTE<\/p>\n<ul>\n<li style=\"text-align: justify;\">Mikel Hern\u00e1ndez Abaitua, Los a\u00f1os de plomo<\/li>\n<li style=\"text-align: justify;\">Graciela Perosio, Italia me ha esperado fielmente<\/li>\n<li style=\"text-align: justify;\">Juan Carlos Abril, Notas para un comentario a \u00abEl sur\u00bb, de Jorge Luis Borges<\/li>\n<li style=\"text-align: justify;\">Sara Santa-Aguilar, \u00abUna humedad de ausencia, \/ una nostalgia\u00bb: Eduardo Santa y la po\u00e9tica l\u00edquida de la memoria<\/li>\n<\/ul>\n<p>INTERVISTA<\/p>\n<ul>\n<li>Rodrigo Bacigalupe Echevarr\u00eda, Un can\u00edbal estereosc\u00f3pico: entrevista al escritor Rafael Reig<\/li>\n<\/ul>\n<p>RECENSIONI<\/p>\n<ul>\n<li style=\"text-align: justify;\">Rafael Reig, El r\u00edo de cenizas [Rodrigo Bacigalupe Echevarr\u00eda]<\/li>\n<li style=\"text-align: justify;\">David Trueba, Queridos ni\u00f1os [Danilo Manera]<\/li>\n<li style=\"text-align: justify;\">Miguel \u00c1ngel Oeste, Vengo de ese miedo [Maria Maffei]<\/li>\n<li style=\"text-align: justify;\">Ana Iris Sim\u00f3n, Feria [Danilo Manera]<\/li>\n<li style=\"text-align: justify;\">Jos\u00e9 Lara Garrido, Bel\u00e9n Molina Huete y Pedro J. Plaza Gonz\u00e1lez (eds.), \u00abEn s\u00ed perdura\u00bb: Tradici\u00f3n y modernidad en la obra de Rafael Ballesteros [Francisco Rodr\u00edguez S\u00e1nchez]<\/li>\n<li style=\"text-align: justify;\">Antonio Jim\u00e9nez Mill\u00e1n, Memoria del agua (Poemas sobre Granada) [Antonio D\u00edaz Mola]<\/li>\n<li style=\"text-align: justify;\">Luis M. Iruela, Disclinaciones [Francisco Torres Monreal]<\/li>\n<li style=\"text-align: justify;\">Manuel Aznar Soler (ed.), Max Aub y Guillermo de Torre. Epistolario, 1944-1968 [Gaia Biffi]<\/li>\n<li style=\"text-align: justify;\">Luc\u00eda Estrada, La noche en el espejo [Diego A. V\u00e9lez]<\/li>\n<li style=\"text-align: justify;\">Emilia Pereyra, El coraz\u00f3n de la revuelta [Danilo Manera]<\/li>\n<li style=\"text-align: justify;\">Jos\u00e9 Manuel Maroto Blanco, Karidjatou Diallo y Bi Dromb\u00e9 Djandu\u00e9 (eds.), Historia de unas letras Nzassa. Trayectoria de la literatura marfile\u00f1a en lengua espa\u00f1ola [Droh Jo\u00ebl Arnauld Keffa]<\/li>\n<\/ul>\n<p><strong>RIFERIMENTI BIBLIOGRAFICI<\/strong><\/p>\n<p>Prezzo cartaceo: 25,00\u00a0\u20ac<\/p>","protected":false},"excerpt":{"rendered":"<p>ARTICOLI Alessandro Cassol, Le linee del tempo, dello spazio e dell\u2019amore. Una lettura di La geometr\u00eda del trigo di Alberto<\/p>","protected":false},"featured_media":55225,"comment_status":"open","ping_status":"closed","template":"","meta":{"_acf_changed":false},"product_brand":[],"product_cat":[1292],"product_tag":[1296,1295,1294],"class_list":{"0":"post-55224","1":"product","2":"type-product","3":"status-publish","4":"has-post-thumbnail","6":"product_cat-tintas","7":"product_tag-lingue-iberiche","8":"product_tag-portogallo","9":"product_tag-spagna","10":"pa_formato-cartaceo","11":"pa_lingua-spagnolo","13":"first","14":"instock","15":"featured","16":"shipping-taxable","17":"purchasable","18":"product-type-simple"},"acf":[],"yoast_head":"<!-- This site is optimized with the Yoast SEO plugin v27.4 - https:\/\/yoast.com\/product\/yoast-seo-wordpress\/ -->\n<title>TINTAS - III serie, n. 11, 2022 -<\/title>\n<meta name=\"description\" content=\"Ledizioni - Innovative Publishing. Casa editrice universitaria. Open Access. eBook, ePub. Creative Commons.\" \/>\n<meta name=\"robots\" content=\"index, follow, max-snippet:-1, max-image-preview:large, max-video-preview:-1\" \/>\n<link rel=\"canonical\" href=\"https:\/\/www.ledizioni.it\/en\/product\/tintas-iii-serie-n-11-2022\/\" \/>\n<meta property=\"og:locale\" content=\"en_GB\" \/>\n<meta property=\"og:type\" content=\"article\" \/>\n<meta property=\"og:title\" content=\"TINTAS - III serie, n. 11, 2022 -\" \/>\n<meta property=\"og:description\" content=\"Ledizioni - Innovative Publishing. Casa editrice universitaria. Open Access. eBook, ePub. Creative Commons.\" \/>\n<meta property=\"og:url\" content=\"https:\/\/www.ledizioni.it\/en\/product\/tintas-iii-serie-n-11-2022\/\" \/>\n<meta property=\"og:site_name\" content=\"Ledizioni\" \/>\n<meta property=\"article:publisher\" content=\"https:\/\/www.facebook.com\/pages\/Ledizioni-LediPublishing\/109120559173329\" \/>\n<meta property=\"article:modified_time\" content=\"2023-03-10T11:06:02+00:00\" \/>\n<meta property=\"og:image\" content=\"https:\/\/www.ledizioni.it\/stag\/wp-content\/uploads\/2023\/03\/Copertina_Tintas11-3D.jpg\" \/>\n\t<meta property=\"og:image:width\" content=\"1510\" \/>\n\t<meta property=\"og:image:height\" content=\"1980\" \/>\n\t<meta property=\"og:image:type\" content=\"image\/jpeg\" \/>\n<meta name=\"twitter:card\" content=\"summary_large_image\" \/>\n<meta name=\"twitter:site\" content=\"@ledizioni\" \/>\n<meta name=\"twitter:label1\" content=\"Estimated reading time\" \/>\n\t<meta name=\"twitter:data1\" content=\"2 minutes\" \/>\n<script type=\"application\/ld+json\" class=\"yoast-schema-graph\">{\"@context\":\"https:\\\/\\\/schema.org\",\"@graph\":[{\"@type\":\"WebPage\",\"@id\":\"https:\\\/\\\/www.ledizioni.it\\\/en\\\/product\\\/tintas-iii-serie-n-11-2022\\\/\",\"url\":\"https:\\\/\\\/www.ledizioni.it\\\/en\\\/product\\\/tintas-iii-serie-n-11-2022\\\/\",\"name\":\"TINTAS - III serie, n. 11, 2022 -\",\"isPartOf\":{\"@id\":\"https:\\\/\\\/www.ledizioni.it\\\/#website\"},\"primaryImageOfPage\":{\"@id\":\"https:\\\/\\\/www.ledizioni.it\\\/en\\\/product\\\/tintas-iii-serie-n-11-2022\\\/#primaryimage\"},\"image\":{\"@id\":\"https:\\\/\\\/www.ledizioni.it\\\/en\\\/product\\\/tintas-iii-serie-n-11-2022\\\/#primaryimage\"},\"thumbnailUrl\":\"https:\\\/\\\/www.ledizioni.it\\\/stag\\\/wp-content\\\/uploads\\\/2023\\\/03\\\/Copertina_Tintas11-3D.jpg\",\"datePublished\":\"2023-03-10T11:02:26+00:00\",\"dateModified\":\"2023-03-10T11:06:02+00:00\",\"description\":\"Ledizioni - Innovative Publishing. Casa editrice universitaria. Open Access. eBook, ePub. Creative Commons.\",\"breadcrumb\":{\"@id\":\"https:\\\/\\\/www.ledizioni.it\\\/en\\\/product\\\/tintas-iii-serie-n-11-2022\\\/#breadcrumb\"},\"inLanguage\":\"en-GB\",\"potentialAction\":[{\"@type\":\"ReadAction\",\"target\":[\"https:\\\/\\\/www.ledizioni.it\\\/en\\\/product\\\/tintas-iii-serie-n-11-2022\\\/\"]}]},{\"@type\":\"ImageObject\",\"inLanguage\":\"en-GB\",\"@id\":\"https:\\\/\\\/www.ledizioni.it\\\/en\\\/product\\\/tintas-iii-serie-n-11-2022\\\/#primaryimage\",\"url\":\"https:\\\/\\\/www.ledizioni.it\\\/stag\\\/wp-content\\\/uploads\\\/2023\\\/03\\\/Copertina_Tintas11-3D.jpg\",\"contentUrl\":\"https:\\\/\\\/www.ledizioni.it\\\/stag\\\/wp-content\\\/uploads\\\/2023\\\/03\\\/Copertina_Tintas11-3D.jpg\",\"width\":1510,\"height\":1980},{\"@type\":\"BreadcrumbList\",\"@id\":\"https:\\\/\\\/www.ledizioni.it\\\/en\\\/product\\\/tintas-iii-serie-n-11-2022\\\/#breadcrumb\",\"itemListElement\":[{\"@type\":\"ListItem\",\"position\":1,\"name\":\"Shop\",\"item\":\"https:\\\/\\\/www.ledizioni.it\\\/shop-2\\\/\"},{\"@type\":\"ListItem\",\"position\":2,\"name\":\"TINTAS &#8211; III serie, n. 11, 2022\"}]},{\"@type\":\"WebSite\",\"@id\":\"https:\\\/\\\/www.ledizioni.it\\\/#website\",\"url\":\"https:\\\/\\\/www.ledizioni.it\\\/\",\"name\":\"Ledizioni\",\"description\":\"The Innovative LediPublishing Company - Casa Editrice Universitaria\",\"publisher\":{\"@id\":\"https:\\\/\\\/www.ledizioni.it\\\/#organization\"},\"potentialAction\":[{\"@type\":\"SearchAction\",\"target\":{\"@type\":\"EntryPoint\",\"urlTemplate\":\"https:\\\/\\\/www.ledizioni.it\\\/?s={search_term_string}\"},\"query-input\":{\"@type\":\"PropertyValueSpecification\",\"valueRequired\":true,\"valueName\":\"search_term_string\"}}],\"inLanguage\":\"en-GB\"},{\"@type\":\"Organization\",\"@id\":\"https:\\\/\\\/www.ledizioni.it\\\/#organization\",\"name\":\"Ledizioni\",\"url\":\"https:\\\/\\\/www.ledizioni.it\\\/\",\"logo\":{\"@type\":\"ImageObject\",\"inLanguage\":\"en-GB\",\"@id\":\"https:\\\/\\\/www.ledizioni.it\\\/#\\\/schema\\\/logo\\\/image\\\/\",\"url\":\"https:\\\/\\\/www.ledizioni.it\\\/stag\\\/wp-content\\\/uploads\\\/2023\\\/10\\\/newlogoledizioni500x110_2-1.jpg\",\"contentUrl\":\"https:\\\/\\\/www.ledizioni.it\\\/stag\\\/wp-content\\\/uploads\\\/2023\\\/10\\\/newlogoledizioni500x110_2-1.jpg\",\"width\":354,\"height\":87,\"caption\":\"Ledizioni\"},\"image\":{\"@id\":\"https:\\\/\\\/www.ledizioni.it\\\/#\\\/schema\\\/logo\\\/image\\\/\"},\"sameAs\":[\"https:\\\/\\\/www.facebook.com\\\/pages\\\/Ledizioni-LediPublishing\\\/109120559173329\",\"https:\\\/\\\/x.com\\\/ledizioni\"]}]}<\/script>\n<!-- \/ Yoast SEO plugin. -->","yoast_head_json":{"title":"TINTAS - III serie, n. 11, 2022 -","description":"Ledizioni - Innovative Publishing. Casa editrice universitaria. Open Access. eBook, ePub. Creative Commons.","robots":{"index":"index","follow":"follow","max-snippet":"max-snippet:-1","max-image-preview":"max-image-preview:large","max-video-preview":"max-video-preview:-1"},"canonical":"https:\/\/www.ledizioni.it\/en\/product\/tintas-iii-serie-n-11-2022\/","og_locale":"en_GB","og_type":"article","og_title":"TINTAS - III serie, n. 11, 2022 -","og_description":"Ledizioni - Innovative Publishing. Casa editrice universitaria. Open Access. eBook, ePub. Creative Commons.","og_url":"https:\/\/www.ledizioni.it\/en\/product\/tintas-iii-serie-n-11-2022\/","og_site_name":"Ledizioni","article_publisher":"https:\/\/www.facebook.com\/pages\/Ledizioni-LediPublishing\/109120559173329","article_modified_time":"2023-03-10T11:06:02+00:00","og_image":[{"width":1510,"height":1980,"url":"https:\/\/www.ledizioni.it\/stag\/wp-content\/uploads\/2023\/03\/Copertina_Tintas11-3D.jpg","type":"image\/jpeg"}],"twitter_card":"summary_large_image","twitter_site":"@ledizioni","twitter_misc":{"Estimated reading time":"2 minutes"},"schema":{"@context":"https:\/\/schema.org","@graph":[{"@type":"WebPage","@id":"https:\/\/www.ledizioni.it\/en\/product\/tintas-iii-serie-n-11-2022\/","url":"https:\/\/www.ledizioni.it\/en\/product\/tintas-iii-serie-n-11-2022\/","name":"TINTAS - III serie, n. 11, 2022 -","isPartOf":{"@id":"https:\/\/www.ledizioni.it\/#website"},"primaryImageOfPage":{"@id":"https:\/\/www.ledizioni.it\/en\/product\/tintas-iii-serie-n-11-2022\/#primaryimage"},"image":{"@id":"https:\/\/www.ledizioni.it\/en\/product\/tintas-iii-serie-n-11-2022\/#primaryimage"},"thumbnailUrl":"https:\/\/www.ledizioni.it\/stag\/wp-content\/uploads\/2023\/03\/Copertina_Tintas11-3D.jpg","datePublished":"2023-03-10T11:02:26+00:00","dateModified":"2023-03-10T11:06:02+00:00","description":"Ledizioni - Innovative Publishing. Casa editrice universitaria. Open Access. eBook, ePub. Creative Commons.","breadcrumb":{"@id":"https:\/\/www.ledizioni.it\/en\/product\/tintas-iii-serie-n-11-2022\/#breadcrumb"},"inLanguage":"en-GB","potentialAction":[{"@type":"ReadAction","target":["https:\/\/www.ledizioni.it\/en\/product\/tintas-iii-serie-n-11-2022\/"]}]},{"@type":"ImageObject","inLanguage":"en-GB","@id":"https:\/\/www.ledizioni.it\/en\/product\/tintas-iii-serie-n-11-2022\/#primaryimage","url":"https:\/\/www.ledizioni.it\/stag\/wp-content\/uploads\/2023\/03\/Copertina_Tintas11-3D.jpg","contentUrl":"https:\/\/www.ledizioni.it\/stag\/wp-content\/uploads\/2023\/03\/Copertina_Tintas11-3D.jpg","width":1510,"height":1980},{"@type":"BreadcrumbList","@id":"https:\/\/www.ledizioni.it\/en\/product\/tintas-iii-serie-n-11-2022\/#breadcrumb","itemListElement":[{"@type":"ListItem","position":1,"name":"Shop","item":"https:\/\/www.ledizioni.it\/shop-2\/"},{"@type":"ListItem","position":2,"name":"TINTAS &#8211; III serie, n. 11, 2022"}]},{"@type":"WebSite","@id":"https:\/\/www.ledizioni.it\/#website","url":"https:\/\/www.ledizioni.it\/","name":"Ledizioni","description":"The Innovative LediPublishing Company - Casa Editrice Universitaria","publisher":{"@id":"https:\/\/www.ledizioni.it\/#organization"},"potentialAction":[{"@type":"SearchAction","target":{"@type":"EntryPoint","urlTemplate":"https:\/\/www.ledizioni.it\/?s={search_term_string}"},"query-input":{"@type":"PropertyValueSpecification","valueRequired":true,"valueName":"search_term_string"}}],"inLanguage":"en-GB"},{"@type":"Organization","@id":"https:\/\/www.ledizioni.it\/#organization","name":"Ledizioni","url":"https:\/\/www.ledizioni.it\/","logo":{"@type":"ImageObject","inLanguage":"en-GB","@id":"https:\/\/www.ledizioni.it\/#\/schema\/logo\/image\/","url":"https:\/\/www.ledizioni.it\/stag\/wp-content\/uploads\/2023\/10\/newlogoledizioni500x110_2-1.jpg","contentUrl":"https:\/\/www.ledizioni.it\/stag\/wp-content\/uploads\/2023\/10\/newlogoledizioni500x110_2-1.jpg","width":354,"height":87,"caption":"Ledizioni"},"image":{"@id":"https:\/\/www.ledizioni.it\/#\/schema\/logo\/image\/"},"sameAs":["https:\/\/www.facebook.com\/pages\/Ledizioni-LediPublishing\/109120559173329","https:\/\/x.com\/ledizioni"]}]}},"jetpack_sharing_enabled":true,"_links":{"self":[{"href":"https:\/\/www.ledizioni.it\/en\/wp-json\/wp\/v2\/product\/55224","targetHints":{"allow":["GET"]}}],"collection":[{"href":"https:\/\/www.ledizioni.it\/en\/wp-json\/wp\/v2\/product"}],"about":[{"href":"https:\/\/www.ledizioni.it\/en\/wp-json\/wp\/v2\/types\/product"}],"replies":[{"embeddable":true,"href":"https:\/\/www.ledizioni.it\/en\/wp-json\/wp\/v2\/comments?post=55224"}],"version-history":[{"count":0,"href":"https:\/\/www.ledizioni.it\/en\/wp-json\/wp\/v2\/product\/55224\/revisions"}],"wp:featuredmedia":[{"embeddable":true,"href":"https:\/\/www.ledizioni.it\/en\/wp-json\/wp\/v2\/media\/55225"}],"wp:attachment":[{"href":"https:\/\/www.ledizioni.it\/en\/wp-json\/wp\/v2\/media?parent=55224"}],"wp:term":[{"taxonomy":"product_brand","embeddable":true,"href":"https:\/\/www.ledizioni.it\/en\/wp-json\/wp\/v2\/product_brand?post=55224"},{"taxonomy":"product_cat","embeddable":true,"href":"https:\/\/www.ledizioni.it\/en\/wp-json\/wp\/v2\/product_cat?post=55224"},{"taxonomy":"product_tag","embeddable":true,"href":"https:\/\/www.ledizioni.it\/en\/wp-json\/wp\/v2\/product_tag?post=55224"}],"curies":[{"name":"wp","href":"https:\/\/api.w.org\/{rel}","templated":true}]}}