{"id":55286,"date":"2023-03-16T15:13:03","date_gmt":"2023-03-16T13:13:03","guid":{"rendered":"https:\/\/www.ledizioni.it\/?post_type=product&#038;p=55286"},"modified":"2023-07-28T16:59:38","modified_gmt":"2023-07-28T14:59:38","slug":"turismo-sostenibilita-e-comunita","status":"publish","type":"product","link":"https:\/\/www.ledizioni.it\/en\/product\/turismo-sostenibilita-e-comunita\/","title":{"rendered":"TURISMO SOSTENIBILIT\u00c0 E COMUNIT\u00c0"},"content":{"rendered":"<p style=\"text-align: justify;\">Il turismo \u00e8 una delle attivit\u00e0 da cui dipende, in misura non secondaria, la sostenibilit\u00e0 del modello di sviluppo a scala globale, come pure a quella dei singoli paesi, regioni e territori. Esso rappresenta una forma di mobilit\u00e0 che ha visto una intensa crescita negli ultimi decenni ed \u00e8 un comparto economico importante per molti contesti. Le modalit\u00e0 con cui si esplica stanno cambiando rapidamente, ma \u00e8 ancora fortemente presente una forma di turismo massificato, interessato unicamente alla redditivit\u00e0 degli investimenti e poco attento agli impatti sull\u2019ambiente, i territori e le popolazioni su cui incide. Il libro affronta i temi del turismo sostenibile, sottolineando la necessit\u00e0 di un equilibrio tra le diverse dimensioni in cui la sostenibilit\u00e0 si articola, nella prospettiva indicata dall\u2019Agenda 2030 dell\u2019ONU e dai 17 obiettivi per lo sviluppo sostenibile. Il testo affronta dapprima la definizione del turismo e della sua evoluzione, mettendo poi l\u2019accento sulle forme alternative orientate alla sostenibilit\u00e0, specificando le forme concrete in cui esse possono essere realizzate. Aspetti fondamentali di queste sono l\u2019apporto del turismo allo sviluppo locale delle comunit\u00e0 ospitanti, la presenza di una governance consapevole ed efficace, il contributo delle donne alla costruzione di comunit\u00e0 sostenibili. Inoltre, vengono specificate le caratteristiche che il turismo sostenibile pu\u00f2 assumere in diversi contesti: urbani, rurali, nei paesi a basso reddito. Nella parte finale del volume sono illustrate le linee delle politiche italiane ed europee sul turismo, sono indicate fonti di dati per l\u2019approfondimento delle diverse tematiche, sono trattati alcuni strumenti per migliorare la sostenibilit\u00e0 dell\u2019attivit\u00e0 turistica.<br \/>\nIl libro \u00e8 rivolto non solo agli studenti, ma anche ad operatori del settore, funzionari pubblici e di terzo settore interessati ad approfondire i temi del turismo, con un orientamento alla sua sostenibilit\u00e0, in tutti gli aspetti che concorrono a garantirla.<\/p>\n<p><strong>DATI BIBLIOGRAFICI<\/strong><br \/>\nAutori: Nunzia Borrelli, Alfredo Mela, Giulia Mura. Con un contributo di Elisabetta Ruspini<br \/>\nEditore: Ledizioni<br \/>\nPubblicato nel: marzo 2023<br \/>\nCollana: <a href=\"https:\/\/www.ledizioni.it\/en\/product-category\/sociology\/interventions\/\">Interventions<\/a><br \/>\nFormato: brossura, 210 p.<br \/>\nISBN: 978-88-5526-872-1<br \/>\nPrezzo: 18,00 \u20ac<br \/>\n<a href=\"http:\/\/digital.casalini.it\/9788855268721\"><img decoding=\"async\" class=\"aligncenter wp-image-23912\" src=\"https:\/\/www.ledizioni.it\/stag\/wp-content\/uploads\/2019\/07\/torrossa_web-150x80.jpg\" alt=\"\" width=\"200\" height=\"60\" \/><\/a><\/p>","protected":false},"excerpt":{"rendered":"<p>Il turismo \u00e8 una delle attivit\u00e0 da cui dipende, in misura non secondaria, la sostenibilit\u00e0 del modello di sviluppo a<\/p>","protected":false},"featured_media":55287,"comment_status":"open","ping_status":"closed","template":"","meta":{"_acf_changed":false},"product_brand":[],"product_cat":[2456,26],"product_tag":[2650,2691],"class_list":{"0":"post-55286","1":"product","2":"type-product","3":"status-publish","4":"has-post-thumbnail","6":"product_cat-beni","7":"product_cat-interventions","8":"product_tag-sostenibilita","9":"product_tag-turismo","11":"first","12":"instock","13":"featured","14":"shipping-taxable","15":"purchasable","16":"product-type-simple"},"acf":[],"yoast_head":"<!-- This site is optimized with the Yoast SEO plugin v27.3 - https:\/\/yoast.com\/product\/yoast-seo-wordpress\/ -->\n<title>TURISMO SOSTENIBILIT\u00c0 E COMUNIT\u00c0 -<\/title>\n<meta name=\"description\" content=\"Ledizioni - Innovative Publishing. Casa editrice universitaria. Open Access. eBook, ePub. Creative Commons.\" \/>\n<meta name=\"robots\" content=\"index, follow, max-snippet:-1, max-image-preview:large, max-video-preview:-1\" \/>\n<link rel=\"canonical\" href=\"https:\/\/www.ledizioni.it\/en\/product\/turismo-sostenibilita-e-comunita\/\" \/>\n<meta property=\"og:locale\" content=\"en_GB\" \/>\n<meta property=\"og:type\" content=\"article\" \/>\n<meta property=\"og:title\" content=\"TURISMO SOSTENIBILIT\u00c0 E COMUNIT\u00c0 -\" \/>\n<meta property=\"og:description\" content=\"Ledizioni - Innovative Publishing. Casa editrice universitaria. Open Access. eBook, ePub. Creative Commons.\" \/>\n<meta property=\"og:url\" content=\"https:\/\/www.ledizioni.it\/en\/product\/turismo-sostenibilita-e-comunita\/\" \/>\n<meta property=\"og:site_name\" content=\"Ledizioni\" \/>\n<meta property=\"article:publisher\" content=\"https:\/\/www.facebook.com\/pages\/Ledizioni-LediPublishing\/109120559173329\" \/>\n<meta property=\"article:modified_time\" content=\"2023-07-28T14:59:38+00:00\" \/>\n<meta property=\"og:image\" content=\"https:\/\/www.ledizioni.it\/stag\/wp-content\/uploads\/2023\/03\/copertina_borrelli-3D.jpg\" \/>\n\t<meta property=\"og:image:width\" content=\"1528\" \/>\n\t<meta property=\"og:image:height\" content=\"1962\" \/>\n\t<meta property=\"og:image:type\" content=\"image\/jpeg\" \/>\n<meta name=\"twitter:card\" content=\"summary_large_image\" \/>\n<meta name=\"twitter:site\" content=\"@ledizioni\" \/>\n<meta name=\"twitter:label1\" content=\"Estimated reading time\" \/>\n\t<meta name=\"twitter:data1\" content=\"2 minutes\" \/>\n<script type=\"application\/ld+json\" class=\"yoast-schema-graph\">{\"@context\":\"https:\\\/\\\/schema.org\",\"@graph\":[{\"@type\":\"WebPage\",\"@id\":\"https:\\\/\\\/www.ledizioni.it\\\/en\\\/product\\\/turismo-sostenibilita-e-comunita\\\/\",\"url\":\"https:\\\/\\\/www.ledizioni.it\\\/en\\\/product\\\/turismo-sostenibilita-e-comunita\\\/\",\"name\":\"TURISMO SOSTENIBILIT\u00c0 E COMUNIT\u00c0 -\",\"isPartOf\":{\"@id\":\"https:\\\/\\\/www.ledizioni.it\\\/#website\"},\"primaryImageOfPage\":{\"@id\":\"https:\\\/\\\/www.ledizioni.it\\\/en\\\/product\\\/turismo-sostenibilita-e-comunita\\\/#primaryimage\"},\"image\":{\"@id\":\"https:\\\/\\\/www.ledizioni.it\\\/en\\\/product\\\/turismo-sostenibilita-e-comunita\\\/#primaryimage\"},\"thumbnailUrl\":\"https:\\\/\\\/www.ledizioni.it\\\/stag\\\/wp-content\\\/uploads\\\/2023\\\/03\\\/copertina_borrelli-3D.jpg\",\"datePublished\":\"2023-03-16T13:13:03+00:00\",\"dateModified\":\"2023-07-28T14:59:38+00:00\",\"description\":\"Ledizioni - Innovative Publishing. Casa editrice universitaria. Open Access. eBook, ePub. Creative Commons.\",\"breadcrumb\":{\"@id\":\"https:\\\/\\\/www.ledizioni.it\\\/en\\\/product\\\/turismo-sostenibilita-e-comunita\\\/#breadcrumb\"},\"inLanguage\":\"en-GB\",\"potentialAction\":[{\"@type\":\"ReadAction\",\"target\":[\"https:\\\/\\\/www.ledizioni.it\\\/en\\\/product\\\/turismo-sostenibilita-e-comunita\\\/\"]}]},{\"@type\":\"ImageObject\",\"inLanguage\":\"en-GB\",\"@id\":\"https:\\\/\\\/www.ledizioni.it\\\/en\\\/product\\\/turismo-sostenibilita-e-comunita\\\/#primaryimage\",\"url\":\"https:\\\/\\\/www.ledizioni.it\\\/stag\\\/wp-content\\\/uploads\\\/2023\\\/03\\\/copertina_borrelli-3D.jpg\",\"contentUrl\":\"https:\\\/\\\/www.ledizioni.it\\\/stag\\\/wp-content\\\/uploads\\\/2023\\\/03\\\/copertina_borrelli-3D.jpg\",\"width\":1528,\"height\":1962},{\"@type\":\"BreadcrumbList\",\"@id\":\"https:\\\/\\\/www.ledizioni.it\\\/en\\\/product\\\/turismo-sostenibilita-e-comunita\\\/#breadcrumb\",\"itemListElement\":[{\"@type\":\"ListItem\",\"position\":1,\"name\":\"Shop\",\"item\":\"https:\\\/\\\/www.ledizioni.it\\\/shop-2\\\/\"},{\"@type\":\"ListItem\",\"position\":2,\"name\":\"TURISMO SOSTENIBILIT\u00c0 E COMUNIT\u00c0\"}]},{\"@type\":\"WebSite\",\"@id\":\"https:\\\/\\\/www.ledizioni.it\\\/#website\",\"url\":\"https:\\\/\\\/www.ledizioni.it\\\/\",\"name\":\"Ledizioni\",\"description\":\"The Innovative LediPublishing Company - Casa Editrice Universitaria\",\"publisher\":{\"@id\":\"https:\\\/\\\/www.ledizioni.it\\\/#organization\"},\"potentialAction\":[{\"@type\":\"SearchAction\",\"target\":{\"@type\":\"EntryPoint\",\"urlTemplate\":\"https:\\\/\\\/www.ledizioni.it\\\/?s={search_term_string}\"},\"query-input\":{\"@type\":\"PropertyValueSpecification\",\"valueRequired\":true,\"valueName\":\"search_term_string\"}}],\"inLanguage\":\"en-GB\"},{\"@type\":\"Organization\",\"@id\":\"https:\\\/\\\/www.ledizioni.it\\\/#organization\",\"name\":\"Ledizioni\",\"url\":\"https:\\\/\\\/www.ledizioni.it\\\/\",\"logo\":{\"@type\":\"ImageObject\",\"inLanguage\":\"en-GB\",\"@id\":\"https:\\\/\\\/www.ledizioni.it\\\/#\\\/schema\\\/logo\\\/image\\\/\",\"url\":\"https:\\\/\\\/www.ledizioni.it\\\/stag\\\/wp-content\\\/uploads\\\/2023\\\/10\\\/newlogoledizioni500x110_2-1.jpg\",\"contentUrl\":\"https:\\\/\\\/www.ledizioni.it\\\/stag\\\/wp-content\\\/uploads\\\/2023\\\/10\\\/newlogoledizioni500x110_2-1.jpg\",\"width\":354,\"height\":87,\"caption\":\"Ledizioni\"},\"image\":{\"@id\":\"https:\\\/\\\/www.ledizioni.it\\\/#\\\/schema\\\/logo\\\/image\\\/\"},\"sameAs\":[\"https:\\\/\\\/www.facebook.com\\\/pages\\\/Ledizioni-LediPublishing\\\/109120559173329\",\"https:\\\/\\\/x.com\\\/ledizioni\"]}]}<\/script>\n<!-- \/ Yoast SEO plugin. -->","yoast_head_json":{"title":"TURISMO SOSTENIBILIT\u00c0 E COMUNIT\u00c0 -","description":"Ledizioni - Innovative Publishing. Casa editrice universitaria. Open Access. eBook, ePub. Creative Commons.","robots":{"index":"index","follow":"follow","max-snippet":"max-snippet:-1","max-image-preview":"max-image-preview:large","max-video-preview":"max-video-preview:-1"},"canonical":"https:\/\/www.ledizioni.it\/en\/product\/turismo-sostenibilita-e-comunita\/","og_locale":"en_GB","og_type":"article","og_title":"TURISMO SOSTENIBILIT\u00c0 E COMUNIT\u00c0 -","og_description":"Ledizioni - Innovative Publishing. Casa editrice universitaria. Open Access. eBook, ePub. Creative Commons.","og_url":"https:\/\/www.ledizioni.it\/en\/product\/turismo-sostenibilita-e-comunita\/","og_site_name":"Ledizioni","article_publisher":"https:\/\/www.facebook.com\/pages\/Ledizioni-LediPublishing\/109120559173329","article_modified_time":"2023-07-28T14:59:38+00:00","og_image":[{"width":1528,"height":1962,"url":"https:\/\/www.ledizioni.it\/stag\/wp-content\/uploads\/2023\/03\/copertina_borrelli-3D.jpg","type":"image\/jpeg"}],"twitter_card":"summary_large_image","twitter_site":"@ledizioni","twitter_misc":{"Estimated reading time":"2 minutes"},"schema":{"@context":"https:\/\/schema.org","@graph":[{"@type":"WebPage","@id":"https:\/\/www.ledizioni.it\/en\/product\/turismo-sostenibilita-e-comunita\/","url":"https:\/\/www.ledizioni.it\/en\/product\/turismo-sostenibilita-e-comunita\/","name":"TURISMO SOSTENIBILIT\u00c0 E COMUNIT\u00c0 -","isPartOf":{"@id":"https:\/\/www.ledizioni.it\/#website"},"primaryImageOfPage":{"@id":"https:\/\/www.ledizioni.it\/en\/product\/turismo-sostenibilita-e-comunita\/#primaryimage"},"image":{"@id":"https:\/\/www.ledizioni.it\/en\/product\/turismo-sostenibilita-e-comunita\/#primaryimage"},"thumbnailUrl":"https:\/\/www.ledizioni.it\/stag\/wp-content\/uploads\/2023\/03\/copertina_borrelli-3D.jpg","datePublished":"2023-03-16T13:13:03+00:00","dateModified":"2023-07-28T14:59:38+00:00","description":"Ledizioni - Innovative Publishing. Casa editrice universitaria. Open Access. eBook, ePub. Creative Commons.","breadcrumb":{"@id":"https:\/\/www.ledizioni.it\/en\/product\/turismo-sostenibilita-e-comunita\/#breadcrumb"},"inLanguage":"en-GB","potentialAction":[{"@type":"ReadAction","target":["https:\/\/www.ledizioni.it\/en\/product\/turismo-sostenibilita-e-comunita\/"]}]},{"@type":"ImageObject","inLanguage":"en-GB","@id":"https:\/\/www.ledizioni.it\/en\/product\/turismo-sostenibilita-e-comunita\/#primaryimage","url":"https:\/\/www.ledizioni.it\/stag\/wp-content\/uploads\/2023\/03\/copertina_borrelli-3D.jpg","contentUrl":"https:\/\/www.ledizioni.it\/stag\/wp-content\/uploads\/2023\/03\/copertina_borrelli-3D.jpg","width":1528,"height":1962},{"@type":"BreadcrumbList","@id":"https:\/\/www.ledizioni.it\/en\/product\/turismo-sostenibilita-e-comunita\/#breadcrumb","itemListElement":[{"@type":"ListItem","position":1,"name":"Shop","item":"https:\/\/www.ledizioni.it\/shop-2\/"},{"@type":"ListItem","position":2,"name":"TURISMO SOSTENIBILIT\u00c0 E COMUNIT\u00c0"}]},{"@type":"WebSite","@id":"https:\/\/www.ledizioni.it\/#website","url":"https:\/\/www.ledizioni.it\/","name":"Ledizioni","description":"The Innovative LediPublishing Company - Casa Editrice Universitaria","publisher":{"@id":"https:\/\/www.ledizioni.it\/#organization"},"potentialAction":[{"@type":"SearchAction","target":{"@type":"EntryPoint","urlTemplate":"https:\/\/www.ledizioni.it\/?s={search_term_string}"},"query-input":{"@type":"PropertyValueSpecification","valueRequired":true,"valueName":"search_term_string"}}],"inLanguage":"en-GB"},{"@type":"Organization","@id":"https:\/\/www.ledizioni.it\/#organization","name":"Ledizioni","url":"https:\/\/www.ledizioni.it\/","logo":{"@type":"ImageObject","inLanguage":"en-GB","@id":"https:\/\/www.ledizioni.it\/#\/schema\/logo\/image\/","url":"https:\/\/www.ledizioni.it\/stag\/wp-content\/uploads\/2023\/10\/newlogoledizioni500x110_2-1.jpg","contentUrl":"https:\/\/www.ledizioni.it\/stag\/wp-content\/uploads\/2023\/10\/newlogoledizioni500x110_2-1.jpg","width":354,"height":87,"caption":"Ledizioni"},"image":{"@id":"https:\/\/www.ledizioni.it\/#\/schema\/logo\/image\/"},"sameAs":["https:\/\/www.facebook.com\/pages\/Ledizioni-LediPublishing\/109120559173329","https:\/\/x.com\/ledizioni"]}]}},"jetpack_sharing_enabled":true,"_links":{"self":[{"href":"https:\/\/www.ledizioni.it\/en\/wp-json\/wp\/v2\/product\/55286","targetHints":{"allow":["GET"]}}],"collection":[{"href":"https:\/\/www.ledizioni.it\/en\/wp-json\/wp\/v2\/product"}],"about":[{"href":"https:\/\/www.ledizioni.it\/en\/wp-json\/wp\/v2\/types\/product"}],"replies":[{"embeddable":true,"href":"https:\/\/www.ledizioni.it\/en\/wp-json\/wp\/v2\/comments?post=55286"}],"version-history":[{"count":1,"href":"https:\/\/www.ledizioni.it\/en\/wp-json\/wp\/v2\/product\/55286\/revisions"}],"predecessor-version":[{"id":57162,"href":"https:\/\/www.ledizioni.it\/en\/wp-json\/wp\/v2\/product\/55286\/revisions\/57162"}],"wp:featuredmedia":[{"embeddable":true,"href":"https:\/\/www.ledizioni.it\/en\/wp-json\/wp\/v2\/media\/55287"}],"wp:attachment":[{"href":"https:\/\/www.ledizioni.it\/en\/wp-json\/wp\/v2\/media?parent=55286"}],"wp:term":[{"taxonomy":"product_brand","embeddable":true,"href":"https:\/\/www.ledizioni.it\/en\/wp-json\/wp\/v2\/product_brand?post=55286"},{"taxonomy":"product_cat","embeddable":true,"href":"https:\/\/www.ledizioni.it\/en\/wp-json\/wp\/v2\/product_cat?post=55286"},{"taxonomy":"product_tag","embeddable":true,"href":"https:\/\/www.ledizioni.it\/en\/wp-json\/wp\/v2\/product_tag?post=55286"}],"curies":[{"name":"wp","href":"https:\/\/api.w.org\/{rel}","templated":true}]}}