{"id":55346,"date":"2023-03-20T12:59:34","date_gmt":"2023-03-20T10:59:34","guid":{"rendered":"https:\/\/www.ledizioni.it\/?post_type=product&#038;p=55346"},"modified":"2024-05-09T15:40:53","modified_gmt":"2024-05-09T13:40:53","slug":"le-viventi","status":"publish","type":"product","link":"https:\/\/www.ledizioni.it\/en\/product\/le-viventi\/","title":{"rendered":"LE VIVENTI"},"content":{"rendered":"<p style=\"text-align: justify;\">17 aprile 1975. I Khmer rossi seguaci di Pol Pot entrano a Phnom Pehn senza incontrare resistenza. S\u2019instaura cos\u00ec il regime comunista cambogiano che dall\u2019aprile del 1975 al gennaio del 1979 dar\u00e0 compimento al massacro di un milione e mezzo di persone. \u00c8 in questa cornice storica che Richard Rechtman racconta le vicissitudini delle vittime del genocidio.<br \/>\nNel fare ci\u00f2, l\u2019antropologo francese sceglie di assumere la voce delle sopravvissute incontrate e intervistate durante gli anni di ricerca etnografica. Il loro punto di vista viene condensato in un\u2019unica voce narrante. Una voce corale che veicola le storie di violenze efferate, lavori forzati, violazione dei diritti umani e delle dignit\u00e0 fondamentali; atti che riducono la soggettivit\u00e0 a mero oggetto, reificandola nella glaciale ontologia delle cose, dei cadaveri lasciati senza degna sepoltura. L\u2019uso della prima persona, lungi da essere uno scandalo etnografico, diventa cos\u00ec l\u2019unico modo per parlare della vita e della morte dell\u2019altro. \u201cPersonne peut mourir \u00e0 ma place\u201d diceva Derrida. Allo stesso modo l\u2019io del ricercatore non pu\u00f2 morire al posto dell\u2019altro, non pu\u00f2 soffrire al posto dell\u2019altro, non pu\u00f2 cio\u00e8 giungere a una conoscenza incorporata del dolore altrui, ma pu\u00f2 invece condividerne gli echi della sofferenza e della morte. \u00c8 su questi echi che si concentra l\u2019opera di Rechtman sul genocidio in Cambogia, echi che non possono essere veicolati se non alla prima persona singolare, una soggettivit\u00e0 sofferente che si riverbera nella nostra soggettivit\u00e0 di lettori.<\/p>\n<p><strong>DATI BIBLIOGRAFICI<\/strong><br \/>\nAutore: Richard Rechtman<br \/>\nEdizione italiana a cura di: Gloria Frisone<br \/>\nEditore: Ledizioni<br \/>\nPubblicato nel: marzo 2023<br \/>\nFormato: brossura, 120 p. &#8211; ePub<br \/>\nCollana: <a href=\"https:\/\/www.ledizioni.it\/en\/product-category\/antropologia\/antropologia-della-contemporaneita\/\">Antropologia della Contemporaneit\u00e0<\/a><br \/>\nISBN cartaceo: 978-88-5526-874-5<br \/>\nISBN ePub: 978-88-5526-875-2<br \/>\nPrezzo cartaceo: 18,00 \u20ac<br \/>\nPrezzo ePub: 8,99 \u20ac<br \/>\n<a href=\"http:\/\/digital.casalini.it\/9788855268752\"><img decoding=\"async\" class=\"aligncenter wp-image-23912\" src=\"https:\/\/www.ledizioni.it\/stag\/wp-content\/uploads\/2019\/07\/torrossa_web-150x80.jpg\" alt=\"\" width=\"200\" height=\"60\" \/><\/a><\/p>","protected":false},"excerpt":{"rendered":"<p>17 aprile 1975. I Khmer rossi seguaci di Pol Pot entrano a Phnom Pehn senza incontrare resistenza. S\u2019instaura cos\u00ec il<\/p>","protected":false},"featured_media":55347,"comment_status":"open","ping_status":"closed","template":"","meta":{"_acf_changed":false},"product_brand":[],"product_cat":[1768],"product_tag":[2645,2842,1882,2841],"class_list":{"0":"post-55346","1":"product","2":"type-product","3":"status-publish","4":"has-post-thumbnail","6":"product_cat-antropologia-della-contemporaneita","7":"product_tag-antropologia","8":"product_tag-cambogia","9":"product_tag-etnografia","10":"product_tag-genocidi","11":"pa_formato-cartaceo","12":"pa_formato-ebook-in-epub","14":"first","15":"instock","16":"featured","17":"shipping-taxable","18":"purchasable","19":"product-type-variable"},"acf":[],"yoast_head":"<!-- This site is optimized with the Yoast SEO plugin v27.3 - https:\/\/yoast.com\/product\/yoast-seo-wordpress\/ -->\n<title>LE VIVENTI -<\/title>\n<meta name=\"description\" content=\"Dall\u2019aprile del 1975 al gennaio del 1979 il regime comunista cambogiano dar\u00e0 compimento al massacro di un milionee mezzo di persone. In questa cornice storica Rechtman racconta le vicissitudini delle vittime del genocidio.\" \/>\n<meta name=\"robots\" content=\"index, follow, max-snippet:-1, max-image-preview:large, max-video-preview:-1\" \/>\n<link rel=\"canonical\" href=\"https:\/\/www.ledizioni.it\/en\/product\/le-viventi\/\" \/>\n<meta property=\"og:locale\" content=\"en_GB\" \/>\n<meta property=\"og:type\" content=\"article\" \/>\n<meta property=\"og:title\" content=\"LE VIVENTI -\" \/>\n<meta property=\"og:description\" content=\"Dall\u2019aprile del 1975 al gennaio del 1979 il regime comunista cambogiano dar\u00e0 compimento al massacro di un milionee mezzo di persone. In questa cornice storica Rechtman racconta le vicissitudini delle vittime del genocidio.\" \/>\n<meta property=\"og:url\" content=\"https:\/\/www.ledizioni.it\/en\/product\/le-viventi\/\" \/>\n<meta property=\"og:site_name\" content=\"Ledizioni\" \/>\n<meta property=\"article:publisher\" content=\"https:\/\/www.facebook.com\/pages\/Ledizioni-LediPublishing\/109120559173329\" \/>\n<meta property=\"article:modified_time\" content=\"2024-05-09T13:40:53+00:00\" \/>\n<meta property=\"og:image\" content=\"https:\/\/www.ledizioni.it\/stag\/wp-content\/uploads\/2023\/03\/Cover-Viventi-3D.jpg\" \/>\n\t<meta property=\"og:image:width\" content=\"1516\" \/>\n\t<meta property=\"og:image:height\" content=\"1968\" \/>\n\t<meta property=\"og:image:type\" content=\"image\/jpeg\" \/>\n<meta name=\"twitter:card\" content=\"summary_large_image\" \/>\n<meta name=\"twitter:site\" content=\"@ledizioni\" \/>\n<meta name=\"twitter:label1\" content=\"Estimated reading time\" \/>\n\t<meta name=\"twitter:data1\" content=\"2 minutes\" \/>\n<script type=\"application\/ld+json\" class=\"yoast-schema-graph\">{\"@context\":\"https:\\\/\\\/schema.org\",\"@graph\":[{\"@type\":\"WebPage\",\"@id\":\"https:\\\/\\\/www.ledizioni.it\\\/en\\\/product\\\/le-viventi\\\/\",\"url\":\"https:\\\/\\\/www.ledizioni.it\\\/en\\\/product\\\/le-viventi\\\/\",\"name\":\"LE VIVENTI -\",\"isPartOf\":{\"@id\":\"https:\\\/\\\/www.ledizioni.it\\\/#website\"},\"primaryImageOfPage\":{\"@id\":\"https:\\\/\\\/www.ledizioni.it\\\/en\\\/product\\\/le-viventi\\\/#primaryimage\"},\"image\":{\"@id\":\"https:\\\/\\\/www.ledizioni.it\\\/en\\\/product\\\/le-viventi\\\/#primaryimage\"},\"thumbnailUrl\":\"https:\\\/\\\/www.ledizioni.it\\\/stag\\\/wp-content\\\/uploads\\\/2023\\\/03\\\/Cover-Viventi-3D.jpg\",\"datePublished\":\"2023-03-20T10:59:34+00:00\",\"dateModified\":\"2024-05-09T13:40:53+00:00\",\"description\":\"Dall\u2019aprile del 1975 al gennaio del 1979 il regime comunista cambogiano dar\u00e0 compimento al massacro di un milionee mezzo di persone. In questa cornice storica Rechtman racconta le vicissitudini delle vittime del genocidio.\",\"breadcrumb\":{\"@id\":\"https:\\\/\\\/www.ledizioni.it\\\/en\\\/product\\\/le-viventi\\\/#breadcrumb\"},\"inLanguage\":\"en-GB\",\"potentialAction\":[{\"@type\":\"ReadAction\",\"target\":[\"https:\\\/\\\/www.ledizioni.it\\\/en\\\/product\\\/le-viventi\\\/\"]}]},{\"@type\":\"ImageObject\",\"inLanguage\":\"en-GB\",\"@id\":\"https:\\\/\\\/www.ledizioni.it\\\/en\\\/product\\\/le-viventi\\\/#primaryimage\",\"url\":\"https:\\\/\\\/www.ledizioni.it\\\/stag\\\/wp-content\\\/uploads\\\/2023\\\/03\\\/Cover-Viventi-3D.jpg\",\"contentUrl\":\"https:\\\/\\\/www.ledizioni.it\\\/stag\\\/wp-content\\\/uploads\\\/2023\\\/03\\\/Cover-Viventi-3D.jpg\",\"width\":1516,\"height\":1968},{\"@type\":\"BreadcrumbList\",\"@id\":\"https:\\\/\\\/www.ledizioni.it\\\/en\\\/product\\\/le-viventi\\\/#breadcrumb\",\"itemListElement\":[{\"@type\":\"ListItem\",\"position\":1,\"name\":\"Shop\",\"item\":\"https:\\\/\\\/www.ledizioni.it\\\/shop-2\\\/\"},{\"@type\":\"ListItem\",\"position\":2,\"name\":\"LE VIVENTI\"}]},{\"@type\":\"WebSite\",\"@id\":\"https:\\\/\\\/www.ledizioni.it\\\/#website\",\"url\":\"https:\\\/\\\/www.ledizioni.it\\\/\",\"name\":\"Ledizioni\",\"description\":\"The Innovative LediPublishing Company - Casa Editrice Universitaria\",\"publisher\":{\"@id\":\"https:\\\/\\\/www.ledizioni.it\\\/#organization\"},\"potentialAction\":[{\"@type\":\"SearchAction\",\"target\":{\"@type\":\"EntryPoint\",\"urlTemplate\":\"https:\\\/\\\/www.ledizioni.it\\\/?s={search_term_string}\"},\"query-input\":{\"@type\":\"PropertyValueSpecification\",\"valueRequired\":true,\"valueName\":\"search_term_string\"}}],\"inLanguage\":\"en-GB\"},{\"@type\":\"Organization\",\"@id\":\"https:\\\/\\\/www.ledizioni.it\\\/#organization\",\"name\":\"Ledizioni\",\"url\":\"https:\\\/\\\/www.ledizioni.it\\\/\",\"logo\":{\"@type\":\"ImageObject\",\"inLanguage\":\"en-GB\",\"@id\":\"https:\\\/\\\/www.ledizioni.it\\\/#\\\/schema\\\/logo\\\/image\\\/\",\"url\":\"https:\\\/\\\/www.ledizioni.it\\\/stag\\\/wp-content\\\/uploads\\\/2023\\\/10\\\/newlogoledizioni500x110_2-1.jpg\",\"contentUrl\":\"https:\\\/\\\/www.ledizioni.it\\\/stag\\\/wp-content\\\/uploads\\\/2023\\\/10\\\/newlogoledizioni500x110_2-1.jpg\",\"width\":354,\"height\":87,\"caption\":\"Ledizioni\"},\"image\":{\"@id\":\"https:\\\/\\\/www.ledizioni.it\\\/#\\\/schema\\\/logo\\\/image\\\/\"},\"sameAs\":[\"https:\\\/\\\/www.facebook.com\\\/pages\\\/Ledizioni-LediPublishing\\\/109120559173329\",\"https:\\\/\\\/x.com\\\/ledizioni\"]}]}<\/script>\n<!-- \/ Yoast SEO plugin. -->","yoast_head_json":{"title":"LE VIVENTI -","description":"Dall\u2019aprile del 1975 al gennaio del 1979 il regime comunista cambogiano dar\u00e0 compimento al massacro di un milionee mezzo di persone. In questa cornice storica Rechtman racconta le vicissitudini delle vittime del genocidio.","robots":{"index":"index","follow":"follow","max-snippet":"max-snippet:-1","max-image-preview":"max-image-preview:large","max-video-preview":"max-video-preview:-1"},"canonical":"https:\/\/www.ledizioni.it\/en\/product\/le-viventi\/","og_locale":"en_GB","og_type":"article","og_title":"LE VIVENTI -","og_description":"Dall\u2019aprile del 1975 al gennaio del 1979 il regime comunista cambogiano dar\u00e0 compimento al massacro di un milionee mezzo di persone. In questa cornice storica Rechtman racconta le vicissitudini delle vittime del genocidio.","og_url":"https:\/\/www.ledizioni.it\/en\/product\/le-viventi\/","og_site_name":"Ledizioni","article_publisher":"https:\/\/www.facebook.com\/pages\/Ledizioni-LediPublishing\/109120559173329","article_modified_time":"2024-05-09T13:40:53+00:00","og_image":[{"width":1516,"height":1968,"url":"https:\/\/www.ledizioni.it\/stag\/wp-content\/uploads\/2023\/03\/Cover-Viventi-3D.jpg","type":"image\/jpeg"}],"twitter_card":"summary_large_image","twitter_site":"@ledizioni","twitter_misc":{"Estimated reading time":"2 minutes"},"schema":{"@context":"https:\/\/schema.org","@graph":[{"@type":"WebPage","@id":"https:\/\/www.ledizioni.it\/en\/product\/le-viventi\/","url":"https:\/\/www.ledizioni.it\/en\/product\/le-viventi\/","name":"LE VIVENTI -","isPartOf":{"@id":"https:\/\/www.ledizioni.it\/#website"},"primaryImageOfPage":{"@id":"https:\/\/www.ledizioni.it\/en\/product\/le-viventi\/#primaryimage"},"image":{"@id":"https:\/\/www.ledizioni.it\/en\/product\/le-viventi\/#primaryimage"},"thumbnailUrl":"https:\/\/www.ledizioni.it\/stag\/wp-content\/uploads\/2023\/03\/Cover-Viventi-3D.jpg","datePublished":"2023-03-20T10:59:34+00:00","dateModified":"2024-05-09T13:40:53+00:00","description":"Dall\u2019aprile del 1975 al gennaio del 1979 il regime comunista cambogiano dar\u00e0 compimento al massacro di un milionee mezzo di persone. In questa cornice storica Rechtman racconta le vicissitudini delle vittime del genocidio.","breadcrumb":{"@id":"https:\/\/www.ledizioni.it\/en\/product\/le-viventi\/#breadcrumb"},"inLanguage":"en-GB","potentialAction":[{"@type":"ReadAction","target":["https:\/\/www.ledizioni.it\/en\/product\/le-viventi\/"]}]},{"@type":"ImageObject","inLanguage":"en-GB","@id":"https:\/\/www.ledizioni.it\/en\/product\/le-viventi\/#primaryimage","url":"https:\/\/www.ledizioni.it\/stag\/wp-content\/uploads\/2023\/03\/Cover-Viventi-3D.jpg","contentUrl":"https:\/\/www.ledizioni.it\/stag\/wp-content\/uploads\/2023\/03\/Cover-Viventi-3D.jpg","width":1516,"height":1968},{"@type":"BreadcrumbList","@id":"https:\/\/www.ledizioni.it\/en\/product\/le-viventi\/#breadcrumb","itemListElement":[{"@type":"ListItem","position":1,"name":"Shop","item":"https:\/\/www.ledizioni.it\/shop-2\/"},{"@type":"ListItem","position":2,"name":"LE VIVENTI"}]},{"@type":"WebSite","@id":"https:\/\/www.ledizioni.it\/#website","url":"https:\/\/www.ledizioni.it\/","name":"Ledizioni","description":"The Innovative LediPublishing Company - Casa Editrice Universitaria","publisher":{"@id":"https:\/\/www.ledizioni.it\/#organization"},"potentialAction":[{"@type":"SearchAction","target":{"@type":"EntryPoint","urlTemplate":"https:\/\/www.ledizioni.it\/?s={search_term_string}"},"query-input":{"@type":"PropertyValueSpecification","valueRequired":true,"valueName":"search_term_string"}}],"inLanguage":"en-GB"},{"@type":"Organization","@id":"https:\/\/www.ledizioni.it\/#organization","name":"Ledizioni","url":"https:\/\/www.ledizioni.it\/","logo":{"@type":"ImageObject","inLanguage":"en-GB","@id":"https:\/\/www.ledizioni.it\/#\/schema\/logo\/image\/","url":"https:\/\/www.ledizioni.it\/stag\/wp-content\/uploads\/2023\/10\/newlogoledizioni500x110_2-1.jpg","contentUrl":"https:\/\/www.ledizioni.it\/stag\/wp-content\/uploads\/2023\/10\/newlogoledizioni500x110_2-1.jpg","width":354,"height":87,"caption":"Ledizioni"},"image":{"@id":"https:\/\/www.ledizioni.it\/#\/schema\/logo\/image\/"},"sameAs":["https:\/\/www.facebook.com\/pages\/Ledizioni-LediPublishing\/109120559173329","https:\/\/x.com\/ledizioni"]}]}},"jetpack_sharing_enabled":true,"_links":{"self":[{"href":"https:\/\/www.ledizioni.it\/en\/wp-json\/wp\/v2\/product\/55346","targetHints":{"allow":["GET"]}}],"collection":[{"href":"https:\/\/www.ledizioni.it\/en\/wp-json\/wp\/v2\/product"}],"about":[{"href":"https:\/\/www.ledizioni.it\/en\/wp-json\/wp\/v2\/types\/product"}],"replies":[{"embeddable":true,"href":"https:\/\/www.ledizioni.it\/en\/wp-json\/wp\/v2\/comments?post=55346"}],"version-history":[{"count":2,"href":"https:\/\/www.ledizioni.it\/en\/wp-json\/wp\/v2\/product\/55346\/revisions"}],"predecessor-version":[{"id":65017,"href":"https:\/\/www.ledizioni.it\/en\/wp-json\/wp\/v2\/product\/55346\/revisions\/65017"}],"wp:featuredmedia":[{"embeddable":true,"href":"https:\/\/www.ledizioni.it\/en\/wp-json\/wp\/v2\/media\/55347"}],"wp:attachment":[{"href":"https:\/\/www.ledizioni.it\/en\/wp-json\/wp\/v2\/media?parent=55346"}],"wp:term":[{"taxonomy":"product_brand","embeddable":true,"href":"https:\/\/www.ledizioni.it\/en\/wp-json\/wp\/v2\/product_brand?post=55346"},{"taxonomy":"product_cat","embeddable":true,"href":"https:\/\/www.ledizioni.it\/en\/wp-json\/wp\/v2\/product_cat?post=55346"},{"taxonomy":"product_tag","embeddable":true,"href":"https:\/\/www.ledizioni.it\/en\/wp-json\/wp\/v2\/product_tag?post=55346"}],"curies":[{"name":"wp","href":"https:\/\/api.w.org\/{rel}","templated":true}]}}