{"id":55605,"date":"2023-04-04T10:17:56","date_gmt":"2023-04-04T08:17:56","guid":{"rendered":"https:\/\/www.ledizioni.it\/?post_type=product&#038;p=55605"},"modified":"2026-04-27T09:12:57","modified_gmt":"2026-04-27T07:12:57","slug":"varia-tu-che-covario-anchio","status":"publish","type":"product","link":"https:\/\/www.ledizioni.it\/en\/product\/varia-tu-che-covario-anchio\/","title":{"rendered":"VARIA TU CHE COVARIO ANCH&#8217;IO"},"content":{"rendered":"<p style=\"text-align: justify;\">Il ragionamento covariazionale \u00e8 alla base di molta matematica e ha improntato tutta la rivoluzione scientifica. Cogliere le relazioni tra grandezze ed esprimerle secondo leggi matematiche ha permesso infatti, da un lato di indagare il linguaggio della natura e di formulare le sue leggi, e dall\u2019altro di sviluppare la matematica in modo da rendere possibile tale formulazione in forma efficiente e produttiva. La sua comprensione e conoscenza \u00e8 quindi una meta educativa importante nell\u2019apprendimento matematico e scientifico: contrariamente a quanto pensano alcuni, essa va preparata fin dai primi gradi scolastici proponendo opportuni esempi e situazioni didattiche, che permettano di affinarla via via, conquistandone una crescente consapevolezza con gli allievi e le allieve.<br \/>\nQuesto \u00e8 quanto si afferma perlomeno a livello di ricerca didattica. Ma purtroppo la letteratura in merito \u00e8 sviluppata nel suo linguaggio specialistico, per giunta \u00e8 quasi esclusivamente in inglese e quindi pu\u00f2 risultare di non facile lettura per il non addetto ai lavori. D\u2019altra parte, tranne qualche rarissima eccezione, il ragionamento covariazionale brilla per la sua assenza in tutti i libri di testo italiani. Mancano quindi esempi facilmente accessibili ai nostri insegnanti [&#8230;].<br \/>\nIl libro si propone di ovviare agli inconvenienti qui accennati. Infatti, \u00e8 scritto in un linguaggio accessibile e contiene una sequenza di concrete proposte didattiche che mirano a sviluppare negli allievi e nelle allieve il ragionamento covariazionale in forme adeguate dalla scuola primaria alla secondaria di II grado, rendendone espliciti i vari contenuti e passaggi didattici. Parallelamente alle proposte didattiche, entra per\u00f2 anche nelle componenti teoriche principali di tali ragionamenti in forma piana, comprensibile e nello stesso tempo concreta e teoricamente fondata.<\/p>\n<p><strong>DATI BIBLIOGRAFICI<\/strong><br \/>\nAutrici: Sara Bagossi, Silvia Beltramino, Federica Ferretti, Chiara Giberti, Eugenia Taranto<br \/>\nEditore: Ledizioni<br \/>\nPubblicato nel: marzo 2023<br \/>\nFormato: PDF Open Access<br \/>\nDOI: <a href=\"https:\/\/doi.org\/10.5281\/zenodo.7797424\" target=\"_blank\" rel=\"noopener\">https:\/\/doi.org\/10.5281\/zenodo.7797424<\/a><br \/>\nISBN: 9788855268899<\/p>","protected":false},"excerpt":{"rendered":"<p>Il ragionamento covariazionale \u00e8 alla base di molta matematica e ha improntato tutta la rivoluzione scientifica. Cogliere le relazioni tra<\/p>","protected":false},"featured_media":55606,"comment_status":"open","ping_status":"closed","template":"","meta":{"_acf_changed":false},"product_brand":[],"product_cat":[790],"product_tag":[1034,764,2851],"class_list":{"0":"post-55605","1":"product","2":"type-product","3":"status-publish","4":"has-post-thumbnail","6":"product_cat-pls-matematica","7":"product_tag-matematica","8":"product_tag-open-access-2","9":"product_tag-stem","10":"pa_formato-ebook-in-pdf","12":"first","13":"instock","14":"featured","15":"downloadable","16":"virtual","17":"purchasable","18":"product-type-simple"},"acf":[],"yoast_head":"<!-- This site is optimized with the Yoast SEO plugin v27.5 - https:\/\/yoast.com\/product\/yoast-seo-wordpress\/ -->\n<title>VARIA TU CHE COVARIO ANCH&#039;IO -<\/title>\n<meta name=\"description\" content=\"Ledizioni - Innovative Publishing. Casa editrice universitaria. Open Access. eBook, ePub. Creative Commons.\" \/>\n<meta name=\"robots\" content=\"index, follow, max-snippet:-1, max-image-preview:large, max-video-preview:-1\" \/>\n<link rel=\"canonical\" href=\"https:\/\/www.ledizioni.it\/en\/product\/varia-tu-che-covario-anchio\/\" \/>\n<meta property=\"og:locale\" content=\"en_GB\" \/>\n<meta property=\"og:type\" content=\"article\" \/>\n<meta property=\"og:title\" content=\"VARIA TU CHE COVARIO ANCH&#039;IO -\" \/>\n<meta property=\"og:description\" content=\"Ledizioni - Innovative Publishing. Casa editrice universitaria. Open Access. eBook, ePub. Creative Commons.\" \/>\n<meta property=\"og:url\" content=\"https:\/\/www.ledizioni.it\/en\/product\/varia-tu-che-covario-anchio\/\" \/>\n<meta property=\"og:site_name\" content=\"Ledizioni\" \/>\n<meta property=\"article:publisher\" content=\"https:\/\/www.facebook.com\/pages\/Ledizioni-LediPublishing\/109120559173329\" \/>\n<meta property=\"article:modified_time\" content=\"2026-04-27T07:12:57+00:00\" \/>\n<meta property=\"og:image\" content=\"https:\/\/www.ledizioni.it\/stag\/wp-content\/uploads\/2023\/04\/Cover-Bagossi3D1.jpg\" \/>\n\t<meta property=\"og:image:width\" content=\"512\" \/>\n\t<meta property=\"og:image:height\" content=\"709\" \/>\n\t<meta property=\"og:image:type\" content=\"image\/jpeg\" \/>\n<meta name=\"twitter:card\" content=\"summary_large_image\" \/>\n<meta name=\"twitter:site\" content=\"@ledizioni\" \/>\n<meta name=\"twitter:label1\" content=\"Estimated reading time\" \/>\n\t<meta name=\"twitter:data1\" content=\"2 minutes\" \/>\n<script type=\"application\/ld+json\" class=\"yoast-schema-graph\">{\"@context\":\"https:\\\/\\\/schema.org\",\"@graph\":[{\"@type\":\"WebPage\",\"@id\":\"https:\\\/\\\/www.ledizioni.it\\\/prodotto\\\/varia-tu-che-covario-anchio\\\/\",\"url\":\"https:\\\/\\\/www.ledizioni.it\\\/prodotto\\\/varia-tu-che-covario-anchio\\\/\",\"name\":\"VARIA TU CHE COVARIO ANCH'IO -\",\"isPartOf\":{\"@id\":\"https:\\\/\\\/www.ledizioni.it\\\/#website\"},\"primaryImageOfPage\":{\"@id\":\"https:\\\/\\\/www.ledizioni.it\\\/prodotto\\\/varia-tu-che-covario-anchio\\\/#primaryimage\"},\"image\":{\"@id\":\"https:\\\/\\\/www.ledizioni.it\\\/prodotto\\\/varia-tu-che-covario-anchio\\\/#primaryimage\"},\"thumbnailUrl\":\"https:\\\/\\\/www.ledizioni.it\\\/stag\\\/wp-content\\\/uploads\\\/2023\\\/04\\\/Cover-Bagossi3D1.jpg\",\"datePublished\":\"2023-04-04T08:17:56+00:00\",\"dateModified\":\"2026-04-27T07:12:57+00:00\",\"description\":\"Ledizioni - Innovative Publishing. Casa editrice universitaria. Open Access. eBook, ePub. Creative Commons.\",\"breadcrumb\":{\"@id\":\"https:\\\/\\\/www.ledizioni.it\\\/prodotto\\\/varia-tu-che-covario-anchio\\\/#breadcrumb\"},\"inLanguage\":\"en-GB\",\"potentialAction\":[{\"@type\":\"ReadAction\",\"target\":[\"https:\\\/\\\/www.ledizioni.it\\\/prodotto\\\/varia-tu-che-covario-anchio\\\/\"]}]},{\"@type\":\"ImageObject\",\"inLanguage\":\"en-GB\",\"@id\":\"https:\\\/\\\/www.ledizioni.it\\\/prodotto\\\/varia-tu-che-covario-anchio\\\/#primaryimage\",\"url\":\"https:\\\/\\\/www.ledizioni.it\\\/stag\\\/wp-content\\\/uploads\\\/2023\\\/04\\\/Cover-Bagossi3D1.jpg\",\"contentUrl\":\"https:\\\/\\\/www.ledizioni.it\\\/stag\\\/wp-content\\\/uploads\\\/2023\\\/04\\\/Cover-Bagossi3D1.jpg\",\"width\":512,\"height\":709},{\"@type\":\"BreadcrumbList\",\"@id\":\"https:\\\/\\\/www.ledizioni.it\\\/prodotto\\\/varia-tu-che-covario-anchio\\\/#breadcrumb\",\"itemListElement\":[{\"@type\":\"ListItem\",\"position\":1,\"name\":\"Shop\",\"item\":\"https:\\\/\\\/www.ledizioni.it\\\/shop-2\\\/\"},{\"@type\":\"ListItem\",\"position\":2,\"name\":\"VARIA TU CHE COVARIO ANCH&#8217;IO\"}]},{\"@type\":\"WebSite\",\"@id\":\"https:\\\/\\\/www.ledizioni.it\\\/#website\",\"url\":\"https:\\\/\\\/www.ledizioni.it\\\/\",\"name\":\"Ledizioni\",\"description\":\"The Innovative LediPublishing Company - Casa Editrice Universitaria\",\"publisher\":{\"@id\":\"https:\\\/\\\/www.ledizioni.it\\\/#organization\"},\"potentialAction\":[{\"@type\":\"SearchAction\",\"target\":{\"@type\":\"EntryPoint\",\"urlTemplate\":\"https:\\\/\\\/www.ledizioni.it\\\/?s={search_term_string}\"},\"query-input\":{\"@type\":\"PropertyValueSpecification\",\"valueRequired\":true,\"valueName\":\"search_term_string\"}}],\"inLanguage\":\"en-GB\"},{\"@type\":\"Organization\",\"@id\":\"https:\\\/\\\/www.ledizioni.it\\\/#organization\",\"name\":\"Ledizioni\",\"url\":\"https:\\\/\\\/www.ledizioni.it\\\/\",\"logo\":{\"@type\":\"ImageObject\",\"inLanguage\":\"en-GB\",\"@id\":\"https:\\\/\\\/www.ledizioni.it\\\/#\\\/schema\\\/logo\\\/image\\\/\",\"url\":\"https:\\\/\\\/www.ledizioni.it\\\/stag\\\/wp-content\\\/uploads\\\/2023\\\/10\\\/newlogoledizioni500x110_2-1.jpg\",\"contentUrl\":\"https:\\\/\\\/www.ledizioni.it\\\/stag\\\/wp-content\\\/uploads\\\/2023\\\/10\\\/newlogoledizioni500x110_2-1.jpg\",\"width\":354,\"height\":87,\"caption\":\"Ledizioni\"},\"image\":{\"@id\":\"https:\\\/\\\/www.ledizioni.it\\\/#\\\/schema\\\/logo\\\/image\\\/\"},\"sameAs\":[\"https:\\\/\\\/www.facebook.com\\\/pages\\\/Ledizioni-LediPublishing\\\/109120559173329\",\"https:\\\/\\\/x.com\\\/ledizioni\"]}]}<\/script>\n<!-- \/ Yoast SEO plugin. -->","yoast_head_json":{"title":"VARIA TU CHE COVARIO ANCH'IO -","description":"Ledizioni - Innovative Publishing. Casa editrice universitaria. Open Access. eBook, ePub. Creative Commons.","robots":{"index":"index","follow":"follow","max-snippet":"max-snippet:-1","max-image-preview":"max-image-preview:large","max-video-preview":"max-video-preview:-1"},"canonical":"https:\/\/www.ledizioni.it\/en\/product\/varia-tu-che-covario-anchio\/","og_locale":"en_GB","og_type":"article","og_title":"VARIA TU CHE COVARIO ANCH'IO -","og_description":"Ledizioni - Innovative Publishing. Casa editrice universitaria. Open Access. eBook, ePub. Creative Commons.","og_url":"https:\/\/www.ledizioni.it\/en\/product\/varia-tu-che-covario-anchio\/","og_site_name":"Ledizioni","article_publisher":"https:\/\/www.facebook.com\/pages\/Ledizioni-LediPublishing\/109120559173329","article_modified_time":"2026-04-27T07:12:57+00:00","og_image":[{"width":512,"height":709,"url":"https:\/\/www.ledizioni.it\/stag\/wp-content\/uploads\/2023\/04\/Cover-Bagossi3D1.jpg","type":"image\/jpeg"}],"twitter_card":"summary_large_image","twitter_site":"@ledizioni","twitter_misc":{"Estimated reading time":"2 minutes"},"schema":{"@context":"https:\/\/schema.org","@graph":[{"@type":"WebPage","@id":"https:\/\/www.ledizioni.it\/prodotto\/varia-tu-che-covario-anchio\/","url":"https:\/\/www.ledizioni.it\/prodotto\/varia-tu-che-covario-anchio\/","name":"VARIA TU CHE COVARIO ANCH'IO -","isPartOf":{"@id":"https:\/\/www.ledizioni.it\/#website"},"primaryImageOfPage":{"@id":"https:\/\/www.ledizioni.it\/prodotto\/varia-tu-che-covario-anchio\/#primaryimage"},"image":{"@id":"https:\/\/www.ledizioni.it\/prodotto\/varia-tu-che-covario-anchio\/#primaryimage"},"thumbnailUrl":"https:\/\/www.ledizioni.it\/stag\/wp-content\/uploads\/2023\/04\/Cover-Bagossi3D1.jpg","datePublished":"2023-04-04T08:17:56+00:00","dateModified":"2026-04-27T07:12:57+00:00","description":"Ledizioni - Innovative Publishing. Casa editrice universitaria. Open Access. eBook, ePub. Creative Commons.","breadcrumb":{"@id":"https:\/\/www.ledizioni.it\/prodotto\/varia-tu-che-covario-anchio\/#breadcrumb"},"inLanguage":"en-GB","potentialAction":[{"@type":"ReadAction","target":["https:\/\/www.ledizioni.it\/prodotto\/varia-tu-che-covario-anchio\/"]}]},{"@type":"ImageObject","inLanguage":"en-GB","@id":"https:\/\/www.ledizioni.it\/prodotto\/varia-tu-che-covario-anchio\/#primaryimage","url":"https:\/\/www.ledizioni.it\/stag\/wp-content\/uploads\/2023\/04\/Cover-Bagossi3D1.jpg","contentUrl":"https:\/\/www.ledizioni.it\/stag\/wp-content\/uploads\/2023\/04\/Cover-Bagossi3D1.jpg","width":512,"height":709},{"@type":"BreadcrumbList","@id":"https:\/\/www.ledizioni.it\/prodotto\/varia-tu-che-covario-anchio\/#breadcrumb","itemListElement":[{"@type":"ListItem","position":1,"name":"Shop","item":"https:\/\/www.ledizioni.it\/shop-2\/"},{"@type":"ListItem","position":2,"name":"VARIA TU CHE COVARIO ANCH&#8217;IO"}]},{"@type":"WebSite","@id":"https:\/\/www.ledizioni.it\/#website","url":"https:\/\/www.ledizioni.it\/","name":"Ledizioni","description":"The Innovative LediPublishing Company - Casa Editrice Universitaria","publisher":{"@id":"https:\/\/www.ledizioni.it\/#organization"},"potentialAction":[{"@type":"SearchAction","target":{"@type":"EntryPoint","urlTemplate":"https:\/\/www.ledizioni.it\/?s={search_term_string}"},"query-input":{"@type":"PropertyValueSpecification","valueRequired":true,"valueName":"search_term_string"}}],"inLanguage":"en-GB"},{"@type":"Organization","@id":"https:\/\/www.ledizioni.it\/#organization","name":"Ledizioni","url":"https:\/\/www.ledizioni.it\/","logo":{"@type":"ImageObject","inLanguage":"en-GB","@id":"https:\/\/www.ledizioni.it\/#\/schema\/logo\/image\/","url":"https:\/\/www.ledizioni.it\/stag\/wp-content\/uploads\/2023\/10\/newlogoledizioni500x110_2-1.jpg","contentUrl":"https:\/\/www.ledizioni.it\/stag\/wp-content\/uploads\/2023\/10\/newlogoledizioni500x110_2-1.jpg","width":354,"height":87,"caption":"Ledizioni"},"image":{"@id":"https:\/\/www.ledizioni.it\/#\/schema\/logo\/image\/"},"sameAs":["https:\/\/www.facebook.com\/pages\/Ledizioni-LediPublishing\/109120559173329","https:\/\/x.com\/ledizioni"]}]}},"jetpack_sharing_enabled":true,"_links":{"self":[{"href":"https:\/\/www.ledizioni.it\/en\/wp-json\/wp\/v2\/product\/55605","targetHints":{"allow":["GET"]}}],"collection":[{"href":"https:\/\/www.ledizioni.it\/en\/wp-json\/wp\/v2\/product"}],"about":[{"href":"https:\/\/www.ledizioni.it\/en\/wp-json\/wp\/v2\/types\/product"}],"replies":[{"embeddable":true,"href":"https:\/\/www.ledizioni.it\/en\/wp-json\/wp\/v2\/comments?post=55605"}],"version-history":[{"count":2,"href":"https:\/\/www.ledizioni.it\/en\/wp-json\/wp\/v2\/product\/55605\/revisions"}],"predecessor-version":[{"id":55615,"href":"https:\/\/www.ledizioni.it\/en\/wp-json\/wp\/v2\/product\/55605\/revisions\/55615"}],"wp:featuredmedia":[{"embeddable":true,"href":"https:\/\/www.ledizioni.it\/en\/wp-json\/wp\/v2\/media\/55606"}],"wp:attachment":[{"href":"https:\/\/www.ledizioni.it\/en\/wp-json\/wp\/v2\/media?parent=55605"}],"wp:term":[{"taxonomy":"product_brand","embeddable":true,"href":"https:\/\/www.ledizioni.it\/en\/wp-json\/wp\/v2\/product_brand?post=55605"},{"taxonomy":"product_cat","embeddable":true,"href":"https:\/\/www.ledizioni.it\/en\/wp-json\/wp\/v2\/product_cat?post=55605"},{"taxonomy":"product_tag","embeddable":true,"href":"https:\/\/www.ledizioni.it\/en\/wp-json\/wp\/v2\/product_tag?post=55605"}],"curies":[{"name":"wp","href":"https:\/\/api.w.org\/{rel}","templated":true}]}}