{"id":56372,"date":"2023-05-19T10:13:41","date_gmt":"2023-05-19T08:13:41","guid":{"rendered":"https:\/\/www.ledizioni.it\/?post_type=product&#038;p=56372"},"modified":"2023-05-24T12:42:25","modified_gmt":"2023-05-24T10:42:25","slug":"la-presentazione-perfetta","status":"publish","type":"product","link":"https:\/\/www.ledizioni.it\/en\/product\/la-presentazione-perfetta\/","title":{"rendered":"LA PRESENTAZIONE PERFETTA"},"content":{"rendered":"<p style=\"text-align: justify;\">Indipendentemente dal tuo ruolo professionale, <em>La presentazione perfetta<\/em> \u00e8 il libro ideale per te. Se sei un imprenditore che deve allargare il suo business, un manager che deve motivare il team, un venditore che deve convincere il cliente, un insegnante che deve coinvolgere i propri alunni o addirittura un politico che deve convincere l\u2019elettorato della qualit\u00e0 del suo programma, questo libro ti aiuter\u00e0 a migliorare le tue abilit\u00e0 di presentazione e a diventare un oratore eccezionale.<br \/>\nScopri i segreti per evitare gli errori comuni che possono trasformare una presentazione in un disastro e impara a utilizzare il potente metodo B.I.G.3 per creare presentazioni che cattureranno infallibilmente l\u2019attenzione. Con questo libro raggiungerai l\u2019eccellenza nelle presentazioni e lascerai un\u2019impressione duratura sul tuo pubblico.<br \/>\nIl libro esplora la storia delle presentazioni, dagli antichi dipinti rupestri fino all\u2019intelligenza artificiale, passando per i discorsi pi\u00f9 memorabili e influenti di tutti i tempi. Attraverso esempi concreti, consigli pratici e tecniche di comunicazione efficaci, <em>La presentazione perfetta<\/em> ti guider\u00e0 passo dopo passo nella creazione di presentazioni che bilanciano le esigenze del tuo pubblico, ispirano emozioni e governano l\u2019attenzione dei partecipanti. Imparerai anche a gestire l\u2019ansia, a sfruttare al meglio la comunicazione non verbale e a padroneggiare le tecniche delle presentazioni online.<\/p>\n<p><strong>DATI BIBLIOGRAFICI<\/strong><br \/>\nAutore: Federico Attore<br \/>\nEditore: Ledizioni<br \/>\nPubblicato nel: maggio 2023<br \/>\nFormato: brossura, 257 p. &#8211; ePub<br \/>\nISBN cartaceo: 9788855269407<br \/>\nISBN ePub: 9788855269414<br \/>\nPrezzo cartaceo: 19,90 \u20ac<br \/>\nPrezzo ePub: 8,99 \u20ac<\/p>","protected":false},"excerpt":{"rendered":"<p>Indipendentemente dal tuo ruolo professionale, La presentazione perfetta \u00e8 il libro ideale per te. Se sei un imprenditore che deve<\/p>","protected":false},"featured_media":56373,"comment_status":"open","ping_status":"closed","template":"","meta":{"_acf_changed":false},"product_brand":[],"product_cat":[1037],"product_tag":[1335,497,2871,2872,2477],"class_list":{"0":"post-56372","1":"product","2":"type-product","3":"status-publish","4":"has-post-thumbnail","6":"product_cat-varia","7":"product_tag-comunicazione","8":"product_tag-management","9":"product_tag-presentazione","10":"product_tag-speaking","11":"product_tag-talento","12":"pa_formato-cartaceo","13":"pa_formato-ebook-in-epub","15":"first","16":"instock","17":"featured","18":"shipping-taxable","19":"purchasable","20":"product-type-variable"},"acf":[],"yoast_head":"<!-- This site is optimized with the Yoast SEO plugin v27.5 - https:\/\/yoast.com\/product\/yoast-seo-wordpress\/ -->\n<title>LA PRESENTAZIONE PERFETTA -<\/title>\n<meta name=\"description\" content=\"Se sei un imprenditore che deve allargare il suo business, un manager che deve motivare il team, un venditore che deve convincere il cliente, un insegnante che deve coinvolgere i propri alunni o un politico che deve convincere l\u2019elettorato della qualit\u00e0 del suo programma, questo libro ti aiuter\u00e0 a migliorare le tue abilit\u00e0 di presentazione e a diventare un oratore eccezionale.\" \/>\n<meta name=\"robots\" content=\"index, follow, max-snippet:-1, max-image-preview:large, max-video-preview:-1\" \/>\n<link rel=\"canonical\" href=\"https:\/\/www.ledizioni.it\/en\/product\/la-presentazione-perfetta\/\" \/>\n<meta property=\"og:locale\" content=\"en_GB\" \/>\n<meta property=\"og:type\" content=\"article\" \/>\n<meta property=\"og:title\" content=\"LA PRESENTAZIONE PERFETTA -\" \/>\n<meta property=\"og:description\" content=\"Se sei un imprenditore che deve allargare il suo business, un manager che deve motivare il team, un venditore che deve convincere il cliente, un insegnante che deve coinvolgere i propri alunni o un politico che deve convincere l\u2019elettorato della qualit\u00e0 del suo programma, questo libro ti aiuter\u00e0 a migliorare le tue abilit\u00e0 di presentazione e a diventare un oratore eccezionale.\" \/>\n<meta property=\"og:url\" content=\"https:\/\/www.ledizioni.it\/en\/product\/la-presentazione-perfetta\/\" \/>\n<meta property=\"og:site_name\" content=\"Ledizioni\" \/>\n<meta property=\"article:publisher\" content=\"https:\/\/www.facebook.com\/pages\/Ledizioni-LediPublishing\/109120559173329\" \/>\n<meta property=\"article:modified_time\" content=\"2023-05-24T10:42:25+00:00\" \/>\n<meta property=\"og:image\" content=\"https:\/\/www.ledizioni.it\/stag\/wp-content\/uploads\/2023\/05\/PresentazionePerfetta-3D.jpg\" \/>\n\t<meta property=\"og:image:width\" content=\"1522\" \/>\n\t<meta property=\"og:image:height\" content=\"1950\" \/>\n\t<meta property=\"og:image:type\" content=\"image\/jpeg\" \/>\n<meta name=\"twitter:card\" content=\"summary_large_image\" \/>\n<meta name=\"twitter:site\" content=\"@ledizioni\" \/>\n<meta name=\"twitter:label1\" content=\"Estimated reading time\" \/>\n\t<meta name=\"twitter:data1\" content=\"2 minutes\" \/>\n<script type=\"application\/ld+json\" class=\"yoast-schema-graph\">{\"@context\":\"https:\\\/\\\/schema.org\",\"@graph\":[{\"@type\":\"WebPage\",\"@id\":\"https:\\\/\\\/www.ledizioni.it\\\/prodotto\\\/la-presentazione-perfetta\\\/\",\"url\":\"https:\\\/\\\/www.ledizioni.it\\\/prodotto\\\/la-presentazione-perfetta\\\/\",\"name\":\"LA PRESENTAZIONE PERFETTA -\",\"isPartOf\":{\"@id\":\"https:\\\/\\\/www.ledizioni.it\\\/#website\"},\"primaryImageOfPage\":{\"@id\":\"https:\\\/\\\/www.ledizioni.it\\\/prodotto\\\/la-presentazione-perfetta\\\/#primaryimage\"},\"image\":{\"@id\":\"https:\\\/\\\/www.ledizioni.it\\\/prodotto\\\/la-presentazione-perfetta\\\/#primaryimage\"},\"thumbnailUrl\":\"https:\\\/\\\/www.ledizioni.it\\\/stag\\\/wp-content\\\/uploads\\\/2023\\\/05\\\/PresentazionePerfetta-3D.jpg\",\"datePublished\":\"2023-05-19T08:13:41+00:00\",\"dateModified\":\"2023-05-24T10:42:25+00:00\",\"description\":\"Se sei un imprenditore che deve allargare il suo business, un manager che deve motivare il team, un venditore che deve convincere il cliente, un insegnante che deve coinvolgere i propri alunni o un politico che deve convincere l\u2019elettorato della qualit\u00e0 del suo programma, questo libro ti aiuter\u00e0 a migliorare le tue abilit\u00e0 di presentazione e a diventare un oratore eccezionale.\",\"breadcrumb\":{\"@id\":\"https:\\\/\\\/www.ledizioni.it\\\/prodotto\\\/la-presentazione-perfetta\\\/#breadcrumb\"},\"inLanguage\":\"en-GB\",\"potentialAction\":[{\"@type\":\"ReadAction\",\"target\":[\"https:\\\/\\\/www.ledizioni.it\\\/prodotto\\\/la-presentazione-perfetta\\\/\"]}]},{\"@type\":\"ImageObject\",\"inLanguage\":\"en-GB\",\"@id\":\"https:\\\/\\\/www.ledizioni.it\\\/prodotto\\\/la-presentazione-perfetta\\\/#primaryimage\",\"url\":\"https:\\\/\\\/www.ledizioni.it\\\/stag\\\/wp-content\\\/uploads\\\/2023\\\/05\\\/PresentazionePerfetta-3D.jpg\",\"contentUrl\":\"https:\\\/\\\/www.ledizioni.it\\\/stag\\\/wp-content\\\/uploads\\\/2023\\\/05\\\/PresentazionePerfetta-3D.jpg\",\"width\":1522,\"height\":1950},{\"@type\":\"BreadcrumbList\",\"@id\":\"https:\\\/\\\/www.ledizioni.it\\\/prodotto\\\/la-presentazione-perfetta\\\/#breadcrumb\",\"itemListElement\":[{\"@type\":\"ListItem\",\"position\":1,\"name\":\"Shop\",\"item\":\"https:\\\/\\\/www.ledizioni.it\\\/shop-2\\\/\"},{\"@type\":\"ListItem\",\"position\":2,\"name\":\"LA PRESENTAZIONE PERFETTA\"}]},{\"@type\":\"WebSite\",\"@id\":\"https:\\\/\\\/www.ledizioni.it\\\/#website\",\"url\":\"https:\\\/\\\/www.ledizioni.it\\\/\",\"name\":\"Ledizioni\",\"description\":\"The Innovative LediPublishing Company - Casa Editrice Universitaria\",\"publisher\":{\"@id\":\"https:\\\/\\\/www.ledizioni.it\\\/#organization\"},\"potentialAction\":[{\"@type\":\"SearchAction\",\"target\":{\"@type\":\"EntryPoint\",\"urlTemplate\":\"https:\\\/\\\/www.ledizioni.it\\\/?s={search_term_string}\"},\"query-input\":{\"@type\":\"PropertyValueSpecification\",\"valueRequired\":true,\"valueName\":\"search_term_string\"}}],\"inLanguage\":\"en-GB\"},{\"@type\":\"Organization\",\"@id\":\"https:\\\/\\\/www.ledizioni.it\\\/#organization\",\"name\":\"Ledizioni\",\"url\":\"https:\\\/\\\/www.ledizioni.it\\\/\",\"logo\":{\"@type\":\"ImageObject\",\"inLanguage\":\"en-GB\",\"@id\":\"https:\\\/\\\/www.ledizioni.it\\\/#\\\/schema\\\/logo\\\/image\\\/\",\"url\":\"https:\\\/\\\/www.ledizioni.it\\\/stag\\\/wp-content\\\/uploads\\\/2023\\\/10\\\/newlogoledizioni500x110_2-1.jpg\",\"contentUrl\":\"https:\\\/\\\/www.ledizioni.it\\\/stag\\\/wp-content\\\/uploads\\\/2023\\\/10\\\/newlogoledizioni500x110_2-1.jpg\",\"width\":354,\"height\":87,\"caption\":\"Ledizioni\"},\"image\":{\"@id\":\"https:\\\/\\\/www.ledizioni.it\\\/#\\\/schema\\\/logo\\\/image\\\/\"},\"sameAs\":[\"https:\\\/\\\/www.facebook.com\\\/pages\\\/Ledizioni-LediPublishing\\\/109120559173329\",\"https:\\\/\\\/x.com\\\/ledizioni\"]}]}<\/script>\n<!-- \/ Yoast SEO plugin. -->","yoast_head_json":{"title":"LA PRESENTAZIONE PERFETTA -","description":"Se sei un imprenditore che deve allargare il suo business, un manager che deve motivare il team, un venditore che deve convincere il cliente, un insegnante che deve coinvolgere i propri alunni o un politico che deve convincere l\u2019elettorato della qualit\u00e0 del suo programma, questo libro ti aiuter\u00e0 a migliorare le tue abilit\u00e0 di presentazione e a diventare un oratore eccezionale.","robots":{"index":"index","follow":"follow","max-snippet":"max-snippet:-1","max-image-preview":"max-image-preview:large","max-video-preview":"max-video-preview:-1"},"canonical":"https:\/\/www.ledizioni.it\/en\/product\/la-presentazione-perfetta\/","og_locale":"en_GB","og_type":"article","og_title":"LA PRESENTAZIONE PERFETTA -","og_description":"Se sei un imprenditore che deve allargare il suo business, un manager che deve motivare il team, un venditore che deve convincere il cliente, un insegnante che deve coinvolgere i propri alunni o un politico che deve convincere l\u2019elettorato della qualit\u00e0 del suo programma, questo libro ti aiuter\u00e0 a migliorare le tue abilit\u00e0 di presentazione e a diventare un oratore eccezionale.","og_url":"https:\/\/www.ledizioni.it\/en\/product\/la-presentazione-perfetta\/","og_site_name":"Ledizioni","article_publisher":"https:\/\/www.facebook.com\/pages\/Ledizioni-LediPublishing\/109120559173329","article_modified_time":"2023-05-24T10:42:25+00:00","og_image":[{"width":1522,"height":1950,"url":"https:\/\/www.ledizioni.it\/stag\/wp-content\/uploads\/2023\/05\/PresentazionePerfetta-3D.jpg","type":"image\/jpeg"}],"twitter_card":"summary_large_image","twitter_site":"@ledizioni","twitter_misc":{"Estimated reading time":"2 minutes"},"schema":{"@context":"https:\/\/schema.org","@graph":[{"@type":"WebPage","@id":"https:\/\/www.ledizioni.it\/prodotto\/la-presentazione-perfetta\/","url":"https:\/\/www.ledizioni.it\/prodotto\/la-presentazione-perfetta\/","name":"LA PRESENTAZIONE PERFETTA -","isPartOf":{"@id":"https:\/\/www.ledizioni.it\/#website"},"primaryImageOfPage":{"@id":"https:\/\/www.ledizioni.it\/prodotto\/la-presentazione-perfetta\/#primaryimage"},"image":{"@id":"https:\/\/www.ledizioni.it\/prodotto\/la-presentazione-perfetta\/#primaryimage"},"thumbnailUrl":"https:\/\/www.ledizioni.it\/stag\/wp-content\/uploads\/2023\/05\/PresentazionePerfetta-3D.jpg","datePublished":"2023-05-19T08:13:41+00:00","dateModified":"2023-05-24T10:42:25+00:00","description":"Se sei un imprenditore che deve allargare il suo business, un manager che deve motivare il team, un venditore che deve convincere il cliente, un insegnante che deve coinvolgere i propri alunni o un politico che deve convincere l\u2019elettorato della qualit\u00e0 del suo programma, questo libro ti aiuter\u00e0 a migliorare le tue abilit\u00e0 di presentazione e a diventare un oratore eccezionale.","breadcrumb":{"@id":"https:\/\/www.ledizioni.it\/prodotto\/la-presentazione-perfetta\/#breadcrumb"},"inLanguage":"en-GB","potentialAction":[{"@type":"ReadAction","target":["https:\/\/www.ledizioni.it\/prodotto\/la-presentazione-perfetta\/"]}]},{"@type":"ImageObject","inLanguage":"en-GB","@id":"https:\/\/www.ledizioni.it\/prodotto\/la-presentazione-perfetta\/#primaryimage","url":"https:\/\/www.ledizioni.it\/stag\/wp-content\/uploads\/2023\/05\/PresentazionePerfetta-3D.jpg","contentUrl":"https:\/\/www.ledizioni.it\/stag\/wp-content\/uploads\/2023\/05\/PresentazionePerfetta-3D.jpg","width":1522,"height":1950},{"@type":"BreadcrumbList","@id":"https:\/\/www.ledizioni.it\/prodotto\/la-presentazione-perfetta\/#breadcrumb","itemListElement":[{"@type":"ListItem","position":1,"name":"Shop","item":"https:\/\/www.ledizioni.it\/shop-2\/"},{"@type":"ListItem","position":2,"name":"LA PRESENTAZIONE PERFETTA"}]},{"@type":"WebSite","@id":"https:\/\/www.ledizioni.it\/#website","url":"https:\/\/www.ledizioni.it\/","name":"Ledizioni","description":"The Innovative LediPublishing Company - Casa Editrice Universitaria","publisher":{"@id":"https:\/\/www.ledizioni.it\/#organization"},"potentialAction":[{"@type":"SearchAction","target":{"@type":"EntryPoint","urlTemplate":"https:\/\/www.ledizioni.it\/?s={search_term_string}"},"query-input":{"@type":"PropertyValueSpecification","valueRequired":true,"valueName":"search_term_string"}}],"inLanguage":"en-GB"},{"@type":"Organization","@id":"https:\/\/www.ledizioni.it\/#organization","name":"Ledizioni","url":"https:\/\/www.ledizioni.it\/","logo":{"@type":"ImageObject","inLanguage":"en-GB","@id":"https:\/\/www.ledizioni.it\/#\/schema\/logo\/image\/","url":"https:\/\/www.ledizioni.it\/stag\/wp-content\/uploads\/2023\/10\/newlogoledizioni500x110_2-1.jpg","contentUrl":"https:\/\/www.ledizioni.it\/stag\/wp-content\/uploads\/2023\/10\/newlogoledizioni500x110_2-1.jpg","width":354,"height":87,"caption":"Ledizioni"},"image":{"@id":"https:\/\/www.ledizioni.it\/#\/schema\/logo\/image\/"},"sameAs":["https:\/\/www.facebook.com\/pages\/Ledizioni-LediPublishing\/109120559173329","https:\/\/x.com\/ledizioni"]}]}},"jetpack_sharing_enabled":true,"_links":{"self":[{"href":"https:\/\/www.ledizioni.it\/en\/wp-json\/wp\/v2\/product\/56372","targetHints":{"allow":["GET"]}}],"collection":[{"href":"https:\/\/www.ledizioni.it\/en\/wp-json\/wp\/v2\/product"}],"about":[{"href":"https:\/\/www.ledizioni.it\/en\/wp-json\/wp\/v2\/types\/product"}],"replies":[{"embeddable":true,"href":"https:\/\/www.ledizioni.it\/en\/wp-json\/wp\/v2\/comments?post=56372"}],"version-history":[{"count":1,"href":"https:\/\/www.ledizioni.it\/en\/wp-json\/wp\/v2\/product\/56372\/revisions"}],"predecessor-version":[{"id":56374,"href":"https:\/\/www.ledizioni.it\/en\/wp-json\/wp\/v2\/product\/56372\/revisions\/56374"}],"wp:featuredmedia":[{"embeddable":true,"href":"https:\/\/www.ledizioni.it\/en\/wp-json\/wp\/v2\/media\/56373"}],"wp:attachment":[{"href":"https:\/\/www.ledizioni.it\/en\/wp-json\/wp\/v2\/media?parent=56372"}],"wp:term":[{"taxonomy":"product_brand","embeddable":true,"href":"https:\/\/www.ledizioni.it\/en\/wp-json\/wp\/v2\/product_brand?post=56372"},{"taxonomy":"product_cat","embeddable":true,"href":"https:\/\/www.ledizioni.it\/en\/wp-json\/wp\/v2\/product_cat?post=56372"},{"taxonomy":"product_tag","embeddable":true,"href":"https:\/\/www.ledizioni.it\/en\/wp-json\/wp\/v2\/product_tag?post=56372"}],"curies":[{"name":"wp","href":"https:\/\/api.w.org\/{rel}","templated":true}]}}