{"id":56601,"date":"2023-06-12T15:13:42","date_gmt":"2023-06-12T13:13:42","guid":{"rendered":"https:\/\/www.ledizioni.it\/?post_type=product&#038;p=56601"},"modified":"2023-06-27T16:42:26","modified_gmt":"2023-06-27T14:42:26","slug":"mondo-la-fuori","status":"publish","type":"product","link":"https:\/\/www.ledizioni.it\/en\/product\/mondo-la-fuori\/","title":{"rendered":"IL MONDO L\u00c0 FUORI"},"content":{"rendered":"<p style=\"text-align: justify;\">Come trasformare l\u2019esperienza in scrittura? Quale rapporto c\u2019\u00e8 tra il desiderio tipicamente umano di racconti e la congerie del reale? In che modo la scrittura narrativa pu\u00f2 diventare uno strumento di intelligenza del mondo l\u00e0 fuori? Sono queste alcune delle domande a cui tenta di rispondere il libro, mettendole alla prova sul terreno della letteratura, in un viaggio articolato in due tappe. Una prima mappatura degli orizzonti in cui si muove il paradigma narrativo, con una particolare attenzione ai presupposti storico-culturali e alle trasformazioni che investono il romanzo negli ultimi decenni del Novecento, e una successiva analisi delle forme che, concentrandosi soprattutto su alcuni casi esemplari del romanzo statunitense di fine millennio (Don DeLillo, Philip Roth, David Foster Wallace), ha l\u2019ambizione di rivendicare la specificit\u00e0 del discorso letterario nell\u2019era dello <em>storytelling<\/em>.<\/p>\n<p><strong>DATI BIBLIOGRAFICI<\/strong><br \/>\nAutore: Simone Carati<br \/>\nPrefazione di: Federico Bertoni<br \/>\nPubblicato nel: maggio 2023<br \/>\nCollana: <a href=\"https:\/\/www.ledizioni.it\/en\/product-category\/umanistici\/testi-e-testimonianze-di-critica-letteraria\/\">Testi e testimonianze di critica letteraria<\/a><br \/>\nFormato: brossura, 210 p. &#8211; PDF in OA &#8211; ePub<br \/>\nISBN cartaceo: 9788855269506<br \/>\nISBN ePub: 9788855269926<br \/>\nPrezzo cartaceo: 28,00 \u20ac<br \/>\nPrezzo ePub: 11,99 \u20ac<\/p>","protected":false},"excerpt":{"rendered":"<p>Come trasformare l\u2019esperienza in scrittura? Quale rapporto c\u2019\u00e8 tra il desiderio tipicamente umano di racconti e la congerie del reale?<\/p>","protected":false},"featured_media":56602,"comment_status":"open","ping_status":"closed","template":"","meta":{"_acf_changed":false},"product_brand":[],"product_cat":[875],"product_tag":[1092,537,764,2334],"class_list":{"0":"post-56601","1":"product","2":"type-product","3":"status-publish","4":"has-post-thumbnail","6":"product_cat-testi-e-testimonianze-di-critica-letteraria","7":"product_tag-critica-letteraria","8":"product_tag-narrativa-2","9":"product_tag-open-access-2","10":"product_tag-storytelling","11":"pa_formato-cartaceo","12":"pa_formato-ebook-in-epub","13":"pa_formato-ebook-in-pdf","15":"first","16":"instock","17":"featured","18":"shipping-taxable","19":"purchasable","20":"product-type-variable"},"acf":[],"yoast_head":"<!-- This site is optimized with the Yoast SEO plugin v27.3 - https:\/\/yoast.com\/product\/yoast-seo-wordpress\/ -->\n<title>IL MONDO L\u00c0 FUORI -<\/title>\n<meta name=\"description\" content=\"Attraverso la ricostruzione del tessuto intertestuale ampio e complesso, il saggio segue i movimenti e le impennate del \u201cpensiero poetante\u201d di Giovanni Giudici.\" \/>\n<meta name=\"robots\" content=\"index, follow, max-snippet:-1, max-image-preview:large, max-video-preview:-1\" \/>\n<link rel=\"canonical\" href=\"https:\/\/www.ledizioni.it\/en\/product\/mondo-la-fuori\/\" \/>\n<meta property=\"og:locale\" content=\"en_GB\" \/>\n<meta property=\"og:type\" content=\"article\" \/>\n<meta property=\"og:title\" content=\"IL MONDO L\u00c0 FUORI -\" \/>\n<meta property=\"og:description\" content=\"Attraverso la ricostruzione del tessuto intertestuale ampio e complesso, il saggio segue i movimenti e le impennate del \u201cpensiero poetante\u201d di Giovanni Giudici.\" \/>\n<meta property=\"og:url\" content=\"https:\/\/www.ledizioni.it\/en\/product\/mondo-la-fuori\/\" \/>\n<meta property=\"og:site_name\" content=\"Ledizioni\" \/>\n<meta property=\"article:publisher\" content=\"https:\/\/www.facebook.com\/pages\/Ledizioni-LediPublishing\/109120559173329\" \/>\n<meta property=\"article:modified_time\" content=\"2023-06-27T14:42:26+00:00\" \/>\n<meta property=\"og:image\" content=\"https:\/\/www.ledizioni.it\/stag\/wp-content\/uploads\/2023\/06\/Copertina_Carati-3D.jpg\" \/>\n\t<meta property=\"og:image:width\" content=\"1504\" \/>\n\t<meta property=\"og:image:height\" content=\"1980\" \/>\n\t<meta property=\"og:image:type\" content=\"image\/jpeg\" \/>\n<meta name=\"twitter:card\" content=\"summary_large_image\" \/>\n<meta name=\"twitter:site\" content=\"@ledizioni\" \/>\n<meta name=\"twitter:label1\" content=\"Estimated reading time\" \/>\n\t<meta name=\"twitter:data1\" content=\"1 minute\" \/>\n<script type=\"application\/ld+json\" class=\"yoast-schema-graph\">{\"@context\":\"https:\\\/\\\/schema.org\",\"@graph\":[{\"@type\":\"WebPage\",\"@id\":\"https:\\\/\\\/www.ledizioni.it\\\/en\\\/product\\\/mondo-la-fuori\\\/\",\"url\":\"https:\\\/\\\/www.ledizioni.it\\\/en\\\/product\\\/mondo-la-fuori\\\/\",\"name\":\"IL MONDO L\u00c0 FUORI -\",\"isPartOf\":{\"@id\":\"https:\\\/\\\/www.ledizioni.it\\\/#website\"},\"primaryImageOfPage\":{\"@id\":\"https:\\\/\\\/www.ledizioni.it\\\/en\\\/product\\\/mondo-la-fuori\\\/#primaryimage\"},\"image\":{\"@id\":\"https:\\\/\\\/www.ledizioni.it\\\/en\\\/product\\\/mondo-la-fuori\\\/#primaryimage\"},\"thumbnailUrl\":\"https:\\\/\\\/www.ledizioni.it\\\/stag\\\/wp-content\\\/uploads\\\/2023\\\/06\\\/Copertina_Carati-3D.jpg\",\"datePublished\":\"2023-06-12T13:13:42+00:00\",\"dateModified\":\"2023-06-27T14:42:26+00:00\",\"description\":\"Attraverso la ricostruzione del tessuto intertestuale ampio e complesso, il saggio segue i movimenti e le impennate del \u201cpensiero poetante\u201d di Giovanni Giudici.\",\"breadcrumb\":{\"@id\":\"https:\\\/\\\/www.ledizioni.it\\\/en\\\/product\\\/mondo-la-fuori\\\/#breadcrumb\"},\"inLanguage\":\"en-GB\",\"potentialAction\":[{\"@type\":\"ReadAction\",\"target\":[\"https:\\\/\\\/www.ledizioni.it\\\/en\\\/product\\\/mondo-la-fuori\\\/\"]}]},{\"@type\":\"ImageObject\",\"inLanguage\":\"en-GB\",\"@id\":\"https:\\\/\\\/www.ledizioni.it\\\/en\\\/product\\\/mondo-la-fuori\\\/#primaryimage\",\"url\":\"https:\\\/\\\/www.ledizioni.it\\\/stag\\\/wp-content\\\/uploads\\\/2023\\\/06\\\/Copertina_Carati-3D.jpg\",\"contentUrl\":\"https:\\\/\\\/www.ledizioni.it\\\/stag\\\/wp-content\\\/uploads\\\/2023\\\/06\\\/Copertina_Carati-3D.jpg\",\"width\":1504,\"height\":1980},{\"@type\":\"BreadcrumbList\",\"@id\":\"https:\\\/\\\/www.ledizioni.it\\\/en\\\/product\\\/mondo-la-fuori\\\/#breadcrumb\",\"itemListElement\":[{\"@type\":\"ListItem\",\"position\":1,\"name\":\"Shop\",\"item\":\"https:\\\/\\\/www.ledizioni.it\\\/shop-2\\\/\"},{\"@type\":\"ListItem\",\"position\":2,\"name\":\"IL MONDO L\u00c0 FUORI\"}]},{\"@type\":\"WebSite\",\"@id\":\"https:\\\/\\\/www.ledizioni.it\\\/#website\",\"url\":\"https:\\\/\\\/www.ledizioni.it\\\/\",\"name\":\"Ledizioni\",\"description\":\"The Innovative LediPublishing Company - Casa Editrice Universitaria\",\"publisher\":{\"@id\":\"https:\\\/\\\/www.ledizioni.it\\\/#organization\"},\"potentialAction\":[{\"@type\":\"SearchAction\",\"target\":{\"@type\":\"EntryPoint\",\"urlTemplate\":\"https:\\\/\\\/www.ledizioni.it\\\/?s={search_term_string}\"},\"query-input\":{\"@type\":\"PropertyValueSpecification\",\"valueRequired\":true,\"valueName\":\"search_term_string\"}}],\"inLanguage\":\"en-GB\"},{\"@type\":\"Organization\",\"@id\":\"https:\\\/\\\/www.ledizioni.it\\\/#organization\",\"name\":\"Ledizioni\",\"url\":\"https:\\\/\\\/www.ledizioni.it\\\/\",\"logo\":{\"@type\":\"ImageObject\",\"inLanguage\":\"en-GB\",\"@id\":\"https:\\\/\\\/www.ledizioni.it\\\/#\\\/schema\\\/logo\\\/image\\\/\",\"url\":\"https:\\\/\\\/www.ledizioni.it\\\/stag\\\/wp-content\\\/uploads\\\/2023\\\/10\\\/newlogoledizioni500x110_2-1.jpg\",\"contentUrl\":\"https:\\\/\\\/www.ledizioni.it\\\/stag\\\/wp-content\\\/uploads\\\/2023\\\/10\\\/newlogoledizioni500x110_2-1.jpg\",\"width\":354,\"height\":87,\"caption\":\"Ledizioni\"},\"image\":{\"@id\":\"https:\\\/\\\/www.ledizioni.it\\\/#\\\/schema\\\/logo\\\/image\\\/\"},\"sameAs\":[\"https:\\\/\\\/www.facebook.com\\\/pages\\\/Ledizioni-LediPublishing\\\/109120559173329\",\"https:\\\/\\\/x.com\\\/ledizioni\"]}]}<\/script>\n<!-- \/ Yoast SEO plugin. -->","yoast_head_json":{"title":"IL MONDO L\u00c0 FUORI -","description":"Attraverso la ricostruzione del tessuto intertestuale ampio e complesso, il saggio segue i movimenti e le impennate del \u201cpensiero poetante\u201d di Giovanni Giudici.","robots":{"index":"index","follow":"follow","max-snippet":"max-snippet:-1","max-image-preview":"max-image-preview:large","max-video-preview":"max-video-preview:-1"},"canonical":"https:\/\/www.ledizioni.it\/en\/product\/mondo-la-fuori\/","og_locale":"en_GB","og_type":"article","og_title":"IL MONDO L\u00c0 FUORI -","og_description":"Attraverso la ricostruzione del tessuto intertestuale ampio e complesso, il saggio segue i movimenti e le impennate del \u201cpensiero poetante\u201d di Giovanni Giudici.","og_url":"https:\/\/www.ledizioni.it\/en\/product\/mondo-la-fuori\/","og_site_name":"Ledizioni","article_publisher":"https:\/\/www.facebook.com\/pages\/Ledizioni-LediPublishing\/109120559173329","article_modified_time":"2023-06-27T14:42:26+00:00","og_image":[{"width":1504,"height":1980,"url":"https:\/\/www.ledizioni.it\/stag\/wp-content\/uploads\/2023\/06\/Copertina_Carati-3D.jpg","type":"image\/jpeg"}],"twitter_card":"summary_large_image","twitter_site":"@ledizioni","twitter_misc":{"Estimated reading time":"1 minute"},"schema":{"@context":"https:\/\/schema.org","@graph":[{"@type":"WebPage","@id":"https:\/\/www.ledizioni.it\/en\/product\/mondo-la-fuori\/","url":"https:\/\/www.ledizioni.it\/en\/product\/mondo-la-fuori\/","name":"IL MONDO L\u00c0 FUORI -","isPartOf":{"@id":"https:\/\/www.ledizioni.it\/#website"},"primaryImageOfPage":{"@id":"https:\/\/www.ledizioni.it\/en\/product\/mondo-la-fuori\/#primaryimage"},"image":{"@id":"https:\/\/www.ledizioni.it\/en\/product\/mondo-la-fuori\/#primaryimage"},"thumbnailUrl":"https:\/\/www.ledizioni.it\/stag\/wp-content\/uploads\/2023\/06\/Copertina_Carati-3D.jpg","datePublished":"2023-06-12T13:13:42+00:00","dateModified":"2023-06-27T14:42:26+00:00","description":"Attraverso la ricostruzione del tessuto intertestuale ampio e complesso, il saggio segue i movimenti e le impennate del \u201cpensiero poetante\u201d di Giovanni Giudici.","breadcrumb":{"@id":"https:\/\/www.ledizioni.it\/en\/product\/mondo-la-fuori\/#breadcrumb"},"inLanguage":"en-GB","potentialAction":[{"@type":"ReadAction","target":["https:\/\/www.ledizioni.it\/en\/product\/mondo-la-fuori\/"]}]},{"@type":"ImageObject","inLanguage":"en-GB","@id":"https:\/\/www.ledizioni.it\/en\/product\/mondo-la-fuori\/#primaryimage","url":"https:\/\/www.ledizioni.it\/stag\/wp-content\/uploads\/2023\/06\/Copertina_Carati-3D.jpg","contentUrl":"https:\/\/www.ledizioni.it\/stag\/wp-content\/uploads\/2023\/06\/Copertina_Carati-3D.jpg","width":1504,"height":1980},{"@type":"BreadcrumbList","@id":"https:\/\/www.ledizioni.it\/en\/product\/mondo-la-fuori\/#breadcrumb","itemListElement":[{"@type":"ListItem","position":1,"name":"Shop","item":"https:\/\/www.ledizioni.it\/shop-2\/"},{"@type":"ListItem","position":2,"name":"IL MONDO L\u00c0 FUORI"}]},{"@type":"WebSite","@id":"https:\/\/www.ledizioni.it\/#website","url":"https:\/\/www.ledizioni.it\/","name":"Ledizioni","description":"The Innovative LediPublishing Company - Casa Editrice Universitaria","publisher":{"@id":"https:\/\/www.ledizioni.it\/#organization"},"potentialAction":[{"@type":"SearchAction","target":{"@type":"EntryPoint","urlTemplate":"https:\/\/www.ledizioni.it\/?s={search_term_string}"},"query-input":{"@type":"PropertyValueSpecification","valueRequired":true,"valueName":"search_term_string"}}],"inLanguage":"en-GB"},{"@type":"Organization","@id":"https:\/\/www.ledizioni.it\/#organization","name":"Ledizioni","url":"https:\/\/www.ledizioni.it\/","logo":{"@type":"ImageObject","inLanguage":"en-GB","@id":"https:\/\/www.ledizioni.it\/#\/schema\/logo\/image\/","url":"https:\/\/www.ledizioni.it\/stag\/wp-content\/uploads\/2023\/10\/newlogoledizioni500x110_2-1.jpg","contentUrl":"https:\/\/www.ledizioni.it\/stag\/wp-content\/uploads\/2023\/10\/newlogoledizioni500x110_2-1.jpg","width":354,"height":87,"caption":"Ledizioni"},"image":{"@id":"https:\/\/www.ledizioni.it\/#\/schema\/logo\/image\/"},"sameAs":["https:\/\/www.facebook.com\/pages\/Ledizioni-LediPublishing\/109120559173329","https:\/\/x.com\/ledizioni"]}]}},"jetpack_sharing_enabled":true,"_links":{"self":[{"href":"https:\/\/www.ledizioni.it\/en\/wp-json\/wp\/v2\/product\/56601","targetHints":{"allow":["GET"]}}],"collection":[{"href":"https:\/\/www.ledizioni.it\/en\/wp-json\/wp\/v2\/product"}],"about":[{"href":"https:\/\/www.ledizioni.it\/en\/wp-json\/wp\/v2\/types\/product"}],"replies":[{"embeddable":true,"href":"https:\/\/www.ledizioni.it\/en\/wp-json\/wp\/v2\/comments?post=56601"}],"version-history":[{"count":1,"href":"https:\/\/www.ledizioni.it\/en\/wp-json\/wp\/v2\/product\/56601\/revisions"}],"predecessor-version":[{"id":56748,"href":"https:\/\/www.ledizioni.it\/en\/wp-json\/wp\/v2\/product\/56601\/revisions\/56748"}],"wp:featuredmedia":[{"embeddable":true,"href":"https:\/\/www.ledizioni.it\/en\/wp-json\/wp\/v2\/media\/56602"}],"wp:attachment":[{"href":"https:\/\/www.ledizioni.it\/en\/wp-json\/wp\/v2\/media?parent=56601"}],"wp:term":[{"taxonomy":"product_brand","embeddable":true,"href":"https:\/\/www.ledizioni.it\/en\/wp-json\/wp\/v2\/product_brand?post=56601"},{"taxonomy":"product_cat","embeddable":true,"href":"https:\/\/www.ledizioni.it\/en\/wp-json\/wp\/v2\/product_cat?post=56601"},{"taxonomy":"product_tag","embeddable":true,"href":"https:\/\/www.ledizioni.it\/en\/wp-json\/wp\/v2\/product_tag?post=56601"}],"curies":[{"name":"wp","href":"https:\/\/api.w.org\/{rel}","templated":true}]}}