{"id":56735,"date":"2023-06-26T15:10:59","date_gmt":"2023-06-26T13:10:59","guid":{"rendered":"https:\/\/www.ledizioni.it\/?post_type=product&#038;p=56735"},"modified":"2025-11-07T15:07:31","modified_gmt":"2025-11-07T13:07:31","slug":"finzioni-testimoniali","status":"publish","type":"product","link":"https:\/\/www.ledizioni.it\/en\/product\/finzioni-testimoniali\/","title":{"rendered":"FINZIONI TESTIMONIALI"},"content":{"rendered":"<div data-elementor-type=\"product-post\" data-elementor-id=\"56735\" class=\"elementor elementor-56735\" data-elementor-post-type=\"product\">\n\t\t\t\t\t\t<section class=\"elementor-section elementor-top-section elementor-element elementor-element-33a8509c elementor-section-boxed elementor-section-height-default elementor-section-height-default wd-section-disabled\" data-id=\"33a8509c\" data-element_type=\"section\" data-e-type=\"section\">\n\t\t\t\t\t\t<div class=\"elementor-container elementor-column-gap-default\">\n\t\t\t\t\t<div class=\"elementor-column elementor-col-100 elementor-top-column elementor-element elementor-element-462d5386\" data-id=\"462d5386\" data-element_type=\"column\" data-e-type=\"column\">\n\t\t\t<div class=\"elementor-widget-wrap elementor-element-populated\">\n\t\t\t\t\t\t<div class=\"elementor-element elementor-element-bd96ce6 color-scheme-inherit text-left elementor-widget elementor-widget-text-editor\" data-id=\"bd96ce6\" data-element_type=\"widget\" data-e-type=\"widget\" data-widget_type=\"text-editor.default\">\n\t\t\t\t<div class=\"elementor-widget-container\">\n\t\t\t\t\t\t\t\t\t<p style=\"text-align: justify;\">Negli ultimi anni, si \u00e8 assistito a una straordinaria rinascita del romanzo storico. Da Sebald a Littell, da \u00c9nard a Janeczek, da Haenel a Tarabbia, da Amis a Falco: il nuovo millennio in letteratura si \u00e8 aperto con un ritorno sui luoghi delle pi\u00f9 atroci catastrofi del Novecento, in un\u2019opera di rilettura continua degli eventi che hanno orientato la nostra storia recente. In questo processo, salta agli occhi come un gran numero di testi abbia scelto di adottare il filtro della soggettivit\u00e0 vittimizzata, incrociando gli strumenti della finzione con gli stilemi e le posture tipiche della testimonianza.<br>Che cosa innesca questo ritorno sistematico tra le pieghe tragiche del nostro passato? Perch\u00e9 il racconto storico \u2013 discorso pubblico, se ce n\u2019\u00e8 uno \u2013 appare oggi sempre pi\u00f9 nelle vesti di racconto dell\u2019io? Quali effetti produce l\u2019incrocio tra la retorica persuasiva del testimone e gli artifici di marca romanzesca? Sono alcune delle domande alle quali il libro cerca di dare risposta. Attraverso un\u2019analisi narratologica incentrata sulle costanti e le varianti stilistico-formali delle finzioni testimoniali, si definiscono qui i contorni di un tempo infestato, il nostro tempo, sospeso tra la compulsione a interrogare ci\u00f2 che \u00e8 stato e la ricerca di un varco che porti al futuro.<\/p>\n<p><strong>DATI BIBLIOGRAFICI<\/strong><br>Autore: Andrea Suverato<br>Postfazione di: Federico Bertoni<br>Pubblicato nel: maggio 2023<br>Collana: <a href=\"https:\/\/www.ledizioni.it\/en\/product-category\/umanistici\/testi-e-testimonianze-di-critica-letteraria\/\">Testi e testimonianze di critica letteraria<\/a><br>Formato: brossura, 160 p. &#8211; PDF in OA &#8211; ePub<br>ISBN cartaceo: 9788855269612&nbsp;<br>ISBN ePub: 9791256000074<br>Prezzo cartaceo: 28,00 \u20ac<br>Prezzo ePub: 11,99 \u20ac<\/p>\t\t\t\t\t\t\t\t<\/div>\n\t\t\t\t<\/div>\n\t\t\t\t\t<\/div>\n\t\t<\/div>\n\t\t\t\t\t<\/div>\n\t\t<\/section>\n\t\t\t\t<section class=\"elementor-section elementor-top-section elementor-element elementor-element-419d6d3 elementor-section-boxed elementor-section-height-default elementor-section-height-default wd-section-disabled\" data-id=\"419d6d3\" data-element_type=\"section\" data-e-type=\"section\">\n\t\t\t\t\t\t<div class=\"elementor-container elementor-column-gap-default\">\n\t\t\t\t\t<div class=\"elementor-column elementor-col-100 elementor-top-column elementor-element elementor-element-ca9bc2a\" data-id=\"ca9bc2a\" data-element_type=\"column\" data-e-type=\"column\">\n\t\t\t<div class=\"elementor-widget-wrap elementor-element-populated\">\n\t\t\t\t\t\t<div class=\"elementor-element elementor-element-f8c56cb elementor-button-danger elementor-align-center elementor-widget elementor-widget-button\" data-id=\"f8c56cb\" data-element_type=\"widget\" data-e-type=\"widget\" data-widget_type=\"button.default\">\n\t\t\t\t<div class=\"elementor-widget-container\">\n\t\t\t\t\t\t\t\t\t<div class=\"elementor-button-wrapper\">\n\t\t\t\t\t<a class=\"elementor-button elementor-button-link elementor-size-sm\" href=\"http:\/\/www.ledizioni.it\/en\/download\/56762\/?tmstv=1687957163\">\n\t\t\t\t\t\t<span class=\"elementor-button-content-wrapper\">\n\t\t\t\t\t\t\t\t\t<span class=\"elementor-button-text\">Scarica il PDF Open Access<\/span>\n\t\t\t\t\t<\/span>\n\t\t\t\t\t<\/a>\n\t\t\t\t<\/div>\n\t\t\t\t\t\t\t\t<\/div>\n\t\t\t\t<\/div>\n\t\t\t\t\t<\/div>\n\t\t<\/div>\n\t\t\t\t\t<\/div>\n\t\t<\/section>\n\t\t\t\t<\/div>","protected":false},"excerpt":{"rendered":"<p>Negli ultimi anni, si \u00e8 assistito a una straordinaria rinascita del romanzo storico. Da Sebald a Littell, da \u00c9nard a<\/p>","protected":false},"featured_media":56738,"comment_status":"open","ping_status":"closed","template":"","meta":{"_acf_changed":false},"product_brand":[],"product_cat":[875],"product_tag":[1092,537,764,2334],"class_list":{"0":"post-56735","1":"product","2":"type-product","3":"status-publish","4":"has-post-thumbnail","6":"product_cat-testi-e-testimonianze-di-critica-letteraria","7":"product_tag-critica-letteraria","8":"product_tag-narrativa-2","9":"product_tag-open-access-2","10":"product_tag-storytelling","11":"pa_formato-cartaceo","12":"pa_formato-ebook-in-epub","13":"pa_formato-ebook-in-pdf","15":"first","16":"instock","17":"featured","18":"shipping-taxable","19":"purchasable","20":"product-type-variable"},"acf":[],"yoast_head":"<!-- This site is optimized with the Yoast SEO plugin v27.4 - https:\/\/yoast.com\/product\/yoast-seo-wordpress\/ -->\n<title>FINZIONI TESTIMONIALI -<\/title>\n<meta name=\"description\" content=\"Attraverso la ricostruzione del tessuto intertestuale ampio e complesso, il saggio segue i movimenti e le impennate del \u201cpensiero poetante\u201d di Giovanni Giudici.\" \/>\n<meta name=\"robots\" content=\"index, follow, max-snippet:-1, max-image-preview:large, max-video-preview:-1\" \/>\n<link rel=\"canonical\" href=\"https:\/\/www.ledizioni.it\/en\/product\/finzioni-testimoniali\/\" \/>\n<meta property=\"og:locale\" content=\"en_GB\" \/>\n<meta property=\"og:type\" content=\"article\" \/>\n<meta property=\"og:title\" content=\"FINZIONI TESTIMONIALI -\" \/>\n<meta property=\"og:description\" content=\"Attraverso la ricostruzione del tessuto intertestuale ampio e complesso, il saggio segue i movimenti e le impennate del \u201cpensiero poetante\u201d di Giovanni Giudici.\" \/>\n<meta property=\"og:url\" content=\"https:\/\/www.ledizioni.it\/en\/product\/finzioni-testimoniali\/\" \/>\n<meta property=\"og:site_name\" content=\"Ledizioni\" \/>\n<meta property=\"article:publisher\" content=\"https:\/\/www.facebook.com\/pages\/Ledizioni-LediPublishing\/109120559173329\" \/>\n<meta property=\"article:modified_time\" content=\"2025-11-07T13:07:31+00:00\" \/>\n<meta property=\"og:image\" content=\"https:\/\/www.ledizioni.it\/stag\/wp-content\/uploads\/2023\/06\/Copertina_Suverato-3D.jpg\" \/>\n\t<meta property=\"og:image:width\" content=\"1522\" \/>\n\t<meta property=\"og:image:height\" content=\"1980\" \/>\n\t<meta property=\"og:image:type\" content=\"image\/jpeg\" \/>\n<meta name=\"twitter:card\" content=\"summary_large_image\" \/>\n<meta name=\"twitter:site\" content=\"@ledizioni\" \/>\n<script type=\"application\/ld+json\" class=\"yoast-schema-graph\">{\"@context\":\"https:\\\/\\\/schema.org\",\"@graph\":[{\"@type\":\"WebPage\",\"@id\":\"https:\\\/\\\/www.ledizioni.it\\\/prodotto\\\/finzioni-testimoniali\\\/\",\"url\":\"https:\\\/\\\/www.ledizioni.it\\\/prodotto\\\/finzioni-testimoniali\\\/\",\"name\":\"FINZIONI TESTIMONIALI -\",\"isPartOf\":{\"@id\":\"https:\\\/\\\/www.ledizioni.it\\\/#website\"},\"primaryImageOfPage\":{\"@id\":\"https:\\\/\\\/www.ledizioni.it\\\/prodotto\\\/finzioni-testimoniali\\\/#primaryimage\"},\"image\":{\"@id\":\"https:\\\/\\\/www.ledizioni.it\\\/prodotto\\\/finzioni-testimoniali\\\/#primaryimage\"},\"thumbnailUrl\":\"https:\\\/\\\/www.ledizioni.it\\\/stag\\\/wp-content\\\/uploads\\\/2023\\\/06\\\/Copertina_Suverato-3D.jpg\",\"datePublished\":\"2023-06-26T13:10:59+00:00\",\"dateModified\":\"2025-11-07T13:07:31+00:00\",\"description\":\"Attraverso la ricostruzione del tessuto intertestuale ampio e complesso, il saggio segue i movimenti e le impennate del \u201cpensiero poetante\u201d di Giovanni Giudici.\",\"breadcrumb\":{\"@id\":\"https:\\\/\\\/www.ledizioni.it\\\/prodotto\\\/finzioni-testimoniali\\\/#breadcrumb\"},\"inLanguage\":\"en-GB\",\"potentialAction\":[{\"@type\":\"ReadAction\",\"target\":[\"https:\\\/\\\/www.ledizioni.it\\\/prodotto\\\/finzioni-testimoniali\\\/\"]}]},{\"@type\":\"ImageObject\",\"inLanguage\":\"en-GB\",\"@id\":\"https:\\\/\\\/www.ledizioni.it\\\/prodotto\\\/finzioni-testimoniali\\\/#primaryimage\",\"url\":\"https:\\\/\\\/www.ledizioni.it\\\/stag\\\/wp-content\\\/uploads\\\/2023\\\/06\\\/Copertina_Suverato-3D.jpg\",\"contentUrl\":\"https:\\\/\\\/www.ledizioni.it\\\/stag\\\/wp-content\\\/uploads\\\/2023\\\/06\\\/Copertina_Suverato-3D.jpg\",\"width\":1522,\"height\":1980},{\"@type\":\"BreadcrumbList\",\"@id\":\"https:\\\/\\\/www.ledizioni.it\\\/prodotto\\\/finzioni-testimoniali\\\/#breadcrumb\",\"itemListElement\":[{\"@type\":\"ListItem\",\"position\":1,\"name\":\"Shop\",\"item\":\"https:\\\/\\\/www.ledizioni.it\\\/shop-2\\\/\"},{\"@type\":\"ListItem\",\"position\":2,\"name\":\"FINZIONI TESTIMONIALI\"}]},{\"@type\":\"WebSite\",\"@id\":\"https:\\\/\\\/www.ledizioni.it\\\/#website\",\"url\":\"https:\\\/\\\/www.ledizioni.it\\\/\",\"name\":\"Ledizioni\",\"description\":\"The Innovative LediPublishing Company - Casa Editrice Universitaria\",\"publisher\":{\"@id\":\"https:\\\/\\\/www.ledizioni.it\\\/#organization\"},\"potentialAction\":[{\"@type\":\"SearchAction\",\"target\":{\"@type\":\"EntryPoint\",\"urlTemplate\":\"https:\\\/\\\/www.ledizioni.it\\\/?s={search_term_string}\"},\"query-input\":{\"@type\":\"PropertyValueSpecification\",\"valueRequired\":true,\"valueName\":\"search_term_string\"}}],\"inLanguage\":\"en-GB\"},{\"@type\":\"Organization\",\"@id\":\"https:\\\/\\\/www.ledizioni.it\\\/#organization\",\"name\":\"Ledizioni\",\"url\":\"https:\\\/\\\/www.ledizioni.it\\\/\",\"logo\":{\"@type\":\"ImageObject\",\"inLanguage\":\"en-GB\",\"@id\":\"https:\\\/\\\/www.ledizioni.it\\\/#\\\/schema\\\/logo\\\/image\\\/\",\"url\":\"https:\\\/\\\/www.ledizioni.it\\\/stag\\\/wp-content\\\/uploads\\\/2023\\\/10\\\/newlogoledizioni500x110_2-1.jpg\",\"contentUrl\":\"https:\\\/\\\/www.ledizioni.it\\\/stag\\\/wp-content\\\/uploads\\\/2023\\\/10\\\/newlogoledizioni500x110_2-1.jpg\",\"width\":354,\"height\":87,\"caption\":\"Ledizioni\"},\"image\":{\"@id\":\"https:\\\/\\\/www.ledizioni.it\\\/#\\\/schema\\\/logo\\\/image\\\/\"},\"sameAs\":[\"https:\\\/\\\/www.facebook.com\\\/pages\\\/Ledizioni-LediPublishing\\\/109120559173329\",\"https:\\\/\\\/x.com\\\/ledizioni\"]}]}<\/script>\n<!-- \/ Yoast SEO plugin. -->","yoast_head_json":{"title":"FINZIONI TESTIMONIALI -","description":"Attraverso la ricostruzione del tessuto intertestuale ampio e complesso, il saggio segue i movimenti e le impennate del \u201cpensiero poetante\u201d di Giovanni Giudici.","robots":{"index":"index","follow":"follow","max-snippet":"max-snippet:-1","max-image-preview":"max-image-preview:large","max-video-preview":"max-video-preview:-1"},"canonical":"https:\/\/www.ledizioni.it\/en\/product\/finzioni-testimoniali\/","og_locale":"en_GB","og_type":"article","og_title":"FINZIONI TESTIMONIALI -","og_description":"Attraverso la ricostruzione del tessuto intertestuale ampio e complesso, il saggio segue i movimenti e le impennate del \u201cpensiero poetante\u201d di Giovanni Giudici.","og_url":"https:\/\/www.ledizioni.it\/en\/product\/finzioni-testimoniali\/","og_site_name":"Ledizioni","article_publisher":"https:\/\/www.facebook.com\/pages\/Ledizioni-LediPublishing\/109120559173329","article_modified_time":"2025-11-07T13:07:31+00:00","og_image":[{"width":1522,"height":1980,"url":"https:\/\/www.ledizioni.it\/stag\/wp-content\/uploads\/2023\/06\/Copertina_Suverato-3D.jpg","type":"image\/jpeg"}],"twitter_card":"summary_large_image","twitter_site":"@ledizioni","schema":{"@context":"https:\/\/schema.org","@graph":[{"@type":"WebPage","@id":"https:\/\/www.ledizioni.it\/prodotto\/finzioni-testimoniali\/","url":"https:\/\/www.ledizioni.it\/prodotto\/finzioni-testimoniali\/","name":"FINZIONI TESTIMONIALI -","isPartOf":{"@id":"https:\/\/www.ledizioni.it\/#website"},"primaryImageOfPage":{"@id":"https:\/\/www.ledizioni.it\/prodotto\/finzioni-testimoniali\/#primaryimage"},"image":{"@id":"https:\/\/www.ledizioni.it\/prodotto\/finzioni-testimoniali\/#primaryimage"},"thumbnailUrl":"https:\/\/www.ledizioni.it\/stag\/wp-content\/uploads\/2023\/06\/Copertina_Suverato-3D.jpg","datePublished":"2023-06-26T13:10:59+00:00","dateModified":"2025-11-07T13:07:31+00:00","description":"Attraverso la ricostruzione del tessuto intertestuale ampio e complesso, il saggio segue i movimenti e le impennate del \u201cpensiero poetante\u201d di Giovanni Giudici.","breadcrumb":{"@id":"https:\/\/www.ledizioni.it\/prodotto\/finzioni-testimoniali\/#breadcrumb"},"inLanguage":"en-GB","potentialAction":[{"@type":"ReadAction","target":["https:\/\/www.ledizioni.it\/prodotto\/finzioni-testimoniali\/"]}]},{"@type":"ImageObject","inLanguage":"en-GB","@id":"https:\/\/www.ledizioni.it\/prodotto\/finzioni-testimoniali\/#primaryimage","url":"https:\/\/www.ledizioni.it\/stag\/wp-content\/uploads\/2023\/06\/Copertina_Suverato-3D.jpg","contentUrl":"https:\/\/www.ledizioni.it\/stag\/wp-content\/uploads\/2023\/06\/Copertina_Suverato-3D.jpg","width":1522,"height":1980},{"@type":"BreadcrumbList","@id":"https:\/\/www.ledizioni.it\/prodotto\/finzioni-testimoniali\/#breadcrumb","itemListElement":[{"@type":"ListItem","position":1,"name":"Shop","item":"https:\/\/www.ledizioni.it\/shop-2\/"},{"@type":"ListItem","position":2,"name":"FINZIONI TESTIMONIALI"}]},{"@type":"WebSite","@id":"https:\/\/www.ledizioni.it\/#website","url":"https:\/\/www.ledizioni.it\/","name":"Ledizioni","description":"The Innovative LediPublishing Company - Casa Editrice Universitaria","publisher":{"@id":"https:\/\/www.ledizioni.it\/#organization"},"potentialAction":[{"@type":"SearchAction","target":{"@type":"EntryPoint","urlTemplate":"https:\/\/www.ledizioni.it\/?s={search_term_string}"},"query-input":{"@type":"PropertyValueSpecification","valueRequired":true,"valueName":"search_term_string"}}],"inLanguage":"en-GB"},{"@type":"Organization","@id":"https:\/\/www.ledizioni.it\/#organization","name":"Ledizioni","url":"https:\/\/www.ledizioni.it\/","logo":{"@type":"ImageObject","inLanguage":"en-GB","@id":"https:\/\/www.ledizioni.it\/#\/schema\/logo\/image\/","url":"https:\/\/www.ledizioni.it\/stag\/wp-content\/uploads\/2023\/10\/newlogoledizioni500x110_2-1.jpg","contentUrl":"https:\/\/www.ledizioni.it\/stag\/wp-content\/uploads\/2023\/10\/newlogoledizioni500x110_2-1.jpg","width":354,"height":87,"caption":"Ledizioni"},"image":{"@id":"https:\/\/www.ledizioni.it\/#\/schema\/logo\/image\/"},"sameAs":["https:\/\/www.facebook.com\/pages\/Ledizioni-LediPublishing\/109120559173329","https:\/\/x.com\/ledizioni"]}]}},"jetpack_sharing_enabled":true,"_links":{"self":[{"href":"https:\/\/www.ledizioni.it\/en\/wp-json\/wp\/v2\/product\/56735","targetHints":{"allow":["GET"]}}],"collection":[{"href":"https:\/\/www.ledizioni.it\/en\/wp-json\/wp\/v2\/product"}],"about":[{"href":"https:\/\/www.ledizioni.it\/en\/wp-json\/wp\/v2\/types\/product"}],"replies":[{"embeddable":true,"href":"https:\/\/www.ledizioni.it\/en\/wp-json\/wp\/v2\/comments?post=56735"}],"version-history":[{"count":3,"href":"https:\/\/www.ledizioni.it\/en\/wp-json\/wp\/v2\/product\/56735\/revisions"}],"predecessor-version":[{"id":82726,"href":"https:\/\/www.ledizioni.it\/en\/wp-json\/wp\/v2\/product\/56735\/revisions\/82726"}],"wp:featuredmedia":[{"embeddable":true,"href":"https:\/\/www.ledizioni.it\/en\/wp-json\/wp\/v2\/media\/56738"}],"wp:attachment":[{"href":"https:\/\/www.ledizioni.it\/en\/wp-json\/wp\/v2\/media?parent=56735"}],"wp:term":[{"taxonomy":"product_brand","embeddable":true,"href":"https:\/\/www.ledizioni.it\/en\/wp-json\/wp\/v2\/product_brand?post=56735"},{"taxonomy":"product_cat","embeddable":true,"href":"https:\/\/www.ledizioni.it\/en\/wp-json\/wp\/v2\/product_cat?post=56735"},{"taxonomy":"product_tag","embeddable":true,"href":"https:\/\/www.ledizioni.it\/en\/wp-json\/wp\/v2\/product_tag?post=56735"}],"curies":[{"name":"wp","href":"https:\/\/api.w.org\/{rel}","templated":true}]}}