{"id":56758,"date":"2023-06-28T14:49:04","date_gmt":"2023-06-28T12:49:04","guid":{"rendered":"https:\/\/www.ledizioni.it\/?post_type=product&#038;p=56758"},"modified":"2023-06-28T14:54:11","modified_gmt":"2023-06-28T12:54:11","slug":"roberta-rambelli-fantascienza","status":"publish","type":"product","link":"https:\/\/www.ledizioni.it\/en\/product\/roberta-rambelli-fantascienza\/","title":{"rendered":"ROBERTA RAMBELLI E LA SUA FANTASCIENZA"},"content":{"rendered":"<p style=\"text-align: justify;\">Roberta Rambelli (1928-1996) \u00e8 stata una delle figure pi\u00f9 rappresentative della fantascienza italiana. Nella sua triplice attivit\u00e0 di scrittrice, curatrice editoriale e traduttrice ha avuto un ruolo chiave nello sviluppo e diffusione del genere e ha occupato una posizione preminente nella comunit\u00e0 fantascientifica almeno durante tutta la prima met\u00e0 degli anni Sessanta.<br \/>\nL\u2019analisi della sua traiettoria evidenzia un\u2019attivit\u00e0 che supera i limiti della fantascienza per incarnare simbolicamente le ansie, tensioni e desideri dell\u2019Italia \u201cmiracolata\u201d e \u201camericanizzata\u201d del boom economico, svelandone le crisi soggiacenti. Tuttavia, la sua rilevanza \u00e8 stata parzialmente oscurata da una serie di processi multifattoriali a cui ha concorso il reiterarsi di certe pratiche di esclusione e autoesclusione, frutto di relazioni di potere, pressioni famigliari, dissidi, invidie e, non ultimo, questioni di genere.<br \/>\nQuesto volume intende recuperare la sua figura e ricollocarla in una posizione di rilievo, colmando un vuoto critico e storiografico che ha finora impedito di riconoscerla come una delle voci pi\u00f9 interessanti e originali della letteratura di fantascienza e della cultura italiana.<\/p>\n<h3 id=\"tw-target-text\" class=\"tw-data-text vk_txt tw-ta tw-text-medium\" dir=\"ltr\" data-placeholder=\"Traduzione\"><strong><br \/>\nDATI BIBLIOGRAFICI<\/strong><\/h3>\n<p style=\"text-align: justify;\">Autore: Raul Ciannella<br \/>\nEditore: Ledizioni<br \/>\nCollana: <a href=\"https:\/\/www.ledizioni.it\/en\/product-category\/letteratura\/disegni\/\">Di\/Segni<\/a><br \/>\nFormato: Brossura, 285 p. &#8211; PDF in Open Access<br \/>\nPubblicato in: giugno 2023<br \/>\nISBN cartaceo: 9788855269292<br \/>\nPrezzo cartaceo: 28,00 \u20ac<\/p>","protected":false},"excerpt":{"rendered":"<p>Roberta Rambelli (1928-1996) \u00e8 stata una delle figure pi\u00f9 rappresentative della fantascienza italiana. Nella sua triplice attivit\u00e0 di scrittrice, curatrice<\/p>","protected":false},"featured_media":56761,"comment_status":"open","ping_status":"closed","template":"","meta":{"_acf_changed":false},"product_brand":[],"product_cat":[1080],"product_tag":[2043,840,764],"class_list":{"0":"post-56758","1":"product","2":"type-product","3":"status-publish","4":"has-post-thumbnail","6":"product_cat-disegni","7":"product_tag-fantascienza","8":"product_tag-letteratura-italiana","9":"product_tag-open-access-2","10":"pa_formato-cartaceo","11":"pa_formato-ebook-in-pdf","13":"first","14":"instock","15":"featured","16":"shipping-taxable","17":"purchasable","18":"product-type-variable"},"acf":[],"yoast_head":"<!-- This site is optimized with the Yoast SEO plugin v27.3 - https:\/\/yoast.com\/product\/yoast-seo-wordpress\/ -->\n<title>Roberta Rambelli e la sua fantascienza<\/title>\n<meta name=\"description\" content=\"Roberta Rambelli \u00e8 stata una delle figure pi\u00f9 rappresentative della fantascienza italiana e ha occupato una posizione preminente nella comunit\u00e0 fantascientifica negli anni Sessanta.\" \/>\n<meta name=\"robots\" content=\"index, follow, max-snippet:-1, max-image-preview:large, max-video-preview:-1\" \/>\n<link rel=\"canonical\" href=\"https:\/\/www.ledizioni.it\/en\/product\/roberta-rambelli-fantascienza\/\" \/>\n<meta property=\"og:locale\" content=\"en_GB\" \/>\n<meta property=\"og:type\" content=\"article\" \/>\n<meta property=\"og:title\" content=\"Roberta Rambelli e la sua fantascienza\" \/>\n<meta property=\"og:description\" content=\"Roberta Rambelli \u00e8 stata una delle figure pi\u00f9 rappresentative della fantascienza italiana e ha occupato una posizione preminente nella comunit\u00e0 fantascientifica negli anni Sessanta.\" \/>\n<meta property=\"og:url\" content=\"https:\/\/www.ledizioni.it\/en\/product\/roberta-rambelli-fantascienza\/\" \/>\n<meta property=\"og:site_name\" content=\"Ledizioni\" \/>\n<meta property=\"article:publisher\" content=\"https:\/\/www.facebook.com\/pages\/Ledizioni-LediPublishing\/109120559173329\" \/>\n<meta property=\"article:modified_time\" content=\"2023-06-28T12:54:11+00:00\" \/>\n<meta property=\"og:image\" content=\"https:\/\/www.ledizioni.it\/stag\/wp-content\/uploads\/2023\/06\/cover_Ciannella-3D.jpg\" \/>\n\t<meta property=\"og:image:width\" content=\"1486\" \/>\n\t<meta property=\"og:image:height\" content=\"1974\" \/>\n\t<meta property=\"og:image:type\" content=\"image\/jpeg\" \/>\n<meta name=\"twitter:card\" content=\"summary_large_image\" \/>\n<meta name=\"twitter:site\" content=\"@ledizioni\" \/>\n<meta name=\"twitter:label1\" content=\"Estimated reading time\" \/>\n\t<meta name=\"twitter:data1\" content=\"2 minutes\" \/>\n<script type=\"application\/ld+json\" class=\"yoast-schema-graph\">{\"@context\":\"https:\\\/\\\/schema.org\",\"@graph\":[{\"@type\":\"WebPage\",\"@id\":\"https:\\\/\\\/www.ledizioni.it\\\/prodotto\\\/roberta-rambelli-fantascienza\\\/\",\"url\":\"https:\\\/\\\/www.ledizioni.it\\\/prodotto\\\/roberta-rambelli-fantascienza\\\/\",\"name\":\"Roberta Rambelli e la sua fantascienza\",\"isPartOf\":{\"@id\":\"https:\\\/\\\/www.ledizioni.it\\\/#website\"},\"primaryImageOfPage\":{\"@id\":\"https:\\\/\\\/www.ledizioni.it\\\/prodotto\\\/roberta-rambelli-fantascienza\\\/#primaryimage\"},\"image\":{\"@id\":\"https:\\\/\\\/www.ledizioni.it\\\/prodotto\\\/roberta-rambelli-fantascienza\\\/#primaryimage\"},\"thumbnailUrl\":\"https:\\\/\\\/www.ledizioni.it\\\/stag\\\/wp-content\\\/uploads\\\/2023\\\/06\\\/cover_Ciannella-3D.jpg\",\"datePublished\":\"2023-06-28T12:49:04+00:00\",\"dateModified\":\"2023-06-28T12:54:11+00:00\",\"description\":\"Roberta Rambelli \u00e8 stata una delle figure pi\u00f9 rappresentative della fantascienza italiana e ha occupato una posizione preminente nella comunit\u00e0 fantascientifica negli anni Sessanta.\",\"breadcrumb\":{\"@id\":\"https:\\\/\\\/www.ledizioni.it\\\/prodotto\\\/roberta-rambelli-fantascienza\\\/#breadcrumb\"},\"inLanguage\":\"en-GB\",\"potentialAction\":[{\"@type\":\"ReadAction\",\"target\":[\"https:\\\/\\\/www.ledizioni.it\\\/prodotto\\\/roberta-rambelli-fantascienza\\\/\"]}]},{\"@type\":\"ImageObject\",\"inLanguage\":\"en-GB\",\"@id\":\"https:\\\/\\\/www.ledizioni.it\\\/prodotto\\\/roberta-rambelli-fantascienza\\\/#primaryimage\",\"url\":\"https:\\\/\\\/www.ledizioni.it\\\/stag\\\/wp-content\\\/uploads\\\/2023\\\/06\\\/cover_Ciannella-3D.jpg\",\"contentUrl\":\"https:\\\/\\\/www.ledizioni.it\\\/stag\\\/wp-content\\\/uploads\\\/2023\\\/06\\\/cover_Ciannella-3D.jpg\",\"width\":1486,\"height\":1974},{\"@type\":\"BreadcrumbList\",\"@id\":\"https:\\\/\\\/www.ledizioni.it\\\/prodotto\\\/roberta-rambelli-fantascienza\\\/#breadcrumb\",\"itemListElement\":[{\"@type\":\"ListItem\",\"position\":1,\"name\":\"Shop\",\"item\":\"https:\\\/\\\/www.ledizioni.it\\\/shop-2\\\/\"},{\"@type\":\"ListItem\",\"position\":2,\"name\":\"ROBERTA RAMBELLI E LA SUA FANTASCIENZA\"}]},{\"@type\":\"WebSite\",\"@id\":\"https:\\\/\\\/www.ledizioni.it\\\/#website\",\"url\":\"https:\\\/\\\/www.ledizioni.it\\\/\",\"name\":\"Ledizioni\",\"description\":\"The Innovative LediPublishing Company - Casa Editrice Universitaria\",\"publisher\":{\"@id\":\"https:\\\/\\\/www.ledizioni.it\\\/#organization\"},\"potentialAction\":[{\"@type\":\"SearchAction\",\"target\":{\"@type\":\"EntryPoint\",\"urlTemplate\":\"https:\\\/\\\/www.ledizioni.it\\\/?s={search_term_string}\"},\"query-input\":{\"@type\":\"PropertyValueSpecification\",\"valueRequired\":true,\"valueName\":\"search_term_string\"}}],\"inLanguage\":\"en-GB\"},{\"@type\":\"Organization\",\"@id\":\"https:\\\/\\\/www.ledizioni.it\\\/#organization\",\"name\":\"Ledizioni\",\"url\":\"https:\\\/\\\/www.ledizioni.it\\\/\",\"logo\":{\"@type\":\"ImageObject\",\"inLanguage\":\"en-GB\",\"@id\":\"https:\\\/\\\/www.ledizioni.it\\\/#\\\/schema\\\/logo\\\/image\\\/\",\"url\":\"https:\\\/\\\/www.ledizioni.it\\\/stag\\\/wp-content\\\/uploads\\\/2023\\\/10\\\/newlogoledizioni500x110_2-1.jpg\",\"contentUrl\":\"https:\\\/\\\/www.ledizioni.it\\\/stag\\\/wp-content\\\/uploads\\\/2023\\\/10\\\/newlogoledizioni500x110_2-1.jpg\",\"width\":354,\"height\":87,\"caption\":\"Ledizioni\"},\"image\":{\"@id\":\"https:\\\/\\\/www.ledizioni.it\\\/#\\\/schema\\\/logo\\\/image\\\/\"},\"sameAs\":[\"https:\\\/\\\/www.facebook.com\\\/pages\\\/Ledizioni-LediPublishing\\\/109120559173329\",\"https:\\\/\\\/x.com\\\/ledizioni\"]}]}<\/script>\n<!-- \/ Yoast SEO plugin. -->","yoast_head_json":{"title":"Roberta Rambelli e la sua fantascienza","description":"Roberta Rambelli \u00e8 stata una delle figure pi\u00f9 rappresentative della fantascienza italiana e ha occupato una posizione preminente nella comunit\u00e0 fantascientifica negli anni Sessanta.","robots":{"index":"index","follow":"follow","max-snippet":"max-snippet:-1","max-image-preview":"max-image-preview:large","max-video-preview":"max-video-preview:-1"},"canonical":"https:\/\/www.ledizioni.it\/en\/product\/roberta-rambelli-fantascienza\/","og_locale":"en_GB","og_type":"article","og_title":"Roberta Rambelli e la sua fantascienza","og_description":"Roberta Rambelli \u00e8 stata una delle figure pi\u00f9 rappresentative della fantascienza italiana e ha occupato una posizione preminente nella comunit\u00e0 fantascientifica negli anni Sessanta.","og_url":"https:\/\/www.ledizioni.it\/en\/product\/roberta-rambelli-fantascienza\/","og_site_name":"Ledizioni","article_publisher":"https:\/\/www.facebook.com\/pages\/Ledizioni-LediPublishing\/109120559173329","article_modified_time":"2023-06-28T12:54:11+00:00","og_image":[{"width":1486,"height":1974,"url":"https:\/\/www.ledizioni.it\/stag\/wp-content\/uploads\/2023\/06\/cover_Ciannella-3D.jpg","type":"image\/jpeg"}],"twitter_card":"summary_large_image","twitter_site":"@ledizioni","twitter_misc":{"Estimated reading time":"2 minutes"},"schema":{"@context":"https:\/\/schema.org","@graph":[{"@type":"WebPage","@id":"https:\/\/www.ledizioni.it\/prodotto\/roberta-rambelli-fantascienza\/","url":"https:\/\/www.ledizioni.it\/prodotto\/roberta-rambelli-fantascienza\/","name":"Roberta Rambelli e la sua fantascienza","isPartOf":{"@id":"https:\/\/www.ledizioni.it\/#website"},"primaryImageOfPage":{"@id":"https:\/\/www.ledizioni.it\/prodotto\/roberta-rambelli-fantascienza\/#primaryimage"},"image":{"@id":"https:\/\/www.ledizioni.it\/prodotto\/roberta-rambelli-fantascienza\/#primaryimage"},"thumbnailUrl":"https:\/\/www.ledizioni.it\/stag\/wp-content\/uploads\/2023\/06\/cover_Ciannella-3D.jpg","datePublished":"2023-06-28T12:49:04+00:00","dateModified":"2023-06-28T12:54:11+00:00","description":"Roberta Rambelli \u00e8 stata una delle figure pi\u00f9 rappresentative della fantascienza italiana e ha occupato una posizione preminente nella comunit\u00e0 fantascientifica negli anni Sessanta.","breadcrumb":{"@id":"https:\/\/www.ledizioni.it\/prodotto\/roberta-rambelli-fantascienza\/#breadcrumb"},"inLanguage":"en-GB","potentialAction":[{"@type":"ReadAction","target":["https:\/\/www.ledizioni.it\/prodotto\/roberta-rambelli-fantascienza\/"]}]},{"@type":"ImageObject","inLanguage":"en-GB","@id":"https:\/\/www.ledizioni.it\/prodotto\/roberta-rambelli-fantascienza\/#primaryimage","url":"https:\/\/www.ledizioni.it\/stag\/wp-content\/uploads\/2023\/06\/cover_Ciannella-3D.jpg","contentUrl":"https:\/\/www.ledizioni.it\/stag\/wp-content\/uploads\/2023\/06\/cover_Ciannella-3D.jpg","width":1486,"height":1974},{"@type":"BreadcrumbList","@id":"https:\/\/www.ledizioni.it\/prodotto\/roberta-rambelli-fantascienza\/#breadcrumb","itemListElement":[{"@type":"ListItem","position":1,"name":"Shop","item":"https:\/\/www.ledizioni.it\/shop-2\/"},{"@type":"ListItem","position":2,"name":"ROBERTA RAMBELLI E LA SUA FANTASCIENZA"}]},{"@type":"WebSite","@id":"https:\/\/www.ledizioni.it\/#website","url":"https:\/\/www.ledizioni.it\/","name":"Ledizioni","description":"The Innovative LediPublishing Company - Casa Editrice Universitaria","publisher":{"@id":"https:\/\/www.ledizioni.it\/#organization"},"potentialAction":[{"@type":"SearchAction","target":{"@type":"EntryPoint","urlTemplate":"https:\/\/www.ledizioni.it\/?s={search_term_string}"},"query-input":{"@type":"PropertyValueSpecification","valueRequired":true,"valueName":"search_term_string"}}],"inLanguage":"en-GB"},{"@type":"Organization","@id":"https:\/\/www.ledizioni.it\/#organization","name":"Ledizioni","url":"https:\/\/www.ledizioni.it\/","logo":{"@type":"ImageObject","inLanguage":"en-GB","@id":"https:\/\/www.ledizioni.it\/#\/schema\/logo\/image\/","url":"https:\/\/www.ledizioni.it\/stag\/wp-content\/uploads\/2023\/10\/newlogoledizioni500x110_2-1.jpg","contentUrl":"https:\/\/www.ledizioni.it\/stag\/wp-content\/uploads\/2023\/10\/newlogoledizioni500x110_2-1.jpg","width":354,"height":87,"caption":"Ledizioni"},"image":{"@id":"https:\/\/www.ledizioni.it\/#\/schema\/logo\/image\/"},"sameAs":["https:\/\/www.facebook.com\/pages\/Ledizioni-LediPublishing\/109120559173329","https:\/\/x.com\/ledizioni"]}]}},"jetpack_sharing_enabled":true,"_links":{"self":[{"href":"https:\/\/www.ledizioni.it\/en\/wp-json\/wp\/v2\/product\/56758","targetHints":{"allow":["GET"]}}],"collection":[{"href":"https:\/\/www.ledizioni.it\/en\/wp-json\/wp\/v2\/product"}],"about":[{"href":"https:\/\/www.ledizioni.it\/en\/wp-json\/wp\/v2\/types\/product"}],"replies":[{"embeddable":true,"href":"https:\/\/www.ledizioni.it\/en\/wp-json\/wp\/v2\/comments?post=56758"}],"version-history":[{"count":0,"href":"https:\/\/www.ledizioni.it\/en\/wp-json\/wp\/v2\/product\/56758\/revisions"}],"wp:featuredmedia":[{"embeddable":true,"href":"https:\/\/www.ledizioni.it\/en\/wp-json\/wp\/v2\/media\/56761"}],"wp:attachment":[{"href":"https:\/\/www.ledizioni.it\/en\/wp-json\/wp\/v2\/media?parent=56758"}],"wp:term":[{"taxonomy":"product_brand","embeddable":true,"href":"https:\/\/www.ledizioni.it\/en\/wp-json\/wp\/v2\/product_brand?post=56758"},{"taxonomy":"product_cat","embeddable":true,"href":"https:\/\/www.ledizioni.it\/en\/wp-json\/wp\/v2\/product_cat?post=56758"},{"taxonomy":"product_tag","embeddable":true,"href":"https:\/\/www.ledizioni.it\/en\/wp-json\/wp\/v2\/product_tag?post=56758"}],"curies":[{"name":"wp","href":"https:\/\/api.w.org\/{rel}","templated":true}]}}