{"id":57099,"date":"2023-07-24T09:49:33","date_gmt":"2023-07-24T07:49:33","guid":{"rendered":"https:\/\/www.ledizioni.it\/?post_type=product&#038;p=57099"},"modified":"2024-09-09T14:54:55","modified_gmt":"2024-09-09T12:54:55","slug":"con-scienza-e-virtu","status":"publish","type":"product","link":"https:\/\/www.ledizioni.it\/en\/product\/con-scienza-e-virtu\/","title":{"rendered":"CON SCIENZA E VIRT\u00d9"},"content":{"rendered":"<p style=\"text-align: justify;\">Maria Gaetana Agnesi non \u00e8 stata solo una scienziata, una donna di cristiana piet\u00e0, ma anche una grande personalit\u00e0 che con talento ha saputo rivestire ruoli importanti nella societ\u00e0 settecentesca che l\u2019hanno elevata con la sua intelligenza a essere ancora oggi attuale e d\u2019esempio.<\/p>\n<p><strong>DATI BIBLIOGRAFICI<\/strong><br \/>\nAutrice: Ilde Porcu<br \/>\nEditore: Ledizioni<br \/>\nPubblicato nel: luglio 2023<br \/>\nFormato: brossura, 316 p.<br \/>\nISBN: 9788855269988<br \/>\nPrezzo: 26,00 \u20ac<\/p>\n<p><a href=\"http:\/\/digital.casalini.it\/9788855269988\"><img decoding=\"async\" class=\"aligncenter wp-image-23912\" src=\"https:\/\/www.ledizioni.it\/stag\/wp-content\/uploads\/2019\/07\/torrossa_web-150x80.jpg\" alt=\"\" width=\"200\" height=\"60\" \/><\/a><\/p>","protected":false},"excerpt":{"rendered":"<p>Maria Gaetana Agnesi non \u00e8 stata solo una scienziata, una donna di cristiana piet\u00e0, ma anche una grande personalit\u00e0 che<\/p>","protected":false},"featured_media":57100,"comment_status":"open","ping_status":"closed","template":"","meta":{"_acf_changed":false},"product_brand":[],"product_cat":[2693],"product_tag":[2651,2909,2908,855],"class_list":{"0":"post-57099","1":"product","2":"type-product","3":"status-publish","4":"has-post-thumbnail","6":"product_cat-senza-categoria","7":"product_tag-cultura","8":"product_tag-maria-gaetana-agnesi","9":"product_tag-scienziate","10":"product_tag-settecento","12":"first","13":"instock","14":"featured","15":"shipping-taxable","16":"purchasable","17":"product-type-simple"},"acf":[],"yoast_head":"<!-- This site is optimized with the Yoast SEO plugin v27.4 - https:\/\/yoast.com\/product\/yoast-seo-wordpress\/ -->\n<title>CON SCIENZA E VIRT\u00d9 -<\/title>\n<meta name=\"description\" content=\"Maria Gaetana Agnesi non \u00e8 stata solo una scienziata, ma anche una grande personalit\u00e0 che ha saputo rivestire ruoli importanti nella societ\u00e0 settecentesca che l\u2019hanno elevata con la sua intelligenza a essere ancora oggi un esempio.\" \/>\n<meta name=\"robots\" content=\"index, follow, max-snippet:-1, max-image-preview:large, max-video-preview:-1\" \/>\n<link rel=\"canonical\" href=\"https:\/\/www.ledizioni.it\/en\/product\/con-scienza-e-virtu\/\" \/>\n<meta property=\"og:locale\" content=\"en_GB\" \/>\n<meta property=\"og:type\" content=\"article\" \/>\n<meta property=\"og:title\" content=\"CON SCIENZA E VIRT\u00d9 -\" \/>\n<meta property=\"og:description\" content=\"Maria Gaetana Agnesi non \u00e8 stata solo una scienziata, ma anche una grande personalit\u00e0 che ha saputo rivestire ruoli importanti nella societ\u00e0 settecentesca che l\u2019hanno elevata con la sua intelligenza a essere ancora oggi un esempio.\" \/>\n<meta property=\"og:url\" content=\"https:\/\/www.ledizioni.it\/en\/product\/con-scienza-e-virtu\/\" \/>\n<meta property=\"og:site_name\" content=\"Ledizioni\" \/>\n<meta property=\"article:publisher\" content=\"https:\/\/www.facebook.com\/pages\/Ledizioni-LediPublishing\/109120559173329\" \/>\n<meta property=\"article:modified_time\" content=\"2024-09-09T12:54:55+00:00\" \/>\n<meta property=\"og:image\" content=\"https:\/\/www.ledizioni.it\/stag\/wp-content\/uploads\/2023\/07\/Porcu-cover-3D.jpg\" \/>\n\t<meta property=\"og:image:width\" content=\"1578\" \/>\n\t<meta property=\"og:image:height\" content=\"1986\" \/>\n\t<meta property=\"og:image:type\" content=\"image\/jpeg\" \/>\n<meta name=\"twitter:card\" content=\"summary_large_image\" \/>\n<meta name=\"twitter:site\" content=\"@ledizioni\" \/>\n<meta name=\"twitter:label1\" content=\"Estimated reading time\" \/>\n\t<meta name=\"twitter:data1\" content=\"1 minute\" \/>\n<script type=\"application\/ld+json\" class=\"yoast-schema-graph\">{\"@context\":\"https:\\\/\\\/schema.org\",\"@graph\":[{\"@type\":\"WebPage\",\"@id\":\"https:\\\/\\\/www.ledizioni.it\\\/prodotto\\\/con-scienza-e-virtu\\\/\",\"url\":\"https:\\\/\\\/www.ledizioni.it\\\/prodotto\\\/con-scienza-e-virtu\\\/\",\"name\":\"CON SCIENZA E VIRT\u00d9 -\",\"isPartOf\":{\"@id\":\"https:\\\/\\\/www.ledizioni.it\\\/#website\"},\"primaryImageOfPage\":{\"@id\":\"https:\\\/\\\/www.ledizioni.it\\\/prodotto\\\/con-scienza-e-virtu\\\/#primaryimage\"},\"image\":{\"@id\":\"https:\\\/\\\/www.ledizioni.it\\\/prodotto\\\/con-scienza-e-virtu\\\/#primaryimage\"},\"thumbnailUrl\":\"https:\\\/\\\/www.ledizioni.it\\\/stag\\\/wp-content\\\/uploads\\\/2023\\\/07\\\/Porcu-cover-3D.jpg\",\"datePublished\":\"2023-07-24T07:49:33+00:00\",\"dateModified\":\"2024-09-09T12:54:55+00:00\",\"description\":\"Maria Gaetana Agnesi non \u00e8 stata solo una scienziata, ma anche una grande personalit\u00e0 che ha saputo rivestire ruoli importanti nella societ\u00e0 settecentesca che l\u2019hanno elevata con la sua intelligenza a essere ancora oggi un esempio.\",\"breadcrumb\":{\"@id\":\"https:\\\/\\\/www.ledizioni.it\\\/prodotto\\\/con-scienza-e-virtu\\\/#breadcrumb\"},\"inLanguage\":\"en-GB\",\"potentialAction\":[{\"@type\":\"ReadAction\",\"target\":[\"https:\\\/\\\/www.ledizioni.it\\\/prodotto\\\/con-scienza-e-virtu\\\/\"]}]},{\"@type\":\"ImageObject\",\"inLanguage\":\"en-GB\",\"@id\":\"https:\\\/\\\/www.ledizioni.it\\\/prodotto\\\/con-scienza-e-virtu\\\/#primaryimage\",\"url\":\"https:\\\/\\\/www.ledizioni.it\\\/stag\\\/wp-content\\\/uploads\\\/2023\\\/07\\\/Porcu-cover-3D.jpg\",\"contentUrl\":\"https:\\\/\\\/www.ledizioni.it\\\/stag\\\/wp-content\\\/uploads\\\/2023\\\/07\\\/Porcu-cover-3D.jpg\",\"width\":1578,\"height\":1986},{\"@type\":\"BreadcrumbList\",\"@id\":\"https:\\\/\\\/www.ledizioni.it\\\/prodotto\\\/con-scienza-e-virtu\\\/#breadcrumb\",\"itemListElement\":[{\"@type\":\"ListItem\",\"position\":1,\"name\":\"Shop\",\"item\":\"https:\\\/\\\/www.ledizioni.it\\\/shop-2\\\/\"},{\"@type\":\"ListItem\",\"position\":2,\"name\":\"CON SCIENZA E VIRT\u00d9\"}]},{\"@type\":\"WebSite\",\"@id\":\"https:\\\/\\\/www.ledizioni.it\\\/#website\",\"url\":\"https:\\\/\\\/www.ledizioni.it\\\/\",\"name\":\"Ledizioni\",\"description\":\"The Innovative LediPublishing Company - Casa Editrice Universitaria\",\"publisher\":{\"@id\":\"https:\\\/\\\/www.ledizioni.it\\\/#organization\"},\"potentialAction\":[{\"@type\":\"SearchAction\",\"target\":{\"@type\":\"EntryPoint\",\"urlTemplate\":\"https:\\\/\\\/www.ledizioni.it\\\/?s={search_term_string}\"},\"query-input\":{\"@type\":\"PropertyValueSpecification\",\"valueRequired\":true,\"valueName\":\"search_term_string\"}}],\"inLanguage\":\"en-GB\"},{\"@type\":\"Organization\",\"@id\":\"https:\\\/\\\/www.ledizioni.it\\\/#organization\",\"name\":\"Ledizioni\",\"url\":\"https:\\\/\\\/www.ledizioni.it\\\/\",\"logo\":{\"@type\":\"ImageObject\",\"inLanguage\":\"en-GB\",\"@id\":\"https:\\\/\\\/www.ledizioni.it\\\/#\\\/schema\\\/logo\\\/image\\\/\",\"url\":\"https:\\\/\\\/www.ledizioni.it\\\/stag\\\/wp-content\\\/uploads\\\/2023\\\/10\\\/newlogoledizioni500x110_2-1.jpg\",\"contentUrl\":\"https:\\\/\\\/www.ledizioni.it\\\/stag\\\/wp-content\\\/uploads\\\/2023\\\/10\\\/newlogoledizioni500x110_2-1.jpg\",\"width\":354,\"height\":87,\"caption\":\"Ledizioni\"},\"image\":{\"@id\":\"https:\\\/\\\/www.ledizioni.it\\\/#\\\/schema\\\/logo\\\/image\\\/\"},\"sameAs\":[\"https:\\\/\\\/www.facebook.com\\\/pages\\\/Ledizioni-LediPublishing\\\/109120559173329\",\"https:\\\/\\\/x.com\\\/ledizioni\"]}]}<\/script>\n<!-- \/ Yoast SEO plugin. -->","yoast_head_json":{"title":"CON SCIENZA E VIRT\u00d9 -","description":"Maria Gaetana Agnesi non \u00e8 stata solo una scienziata, ma anche una grande personalit\u00e0 che ha saputo rivestire ruoli importanti nella societ\u00e0 settecentesca che l\u2019hanno elevata con la sua intelligenza a essere ancora oggi un esempio.","robots":{"index":"index","follow":"follow","max-snippet":"max-snippet:-1","max-image-preview":"max-image-preview:large","max-video-preview":"max-video-preview:-1"},"canonical":"https:\/\/www.ledizioni.it\/en\/product\/con-scienza-e-virtu\/","og_locale":"en_GB","og_type":"article","og_title":"CON SCIENZA E VIRT\u00d9 -","og_description":"Maria Gaetana Agnesi non \u00e8 stata solo una scienziata, ma anche una grande personalit\u00e0 che ha saputo rivestire ruoli importanti nella societ\u00e0 settecentesca che l\u2019hanno elevata con la sua intelligenza a essere ancora oggi un esempio.","og_url":"https:\/\/www.ledizioni.it\/en\/product\/con-scienza-e-virtu\/","og_site_name":"Ledizioni","article_publisher":"https:\/\/www.facebook.com\/pages\/Ledizioni-LediPublishing\/109120559173329","article_modified_time":"2024-09-09T12:54:55+00:00","og_image":[{"width":1578,"height":1986,"url":"https:\/\/www.ledizioni.it\/stag\/wp-content\/uploads\/2023\/07\/Porcu-cover-3D.jpg","type":"image\/jpeg"}],"twitter_card":"summary_large_image","twitter_site":"@ledizioni","twitter_misc":{"Estimated reading time":"1 minute"},"schema":{"@context":"https:\/\/schema.org","@graph":[{"@type":"WebPage","@id":"https:\/\/www.ledizioni.it\/prodotto\/con-scienza-e-virtu\/","url":"https:\/\/www.ledizioni.it\/prodotto\/con-scienza-e-virtu\/","name":"CON SCIENZA E VIRT\u00d9 -","isPartOf":{"@id":"https:\/\/www.ledizioni.it\/#website"},"primaryImageOfPage":{"@id":"https:\/\/www.ledizioni.it\/prodotto\/con-scienza-e-virtu\/#primaryimage"},"image":{"@id":"https:\/\/www.ledizioni.it\/prodotto\/con-scienza-e-virtu\/#primaryimage"},"thumbnailUrl":"https:\/\/www.ledizioni.it\/stag\/wp-content\/uploads\/2023\/07\/Porcu-cover-3D.jpg","datePublished":"2023-07-24T07:49:33+00:00","dateModified":"2024-09-09T12:54:55+00:00","description":"Maria Gaetana Agnesi non \u00e8 stata solo una scienziata, ma anche una grande personalit\u00e0 che ha saputo rivestire ruoli importanti nella societ\u00e0 settecentesca che l\u2019hanno elevata con la sua intelligenza a essere ancora oggi un esempio.","breadcrumb":{"@id":"https:\/\/www.ledizioni.it\/prodotto\/con-scienza-e-virtu\/#breadcrumb"},"inLanguage":"en-GB","potentialAction":[{"@type":"ReadAction","target":["https:\/\/www.ledizioni.it\/prodotto\/con-scienza-e-virtu\/"]}]},{"@type":"ImageObject","inLanguage":"en-GB","@id":"https:\/\/www.ledizioni.it\/prodotto\/con-scienza-e-virtu\/#primaryimage","url":"https:\/\/www.ledizioni.it\/stag\/wp-content\/uploads\/2023\/07\/Porcu-cover-3D.jpg","contentUrl":"https:\/\/www.ledizioni.it\/stag\/wp-content\/uploads\/2023\/07\/Porcu-cover-3D.jpg","width":1578,"height":1986},{"@type":"BreadcrumbList","@id":"https:\/\/www.ledizioni.it\/prodotto\/con-scienza-e-virtu\/#breadcrumb","itemListElement":[{"@type":"ListItem","position":1,"name":"Shop","item":"https:\/\/www.ledizioni.it\/shop-2\/"},{"@type":"ListItem","position":2,"name":"CON SCIENZA E VIRT\u00d9"}]},{"@type":"WebSite","@id":"https:\/\/www.ledizioni.it\/#website","url":"https:\/\/www.ledizioni.it\/","name":"Ledizioni","description":"The Innovative LediPublishing Company - Casa Editrice Universitaria","publisher":{"@id":"https:\/\/www.ledizioni.it\/#organization"},"potentialAction":[{"@type":"SearchAction","target":{"@type":"EntryPoint","urlTemplate":"https:\/\/www.ledizioni.it\/?s={search_term_string}"},"query-input":{"@type":"PropertyValueSpecification","valueRequired":true,"valueName":"search_term_string"}}],"inLanguage":"en-GB"},{"@type":"Organization","@id":"https:\/\/www.ledizioni.it\/#organization","name":"Ledizioni","url":"https:\/\/www.ledizioni.it\/","logo":{"@type":"ImageObject","inLanguage":"en-GB","@id":"https:\/\/www.ledizioni.it\/#\/schema\/logo\/image\/","url":"https:\/\/www.ledizioni.it\/stag\/wp-content\/uploads\/2023\/10\/newlogoledizioni500x110_2-1.jpg","contentUrl":"https:\/\/www.ledizioni.it\/stag\/wp-content\/uploads\/2023\/10\/newlogoledizioni500x110_2-1.jpg","width":354,"height":87,"caption":"Ledizioni"},"image":{"@id":"https:\/\/www.ledizioni.it\/#\/schema\/logo\/image\/"},"sameAs":["https:\/\/www.facebook.com\/pages\/Ledizioni-LediPublishing\/109120559173329","https:\/\/x.com\/ledizioni"]}]}},"jetpack_sharing_enabled":true,"_links":{"self":[{"href":"https:\/\/www.ledizioni.it\/en\/wp-json\/wp\/v2\/product\/57099","targetHints":{"allow":["GET"]}}],"collection":[{"href":"https:\/\/www.ledizioni.it\/en\/wp-json\/wp\/v2\/product"}],"about":[{"href":"https:\/\/www.ledizioni.it\/en\/wp-json\/wp\/v2\/types\/product"}],"replies":[{"embeddable":true,"href":"https:\/\/www.ledizioni.it\/en\/wp-json\/wp\/v2\/comments?post=57099"}],"version-history":[{"count":1,"href":"https:\/\/www.ledizioni.it\/en\/wp-json\/wp\/v2\/product\/57099\/revisions"}],"predecessor-version":[{"id":67328,"href":"https:\/\/www.ledizioni.it\/en\/wp-json\/wp\/v2\/product\/57099\/revisions\/67328"}],"wp:featuredmedia":[{"embeddable":true,"href":"https:\/\/www.ledizioni.it\/en\/wp-json\/wp\/v2\/media\/57100"}],"wp:attachment":[{"href":"https:\/\/www.ledizioni.it\/en\/wp-json\/wp\/v2\/media?parent=57099"}],"wp:term":[{"taxonomy":"product_brand","embeddable":true,"href":"https:\/\/www.ledizioni.it\/en\/wp-json\/wp\/v2\/product_brand?post=57099"},{"taxonomy":"product_cat","embeddable":true,"href":"https:\/\/www.ledizioni.it\/en\/wp-json\/wp\/v2\/product_cat?post=57099"},{"taxonomy":"product_tag","embeddable":true,"href":"https:\/\/www.ledizioni.it\/en\/wp-json\/wp\/v2\/product_tag?post=57099"}],"curies":[{"name":"wp","href":"https:\/\/api.w.org\/{rel}","templated":true}]}}