{"id":58084,"date":"2023-10-19T12:10:48","date_gmt":"2023-10-19T10:10:48","guid":{"rendered":"https:\/\/www.ledizioni.it\/?post_type=product&#038;p=58084"},"modified":"2023-11-05T22:14:06","modified_gmt":"2023-11-05T20:14:06","slug":"africana-rivista-di-studi-extraeuropei-2023","status":"publish","type":"product","link":"https:\/\/www.ledizioni.it\/en\/product\/africana-rivista-di-studi-extraeuropei-2023\/","title":{"rendered":"Africana &#8211; Rivista di studi extraeuropei 2023"},"content":{"rendered":"<p>ISBN: <label> <\/label>9791256000241<br \/>\nISSN: 1592-9639<br \/>\nPrezzo cartaceo: 15,00\u00a0\u20ac<\/p>\n<p style=\"text-align: left;\"><strong>INDICE<\/strong><\/p>\n<ul>\n<li style=\"text-align: justify;\"><em>Le formiche di Mumbai<\/em>, Nadua Antonelli<\/li>\n<li style=\"text-align: justify;\"><em>I documenti segreti della CIA. Stati Uniti d\u2019America, Unione Sovietica e Rep. Pop. della Cina nei primi anni Sessanta, <\/em>Giovanni Armillotta<\/li>\n<li style=\"text-align: justify;\"><em>Il China-Pakistan Economic Corridor e la strategia della Cina di Xi Jinping in Asia Centrale<\/em>, Chiara d\u2019Auria<\/li>\n<li style=\"text-align: justify;\"><em>L\u2019arroganza della FIFA e il pragmatismo di Kim Il Sung. Le imbarazzanti qualificazioni all\u2019VIII Coppa del Mondo di calcio (1966),<\/em> Marco Bagozzi<\/li>\n<li style=\"text-align: justify;\"><em>La decadenza dell\u2019Impero Romano d\u2019Occidente, gli scrittori africani coevi, le invasioni barbarico-eurasiatiche ed i luoghi comuni ad esse collegati, <\/em>Vincenzo Bellini<\/li>\n<li style=\"text-align: justify;\"><em>Modernizzare l\u2019Islam o islamizzare la modernit\u00e0? Il post-islamismo come terza via, <\/em>Fulvio Bontempo<\/li>\n<li style=\"text-align: justify;\"><em>Il Brasile \u2018non esiste\u2019. I luoghi comuni dell\u2019italiano medio che offendono quel Paese,<\/em> Paolo De Simone<\/li>\n<li style=\"text-align: justify;\"><em>Tra Rep. Pop. della Cina e Giappone. Alla ricerca del modello asiatico<\/em>, Orazio Maria Gnerre<\/li>\n<li style=\"text-align: justify;\"><em>Elaborare la \u2018politica indigena\u2019. Gli esordi del fascismo in Libia tra propaganda e azione<\/em>, Federica Guazzini<\/li>\n<li style=\"text-align: justify;\"><em>Il mercato dei tabacchi delle Americhe nel Regno di Sardegna precavouriano<\/em>, Luca Lavarino<\/li>\n<li style=\"text-align: justify;\"><em>L\u2019ombra della Russia in Africa. Il ruolo della Compagnia Wagner tra interessi militari, geopolitici e finanziari<\/em>, Francesco Randazzo<\/li>\n<li style=\"text-align: justify;\"><em>La integraci\u00f3n ind\u00edgena a trav\u00e9s de la pol\u00edtica educativa en el gobierno cardenista (1936-1940)<\/em>, Lara Semboloni<\/li>\n<li style=\"text-align: justify;\"><em>La terza repubblica tunisina. Il fallimento della \u2018democrazia procedurale\u2019 e la vittoria del populismo dello za\u2018im<\/em>, Francesco Tamburini<\/li>\n<li><em>Pakistan e Repubblica Popolare della Cina sul palcoscenico della Conferenza di Bandung<\/em>, Francesco Valacchi<\/li>\n<li><em>Chinese modernization and the Two Sessions of 2023<\/em>, Giancarlo Elia Valori<\/li>\n<li><em>Cooperazione internazionale per lo sviluppo e veterinaria italiana<\/em>, Luciano Venturi<\/li>\n<\/ul>","protected":false},"excerpt":{"rendered":"<p>ISBN: 9791256000241 ISSN: 1592-9639 Prezzo cartaceo: 15,00\u00a0\u20ac INDICE Le formiche di Mumbai, Nadua Antonelli I documenti segreti della CIA. Stati<\/p>","protected":false},"featured_media":58085,"comment_status":"open","ping_status":"closed","template":"","meta":{"_acf_changed":false},"product_brand":[],"product_cat":[1303],"product_tag":[982,2261,2482,1865],"class_list":{"0":"post-58084","1":"product","2":"type-product","3":"status-publish","4":"has-post-thumbnail","6":"product_cat-africana","7":"product_tag-africa","8":"product_tag-asia","9":"product_tag-extraeuropa","10":"product_tag-medioriente","12":"first","13":"instock","14":"featured","15":"shipping-taxable","16":"purchasable","17":"product-type-simple"},"acf":[],"yoast_head":"<!-- This site is optimized with the Yoast SEO plugin v27.3 - https:\/\/yoast.com\/product\/yoast-seo-wordpress\/ -->\n<title>Africana - Rivista di studi extraeuropei 2023 -<\/title>\n<meta name=\"description\" content=\"Ledizioni - Innovative Publishing. Casa editrice universitaria. Open Access. eBook, ePub. Creative Commons.\" \/>\n<meta name=\"robots\" content=\"index, follow, max-snippet:-1, max-image-preview:large, max-video-preview:-1\" \/>\n<link rel=\"canonical\" href=\"https:\/\/www.ledizioni.it\/en\/product\/africana-rivista-di-studi-extraeuropei-2023\/\" \/>\n<meta property=\"og:locale\" content=\"en_GB\" \/>\n<meta property=\"og:type\" content=\"article\" \/>\n<meta property=\"og:title\" content=\"Africana - Rivista di studi extraeuropei 2023 -\" \/>\n<meta property=\"og:description\" content=\"Ledizioni - Innovative Publishing. Casa editrice universitaria. Open Access. eBook, ePub. Creative Commons.\" \/>\n<meta property=\"og:url\" content=\"https:\/\/www.ledizioni.it\/en\/product\/africana-rivista-di-studi-extraeuropei-2023\/\" \/>\n<meta property=\"og:site_name\" content=\"Ledizioni\" \/>\n<meta property=\"article:publisher\" content=\"https:\/\/www.facebook.com\/pages\/Ledizioni-LediPublishing\/109120559173329\" \/>\n<meta property=\"article:modified_time\" content=\"2023-11-05T20:14:06+00:00\" \/>\n<meta property=\"og:image\" content=\"https:\/\/www.ledizioni.it\/stag\/wp-content\/uploads\/2023\/10\/cover_Africana2023-3D.jpg\" \/>\n\t<meta property=\"og:image:width\" content=\"1516\" \/>\n\t<meta property=\"og:image:height\" content=\"2016\" \/>\n\t<meta property=\"og:image:type\" content=\"image\/jpeg\" \/>\n<meta name=\"twitter:card\" content=\"summary_large_image\" \/>\n<meta name=\"twitter:site\" content=\"@ledizioni\" \/>\n<meta name=\"twitter:label1\" content=\"Estimated reading time\" \/>\n\t<meta name=\"twitter:data1\" content=\"2 minutes\" \/>\n<script type=\"application\/ld+json\" class=\"yoast-schema-graph\">{\"@context\":\"https:\\\/\\\/schema.org\",\"@graph\":[{\"@type\":\"WebPage\",\"@id\":\"https:\\\/\\\/www.ledizioni.it\\\/en\\\/product\\\/africana-rivista-di-studi-extraeuropei-2023\\\/\",\"url\":\"https:\\\/\\\/www.ledizioni.it\\\/en\\\/product\\\/africana-rivista-di-studi-extraeuropei-2023\\\/\",\"name\":\"Africana - Rivista di studi extraeuropei 2023 -\",\"isPartOf\":{\"@id\":\"https:\\\/\\\/www.ledizioni.it\\\/#website\"},\"primaryImageOfPage\":{\"@id\":\"https:\\\/\\\/www.ledizioni.it\\\/en\\\/product\\\/africana-rivista-di-studi-extraeuropei-2023\\\/#primaryimage\"},\"image\":{\"@id\":\"https:\\\/\\\/www.ledizioni.it\\\/en\\\/product\\\/africana-rivista-di-studi-extraeuropei-2023\\\/#primaryimage\"},\"thumbnailUrl\":\"https:\\\/\\\/www.ledizioni.it\\\/stag\\\/wp-content\\\/uploads\\\/2023\\\/10\\\/cover_Africana2023-3D.jpg\",\"datePublished\":\"2023-10-19T10:10:48+00:00\",\"dateModified\":\"2023-11-05T20:14:06+00:00\",\"description\":\"Ledizioni - Innovative Publishing. Casa editrice universitaria. Open Access. eBook, ePub. Creative Commons.\",\"breadcrumb\":{\"@id\":\"https:\\\/\\\/www.ledizioni.it\\\/en\\\/product\\\/africana-rivista-di-studi-extraeuropei-2023\\\/#breadcrumb\"},\"inLanguage\":\"en-GB\",\"potentialAction\":[{\"@type\":\"ReadAction\",\"target\":[\"https:\\\/\\\/www.ledizioni.it\\\/en\\\/product\\\/africana-rivista-di-studi-extraeuropei-2023\\\/\"]}]},{\"@type\":\"ImageObject\",\"inLanguage\":\"en-GB\",\"@id\":\"https:\\\/\\\/www.ledizioni.it\\\/en\\\/product\\\/africana-rivista-di-studi-extraeuropei-2023\\\/#primaryimage\",\"url\":\"https:\\\/\\\/www.ledizioni.it\\\/stag\\\/wp-content\\\/uploads\\\/2023\\\/10\\\/cover_Africana2023-3D.jpg\",\"contentUrl\":\"https:\\\/\\\/www.ledizioni.it\\\/stag\\\/wp-content\\\/uploads\\\/2023\\\/10\\\/cover_Africana2023-3D.jpg\",\"width\":1516,\"height\":2016},{\"@type\":\"BreadcrumbList\",\"@id\":\"https:\\\/\\\/www.ledizioni.it\\\/en\\\/product\\\/africana-rivista-di-studi-extraeuropei-2023\\\/#breadcrumb\",\"itemListElement\":[{\"@type\":\"ListItem\",\"position\":1,\"name\":\"Shop\",\"item\":\"https:\\\/\\\/www.ledizioni.it\\\/shop-2\\\/\"},{\"@type\":\"ListItem\",\"position\":2,\"name\":\"Africana &#8211; Rivista di studi extraeuropei 2023\"}]},{\"@type\":\"WebSite\",\"@id\":\"https:\\\/\\\/www.ledizioni.it\\\/#website\",\"url\":\"https:\\\/\\\/www.ledizioni.it\\\/\",\"name\":\"Ledizioni\",\"description\":\"The Innovative LediPublishing Company - Casa Editrice Universitaria\",\"publisher\":{\"@id\":\"https:\\\/\\\/www.ledizioni.it\\\/#organization\"},\"potentialAction\":[{\"@type\":\"SearchAction\",\"target\":{\"@type\":\"EntryPoint\",\"urlTemplate\":\"https:\\\/\\\/www.ledizioni.it\\\/?s={search_term_string}\"},\"query-input\":{\"@type\":\"PropertyValueSpecification\",\"valueRequired\":true,\"valueName\":\"search_term_string\"}}],\"inLanguage\":\"en-GB\"},{\"@type\":\"Organization\",\"@id\":\"https:\\\/\\\/www.ledizioni.it\\\/#organization\",\"name\":\"Ledizioni\",\"url\":\"https:\\\/\\\/www.ledizioni.it\\\/\",\"logo\":{\"@type\":\"ImageObject\",\"inLanguage\":\"en-GB\",\"@id\":\"https:\\\/\\\/www.ledizioni.it\\\/#\\\/schema\\\/logo\\\/image\\\/\",\"url\":\"https:\\\/\\\/www.ledizioni.it\\\/stag\\\/wp-content\\\/uploads\\\/2023\\\/10\\\/newlogoledizioni500x110_2-1.jpg\",\"contentUrl\":\"https:\\\/\\\/www.ledizioni.it\\\/stag\\\/wp-content\\\/uploads\\\/2023\\\/10\\\/newlogoledizioni500x110_2-1.jpg\",\"width\":354,\"height\":87,\"caption\":\"Ledizioni\"},\"image\":{\"@id\":\"https:\\\/\\\/www.ledizioni.it\\\/#\\\/schema\\\/logo\\\/image\\\/\"},\"sameAs\":[\"https:\\\/\\\/www.facebook.com\\\/pages\\\/Ledizioni-LediPublishing\\\/109120559173329\",\"https:\\\/\\\/x.com\\\/ledizioni\"]}]}<\/script>\n<!-- \/ Yoast SEO plugin. -->","yoast_head_json":{"title":"Africana - Rivista di studi extraeuropei 2023 -","description":"Ledizioni - Innovative Publishing. Casa editrice universitaria. Open Access. eBook, ePub. Creative Commons.","robots":{"index":"index","follow":"follow","max-snippet":"max-snippet:-1","max-image-preview":"max-image-preview:large","max-video-preview":"max-video-preview:-1"},"canonical":"https:\/\/www.ledizioni.it\/en\/product\/africana-rivista-di-studi-extraeuropei-2023\/","og_locale":"en_GB","og_type":"article","og_title":"Africana - Rivista di studi extraeuropei 2023 -","og_description":"Ledizioni - Innovative Publishing. Casa editrice universitaria. Open Access. eBook, ePub. Creative Commons.","og_url":"https:\/\/www.ledizioni.it\/en\/product\/africana-rivista-di-studi-extraeuropei-2023\/","og_site_name":"Ledizioni","article_publisher":"https:\/\/www.facebook.com\/pages\/Ledizioni-LediPublishing\/109120559173329","article_modified_time":"2023-11-05T20:14:06+00:00","og_image":[{"width":1516,"height":2016,"url":"https:\/\/www.ledizioni.it\/stag\/wp-content\/uploads\/2023\/10\/cover_Africana2023-3D.jpg","type":"image\/jpeg"}],"twitter_card":"summary_large_image","twitter_site":"@ledizioni","twitter_misc":{"Estimated reading time":"2 minutes"},"schema":{"@context":"https:\/\/schema.org","@graph":[{"@type":"WebPage","@id":"https:\/\/www.ledizioni.it\/en\/product\/africana-rivista-di-studi-extraeuropei-2023\/","url":"https:\/\/www.ledizioni.it\/en\/product\/africana-rivista-di-studi-extraeuropei-2023\/","name":"Africana - Rivista di studi extraeuropei 2023 -","isPartOf":{"@id":"https:\/\/www.ledizioni.it\/#website"},"primaryImageOfPage":{"@id":"https:\/\/www.ledizioni.it\/en\/product\/africana-rivista-di-studi-extraeuropei-2023\/#primaryimage"},"image":{"@id":"https:\/\/www.ledizioni.it\/en\/product\/africana-rivista-di-studi-extraeuropei-2023\/#primaryimage"},"thumbnailUrl":"https:\/\/www.ledizioni.it\/stag\/wp-content\/uploads\/2023\/10\/cover_Africana2023-3D.jpg","datePublished":"2023-10-19T10:10:48+00:00","dateModified":"2023-11-05T20:14:06+00:00","description":"Ledizioni - Innovative Publishing. Casa editrice universitaria. Open Access. eBook, ePub. Creative Commons.","breadcrumb":{"@id":"https:\/\/www.ledizioni.it\/en\/product\/africana-rivista-di-studi-extraeuropei-2023\/#breadcrumb"},"inLanguage":"en-GB","potentialAction":[{"@type":"ReadAction","target":["https:\/\/www.ledizioni.it\/en\/product\/africana-rivista-di-studi-extraeuropei-2023\/"]}]},{"@type":"ImageObject","inLanguage":"en-GB","@id":"https:\/\/www.ledizioni.it\/en\/product\/africana-rivista-di-studi-extraeuropei-2023\/#primaryimage","url":"https:\/\/www.ledizioni.it\/stag\/wp-content\/uploads\/2023\/10\/cover_Africana2023-3D.jpg","contentUrl":"https:\/\/www.ledizioni.it\/stag\/wp-content\/uploads\/2023\/10\/cover_Africana2023-3D.jpg","width":1516,"height":2016},{"@type":"BreadcrumbList","@id":"https:\/\/www.ledizioni.it\/en\/product\/africana-rivista-di-studi-extraeuropei-2023\/#breadcrumb","itemListElement":[{"@type":"ListItem","position":1,"name":"Shop","item":"https:\/\/www.ledizioni.it\/shop-2\/"},{"@type":"ListItem","position":2,"name":"Africana &#8211; Rivista di studi extraeuropei 2023"}]},{"@type":"WebSite","@id":"https:\/\/www.ledizioni.it\/#website","url":"https:\/\/www.ledizioni.it\/","name":"Ledizioni","description":"The Innovative LediPublishing Company - Casa Editrice Universitaria","publisher":{"@id":"https:\/\/www.ledizioni.it\/#organization"},"potentialAction":[{"@type":"SearchAction","target":{"@type":"EntryPoint","urlTemplate":"https:\/\/www.ledizioni.it\/?s={search_term_string}"},"query-input":{"@type":"PropertyValueSpecification","valueRequired":true,"valueName":"search_term_string"}}],"inLanguage":"en-GB"},{"@type":"Organization","@id":"https:\/\/www.ledizioni.it\/#organization","name":"Ledizioni","url":"https:\/\/www.ledizioni.it\/","logo":{"@type":"ImageObject","inLanguage":"en-GB","@id":"https:\/\/www.ledizioni.it\/#\/schema\/logo\/image\/","url":"https:\/\/www.ledizioni.it\/stag\/wp-content\/uploads\/2023\/10\/newlogoledizioni500x110_2-1.jpg","contentUrl":"https:\/\/www.ledizioni.it\/stag\/wp-content\/uploads\/2023\/10\/newlogoledizioni500x110_2-1.jpg","width":354,"height":87,"caption":"Ledizioni"},"image":{"@id":"https:\/\/www.ledizioni.it\/#\/schema\/logo\/image\/"},"sameAs":["https:\/\/www.facebook.com\/pages\/Ledizioni-LediPublishing\/109120559173329","https:\/\/x.com\/ledizioni"]}]}},"jetpack_sharing_enabled":true,"_links":{"self":[{"href":"https:\/\/www.ledizioni.it\/en\/wp-json\/wp\/v2\/product\/58084","targetHints":{"allow":["GET"]}}],"collection":[{"href":"https:\/\/www.ledizioni.it\/en\/wp-json\/wp\/v2\/product"}],"about":[{"href":"https:\/\/www.ledizioni.it\/en\/wp-json\/wp\/v2\/types\/product"}],"replies":[{"embeddable":true,"href":"https:\/\/www.ledizioni.it\/en\/wp-json\/wp\/v2\/comments?post=58084"}],"version-history":[{"count":1,"href":"https:\/\/www.ledizioni.it\/en\/wp-json\/wp\/v2\/product\/58084\/revisions"}],"predecessor-version":[{"id":58086,"href":"https:\/\/www.ledizioni.it\/en\/wp-json\/wp\/v2\/product\/58084\/revisions\/58086"}],"wp:featuredmedia":[{"embeddable":true,"href":"https:\/\/www.ledizioni.it\/en\/wp-json\/wp\/v2\/media\/58085"}],"wp:attachment":[{"href":"https:\/\/www.ledizioni.it\/en\/wp-json\/wp\/v2\/media?parent=58084"}],"wp:term":[{"taxonomy":"product_brand","embeddable":true,"href":"https:\/\/www.ledizioni.it\/en\/wp-json\/wp\/v2\/product_brand?post=58084"},{"taxonomy":"product_cat","embeddable":true,"href":"https:\/\/www.ledizioni.it\/en\/wp-json\/wp\/v2\/product_cat?post=58084"},{"taxonomy":"product_tag","embeddable":true,"href":"https:\/\/www.ledizioni.it\/en\/wp-json\/wp\/v2\/product_tag?post=58084"}],"curies":[{"name":"wp","href":"https:\/\/api.w.org\/{rel}","templated":true}]}}