{"id":58159,"date":"2023-10-24T10:38:09","date_gmt":"2023-10-24T08:38:09","guid":{"rendered":"https:\/\/www.ledizioni.it\/?post_type=product&#038;p=58159"},"modified":"2024-05-09T11:21:18","modified_gmt":"2024-05-09T09:21:18","slug":"liminal-spaces-identity-transformations-south-asian","status":"publish","type":"product","link":"https:\/\/www.ledizioni.it\/en\/product\/liminal-spaces-identity-transformations-south-asian\/","title":{"rendered":"LIMINAL SPACES, AND IDENTITY TRANSFORMATIONS IN SOUTH ASIAN LITERATURES AND ARTS"},"content":{"rendered":"<div data-elementor-type=\"product-post\" data-elementor-id=\"58159\" class=\"elementor elementor-58159\" data-elementor-post-type=\"product\">\n\t\t\t\t\t\t<section class=\"elementor-section elementor-top-section elementor-element elementor-element-5e13e97c elementor-section-boxed elementor-section-height-default elementor-section-height-default wd-section-disabled\" data-id=\"5e13e97c\" data-element_type=\"section\" data-e-type=\"section\">\n\t\t\t\t\t\t<div class=\"elementor-container elementor-column-gap-default\">\n\t\t\t\t\t<div class=\"elementor-column elementor-col-100 elementor-top-column elementor-element elementor-element-26def927\" data-id=\"26def927\" data-element_type=\"column\" data-e-type=\"column\">\n\t\t\t<div class=\"elementor-widget-wrap elementor-element-populated\">\n\t\t\t\t\t\t<div class=\"elementor-element elementor-element-62d8a82a color-scheme-inherit text-left elementor-widget elementor-widget-text-editor\" data-id=\"62d8a82a\" data-element_type=\"widget\" data-e-type=\"widget\" data-widget_type=\"text-editor.default\">\n\t\t\t\t<div class=\"elementor-widget-container\">\n\t\t\t\t\t\t\t\t\t<div class=\"value\" style=\"text-align: justify;\"><div class=\"value\"><p>Il presente volume raccoglie 16 contributi, presentati in occasione dell\u2019International Seminar \u2018Liminal Spaces, and Identity Transformations in Indian Cultural History\u2019, tenutosi presso l\u2019Universit\u00e0 degli Studi di Milano nel 2019, quando si era inconsapevolmente sulla soglia di un cambiamento epocale. E in seguito, in quel tempo sospeso, che fu l\u2019esperienza pandemica, esplorare la liminalit\u00e0 come categoria del reale, applicata alla cultura indiana, specialmente all\u2019arte e alla letteratura, apparve un modo per affrontare quello stato emergenziale senza precedenti. E per quanto quest\u2019opera non pretenda di essere esaustiva, tuttavia l\u2019eterogeneit\u00e0 dei contributi \u00e8 in grado di offrire un approccio poliprospettico: in effetti il concetto stesso di liminalit\u00e0 implica molteplici interpretazioni, e proprio per questo appare essere una delle principali chiavi di lettura della complessit\u00e0 del reale, specialmente della civilt\u00e0 indiana, passata e presente. Arte e letteratura sono le lenti attraverso cui sono affrontate svariate tematiche antropologiche: in primo luogo, la ritualit\u00e0, secondo l\u2019approccio di van Gennep e Turner, ma anche l\u2019esperienza religiosa, il rapporto tra sovranit\u00e0 e violenza, la dialettica identitaria, le dinamiche sociali, l\u2019identit\u00e0 di genere, ecc. Proprio la letteratura e l\u2019arte attraverso parametri estetici propri riflettono le criticit\u00e0 di tali tematiche, come se poesia e opera d\u2019arte fossero in grado di amplificare la condizione liminale, transitoria e interstiziale come tale: in effetti esse stesse occupano una posizione liminale, trasversale a molteplici piani di realt\u00e0. E in questo volume tale potenziale \u2018liminale\u2019 di letteratura e arte \u00e8 ulteriormente intensificato: poesia e opera d\u2019arte sono qui espressione di una cultura come quella indiana, per noi \u00e8 gi\u00e0 emblema di liminalit\u00e0.<\/p><p>Infine, \u00e8 un grande onore dedicare questo volume alla memoria del Professor Alexander Dubyanskiy (1941\u20132020), eminente studioso di Letteratura Indiana, in particolare di poesia Tamil, che speriment\u00f2 in prima persona i molteplici aspetti della liminalit\u00e0 della cultura indiana e della vita.<\/p><\/div><\/div><div>\u00a0<\/div><p style=\"text-align: justify;\"><strong>DATI BIBLIOGRAFICI<\/strong><br \/>A cura di: Paola M. Rossi<br \/>Editore: <a href=\"https:\/\/www.ledizioni.it\/en\/product-category\/milanoup\/\">Milano University Press sezione Consonanze<\/a><br \/>Pubblicato in: ottobre 2023<br \/>Formato: brossura, 376 p.<br \/>ISBN stampa: 979-12-5510-077-5<br \/>Prezzo: 39,00 \u20ac<\/p>\t\t\t\t\t\t\t\t<\/div>\n\t\t\t\t<\/div>\n\t\t\t\t\t<\/div>\n\t\t<\/div>\n\t\t\t\t\t<\/div>\n\t\t<\/section>\n\t\t\t\t<section class=\"elementor-section elementor-top-section elementor-element elementor-element-f109527 elementor-section-boxed elementor-section-height-default elementor-section-height-default wd-section-disabled\" data-id=\"f109527\" data-element_type=\"section\" data-e-type=\"section\">\n\t\t\t\t\t\t<div class=\"elementor-container elementor-column-gap-default\">\n\t\t\t\t\t<div class=\"elementor-column elementor-col-100 elementor-top-column elementor-element elementor-element-b04d06e\" data-id=\"b04d06e\" data-element_type=\"column\" data-e-type=\"column\">\n\t\t\t<div class=\"elementor-widget-wrap elementor-element-populated\">\n\t\t\t\t\t\t<div class=\"elementor-element elementor-element-06c308f elementor-button-danger elementor-align-center elementor-widget elementor-widget-button\" data-id=\"06c308f\" data-element_type=\"widget\" data-e-type=\"widget\" data-widget_type=\"button.default\">\n\t\t\t\t<div class=\"elementor-widget-container\">\n\t\t\t\t\t\t\t\t\t<div class=\"elementor-button-wrapper\">\n\t\t\t\t\t<a class=\"elementor-button elementor-button-link elementor-size-sm\" href=\"https:\/\/libri.unimi.it\/index.php\/consonanze\/catalog\/book\/139\" target=\"_blank\">\n\t\t\t\t\t\t<span class=\"elementor-button-content-wrapper\">\n\t\t\t\t\t\t\t\t\t<span class=\"elementor-button-text\">Scarica in Open Access dal sito Milano University Press<\/span>\n\t\t\t\t\t<\/span>\n\t\t\t\t\t<\/a>\n\t\t\t\t<\/div>\n\t\t\t\t\t\t\t\t<\/div>\n\t\t\t\t<\/div>\n\t\t\t\t\t<\/div>\n\t\t<\/div>\n\t\t\t\t\t<\/div>\n\t\t<\/section>\n\t\t\t\t<\/div>","protected":false},"excerpt":{"rendered":"<p>Il presente volume raccoglie 16 contributi, presentati in occasione dell\u2019International Seminar \u2018Liminal Spaces, and Identity Transformations in Indian Cultural History\u2019,<\/p>","protected":false},"featured_media":58160,"comment_status":"open","ping_status":"closed","template":"","meta":{"_acf_changed":false},"product_brand":[],"product_cat":[1397,2336],"product_tag":[2937,2343,764],"class_list":{"0":"post-58159","1":"product","2":"type-product","3":"status-publish","4":"has-post-thumbnail","6":"product_cat-consonanze","7":"product_cat-milanoup","8":"product_tag-indologia","9":"product_tag-milano-university-press","10":"product_tag-open-access-2","12":"first","13":"instock","14":"featured","15":"shipping-taxable","16":"purchasable","17":"product-type-simple"},"acf":[],"yoast_head":"<!-- This site is optimized with the Yoast SEO plugin v27.4 - https:\/\/yoast.com\/product\/yoast-seo-wordpress\/ -->\n<title>LIMINAL SPACES, AND IDENTITY TRANSFORMATIONS IN SOUTH ASIAN LITERATURES AND ARTS -<\/title>\n<meta name=\"description\" content=\"Ledizioni - Innovative Publishing. Casa editrice universitaria. Open Access. eBook, ePub. Creative Commons.\" \/>\n<meta name=\"robots\" content=\"index, follow, max-snippet:-1, max-image-preview:large, max-video-preview:-1\" \/>\n<link rel=\"canonical\" href=\"https:\/\/www.ledizioni.it\/en\/product\/liminal-spaces-identity-transformations-south-asian\/\" \/>\n<meta property=\"og:locale\" content=\"en_GB\" \/>\n<meta property=\"og:type\" content=\"article\" \/>\n<meta property=\"og:title\" content=\"LIMINAL SPACES, AND IDENTITY TRANSFORMATIONS IN SOUTH ASIAN LITERATURES AND ARTS -\" \/>\n<meta property=\"og:description\" content=\"Ledizioni - Innovative Publishing. Casa editrice universitaria. Open Access. eBook, ePub. Creative Commons.\" \/>\n<meta property=\"og:url\" content=\"https:\/\/www.ledizioni.it\/en\/product\/liminal-spaces-identity-transformations-south-asian\/\" \/>\n<meta property=\"og:site_name\" content=\"Ledizioni\" \/>\n<meta property=\"article:publisher\" content=\"https:\/\/www.facebook.com\/pages\/Ledizioni-LediPublishing\/109120559173329\" \/>\n<meta property=\"article:modified_time\" content=\"2024-05-09T09:21:18+00:00\" \/>\n<meta property=\"og:image\" content=\"https:\/\/www.ledizioni.it\/stag\/wp-content\/uploads\/2023\/10\/COP_rossi-consonanze-3D.jpg\" \/>\n\t<meta property=\"og:image:width\" content=\"1578\" \/>\n\t<meta property=\"og:image:height\" content=\"1974\" \/>\n\t<meta property=\"og:image:type\" content=\"image\/jpeg\" \/>\n<meta name=\"twitter:card\" content=\"summary_large_image\" \/>\n<meta name=\"twitter:site\" content=\"@ledizioni\" \/>\n<meta name=\"twitter:label1\" content=\"Estimated reading time\" \/>\n\t<meta name=\"twitter:data1\" content=\"2 minutes\" \/>\n<script type=\"application\/ld+json\" class=\"yoast-schema-graph\">{\"@context\":\"https:\\\/\\\/schema.org\",\"@graph\":[{\"@type\":\"WebPage\",\"@id\":\"https:\\\/\\\/www.ledizioni.it\\\/en\\\/product\\\/liminal-spaces-identity-transformations-south-asian\\\/\",\"url\":\"https:\\\/\\\/www.ledizioni.it\\\/en\\\/product\\\/liminal-spaces-identity-transformations-south-asian\\\/\",\"name\":\"LIMINAL SPACES, AND IDENTITY TRANSFORMATIONS IN SOUTH ASIAN LITERATURES AND ARTS -\",\"isPartOf\":{\"@id\":\"https:\\\/\\\/www.ledizioni.it\\\/#website\"},\"primaryImageOfPage\":{\"@id\":\"https:\\\/\\\/www.ledizioni.it\\\/en\\\/product\\\/liminal-spaces-identity-transformations-south-asian\\\/#primaryimage\"},\"image\":{\"@id\":\"https:\\\/\\\/www.ledizioni.it\\\/en\\\/product\\\/liminal-spaces-identity-transformations-south-asian\\\/#primaryimage\"},\"thumbnailUrl\":\"https:\\\/\\\/www.ledizioni.it\\\/stag\\\/wp-content\\\/uploads\\\/2023\\\/10\\\/COP_rossi-consonanze-3D.jpg\",\"datePublished\":\"2023-10-24T08:38:09+00:00\",\"dateModified\":\"2024-05-09T09:21:18+00:00\",\"description\":\"Ledizioni - Innovative Publishing. Casa editrice universitaria. Open Access. eBook, ePub. Creative Commons.\",\"breadcrumb\":{\"@id\":\"https:\\\/\\\/www.ledizioni.it\\\/en\\\/product\\\/liminal-spaces-identity-transformations-south-asian\\\/#breadcrumb\"},\"inLanguage\":\"en-GB\",\"potentialAction\":[{\"@type\":\"ReadAction\",\"target\":[\"https:\\\/\\\/www.ledizioni.it\\\/en\\\/product\\\/liminal-spaces-identity-transformations-south-asian\\\/\"]}]},{\"@type\":\"ImageObject\",\"inLanguage\":\"en-GB\",\"@id\":\"https:\\\/\\\/www.ledizioni.it\\\/en\\\/product\\\/liminal-spaces-identity-transformations-south-asian\\\/#primaryimage\",\"url\":\"https:\\\/\\\/www.ledizioni.it\\\/stag\\\/wp-content\\\/uploads\\\/2023\\\/10\\\/COP_rossi-consonanze-3D.jpg\",\"contentUrl\":\"https:\\\/\\\/www.ledizioni.it\\\/stag\\\/wp-content\\\/uploads\\\/2023\\\/10\\\/COP_rossi-consonanze-3D.jpg\",\"width\":1578,\"height\":1974},{\"@type\":\"BreadcrumbList\",\"@id\":\"https:\\\/\\\/www.ledizioni.it\\\/en\\\/product\\\/liminal-spaces-identity-transformations-south-asian\\\/#breadcrumb\",\"itemListElement\":[{\"@type\":\"ListItem\",\"position\":1,\"name\":\"Shop\",\"item\":\"https:\\\/\\\/www.ledizioni.it\\\/shop-2\\\/\"},{\"@type\":\"ListItem\",\"position\":2,\"name\":\"LIMINAL SPACES, AND IDENTITY TRANSFORMATIONS IN SOUTH ASIAN LITERATURES AND ARTS\"}]},{\"@type\":\"WebSite\",\"@id\":\"https:\\\/\\\/www.ledizioni.it\\\/#website\",\"url\":\"https:\\\/\\\/www.ledizioni.it\\\/\",\"name\":\"Ledizioni\",\"description\":\"The Innovative LediPublishing Company - Casa Editrice Universitaria\",\"publisher\":{\"@id\":\"https:\\\/\\\/www.ledizioni.it\\\/#organization\"},\"potentialAction\":[{\"@type\":\"SearchAction\",\"target\":{\"@type\":\"EntryPoint\",\"urlTemplate\":\"https:\\\/\\\/www.ledizioni.it\\\/?s={search_term_string}\"},\"query-input\":{\"@type\":\"PropertyValueSpecification\",\"valueRequired\":true,\"valueName\":\"search_term_string\"}}],\"inLanguage\":\"en-GB\"},{\"@type\":\"Organization\",\"@id\":\"https:\\\/\\\/www.ledizioni.it\\\/#organization\",\"name\":\"Ledizioni\",\"url\":\"https:\\\/\\\/www.ledizioni.it\\\/\",\"logo\":{\"@type\":\"ImageObject\",\"inLanguage\":\"en-GB\",\"@id\":\"https:\\\/\\\/www.ledizioni.it\\\/#\\\/schema\\\/logo\\\/image\\\/\",\"url\":\"https:\\\/\\\/www.ledizioni.it\\\/stag\\\/wp-content\\\/uploads\\\/2023\\\/10\\\/newlogoledizioni500x110_2-1.jpg\",\"contentUrl\":\"https:\\\/\\\/www.ledizioni.it\\\/stag\\\/wp-content\\\/uploads\\\/2023\\\/10\\\/newlogoledizioni500x110_2-1.jpg\",\"width\":354,\"height\":87,\"caption\":\"Ledizioni\"},\"image\":{\"@id\":\"https:\\\/\\\/www.ledizioni.it\\\/#\\\/schema\\\/logo\\\/image\\\/\"},\"sameAs\":[\"https:\\\/\\\/www.facebook.com\\\/pages\\\/Ledizioni-LediPublishing\\\/109120559173329\",\"https:\\\/\\\/x.com\\\/ledizioni\"]}]}<\/script>\n<!-- \/ Yoast SEO plugin. -->","yoast_head_json":{"title":"LIMINAL SPACES, AND IDENTITY TRANSFORMATIONS IN SOUTH ASIAN LITERATURES AND ARTS -","description":"Ledizioni - Innovative Publishing. Casa editrice universitaria. Open Access. eBook, ePub. Creative Commons.","robots":{"index":"index","follow":"follow","max-snippet":"max-snippet:-1","max-image-preview":"max-image-preview:large","max-video-preview":"max-video-preview:-1"},"canonical":"https:\/\/www.ledizioni.it\/en\/product\/liminal-spaces-identity-transformations-south-asian\/","og_locale":"en_GB","og_type":"article","og_title":"LIMINAL SPACES, AND IDENTITY TRANSFORMATIONS IN SOUTH ASIAN LITERATURES AND ARTS -","og_description":"Ledizioni - Innovative Publishing. Casa editrice universitaria. Open Access. eBook, ePub. Creative Commons.","og_url":"https:\/\/www.ledizioni.it\/en\/product\/liminal-spaces-identity-transformations-south-asian\/","og_site_name":"Ledizioni","article_publisher":"https:\/\/www.facebook.com\/pages\/Ledizioni-LediPublishing\/109120559173329","article_modified_time":"2024-05-09T09:21:18+00:00","og_image":[{"width":1578,"height":1974,"url":"https:\/\/www.ledizioni.it\/stag\/wp-content\/uploads\/2023\/10\/COP_rossi-consonanze-3D.jpg","type":"image\/jpeg"}],"twitter_card":"summary_large_image","twitter_site":"@ledizioni","twitter_misc":{"Estimated reading time":"2 minutes"},"schema":{"@context":"https:\/\/schema.org","@graph":[{"@type":"WebPage","@id":"https:\/\/www.ledizioni.it\/en\/product\/liminal-spaces-identity-transformations-south-asian\/","url":"https:\/\/www.ledizioni.it\/en\/product\/liminal-spaces-identity-transformations-south-asian\/","name":"LIMINAL SPACES, AND IDENTITY TRANSFORMATIONS IN SOUTH ASIAN LITERATURES AND ARTS -","isPartOf":{"@id":"https:\/\/www.ledizioni.it\/#website"},"primaryImageOfPage":{"@id":"https:\/\/www.ledizioni.it\/en\/product\/liminal-spaces-identity-transformations-south-asian\/#primaryimage"},"image":{"@id":"https:\/\/www.ledizioni.it\/en\/product\/liminal-spaces-identity-transformations-south-asian\/#primaryimage"},"thumbnailUrl":"https:\/\/www.ledizioni.it\/stag\/wp-content\/uploads\/2023\/10\/COP_rossi-consonanze-3D.jpg","datePublished":"2023-10-24T08:38:09+00:00","dateModified":"2024-05-09T09:21:18+00:00","description":"Ledizioni - Innovative Publishing. Casa editrice universitaria. Open Access. eBook, ePub. Creative Commons.","breadcrumb":{"@id":"https:\/\/www.ledizioni.it\/en\/product\/liminal-spaces-identity-transformations-south-asian\/#breadcrumb"},"inLanguage":"en-GB","potentialAction":[{"@type":"ReadAction","target":["https:\/\/www.ledizioni.it\/en\/product\/liminal-spaces-identity-transformations-south-asian\/"]}]},{"@type":"ImageObject","inLanguage":"en-GB","@id":"https:\/\/www.ledizioni.it\/en\/product\/liminal-spaces-identity-transformations-south-asian\/#primaryimage","url":"https:\/\/www.ledizioni.it\/stag\/wp-content\/uploads\/2023\/10\/COP_rossi-consonanze-3D.jpg","contentUrl":"https:\/\/www.ledizioni.it\/stag\/wp-content\/uploads\/2023\/10\/COP_rossi-consonanze-3D.jpg","width":1578,"height":1974},{"@type":"BreadcrumbList","@id":"https:\/\/www.ledizioni.it\/en\/product\/liminal-spaces-identity-transformations-south-asian\/#breadcrumb","itemListElement":[{"@type":"ListItem","position":1,"name":"Shop","item":"https:\/\/www.ledizioni.it\/shop-2\/"},{"@type":"ListItem","position":2,"name":"LIMINAL SPACES, AND IDENTITY TRANSFORMATIONS IN SOUTH ASIAN LITERATURES AND ARTS"}]},{"@type":"WebSite","@id":"https:\/\/www.ledizioni.it\/#website","url":"https:\/\/www.ledizioni.it\/","name":"Ledizioni","description":"The Innovative LediPublishing Company - Casa Editrice Universitaria","publisher":{"@id":"https:\/\/www.ledizioni.it\/#organization"},"potentialAction":[{"@type":"SearchAction","target":{"@type":"EntryPoint","urlTemplate":"https:\/\/www.ledizioni.it\/?s={search_term_string}"},"query-input":{"@type":"PropertyValueSpecification","valueRequired":true,"valueName":"search_term_string"}}],"inLanguage":"en-GB"},{"@type":"Organization","@id":"https:\/\/www.ledizioni.it\/#organization","name":"Ledizioni","url":"https:\/\/www.ledizioni.it\/","logo":{"@type":"ImageObject","inLanguage":"en-GB","@id":"https:\/\/www.ledizioni.it\/#\/schema\/logo\/image\/","url":"https:\/\/www.ledizioni.it\/stag\/wp-content\/uploads\/2023\/10\/newlogoledizioni500x110_2-1.jpg","contentUrl":"https:\/\/www.ledizioni.it\/stag\/wp-content\/uploads\/2023\/10\/newlogoledizioni500x110_2-1.jpg","width":354,"height":87,"caption":"Ledizioni"},"image":{"@id":"https:\/\/www.ledizioni.it\/#\/schema\/logo\/image\/"},"sameAs":["https:\/\/www.facebook.com\/pages\/Ledizioni-LediPublishing\/109120559173329","https:\/\/x.com\/ledizioni"]}]}},"jetpack_sharing_enabled":true,"_links":{"self":[{"href":"https:\/\/www.ledizioni.it\/en\/wp-json\/wp\/v2\/product\/58159","targetHints":{"allow":["GET"]}}],"collection":[{"href":"https:\/\/www.ledizioni.it\/en\/wp-json\/wp\/v2\/product"}],"about":[{"href":"https:\/\/www.ledizioni.it\/en\/wp-json\/wp\/v2\/types\/product"}],"replies":[{"embeddable":true,"href":"https:\/\/www.ledizioni.it\/en\/wp-json\/wp\/v2\/comments?post=58159"}],"version-history":[{"count":11,"href":"https:\/\/www.ledizioni.it\/en\/wp-json\/wp\/v2\/product\/58159\/revisions"}],"predecessor-version":[{"id":65005,"href":"https:\/\/www.ledizioni.it\/en\/wp-json\/wp\/v2\/product\/58159\/revisions\/65005"}],"wp:featuredmedia":[{"embeddable":true,"href":"https:\/\/www.ledizioni.it\/en\/wp-json\/wp\/v2\/media\/58160"}],"wp:attachment":[{"href":"https:\/\/www.ledizioni.it\/en\/wp-json\/wp\/v2\/media?parent=58159"}],"wp:term":[{"taxonomy":"product_brand","embeddable":true,"href":"https:\/\/www.ledizioni.it\/en\/wp-json\/wp\/v2\/product_brand?post=58159"},{"taxonomy":"product_cat","embeddable":true,"href":"https:\/\/www.ledizioni.it\/en\/wp-json\/wp\/v2\/product_cat?post=58159"},{"taxonomy":"product_tag","embeddable":true,"href":"https:\/\/www.ledizioni.it\/en\/wp-json\/wp\/v2\/product_tag?post=58159"}],"curies":[{"name":"wp","href":"https:\/\/api.w.org\/{rel}","templated":true}]}}